{"id":11066,"date":"2023-03-21T10:24:21","date_gmt":"2023-03-21T09:24:21","guid":{"rendered":"https:\/\/wordpress-test.app.u-pariscite.fr\/etudes-anglophones\/?page_id=11066"},"modified":"2023-03-21T10:28:39","modified_gmt":"2023-03-21T09:28:39","slug":"inscriptions-pedagogiques","status":"publish","type":"page","link":"https:\/\/wordpress-test.app.u-pariscite.fr\/etudes-anglophones\/inscriptions-pedagogiques\/","title":{"rendered":"Inscriptions p\u00e9dagogiques"},"content":{"rendered":"<p>&nbsp;<\/p>\n<p>Les inscriptions p\u00e9dagogiques obligatoires se font en deux temps , 1er semestre et 2nd semestre.<\/p>\n<p>En septembre, le secr\u00e9tariat p\u00e9dagogiques du master vous enverra un lien avec les informations n\u00e9cessaires pour r\u00e9aliser votre inscription p\u00e9dagogique en ligne. Vous pouvez consulter les brochures pour connaitre les unit\u00e9s d&rsquo;enseignement (UE) \u00e0 valider par semestre ainsi que les programmes des s\u00e9minaires propos\u00e9s. Les horaires et les salles des cours seront disponibles d\u00e9but septembre.<\/p>\n","protected":false},"excerpt":{"rendered":"<p>&nbsp; Les inscriptions p\u00e9dagogiques obligatoires se font en deux temps , 1er semestre et 2nd semestre. En septembre, le secr\u00e9tariat p\u00e9dagogiques du master vous enverra un lien avec les informations n\u00e9cessaires pour r\u00e9aliser votre inscription p\u00e9dagogique en ligne. Vous pouvez consulter les brochures pour connaitre les unit\u00e9s d&rsquo;enseignement (UE) \u00e0 valider par semestre ainsi que&hellip; <a class=\"continue\" href=\"https:\/\/wordpress-test.app.u-pariscite.fr\/etudes-anglophones\/inscriptions-pedagogiques\/\">Lire la suite<span> Inscriptions p\u00e9dagogiques<\/span><\/a><\/p>\n","protected":false},"author":37,"featured_media":0,"parent":0,"menu_order":0,"comment_status":"closed","ping_status":"closed","template":"","meta":{"_et_pb_use_builder":"","_et_pb_old_content":"","_et_gb_content_width":"","footnotes":""},"class_list":["post-11066","page","type-page","status-publish","hentry"],"_links":{"self":[{"href":"https:\/\/wordpress-test.app.u-pariscite.fr\/etudes-anglophones\/wp-json\/wp\/v2\/pages\/11066","targetHints":{"allow":["GET"]}}],"collection":[{"href":"https:\/\/wordpress-test.app.u-pariscite.fr\/etudes-anglophones\/wp-json\/wp\/v2\/pages"}],"about":[{"href":"https:\/\/wordpress-test.app.u-pariscite.fr\/etudes-anglophones\/wp-json\/wp\/v2\/types\/page"}],"author":[{"embeddable":true,"href":"https:\/\/wordpress-test.app.u-pariscite.fr\/etudes-anglophones\/wp-json\/wp\/v2\/users\/37"}],"replies":[{"embeddable":true,"href":"https:\/\/wordpress-test.app.u-pariscite.fr\/etudes-anglophones\/wp-json\/wp\/v2\/comments?post=11066"}],"version-history":[{"count":2,"href":"https:\/\/wordpress-test.app.u-pariscite.fr\/etudes-anglophones\/wp-json\/wp\/v2\/pages\/11066\/revisions"}],"predecessor-version":[{"id":11069,"href":"https:\/\/wordpress-test.app.u-pariscite.fr\/etudes-anglophones\/wp-json\/wp\/v2\/pages\/11066\/revisions\/11069"}],"wp:attachment":[{"href":"https:\/\/wordpress-test.app.u-pariscite.fr\/etudes-anglophones\/wp-json\/wp\/v2\/media?parent=11066"}],"curies":[{"name":"wp","href":"https:\/\/api.w.org\/{rel}","templated":true}]}}