{"id":10288,"date":"2022-06-07T11:03:09","date_gmt":"2022-06-07T09:03:09","guid":{"rendered":"https:\/\/wordpress-test.app.u-pariscite.fr\/etudes-anglophones\/?page_id=10288"},"modified":"2022-06-14T13:45:06","modified_gmt":"2022-06-14T11:45:06","slug":"studying-at-our-department","status":"publish","type":"page","link":"https:\/\/wordpress-test.app.u-pariscite.fr\/etudes-anglophones\/en\/studying-at-our-department\/","title":{"rendered":"Studying at our Department"},"content":{"rendered":"<p>[et_pb_section bb_built=\u00a0\u00bb1&Prime; _builder_version=\u00a0\u00bb3.22&Prime; next_background_color=\u00a0\u00bb#000000&Prime;][et_pb_row _builder_version=\u00a0\u00bb3.22&Prime;][et_pb_column type=\u00a0\u00bb4_4&Prime;][et_pb_post_title admin_label=\u00a0\u00bbTitre de la page\u00a0\u00bb meta=\u00a0\u00bboff\u00a0\u00bb featured_image=\u00a0\u00bboff\u00a0\u00bb _builder_version=\u00a0\u00bb3.19.11&Prime;]<\/p>\n<p>[\/et_pb_post_title][\/et_pb_column][\/et_pb_row][et_pb_row _builder_version=\u00a0\u00bb3.22&Prime; background_size=\u00a0\u00bbinitial\u00a0\u00bb background_position=\u00a0\u00bbtop_left\u00a0\u00bb background_repeat=\u00a0\u00bbrepeat\u00a0\u00bb][et_pb_column type=\u00a0\u00bb4_4&Prime;][et_pb_text admin_label=\u00a0\u00bbCoordination RI\u00a0\u00bb _builder_version=\u00a0\u00bb3.22.1&Prime; z_index_tablet=\u00a0\u00bb500&Prime;]<\/p>\n<blockquote>\n<h3><a href=\"https:\/\/wordpress-test.app.u-pariscite.fr\/etudes-anglophones\/en\/international-relations-coordinators-at-the-department-of-english-and-american-studies\/\">International Relations Coordinators at the Department of English and American Studies<\/a><\/h3>\n<\/blockquote>\n<h3 class=\"field-items\">\u00a0<\/h3>\n<p>[\/et_pb_text][et_pb_text admin_label=\u00a0\u00bbPour a\u00e9rer\u00a0\u00bb _builder_version=\u00a0\u00bb3.22.1&Prime; z_index_tablet=\u00a0\u00bb500&Prime;]<\/p>\n<h3>\u00a0<\/h3>\n<p>[\/et_pb_text][\/et_pb_column][\/et_pb_row][et_pb_row _builder_version=\u00a0\u00bb3.22&Prime; background_size=\u00a0\u00bbinitial\u00a0\u00bb background_position=\u00a0\u00bbtop_left\u00a0\u00bb background_repeat=\u00a0\u00bbrepeat\u00a0\u00bb][et_pb_column type=\u00a0\u00bb1_3&Prime;][et_pb_image src=\u00a0\u00bbhttps:\/\/wordpress-test.app.u-pariscite.fr\/etudes-anglophones\/wp-content\/uploads\/sites\/2\/2021\/06\/europe-erasmus.jpg\u00a0\u00bb _builder_version=\u00a0\u00bb3.22.1&Prime; z_index_tablet=\u00a0\u00bb500&Prime;]<\/p>\n<p>[\/et_pb_image][et_pb_text admin_label=\u00a0\u00bbProgrammes d&rsquo;\u00e9changes &#8211; Erasmus+\u00a0\u00bb _builder_version=\u00a0\u00bb3.22.1&Prime; z_index_tablet=\u00a0\u00bb500&Prime;]<\/p>\n<h3>Erasmus+ Exchange Programs<\/h3>\n<p>Studying at Universit\u00e9 Paris Cit\u00e9 on an Erasmus+ program : conditions and calendar<\/p>\n<p>&nbsp;<\/p>\n<p>&nbsp;<\/p>\n<p>[\/et_pb_text][et_pb_button admin_label=\u00a0\u00bbBouton Lire la suite\u00a0\u00bb button_url=\u00a0\u00bbhttps:\/\/wordpress-test.app.u-pariscite.fr\/etudes-anglophones\/en\/erasmus-exchange-programs\/\u00a0\u00bb button_text=\u00a0\u00bbRead more\u00a0\u00bb button_alignment=\u00a0\u00bbleft\u00a0\u00bb _builder_version=\u00a0\u00bb3.22.1&Prime; custom_button=\u00a0\u00bbon\u00a0\u00bb button_text_color=\u00a0\u00bb#ffffff\u00a0\u00bb button_bg_color=\u00a0\u00bb#8a1538&Prime; button_border_width=\u00a0\u00bb2px\u00a0\u00bb button_border_color=\u00a0\u00bb#8a1538&Prime; button_border_radius=\u00a0\u00bb26&Prime; button_icon=\u00a0\u00bb%%20%%\u00a0\u00bb button_icon_color=\u00a0\u00bb#ffffff\u00a0\u00bb button_on_hover=\u00a0\u00bboff\u00a0\u00bb background_layout=\u00a0\u00bbdark\u00a0\u00bb custom_margin=\u00a0\u00bb94px|||||\u00a0\u00bb z_index_tablet=\u00a0\u00bb500&Prime; custom_css_after=\u00a0\u00bbmargin-left: 0!important;||\u00a0\u00bb saved_tabs=\u00a0\u00bball\u00a0\u00bb background_layout__hover_enabled=\u00a0\u00bbon\u00a0\u00bb background_layout__hover=\u00a0\u00bblight\u00a0\u00bb button_bg_color__hover_enabled=\u00a0\u00bbon\u00a0\u00bb button_bg_color__hover=\u00a0\u00bb#ffffff\u00a0\u00bb button_icon_color__hover_enabled=\u00a0\u00bbon\u00a0\u00bb button_icon_color__hover=\u00a0\u00bb#8a1538&Prime; button_text_color__hover_enabled=\u00a0\u00bbon\u00a0\u00bb button_text_color__hover=\u00a0\u00bb#8a1538&Prime; custom_css_after__hover_enabled=\u00a0\u00bbon\u00a0\u00bb custom_css_after__hover=\u00a0\u00bbmargin-left: 0!important;\u00a0\u00bb button_border_color__hover_enabled=\u00a0\u00bbon\u00a0\u00bb button_text_shadow_horizontal_length=\u00a0\u00bbbutton_text_shadow_style,%91object Object%93&Prime; button_text_shadow_vertical_length=\u00a0\u00bbbutton_text_shadow_style,%91object Object%93&Prime; button_text_shadow_blur_strength=\u00a0\u00bbbutton_text_shadow_style,%91object Object%93&Prime;]<\/p>\n<p>[\/et_pb_button][et_pb_divider color=\u00a0\u00bb#000000&Prime; _builder_version=\u00a0\u00bb3.19.11&Prime; custom_margin=\u00a0\u00bb48px||110px|||\u00a0\u00bb]<\/p>\n<p>[\/et_pb_divider][\/et_pb_column][et_pb_column type=\u00a0\u00bb1_3&Prime;][et_pb_image src=\u00a0\u00bbhttps:\/\/wordpress-test.app.u-pariscite.fr\/etudes-anglophones\/wp-content\/uploads\/sites\/2\/2021\/06\/globe.jpg\u00a0\u00bb _builder_version=\u00a0\u00bb3.22.1&Prime; z_index_tablet=\u00a0\u00bb500&Prime;]<\/p>\n<p>[\/et_pb_image][et_pb_text admin_label=\u00a0\u00bbProgrammes d&rsquo;\u00e9changes &#8211; accords bilat\u00e9raux\u00a0\u00bb _builder_version=\u00a0\u00bb3.22.1&Prime; z_index_tablet=\u00a0\u00bb500&Prime;]<\/p>\n<h3>Exchange Programs \u2013 Bilateral Agreements<\/h3>\n<p>Universit\u00e9 Paris Cit\u00e9 has a number of direct agreements with institutions around the world. Thanks to these agreements, we can welcome students from diverse backgrounds and send our students abroad to expand their horizons.<\/p>\n<p>[\/et_pb_text][et_pb_button admin_label=\u00a0\u00bbBouton Lire le suite\u00a0\u00bb button_url=\u00a0\u00bbhttps:\/\/wordpress-test.app.u-pariscite.fr\/etudes-anglophones\/en\/exchange-programs-bilateral-agreements\/\u00a0\u00bb button_text=\u00a0\u00bbRead more\u00a0\u00bb button_alignment=\u00a0\u00bbleft\u00a0\u00bb _builder_version=\u00a0\u00bb3.22.1&Prime; custom_button=\u00a0\u00bbon\u00a0\u00bb button_text_color=\u00a0\u00bb#ffffff\u00a0\u00bb button_bg_color=\u00a0\u00bb#8a1538&Prime; button_border_width=\u00a0\u00bb2px\u00a0\u00bb button_border_color=\u00a0\u00bb#8a1538&Prime; button_border_radius=\u00a0\u00bb26&Prime; button_icon=\u00a0\u00bb%%20%%\u00a0\u00bb button_icon_color=\u00a0\u00bb#ffffff\u00a0\u00bb button_on_hover=\u00a0\u00bboff\u00a0\u00bb background_layout=\u00a0\u00bbdark\u00a0\u00bb custom_margin=\u00a0\u00bb81px|||||\u00a0\u00bb z_index_tablet=\u00a0\u00bb500&Prime; custom_css_after=\u00a0\u00bbmargin-left: 0!important;||\u00a0\u00bb saved_tabs=\u00a0\u00bball\u00a0\u00bb background_layout__hover_enabled=\u00a0\u00bbon\u00a0\u00bb background_layout__hover=\u00a0\u00bblight\u00a0\u00bb button_bg_color__hover_enabled=\u00a0\u00bbon\u00a0\u00bb button_bg_color__hover=\u00a0\u00bb#ffffff\u00a0\u00bb button_icon_color__hover_enabled=\u00a0\u00bbon\u00a0\u00bb button_icon_color__hover=\u00a0\u00bb#8a1538&Prime; button_text_color__hover_enabled=\u00a0\u00bbon\u00a0\u00bb button_text_color__hover=\u00a0\u00bb#8a1538&Prime; custom_css_after__hover_enabled=\u00a0\u00bbon\u00a0\u00bb custom_css_after__hover=\u00a0\u00bbmargin-left: 0!important;\u00a0\u00bb button_border_color__hover_enabled=\u00a0\u00bbon\u00a0\u00bb button_text_shadow_horizontal_length=\u00a0\u00bbbutton_text_shadow_style,%91object Object%93&Prime; button_text_shadow_vertical_length=\u00a0\u00bbbutton_text_shadow_style,%91object Object%93&Prime; button_text_shadow_blur_strength=\u00a0\u00bbbutton_text_shadow_style,%91object Object%93&Prime;]<\/p>\n<p>[\/et_pb_button][et_pb_divider color=\u00a0\u00bb#000000&Prime; _builder_version=\u00a0\u00bb3.19.11&Prime; custom_margin=\u00a0\u00bb50px||110px|||\u00a0\u00bb]<\/p>\n<p>[\/et_pb_divider][\/et_pb_column][et_pb_column type=\u00a0\u00bb1_3&Prime;][et_pb_image src=\u00a0\u00bbhttps:\/\/wordpress-test.app.u-pariscite.fr\/etudes-anglophones\/wp-content\/uploads\/sites\/2\/2021\/06\/map.jpg\u00a0\u00bb _builder_version=\u00a0\u00bb3.22.1&Prime; z_index_tablet=\u00a0\u00bb500&Prime;]<\/p>\n<p>[\/et_pb_image][et_pb_text admin_label=\u00a0\u00bbErasmus and international exchange students\u00a0\u00bb _builder_version=\u00a0\u00bb3.22.1&Prime; z_index_tablet=\u00a0\u00bb500&Prime;]<\/p>\n<div class=\"views-field views-field-title-field\">\n<h3 class=\"field-content\">Erasmus and international exchange students : Choice of classes and registration<\/h3>\n<\/div>\n<div class=\"views-field views-field-body\">\n<div class=\"field-content\">Exchange students: what can I study at Universit\u00e9 Paris Cit\u00e9 and how to register ?<\/div>\n<div>\u00a0<\/div>\n<\/div>\n<div>\u00a0<\/div>\n<p>[\/et_pb_text][et_pb_button admin_label=\u00a0\u00bbBouton Lire le suite\u00a0\u00bb button_url=\u00a0\u00bbhttps:\/\/wordpress-test.app.u-pariscite.fr\/etudes-anglophones\/erasmus-and-international-exchange-students-choice-of-classes-and-registration\/\u00a0\u00bb button_text=\u00a0\u00bbRead more\u00a0\u00bb button_alignment=\u00a0\u00bbleft\u00a0\u00bb _builder_version=\u00a0\u00bb3.22.1&Prime; custom_button=\u00a0\u00bbon\u00a0\u00bb button_text_color=\u00a0\u00bb#ffffff\u00a0\u00bb button_bg_color=\u00a0\u00bb#8a1538&Prime; button_border_width=\u00a0\u00bb2px\u00a0\u00bb button_border_color=\u00a0\u00bb#8a1538&Prime; button_border_radius=\u00a0\u00bb26&Prime; button_icon=\u00a0\u00bb%%20%%\u00a0\u00bb button_icon_color=\u00a0\u00bb#ffffff\u00a0\u00bb button_on_hover=\u00a0\u00bboff\u00a0\u00bb background_layout=\u00a0\u00bbdark\u00a0\u00bb custom_margin=\u00a0\u00bb88px|||||\u00a0\u00bb z_index_tablet=\u00a0\u00bb500&Prime; custom_css_after=\u00a0\u00bbmargin-left: 0!important;||\u00a0\u00bb saved_tabs=\u00a0\u00bball\u00a0\u00bb background_layout__hover_enabled=\u00a0\u00bbon\u00a0\u00bb background_layout__hover=\u00a0\u00bblight\u00a0\u00bb button_bg_color__hover_enabled=\u00a0\u00bbon\u00a0\u00bb button_bg_color__hover=\u00a0\u00bb#ffffff\u00a0\u00bb button_icon_color__hover_enabled=\u00a0\u00bbon\u00a0\u00bb button_icon_color__hover=\u00a0\u00bb#8a1538&Prime; button_text_color__hover_enabled=\u00a0\u00bbon\u00a0\u00bb button_text_color__hover=\u00a0\u00bb#8a1538&Prime; custom_css_after__hover_enabled=\u00a0\u00bbon\u00a0\u00bb custom_css_after__hover=\u00a0\u00bbmargin-left: 0!important;\u00a0\u00bb button_border_color__hover_enabled=\u00a0\u00bbon\u00a0\u00bb]<\/p>\n<p>[\/et_pb_button][et_pb_divider color=\u00a0\u00bb#000000&Prime; _builder_version=\u00a0\u00bb3.19.11&Prime; custom_margin=\u00a0\u00bb51px||110px|||\u00a0\u00bb]<\/p>\n<p>[\/et_pb_divider][\/et_pb_column][\/et_pb_row][et_pb_row _builder_version=\u00a0\u00bb3.22&Prime; background_size=\u00a0\u00bbinitial\u00a0\u00bb background_position=\u00a0\u00bbtop_left\u00a0\u00bb background_repeat=\u00a0\u00bbrepeat\u00a0\u00bb][et_pb_column type=\u00a0\u00bb4_4&Prime;][et_pb_text _builder_version=\u00a0\u00bb3.22.1&Prime; z_index_tablet=\u00a0\u00bb500&Prime;]<\/p>\n<p>&nbsp;<\/p>\n<p>&nbsp;<\/p>\n<p>[\/et_pb_text][\/et_pb_column][\/et_pb_row][et_pb_row _builder_version=\u00a0\u00bb3.22&Prime; background_size=\u00a0\u00bbinitial\u00a0\u00bb background_position=\u00a0\u00bbtop_left\u00a0\u00bb background_repeat=\u00a0\u00bbrepeat\u00a0\u00bb][et_pb_column type=\u00a0\u00bb1_3&Prime;][et_pb_image src=\u00a0\u00bbhttps:\/\/wordpress-test.app.u-pariscite.fr\/etudes-anglophones\/wp-content\/uploads\/sites\/2\/2021\/06\/ea_ri_courses_english_american_studies_0.jpg\u00a0\u00bb _builder_version=\u00a0\u00bb3.22.1&Prime; z_index_tablet=\u00a0\u00bb500&Prime;]<\/p>\n<p>[\/et_pb_image][et_pb_text admin_label=\u00a0\u00bbJoint Master in English and American Studies: Choice of classes and registration\u00a0\u00bb _builder_version=\u00a0\u00bb3.22.1&Prime; z_index_tablet=\u00a0\u00bb500&Prime;]<\/p>\n<h3 class=\"field-content\">Joint Master in English and American Studies: Choice of classes and registration<\/h3>\n<p>JDEAS students : what can I study at Universit\u00e9 Paris Cit\u00e9 and how to register ?<\/p>\n<p>&nbsp;<\/p>\n<p>[\/et_pb_text][et_pb_button admin_label=\u00a0\u00bbBouton Lire le suite\u00a0\u00bb button_url=\u00a0\u00bbhttps:\/\/wordpress-test.app.u-pariscite.fr\/etudes-anglophones\/joint-master-in-english\/\u00a0\u00bb button_text=\u00a0\u00bbRead more\u00a0\u00bb button_alignment=\u00a0\u00bbleft\u00a0\u00bb _builder_version=\u00a0\u00bb3.22.1&Prime; custom_button=\u00a0\u00bbon\u00a0\u00bb button_text_color=\u00a0\u00bb#ffffff\u00a0\u00bb button_bg_color=\u00a0\u00bb#8a1538&Prime; button_border_width=\u00a0\u00bb2px\u00a0\u00bb button_border_color=\u00a0\u00bb#8a1538&Prime; button_border_radius=\u00a0\u00bb26&Prime; button_icon=\u00a0\u00bb%%20%%\u00a0\u00bb button_icon_color=\u00a0\u00bb#ffffff\u00a0\u00bb button_on_hover=\u00a0\u00bboff\u00a0\u00bb background_layout=\u00a0\u00bbdark\u00a0\u00bb custom_margin=\u00a0\u00bb89px|||||\u00a0\u00bb z_index_tablet=\u00a0\u00bb500&Prime; custom_css_after=\u00a0\u00bbmargin-left: 0!important;||\u00a0\u00bb saved_tabs=\u00a0\u00bball\u00a0\u00bb background_layout__hover_enabled=\u00a0\u00bbon\u00a0\u00bb background_layout__hover=\u00a0\u00bblight\u00a0\u00bb button_bg_color__hover_enabled=\u00a0\u00bbon\u00a0\u00bb button_bg_color__hover=\u00a0\u00bb#ffffff\u00a0\u00bb button_icon_color__hover_enabled=\u00a0\u00bbon\u00a0\u00bb button_icon_color__hover=\u00a0\u00bb#8a1538&Prime; button_text_color__hover_enabled=\u00a0\u00bbon\u00a0\u00bb button_text_color__hover=\u00a0\u00bb#8a1538&Prime; custom_css_after__hover_enabled=\u00a0\u00bbon\u00a0\u00bb custom_css_after__hover=\u00a0\u00bbmargin-left: 0!important;\u00a0\u00bb button_border_color__hover_enabled=\u00a0\u00bbon\u00a0\u00bb]<\/p>\n<p>[\/et_pb_button][et_pb_divider color=\u00a0\u00bb#000000&Prime; _builder_version=\u00a0\u00bb3.19.11&Prime; custom_margin=\u00a0\u00bb83px||110px|||\u00a0\u00bb]<\/p>\n<p>[\/et_pb_divider][\/et_pb_column][et_pb_column type=\u00a0\u00bb1_3&Prime;][et_pb_image src=\u00a0\u00bbhttps:\/\/wordpress-test.app.u-pariscite.fr\/etudes-anglophones\/wp-content\/uploads\/sites\/2\/2021\/07\/lecteurs_entrants.jpg\u00a0\u00bb _builder_version=\u00a0\u00bb3.22.1&Prime; z_index_tablet=\u00a0\u00bb500&Prime;]<\/p>\n<p>[\/et_pb_image][et_pb_text admin_label=\u00a0\u00bbEtre lecteur \u00e0 UP\u00a0\u00bb _builder_version=\u00a0\u00bb3.22.1&Prime; z_index_tablet=\u00a0\u00bb500&Prime;]<\/p>\n<div class=\"views-field views-field-title-field\">\n<h3>University Teaching Assistants at Universit\u00e9 Paris Cit\u00e9<\/h3>\n<\/div>\n<div class=\"views-field views-field-body\">\n<div class=\"field-content\">\n<p>Universit\u00e9 Paris Cit\u00e9 has signed teaching assistant agreements with a number of institutions. These assistants are considered both teachers and students.<\/p>\n<\/div>\n<\/div>\n<div>\u00a0<\/div>\n<div>\u00a0<\/div>\n<p>[\/et_pb_text][et_pb_button admin_label=\u00a0\u00bbBouton Lire le suite\u00a0\u00bb button_url=\u00a0\u00bbhttps:\/\/wordpress-test.app.u-pariscite.fr\/etudes-anglophones\/en\/university-teaching-assistants-at-universite-paris-cite\/\u00a0\u00bb button_text=\u00a0\u00bbRead more\u00a0\u00bb button_alignment=\u00a0\u00bbleft\u00a0\u00bb _builder_version=\u00a0\u00bb3.22.1&Prime; custom_button=\u00a0\u00bbon\u00a0\u00bb button_text_color=\u00a0\u00bb#ffffff\u00a0\u00bb button_bg_color=\u00a0\u00bb#8a1538&Prime; button_border_width=\u00a0\u00bb2px\u00a0\u00bb button_border_color=\u00a0\u00bb#8a1538&Prime; button_border_radius=\u00a0\u00bb26&Prime; button_icon=\u00a0\u00bb%%20%%\u00a0\u00bb button_icon_color=\u00a0\u00bb#ffffff\u00a0\u00bb button_on_hover=\u00a0\u00bboff\u00a0\u00bb background_layout=\u00a0\u00bbdark\u00a0\u00bb custom_margin=\u00a0\u00bb24px|||||\u00a0\u00bb z_index_tablet=\u00a0\u00bb500&Prime; custom_css_after=\u00a0\u00bbmargin-left: 0!important;||\u00a0\u00bb saved_tabs=\u00a0\u00bball\u00a0\u00bb background_layout__hover_enabled=\u00a0\u00bbon\u00a0\u00bb background_layout__hover=\u00a0\u00bblight\u00a0\u00bb button_bg_color__hover_enabled=\u00a0\u00bbon\u00a0\u00bb button_bg_color__hover=\u00a0\u00bb#ffffff\u00a0\u00bb button_icon_color__hover_enabled=\u00a0\u00bbon\u00a0\u00bb button_icon_color__hover=\u00a0\u00bb#8a1538&Prime; button_text_color__hover_enabled=\u00a0\u00bbon\u00a0\u00bb button_text_color__hover=\u00a0\u00bb#8a1538&Prime; custom_css_after__hover_enabled=\u00a0\u00bbon\u00a0\u00bb custom_css_after__hover=\u00a0\u00bbmargin-left: 0!important;\u00a0\u00bb button_border_color__hover_enabled=\u00a0\u00bbon\u00a0\u00bb button_text_shadow_horizontal_length=\u00a0\u00bbbutton_text_shadow_style,%91object Object%93&Prime; button_text_shadow_vertical_length=\u00a0\u00bbbutton_text_shadow_style,%91object Object%93&Prime; button_text_shadow_blur_strength=\u00a0\u00bbbutton_text_shadow_style,%91object Object%93&Prime;]<\/p>\n<p>[\/et_pb_button][et_pb_divider color=\u00a0\u00bb#000000&Prime; _builder_version=\u00a0\u00bb3.19.11&Prime; custom_margin=\u00a0\u00bb80px||110px|\u00a0\u00bb]<\/p>\n<p>[\/et_pb_divider][\/et_pb_column][et_pb_column type=\u00a0\u00bb1_3&Prime;][et_pb_image src=\u00a0\u00bbhttps:\/\/wordpress-test.app.u-pariscite.fr\/etudes-anglophones\/wp-content\/uploads\/sites\/2\/2021\/07\/Decouvrir_UP.jpg\u00a0\u00bb _builder_version=\u00a0\u00bb3.22.1&Prime; z_index_tablet=\u00a0\u00bb500&Prime;]<\/p>\n<p>[\/et_pb_image][et_pb_text admin_label=\u00a0\u00bbD\u00e9couvrir Universit\u00e9 Paris Cit\u00e9\u00a0\u00bb _builder_version=\u00a0\u00bb3.22.1&Prime; z_index_tablet=\u00a0\u00bb500&Prime;]<\/p>\n<h3>Discover Universit\u00e9 Paris Cit\u00e9<\/h3>\n<p>Universit\u00e9 Paris Cit\u00e9 Practical Information \u2013 Campus Life, Dining, Accommodation, Intranet.<\/p>\n<p>&nbsp;<\/p>\n<p>&nbsp;<\/p>\n<p>[\/et_pb_text][et_pb_button admin_label=\u00a0\u00bbBouton Lire la suite\u00a0\u00bb button_url=\u00a0\u00bbhttps:\/\/wordpress-test.app.u-pariscite.fr\/en\/living-in-paris\/\u00a0\u00bb button_text=\u00a0\u00bbRead more\u00a0\u00bb button_alignment=\u00a0\u00bbleft\u00a0\u00bb _builder_version=\u00a0\u00bb3.22.1&Prime; custom_button=\u00a0\u00bbon\u00a0\u00bb button_text_color=\u00a0\u00bb#ffffff\u00a0\u00bb button_bg_color=\u00a0\u00bb#8a1538&Prime; button_border_width=\u00a0\u00bb2px\u00a0\u00bb button_border_color=\u00a0\u00bb#8a1538&Prime; button_border_radius=\u00a0\u00bb26&Prime; button_icon=\u00a0\u00bb%%20%%\u00a0\u00bb button_icon_color=\u00a0\u00bb#ffffff\u00a0\u00bb button_on_hover=\u00a0\u00bboff\u00a0\u00bb background_layout=\u00a0\u00bbdark\u00a0\u00bb custom_margin=\u00a0\u00bb84px|||||\u00a0\u00bb z_index_tablet=\u00a0\u00bb500&Prime; custom_css_after=\u00a0\u00bbmargin-left: 0!important;||\u00a0\u00bb saved_tabs=\u00a0\u00bball\u00a0\u00bb background_layout__hover_enabled=\u00a0\u00bbon\u00a0\u00bb background_layout__hover=\u00a0\u00bblight\u00a0\u00bb button_bg_color__hover_enabled=\u00a0\u00bbon\u00a0\u00bb button_bg_color__hover=\u00a0\u00bb#ffffff\u00a0\u00bb button_icon_color__hover_enabled=\u00a0\u00bbon\u00a0\u00bb button_icon_color__hover=\u00a0\u00bb#8a1538&Prime; button_text_color__hover_enabled=\u00a0\u00bbon\u00a0\u00bb button_text_color__hover=\u00a0\u00bb#8a1538&Prime; custom_css_after__hover_enabled=\u00a0\u00bbon\u00a0\u00bb custom_css_after__hover=\u00a0\u00bbmargin-left: 0!important;\u00a0\u00bb button_border_color__hover_enabled=\u00a0\u00bbon\u00a0\u00bb url_new_window=\u00a0\u00bbon\u00a0\u00bb button_text_shadow_horizontal_length=\u00a0\u00bbbutton_text_shadow_style,%91object Object%93&Prime; button_text_shadow_vertical_length=\u00a0\u00bbbutton_text_shadow_style,%91object Object%93&Prime; button_text_shadow_blur_strength=\u00a0\u00bbbutton_text_shadow_style,%91object Object%93&Prime;]<\/p>\n<p>[\/et_pb_button][et_pb_divider color=\u00a0\u00bb#000000&Prime; _builder_version=\u00a0\u00bb3.19.11&Prime; custom_margin=\u00a0\u00bb74px||110px|||\u00a0\u00bb]<\/p>\n<p>[\/et_pb_divider][\/et_pb_column][\/et_pb_row][\/et_pb_section][et_pb_section bb_built=\u00a0\u00bb1&Prime; _builder_version=\u00a0\u00bb3.22&Prime; prev_background_color=\u00a0\u00bb#000000&Prime;][et_pb_row _builder_version=\u00a0\u00bb3.22&Prime; background_size=\u00a0\u00bbinitial\u00a0\u00bb background_position=\u00a0\u00bbtop_left\u00a0\u00bb background_repeat=\u00a0\u00bbrepeat\u00a0\u00bb][et_pb_column type=\u00a0\u00bb4_4&Prime;][et_pb_text _builder_version=\u00a0\u00bb3.22.1&Prime; z_index_tablet=\u00a0\u00bb500&Prime;]<\/p>\n<p>[\/et_pb_text][\/et_pb_column][\/et_pb_row][\/et_pb_section]<\/p>\n","protected":false},"excerpt":{"rendered":"<p>International Relations Coordinators at the Department of English and American Studies \u00a0 \u00a0 Erasmus+ Exchange Programs Studying at Universit\u00e9 Paris Cit\u00e9 on an Erasmus+ program : conditions and calendar &nbsp; &nbsp; Exchange Programs \u2013 Bilateral Agreements Universit\u00e9 Paris Cit\u00e9 has a number of direct agreements with institutions around the world. Thanks to these agreements, we&hellip; <a class=\"continue\" href=\"https:\/\/wordpress-test.app.u-pariscite.fr\/etudes-anglophones\/en\/studying-at-our-department\/\">Lire la suite<span> Studying at our Department<\/span><\/a><\/p>\n","protected":false},"author":248,"featured_media":0,"parent":0,"menu_order":0,"comment_status":"open","ping_status":"open","template":"","meta":{"_et_pb_use_builder":"on","_et_pb_old_content":"","_et_gb_content_width":"","footnotes":""},"class_list":["post-10288","page","type-page","status-publish","hentry"],"_links":{"self":[{"href":"https:\/\/wordpress-test.app.u-pariscite.fr\/etudes-anglophones\/wp-json\/wp\/v2\/pages\/10288","targetHints":{"allow":["GET"]}}],"collection":[{"href":"https:\/\/wordpress-test.app.u-pariscite.fr\/etudes-anglophones\/wp-json\/wp\/v2\/pages"}],"about":[{"href":"https:\/\/wordpress-test.app.u-pariscite.fr\/etudes-anglophones\/wp-json\/wp\/v2\/types\/page"}],"author":[{"embeddable":true,"href":"https:\/\/wordpress-test.app.u-pariscite.fr\/etudes-anglophones\/wp-json\/wp\/v2\/users\/248"}],"replies":[{"embeddable":true,"href":"https:\/\/wordpress-test.app.u-pariscite.fr\/etudes-anglophones\/wp-json\/wp\/v2\/comments?post=10288"}],"version-history":[{"count":17,"href":"https:\/\/wordpress-test.app.u-pariscite.fr\/etudes-anglophones\/wp-json\/wp\/v2\/pages\/10288\/revisions"}],"predecessor-version":[{"id":10844,"href":"https:\/\/wordpress-test.app.u-pariscite.fr\/etudes-anglophones\/wp-json\/wp\/v2\/pages\/10288\/revisions\/10844"}],"wp:attachment":[{"href":"https:\/\/wordpress-test.app.u-pariscite.fr\/etudes-anglophones\/wp-json\/wp\/v2\/media?parent=10288"}],"curies":[{"name":"wp","href":"https:\/\/api.w.org\/{rel}","templated":true}]}}