{"id":10227,"date":"2022-06-02T14:21:20","date_gmt":"2022-06-02T12:21:20","guid":{"rendered":"https:\/\/wordpress-test.app.u-pariscite.fr\/etudes-anglophones\/?page_id=10227"},"modified":"2024-07-15T10:19:49","modified_gmt":"2024-07-15T08:19:49","slug":"m1-m2-in-llcer-specialization-in-english-and-american-studies-joint-degree-in-english-and-american-studies","status":"publish","type":"page","link":"https:\/\/wordpress-test.app.u-pariscite.fr\/etudes-anglophones\/en\/m1-m2-in-llcer-specialization-in-english-and-american-studies-joint-degree-in-english-and-american-studies\/","title":{"rendered":"M1 &amp; M2 in LLCER \u2013 Specialization in English and American Studies : Joint Degree in English and American Studies"},"content":{"rendered":"<p>[et_pb_section bb_built=\u00a0\u00bb1&Prime; inner_width=\u00a0\u00bbauto\u00a0\u00bb inner_max_width=\u00a0\u00bbnone\u00a0\u00bb][et_pb_row][et_pb_column type=\u00a0\u00bb4_4&Prime;][et_pb_post_title admin_label=\u00a0\u00bbTitre de la page\u00a0\u00bb _builder_version=\u00a0\u00bb3.19.11&Prime; meta=\u00a0\u00bboff\u00a0\u00bb featured_image=\u00a0\u00bboff\u00a0\u00bb \/][\/et_pb_column][\/et_pb_row][et_pb_row][et_pb_column type=\u00a0\u00bb3_4&Prime;][et_pb_text _builder_version=\u00a0\u00bb3.22.1&Prime; module_id=\u00a0\u00bbcontenu\u00a0\u00bb text_text_shadow_horizontal_length=\u00a0\u00bbtext_text_shadow_style,%91object Object%93&Prime; text_text_shadow_vertical_length=\u00a0\u00bbtext_text_shadow_style,%91object Object%93&Prime; text_text_shadow_blur_strength=\u00a0\u00bbtext_text_shadow_style,%91object Object%93&Prime; link_text_shadow_horizontal_length=\u00a0\u00bblink_text_shadow_style,%91object Object%93&Prime; link_text_shadow_vertical_length=\u00a0\u00bblink_text_shadow_style,%91object Object%93&Prime; link_text_shadow_blur_strength=\u00a0\u00bblink_text_shadow_style,%91object Object%93&Prime; ul_text_shadow_horizontal_length=\u00a0\u00bbul_text_shadow_style,%91object Object%93&Prime; ul_text_shadow_vertical_length=\u00a0\u00bbul_text_shadow_style,%91object Object%93&Prime; ul_text_shadow_blur_strength=\u00a0\u00bbul_text_shadow_style,%91object Object%93&Prime; ol_text_shadow_horizontal_length=\u00a0\u00bbol_text_shadow_style,%91object Object%93&Prime; ol_text_shadow_vertical_length=\u00a0\u00bbol_text_shadow_style,%91object Object%93&Prime; ol_text_shadow_blur_strength=\u00a0\u00bbol_text_shadow_style,%91object Object%93&Prime; quote_text_shadow_horizontal_length=\u00a0\u00bbquote_text_shadow_style,%91object Object%93&Prime; quote_text_shadow_vertical_length=\u00a0\u00bbquote_text_shadow_style,%91object Object%93&Prime; quote_text_shadow_blur_strength=\u00a0\u00bbquote_text_shadow_style,%91object Object%93&Prime; header_text_shadow_horizontal_length=\u00a0\u00bbheader_text_shadow_style,%91object Object%93&Prime; header_text_shadow_vertical_length=\u00a0\u00bbheader_text_shadow_style,%91object Object%93&Prime; header_text_shadow_blur_strength=\u00a0\u00bbheader_text_shadow_style,%91object Object%93&Prime; header_2_text_shadow_horizontal_length=\u00a0\u00bbheader_2_text_shadow_style,%91object Object%93&Prime; header_2_text_shadow_vertical_length=\u00a0\u00bbheader_2_text_shadow_style,%91object Object%93&Prime; header_2_text_shadow_blur_strength=\u00a0\u00bbheader_2_text_shadow_style,%91object Object%93&Prime; header_3_text_shadow_horizontal_length=\u00a0\u00bbheader_3_text_shadow_style,%91object Object%93&Prime; header_3_text_shadow_vertical_length=\u00a0\u00bbheader_3_text_shadow_style,%91object Object%93&Prime; header_3_text_shadow_blur_strength=\u00a0\u00bbheader_3_text_shadow_style,%91object Object%93&Prime; header_4_text_shadow_horizontal_length=\u00a0\u00bbheader_4_text_shadow_style,%91object Object%93&Prime; header_4_text_shadow_vertical_length=\u00a0\u00bbheader_4_text_shadow_style,%91object Object%93&Prime; header_4_text_shadow_blur_strength=\u00a0\u00bbheader_4_text_shadow_style,%91object Object%93&Prime; header_5_text_shadow_horizontal_length=\u00a0\u00bbheader_5_text_shadow_style,%91object Object%93&Prime; header_5_text_shadow_vertical_length=\u00a0\u00bbheader_5_text_shadow_style,%91object Object%93&Prime; header_5_text_shadow_blur_strength=\u00a0\u00bbheader_5_text_shadow_style,%91object Object%93&Prime; header_6_text_shadow_horizontal_length=\u00a0\u00bbheader_6_text_shadow_style,%91object Object%93&Prime; header_6_text_shadow_vertical_length=\u00a0\u00bbheader_6_text_shadow_style,%91object Object%93&Prime; header_6_text_shadow_blur_strength=\u00a0\u00bbheader_6_text_shadow_style,%91object Object%93&Prime; z_index_tablet=\u00a0\u00bb500&Prime;]<\/p>\n<p>The Department of English and American Studies established a consortium of partner institutions who participate in a Joint Degree in English and American Studies.<br \/>This is a research-based master\u2019s program. At the end of the two years, students will receive their Master&rsquo;s in English and American Studies from Universit\u00e9 Paris Cit\u00e9, as well as the degree from their mobility university (only for degree-awarding universities of the consortium).<\/p>\n<p>The consortium\u2019s partner universities are :<\/p>\n<p>&gt; Degree-awarding universities :<\/p>\n<ul>\n<li>University of Graz \u2013 Graz, Austria<\/li>\n<li>University of Bamberg \u2013 Bamberg, Germany<\/li>\n<li>Ca\u2019 Foscari University of Venice \u2013 Venice, Italy<\/li>\n<li>Universit\u00e9 Paris Cit\u00e9 \u2013 Paris, France<\/li>\n<li>Jagiellonian University \u2013 Krak\u00f3w, Poland<\/li>\n<li>Universitat Aut\u00f2noma de Barcelona \u2013 Spain<\/li>\n<\/ul>\n<p>&gt; Mobility universities :<\/p>\n<ul>\n<li>University of P\u00e9cs \u2013 Hungary<\/li>\n<li>The City College of New York \u2013 USA<\/li>\n<\/ul>\n<p>The program lasts for two years and includes a compulsory foreign exchange component in the first semester of the second year at one of the partner universities.<br \/>Professor Fran\u00e7ois Vergniolle de Chantal is the head of the joint degree program at Universit\u00e9 Paris Cit\u00e9 and is available for additional questions at <a href=\"mailto:fdechantal@wordpress-test.app.u-pariscite.fr\">fdechantal@wordpress-test.app.u-pariscite.fr<\/a>.<br \/>For the year 2023-2024, please contact Laurence Cros (laurence.cros@u-paris) <\/p>\n<p>For more information, visit the website for the <a href=\"https:\/\/www.jointdegree.eu\/en\/eas\/\" target=\"_blank\" rel=\"noopener noreferrer\">Joint Degree in English and American Studies<\/a><\/p>\n<h3>Application and selection process (during L3)<\/h3>\n<p>Interested students are to send in their applications during the second semester, both to enter the program in M1, and for the choice of the partner university in M2. This competitive program requires students to have good results at the undergraduate level as well as sound knowledge of English (TOEFL or IELTS). Representatives from the consortium will select candidates based on the quality of their applications.<br \/>Application period : January 15 to March 30, 2021<\/p>\n<blockquote>\n<p><a href=\"https:\/\/www.jointdegree.eu\/en\/eas\/application-selection\/\" target=\"_blank\" rel=\"noopener noreferrer\">For more information and application details<\/a><\/p>\n<\/blockquote>\n<p><strong>Note : there is an additional process for non-European citizens<\/strong><br \/>Students who are not citizens of the European Union who wish to apply to Universit\u00e9 Paris Cit\u00e9\u2019s program are to follow <a href=\"https:\/\/www.campusfrance.org\/en\" target=\"_blank\" rel=\"noopener noreferrer\">Campus France\u2019s<\/a> compulsory procedures for studying in France.<\/p>\n<blockquote>\n<p><a href=\"https:\/\/www.campusfrance.org\/en\/application-etudes-en-france-procedure\" target=\"_blank\" rel=\"noopener noreferrer\">Start the Campus France application procedure<\/a><\/p>\n<\/blockquote>\n<p>Please note that Campus France requires a French language test for students who are from outside the European Economic Area. Proof of sufficient knowledge of French will be required during your long-stay student visa application process.<\/p>\n<blockquote>\n<p><a href=\"https:\/\/etudes-formations.univ-paris-diderot.fr\/niveau-de-langue-requis\" target=\"_blank\" rel=\"noopener noreferrer\">For more information<\/a><\/p>\n<\/blockquote>\n<p>Deadline for the Campus France application process: March 5, 2021<\/p>\n<p>Download the <a href=\"https:\/\/cloud.parisdescartes.fr\/index.php\/s\/yDqt4E5i9en86N7\" target=\"_blank\" rel=\"noopener noreferrer\">2021-2022 course brochure here<\/a><\/p>\n<p>For students of Universit\u00e9 Paris Cit\u00e9, the guidelines for writing the M1 and M2 theses may differ based on the program selected.<\/p>\n<blockquote>\n<p><a href=\"https:\/\/odf.wordpress-test.app.u-pariscite.fr\/fr\/offre-de-formation\/master-XB\/arts-lettres-langues-ALL\/langues-litteratures-et-civilisations-etrangeres-et-regionales-etudes-anglophones-K2VO577S\/\/master-langues-litteratures-et-civilisations-etrangeres-et-regionales-parcours-etudes-anglophones-joint-degree-in-english-and-american-studies-JRQLDJRU.html\" target=\"_blank\" rel=\"noopener noreferrer\">For more information<\/a><\/p>\n<\/blockquote>\n<p>[\/et_pb_text][\/et_pb_column][et_pb_column type=\u00a0\u00bb1_4&Prime;][\/et_pb_column][\/et_pb_row][\/et_pb_section]<\/p>\n","protected":false},"excerpt":{"rendered":"<div class=\"et_pb_row et_pb_row_0 et_pb_row_empty\"><\/div>\n<div class=\"et_pb_row et_pb_row_1 et_pb_row_empty\"><\/div>\n<p> The Department of English and American Studies established a consortium of partner institutions who participate in a Joint Degree in English and American Studies.This is a research-based master\u2019s program. At the end of the two years, students will receive their Master&rsquo;s in English and American Studies from Universit\u00e9 Paris Cit\u00e9, as well as the&hellip; <a class=\"continue\" href=\"https:\/\/wordpress-test.app.u-pariscite.fr\/etudes-anglophones\/en\/m1-m2-in-llcer-specialization-in-english-and-american-studies-joint-degree-in-english-and-american-studies\/\">Lire la suite<span> M1 &amp; M2 in LLCER \u2013 Specialization in English and American Studies : Joint Degree in English and American Studies<\/span><\/a><\/p>\n","protected":false},"author":248,"featured_media":0,"parent":0,"menu_order":0,"comment_status":"closed","ping_status":"closed","template":"","meta":{"_et_pb_use_builder":"on","_et_pb_old_content":"","_et_gb_content_width":"","footnotes":""},"class_list":["post-10227","page","type-page","status-publish","hentry"],"_links":{"self":[{"href":"https:\/\/wordpress-test.app.u-pariscite.fr\/etudes-anglophones\/wp-json\/wp\/v2\/pages\/10227","targetHints":{"allow":["GET"]}}],"collection":[{"href":"https:\/\/wordpress-test.app.u-pariscite.fr\/etudes-anglophones\/wp-json\/wp\/v2\/pages"}],"about":[{"href":"https:\/\/wordpress-test.app.u-pariscite.fr\/etudes-anglophones\/wp-json\/wp\/v2\/types\/page"}],"author":[{"embeddable":true,"href":"https:\/\/wordpress-test.app.u-pariscite.fr\/etudes-anglophones\/wp-json\/wp\/v2\/users\/248"}],"replies":[{"embeddable":true,"href":"https:\/\/wordpress-test.app.u-pariscite.fr\/etudes-anglophones\/wp-json\/wp\/v2\/comments?post=10227"}],"version-history":[{"count":4,"href":"https:\/\/wordpress-test.app.u-pariscite.fr\/etudes-anglophones\/wp-json\/wp\/v2\/pages\/10227\/revisions"}],"predecessor-version":[{"id":11419,"href":"https:\/\/wordpress-test.app.u-pariscite.fr\/etudes-anglophones\/wp-json\/wp\/v2\/pages\/10227\/revisions\/11419"}],"wp:attachment":[{"href":"https:\/\/wordpress-test.app.u-pariscite.fr\/etudes-anglophones\/wp-json\/wp\/v2\/media?parent=10227"}],"curies":[{"name":"wp","href":"https:\/\/api.w.org\/{rel}","templated":true}]}}