{"id":10221,"date":"2022-06-02T12:18:49","date_gmt":"2022-06-02T10:18:49","guid":{"rendered":"https:\/\/wordpress-test.app.u-pariscite.fr\/etudes-anglophones\/?page_id=10221"},"modified":"2024-09-12T10:39:11","modified_gmt":"2024-09-12T08:39:11","slug":"m1-m2-in-llcer-specialization-in-english-for-specific-purposes-aspe-joint-program-with-ens-de-paris-saclay","status":"publish","type":"page","link":"https:\/\/wordpress-test.app.u-pariscite.fr\/etudes-anglophones\/en\/m1-m2-in-llcer-specialization-in-english-for-specific-purposes-aspe-joint-program-with-ens-de-paris-saclay\/","title":{"rendered":"M1 &amp; M2 in LLCER \u2013 Specialization in English for Specific Purposes (\u201cAsp\u00e9\u201d), joint program with ENS de Paris-Saclay"},"content":{"rendered":"<p>[et_pb_section bb_built=\u00a0\u00bb1&Prime; inner_width=\u00a0\u00bbauto\u00a0\u00bb inner_max_width=\u00a0\u00bbnone\u00a0\u00bb][et_pb_row][et_pb_column type=\u00a0\u00bb4_4&Prime;][et_pb_post_title admin_label=\u00a0\u00bbTitre de la page\u00a0\u00bb _builder_version=\u00a0\u00bb3.19.11&Prime; meta=\u00a0\u00bboff\u00a0\u00bb featured_image=\u00a0\u00bboff\u00a0\u00bb \/][\/et_pb_column][\/et_pb_row][et_pb_row][et_pb_column type=\u00a0\u00bb3_4&Prime;][et_pb_text _builder_version=\u00a0\u00bb3.22.1&Prime; module_id=\u00a0\u00bbcontenu\u00a0\u00bb text_text_shadow_horizontal_length=\u00a0\u00bbtext_text_shadow_style,%91object Object%93&Prime; text_text_shadow_vertical_length=\u00a0\u00bbtext_text_shadow_style,%91object Object%93&Prime; text_text_shadow_blur_strength=\u00a0\u00bbtext_text_shadow_style,%91object Object%93&Prime; link_text_shadow_horizontal_length=\u00a0\u00bblink_text_shadow_style,%91object Object%93&Prime; link_text_shadow_vertical_length=\u00a0\u00bblink_text_shadow_style,%91object Object%93&Prime; link_text_shadow_blur_strength=\u00a0\u00bblink_text_shadow_style,%91object Object%93&Prime; ul_text_shadow_horizontal_length=\u00a0\u00bbul_text_shadow_style,%91object Object%93&Prime; ul_text_shadow_vertical_length=\u00a0\u00bbul_text_shadow_style,%91object Object%93&Prime; ul_text_shadow_blur_strength=\u00a0\u00bbul_text_shadow_style,%91object Object%93&Prime; ol_text_shadow_horizontal_length=\u00a0\u00bbol_text_shadow_style,%91object Object%93&Prime; ol_text_shadow_vertical_length=\u00a0\u00bbol_text_shadow_style,%91object Object%93&Prime; ol_text_shadow_blur_strength=\u00a0\u00bbol_text_shadow_style,%91object Object%93&Prime; quote_text_shadow_horizontal_length=\u00a0\u00bbquote_text_shadow_style,%91object Object%93&Prime; quote_text_shadow_vertical_length=\u00a0\u00bbquote_text_shadow_style,%91object Object%93&Prime; quote_text_shadow_blur_strength=\u00a0\u00bbquote_text_shadow_style,%91object Object%93&Prime; header_text_shadow_horizontal_length=\u00a0\u00bbheader_text_shadow_style,%91object Object%93&Prime; header_text_shadow_vertical_length=\u00a0\u00bbheader_text_shadow_style,%91object Object%93&Prime; header_text_shadow_blur_strength=\u00a0\u00bbheader_text_shadow_style,%91object Object%93&Prime; header_2_text_shadow_horizontal_length=\u00a0\u00bbheader_2_text_shadow_style,%91object Object%93&Prime; header_2_text_shadow_vertical_length=\u00a0\u00bbheader_2_text_shadow_style,%91object Object%93&Prime; header_2_text_shadow_blur_strength=\u00a0\u00bbheader_2_text_shadow_style,%91object Object%93&Prime; header_3_text_shadow_horizontal_length=\u00a0\u00bbheader_3_text_shadow_style,%91object Object%93&Prime; header_3_text_shadow_vertical_length=\u00a0\u00bbheader_3_text_shadow_style,%91object Object%93&Prime; header_3_text_shadow_blur_strength=\u00a0\u00bbheader_3_text_shadow_style,%91object Object%93&Prime; header_4_text_shadow_horizontal_length=\u00a0\u00bbheader_4_text_shadow_style,%91object Object%93&Prime; header_4_text_shadow_vertical_length=\u00a0\u00bbheader_4_text_shadow_style,%91object Object%93&Prime; header_4_text_shadow_blur_strength=\u00a0\u00bbheader_4_text_shadow_style,%91object Object%93&Prime; header_5_text_shadow_horizontal_length=\u00a0\u00bbheader_5_text_shadow_style,%91object Object%93&Prime; header_5_text_shadow_vertical_length=\u00a0\u00bbheader_5_text_shadow_style,%91object Object%93&Prime; header_5_text_shadow_blur_strength=\u00a0\u00bbheader_5_text_shadow_style,%91object Object%93&Prime; header_6_text_shadow_horizontal_length=\u00a0\u00bbheader_6_text_shadow_style,%91object Object%93&Prime; header_6_text_shadow_vertical_length=\u00a0\u00bbheader_6_text_shadow_style,%91object Object%93&Prime; header_6_text_shadow_blur_strength=\u00a0\u00bbheader_6_text_shadow_style,%91object Object%93&Prime; z_index_tablet=\u00a0\u00bb500&Prime;]<\/p>\n<div class=\"page\" title=\"Page 1\">\n<div class=\"layoutArea\">\n<div class=\"column\">\n<p>This master\u2019s program was created thanks to a partnership between Universit\u00e9 Paris Cit\u00e9 (EILA Department and the Department of English and American Studies) and the \u00c9cole Normale Sup\u00e9rieure de Paris-Saclay. The program introduces students to specialized discourse in English, for example in the fields of science, law and economics. Students will take high-level courses centered on the fundamental skills to train English specialists, namely translation from and into English, linguistics, civilization studies and literature. This multidisciplinary master\u2019s degree also includes training modules for students who wish to teach English to specialists of other fields (LANSAD). In collaboration with the EILA Department, the program allows students to take courses in applied foreign languages such as terminology, corpus linguistics and lexicogrammar. The first year of the program can be done either here in Paris or at a partnering English-speaking university as part of an immersion program. In the second year, emphasis is placed on research skills in specialized fields in English so students can be well prepared to pursue a doctoral program. These skills include critical analysis of research articles, research methodologies, collective research projects and the publication of findings, and the writing of a thesis of about 100 pages.<\/p>\n<p>Currently, the Master\u2019s in English for Specific Purposes is the only one of its kind in France. It was designed particularly for young specialists of English who wish to teach English to specialists of other fields at the tertiary level (in the form of PRAG positions accessible after sitting the Agr\u00e9gation exam). This program prepares interested students to pursue a PhD in specialized discourse in English, English linguistics applied to technical fields, corpus linguistics, teaching English to specialists of other fields (LANSAD), and many other areas.<\/p>\n<p>Admission into this competitive program is based on the quality of students\u2019 application and an interview with Benjamin Delorme, the director of the program at ENS Paris-Saclay, whose e-mail is : <a href=\"mailto:delorme@ens-cachan.fr\">delorme@ens-cachan.fr<\/a>.<\/p>\n<p>Download the course brochure <a href=\"https:\/\/cloud.parisdescartes.fr\/index.php\/s\/sTmxkgAR9XD7erC\" target=\"_blank\" rel=\"noopener noreferrer\">here<\/a><\/p>\n<blockquote>\n<p><a href=\"https:\/\/odf.wordpress-test.app.u-pariscite.fr\/fr\/offre-de-formation\/master-XB\/arts-lettres-langues-ALL\/langues-litteratures-et-civilisations-etrangeres-et-regionales-etudes-anglophones-K2VO577S\/\/master-langues-litteratures-et-civilisations-etrangeres-et-regionales-parcours-etudes-anglophones-anglais-de-specialite-JRQJR4V6.html\" target=\"_blank\" rel=\"noopener noreferrer\">More information<\/a><\/p>\n<\/blockquote>\n<\/div>\n<\/div>\n<\/div>\n<p>[\/et_pb_text][\/et_pb_column][et_pb_column type=\u00a0\u00bb1_4&Prime;][\/et_pb_column][\/et_pb_row][\/et_pb_section]<\/p>\n","protected":false},"excerpt":{"rendered":"<div class=\"et_pb_row et_pb_row_0 et_pb_row_empty\"><\/div>\n<div class=\"et_pb_row et_pb_row_1 et_pb_row_empty\"><\/div>\n<p> This master\u2019s program was created thanks to a partnership between Universit\u00e9 Paris Cit\u00e9 (EILA Department and the Department of English and American Studies) and the \u00c9cole Normale Sup\u00e9rieure de Paris-Saclay. The program introduces students to specialized discourse in English, for example in the fields of science, law and economics. Students will take high-level courses&hellip; <a class=\"continue\" href=\"https:\/\/wordpress-test.app.u-pariscite.fr\/etudes-anglophones\/en\/m1-m2-in-llcer-specialization-in-english-for-specific-purposes-aspe-joint-program-with-ens-de-paris-saclay\/\">Lire la suite<span> M1 &amp; M2 in LLCER \u2013 Specialization in English for Specific Purposes (\u201cAsp\u00e9\u201d), joint program with ENS de Paris-Saclay<\/span><\/a><\/p>\n","protected":false},"author":248,"featured_media":0,"parent":0,"menu_order":0,"comment_status":"closed","ping_status":"closed","template":"","meta":{"_et_pb_use_builder":"on","_et_pb_old_content":"","_et_gb_content_width":"","footnotes":""},"class_list":["post-10221","page","type-page","status-publish","hentry"],"_links":{"self":[{"href":"https:\/\/wordpress-test.app.u-pariscite.fr\/etudes-anglophones\/wp-json\/wp\/v2\/pages\/10221","targetHints":{"allow":["GET"]}}],"collection":[{"href":"https:\/\/wordpress-test.app.u-pariscite.fr\/etudes-anglophones\/wp-json\/wp\/v2\/pages"}],"about":[{"href":"https:\/\/wordpress-test.app.u-pariscite.fr\/etudes-anglophones\/wp-json\/wp\/v2\/types\/page"}],"author":[{"embeddable":true,"href":"https:\/\/wordpress-test.app.u-pariscite.fr\/etudes-anglophones\/wp-json\/wp\/v2\/users\/248"}],"replies":[{"embeddable":true,"href":"https:\/\/wordpress-test.app.u-pariscite.fr\/etudes-anglophones\/wp-json\/wp\/v2\/comments?post=10221"}],"version-history":[{"count":3,"href":"https:\/\/wordpress-test.app.u-pariscite.fr\/etudes-anglophones\/wp-json\/wp\/v2\/pages\/10221\/revisions"}],"predecessor-version":[{"id":12231,"href":"https:\/\/wordpress-test.app.u-pariscite.fr\/etudes-anglophones\/wp-json\/wp\/v2\/pages\/10221\/revisions\/12231"}],"wp:attachment":[{"href":"https:\/\/wordpress-test.app.u-pariscite.fr\/etudes-anglophones\/wp-json\/wp\/v2\/media?parent=10221"}],"curies":[{"name":"wp","href":"https:\/\/api.w.org\/{rel}","templated":true}]}}