{"id":10037,"date":"2022-03-23T13:42:27","date_gmt":"2022-03-23T12:42:27","guid":{"rendered":"https:\/\/wordpress-test.app.u-pariscite.fr\/etudes-anglophones\/?page_id=10037"},"modified":"2024-09-12T11:19:18","modified_gmt":"2024-09-12T09:19:18","slug":"masters-professionnels","status":"publish","type":"page","link":"https:\/\/wordpress-test.app.u-pariscite.fr\/etudes-anglophones\/masters-professionnels\/","title":{"rendered":"Masters Professionnels"},"content":{"rendered":"<p>[et_pb_section bb_built=\u00a0\u00bb1&Prime; inner_width=\u00a0\u00bbauto\u00a0\u00bb inner_max_width=\u00a0\u00bbnone\u00a0\u00bb next_background_color=\u00a0\u00bb#000000&Prime;][et_pb_row][et_pb_column type=\u00a0\u00bb4_4&Prime;][et_pb_post_title _builder_version=\u00a0\u00bb3.22.1&Prime; text_shadow_horizontal_length=\u00a0\u00bbtext_shadow_style,%91object Object%93&Prime; text_shadow_vertical_length=\u00a0\u00bbtext_shadow_style,%91object Object%93&Prime; text_shadow_blur_strength=\u00a0\u00bbtext_shadow_style,%91object Object%93&Prime; title_text_shadow_horizontal_length=\u00a0\u00bbtitle_text_shadow_style,%91object Object%93&Prime; title_text_shadow_vertical_length=\u00a0\u00bbtitle_text_shadow_style,%91object Object%93&Prime; title_text_shadow_blur_strength=\u00a0\u00bbtitle_text_shadow_style,%91object Object%93&Prime; meta_text_shadow_horizontal_length=\u00a0\u00bbmeta_text_shadow_style,%91object Object%93&Prime; meta_text_shadow_vertical_length=\u00a0\u00bbmeta_text_shadow_style,%91object Object%93&Prime; meta_text_shadow_blur_strength=\u00a0\u00bbmeta_text_shadow_style,%91object Object%93&Prime; z_index_tablet=\u00a0\u00bb500&Prime; meta=\u00a0\u00bboff\u00a0\u00bb author=\u00a0\u00bboff\u00a0\u00bb \/][\/et_pb_column][\/et_pb_row][et_pb_row][et_pb_column type=\u00a0\u00bb3_4&Prime;][et_pb_text _builder_version=\u00a0\u00bb3.22.1&Prime; text_text_shadow_horizontal_length=\u00a0\u00bbtext_text_shadow_style,%91object Object%93&Prime; text_text_shadow_vertical_length=\u00a0\u00bbtext_text_shadow_style,%91object Object%93&Prime; text_text_shadow_blur_strength=\u00a0\u00bbtext_text_shadow_style,%91object Object%93&Prime; link_text_shadow_horizontal_length=\u00a0\u00bblink_text_shadow_style,%91object Object%93&Prime; link_text_shadow_vertical_length=\u00a0\u00bblink_text_shadow_style,%91object Object%93&Prime; link_text_shadow_blur_strength=\u00a0\u00bblink_text_shadow_style,%91object Object%93&Prime; ul_text_shadow_horizontal_length=\u00a0\u00bbul_text_shadow_style,%91object Object%93&Prime; ul_text_shadow_vertical_length=\u00a0\u00bbul_text_shadow_style,%91object Object%93&Prime; ul_text_shadow_blur_strength=\u00a0\u00bbul_text_shadow_style,%91object Object%93&Prime; ol_text_shadow_horizontal_length=\u00a0\u00bbol_text_shadow_style,%91object Object%93&Prime; ol_text_shadow_vertical_length=\u00a0\u00bbol_text_shadow_style,%91object Object%93&Prime; ol_text_shadow_blur_strength=\u00a0\u00bbol_text_shadow_style,%91object Object%93&Prime; quote_text_shadow_horizontal_length=\u00a0\u00bbquote_text_shadow_style,%91object Object%93&Prime; quote_text_shadow_vertical_length=\u00a0\u00bbquote_text_shadow_style,%91object Object%93&Prime; quote_text_shadow_blur_strength=\u00a0\u00bbquote_text_shadow_style,%91object Object%93&Prime; header_text_shadow_horizontal_length=\u00a0\u00bbheader_text_shadow_style,%91object Object%93&Prime; header_text_shadow_vertical_length=\u00a0\u00bbheader_text_shadow_style,%91object Object%93&Prime; header_text_shadow_blur_strength=\u00a0\u00bbheader_text_shadow_style,%91object Object%93&Prime; header_2_text_shadow_horizontal_length=\u00a0\u00bbheader_2_text_shadow_style,%91object Object%93&Prime; header_2_text_shadow_vertical_length=\u00a0\u00bbheader_2_text_shadow_style,%91object Object%93&Prime; header_2_text_shadow_blur_strength=\u00a0\u00bbheader_2_text_shadow_style,%91object Object%93&Prime; header_3_text_shadow_horizontal_length=\u00a0\u00bbheader_3_text_shadow_style,%91object Object%93&Prime; header_3_text_shadow_vertical_length=\u00a0\u00bbheader_3_text_shadow_style,%91object Object%93&Prime; header_3_text_shadow_blur_strength=\u00a0\u00bbheader_3_text_shadow_style,%91object Object%93&Prime; header_4_text_shadow_horizontal_length=\u00a0\u00bbheader_4_text_shadow_style,%91object Object%93&Prime; header_4_text_shadow_vertical_length=\u00a0\u00bbheader_4_text_shadow_style,%91object Object%93&Prime; header_4_text_shadow_blur_strength=\u00a0\u00bbheader_4_text_shadow_style,%91object Object%93&Prime; header_5_text_shadow_horizontal_length=\u00a0\u00bbheader_5_text_shadow_style,%91object Object%93&Prime; header_5_text_shadow_vertical_length=\u00a0\u00bbheader_5_text_shadow_style,%91object Object%93&Prime; header_5_text_shadow_blur_strength=\u00a0\u00bbheader_5_text_shadow_style,%91object Object%93&Prime; header_6_text_shadow_horizontal_length=\u00a0\u00bbheader_6_text_shadow_style,%91object Object%93&Prime; header_6_text_shadow_vertical_length=\u00a0\u00bbheader_6_text_shadow_style,%91object Object%93&Prime; header_6_text_shadow_blur_strength=\u00a0\u00bbheader_6_text_shadow_style,%91object Object%93&Prime; z_index_tablet=\u00a0\u00bb500&Prime;]<\/p>\n<div id=\"contenu\" class=\"et_pb_module et_pb_text et_pb_text_0 et_pb_bg_layout_light et_pb_text_align_left\">\n<h2>Candidature Master Professionnel<\/h2>\n<h2><strong>\u2013 Rentr\u00e9e 2024 &#8211; 2025<\/strong><\/h2>\n<blockquote>\n<h3><strong>Pour candidater en master 1 :<\/strong><\/h3>\n<h3>Phase de d\u00e9p\u00f4t des candidatures en formation initiale<\/h3>\n<h4>Du 26 f\u00e9vrier au 24 mars 2024<\/h4>\n<h4><strong>vous devez utiliser la plateforme nationale : Mon master <\/strong><\/h4>\n<p>Lien d&rsquo;information et de connexion \u00e0 la plateforme : <a href=\"https:\/\/www.monmaster.gouv.fr\/\">https:\/\/www.monmaster.gouv.fr\/<\/a><\/p>\n<\/blockquote>\n<blockquote>\n<h4><strong>PLATEFORME Mon master :<\/strong><\/h4>\n<p><a href=\"https:\/\/www.monmaster.gouv.fr\/master\/universite-paris-cite\/langues-litteratures-et-civilisations-etrangeres-et-regionales-23?q=lllcer&amp;position=2&amp;layout=1\">https:\/\/www.monmaster.gouv.fr\/master\/universite-paris-cite\/langues-litteratures-et-civilisations-etrangeres-et-regionales-23?q=lllcer&amp;position=2&amp;layout=1<\/a><\/p>\n<h4>Nos formations sur la plateforme Mon master :<\/h4>\n<p><a href=\"https:\/\/www.monmaster.gouv.fr\/master\/universite-paris-cite\/langues-litteratures-et-civilisations-etrangeres-et-regionales-23?sort=nomenclature&amp;institution=universit%C3%A9%20Paris%20cit%C3%A9&amp;localisation%5Bvalue%5D=PARIS%20%2875000%29&amp;localisation%5Bdistance%5D=10&amp;p=4&amp;position=38&amp;layout=1\">https:\/\/www.monmaster.gouv.fr\/master\/universite-paris-cite\/langues-litteratures-et-civilisations-etrangeres-et-regionales-23?sort=nomenclature&amp;institution=universit%C3%A9%20Paris%20cit%C3%A9&amp;localisation%5Bvalue%5D=PARIS%20%2875000%29&amp;localisation%5Bdistance%5D=10&amp;p=4&amp;position=38&amp;layout=1<\/a><\/p>\n<\/blockquote>\n<blockquote>\n<h4><strong>Pr\u00e9cisions candidature master 1 traduction litt\u00e9raire :<\/strong><\/h4>\n<p>Les pi\u00e8ces demand\u00e9es pour le dossier de candidature, outre le CV (en fran\u00e7ais), sont une lettre de motivation et une fiche de lecture.<\/p>\n<p>La lettre de motivation doit \u00eatre r\u00e9dig\u00e9e en fran\u00e7ais.<\/p>\n<p>Vous devez y indiquer ce qui vous pousse \u00e0 candidater \u00e0 un master de traduction litt\u00e9raire\u00a0: quel est votre projet professionnel, quel est votre rapport \u00e0 la litt\u00e9rature, quel(s) type(s) d\u2019ouvrage(s) vous envisageriez de traduire, quelle connaissance vous avez du monde anglophone. Vous pouvez \u00e9galement expliciter votre rapport \u00e0 la traduction, et comment vous voyez cet exercice, sa fonction, son importance. Longueur\u00a0: un recto-verso maximum.<\/p>\n<p>\u00a0<\/p>\n<p>La fiche de lecture doit porter sur un ouvrage anglophone, de pr\u00e9f\u00e9rence non traduit, qui a retenu votre attention. Une fiche de lecture comporte une pr\u00e9sentation du roman (titre, ann\u00e9e et lieu de parution, genre). Elle se compl\u00e8te d\u2019une courte pr\u00e9sentation de l\u2019auteur.ice (quelques lignes), d\u2019un court r\u00e9sum\u00e9 de l\u2019ouvrage (deux-trois paragraphes maximum), d\u2019une pr\u00e9sentation de son int\u00e9r\u00eat (th\u00e9matique(s), qualit\u00e9, \u00e9criture, public vis\u00e9) et d\u2019un argumentaire (un paragraphe) justifiant de son int\u00e9r\u00eat pour la publication. Longueur\u00a0: un recto-verso maximum.<\/p>\n<\/blockquote>\n<h4>\u00a0<\/h4>\n<blockquote>\n<h4><strong>Pour les entretiens d&rsquo;admission en master 1 et seulement si votre dossier est retenu vous serez convoqu\u00e9 :<\/strong><\/h4>\n<p>Pour le <strong>master 1 Intelligence et innovation culturelles<\/strong> les entretiens d&rsquo;admission auront lieu<strong> les mardi 21 et mercredi 22 mai 2024 salle 347 du b\u00e2timent Olympe de Gouges<\/strong> (si votre dossier est retenu vous serez convoqu\u00e9).<\/p>\n<p>\u00a0<\/p>\n<p>Pour le <strong>master 1 Traduction litt\u00e9raire<\/strong> les entretiens d&rsquo;admission auront lieu<strong> le lundi 6 mai 2024 salle 317 du b\u00e2timent Olympe de Gouges<\/strong> (si votre dossier est retenu vous serez convoqu\u00e9).<\/p>\n<\/blockquote>\n<p>\u00a0<\/p>\n<blockquote>\n<h3><strong>Pour candidater en master 2 :<br \/><\/strong><\/h3>\n<h4><strong>vous devez utiliser la plateforme E-candidat de l&rsquo;universit\u00e9 Paris Cit\u00e9<\/strong><\/h4>\n<h4><strong>du 4 mars au 17 mai 2024 date limite sur la plateforme E-Candidat de l&rsquo;universit\u00e9 Paris Cit\u00e9<\/strong><\/h4>\n<p>Retrouvez toutes les informations sur la<a href=\"https:\/\/wordpress-test.app.u-pariscite.fr\/candidature-via-ecandidat\/\"> candidature via E-candidat.<\/a><\/p>\n<\/blockquote>\n<p>\u00a0<\/p>\n<blockquote>\n<h4><strong>Pour les entretiens d&rsquo;admission en master 2 et seulement si votre dossier est retenu vous serez convoqu\u00e9 :<\/strong><\/h4>\n<p>Pour le master 2 Intelligence et innovation culturelles les entretiens d&rsquo;admission auront lieu<strong> le mercredi 12 juin 2024 salle 347 du b\u00e2timent Olympe de Gouges<\/strong> (si votre dossier est retenu vous serez convoqu\u00e9).<\/p>\n<p>\u00a0<\/p>\n<p>Pour le master 2 Traduction litt\u00e9raire les entretiens d&rsquo;admission auront lieu<strong> le mardi 11 juin 2024<\/strong> (si votre dossier est retenu vous serez convoqu\u00e9, le lieu de l&rsquo;entretien sera annonc\u00e9 dans la convocation).<\/p>\n<\/blockquote>\n<p>\u00a0<\/p>\n<blockquote>\n<p>Mme Rouquette reste \u00e0 votre disposition si vous avez d\u2019autres questions.<\/p>\n<p>sophie.rouquette@wordpress-test.app.u-pariscite.fr<\/p>\n<\/blockquote>\n<p>\u00a0<\/p>\n<hr \/>\n<div id=\"contenu\" class=\"et_pb_module et_pb_text et_pb_text_0 et_pb_bg_layout_light et_pb_text_align_left\">\n<div class=\"et_pb_text_inner\">\n<div class=\"et_pb_module et_pb_text et_pb_text_8 et_pb_bg_layout_light et_pb_text_align_left\">\n<div class=\"et_pb_text_inner\">\n<div class=\"et_pb_module et_pb_text et_pb_text_9 et_pb_bg_layout_light et_pb_text_align_left\">\n<div class=\"et_pb_text_inner\">\n<h2>Masters Professionnels<\/h2>\n<h3>Masters Langues, litt\u00e9ratures, Civilisations \u00c9trang\u00e8res et R\u00e9gionales (LLCER)<\/h3>\n<blockquote>\n<p>\u00a0<\/p>\n<ul>\n<li>\n<h3>Master 1 et Master 2 LLCER \u2013 Parcours <strong>Sp\u00e9cialit\u00e9 Intelligence et innovation culturelles<\/strong> (I.I.C.)<\/h3>\n<\/li>\n<li>\n<h3>Master 1 I.I.C.<\/h3>\n<\/li>\n<li>R\u00e9union de rentr\u00e9e mercredi<strong> 11 septembre 2024<\/strong> \u00e0 17h00 salle 347 du b\u00e2timent Olympe de Gouges<\/li>\n<li>D\u00e9but des cours le <strong>lundi 16 septembre 2024<\/strong><\/li>\n<li><a href=\"https:\/\/cloud.parisdescartes.fr\/index.php\/s\/Gt9GCa4cfSf88WZ\">Brochure de la formation 2024-2025<\/a><\/li>\n<\/ul>\n<p>\u00a0<\/p>\n<ul>\n<li>\n<h3>Master 2 I.I.C.<\/h3>\n<\/li>\n<li>\n<p>D\u00e9but de la formation : <strong>lundi 2 septembre 2024<\/strong><\/p>\n<\/li>\n<li>\n<p><a href=\"https:\/\/cloud.parisdescartes.fr\/index.php\/s\/Gt9GCa4cfSf88WZ\">Brochure de la formation 2024-2025<\/a><\/p>\n<\/li>\n<\/ul>\n<\/blockquote>\n<p>\u00a0<\/p>\n<p>&#8212;&#8212;&#8212;&#8212;&#8212;&#8212;&#8212;&#8212;&#8212;&#8212;&#8212;&#8212;&#8212;&#8212;&#8212;&#8212;&#8212;&#8212;&#8212;&#8212;&#8212;&#8212;&#8212;&#8212;&#8212;&#8212;&#8212;&#8212;&#8212;&#8212;&#8212;&#8212;&#8212;-<\/p>\n<blockquote>\n<ul>\n<li>\n<h3>Master 1 et Master 2 LLCER \u2013 Parcours <strong>Traduction litt\u00e9raire<\/strong><\/h3>\n<p><a href=\"https:\/\/cloud.parisdescartes.fr\/index.php\/s\/WrnAoWyQyjbz2XD\" target=\"_blank\" rel=\"noopener noreferrer\">\u00a0Brochure de la formation 2024-2025<\/a><\/p>\n<\/li>\n<\/ul>\n<\/blockquote>\n<p>\u00a0<\/p>\n<hr \/>\n<p>\u00a0<\/p>\n<blockquote>\n<p>Consulter la totalit\u00e9 de l\u2019<a href=\"https:\/\/odf.wordpress-test.app.u-pariscite.fr\/fr\/offre-de-formation-par-faculte\/offre-de-formation-de-la-faculte-societes-et-humanites.html\" target=\"_blank\" rel=\"noopener noreferrer\">offre de formation<\/a> de la Facult\u00e9 Soci\u00e9t\u00e9s &amp; Humanit\u00e9s.<\/p>\n<\/blockquote>\n<\/div>\n<\/div>\n<\/div>\n<\/div>\n<\/div>\n<\/div>\n<\/div>\n<p>[\/et_pb_text][\/et_pb_column][et_pb_column type=\u00a0\u00bb1_4&Prime;][et_pb_text _builder_version=\u00a0\u00bb3.22.1&Prime; text_text_shadow_horizontal_length=\u00a0\u00bbtext_text_shadow_style,%91object Object%93&Prime; text_text_shadow_vertical_length=\u00a0\u00bbtext_text_shadow_style,%91object Object%93&Prime; text_text_shadow_blur_strength=\u00a0\u00bbtext_text_shadow_style,%91object Object%93&Prime; link_text_shadow_horizontal_length=\u00a0\u00bblink_text_shadow_style,%91object Object%93&Prime; link_text_shadow_vertical_length=\u00a0\u00bblink_text_shadow_style,%91object Object%93&Prime; link_text_shadow_blur_strength=\u00a0\u00bblink_text_shadow_style,%91object Object%93&Prime; ul_text_shadow_horizontal_length=\u00a0\u00bbul_text_shadow_style,%91object Object%93&Prime; ul_text_shadow_vertical_length=\u00a0\u00bbul_text_shadow_style,%91object Object%93&Prime; ul_text_shadow_blur_strength=\u00a0\u00bbul_text_shadow_style,%91object Object%93&Prime; ol_text_shadow_horizontal_length=\u00a0\u00bbol_text_shadow_style,%91object Object%93&Prime; ol_text_shadow_vertical_length=\u00a0\u00bbol_text_shadow_style,%91object Object%93&Prime; ol_text_shadow_blur_strength=\u00a0\u00bbol_text_shadow_style,%91object Object%93&Prime; quote_text_shadow_horizontal_length=\u00a0\u00bbquote_text_shadow_style,%91object Object%93&Prime; quote_text_shadow_vertical_length=\u00a0\u00bbquote_text_shadow_style,%91object Object%93&Prime; quote_text_shadow_blur_strength=\u00a0\u00bbquote_text_shadow_style,%91object Object%93&Prime; header_text_shadow_horizontal_length=\u00a0\u00bbheader_text_shadow_style,%91object Object%93&Prime; header_text_shadow_vertical_length=\u00a0\u00bbheader_text_shadow_style,%91object Object%93&Prime; header_text_shadow_blur_strength=\u00a0\u00bbheader_text_shadow_style,%91object Object%93&Prime; header_2_text_shadow_horizontal_length=\u00a0\u00bbheader_2_text_shadow_style,%91object Object%93&Prime; header_2_text_shadow_vertical_length=\u00a0\u00bbheader_2_text_shadow_style,%91object Object%93&Prime; header_2_text_shadow_blur_strength=\u00a0\u00bbheader_2_text_shadow_style,%91object Object%93&Prime; header_3_text_shadow_horizontal_length=\u00a0\u00bbheader_3_text_shadow_style,%91object Object%93&Prime; header_3_text_shadow_vertical_length=\u00a0\u00bbheader_3_text_shadow_style,%91object Object%93&Prime; header_3_text_shadow_blur_strength=\u00a0\u00bbheader_3_text_shadow_style,%91object Object%93&Prime; header_4_text_shadow_horizontal_length=\u00a0\u00bbheader_4_text_shadow_style,%91object Object%93&Prime; header_4_text_shadow_vertical_length=\u00a0\u00bbheader_4_text_shadow_style,%91object Object%93&Prime; header_4_text_shadow_blur_strength=\u00a0\u00bbheader_4_text_shadow_style,%91object Object%93&Prime; header_5_text_shadow_horizontal_length=\u00a0\u00bbheader_5_text_shadow_style,%91object Object%93&Prime; header_5_text_shadow_vertical_length=\u00a0\u00bbheader_5_text_shadow_style,%91object Object%93&Prime; header_5_text_shadow_blur_strength=\u00a0\u00bbheader_5_text_shadow_style,%91object Object%93&Prime; header_6_text_shadow_horizontal_length=\u00a0\u00bbheader_6_text_shadow_style,%91object Object%93&Prime; header_6_text_shadow_vertical_length=\u00a0\u00bbheader_6_text_shadow_style,%91object Object%93&Prime; header_6_text_shadow_blur_strength=\u00a0\u00bbheader_6_text_shadow_style,%91object Object%93&Prime; z_index_tablet=\u00a0\u00bb500&Prime;]<\/p>\n<h4>Contact<\/h4>\n<p><strong>Responsable de la scolarit\u00e9 :<\/strong><br \/><a class=\"mailto\" href=\"mailto:sophie.rouquette@wordpress-test.app.u-pariscite.fr\">sophie.rouquette@wordpress-test.app.u-pariscite.fr<\/a><\/p>\n<p>&nbsp;<\/p>\n<p><strong>Responsable du Master I.I.C :<\/strong><br \/><a href=\"mailto:stephane.gresset@wordpress-test.app.u-pariscite.fr\">catherine.bernard@wordpress-test.app.u-pariscite.fr<\/a><br \/><a href=\"mailto:sara.thornton@wordpress-test.app.u-pariscite.fr\">sara.thornton@wordpress-test.app.u-pariscite.fr<\/a><\/p>\n<p>&nbsp;<\/p>\n<p><strong>Responsable du Master 1 Traduction Litt\u00e9raire :<\/strong><br \/>(nom de l&rsquo;enseignant \u00e0 venir)<\/p>\n<p>&nbsp;<\/p>\n<p><strong>Responsable du Master 2 Traduction Litt\u00e9raire :<\/strong><br \/>Antoine Caz\u00e9<\/p>\n<p>antoine.caze@wordpress-test.app.u-pariscite.fr<\/p>\n<p>&nbsp;<\/p>\n<p>&nbsp;<\/p>\n<p>&nbsp;<\/p>\n<p>&nbsp;<\/p>\n<p>&nbsp;<\/p>\n<p><strong>UFR Etudes Anglophones<\/strong><br \/>B\u00e2timent Olympe de Gouges<\/p>\n<p>8 place Paul Ricoeur<\/p>\n<p>75013 Paris<\/p>\n<p>[\/et_pb_text][\/et_pb_column][\/et_pb_row][\/et_pb_section][et_pb_section bb_built=\u00a0\u00bb1&Prime; specialty=\u00a0\u00bboff\u00a0\u00bb _builder_version=\u00a0\u00bb3.21&Prime; custom_padding=\u00a0\u00bb0px||0px|\u00a0\u00bb prev_background_color=\u00a0\u00bb#000000&Prime; inner_width=\u00a0\u00bbauto\u00a0\u00bb inner_max_width=\u00a0\u00bbnone\u00a0\u00bb][et_pb_row _builder_version=\u00a0\u00bb3.19.11&Prime; width=\u00a0\u00bb80%\u00a0\u00bb max_width=\u00a0\u00bb1080px\u00a0\u00bb][et_pb_column type=\u00a0\u00bb4_4&Prime;][et_pb_text admin_label=\u00a0\u00bb\u00c0 lire aussi\u00a0\u00bb _builder_version=\u00a0\u00bb3.22.1&Prime;]<\/p>\n<h2><span class=\"st\">\u00c0<\/span> lire aussi<\/h2>\n<p>[\/et_pb_text][et_pb_blog _builder_version=\u00a0\u00bb3.21&Prime; posts_number=\u00a0\u00bb4&Prime; include_categories=\u00a0\u00bb13&Prime; show_author=\u00a0\u00bboff\u00a0\u00bb show_date=\u00a0\u00bboff\u00a0\u00bb show_pagination=\u00a0\u00bboff\u00a0\u00bb border_width_bottom_fullwidth=\u00a0\u00bb1px\u00a0\u00bb border_color_bottom_fullwidth=\u00a0\u00bbrgba(51,51,51,0.18)\u00a0\u00bb custom_padding=\u00a0\u00bb||50px|\u00a0\u00bb module_id=\u00a0\u00bbpage_type_blog\u00a0\u00bb header_level=\u00a0\u00bbh4&Prime; \/][\/et_pb_column][\/et_pb_row][\/et_pb_section]<\/p>\n","protected":false},"excerpt":{"rendered":"<div class=\"et_pb_row et_pb_row_0 et_pb_row_empty\"><\/div>\n<div class=\"et_pb_row et_pb_row_1 et_pb_row_empty\"><\/div>\n<p> Candidature Master Professionnel\u2013 Rentr\u00e9e 2024 &#8211; 2025Pour candidater en master 1 :Phase de d\u00e9p\u00f4t des candidatures en formation initialeDu 26 f\u00e9vrier au 24 mars 2024vous devez utiliser la plateforme nationale : Mon master Lien d&rsquo;information et de connexion \u00e0 la plateforme : https:\/\/www.monmaster.gouv.fr\/PLATEFORME Mon master :https:\/\/www.monmaster.gouv.fr\/master\/universite-paris-cite\/langues-litteratures-et-civilisations-etrangeres-et-regionales-23?q=lllcer&amp;position=2&amp;layout=1Nos formations sur la plateforme Mon master :https:\/\/www.monmaster.gouv.fr\/master\/universite-paris-cite\/langues-litteratures-et-civilisations-etrangeres-et-regionales-23?sort=nomenclature&amp;institution=universit%C3%A9%20Paris%20cit%C3%A9&amp;localisation%5Bvalue%5D=PARIS%20%2875000%29&amp;localisation%5Bdistance%5D=10&amp;p=4&amp;position=38&amp;layout=1Pr\u00e9cisions candidature&hellip; <a class=\"continue\" href=\"https:\/\/wordpress-test.app.u-pariscite.fr\/etudes-anglophones\/masters-professionnels\/\">Lire la suite<span> Masters Professionnels<\/span><\/a><\/p>\n","protected":false},"author":36,"featured_media":0,"parent":0,"menu_order":0,"comment_status":"closed","ping_status":"closed","template":"","meta":{"_et_pb_use_builder":"on","_et_pb_old_content":"","_et_gb_content_width":"","footnotes":""},"class_list":["post-10037","page","type-page","status-publish","hentry"],"_links":{"self":[{"href":"https:\/\/wordpress-test.app.u-pariscite.fr\/etudes-anglophones\/wp-json\/wp\/v2\/pages\/10037","targetHints":{"allow":["GET"]}}],"collection":[{"href":"https:\/\/wordpress-test.app.u-pariscite.fr\/etudes-anglophones\/wp-json\/wp\/v2\/pages"}],"about":[{"href":"https:\/\/wordpress-test.app.u-pariscite.fr\/etudes-anglophones\/wp-json\/wp\/v2\/types\/page"}],"author":[{"embeddable":true,"href":"https:\/\/wordpress-test.app.u-pariscite.fr\/etudes-anglophones\/wp-json\/wp\/v2\/users\/36"}],"replies":[{"embeddable":true,"href":"https:\/\/wordpress-test.app.u-pariscite.fr\/etudes-anglophones\/wp-json\/wp\/v2\/comments?post=10037"}],"version-history":[{"count":79,"href":"https:\/\/wordpress-test.app.u-pariscite.fr\/etudes-anglophones\/wp-json\/wp\/v2\/pages\/10037\/revisions"}],"predecessor-version":[{"id":12236,"href":"https:\/\/wordpress-test.app.u-pariscite.fr\/etudes-anglophones\/wp-json\/wp\/v2\/pages\/10037\/revisions\/12236"}],"wp:attachment":[{"href":"https:\/\/wordpress-test.app.u-pariscite.fr\/etudes-anglophones\/wp-json\/wp\/v2\/media?parent=10037"}],"curies":[{"name":"wp","href":"https:\/\/api.w.org\/{rel}","templated":true}]}}