{"id":811,"date":"2021-06-14T12:16:55","date_gmt":"2021-06-14T10:16:55","guid":{"rendered":"https:\/\/wordpress-test.app.u-pariscite.fr\/eila\/?page_id=811"},"modified":"2024-06-12T15:07:02","modified_gmt":"2024-06-12T13:07:02","slug":"tarifs","status":"publish","type":"page","link":"https:\/\/wordpress-test.app.u-pariscite.fr\/eila\/tarifs\/","title":{"rendered":"Tarifs pour la Formation Continue et Professionnelle"},"content":{"rendered":"<p>[et_pb_section bb_built=\u00a0\u00bb1&Prime; next_background_color=\u00a0\u00bb#000000&Prime; inner_width=\u00a0\u00bbauto\u00a0\u00bb inner_max_width=\u00a0\u00bbnone\u00a0\u00bb][et_pb_row _builder_version=\u00a0\u00bb3.22.1&Prime;][et_pb_column type=\u00a0\u00bb4_4&Prime;][et_pb_post_title admin_label=\u00a0\u00bbTitre de la page\u00a0\u00bb _builder_version=\u00a0\u00bb3.22.1&Prime; meta=\u00a0\u00bboff\u00a0\u00bb featured_image=\u00a0\u00bboff\u00a0\u00bb \/][\/et_pb_column][\/et_pb_row][et_pb_row _builder_version=\u00a0\u00bb3.22.1&Prime;][et_pb_column type=\u00a0\u00bb3_4&Prime;][et_pb_text _builder_version=\u00a0\u00bb3.22.1&Prime; module_id=\u00a0\u00bbcontenu\u00a0\u00bb text_text_shadow_horizontal_length=\u00a0\u00bbtext_text_shadow_style,%91object Object%93&Prime; text_text_shadow_vertical_length=\u00a0\u00bbtext_text_shadow_style,%91object Object%93&Prime; text_text_shadow_blur_strength=\u00a0\u00bbtext_text_shadow_style,%91object Object%93&Prime; link_text_shadow_horizontal_length=\u00a0\u00bblink_text_shadow_style,%91object Object%93&Prime; link_text_shadow_vertical_length=\u00a0\u00bblink_text_shadow_style,%91object Object%93&Prime; link_text_shadow_blur_strength=\u00a0\u00bblink_text_shadow_style,%91object Object%93&Prime; ul_text_shadow_horizontal_length=\u00a0\u00bbul_text_shadow_style,%91object Object%93&Prime; ul_text_shadow_vertical_length=\u00a0\u00bbul_text_shadow_style,%91object Object%93&Prime; ul_text_shadow_blur_strength=\u00a0\u00bbul_text_shadow_style,%91object Object%93&Prime; ol_text_shadow_horizontal_length=\u00a0\u00bbol_text_shadow_style,%91object Object%93&Prime; ol_text_shadow_vertical_length=\u00a0\u00bbol_text_shadow_style,%91object Object%93&Prime; ol_text_shadow_blur_strength=\u00a0\u00bbol_text_shadow_style,%91object Object%93&Prime; quote_text_shadow_horizontal_length=\u00a0\u00bbquote_text_shadow_style,%91object Object%93&Prime; quote_text_shadow_vertical_length=\u00a0\u00bbquote_text_shadow_style,%91object Object%93&Prime; quote_text_shadow_blur_strength=\u00a0\u00bbquote_text_shadow_style,%91object Object%93&Prime; header_text_shadow_horizontal_length=\u00a0\u00bbheader_text_shadow_style,%91object Object%93&Prime; header_text_shadow_vertical_length=\u00a0\u00bbheader_text_shadow_style,%91object Object%93&Prime; header_text_shadow_blur_strength=\u00a0\u00bbheader_text_shadow_style,%91object Object%93&Prime; header_2_text_shadow_horizontal_length=\u00a0\u00bbheader_2_text_shadow_style,%91object Object%93&Prime; header_2_text_shadow_vertical_length=\u00a0\u00bbheader_2_text_shadow_style,%91object Object%93&Prime; header_2_text_shadow_blur_strength=\u00a0\u00bbheader_2_text_shadow_style,%91object Object%93&Prime; header_3_text_shadow_horizontal_length=\u00a0\u00bbheader_3_text_shadow_style,%91object Object%93&Prime; header_3_text_shadow_vertical_length=\u00a0\u00bbheader_3_text_shadow_style,%91object Object%93&Prime; header_3_text_shadow_blur_strength=\u00a0\u00bbheader_3_text_shadow_style,%91object Object%93&Prime; header_4_text_shadow_horizontal_length=\u00a0\u00bbheader_4_text_shadow_style,%91object Object%93&Prime; header_4_text_shadow_vertical_length=\u00a0\u00bbheader_4_text_shadow_style,%91object Object%93&Prime; header_4_text_shadow_blur_strength=\u00a0\u00bbheader_4_text_shadow_style,%91object Object%93&Prime; header_5_text_shadow_horizontal_length=\u00a0\u00bbheader_5_text_shadow_style,%91object Object%93&Prime; header_5_text_shadow_vertical_length=\u00a0\u00bbheader_5_text_shadow_style,%91object Object%93&Prime; header_5_text_shadow_blur_strength=\u00a0\u00bbheader_5_text_shadow_style,%91object Object%93&Prime; header_6_text_shadow_horizontal_length=\u00a0\u00bbheader_6_text_shadow_style,%91object Object%93&Prime; header_6_text_shadow_vertical_length=\u00a0\u00bbheader_6_text_shadow_style,%91object Object%93&Prime; header_6_text_shadow_blur_strength=\u00a0\u00bbheader_6_text_shadow_style,%91object Object%93&Prime; z_index_tablet=\u00a0\u00bb500&Prime;]<\/p>\n<div class=\"page\" title=\"Page 1\">\n<div class=\"layoutArea\">\n<div class=\"column\">\n<h3 id=\"frais_de_formation\" class=\"sectionedit2\">Frais de formation et frais de dossier<\/h3>\n<p><a href=\"https:\/\/wordpress-test.app.u-pariscite.fr\/eila\/wp-content\/uploads\/sites\/42\/2024\/06\/TARIFS-2024-2025-TABLEAU-DEFINITIF-SH-DU-FQ.pdf\">TABLEAU DES TARIFS 2024-2025<\/a><\/p>\n<div class=\"level3\">\n<p><strong>Pour l&rsquo;inscription administrative en DU (dipl\u00f4me d&rsquo;universit\u00e9)<\/strong>, s&rsquo;ajoutent aux frais de formation des frais de dossier d&rsquo;un montant fix\u00e9 \u00e0 300 \u20ac (cf tableau des tarifs ci-dessus).<\/p>\n<p>exemple : si vous \u00eates admis en DULASC, en individuel, vous devrez r\u00e9gler les frais de formation de ce DU de 1050 \u20ac + les frais de dossier de 300 \u20ac, soit un total d\u00fb de 1 350 \u20ac.<\/p>\n<p><strong>Attention :<br \/><\/strong>Pas de proc\u00e9dure VAPP (validation des acquis personnels et professionnels) pour les DU et pas de prise en charge CPF (compte personnel de formation).<\/p>\n<p>De m\u00eame, le statut de boursier n&rsquo;est pas compatible avec les DU : les \u00e9tudiant.e.s boursier.e.s ne sont donc pas dispens\u00e9.e.s des droits de formations professionnelles (frais de formation et frais de dossier).<\/p>\n<p>Les \u00e9tudiant.e.s inscrit.e.s dans un Dipl\u00f4me National ou Dipl\u00f4me d\u2019\u00c9tat en formation initiale \u00e0 l&rsquo;Universit\u00e9 Paris Cit\u00e9, ex Paris Diderot, ex Paris Descartes ou \u00e0 l&rsquo;IPGP sont exon\u00e9r\u00e9.e.s des frais de dossier en DU mais doivent s&rsquo;acquitter des frais de formation.<\/p>\n<p><strong>CVEC (contribution \u00e0 la vie \u00e9tudiante et de campus) :<\/strong> Les \u00e9tudiants inscrits en DU \u00e9tant stagiaires de formation professionnelle (ex-formation continue), sont exon\u00e9r\u00e9s du paiement de la CVEC.<\/p>\n<p>Si vous la payez par erreur, cette cotisation pourra \u00eatre rembours\u00e9e par le CROUS en fournissant une attestation sp\u00e9cifique.<\/p>\n<p><strong>Cas particuliers<\/strong> (prise en charge par un organisme payeur, une entreprise, un OPCO, le CPF\u2026) : nous contacter.<\/p>\n<div class=\"noteimportant\"><strong>Montants des tarifs indiqu\u00e9s sous r\u00e9serve de modification et de validation du Conseil d\u2019Administration pour l\u2019ann\u00e9e universitaire en cours.<br \/><\/strong><\/div>\n<div>\u00a0<\/div>\n<p>\u00a0<\/p>\n<\/div>\n<h4 id=\"contact\" class=\"sectionedit3\">Contact<\/h4>\n<div class=\"level3\">\n<p>Pour plus d&rsquo;informations :<\/p>\n<p>&gt; <a href=\"mailto:fcp.eila@wordpress-test.app.u-pariscite.fr\">fcp.eila@wordpress-test.app.u-pariscite.fr<\/a><\/p>\n<p>Contacts particuliers pour <strong>le DULCIF et le FLE<\/strong> :<\/p>\n<p>&gt; <a href=\"mailto:dulcif.eila@wordpress-test.app.u-pariscite.fr\">dulcif.eila@wordpress-test.app.u-pariscite.fr<\/a><\/p>\n<p>&gt;<a href=\"mailto:fcp.eila@wordpress-test.app.u-pariscite.fr\"> fcp.eila@wordpress-test.app.u-pariscite.fr<\/a><\/p>\n<p>\u00a0<\/p>\n<\/div>\n<\/div>\n<\/div>\n<\/div>\n<p>[\/et_pb_text][\/et_pb_column][et_pb_column type=\u00a0\u00bb1_4&Prime;][\/et_pb_column][\/et_pb_row][\/et_pb_section][et_pb_section bb_built=\u00a0\u00bb1&Prime; specialty=\u00a0\u00bboff\u00a0\u00bb _builder_version=\u00a0\u00bb3.21&Prime; custom_padding=\u00a0\u00bb0px||0px|\u00a0\u00bb prev_background_color=\u00a0\u00bb#000000&Prime; inner_width=\u00a0\u00bbauto\u00a0\u00bb inner_max_width=\u00a0\u00bbnone\u00a0\u00bb][et_pb_row _builder_version=\u00a0\u00bb3.19.11&Prime; width=\u00a0\u00bb80%\u00a0\u00bb max_width=\u00a0\u00bb1080px\u00a0\u00bb][et_pb_column type=\u00a0\u00bb4_4&Prime;][et_pb_text admin_label=\u00a0\u00bb\u00c0 lire aussi\u00a0\u00bb _builder_version=\u00a0\u00bb3.21&Prime;]<\/p>\n<h2><span class=\"st\">\u00c0<\/span> lire aussi<\/h2>\n<p>[\/et_pb_text][et_pb_blog _builder_version=\u00a0\u00bb3.21&Prime; posts_number=\u00a0\u00bb4&Prime; include_categories=\u00a0\u00bb13&Prime; show_author=\u00a0\u00bboff\u00a0\u00bb show_date=\u00a0\u00bboff\u00a0\u00bb show_pagination=\u00a0\u00bboff\u00a0\u00bb border_width_bottom_fullwidth=\u00a0\u00bb1px\u00a0\u00bb border_color_bottom_fullwidth=\u00a0\u00bbrgba(51,51,51,0.18)\u00a0\u00bb custom_padding=\u00a0\u00bb||50px|\u00a0\u00bb module_id=\u00a0\u00bbpage_type_blog\u00a0\u00bb header_level=\u00a0\u00bbh4&Prime; \/][\/et_pb_column][\/et_pb_row][\/et_pb_section]<\/p>\n","protected":false},"excerpt":{"rendered":"<p>Frais de formation et frais de dossierTABLEAU DES TARIFS 2024-2025Pour l&rsquo;inscription administrative en DU (dipl\u00f4me d&rsquo;universit\u00e9), s&rsquo;ajoutent aux frais de formation des frais de dossier d&rsquo;un montant fix\u00e9 \u00e0 300 \u20ac (cf tableau des tarifs ci-dessus).exemple : si vous \u00eates admis en DULASC, en individuel, vous devrez r\u00e9gler les frais de formation de ce DU&hellip; <a class=\"continue\" href=\"https:\/\/wordpress-test.app.u-pariscite.fr\/eila\/tarifs\/\">Lire la suite<span> Tarifs pour la Formation Continue et Professionnelle<\/span><\/a><\/p>\n","protected":false},"author":267,"featured_media":0,"parent":0,"menu_order":0,"comment_status":"closed","ping_status":"closed","template":"","meta":{"_et_pb_use_builder":"on","_et_pb_old_content":"","_et_gb_content_width":"","footnotes":""},"class_list":["post-811","page","type-page","status-publish","hentry"],"_links":{"self":[{"href":"https:\/\/wordpress-test.app.u-pariscite.fr\/eila\/wp-json\/wp\/v2\/pages\/811","targetHints":{"allow":["GET"]}}],"collection":[{"href":"https:\/\/wordpress-test.app.u-pariscite.fr\/eila\/wp-json\/wp\/v2\/pages"}],"about":[{"href":"https:\/\/wordpress-test.app.u-pariscite.fr\/eila\/wp-json\/wp\/v2\/types\/page"}],"author":[{"embeddable":true,"href":"https:\/\/wordpress-test.app.u-pariscite.fr\/eila\/wp-json\/wp\/v2\/users\/267"}],"replies":[{"embeddable":true,"href":"https:\/\/wordpress-test.app.u-pariscite.fr\/eila\/wp-json\/wp\/v2\/comments?post=811"}],"version-history":[{"count":27,"href":"https:\/\/wordpress-test.app.u-pariscite.fr\/eila\/wp-json\/wp\/v2\/pages\/811\/revisions"}],"predecessor-version":[{"id":5128,"href":"https:\/\/wordpress-test.app.u-pariscite.fr\/eila\/wp-json\/wp\/v2\/pages\/811\/revisions\/5128"}],"wp:attachment":[{"href":"https:\/\/wordpress-test.app.u-pariscite.fr\/eila\/wp-json\/wp\/v2\/media?parent=811"}],"curies":[{"name":"wp","href":"https:\/\/api.w.org\/{rel}","templated":true}]}}