{"id":583,"date":"2021-06-10T16:25:38","date_gmt":"2021-06-10T14:25:38","guid":{"rendered":"https:\/\/wordpress-test.app.u-pariscite.fr\/eila\/?page_id=583"},"modified":"2023-03-16T23:48:22","modified_gmt":"2023-03-16T22:48:22","slug":"pecman-mojca","status":"publish","type":"page","link":"https:\/\/wordpress-test.app.u-pariscite.fr\/eila\/pecman-mojca\/","title":{"rendered":"Pecman Mojca"},"content":{"rendered":"<p>&nbsp;<\/p>\n<p><img loading=\"lazy\" decoding=\"async\" class=\"alignnone wp-image-3898\" src=\"https:\/\/wordpress-test.app.u-pariscite.fr\/eila\/wp-content\/uploads\/sites\/42\/2023\/03\/photo_mp_2023-300x300.jpg\" alt=\"\" width=\"194\" height=\"194\" srcset=\"https:\/\/wordpress-test.app.u-pariscite.fr\/eila\/wp-content\/uploads\/sites\/42\/2023\/03\/photo_mp_2023-300x300.jpg 300w, https:\/\/wordpress-test.app.u-pariscite.fr\/eila\/wp-content\/uploads\/sites\/42\/2023\/03\/photo_mp_2023-150x150.jpg 150w, https:\/\/wordpress-test.app.u-pariscite.fr\/eila\/wp-content\/uploads\/sites\/42\/2023\/03\/photo_mp_2023-768x768.jpg 768w, https:\/\/wordpress-test.app.u-pariscite.fr\/eila\/wp-content\/uploads\/sites\/42\/2023\/03\/photo_mp_2023-1024x1024.jpg 1024w, https:\/\/wordpress-test.app.u-pariscite.fr\/eila\/wp-content\/uploads\/sites\/42\/2023\/03\/photo_mp_2023-1080x1080.jpg 1080w\" sizes=\"(max-width: 194px) 100vw, 194px\" \/><\/p>\n<div class=\"et_pb_module et_pb_text et_pb_text_0 et_pb_bg_layout_light et_pb_text_align_left\">\n<div class=\"et_pb_text_inner\">\n<h3>Professeure en Linguistique anglaise<\/h3>\n<p><a href=\"mailto:stephane.patin@wordpress-test.app.u-pariscite.fr\">mojca.pecman@wordpress-test.app.u-pariscite.fr<\/a><br \/>\nbureau 731 (bat. Olympe de Gouges, 7e \u00e9tage), adresse postale : Universit\u00e9 Paris Cit\u00e9 \u2013 Campus des Grands Moulins \u2013 B\u00e2timent Olympe de Gouges, Place Paul Ricoeur, 75013 Paris<\/p>\n<\/div>\n<\/div>\n<p>&nbsp;<\/p>\n<p>Cours enseign\u00e9s :<\/p>\n<ul>\n<li><a class=\"aalink coursename mr-2\" href=\"https:\/\/moodle.wordpress-test.app.u-pariscite.fr\/course\/view.php?id=8121\"><span class=\"multiline\">TI1FY070 Terminologie, phras\u00e9ologie et repr\u00e9sentations notionnelles<\/span><\/a> (Master 2 ILTS)<\/li>\n<li><a class=\"aalink coursename mr-2\" href=\"https:\/\/moodle.wordpress-test.app.u-pariscite.fr\/course\/view.php?id=5947\"><span class=\"multiline\">LE3FE210 Terminologie <\/span><\/a>(Master 2 LISI)<\/li>\n<li><a class=\"aalink coursename mr-2\" href=\"https:\/\/moodle.wordpress-test.app.u-pariscite.fr\/course\/view.php?id=3356\"><span class=\"multiline\">ST15E090 Projet tutor\u00e9 en anglais &#8211; TIAY070 Linguistique de corpus appliqu\u00e9e \u00e0 la terminologie<\/span><\/a> (Master 1 TI)<\/li>\n<li><a class=\"aalink coursename mr-2\" href=\"https:\/\/moodle.wordpress-test.app.u-pariscite.fr\/course\/view.php?id=8085\"><span class=\"multiline\">TI1BE010 Terminologie atelier m\u00e9moire<\/span><\/a> (Master 1 ILTS)<\/li>\n<li><a class=\"aalink coursename mr-2\" href=\"https:\/\/moodle.wordpress-test.app.u-pariscite.fr\/course\/view.php?id=2086\"><span class=\"multiline\">LE26Y060 Terminologie<\/span><\/a> (Licence 3 LEA &amp; ENS &#8211; Paris Saclay)<\/li>\n<\/ul>\n<p>Concernant mes activit\u00e9s de recherche, v<span class=\"not_fr_quote\" lang=\"la\"><span class=\"italique\">oir ma page personnelle sur le site du laboratoire <a href=\"https:\/\/clillac-arp.wordpress-test.app.u-pariscite.fr\/annuaire\/pecman-mojca\">CLILLAC-ARP<\/a>.<\/span><\/span><\/p>\n","protected":false},"excerpt":{"rendered":"<p>&nbsp; Professeure en Linguistique anglaise mojca.pecman@wordpress-test.app.u-pariscite.fr bureau 731 (bat. Olympe de Gouges, 7e \u00e9tage), adresse postale : Universit\u00e9 Paris Cit\u00e9 \u2013 Campus des Grands Moulins \u2013 B\u00e2timent Olympe de Gouges, Place Paul Ricoeur, 75013 Paris &nbsp; Cours enseign\u00e9s : TI1FY070 Terminologie, phras\u00e9ologie et repr\u00e9sentations notionnelles (Master 2 ILTS) LE3FE210 Terminologie (Master 2 LISI) ST15E090 Projet&hellip; <a class=\"continue\" href=\"https:\/\/wordpress-test.app.u-pariscite.fr\/eila\/pecman-mojca\/\">Lire la suite<span> Pecman Mojca<\/span><\/a><\/p>\n","protected":false},"author":248,"featured_media":3898,"parent":0,"menu_order":0,"comment_status":"closed","ping_status":"closed","template":"","meta":{"_et_pb_use_builder":"off","_et_pb_old_content":"","_et_gb_content_width":"","footnotes":""},"class_list":["post-583","page","type-page","status-publish","has-post-thumbnail","hentry"],"_links":{"self":[{"href":"https:\/\/wordpress-test.app.u-pariscite.fr\/eila\/wp-json\/wp\/v2\/pages\/583","targetHints":{"allow":["GET"]}}],"collection":[{"href":"https:\/\/wordpress-test.app.u-pariscite.fr\/eila\/wp-json\/wp\/v2\/pages"}],"about":[{"href":"https:\/\/wordpress-test.app.u-pariscite.fr\/eila\/wp-json\/wp\/v2\/types\/page"}],"author":[{"embeddable":true,"href":"https:\/\/wordpress-test.app.u-pariscite.fr\/eila\/wp-json\/wp\/v2\/users\/248"}],"replies":[{"embeddable":true,"href":"https:\/\/wordpress-test.app.u-pariscite.fr\/eila\/wp-json\/wp\/v2\/comments?post=583"}],"version-history":[{"count":10,"href":"https:\/\/wordpress-test.app.u-pariscite.fr\/eila\/wp-json\/wp\/v2\/pages\/583\/revisions"}],"predecessor-version":[{"id":3928,"href":"https:\/\/wordpress-test.app.u-pariscite.fr\/eila\/wp-json\/wp\/v2\/pages\/583\/revisions\/3928"}],"wp:featuredmedia":[{"embeddable":true,"href":"https:\/\/wordpress-test.app.u-pariscite.fr\/eila\/wp-json\/wp\/v2\/media\/3898"}],"wp:attachment":[{"href":"https:\/\/wordpress-test.app.u-pariscite.fr\/eila\/wp-json\/wp\/v2\/media?parent=583"}],"curies":[{"name":"wp","href":"https:\/\/api.w.org\/{rel}","templated":true}]}}