{"id":545,"date":"2021-06-10T16:11:38","date_gmt":"2021-06-10T14:11:38","guid":{"rendered":"https:\/\/wordpress-test.app.u-pariscite.fr\/eila\/?page_id=545"},"modified":"2024-09-11T09:05:14","modified_gmt":"2024-09-11T07:05:14","slug":"hutchinson-donna-lee","status":"publish","type":"page","link":"https:\/\/wordpress-test.app.u-pariscite.fr\/eila\/hutchinson-donna-lee\/","title":{"rendered":"Hutchinson Donna-Lee"},"content":{"rendered":"<p>[et_pb_section fb_built=\u00a0\u00bb1&Prime; _builder_version=\u00a0\u00bb3.22&Prime;][et_pb_row _builder_version=\u00a0\u00bb3.22&Prime; background_size=\u00a0\u00bbinitial\u00a0\u00bb background_position=\u00a0\u00bbtop_left\u00a0\u00bb background_repeat=\u00a0\u00bbrepeat\u00a0\u00bb][et_pb_column type=\u00a0\u00bb4_4&Prime; _builder_version=\u00a0\u00bb3.0.47&Prime;][et_pb_post_title meta=\u00a0\u00bboff\u00a0\u00bb featured_image=\u00a0\u00bboff\u00a0\u00bb admin_label=\u00a0\u00bbTitre de la page\u00a0\u00bb _builder_version=\u00a0\u00bb3.22.1&Prime;][\/et_pb_post_title][\/et_pb_column][\/et_pb_row][et_pb_row _builder_version=\u00a0\u00bb3.22&Prime; background_size=\u00a0\u00bbinitial\u00a0\u00bb background_position=\u00a0\u00bbtop_left\u00a0\u00bb background_repeat=\u00a0\u00bbrepeat\u00a0\u00bb][et_pb_column type=\u00a0\u00bb1_4&Prime; _builder_version=\u00a0\u00bb3.0.47&Prime;][et_pb_image src=\u00a0\u00bbhttps:\/\/wordpress-test.app.u-pariscite.fr\/eila\/wp-content\/uploads\/sites\/42\/2021\/05\/default-avatar-150px.png\u00a0\u00bb _builder_version=\u00a0\u00bb3.22.1&Prime; z_index_tablet=\u00a0\u00bb500&Prime;][\/et_pb_image][\/et_pb_column][et_pb_column type=\u00a0\u00bb3_4&Prime; _builder_version=\u00a0\u00bb3.0.47&Prime;][et_pb_text _builder_version=\u00a0\u00bb3.22.1&Prime; z_index_tablet=\u00a0\u00bb500&Prime;]<\/p>\n<h3>Enseignante d&rsquo;anglais (LANSAD)<\/h3>\n<p><a href=\"mailto:donna-lee.hutchinson@wordpress-test.app.u-pariscite.fr\">donna-lee.hutchinson@wordpress-test.app.u-pariscite.fr<\/a><\/p>\n<p>Adresse postale\u00a0:<br \/>Universit\u00e9 Paris Cit\u00e9, UFR EILA &#8211; case 7002, 8 place Paul Ricoeur, 75205 Paris cedex 13<\/p>\n<p>[\/et_pb_text][\/et_pb_column][\/et_pb_row][\/et_pb_section][et_pb_section fb_built=\u00a0\u00bb1&Prime; _builder_version=\u00a0\u00bb3.22&Prime;][et_pb_row _builder_version=\u00a0\u00bb3.22&Prime; background_size=\u00a0\u00bbinitial\u00a0\u00bb background_position=\u00a0\u00bbtop_left\u00a0\u00bb background_repeat=\u00a0\u00bbrepeat\u00a0\u00bb][et_pb_column type=\u00a0\u00bb4_4&Prime; _builder_version=\u00a0\u00bb3.0.47&Prime;][et_pb_toggle title=\u00a0\u00bb Informations g\u00e9n\u00e9rales: validation d&rsquo;une langue \u00e9trang\u00e8re \u2014 M2 Sciences Sociales  (semestre 1 &#8211; 2024\/25)\u00a0\u00bb _builder_version=\u00a0\u00bb3.22.1&Prime; z_index_tablet=\u00a0\u00bb500&Prime;]<\/p>\n<ul>\n<li>L&rsquo;inscription en ligne sur <strong>Moodle UP<\/strong> est obligatoire pour tous les \u00e9tudiants ainsi que l&rsquo;assiduit\u00e9 au cours.<\/li>\n<li>Pour valider <strong>une autre langue \u00e9trang\u00e8re<\/strong> que l&rsquo;anglais au LANSAD (selon les pr\u00e9cisions de votre maquette), vous avez le choix parmi les cours propos\u00e9s par le LANSAD dans la limite de places disponibles : <a href=\"https:\/\/moodle.wordpress-test.app.u-pariscite.fr\/course\/view.php?id=11466\">Semestre 1 LANSAD<\/a>.<\/li>\n<li>Les <strong>cours d&rsquo;anglais de specialit\u00e9 pour M2 Sciences Sociales<\/strong>\u00a0commencent le <strong>23 septembre 2024<\/strong>. <a href=\"https:\/\/moodle.wordpress-test.app.u-pariscite.fr\/course\/view.php?id=11111\">(Inscription en cours d&rsquo;anglais via Moodle UP)<\/a><br \/> Pour valider <strong>l&rsquo;anglais<\/strong>, ce cours de sp\u00e9cialit\u00e9 est <strong>obligatoire<\/strong> en M2 Sciences Sociales. Il s&rsquo;agit d&rsquo;un cours en commun (toutes sp\u00e9cialit\u00e9s confondues). Merci de ne pas vous inscrire dans un cours d&rsquo;anglais g\u00e9n\u00e9ral.<\/li>\n<li>Les \u00e9tudiants salari\u00e9s\/dispens\u00e9s de Contr\u00f4le Continu qui ne peuvent pas suivent les cours doivent s&rsquo;inscrire pour passer le Contr\u00f4le Terminal. <a href=\"https:\/\/moodle.wordpress-test.app.u-pariscite.fr\/course\/view.php?id=11111\">(Inscription en Contr\u00f4le Terminal via Moodle UP)<\/a><\/li>\n<li>Pour les demandes de <strong>validation d&rsquo;acquis<\/strong> : <a href=\"https:\/\/wordpress-test.app.u-pariscite.fr\/eila\/lansad\/\">voir site du LANSAD (en bas de page)<\/a><\/li>\n<li>Veuillez bien noter que l\u2019anglais de sp\u00e9cialit\u00e9 pour M2 Sciences Sociales est en <strong>session unique<\/strong>.<\/li>\n<li>Une fois inscrit(e) sur l&rsquo;espace <strong>Moodle UP<\/strong>, vous aurez plus de pr\u00e9cisions selon votre choix.<\/li>\n<li>Merci de pr\u00e9ciser votre <strong>nom complet<\/strong> et <strong>num\u00e9ro d\u2019\u00e9tudiant<\/strong>\u00a0dans toute correspondance.<\/li>\n<\/ul>\n<p>[\/et_pb_toggle][\/et_pb_column][\/et_pb_row][\/et_pb_section][et_pb_section fb_built=\u00a0\u00bb1&Prime; _builder_version=\u00a0\u00bb3.22&Prime;][et_pb_row _builder_version=\u00a0\u00bb3.22&Prime; background_size=\u00a0\u00bbinitial\u00a0\u00bb background_position=\u00a0\u00bbtop_left\u00a0\u00bb background_repeat=\u00a0\u00bbrepeat\u00a0\u00bb][et_pb_column type=\u00a0\u00bb4_4&Prime; _builder_version=\u00a0\u00bb3.0.47&Prime;][\/et_pb_column][\/et_pb_row][\/et_pb_section]<\/p>\n","protected":false},"excerpt":{"rendered":"<p>Enseignante d&rsquo;anglais (LANSAD) donna-lee.hutchinson@wordpress-test.app.u-pariscite.fr Adresse postale\u00a0:Universit\u00e9 Paris Cit\u00e9, UFR EILA &#8211; case 7002, 8 place Paul Ricoeur, 75205 Paris cedex 13 L&rsquo;inscription en ligne sur Moodle UP est obligatoire pour tous les \u00e9tudiants ainsi que l&rsquo;assiduit\u00e9 au cours. Pour valider une autre langue \u00e9trang\u00e8re que l&rsquo;anglais au LANSAD (selon les pr\u00e9cisions de votre maquette), vous&hellip; <a class=\"continue\" href=\"https:\/\/wordpress-test.app.u-pariscite.fr\/eila\/hutchinson-donna-lee\/\">Lire la suite<span> Hutchinson Donna-Lee<\/span><\/a><\/p>\n","protected":false},"author":248,"featured_media":0,"parent":0,"menu_order":0,"comment_status":"closed","ping_status":"closed","template":"","meta":{"_et_pb_use_builder":"on","_et_pb_old_content":"","_et_gb_content_width":"","footnotes":""},"class_list":["post-545","page","type-page","status-publish","hentry"],"_links":{"self":[{"href":"https:\/\/wordpress-test.app.u-pariscite.fr\/eila\/wp-json\/wp\/v2\/pages\/545","targetHints":{"allow":["GET"]}}],"collection":[{"href":"https:\/\/wordpress-test.app.u-pariscite.fr\/eila\/wp-json\/wp\/v2\/pages"}],"about":[{"href":"https:\/\/wordpress-test.app.u-pariscite.fr\/eila\/wp-json\/wp\/v2\/types\/page"}],"author":[{"embeddable":true,"href":"https:\/\/wordpress-test.app.u-pariscite.fr\/eila\/wp-json\/wp\/v2\/users\/248"}],"replies":[{"embeddable":true,"href":"https:\/\/wordpress-test.app.u-pariscite.fr\/eila\/wp-json\/wp\/v2\/comments?post=545"}],"version-history":[{"count":15,"href":"https:\/\/wordpress-test.app.u-pariscite.fr\/eila\/wp-json\/wp\/v2\/pages\/545\/revisions"}],"predecessor-version":[{"id":5250,"href":"https:\/\/wordpress-test.app.u-pariscite.fr\/eila\/wp-json\/wp\/v2\/pages\/545\/revisions\/5250"}],"wp:attachment":[{"href":"https:\/\/wordpress-test.app.u-pariscite.fr\/eila\/wp-json\/wp\/v2\/media?parent=545"}],"curies":[{"name":"wp","href":"https:\/\/api.w.org\/{rel}","templated":true}]}}