{"id":523,"date":"2021-06-10T16:03:24","date_gmt":"2021-06-10T14:03:24","guid":{"rendered":"https:\/\/wordpress-test.app.u-pariscite.fr\/eila\/?page_id=523"},"modified":"2023-12-20T16:43:28","modified_gmt":"2023-12-20T15:43:28","slug":"girard-marie","status":"publish","type":"page","link":"https:\/\/wordpress-test.app.u-pariscite.fr\/eila\/girard-marie\/","title":{"rendered":"Girard Marie"},"content":{"rendered":"<p>[et_pb_section bb_built=\u00a0\u00bb1&Prime; _builder_version=\u00a0\u00bb3.22&Prime; next_background_color=\u00a0\u00bb#000000&Prime;][et_pb_row _builder_version=\u00a0\u00bb3.22&Prime; background_size=\u00a0\u00bbinitial\u00a0\u00bb background_position=\u00a0\u00bbtop_left\u00a0\u00bb background_repeat=\u00a0\u00bbrepeat\u00a0\u00bb][et_pb_column type=\u00a0\u00bb4_4&Prime;][et_pb_post_title admin_label=\u00a0\u00bbTitre de la page\u00a0\u00bb meta=\u00a0\u00bboff\u00a0\u00bb featured_image=\u00a0\u00bboff\u00a0\u00bb _builder_version=\u00a0\u00bb3.22.1&Prime; text_shadow_horizontal_length=\u00a0\u00bbtext_shadow_style,%91object Object%93&Prime; text_shadow_vertical_length=\u00a0\u00bbtext_shadow_style,%91object Object%93&Prime; text_shadow_blur_strength=\u00a0\u00bbtext_shadow_style,%91object Object%93&Prime; title_text_shadow_horizontal_length=\u00a0\u00bbtitle_text_shadow_style,%91object Object%93&Prime; title_text_shadow_vertical_length=\u00a0\u00bbtitle_text_shadow_style,%91object Object%93&Prime; title_text_shadow_blur_strength=\u00a0\u00bbtitle_text_shadow_style,%91object Object%93&Prime; meta_text_shadow_horizontal_length=\u00a0\u00bbmeta_text_shadow_style,%91object Object%93&Prime; meta_text_shadow_vertical_length=\u00a0\u00bbmeta_text_shadow_style,%91object Object%93&Prime; meta_text_shadow_blur_strength=\u00a0\u00bbmeta_text_shadow_style,%91object Object%93&Prime; z_index_tablet=\u00a0\u00bb500&Prime;]<\/p>\n<p><\/p>\n<p>[\/et_pb_post_title][\/et_pb_column][\/et_pb_row][et_pb_row _builder_version=\u00a0\u00bb3.22&Prime; background_size=\u00a0\u00bbinitial\u00a0\u00bb background_position=\u00a0\u00bbtop_left\u00a0\u00bb background_repeat=\u00a0\u00bbrepeat\u00a0\u00bb][et_pb_column type=\u00a0\u00bb1_4&Prime;][et_pb_image src=\u00a0\u00bbhttps:\/\/wordpress-test.app.u-pariscite.fr\/eila\/wp-content\/uploads\/sites\/42\/2021\/07\/Marie_id_square.jpg\u00a0\u00bb _builder_version=\u00a0\u00bb3.22.1&Prime; z_index_tablet=\u00a0\u00bb500&Prime;]<\/p>\n<p><\/p>\n<p>[\/et_pb_image][\/et_pb_column][et_pb_column type=\u00a0\u00bb3_4&Prime;][et_pb_text _builder_version=\u00a0\u00bb3.22.1&Prime; z_index_tablet=\u00a0\u00bb500&Prime; text_text_shadow_horizontal_length=\u00a0\u00bbtext_text_shadow_style,%91object Object%93&Prime; text_text_shadow_vertical_length=\u00a0\u00bbtext_text_shadow_style,%91object Object%93&Prime; text_text_shadow_blur_strength=\u00a0\u00bbtext_text_shadow_style,%91object Object%93&Prime; link_text_shadow_horizontal_length=\u00a0\u00bblink_text_shadow_style,%91object Object%93&Prime; link_text_shadow_vertical_length=\u00a0\u00bblink_text_shadow_style,%91object Object%93&Prime; link_text_shadow_blur_strength=\u00a0\u00bblink_text_shadow_style,%91object Object%93&Prime; ul_text_shadow_horizontal_length=\u00a0\u00bbul_text_shadow_style,%91object Object%93&Prime; ul_text_shadow_vertical_length=\u00a0\u00bbul_text_shadow_style,%91object Object%93&Prime; ul_text_shadow_blur_strength=\u00a0\u00bbul_text_shadow_style,%91object Object%93&Prime; ol_text_shadow_horizontal_length=\u00a0\u00bbol_text_shadow_style,%91object Object%93&Prime; ol_text_shadow_vertical_length=\u00a0\u00bbol_text_shadow_style,%91object Object%93&Prime; ol_text_shadow_blur_strength=\u00a0\u00bbol_text_shadow_style,%91object Object%93&Prime; quote_text_shadow_horizontal_length=\u00a0\u00bbquote_text_shadow_style,%91object Object%93&Prime; quote_text_shadow_vertical_length=\u00a0\u00bbquote_text_shadow_style,%91object Object%93&Prime; quote_text_shadow_blur_strength=\u00a0\u00bbquote_text_shadow_style,%91object Object%93&Prime; header_text_shadow_horizontal_length=\u00a0\u00bbheader_text_shadow_style,%91object Object%93&Prime; header_text_shadow_vertical_length=\u00a0\u00bbheader_text_shadow_style,%91object Object%93&Prime; header_text_shadow_blur_strength=\u00a0\u00bbheader_text_shadow_style,%91object Object%93&Prime; header_2_text_shadow_horizontal_length=\u00a0\u00bbheader_2_text_shadow_style,%91object Object%93&Prime; header_2_text_shadow_vertical_length=\u00a0\u00bbheader_2_text_shadow_style,%91object Object%93&Prime; header_2_text_shadow_blur_strength=\u00a0\u00bbheader_2_text_shadow_style,%91object Object%93&Prime; header_3_text_shadow_horizontal_length=\u00a0\u00bbheader_3_text_shadow_style,%91object Object%93&Prime; header_3_text_shadow_vertical_length=\u00a0\u00bbheader_3_text_shadow_style,%91object Object%93&Prime; header_3_text_shadow_blur_strength=\u00a0\u00bbheader_3_text_shadow_style,%91object Object%93&Prime; header_4_text_shadow_horizontal_length=\u00a0\u00bbheader_4_text_shadow_style,%91object Object%93&Prime; header_4_text_shadow_vertical_length=\u00a0\u00bbheader_4_text_shadow_style,%91object Object%93&Prime; header_4_text_shadow_blur_strength=\u00a0\u00bbheader_4_text_shadow_style,%91object Object%93&Prime; header_5_text_shadow_horizontal_length=\u00a0\u00bbheader_5_text_shadow_style,%91object Object%93&Prime; header_5_text_shadow_vertical_length=\u00a0\u00bbheader_5_text_shadow_style,%91object Object%93&Prime; header_5_text_shadow_blur_strength=\u00a0\u00bbheader_5_text_shadow_style,%91object Object%93&Prime; header_6_text_shadow_horizontal_length=\u00a0\u00bbheader_6_text_shadow_style,%91object Object%93&Prime; header_6_text_shadow_vertical_length=\u00a0\u00bbheader_6_text_shadow_style,%91object Object%93&Prime; header_6_text_shadow_blur_strength=\u00a0\u00bbheader_6_text_shadow_style,%91object Object%93&Prime;]<\/p>\n<h3>Maitresse de conf\u00e9rences associ\u00e9e \u00e0 mi-temps (MAST)<\/h3>\n<p>Adresse : B\u00e2timent Olympe de Gouges \u2013 8 place Paul Ricoeur 75013 Paris<br \/>marie.choppinet@wordpress-test.app.u-pariscite.fr<\/p>\n<p>[\/et_pb_text][\/et_pb_column][\/et_pb_row][\/et_pb_section][et_pb_section bb_built=\u00a0\u00bb1&Prime; _builder_version=\u00a0\u00bb3.22&Prime; prev_background_color=\u00a0\u00bb#000000&Prime; next_background_color=\u00a0\u00bb#000000&Prime;][et_pb_row _builder_version=\u00a0\u00bb3.22&Prime; background_size=\u00a0\u00bbinitial\u00a0\u00bb background_position=\u00a0\u00bbtop_left\u00a0\u00bb background_repeat=\u00a0\u00bbrepeat\u00a0\u00bb][et_pb_column type=\u00a0\u00bb4_4&Prime;][et_pb_text _builder_version=\u00a0\u00bb3.22.1&Prime; z_index_tablet=\u00a0\u00bb500&Prime;]<\/p>\n<h3>Parcours<\/h3>\n<p>Sp\u00e9cialiste des probl\u00e9matiques de strat\u00e9gie, gestion, et ergonomie des contenus num\u00e9riques, j&rsquo;ai 20 ans d\u2019exp\u00e9rience dans la mise en place d&rsquo;\u00e9quipes d\u00e9di\u00e9es \u00e0 la cr\u00e9ation de services num\u00e9riques ergonomiques : 7 ans \u00e0 ILOG, fleuron du d\u00e9veloppement informatique fran\u00e7ais et leader mondial des composants logiciels, 10 ans \u00e0 IBM France Lab, centre de recherche et d\u00e9veloppement d\u2019IBM, \u00e0 la pointe des technologies cloud et intelligence artificielle, 1 an dans le Enterprise Content Center of Excellence de la division internationale IBM Digital, et enfin 2 ans en tant que product manager pour la plateforme IBM Digital Business Automation.<\/p>\n<p>A la t\u00eate d\u2019\u00e9quipes pluridisciplinaires et multiculturelles, dans des contextes de d\u00e9veloppement agile et collaboratif, je pilote la transformation des m\u00e9thodes de communication face aux enjeux du cloud, des r\u00e9seaux, et de la transition \u00e9cologique. <strong><\/strong>Je suis aussi mentor et coach aupr\u00e8s de personnes souhaitant s&rsquo;orienter vers la cr\u00e9ation de contenu num\u00e9rique.<\/p>\n<h3>Enseignements<\/h3>\n<ul>\n<li>Master LEA 1 parcours Communication Technique Multilingue &#8211; <strong>Communication technique<\/strong><\/li>\n<li>Master LEA 2 parcours Communication Technique Multilingue &#8211; <strong>Architecture de l&rsquo;information<\/strong><\/li>\n<li>Master LEA 2 parcours Communication Technique Multilingue &#8211; <strong>Direction de recherche<\/strong><\/li>\n<li>Licence 3 Pro R\u00e9daction Technique &#8211; <strong>Anglais technique et industriel<\/strong><\/li>\n<\/ul>\n<p>[\/et_pb_text][\/et_pb_column][\/et_pb_row][et_pb_row _builder_version=\u00a0\u00bb3.22.1&Prime;][et_pb_column type=\u00a0\u00bb4_4&Prime;][et_pb_text _builder_version=\u00a0\u00bb3.22.1&Prime;]<\/p>\n<h3>Publications internationales a comit\u00e9 de lecture<\/h3>\n<p>GIRARD, MARIE. SIONIS, CLAUDE. 2004, <a href=\"http:\/\/elanguage.net\/journals\/pragmatics\/article\/view\/426\">The Functions of Formulaic Speech in the L2 Class<\/a>, Pragmatics, Vol 14, N\u00b01, Antwerp, p.31-53. Revue class\u00e9e A en linguistique.<\/p>\n<p>GIRARD, MARIE. SIONIS, CLAUDE. 2003, <span><a href=\"http:\/\/elanguage.net\/journals\/pragmatics\/article\/view\/383\">Formulaic Speech in the L2 Class: An Attempt at Identification and Classification<\/a><\/span>, <span>Pragmatics<\/span>, Vol 13, N\u00b02, Antwerp, p.231-251. Revue class\u00e9e A en linguistique.<\/p>\n<h3>Publications internationales sans comit\u00e9 de lecture<\/h3>\n<p>GIRARD, MARIE. 2019, Content skills in the automation era, Content Science Review, https:\/\/review.content-science.com\/content-skills-in-the-automation-era\/<\/p>\n<p>GIRARD, MARIE. 2017, The nature of content: an organic approach to content strategy, <span>tekom Proceedings of European Academic Colloquium on Technical Communication<\/span><\/p>\n<p>GIRARD, MARIE. MINACORI, PATRICIA. 2017, Managing digital complexity in technical communication, <span>ISTC Current Trends and Practices in Technical and Professional Communication, p. 151-172<\/span><\/p>\n<p><span>GIRARD, MARIE. 2017, Content architecture, in GALLON, RAY. 2017, The Language of Technical Communication, XML Press, p.58-59<\/span><\/p>\n<p>GIRARD, MARIE. 2016, A five-step content strategy for Industry 4.0, TCWorld Magazine, Germany, p.24-26<\/p>\n<p>GIRARD, MARIE. 2015, Integrated content strategy, the agile way, Center for Information Development Management Best Practices, Volume 17, Issue 6, Denver USA, p.137-142.<\/p>\n<p>GIRARD, MARIE. MURRU, ISABELLE. 2014, <a href=\"http:\/\/www.infomanagementcenter.com\/members\/newsletter\/Output\/2014\/08-August\/08032014.php\">Managing embedded assistance end-to-end with DITA<\/a>, Center for Information Development Management Best Practices, Denver USA, p.20-22.<\/p>\n<p>&nbsp;<\/p>\n<h3>Communications internationales avec acte<\/h3>\n<p><span>GIRARD, MARIE. 2020, Sobri\u00e9t\u00e9 et efficacit\u00e9 en communication technique, Conf\u00e9rence Kontin\u00fcum, Universit\u00e9 de Nanterre.<\/span><\/p>\n<p><span>GIRARD, MARIE. 2019, Keep cool and embrace omnichannel transformation, OmnichannelX Conference, Amsterdam, Pays-Bas.<\/span><\/p>\n<p><span>GIRARD, MARIE. 2019, Transforming your content operations for omnichannel experience, Content Strategy and Innovation Summit, Berlin, Allemagne.<\/span><\/p>\n<p><span>GIRARD, MARIE. 2018, Watch your language: content strategy in service design, Service Design Summit, Prague, R\u00e9publique Tch\u00e8que<\/span><\/p>\n<p><span>GIRARD, MARIE. 2018, Pulling the content strategy story together: A toolkit for building and communicating a unified content strategy, Content Strategy Summit, Berlin, Allemagne<\/span><\/p>\n<p><span>GIRARD, MARIE. 2018, Classe invers\u00e9e et comp\u00e9tences en communication technique, 6\u00e8me conference internationale en communication technique, Universit\u00e9 Paris 7 Diderot<\/span><\/p>\n<p><span>GIRARD, MARIE. 2017, Cross-silo governance for content gone wild, The LavaCon Conference on Content Strategy and Tech Comm Management, Dublin, Irlande.<\/span><\/p>\n<p><span>GIRARD, MARIE. 2017, Getting strategic about information 4.0, Information Energy Conference, Utrecht, Pays-Bas<\/span><\/p>\n<p><span>GIRARD, MARIE. 2015, Surfing the content chaos, The LavaCon Conference on Content Strategy and Tech Comm Management, Dublin, Irlande.<\/span><\/p>\n<p><span>CHAOUI, SARA. GIRARD, MARIE. 2015, <a href=\"http:\/\/www.eila.univ-paris-diderot.fr\/recherche\/conf\/ciel\/communication-technique-plein-champ\/2013\/index\">D\u00e9finir une strat\u00e9gie globale de contenu \u00e0 l\u2019\u00e8re du Big Data<\/a><\/span><em>,<\/em> Colloque Communication Technique de Plein Champ, Universit\u00e9 Paris 7 Denis Diderot<\/p>\n<p>GIRARD, MARIE. MURRU, ISABELLE. 2014, <span><a href=\"http:\/\/www.eventbrite.com\/e\/inscription-gerer-une-experience-integree-de-linformation-avec-dita-12371791361\">G\u00e9rer une exp\u00e9rience int\u00e9gr\u00e9e de l\u2019information avec DITA<\/a><\/span><em>, <\/em>Webinaire de la Society for Technical Communication, France Chapter.<\/p>\n<p>GIRARD, MARIE. MURRRU, ISABELLE. 2014, <a href=\"http:\/\/www.cm-strategies.com\/2014\/abstracts.htm#Girard\">Managing embedded assistance end-to-end with DITA<\/a>, Content Management Strategies CMS\/DITA North America Conference, Seattle, USA.<\/p>\n<p><span>GIRARD, MARIE. 2011, L\u2019architecture d\u2019information dans les projets de communication technique<\/span><em>, <\/em>Colloque Communication Technique de Plein Champ, Universit\u00e9 Paris 7 Denis Diderot (en attente de publication).<\/p>\n<p>GIRARD, MARIE. 2001, <a href=\"http:\/\/marie.girard3.free.fr\/common\/redtech.pdf\">Former les \u00e9tudiants \u00e0 la r\u00e9daction technique<\/a>, Journ\u00e9es ASp Bordeaux 2-EA 2025 : R\u00e9dactologie et anglais de sp\u00e9cialit\u00e9, Universit\u00e9 Bordeaux 2. SIONIS, CLAUDE (Ed), 2002, Introduction, <a href=\"http:\/\/asp.revues.org\/1390\">ASp, la revue du GERAS<\/a>, N\u00b037\/38, Bordeaux, p.7-13.<\/p>\n<p>[\/et_pb_text][\/et_pb_column][\/et_pb_row][\/et_pb_section][et_pb_section bb_built=\u00a0\u00bb1&Prime; _builder_version=\u00a0\u00bb3.22&Prime; custom_padding=\u00a0\u00bb0px||0px|\u00a0\u00bb prev_background_color=\u00a0\u00bb#000000&Prime;][et_pb_row _builder_version=\u00a0\u00bb3.22&Prime;][et_pb_column type=\u00a0\u00bb4_4&Prime;][et_pb_text admin_label=\u00a0\u00bb\u00c0 lire aussi\u00a0\u00bb _builder_version=\u00a0\u00bb3.21&Prime;]<\/p>\n<h2><span class=\"st\">\u00c0<\/span> lire aussi<\/h2>\n<p>[\/et_pb_text][et_pb_blog posts_number=\u00a0\u00bb4&Prime; include_categories=\u00a0\u00bb13&Prime; show_author=\u00a0\u00bboff\u00a0\u00bb show_date=\u00a0\u00bboff\u00a0\u00bb show_pagination=\u00a0\u00bboff\u00a0\u00bb module_id=\u00a0\u00bbpage_type_blog\u00a0\u00bb _builder_version=\u00a0\u00bb3.21&Prime; header_level=\u00a0\u00bbh4&Prime; border_width_bottom_fullwidth=\u00a0\u00bb1px\u00a0\u00bb border_color_bottom_fullwidth=\u00a0\u00bbrgba(51,51,51,0.18)\u00a0\u00bb custom_padding=\u00a0\u00bb||50px|\u00a0\u00bb]<\/p>\n<p><\/p>\n<p>[\/et_pb_blog][\/et_pb_column][\/et_pb_row][\/et_pb_section]<\/p>\n","protected":false},"excerpt":{"rendered":"<p>Maitresse de conf\u00e9rences associ\u00e9e \u00e0 mi-temps (MAST)Adresse : B\u00e2timent Olympe de Gouges \u2013 8 place Paul Ricoeur 75013 Parismarie.choppinet@wordpress-test.app.u-pariscite.fr Parcours Sp\u00e9cialiste des probl\u00e9matiques de strat\u00e9gie, gestion, et ergonomie des contenus num\u00e9riques, j&rsquo;ai 20 ans d\u2019exp\u00e9rience dans la mise en place d&rsquo;\u00e9quipes d\u00e9di\u00e9es \u00e0 la cr\u00e9ation de services num\u00e9riques ergonomiques : 7 ans \u00e0 ILOG, fleuron&hellip; <a class=\"continue\" href=\"https:\/\/wordpress-test.app.u-pariscite.fr\/eila\/girard-marie\/\">Lire la suite<span> Girard Marie<\/span><\/a><\/p>\n","protected":false},"author":248,"featured_media":0,"parent":0,"menu_order":0,"comment_status":"closed","ping_status":"closed","template":"","meta":{"_et_pb_use_builder":"on","_et_pb_old_content":"<p>Sp\u00e9cialiste des probl\u00e9matiques de strat\u00e9gie, gestion, et ergonomie des contenus num\u00e9riques, Marie Girard a 20 ans d\u2019exp\u00e9rience dans la mise en place d'\u00e9quipes d\u00e9di\u00e9es \u00e0 la cr\u00e9ation de services num\u00e9riques ergonomiques : 7 ans \u00e0 ILOG, fleuron du d\u00e9veloppement informatique fran\u00e7ais et leader mondial des composants logiciels, 10 ans \u00e0 IBM France Lab, centre de recherche et d\u00e9veloppement d\u2019IBM, \u00e0 la pointe des technologies cloud et intelligence artificielle, 1 an dans le Centre d\u2019Excellence en Contenu d\u2019Entreprise de la division internationale IBM Digital, et enfin 2 ans en tant que product manager pour la plateforme IBM Digital Business Automation.<\/p><p>A la t\u00eate d\u2019\u00e9quipes pluridisciplinaires et multiculturelles, dans des contextes de d\u00e9veloppement agile et collaboratif, Marie Girard pilote la transformation des m\u00e9thodes de communication face aux nouveaux enjeux du cloud, des r\u00e9seaux, et de la transition \u00e9cologique.<\/p><p><strong>Professeure associ\u00e9e au sein de l\u2019UFR EILA \u00e0 l\u2019Universit\u00e9 Paris Cit\u00e9<\/strong>, Marie Girard est aussi mentor et coach aupr\u00e8s de personnes souhaitant s'orienter vers la cr\u00e9ation de contenu num\u00e9rique.<\/p><p>Enseignements:<\/p><ul><li>Master LEA 1 parcours Communication Technique Multilingue - <strong>Communication technique<\/strong><\/li><li>Master LEA 2 parcours Communication Technique Multilingue - <strong>Architecture d'information<\/strong><\/li><li>Master LEA 2 parcours Communication Technique Multilingue - <strong>Direction de recherche<\/strong><\/li><li>Licence 3 Pro R\u00e9daction Technique - <strong>Anglais technique et industriel<\/strong><\/li><\/ul><p>\u00a0<\/p>","_et_gb_content_width":"","footnotes":""},"class_list":["post-523","page","type-page","status-publish","hentry"],"_links":{"self":[{"href":"https:\/\/wordpress-test.app.u-pariscite.fr\/eila\/wp-json\/wp\/v2\/pages\/523","targetHints":{"allow":["GET"]}}],"collection":[{"href":"https:\/\/wordpress-test.app.u-pariscite.fr\/eila\/wp-json\/wp\/v2\/pages"}],"about":[{"href":"https:\/\/wordpress-test.app.u-pariscite.fr\/eila\/wp-json\/wp\/v2\/types\/page"}],"author":[{"embeddable":true,"href":"https:\/\/wordpress-test.app.u-pariscite.fr\/eila\/wp-json\/wp\/v2\/users\/248"}],"replies":[{"embeddable":true,"href":"https:\/\/wordpress-test.app.u-pariscite.fr\/eila\/wp-json\/wp\/v2\/comments?post=523"}],"version-history":[{"count":10,"href":"https:\/\/wordpress-test.app.u-pariscite.fr\/eila\/wp-json\/wp\/v2\/pages\/523\/revisions"}],"predecessor-version":[{"id":4711,"href":"https:\/\/wordpress-test.app.u-pariscite.fr\/eila\/wp-json\/wp\/v2\/pages\/523\/revisions\/4711"}],"wp:attachment":[{"href":"https:\/\/wordpress-test.app.u-pariscite.fr\/eila\/wp-json\/wp\/v2\/media?parent=523"}],"curies":[{"name":"wp","href":"https:\/\/api.w.org\/{rel}","templated":true}]}}