{"id":452,"date":"2021-06-10T14:18:47","date_gmt":"2021-06-10T12:18:47","guid":{"rendered":"https:\/\/wordpress-test.app.u-pariscite.fr\/eila\/?page_id=452"},"modified":"2022-01-11T10:28:08","modified_gmt":"2022-01-11T09:28:08","slug":"boudet-martine","status":"publish","type":"page","link":"https:\/\/wordpress-test.app.u-pariscite.fr\/eila\/boudet-martine\/","title":{"rendered":"Boudet Martine"},"content":{"rendered":"<p>[et_pb_section bb_built=\u00a0\u00bb1&Prime; next_background_color=\u00a0\u00bb#000000&Prime; inner_width=\u00a0\u00bbauto\u00a0\u00bb inner_max_width=\u00a0\u00bbnone\u00a0\u00bb][et_pb_row][et_pb_column type=\u00a0\u00bb4_4&Prime;][et_pb_post_title admin_label=\u00a0\u00bbTitre de la page\u00a0\u00bb _builder_version=\u00a0\u00bb3.19.11&Prime; meta=\u00a0\u00bboff\u00a0\u00bb featured_image=\u00a0\u00bboff\u00a0\u00bb \/][\/et_pb_column][\/et_pb_row][et_pb_row][et_pb_column type=\u00a0\u00bb1_4&Prime;][et_pb_image _builder_version=\u00a0\u00bb3.22.1&Prime; src=\u00a0\u00bbhttps:\/\/wordpress-test.app.u-pariscite.fr\/eila\/wp-content\/uploads\/sites\/42\/2021\/05\/default-avatar-150px.png\u00a0\u00bb z_index_tablet=\u00a0\u00bb500&Prime; \/][\/et_pb_column][et_pb_column type=\u00a0\u00bb3_4&Prime;][et_pb_text _builder_version=\u00a0\u00bb3.22.1&Prime; text_text_shadow_horizontal_length=\u00a0\u00bbtext_text_shadow_style,%91object Object%93&Prime; text_text_shadow_vertical_length=\u00a0\u00bbtext_text_shadow_style,%91object Object%93&Prime; text_text_shadow_blur_strength=\u00a0\u00bbtext_text_shadow_style,%91object Object%93&Prime; link_text_shadow_horizontal_length=\u00a0\u00bblink_text_shadow_style,%91object Object%93&Prime; link_text_shadow_vertical_length=\u00a0\u00bblink_text_shadow_style,%91object Object%93&Prime; link_text_shadow_blur_strength=\u00a0\u00bblink_text_shadow_style,%91object Object%93&Prime; ul_text_shadow_horizontal_length=\u00a0\u00bbul_text_shadow_style,%91object Object%93&Prime; ul_text_shadow_vertical_length=\u00a0\u00bbul_text_shadow_style,%91object Object%93&Prime; ul_text_shadow_blur_strength=\u00a0\u00bbul_text_shadow_style,%91object Object%93&Prime; ol_text_shadow_horizontal_length=\u00a0\u00bbol_text_shadow_style,%91object Object%93&Prime; ol_text_shadow_vertical_length=\u00a0\u00bbol_text_shadow_style,%91object Object%93&Prime; ol_text_shadow_blur_strength=\u00a0\u00bbol_text_shadow_style,%91object Object%93&Prime; quote_text_shadow_horizontal_length=\u00a0\u00bbquote_text_shadow_style,%91object Object%93&Prime; quote_text_shadow_vertical_length=\u00a0\u00bbquote_text_shadow_style,%91object Object%93&Prime; quote_text_shadow_blur_strength=\u00a0\u00bbquote_text_shadow_style,%91object Object%93&Prime; header_text_shadow_horizontal_length=\u00a0\u00bbheader_text_shadow_style,%91object Object%93&Prime; header_text_shadow_vertical_length=\u00a0\u00bbheader_text_shadow_style,%91object Object%93&Prime; header_text_shadow_blur_strength=\u00a0\u00bbheader_text_shadow_style,%91object Object%93&Prime; header_2_text_shadow_horizontal_length=\u00a0\u00bbheader_2_text_shadow_style,%91object Object%93&Prime; header_2_text_shadow_vertical_length=\u00a0\u00bbheader_2_text_shadow_style,%91object Object%93&Prime; header_2_text_shadow_blur_strength=\u00a0\u00bbheader_2_text_shadow_style,%91object Object%93&Prime; header_3_text_shadow_horizontal_length=\u00a0\u00bbheader_3_text_shadow_style,%91object Object%93&Prime; header_3_text_shadow_vertical_length=\u00a0\u00bbheader_3_text_shadow_style,%91object Object%93&Prime; header_3_text_shadow_blur_strength=\u00a0\u00bbheader_3_text_shadow_style,%91object Object%93&Prime; header_4_text_shadow_horizontal_length=\u00a0\u00bbheader_4_text_shadow_style,%91object Object%93&Prime; header_4_text_shadow_vertical_length=\u00a0\u00bbheader_4_text_shadow_style,%91object Object%93&Prime; header_4_text_shadow_blur_strength=\u00a0\u00bbheader_4_text_shadow_style,%91object Object%93&Prime; header_5_text_shadow_horizontal_length=\u00a0\u00bbheader_5_text_shadow_style,%91object Object%93&Prime; header_5_text_shadow_vertical_length=\u00a0\u00bbheader_5_text_shadow_style,%91object Object%93&Prime; header_5_text_shadow_blur_strength=\u00a0\u00bbheader_5_text_shadow_style,%91object Object%93&Prime; header_6_text_shadow_horizontal_length=\u00a0\u00bbheader_6_text_shadow_style,%91object Object%93&Prime; header_6_text_shadow_vertical_length=\u00a0\u00bbheader_6_text_shadow_style,%91object Object%93&Prime; header_6_text_shadow_blur_strength=\u00a0\u00bbheader_6_text_shadow_style,%91object Object%93&Prime; z_index_tablet=\u00a0\u00bb500&Prime;]<\/p>\n<h3>Chercheure en anthropologie culturelle et en didactique du FLM et du FLS (grammaire du discours, litt\u00e9rature francophone)<\/h3>\n<p>Membre externe Laboratoire de linguistique inter-langues, axe 3 \u00ab\u00a0Politiques linguistiques et interculturalit\u00e9\u00a0\u00bb<\/p>\n<p>Adresse mail : <span style=\"font-family: verdana, sans-serif\"><b><a href=\"mailto:boudetm31@gmail.com\">boudetm31@gmail.com<\/a><\/b><\/span><\/p>\n<p>[\/et_pb_text][\/et_pb_column][\/et_pb_row][\/et_pb_section][et_pb_section bb_built=\u00a0\u00bb1&Prime; fullwidth=\u00a0\u00bboff\u00a0\u00bb specialty=\u00a0\u00bboff\u00a0\u00bb prev_background_color=\u00a0\u00bb#000000&Prime; inner_width=\u00a0\u00bbauto\u00a0\u00bb inner_max_width=\u00a0\u00bbnone\u00a0\u00bb][et_pb_row][et_pb_column type=\u00a0\u00bb4_4&Prime;][et_pb_toggle admin_label=\u00a0\u00bbParcours professionnel &amp; Formation universitaire\/Concours\u00a0\u00bb _builder_version=\u00a0\u00bb3.22.1&Prime; title=\u00a0\u00bbParcours professionnel &amp; Formation universitaire\/Concours\u00a0\u00bb text_shadow_horizontal_length=\u00a0\u00bbtext_shadow_style,%91object Object%93&Prime; text_shadow_vertical_length=\u00a0\u00bbtext_shadow_style,%91object Object%93&Prime; text_shadow_blur_strength=\u00a0\u00bbtext_shadow_style,%91object Object%93&Prime; title_text_shadow_horizontal_length=\u00a0\u00bbtitle_text_shadow_style,%91object Object%93&Prime; title_text_shadow_vertical_length=\u00a0\u00bbtitle_text_shadow_style,%91object Object%93&Prime; title_text_shadow_blur_strength=\u00a0\u00bbtitle_text_shadow_style,%91object Object%93&Prime; body_text_shadow_horizontal_length=\u00a0\u00bbbody_text_shadow_style,%91object Object%93&Prime; body_text_shadow_vertical_length=\u00a0\u00bbbody_text_shadow_style,%91object Object%93&Prime; body_text_shadow_blur_strength=\u00a0\u00bbbody_text_shadow_style,%91object Object%93&Prime; z_index_tablet=\u00a0\u00bb500&Prime;]<\/p>\n<ul>\n<li>De 2011 \u00e0 2017, coordinatrice de s\u00e9minaires \u00ab\u00a0Politiques des sciences\u00a0\u00bb (EHESS Paris)<\/li>\n<li>De 1994 \u00e0 2015, enseignement du fran\u00e7ais et des Lettres dans le Secondaire (acad\u00e9mie de Toulouse)<\/li>\n<li>De 1988 \u00e0 1994, formatrice de professeur.es de lyc\u00e9e \u00e0 l\u2019ENS de Porto Novo au B\u00e9nin\u00a0 et enseignement \u00e0 l\u2019universit\u00e9 d\u2019Abomey Calavi (d\u00e9tachement dans le cadre de la coop\u00e9ration francophone, enseignement du FLE)<\/li>\n<li>De 1984 \u00e0 1988, formatrice de professeur.es de coll\u00e8ge au CPR de Mekn\u00e8s Toulal au Maroc (d\u00e9tachement)<\/li>\n<li>1997: Doctorat en litt\u00e9rature fran\u00e7aise, Universit\u00e9 de Poitiers (mention tr\u00e8s honorable) &#8211; Th\u00e8se intitul\u00e9e \u00ab\u00a0De l\u2019alchimie spirituelle dans l\u2019\u0153uvre de Joris-Karl Huysmans\u00a0\u00bb, pr\u00e9par\u00e9e sous la direction du Pr Pierre Danger.<\/li>\n<\/ul>\n<ul>\n<li>1984 : Agr\u00e9gation externe de Lettres modernes (rang : 32e)<\/li>\n<li>1983 : Capes externe de Lettres modernes (rang : 2e)<\/li>\n<li>1979: Ma\u00eetrise en litt\u00e9rature fran\u00e7aise, Universit\u00e9 de Limoges (mention tr\u00e8s bien)<\/li>\n<li>1977 : Licence de litt\u00e9rature fran\u00e7aise,\u00a0 Universit\u00e9 de Bordeaux III (mention bien)<\/li>\n<\/ul>\n<p>[\/et_pb_toggle][et_pb_toggle admin_label=\u00a0\u00bbPublications acad\u00e9miques \u00a0\u00bb _builder_version=\u00a0\u00bb3.22.1&Prime; title=\u00a0\u00bbPublications acad\u00e9miques \u00a0\u00bb text_shadow_horizontal_length=\u00a0\u00bbtext_shadow_style,%91object Object%93&Prime; text_shadow_vertical_length=\u00a0\u00bbtext_shadow_style,%91object Object%93&Prime; text_shadow_blur_strength=\u00a0\u00bbtext_shadow_style,%91object Object%93&Prime; title_text_shadow_horizontal_length=\u00a0\u00bbtitle_text_shadow_style,%91object Object%93&Prime; title_text_shadow_vertical_length=\u00a0\u00bbtitle_text_shadow_style,%91object Object%93&Prime; title_text_shadow_blur_strength=\u00a0\u00bbtitle_text_shadow_style,%91object Object%93&Prime; body_text_shadow_horizontal_length=\u00a0\u00bbbody_text_shadow_style,%91object Object%93&Prime; body_text_shadow_vertical_length=\u00a0\u00bbbody_text_shadow_style,%91object Object%93&Prime; body_text_shadow_blur_strength=\u00a0\u00bbbody_text_shadow_style,%91object Object%93&Prime; z_index_tablet=\u00a0\u00bb500&Prime;]<\/p>\n<p><em>Les langues-cultures moteurs de d\u00e9mocratie et de d\u00e9veloppement<\/em> (dir, Paris, Le Croquant, 2019) <a href=\"https:\/\/editions-croquant.org\/sociologie-historique\/550-les-langues-cultures.html\">https:\/\/editions-croquant.org\/sociologie-historique\/550-les-langues-cultures.html<\/a><\/p>\n<p><em>Le syst\u00e8me \u00e9ducatif \u00e0 l&rsquo;heure de la soci\u00e9t\u00e9 de la connaissance <\/em>(co-dir, Toulouse, PUM, 2014) <a href=\"http:\/\/pum.univ-tlse2.fr\/%7ELe-systeme-educatif-a-l-heure-de%7E.html\">http:\/\/pum.univ-tlse2.fr\/~Le-systeme-educatif-a-l-heure-de~.html<br \/><\/a><br \/><em>Essai de m\u00e9thodologie de lecture-\u00e9criture (\u00e0 para\u00eetre)<\/em><\/p>\n<p>[\/et_pb_toggle][et_pb_toggle admin_label=\u00a0\u00bbCommunications acad\u00e9miques \u00a0\u00bb _builder_version=\u00a0\u00bb3.22.1&Prime; title=\u00a0\u00bbCommunications acad\u00e9miques \u00a0\u00bb text_shadow_horizontal_length=\u00a0\u00bbtext_shadow_style,%91object Object%93&Prime; text_shadow_vertical_length=\u00a0\u00bbtext_shadow_style,%91object Object%93&Prime; text_shadow_blur_strength=\u00a0\u00bbtext_shadow_style,%91object Object%93&Prime; title_text_shadow_horizontal_length=\u00a0\u00bbtitle_text_shadow_style,%91object Object%93&Prime; title_text_shadow_vertical_length=\u00a0\u00bbtitle_text_shadow_style,%91object Object%93&Prime; title_text_shadow_blur_strength=\u00a0\u00bbtitle_text_shadow_style,%91object Object%93&Prime; body_text_shadow_horizontal_length=\u00a0\u00bbbody_text_shadow_style,%91object Object%93&Prime; body_text_shadow_vertical_length=\u00a0\u00bbbody_text_shadow_style,%91object Object%93&Prime; body_text_shadow_blur_strength=\u00a0\u00bbbody_text_shadow_style,%91object Object%93&Prime; z_index_tablet=\u00a0\u00bb500&Prime;]<\/p>\n<p>Pr\u00e9sentation de mes travaux, s\u00e9minaire de CLILLAC-ARP, laboratoire de linguistique inter-langues, axe 3 \u201cPolitiques linguistiques et interculturalit\u00e9\u201d\u00a0(EILA), Universit\u00e9 Paris Cit\u00e9 VII Diderot (17 mai 2021)<\/p>\n<p>\u00ab\u00a0Les langues-cultures moteurs de d\u00e9mocratie et de d\u00e9veloppement: expertise d&rsquo;une publication acad\u00e9mique et citoyenne\u00a0\u00bb, congr\u00e8s de l&rsquo;association POCLANDE, universit\u00e9 de Bordeaux Montaigne (25 octobre 2019).\u00a0<\/p>\n<p>&nbsp;<\/p>\n<p>\u00abL\u2019inclusivit\u00e9 comme param\u00e8tre de la revivification de l\u2019enseignement des Lettres: cas des litt\u00e9ratures francophone et du monde en fran\u00e7ais\u00bb, colloque international <em>Pratiques et l\u2019enseignement du fran\u00e7ais : bilan et perspectives\u00a0\u00a0<\/em>(CREM Universit\u00e9 de Metz- 8-10 avril 2015)<\/p>\n<p>&nbsp;<\/p>\n<p>\u00ab\u00a0Du concept de diversit\u00e9 dans les programmes scolaires du secondaire en France\u00a0\u00bb, rencontre internationale du RIED\/R\u00e9seau international Education et diversit\u00e9 (du\u00a0 20 au 22 octobre 2014 IUFM de Marseille), \u00ab\u00a0Education et Diversit\u00e9\u00a0\u00bb<\/p>\n<p>[\/et_pb_toggle][et_pb_toggle admin_label=\u00a0\u00bbArticles (didactique disciplinaire, politique \u00e9ducative et de recherche)\u00a0\u00bb _builder_version=\u00a0\u00bb3.22.1&Prime; title=\u00a0\u00bbArticles (didactique disciplinaire, politique \u00e9ducative et de recherche)\u00a0\u00bb text_shadow_horizontal_length=\u00a0\u00bbtext_shadow_style,%91object Object%93&Prime; text_shadow_vertical_length=\u00a0\u00bbtext_shadow_style,%91object Object%93&Prime; text_shadow_blur_strength=\u00a0\u00bbtext_shadow_style,%91object Object%93&Prime; title_text_shadow_horizontal_length=\u00a0\u00bbtitle_text_shadow_style,%91object Object%93&Prime; title_text_shadow_vertical_length=\u00a0\u00bbtitle_text_shadow_style,%91object Object%93&Prime; title_text_shadow_blur_strength=\u00a0\u00bbtitle_text_shadow_style,%91object Object%93&Prime; body_text_shadow_horizontal_length=\u00a0\u00bbbody_text_shadow_style,%91object Object%93&Prime; body_text_shadow_vertical_length=\u00a0\u00bbbody_text_shadow_style,%91object Object%93&Prime; body_text_shadow_blur_strength=\u00a0\u00bbbody_text_shadow_style,%91object Object%93&Prime; z_index_tablet=\u00a0\u00bb500&Prime;]<\/p>\n<p>A propos du colloque de la revue Pratiques-Universit\u00e9 de Metz 2015<br \/><a href=\"https:\/\/pfl.hypotheses.org\/223\">https:\/\/pfl.hypotheses.org\/223<\/a><\/p>\n<p>Note de lecture de <em>Didactique du fran\u00e7ais, fondements d\u2019une discipline<\/em> (Chiss,\u202fJ.-L.,\u202fDavid,\u202fJ.,\u202fReuter,\u202fY.\u202fdir., De Boeck, 2015) <a href=\"https:\/\/pfl.hypotheses.org\/394#more-394\">https:\/\/pfl.hypotheses.org\/394#more-394<\/a><\/p>\n<p>&nbsp;<\/p>\n<p><a href=\"https:\/\/pfl.hypotheses.org\/521\">SOS Enseignement du fran\u00e7ais et des Lettres<\/a> (tribune coll\u00e9giale, mai 2019)<br \/><a href=\"https:\/\/pfl.hypotheses.org\/\">https:\/\/pfl.hypotheses.org\/<\/a><\/p>\n<p>&nbsp;<\/p>\n<p><a href=\"https:\/\/pfl.hypotheses.org\/386\">Pour des Etats g\u00e9n\u00e9raux du Fran\u00e7ais et des Lettres<\/a> <a href=\"https:\/\/pfl.hypotheses.org\/386#more-386\">https:\/\/pfl.hypotheses.org\/386#more-386<\/a><\/p>\n<p>&nbsp;<\/p>\n<p>L\u2019enseignement de la litt\u00e9rature francophone, une voie d\u2019acc\u00e8s \u00e0 la diversit\u00e9 et \u00e0 la comp\u00e9tence interculturelle, Cahiers p\u00e9dagogiques- Dossier de l\u2019AFEF (Association fran\u00e7aise des enseignants de fran\u00e7ais), Dossier\u00a0 \u00ab\u00a0Ambitieux en fran\u00e7ais\u00a0n\u00b0 1\u00bb 2015 <a href=\"https:\/\/www.afef.org\/system\/files\/2019-01\/12-litterature-francophone-et-competence-interculturelle.pdf\">https:\/\/www.afef.org\/system\/files\/2019-01\/12-litterature-francophone-et-competence-interculturelle.pdf<\/a><\/p>\n<p>&nbsp;<\/p>\n<p>&nbsp;<\/p>\n<p><strong><em>\u00a0<\/em><\/strong>Etude comparative des conditions f\u00e9minine et masculine \u00e0 travers deux extraits de romans de Maupassant (cours de Lettres et de morale la\u00efque et citoyenne)\u00a0 Dossier\u00a0 \u00ab\u00a0Ambitieux en fran\u00e7ais\u00a0n\u00b0 2\u00bb AFEF-juillet 2015<\/p>\n<p>[\/et_pb_toggle][et_pb_toggle admin_label=\u00a0\u00bbCarnet de recherche-formation\u00a0\u00bb _builder_version=\u00a0\u00bb3.22.1&Prime; title=\u00a0\u00bbCarnet de recherche-formation\u00a0\u00bb text_shadow_horizontal_length=\u00a0\u00bbtext_shadow_style,%91object Object%93&Prime; text_shadow_vertical_length=\u00a0\u00bbtext_shadow_style,%91object Object%93&Prime; text_shadow_blur_strength=\u00a0\u00bbtext_shadow_style,%91object Object%93&Prime; title_text_shadow_horizontal_length=\u00a0\u00bbtitle_text_shadow_style,%91object Object%93&Prime; title_text_shadow_vertical_length=\u00a0\u00bbtitle_text_shadow_style,%91object Object%93&Prime; title_text_shadow_blur_strength=\u00a0\u00bbtitle_text_shadow_style,%91object Object%93&Prime; body_text_shadow_horizontal_length=\u00a0\u00bbbody_text_shadow_style,%91object Object%93&Prime; body_text_shadow_vertical_length=\u00a0\u00bbbody_text_shadow_style,%91object Object%93&Prime; body_text_shadow_blur_strength=\u00a0\u00bbbody_text_shadow_style,%91object Object%93&Prime; z_index_tablet=\u00a0\u00bb500&Prime;]<\/p>\n<p>Promotion fran\u00e7ais-Lettres <br \/><a href=\"https:\/\/pfl.hypotheses.org\/\">https:\/\/pfl.hypotheses.org\/<\/a><\/p>\n<p>[\/et_pb_toggle][et_pb_toggle admin_label=\u00a0\u00bbPublications citoyennes\u00a0\u00bb _builder_version=\u00a0\u00bb3.22.1&Prime; title=\u00a0\u00bbPublications citoyennes\u00a0\u00bb text_shadow_horizontal_length=\u00a0\u00bbtext_shadow_style,%91object Object%93&Prime; text_shadow_vertical_length=\u00a0\u00bbtext_shadow_style,%91object Object%93&Prime; text_shadow_blur_strength=\u00a0\u00bbtext_shadow_style,%91object Object%93&Prime; title_text_shadow_horizontal_length=\u00a0\u00bbtitle_text_shadow_style,%91object Object%93&Prime; title_text_shadow_vertical_length=\u00a0\u00bbtitle_text_shadow_style,%91object Object%93&Prime; title_text_shadow_blur_strength=\u00a0\u00bbtitle_text_shadow_style,%91object Object%93&Prime; body_text_shadow_horizontal_length=\u00a0\u00bbbody_text_shadow_style,%91object Object%93&Prime; body_text_shadow_vertical_length=\u00a0\u00bbbody_text_shadow_style,%91object Object%93&Prime; body_text_shadow_blur_strength=\u00a0\u00bbbody_text_shadow_style,%91object Object%93&Prime; z_index_tablet=\u00a0\u00bb500&Prime;]<\/p>\n<p><em>SOS Ecole Universit\u00e9 \u2013Pour un syst\u00e8me \u00e9ducatif d\u00e9mocratique<\/em> (dir, Paris, Le Croquant, 2020) <a href=\"https:\/\/editions-croquant.org\/hors-collection\/609-sos-ecole-universite-pour-un-systeme-educatif-democratique.html\">https:\/\/editions-croquant.org\/hors-collection\/609-sos-ecole-universite-pour-un-systeme-educatif-democratique.html<\/a><\/p>\n<p>\u00a0<em>Les hymnes et chants identitaires du grand sud<\/em> (Albi, IDECO, 2009)<br \/><a href=\"http:\/\/www.ideco-dif.com\/ieo_edicions\/textes_et_documents\/les_hymnes_et_chants_identitaires_du_grand_sud\">http:\/\/www.ideco-dif.com\/ieo_edicions\/textes_et_documents\/les_hymnes_et_chants_identitaires_du_grand_sud<\/a><\/p>\n<p><em>L\u2019embl\u00e9matique des r\u00e9gions de France<\/em> (\u00e0 para\u00eetre)<\/p>\n<p>[\/et_pb_toggle][\/et_pb_column][\/et_pb_row][\/et_pb_section]<\/p>\n","protected":false},"excerpt":{"rendered":"<div class=\"et_pb_row et_pb_row_0 et_pb_row_empty\"><\/div>\n<div class=\"et_pb_row et_pb_row_1 et_pb_row_empty\"><\/div>\n<p> Chercheure en anthropologie culturelle et en didactique du FLM et du FLS (grammaire du discours, litt\u00e9rature francophone)Membre externe Laboratoire de linguistique inter-langues, axe 3 \u00ab\u00a0Politiques linguistiques et interculturalit\u00e9\u00a0\u00bbAdresse mail : boudetm31@gmail.com <\/p>\n<div class=\"et_pb_row et_pb_row_2 et_pb_row_empty\"><\/div>\n<p> De 2011 \u00e0 2017, coordinatrice de s\u00e9minaires \u00ab\u00a0Politiques des sciences\u00a0\u00bb (EHESS Paris) De 1994 \u00e0 2015, enseignement du fran\u00e7ais et des Lettres&hellip; <a class=\"continue\" href=\"https:\/\/wordpress-test.app.u-pariscite.fr\/eila\/boudet-martine\/\">Lire la suite<span> Boudet Martine<\/span><\/a><\/p>\n","protected":false},"author":248,"featured_media":0,"parent":0,"menu_order":0,"comment_status":"closed","ping_status":"closed","template":"","meta":{"_et_pb_use_builder":"on","_et_pb_old_content":"","_et_gb_content_width":"","footnotes":""},"class_list":["post-452","page","type-page","status-publish","hentry"],"_links":{"self":[{"href":"https:\/\/wordpress-test.app.u-pariscite.fr\/eila\/wp-json\/wp\/v2\/pages\/452","targetHints":{"allow":["GET"]}}],"collection":[{"href":"https:\/\/wordpress-test.app.u-pariscite.fr\/eila\/wp-json\/wp\/v2\/pages"}],"about":[{"href":"https:\/\/wordpress-test.app.u-pariscite.fr\/eila\/wp-json\/wp\/v2\/types\/page"}],"author":[{"embeddable":true,"href":"https:\/\/wordpress-test.app.u-pariscite.fr\/eila\/wp-json\/wp\/v2\/users\/248"}],"replies":[{"embeddable":true,"href":"https:\/\/wordpress-test.app.u-pariscite.fr\/eila\/wp-json\/wp\/v2\/comments?post=452"}],"version-history":[{"count":4,"href":"https:\/\/wordpress-test.app.u-pariscite.fr\/eila\/wp-json\/wp\/v2\/pages\/452\/revisions"}],"predecessor-version":[{"id":2469,"href":"https:\/\/wordpress-test.app.u-pariscite.fr\/eila\/wp-json\/wp\/v2\/pages\/452\/revisions\/2469"}],"wp:attachment":[{"href":"https:\/\/wordpress-test.app.u-pariscite.fr\/eila\/wp-json\/wp\/v2\/media?parent=452"}],"curies":[{"name":"wp","href":"https:\/\/api.w.org\/{rel}","templated":true}]}}