{"id":3220,"date":"2022-07-11T08:42:14","date_gmt":"2022-07-11T06:42:14","guid":{"rendered":"https:\/\/wordpress-test.app.u-pariscite.fr\/eila\/?page_id=3220"},"modified":"2023-10-24T15:31:41","modified_gmt":"2023-10-24T13:31:41","slug":"valdez-cristian","status":"publish","type":"page","link":"https:\/\/wordpress-test.app.u-pariscite.fr\/eila\/valdez-cristian\/","title":{"rendered":"Valdez Cristian"},"content":{"rendered":"<p>[et_pb_section fb_built=\u00a0\u00bb1&Prime; _builder_version=\u00a0\u00bb3.22.1&Prime;][et_pb_row _builder_version=\u00a0\u00bb3.22.1&Prime; background_size=\u00a0\u00bbinitial\u00a0\u00bb background_position=\u00a0\u00bbtop_left\u00a0\u00bb background_repeat=\u00a0\u00bbrepeat\u00a0\u00bb][et_pb_column type=\u00a0\u00bb4_4&Prime; _builder_version=\u00a0\u00bb3.0.47&Prime;][et_pb_text _builder_version=\u00a0\u00bb3.22.1&Prime; background_size=\u00a0\u00bbinitial\u00a0\u00bb background_position=\u00a0\u00bbtop_left\u00a0\u00bb background_repeat=\u00a0\u00bbrepeat\u00a0\u00bb custom_padding=\u00a0\u00bb0px|||||\u00a0\u00bb]<\/p>\n<h1>Valdez Cristian<\/h1>\n<h3><img loading=\"lazy\" decoding=\"async\" class=\"wp-image-3515 alignleft\" src=\"https:\/\/wordpress-test.app.u-pariscite.fr\/eila\/wp-content\/uploads\/sites\/42\/2022\/11\/IMG_0287-300x300.jpg\" alt=\"\" width=\"192\" height=\"192\" srcset=\"https:\/\/wordpress-test.app.u-pariscite.fr\/eila\/wp-content\/uploads\/sites\/42\/2022\/11\/IMG_0287-300x300.jpg 300w, https:\/\/wordpress-test.app.u-pariscite.fr\/eila\/wp-content\/uploads\/sites\/42\/2022\/11\/IMG_0287-150x150.jpg 150w, https:\/\/wordpress-test.app.u-pariscite.fr\/eila\/wp-content\/uploads\/sites\/42\/2022\/11\/IMG_0287-768x765.jpg 768w, https:\/\/wordpress-test.app.u-pariscite.fr\/eila\/wp-content\/uploads\/sites\/42\/2022\/11\/IMG_0287.jpg 964w\" sizes=\"(max-width: 192px) 100vw, 192px\" \/><span style=\"color: #808080\">Maitre de conf\u00e9rences<\/span><\/h3>\n<p><a href=\"mailto:Cristian.valdez@wordpress-test.app.u-pariscite.fr\">Cristian.valdez@wordpress-test.app.u-pariscite.fr<\/a><\/p>\n<h6>Campus Grands Moulins, B\u00e2timent Olympe de Gouges<\/h6>\n<h6>8 place Paul Ric\u0153ur 75013 Paris<\/h6>\n<h6>Bureau\u00a0723 (7\u00e8me \u00e9tage)<\/h6>\n<h2><\/h2>\n<p>&nbsp;<\/p>\n<h3><\/h3>\n<ul><\/ul>\n<p>[\/et_pb_text][et_pb_accordion _builder_version=\u00a0\u00bb3.22.1&Prime; min_height=\u00a0\u00bb255px\u00a0\u00bb][et_pb_accordion_item title=\u00a0\u00bbPr\u00e9sentation\u00a0\u00bb open=\u00a0\u00bbon\u00a0\u00bb _builder_version=\u00a0\u00bb3.22.1&Prime; title_text_shadow_horizontal_length=\u00a0\u00bb0em\u00a0\u00bb title_text_shadow_vertical_length=\u00a0\u00bb0em\u00a0\u00bb title_text_shadow_blur_strength=\u00a0\u00bb0em\u00a0\u00bb body_text_shadow_horizontal_length=\u00a0\u00bb0em\u00a0\u00bb body_text_shadow_vertical_length=\u00a0\u00bb0em\u00a0\u00bb body_text_shadow_blur_strength=\u00a0\u00bb0em\u00a0\u00bb]<\/p>\n<p><a href=\"https:\/\/clillac-arp.wordpress-test.app.u-pariscite.fr\/annuaire\/valdez-cristian\/\">Lien vers le site web du laboratoire CLILLAC-ARP.<\/a>\u00a0<\/p>\n<p>[\/et_pb_accordion_item][\/et_pb_accordion][\/et_pb_column][\/et_pb_row][\/et_pb_section][et_pb_section fb_built=\u00a0\u00bb1&Prime; _builder_version=\u00a0\u00bb3.22.1&Prime;][\/et_pb_section]<\/p>\n","protected":false},"excerpt":{"rendered":"<p>Valdez Cristian Maitre de conf\u00e9rences Cristian.valdez@wordpress-test.app.u-pariscite.fr Campus Grands Moulins, B\u00e2timent Olympe de Gouges 8 place Paul Ric\u0153ur 75013 Paris Bureau\u00a0723 (7\u00e8me \u00e9tage) &nbsp; Lien vers le site web du laboratoire CLILLAC-ARP.\u00a0<\/p>\n","protected":false},"author":248,"featured_media":0,"parent":0,"menu_order":0,"comment_status":"closed","ping_status":"closed","template":"","meta":{"_et_pb_use_builder":"on","_et_pb_old_content":"<p>\u00a0<\/p><h3><img class=\"wp-image-3515 alignleft\" src=\"https:\/\/wordpress-test.app.u-pariscite.fr\/eila\/wp-content\/uploads\/sites\/42\/2022\/11\/IMG_0287-300x300.jpg\" alt=\"\" width=\"192\" height=\"192\" \/><span style=\"color: #808080;\">Maitre de conf\u00e9rences<\/span><\/h3><p><a href=\"mailto:Cristian.valdez@wordpress-test.app.u-pariscite.fr\">Cristian.valdez@wordpress-test.app.u-pariscite.fr<\/a><\/p><h6>Campus Grands Moulins, B\u00e2timent Olympe de Gouges<\/h6><h6>8 place Paul Ric\u0153ur 75013 Paris<\/h6><h6>Bureau\u00a0723 (7\u00e8me \u00e9tage)<\/h6><h2>\u00a0<\/h2><p>\u00a0<\/p><h3><span style=\"color: #993366;\"><strong>Pr\u00e9sentation<\/strong><\/span><\/h3><ul><li><span class=\"not_fr_quote\" lang=\"la\"><span class=\"italique\">Enseignant-chercheur en linguistique hispanique et traduction sp\u00e9cialis\u00e9e \u00e0 l'UFR EILA (\u00c9tudes Interculturelles de Langues Appliqu\u00e9es)<\/span><\/span><\/li><li>Membre du\u00a0<a href=\"https:\/\/clillac-arp.wordpress-test.app.u-pariscite.fr\" target=\"_blank\" rel=\"noopener noreferrer\"><em>CLILLAC-ARP<\/em><\/a>\u00a0(Centre de Linguistique Inter-langues, de lexicologie, de Linguistique Anglaise et de Corpus \u2013 Atelier de Recherche sur la Parole, EA 3967)<\/li><li>Responsable de l\u2019UE Langue en L3 LEA - parcours Anglais\/Espagnol<\/li><\/ul><h4><span style=\"color: #993366;\">Domaines de recherche<\/span><\/h4><ul><li>Linguistique hispanique : constructions attributives, \u00e9videntialit\u00e9, grammaire cognitive, linguistique de corpus<\/li><li>Traductologie de corpus : traduction automatique neuronale, traduction sp\u00e9cialis\u00e9e espagnol-fran\u00e7ais<\/li><li>Didactique des langues : enseignement de la grammaire, interaction connaissances d\u00e9claratives-proc\u00e9durales, corpus d'apprenants<\/li><\/ul><h4><span style=\"color: #993366;\">Formation<\/span><\/h4><ul><li>Doctorat en linguistique et didactique des langues \u2013 co-tutelle internationale Universit\u00e9 Rennes 2 (France) et <em>Katholieke Universiteit Leuven<\/em> (Belgique)<\/li><li>Master 1 et Master 2, Linguistique et didactique des langues \u2013 Universit\u00e9 Rennes 2<\/li><li>Licence (4 ans), <em>Profesor de espa\u00f1ol lengua materna y lengua extranjera\u00a0<\/em>\u2013 <em>Universidad Nacional de C\u00f3rdoba\u00a0<\/em>(Argentine)<\/li><\/ul>","_et_gb_content_width":"","footnotes":""},"class_list":["post-3220","page","type-page","status-publish","hentry"],"_links":{"self":[{"href":"https:\/\/wordpress-test.app.u-pariscite.fr\/eila\/wp-json\/wp\/v2\/pages\/3220","targetHints":{"allow":["GET"]}}],"collection":[{"href":"https:\/\/wordpress-test.app.u-pariscite.fr\/eila\/wp-json\/wp\/v2\/pages"}],"about":[{"href":"https:\/\/wordpress-test.app.u-pariscite.fr\/eila\/wp-json\/wp\/v2\/types\/page"}],"author":[{"embeddable":true,"href":"https:\/\/wordpress-test.app.u-pariscite.fr\/eila\/wp-json\/wp\/v2\/users\/248"}],"replies":[{"embeddable":true,"href":"https:\/\/wordpress-test.app.u-pariscite.fr\/eila\/wp-json\/wp\/v2\/comments?post=3220"}],"version-history":[{"count":14,"href":"https:\/\/wordpress-test.app.u-pariscite.fr\/eila\/wp-json\/wp\/v2\/pages\/3220\/revisions"}],"predecessor-version":[{"id":3583,"href":"https:\/\/wordpress-test.app.u-pariscite.fr\/eila\/wp-json\/wp\/v2\/pages\/3220\/revisions\/3583"}],"wp:attachment":[{"href":"https:\/\/wordpress-test.app.u-pariscite.fr\/eila\/wp-json\/wp\/v2\/media?parent=3220"}],"curies":[{"name":"wp","href":"https:\/\/api.w.org\/{rel}","templated":true}]}}