{"id":322,"date":"2021-05-26T16:43:38","date_gmt":"2021-05-26T14:43:38","guid":{"rendered":"https:\/\/wordpress-test.app.u-pariscite.fr\/eila\/?page_id=322"},"modified":"2024-09-27T11:55:40","modified_gmt":"2024-09-27T09:55:40","slug":"echanges","status":"publish","type":"page","link":"https:\/\/wordpress-test.app.u-pariscite.fr\/eila\/echanges\/","title":{"rendered":"\u00c9changes (sortants)"},"content":{"rendered":"<p>[et_pb_section bb_built=\u00a0\u00bb1&Prime; _builder_version=\u00a0\u00bb3.22&Prime; next_background_color=\u00a0\u00bb#000000&Prime;][et_pb_row _builder_version=\u00a0\u00bb3.22&Prime; background_size=\u00a0\u00bbinitial\u00a0\u00bb background_position=\u00a0\u00bbtop_left\u00a0\u00bb background_repeat=\u00a0\u00bbrepeat\u00a0\u00bb][et_pb_column type=\u00a0\u00bb4_4&Prime;][et_pb_post_title admin_label=\u00a0\u00bbTitre de la page\u00a0\u00bb meta=\u00a0\u00bboff\u00a0\u00bb featured_image=\u00a0\u00bboff\u00a0\u00bb _builder_version=\u00a0\u00bb3.19.11&Prime;]<\/p>\n<p><\/p>\n<p>[\/et_pb_post_title][\/et_pb_column][\/et_pb_row][et_pb_row _builder_version=\u00a0\u00bb3.22&Prime; background_size=\u00a0\u00bbinitial\u00a0\u00bb background_position=\u00a0\u00bbtop_left\u00a0\u00bb background_repeat=\u00a0\u00bbrepeat\u00a0\u00bb][et_pb_column type=\u00a0\u00bb3_4&Prime;][et_pb_text module_id=\u00a0\u00bbcontenu\u00a0\u00bb _builder_version=\u00a0\u00bb3.22.1&Prime; z_index_tablet=\u00a0\u00bb500&Prime;]<\/p>\n<p>L\u2019UFR EILA pratique depuis longtemps des \u00e9changes dans le cadre de la mobilit\u00e9 ERASMUS avec de nombreuses universit\u00e9s europ\u00e9ennes, de langue allemande, anglaise et espagnole. Les \u00e9tudiants de LEA sont fortement incit\u00e9s \u00e0 participer \u00e0 un de ces \u00e9changes et \u00e0 passer ainsi une ann\u00e9e scolaire \u2014 en principe celle de L3 \u2014 dans une universit\u00e9 partenaire. Il est \u00e9galement possible de partir un semestre en master (ou une ann\u00e9e, sous conditions). Pour les formations CTM\/ILTS, il est conseill\u00e9 de choisir une universit\u00e9 dont la formation est proche de celle de ces cursus, \u00e0 savoir celles de Limerick, Aut\u00f3noma (Madrid) et Vienne (Autriche) \u2013 liste non exhaustive. Pour un Master recherche, il convient de suivre les conseils du directeur de recherche. Pour le Master LCIN, les \u00e9tudiants hispanisants peuvent choisir de suivre un double cursus \u00e0 l\u2019Universit\u00e9 d\u2019Alicante et s\u2019inscrire au Master en Communication et Industries Cr\u00e9atives et Culturelles, en effectuant leur ann\u00e9e de M1 en LCIN et leur ann\u00e9e de M2 \u00e0 l\u2019Universit\u00e9 d\u2019Alicante.<\/p>\n<p>L\u2019UFR EILA offre chaque ann\u00e9e de tr\u00e8s nombreuses opportunit\u00e9s d&rsquo;\u00e9changes universitaires au-del\u00e0 de l\u2019Europe.<\/p>\n<p>La Micefa est un consortium de 17 universit\u00e9s membres en Ile-de-France et plus de 60 universit\u00e9s partenaires en Am\u00e9rique du nord\u00a0: Etats-Unis et Canada\u00a0(<a href=\"https:\/\/wordpress-test.app.u-pariscite.fr\/mobilite-detudes-micefa-usa-canada\/\">https:\/\/wordpress-test.app.u-pariscite.fr\/mobilite-detudes-micefa-usa-canada\/<\/a>)<\/p>\n<p>En Australie, trois universit\u00e9s majeures ont un accord bilat\u00e9ral avec EILA\u00a0: Sydney, Melbourne et University of South Wales &#8211; peut varier selon l\u2019option choisie.<\/p>\n<p>Vers le Japon, ce sont en moyenne entre 10 et 15 \u00e9tudiants de licence LEA anglais-japonais qui partent pour un s\u00e9jour d\u2019un an. Les conventions universitaires avec le Japon se sont multipli\u00e9es au fil des ann\u00e9es et aujourd\u2019hui nos \u00e9tudiants peuvent effectuer leur s\u00e9jour aupr\u00e8s d\u2019une vingtaine d\u2019\u00e9tablissements partenaires r\u00e9partis sur l\u2019ensemble du territoire japonais.<\/p>\n<div class=\"gmail_default\">Vers la Chine, gr\u00e2ce \u00e0 des accords bilat\u00e9raux avec LCAO chinois, nos \u00e9tudiants ont la possibilit\u00e9 de partir \u00e9tudier dans 5 universit\u00e9s (Capital University of Economics and Business, Wuhan University, Huazhong University of Science and Technology \u2013 LSH \u2013 Sciences, Tamkang University, National Tsing Hua University)<\/div>\n<p class=\"gmail_default\">Vers la Cor\u00e9e, des accords bilat\u00e9raux permettent des \u00e9changes entre plusieurs universit\u00e9s cor\u00e9ennes et notre UFR (un(e) \u00e9tudiant(e) par an ayant la combinaison anglais chinois ou anglais japonais).<\/p>\n<div class=\"gmail_default\">Vers l\u2019Am\u00e9rique latine, il est possible de partir au Mexique (Universidad de Guanajuato), en Colombie (Universidad Nacional de Colombia, Pontificia Universidad Javieriana), au Chili (Universidad Diego Portales) ou en Argentine (Universidad Nacional de Tres de Febrero).<\/div>\n<p>La plupart des \u00e9changes sont des mobilit\u00e9s \u00e9tudiantes, c\u2019est \u00e0 dire que l\u2019\u00e9tudiant reste inscrit \u00e0 Universit\u00e9 Paris Cit\u00e9 et sera \u00e0 terme dipl\u00f4m\u00e9 par cette universit\u00e9 s\u2019il r\u00e9ussit son ann\u00e9e \u00e0 l\u2019\u00e9tranger. L\u2019\u00e9tablissement h\u00f4te d\u00e9livre des notes mais pas de dipl\u00f4me. Ces notes obtenues \u00e0 l\u2019\u00e9tranger seront transcrites en notes fran\u00e7aises pour permettre la validation des semestres correspondants \u00e0 votre cursus. Des certifications en langue sont demand\u00e9es selon les universit\u00e9s d\u2019accueil.<\/p>\n<p><a href=\"https:\/\/cloud.parisdescartes.fr\/index.php\/s\/GfLcXRMGxZ9fgQr\">Pr\u00e9sentation des mobilit\u00e9s<\/a><\/p>\n<p>[\/et_pb_text][et_pb_toggle admin_label=\u00a0\u00bbBascule Coordination des \u00e9changes \u00e0 l&rsquo;UFR EILA\u00a0\u00bb title=\u00a0\u00bbCandidatures et coordination des \u00e9changes (sortants)\u00a0\u00bb _builder_version=\u00a0\u00bb3.22.1&Prime; z_index_tablet=\u00a0\u00bb500&Prime; text_shadow_horizontal_length=\u00a0\u00bbtext_shadow_style,%91object Object%93&Prime; text_shadow_vertical_length=\u00a0\u00bbtext_shadow_style,%91object Object%93&Prime; text_shadow_blur_strength=\u00a0\u00bbtext_shadow_style,%91object Object%93&Prime; title_text_shadow_horizontal_length=\u00a0\u00bbtitle_text_shadow_style,%91object Object%93&Prime; title_text_shadow_vertical_length=\u00a0\u00bbtitle_text_shadow_style,%91object Object%93&Prime; title_text_shadow_blur_strength=\u00a0\u00bbtitle_text_shadow_style,%91object Object%93&Prime; body_text_shadow_horizontal_length=\u00a0\u00bbbody_text_shadow_style,%91object Object%93&Prime; body_text_shadow_vertical_length=\u00a0\u00bbbody_text_shadow_style,%91object Object%93&Prime; body_text_shadow_blur_strength=\u00a0\u00bbbody_text_shadow_style,%91object Object%93&Prime;]<\/p>\n<p>Retrouvez les coordonn\u00e9es des coordinateurs sur <a href=\"https:\/\/wordpress-test.app.u-pariscite.fr\/eila\/contacts\/\">la page des contacts de l&rsquo;UFR<\/a>.<\/p>\n<p><strong>Allemagne, Autriche<\/strong> : Lucr\u00e8ce Friess <a href=\"https:\/\/cloud.parisdescartes.fr\/index.php\/s\/Bmd7GC5ixi5RYj4\">(candidatures Allemagne 2025-2026)<\/a><\/p>\n<p><strong>Chine, Taiwan<\/strong> : Jun Liu<\/p>\n<p><strong>Espagne et pays de l&rsquo;Am\u00e9rique hispanophone<\/strong> : St\u00e9phane Patin\u00a0 (<a href=\"https:\/\/wordpress-test.app.u-pariscite.fr\/eila\/wp-content\/uploads\/sites\/42\/2024\/09\/Candidatures-Espagne-2025-2026-2.pdf\" rel=\"attachment wp-att-5300\">Candidatures Espagne 2025-2026<\/a>)<\/p>\n<p><strong>Etats-Unis, Canada, Australie, Cor\u00e9e du Sud<\/strong> : Marine Le Puloch<\/p>\n<p><strong>Croatie, Gr\u00e8ce, Italie, Lituanie, Roumanie, Slov\u00e9nie, Suisse<\/strong> :\u00a0Alexandra Mestivier<\/p>\n<p><strong>Japon<\/strong> : Julien Martine<\/p>\n<p><strong>Danemark, Pays-Bas, Royaume-Uni<\/strong> : Claire Dupuy (<a href=\"https:\/\/wordpress-test.app.u-pariscite.fr\/eila\/wp-content\/uploads\/sites\/42\/2021\/06\/Royaume-Uni-Danemark-Pays-Bas-2020-2021.pdf\">Royaume-Uni, Danemark, Pays-Bas 2020-2021<\/a>)<\/p>\n<p>[\/et_pb_toggle][\/et_pb_column][et_pb_column type=\u00a0\u00bb1_4&Prime;][\/et_pb_column][\/et_pb_row][\/et_pb_section][et_pb_section bb_built=\u00a0\u00bb1&Prime; _builder_version=\u00a0\u00bb3.22&Prime; custom_padding=\u00a0\u00bb0px||0px|\u00a0\u00bb prev_background_color=\u00a0\u00bb#000000&Prime;][et_pb_row _builder_version=\u00a0\u00bb3.22&Prime;][et_pb_column type=\u00a0\u00bb4_4&Prime;][et_pb_text admin_label=\u00a0\u00bb\u00c0 lire aussi\u00a0\u00bb _builder_version=\u00a0\u00bb3.21&Prime;]<\/p>\n<h2><span class=\"st\">\u00c0<\/span> lire aussi<\/h2>\n<p>[\/et_pb_text][et_pb_blog posts_number=\u00a0\u00bb4&Prime; include_categories=\u00a0\u00bb13&Prime; show_author=\u00a0\u00bboff\u00a0\u00bb show_date=\u00a0\u00bboff\u00a0\u00bb show_pagination=\u00a0\u00bboff\u00a0\u00bb module_id=\u00a0\u00bbpage_type_blog\u00a0\u00bb _builder_version=\u00a0\u00bb3.21&Prime; header_level=\u00a0\u00bbh4&Prime; border_width_bottom_fullwidth=\u00a0\u00bb1px\u00a0\u00bb border_color_bottom_fullwidth=\u00a0\u00bbrgba(51,51,51,0.18)\u00a0\u00bb custom_padding=\u00a0\u00bb||50px|\u00a0\u00bb]<\/p>\n<p><\/p>\n<p>[\/et_pb_blog][\/et_pb_column][\/et_pb_row][\/et_pb_section]<\/p>\n","protected":false},"excerpt":{"rendered":"<p>L\u2019UFR EILA pratique depuis longtemps des \u00e9changes dans le cadre de la mobilit\u00e9 ERASMUS avec de nombreuses universit\u00e9s europ\u00e9ennes, de langue allemande, anglaise et espagnole. Les \u00e9tudiants de LEA sont fortement incit\u00e9s \u00e0 participer \u00e0 un de ces \u00e9changes et \u00e0 passer ainsi une ann\u00e9e scolaire \u2014 en principe celle de L3 \u2014 dans une&hellip; <a class=\"continue\" href=\"https:\/\/wordpress-test.app.u-pariscite.fr\/eila\/echanges\/\">Lire la suite<span> \u00c9changes (sortants)<\/span><\/a><\/p>\n","protected":false},"author":248,"featured_media":0,"parent":0,"menu_order":0,"comment_status":"closed","ping_status":"closed","template":"","meta":{"_et_pb_use_builder":"on","_et_pb_old_content":"","_et_gb_content_width":"","footnotes":""},"class_list":["post-322","page","type-page","status-publish","hentry"],"_links":{"self":[{"href":"https:\/\/wordpress-test.app.u-pariscite.fr\/eila\/wp-json\/wp\/v2\/pages\/322","targetHints":{"allow":["GET"]}}],"collection":[{"href":"https:\/\/wordpress-test.app.u-pariscite.fr\/eila\/wp-json\/wp\/v2\/pages"}],"about":[{"href":"https:\/\/wordpress-test.app.u-pariscite.fr\/eila\/wp-json\/wp\/v2\/types\/page"}],"author":[{"embeddable":true,"href":"https:\/\/wordpress-test.app.u-pariscite.fr\/eila\/wp-json\/wp\/v2\/users\/248"}],"replies":[{"embeddable":true,"href":"https:\/\/wordpress-test.app.u-pariscite.fr\/eila\/wp-json\/wp\/v2\/comments?post=322"}],"version-history":[{"count":37,"href":"https:\/\/wordpress-test.app.u-pariscite.fr\/eila\/wp-json\/wp\/v2\/pages\/322\/revisions"}],"predecessor-version":[{"id":5307,"href":"https:\/\/wordpress-test.app.u-pariscite.fr\/eila\/wp-json\/wp\/v2\/pages\/322\/revisions\/5307"}],"wp:attachment":[{"href":"https:\/\/wordpress-test.app.u-pariscite.fr\/eila\/wp-json\/wp\/v2\/media?parent=322"}],"curies":[{"name":"wp","href":"https:\/\/api.w.org\/{rel}","templated":true}]}}