{"id":314,"date":"2021-05-26T16:10:29","date_gmt":"2021-05-26T14:10:29","guid":{"rendered":"https:\/\/wordpress-test.app.u-pariscite.fr\/eila\/?page_id=314"},"modified":"2024-11-29T12:28:58","modified_gmt":"2024-11-29T11:28:58","slug":"candidature-licence-master","status":"publish","type":"page","link":"https:\/\/wordpress-test.app.u-pariscite.fr\/eila\/candidature-licence-master\/","title":{"rendered":"Candidature en Licence et Master"},"content":{"rendered":"<p>[et_pb_section bb_built=\u00a0\u00bb1&Prime; next_background_color=\u00a0\u00bb#000000&Prime; inner_width=\u00a0\u00bbauto\u00a0\u00bb inner_max_width=\u00a0\u00bbnone\u00a0\u00bb][et_pb_row][et_pb_column type=\u00a0\u00bb4_4&Prime;][et_pb_post_title admin_label=\u00a0\u00bbTitre de la page\u00a0\u00bb _builder_version=\u00a0\u00bb3.19.11&Prime; meta=\u00a0\u00bboff\u00a0\u00bb featured_image=\u00a0\u00bboff\u00a0\u00bb \/][\/et_pb_column][\/et_pb_row][et_pb_row][et_pb_column type=\u00a0\u00bb4_4&Prime;][et_pb_button _builder_version=\u00a0\u00bb3.22.1&Prime; button_text=\u00a0\u00bbConsulter l&rsquo;offre de formation de l&rsquo;UFR EILA\u00a0\u00bb button_url=\u00a0\u00bbhttps:\/\/wordpress-test.app.u-pariscite.fr\/eila\/licences-et-masters\/\u00a0\u00bb button_text_shadow_horizontal_length=\u00a0\u00bbbutton_text_shadow_style,%91object Object%93&Prime; button_text_shadow_vertical_length=\u00a0\u00bbbutton_text_shadow_style,%91object Object%93&Prime; button_text_shadow_blur_strength=\u00a0\u00bbbutton_text_shadow_style,%91object Object%93&Prime; z_index_tablet=\u00a0\u00bb500&Prime; \/][et_pb_text _builder_version=\u00a0\u00bb3.22.1&Prime; text_text_shadow_horizontal_length=\u00a0\u00bbtext_text_shadow_style,%91object Object%93&Prime; text_text_shadow_vertical_length=\u00a0\u00bbtext_text_shadow_style,%91object Object%93&Prime; text_text_shadow_blur_strength=\u00a0\u00bbtext_text_shadow_style,%91object Object%93&Prime; link_text_shadow_horizontal_length=\u00a0\u00bblink_text_shadow_style,%91object Object%93&Prime; link_text_shadow_vertical_length=\u00a0\u00bblink_text_shadow_style,%91object Object%93&Prime; link_text_shadow_blur_strength=\u00a0\u00bblink_text_shadow_style,%91object Object%93&Prime; ul_text_shadow_horizontal_length=\u00a0\u00bbul_text_shadow_style,%91object Object%93&Prime; ul_text_shadow_vertical_length=\u00a0\u00bbul_text_shadow_style,%91object Object%93&Prime; ul_text_shadow_blur_strength=\u00a0\u00bbul_text_shadow_style,%91object Object%93&Prime; ol_text_shadow_horizontal_length=\u00a0\u00bbol_text_shadow_style,%91object Object%93&Prime; ol_text_shadow_vertical_length=\u00a0\u00bbol_text_shadow_style,%91object Object%93&Prime; ol_text_shadow_blur_strength=\u00a0\u00bbol_text_shadow_style,%91object Object%93&Prime; quote_text_shadow_horizontal_length=\u00a0\u00bbquote_text_shadow_style,%91object Object%93&Prime; quote_text_shadow_vertical_length=\u00a0\u00bbquote_text_shadow_style,%91object Object%93&Prime; quote_text_shadow_blur_strength=\u00a0\u00bbquote_text_shadow_style,%91object Object%93&Prime; header_text_shadow_horizontal_length=\u00a0\u00bbheader_text_shadow_style,%91object Object%93&Prime; header_text_shadow_vertical_length=\u00a0\u00bbheader_text_shadow_style,%91object Object%93&Prime; header_text_shadow_blur_strength=\u00a0\u00bbheader_text_shadow_style,%91object Object%93&Prime; header_2_text_shadow_horizontal_length=\u00a0\u00bbheader_2_text_shadow_style,%91object Object%93&Prime; header_2_text_shadow_vertical_length=\u00a0\u00bbheader_2_text_shadow_style,%91object Object%93&Prime; header_2_text_shadow_blur_strength=\u00a0\u00bbheader_2_text_shadow_style,%91object Object%93&Prime; header_3_text_shadow_horizontal_length=\u00a0\u00bbheader_3_text_shadow_style,%91object Object%93&Prime; header_3_text_shadow_vertical_length=\u00a0\u00bbheader_3_text_shadow_style,%91object Object%93&Prime; header_3_text_shadow_blur_strength=\u00a0\u00bbheader_3_text_shadow_style,%91object Object%93&Prime; header_4_text_shadow_horizontal_length=\u00a0\u00bbheader_4_text_shadow_style,%91object Object%93&Prime; header_4_text_shadow_vertical_length=\u00a0\u00bbheader_4_text_shadow_style,%91object Object%93&Prime; header_4_text_shadow_blur_strength=\u00a0\u00bbheader_4_text_shadow_style,%91object Object%93&Prime; header_5_text_shadow_horizontal_length=\u00a0\u00bbheader_5_text_shadow_style,%91object Object%93&Prime; header_5_text_shadow_vertical_length=\u00a0\u00bbheader_5_text_shadow_style,%91object Object%93&Prime; header_5_text_shadow_blur_strength=\u00a0\u00bbheader_5_text_shadow_style,%91object Object%93&Prime; header_6_text_shadow_horizontal_length=\u00a0\u00bbheader_6_text_shadow_style,%91object Object%93&Prime; header_6_text_shadow_vertical_length=\u00a0\u00bbheader_6_text_shadow_style,%91object Object%93&Prime; header_6_text_shadow_blur_strength=\u00a0\u00bbheader_6_text_shadow_style,%91object Object%93&Prime; z_index_tablet=\u00a0\u00bb500&Prime; \/][\/et_pb_column][\/et_pb_row][et_pb_row][et_pb_column type=\u00a0\u00bb3_4&Prime;][et_pb_toggle _builder_version=\u00a0\u00bb3.22.1&Prime; title=\u00a0\u00bbLicence LEA\u00a0\u00bb text_shadow_horizontal_length=\u00a0\u00bbtext_shadow_style,%91object Object%93&Prime; text_shadow_vertical_length=\u00a0\u00bbtext_shadow_style,%91object Object%93&Prime; text_shadow_blur_strength=\u00a0\u00bbtext_shadow_style,%91object Object%93&Prime; title_text_shadow_horizontal_length=\u00a0\u00bbtitle_text_shadow_style,%91object Object%93&Prime; title_text_shadow_vertical_length=\u00a0\u00bbtitle_text_shadow_style,%91object Object%93&Prime; title_text_shadow_blur_strength=\u00a0\u00bbtitle_text_shadow_style,%91object Object%93&Prime; body_text_shadow_horizontal_length=\u00a0\u00bbbody_text_shadow_style,%91object Object%93&Prime; body_text_shadow_vertical_length=\u00a0\u00bbbody_text_shadow_style,%91object Object%93&Prime; body_text_shadow_blur_strength=\u00a0\u00bbbody_text_shadow_style,%91object Object%93&Prime; z_index_tablet=\u00a0\u00bb500&Prime;]<\/p>\n<p><strong>L1 LEA ann\u00e9e 2025\/2026 : <\/strong><\/p>\n<p>Vous trouverez toutes les informations concernant les candidatures en L1 LEA sur <a class=\"urlextern\" title=\"https:\/\/wordpress-test.app.u-pariscite.fr\/candidature-parcoursup\/\" href=\"https:\/\/wordpress-test.app.u-pariscite.fr\/candidature-parcoursup\/\" target=\"_blank\" rel=\"ugc nofollow noopener noreferrer\">cette page<\/a>.<\/p>\n<p>Pour les \u00e9tudiants relevant de la formation professionnelle (continue), vous devrez d\u00e9poser votre dossier de candidature sur <a class=\"urlextern\" title=\"https:\/\/ecandidat.app.wordpress-test.app.u-pariscite.fr\/sh1\/#!accueilView\" href=\"https:\/\/ecandidat.app.wordpress-test.app.u-pariscite.fr\/sh1\/#!accueilView\" target=\"_blank\" rel=\"ugc nofollow noopener noreferrer\">eCandidat<\/a> entre le 20 f\u00e9vrier et le 10 mars 2025 (dates \u00e0 confirmer).<\/p>\n<p>\u00a0<\/p>\n<p><strong>L2 &amp; L3 LEA ann\u00e9e 2025\/2026 :<br \/><\/strong><\/p>\n<p>Langues : Sant\u00e9 Environnement \u2013 anglais allemand : du <strong>20 mai<\/strong> au <strong>5 juin 2025<\/strong> (dates \u00e0 confirmer) sur <a class=\"urlextern\" title=\"https:\/\/ecandidat.app.wordpress-test.app.u-pariscite.fr\/sh1\/#!accueilView\" href=\"https:\/\/ecandidat.app.wordpress-test.app.u-pariscite.fr\/sh1\/#!accueilView\" target=\"_blank\" rel=\"ugc nofollow noopener noreferrer\">eCandidat<\/a>.<\/p>\n<p>Langues : Sant\u00e9 Environnement \u2013 anglais espagnol : du <strong>20 mai<\/strong> au <strong>5 juin 2025<\/strong> (dates \u00e0 confirmer) sur <a class=\"urlextern\" title=\"https:\/\/ecandidat.app.wordpress-test.app.u-pariscite.fr\/sh1\/#!accueilView\" href=\"https:\/\/ecandidat.app.wordpress-test.app.u-pariscite.fr\/sh1\/#!accueilView\" target=\"_blank\" rel=\"ugc nofollow noopener noreferrer\">eCandidat<\/a>.<\/p>\n<p>Monde Asiatique : travail, cultures et soci\u00e9t\u00e9s \u2013 anglais chinois : du <strong>20 mai<\/strong> au <strong>5 juin 2025<\/strong> (dates \u00e0 confirmer) sur <a class=\"urlextern\" title=\"https:\/\/ecandidat.app.wordpress-test.app.u-pariscite.fr\/sh1\/#!accueilView\" href=\"https:\/\/ecandidat.app.wordpress-test.app.u-pariscite.fr\/sh1\/#!accueilView\" target=\"_blank\" rel=\"ugc nofollow noopener noreferrer\">eCandidat<\/a>.<\/p>\n<p>Monde Asiatique : travail, cultures et soci\u00e9t\u00e9s \u2013 anglais japonais : du <strong>20 mai<\/strong> au <strong>5 juin 2025<\/strong> (dates \u00e0 confirmer) sur <a class=\"urlextern\" title=\"https:\/\/ecandidat.app.wordpress-test.app.u-pariscite.fr\/sh1\/#!accueilView\" href=\"https:\/\/ecandidat.app.wordpress-test.app.u-pariscite.fr\/sh1\/#!accueilView\" target=\"_blank\" rel=\"ugc nofollow noopener noreferrer\">eCandidat<\/a>.<\/p>\n<p>Bi-disciplinaire : Information Communication \u2013 anglais allemand : du <strong>28 avril<\/strong> au <strong>12 mai 2025<\/strong> (dates \u00e0 confirmer) sur <a class=\"urlextern\" title=\"https:\/\/ecandidat.app.wordpress-test.app.u-pariscite.fr\/sh1\/#!accueilView\" href=\"https:\/\/ecandidat.app.wordpress-test.app.u-pariscite.fr\/sh1\/#!accueilView\" target=\"_blank\" rel=\"ugc nofollow noopener noreferrer\">eCandidat<\/a>.<\/p>\n<p>Bi-disciplinaire : Information Communication \u2013 anglais espagnol : du <strong>28 avril<\/strong> au <strong>12 mai 2025<\/strong> (dates \u00e0 confirmer) sur <a class=\"urlextern\" title=\"https:\/\/ecandidat.app.wordpress-test.app.u-pariscite.fr\/sh1\/#!accueilView\" href=\"https:\/\/ecandidat.app.wordpress-test.app.u-pariscite.fr\/sh1\/#!accueilView\" target=\"_blank\" rel=\"ugc nofollow noopener noreferrer\">eCandidat<\/a>.<\/p>\n<p>\u00a0<\/p>\n<p><strong>R\u00e9orientation semestrielle Licence 1 LEA &#8211; ann\u00e9e 2024\/2025 : <\/strong>la campagne se d\u00e9roulera du 19 novembre au 2 d\u00e9cembre 2024 (dates \u00e0 confirmer) sur <a href=\"https:\/\/ecandidat.app.wordpress-test.app.u-pariscite.fr\/sh2\/#!accueilView\">eCandidat.<\/a> <em>Le dispositif de r\u00e9orientation semestrielle concerne les \u00e9tudiants r\u00e9guli\u00e8rement inscrits pour l\u2019ann\u00e9e en cours en premi\u00e8re ann\u00e9e d\u2019une formation dans une universit\u00e9 fran\u00e7aise ou une fili\u00e8re post-bac : 1\u00e8re ann\u00e9e de licence (toutes universit\u00e9s), de BUT, BTS ou de classe pr\u00e9paratoire aux grandes \u00e9coles et leur permet de candidater \u00e0 une autre formation \u00e0 l\u2019issue du premier semestre.<\/em><\/p>\n<p>[\/et_pb_toggle][et_pb_toggle _builder_version=\u00a0\u00bb3.22.1&Prime; title=\u00a0\u00bbL3pro R\u00e9dacteur technique multilingue et design d\u2019information\u00a0\u00bb text_shadow_horizontal_length=\u00a0\u00bbtext_shadow_style,%91object Object%93&Prime; text_shadow_vertical_length=\u00a0\u00bbtext_shadow_style,%91object Object%93&Prime; text_shadow_blur_strength=\u00a0\u00bbtext_shadow_style,%91object Object%93&Prime; title_text_shadow_horizontal_length=\u00a0\u00bbtitle_text_shadow_style,%91object Object%93&Prime; title_text_shadow_vertical_length=\u00a0\u00bbtitle_text_shadow_style,%91object Object%93&Prime; title_text_shadow_blur_strength=\u00a0\u00bbtitle_text_shadow_style,%91object Object%93&Prime; body_text_shadow_horizontal_length=\u00a0\u00bbbody_text_shadow_style,%91object Object%93&Prime; body_text_shadow_vertical_length=\u00a0\u00bbbody_text_shadow_style,%91object Object%93&Prime; body_text_shadow_blur_strength=\u00a0\u00bbbody_text_shadow_style,%91object Object%93&Prime; z_index_tablet=\u00a0\u00bb500&Prime;]<\/p>\n<p>Les candidatures pour l&rsquo;ann\u00e9e 2025\/2026 se d\u00e9rouleront du<strong> 10 mars au 16 avril 2025 <\/strong>(dates \u00e0 confirmer) sur <strong><a href=\"https:\/\/ecandidat.app.wordpress-test.app.u-pariscite.fr\/sh1\/#!accueilView\">eCandidat<\/a><\/strong> puis du <strong>25 ao\u00fbt au 1 septembre 2025 <\/strong>(dates \u00e0 confirmer)\u00a0sur<strong> <a href=\"https:\/\/ecandidat.app.wordpress-test.app.u-pariscite.fr\/sh2\/#!accueilView\">eCandidat.\u00a0<\/a><\/strong><\/p>\n<p>[\/et_pb_toggle][et_pb_toggle _builder_version=\u00a0\u00bb3.22.1&Prime; title=\u00a0\u00bbMasters 1 LEA et Traduction-Interpr\u00e9tation\u00a0\u00bb text_shadow_horizontal_length=\u00a0\u00bbtext_shadow_style,%91object Object%93&Prime; text_shadow_vertical_length=\u00a0\u00bbtext_shadow_style,%91object Object%93&Prime; text_shadow_blur_strength=\u00a0\u00bbtext_shadow_style,%91object Object%93&Prime; title_text_shadow_horizontal_length=\u00a0\u00bbtitle_text_shadow_style,%91object Object%93&Prime; title_text_shadow_vertical_length=\u00a0\u00bbtitle_text_shadow_style,%91object Object%93&Prime; title_text_shadow_blur_strength=\u00a0\u00bbtitle_text_shadow_style,%91object Object%93&Prime; body_text_shadow_horizontal_length=\u00a0\u00bbbody_text_shadow_style,%91object Object%93&Prime; body_text_shadow_vertical_length=\u00a0\u00bbbody_text_shadow_style,%91object Object%93&Prime; body_text_shadow_blur_strength=\u00a0\u00bbbody_text_shadow_style,%91object Object%93&Prime; z_index_tablet=\u00a0\u00bb500&Prime;]<\/p>\n<div class=\"et_pb_toggle_content clearfix\">\n<p><strong>Les \u00e9tudiants* souhaitant<a href=\"https:\/\/wordpress-test.app.u-pariscite.fr\/mon-master-la-nouvelle-plateforme-nationale-pour-lentree-en-master-1\/\"> int\u00e9grer une 1\u00e8re ann\u00e9e master \u00e0 Universit\u00e9 Paris Cit\u00e9<\/a>\u00a0 doivent candidater sur la plateforme <a href=\"https:\/\/www.monmaster.gouv.fr\/\">Mon Master<\/a> qui ouvrira le 26 f\u00e9vrier 2024. Les candidatures aux formations de premi\u00e8re ann\u00e9e de master seront possibles <b>\u00e0 partir du 26 f\u00e9vrier 2024<\/b>. La phase de candidature se d\u00e9roulera jusqu\u2019au 24 mars 2024.<\/strong><\/p>\n<p><em>* hors redoublement dans la m\u00eame formation<br \/>\u00a0 hors candidats \u00e9trangers de nationalit\u00e9 hors EEE r\u00e9sidant dans un pays CEF qui doivent suivre la proc\u00e9dure <a href=\"https:\/\/www.campusfrance.org\/fr\/candidature-procedure-etudes-en-france\">\u00ab \u00c9tudes en France \u00bb<\/a>.<\/em><\/p>\n<\/div>\n<p>&nbsp;<\/p>\n<ul>\n<li>\u00a0M1 LEA ComTEx (Communication technique multilingue et exp\u00e9rience utilisateur) :\u00a0 vous devez d\u00e9poser votre candidature sur la plateforme\u00a0 <strong><a href=\"https:\/\/www.monmaster.gouv.fr\/\">Mon Master<\/a><\/strong><\/li>\n<li>M1 LEA LISI (Langues, interpr\u00e9tation et strat\u00e9gies interculturelles) : vous devez d\u00e9poser votre candidature sur la plateforme <strong><a href=\"https:\/\/www.monmaster.gouv.fr\/\">Mon Master<\/a><\/strong><\/li>\n<li>M1 LEA LCIN (Langues, industries Culturelles et Innovations Num\u00e9riques)\u00a0: vous devez d\u00e9poser votre candidature sur la plateforme\u00a0 <strong><a href=\"https:\/\/www.monmaster.gouv.fr\/\">Mon Master<\/a><\/strong><\/li>\n<li>M1 TI ILTS (Industrie de la langue et traduction sp\u00e9cialis\u00e9e) : vous devez d\u00e9poser votre candidature sur la plateforme\u00a0 <strong><a href=\"https:\/\/www.monmaster.gouv.fr\/\">Mon Master<\/a><\/strong>\u00a0 (le test d&rsquo;admission en M1 ILTS se d\u00e9roulera le 6 avril 2024 \u00e0 distance).<\/li>\n<li>M1 TI LSCT (Langue de sp\u00e9cialit\u00e9, corpus, traductologie) : vous devez d\u00e9poser votre candidature sur la plateforme\u00a0 <strong><a href=\"https:\/\/www.monmaster.gouv.fr\/\">Mon Master<\/a><\/strong><\/li>\n<\/ul>\n<p>[\/et_pb_toggle][et_pb_toggle _builder_version=\u00a0\u00bb3.22.1&Prime; title=\u00a0\u00bbMasters 2 LEA et Traduction-Interpr\u00e9tation\u00a0\u00bb text_shadow_horizontal_length=\u00a0\u00bbtext_shadow_style,%91object Object%93&Prime; text_shadow_vertical_length=\u00a0\u00bbtext_shadow_style,%91object Object%93&Prime; text_shadow_blur_strength=\u00a0\u00bbtext_shadow_style,%91object Object%93&Prime; title_text_shadow_horizontal_length=\u00a0\u00bbtitle_text_shadow_style,%91object Object%93&Prime; title_text_shadow_vertical_length=\u00a0\u00bbtitle_text_shadow_style,%91object Object%93&Prime; title_text_shadow_blur_strength=\u00a0\u00bbtitle_text_shadow_style,%91object Object%93&Prime; body_text_shadow_horizontal_length=\u00a0\u00bbbody_text_shadow_style,%91object Object%93&Prime; body_text_shadow_vertical_length=\u00a0\u00bbbody_text_shadow_style,%91object Object%93&Prime; body_text_shadow_blur_strength=\u00a0\u00bbbody_text_shadow_style,%91object Object%93&Prime; z_index_tablet=\u00a0\u00bb500&Prime;]<\/p>\n<p>Les candidatures pour l&rsquo;ann\u00e9e 2025\/2026 en M2\u00a0 :<\/p>\n<p><strong>&#8211; M2 LEA ComTEx<\/strong> (Communication technique multilingue et exp\u00e9rience utilisateur) : du <strong>10 mars<\/strong> au<strong> 16 avril 2025<\/strong>\u00a0(dates \u00e0 confirmer) sur<strong><a href=\"https:\/\/ecandidat.app.wordpress-test.app.u-pariscite.fr\/sh1\/#!accueilView\"> eCandidat <\/a><\/strong>et du <strong>25 ao\u00fbt au 1 septembre 2025<\/strong>\u00a0(dates \u00e0 confirmer) sur <strong><a href=\"https:\/\/ecandidat.app.wordpress-test.app.u-pariscite.fr\/sh2\/#!accueilView\">eCandidat<\/a><\/strong> (s\u00e9lection sur dossier et entretien).<\/p>\n<p><strong>&#8211;\u00a0 M2 LEA LISI<\/strong> (Langues, interpr\u00e9tation et strat\u00e9gies interculturelles) : du <strong>10 mars<\/strong> au <strong>10 juin 2025 <\/strong>(dates \u00e0 confirmer) sur <strong><a href=\"https:\/\/ecandidat.app.wordpress-test.app.u-pariscite.fr\/sh1\/#!accueilView\"> eCandidat<\/a><\/strong> et du <strong>25 ao\u00fbt au 5 septembre 2025<\/strong>\u00a0(dates \u00e0 confirmer) sur <strong><a href=\"https:\/\/ecandidat.app.wordpress-test.app.u-pariscite.fr\/sh2\/#!accueilView\">eCandidat<\/a><\/strong> (s\u00e9lection sur dossier et entretien).<\/p>\n<p><strong>&#8211; M2 LEA LCIN<\/strong> (Langues, industries Culturelles et Innovations Num\u00e9riques) : du <strong>10 mars<\/strong> au<strong> 16 avril 2025 <\/strong>(dates \u00e0 confirmer) sur<strong><a href=\"https:\/\/ecandidat.app.wordpress-test.app.u-pariscite.fr\/sh1\/#!accueilView\"> eCandidat<\/a><\/strong> et du \u00a0<strong>25 ao\u00fbt au 10 septembre 2025<\/strong>\u00a0(dates \u00e0 confirmer) sur<strong> <a href=\"https:\/\/ecandidat.app.wordpress-test.app.u-pariscite.fr\/sh2\/#!accueilView\">eCandidat<\/a> <\/strong>(s\u00e9lection sur dossier et entretien).<\/p>\n<p><strong>&#8211; M2 TI ILTS<\/strong> (Industrie de la langue et traduction sp\u00e9cialis\u00e9e) : du <strong>10 mars au 16 avril 2025<\/strong>\u00a0(dates \u00e0 confirmer)\u00a0sur<strong><a href=\"https:\/\/ecandidat.app.wordpress-test.app.u-pariscite.fr\/sh1\/#!accueilView\"> eCandida<\/a><a href=\"https:\/\/ecandidat.app.wordpress-test.app.u-pariscite.fr\/sh1\/connect#!accueilView\">t <\/a><\/strong>et du <strong>25 ao\u00fbt au 1 septembre 2025<\/strong>\u00a0(dates \u00e0 confirmer) sur <strong><a href=\"https:\/\/ecandidat.app.wordpress-test.app.u-pariscite.fr\/sh2\/#!accueilView\">eCandidat<\/a><\/strong> (s\u00e9lection sur dossier et examen). Le test d&rsquo;admission en M2 ILTS se d\u00e9roulera \u00e0 distance fin avril &#8211; d\u00e9but mai.<\/p>\n<p><strong>&#8211; M2 TI LSCT<\/strong> (Langue de sp\u00e9cialit\u00e9, corpus, traductologie) : du <strong>7 mars au 20 juin<\/strong><strong> 2025 <\/strong>(dates \u00e0 confirmer)\u00a0sur<strong><a href=\"https:\/\/ecandidat.app.wordpress-test.app.u-pariscite.fr\/sh1\/#!accueilView\"> eCandidat<\/a><\/strong> et du <strong>26 ao\u00fbt au 5 septembre 2025<\/strong> (dates \u00e0 confirmer) sur<strong> <a href=\"https:\/\/ecandidat.app.wordpress-test.app.u-pariscite.fr\/sh2\/#!accueilView\">eCandidat<\/a><\/strong> (s\u00e9lection sur dossier et entretien).<\/p>\n<p>[\/et_pb_toggle][\/et_pb_column][et_pb_column type=\u00a0\u00bb1_4&Prime;][\/et_pb_column][\/et_pb_row][\/et_pb_section][et_pb_section bb_built=\u00a0\u00bb1&Prime; specialty=\u00a0\u00bboff\u00a0\u00bb _builder_version=\u00a0\u00bb3.21&Prime; custom_padding=\u00a0\u00bb0px||0px|\u00a0\u00bb prev_background_color=\u00a0\u00bb#000000&Prime; inner_width=\u00a0\u00bbauto\u00a0\u00bb inner_max_width=\u00a0\u00bbnone\u00a0\u00bb][et_pb_row _builder_version=\u00a0\u00bb3.19.11&Prime; width=\u00a0\u00bb80%\u00a0\u00bb max_width=\u00a0\u00bb1080px\u00a0\u00bb][et_pb_column type=\u00a0\u00bb4_4&Prime;][et_pb_text admin_label=\u00a0\u00bb\u00c0 lire aussi\u00a0\u00bb _builder_version=\u00a0\u00bb3.21&Prime;]<\/p>\n<h2><span class=\"st\">\u00c0<\/span> lire aussi<\/h2>\n<p>[\/et_pb_text][et_pb_blog _builder_version=\u00a0\u00bb3.21&Prime; posts_number=\u00a0\u00bb4&Prime; include_categories=\u00a0\u00bb13&Prime; show_author=\u00a0\u00bboff\u00a0\u00bb show_date=\u00a0\u00bboff\u00a0\u00bb show_pagination=\u00a0\u00bboff\u00a0\u00bb border_width_bottom_fullwidth=\u00a0\u00bb1px\u00a0\u00bb border_color_bottom_fullwidth=\u00a0\u00bbrgba(51,51,51,0.18)\u00a0\u00bb custom_padding=\u00a0\u00bb||50px|\u00a0\u00bb module_id=\u00a0\u00bbpage_type_blog\u00a0\u00bb header_level=\u00a0\u00bbh4&Prime; \/][\/et_pb_column][\/et_pb_row][\/et_pb_section]<\/p>\n","protected":false},"excerpt":{"rendered":"<div class=\"et_pb_row et_pb_row_0 et_pb_row_empty\"><\/div>\n<div class=\"et_pb_row et_pb_row_1 et_pb_row_empty\"><\/div>\n<div class=\"et_pb_row et_pb_row_2 et_pb_row_empty\"><\/div>\n<p> L1 LEA ann\u00e9e 2025\/2026 : Vous trouverez toutes les informations concernant les candidatures en L1 LEA sur cette page.Pour les \u00e9tudiants relevant de la formation professionnelle (continue), vous devrez d\u00e9poser votre dossier de candidature sur eCandidat entre le 20 f\u00e9vrier et le 10 mars 2025 (dates \u00e0 confirmer).\u00a0L2 &amp; L3 LEA ann\u00e9e 2025\/2026 :Langues&hellip; <a class=\"continue\" href=\"https:\/\/wordpress-test.app.u-pariscite.fr\/eila\/candidature-licence-master\/\">Lire la suite<span> Candidature en Licence et Master<\/span><\/a><\/p>\n","protected":false},"author":248,"featured_media":0,"parent":0,"menu_order":0,"comment_status":"closed","ping_status":"closed","template":"","meta":{"_et_pb_use_builder":"on","_et_pb_old_content":"","_et_gb_content_width":"","footnotes":""},"class_list":["post-314","page","type-page","status-publish","hentry"],"_links":{"self":[{"href":"https:\/\/wordpress-test.app.u-pariscite.fr\/eila\/wp-json\/wp\/v2\/pages\/314","targetHints":{"allow":["GET"]}}],"collection":[{"href":"https:\/\/wordpress-test.app.u-pariscite.fr\/eila\/wp-json\/wp\/v2\/pages"}],"about":[{"href":"https:\/\/wordpress-test.app.u-pariscite.fr\/eila\/wp-json\/wp\/v2\/types\/page"}],"author":[{"embeddable":true,"href":"https:\/\/wordpress-test.app.u-pariscite.fr\/eila\/wp-json\/wp\/v2\/users\/248"}],"replies":[{"embeddable":true,"href":"https:\/\/wordpress-test.app.u-pariscite.fr\/eila\/wp-json\/wp\/v2\/comments?post=314"}],"version-history":[{"count":57,"href":"https:\/\/wordpress-test.app.u-pariscite.fr\/eila\/wp-json\/wp\/v2\/pages\/314\/revisions"}],"predecessor-version":[{"id":5407,"href":"https:\/\/wordpress-test.app.u-pariscite.fr\/eila\/wp-json\/wp\/v2\/pages\/314\/revisions\/5407"}],"wp:attachment":[{"href":"https:\/\/wordpress-test.app.u-pariscite.fr\/eila\/wp-json\/wp\/v2\/media?parent=314"}],"curies":[{"name":"wp","href":"https:\/\/api.w.org\/{rel}","templated":true}]}}