{"id":294,"date":"2021-05-26T15:50:02","date_gmt":"2021-05-26T13:50:02","guid":{"rendered":"https:\/\/wordpress-test.app.u-pariscite.fr\/eila\/?page_id=294"},"modified":"2022-03-10T15:18:28","modified_gmt":"2022-03-10T14:18:28","slug":"cours-individuels-en-langues","status":"publish","type":"page","link":"https:\/\/wordpress-test.app.u-pariscite.fr\/eila\/cours-individuels-en-langues\/","title":{"rendered":"Cours individuels en langues"},"content":{"rendered":"<p>[et_pb_section bb_built=\u00a0\u00bb1&Prime; next_background_color=\u00a0\u00bb#000000&Prime; inner_width=\u00a0\u00bbauto\u00a0\u00bb inner_max_width=\u00a0\u00bbnone\u00a0\u00bb][et_pb_row][et_pb_column type=\u00a0\u00bb4_4&Prime;][et_pb_post_title admin_label=\u00a0\u00bbTitre de la page\u00a0\u00bb _builder_version=\u00a0\u00bb3.19.11&Prime; meta=\u00a0\u00bboff\u00a0\u00bb featured_image=\u00a0\u00bboff\u00a0\u00bb \/][\/et_pb_column][\/et_pb_row][et_pb_row][et_pb_column type=\u00a0\u00bb4_4&Prime;][et_pb_text admin_label=\u00a0\u00bbIntro\u00a0\u00bb _builder_version=\u00a0\u00bb3.22.1&Prime; module_id=\u00a0\u00bbintro\u00a0\u00bb text_text_shadow_horizontal_length=\u00a0\u00bbtext_text_shadow_style,%91object Object%93&Prime; text_text_shadow_vertical_length=\u00a0\u00bbtext_text_shadow_style,%91object Object%93&Prime; text_text_shadow_blur_strength=\u00a0\u00bbtext_text_shadow_style,%91object Object%93&Prime; link_text_shadow_horizontal_length=\u00a0\u00bblink_text_shadow_style,%91object Object%93&Prime; link_text_shadow_vertical_length=\u00a0\u00bblink_text_shadow_style,%91object Object%93&Prime; link_text_shadow_blur_strength=\u00a0\u00bblink_text_shadow_style,%91object Object%93&Prime; ul_text_shadow_horizontal_length=\u00a0\u00bbul_text_shadow_style,%91object Object%93&Prime; ul_text_shadow_vertical_length=\u00a0\u00bbul_text_shadow_style,%91object Object%93&Prime; ul_text_shadow_blur_strength=\u00a0\u00bbul_text_shadow_style,%91object Object%93&Prime; ol_text_shadow_horizontal_length=\u00a0\u00bbol_text_shadow_style,%91object Object%93&Prime; ol_text_shadow_vertical_length=\u00a0\u00bbol_text_shadow_style,%91object Object%93&Prime; ol_text_shadow_blur_strength=\u00a0\u00bbol_text_shadow_style,%91object Object%93&Prime; quote_text_shadow_horizontal_length=\u00a0\u00bbquote_text_shadow_style,%91object Object%93&Prime; quote_text_shadow_vertical_length=\u00a0\u00bbquote_text_shadow_style,%91object Object%93&Prime; quote_text_shadow_blur_strength=\u00a0\u00bbquote_text_shadow_style,%91object Object%93&Prime; header_text_shadow_horizontal_length=\u00a0\u00bbheader_text_shadow_style,%91object Object%93&Prime; header_text_shadow_vertical_length=\u00a0\u00bbheader_text_shadow_style,%91object Object%93&Prime; header_text_shadow_blur_strength=\u00a0\u00bbheader_text_shadow_style,%91object Object%93&Prime; header_2_text_shadow_horizontal_length=\u00a0\u00bbheader_2_text_shadow_style,%91object Object%93&Prime; header_2_text_shadow_vertical_length=\u00a0\u00bbheader_2_text_shadow_style,%91object Object%93&Prime; header_2_text_shadow_blur_strength=\u00a0\u00bbheader_2_text_shadow_style,%91object Object%93&Prime; header_3_text_shadow_horizontal_length=\u00a0\u00bbheader_3_text_shadow_style,%91object Object%93&Prime; header_3_text_shadow_vertical_length=\u00a0\u00bbheader_3_text_shadow_style,%91object Object%93&Prime; header_3_text_shadow_blur_strength=\u00a0\u00bbheader_3_text_shadow_style,%91object Object%93&Prime; header_4_text_shadow_horizontal_length=\u00a0\u00bbheader_4_text_shadow_style,%91object Object%93&Prime; header_4_text_shadow_vertical_length=\u00a0\u00bbheader_4_text_shadow_style,%91object Object%93&Prime; header_4_text_shadow_blur_strength=\u00a0\u00bbheader_4_text_shadow_style,%91object Object%93&Prime; header_5_text_shadow_horizontal_length=\u00a0\u00bbheader_5_text_shadow_style,%91object Object%93&Prime; header_5_text_shadow_vertical_length=\u00a0\u00bbheader_5_text_shadow_style,%91object Object%93&Prime; header_5_text_shadow_blur_strength=\u00a0\u00bbheader_5_text_shadow_style,%91object Object%93&Prime; header_6_text_shadow_horizontal_length=\u00a0\u00bbheader_6_text_shadow_style,%91object Object%93&Prime; header_6_text_shadow_vertical_length=\u00a0\u00bbheader_6_text_shadow_style,%91object Object%93&Prime; header_6_text_shadow_blur_strength=\u00a0\u00bbheader_6_text_shadow_style,%91object Object%93&Prime; z_index_tablet=\u00a0\u00bb500&Prime;]<\/p>\n<div class=\"page\" title=\"Page 1\">\n<div class=\"layoutArea\">\n<div class=\"column\">\n<div class=\"level4\">\n<p>Les cours toutes langues (hors FLE) en face \u00e0 face visent \u00e0 am\u00e9liorer les capacit\u00e9s de communication des participants \u00e0 l\u2019oral comme \u00e0 l\u2019\u00e9crit, en langue g\u00e9n\u00e9rale et dans les domaines de sp\u00e9cialit\u00e9.<\/p>\n<p>L\u2019enseignant adapte son cours en fonction du niveau, des comp\u00e9tences et des besoins de l\u2019apprenant.<\/p>\n<\/div>\n<\/div>\n<\/div>\n<\/div>\n<p>[\/et_pb_text][\/et_pb_column][\/et_pb_row][et_pb_row][et_pb_column type=\u00a0\u00bb3_4&Prime;][et_pb_text _builder_version=\u00a0\u00bb3.22.1&Prime; module_id=\u00a0\u00bbcontenu\u00a0\u00bb text_text_shadow_horizontal_length=\u00a0\u00bbtext_text_shadow_style,%91object Object%93&Prime; text_text_shadow_vertical_length=\u00a0\u00bbtext_text_shadow_style,%91object Object%93&Prime; text_text_shadow_blur_strength=\u00a0\u00bbtext_text_shadow_style,%91object Object%93&Prime; link_text_shadow_horizontal_length=\u00a0\u00bblink_text_shadow_style,%91object Object%93&Prime; link_text_shadow_vertical_length=\u00a0\u00bblink_text_shadow_style,%91object Object%93&Prime; link_text_shadow_blur_strength=\u00a0\u00bblink_text_shadow_style,%91object Object%93&Prime; ul_text_shadow_horizontal_length=\u00a0\u00bbul_text_shadow_style,%91object Object%93&Prime; ul_text_shadow_vertical_length=\u00a0\u00bbul_text_shadow_style,%91object Object%93&Prime; ul_text_shadow_blur_strength=\u00a0\u00bbul_text_shadow_style,%91object Object%93&Prime; ol_text_shadow_horizontal_length=\u00a0\u00bbol_text_shadow_style,%91object Object%93&Prime; ol_text_shadow_vertical_length=\u00a0\u00bbol_text_shadow_style,%91object Object%93&Prime; ol_text_shadow_blur_strength=\u00a0\u00bbol_text_shadow_style,%91object Object%93&Prime; quote_text_shadow_horizontal_length=\u00a0\u00bbquote_text_shadow_style,%91object Object%93&Prime; quote_text_shadow_vertical_length=\u00a0\u00bbquote_text_shadow_style,%91object Object%93&Prime; quote_text_shadow_blur_strength=\u00a0\u00bbquote_text_shadow_style,%91object Object%93&Prime; header_text_shadow_horizontal_length=\u00a0\u00bbheader_text_shadow_style,%91object Object%93&Prime; header_text_shadow_vertical_length=\u00a0\u00bbheader_text_shadow_style,%91object Object%93&Prime; header_text_shadow_blur_strength=\u00a0\u00bbheader_text_shadow_style,%91object Object%93&Prime; header_2_text_shadow_horizontal_length=\u00a0\u00bbheader_2_text_shadow_style,%91object Object%93&Prime; header_2_text_shadow_vertical_length=\u00a0\u00bbheader_2_text_shadow_style,%91object Object%93&Prime; header_2_text_shadow_blur_strength=\u00a0\u00bbheader_2_text_shadow_style,%91object Object%93&Prime; header_3_text_shadow_horizontal_length=\u00a0\u00bbheader_3_text_shadow_style,%91object Object%93&Prime; header_3_text_shadow_vertical_length=\u00a0\u00bbheader_3_text_shadow_style,%91object Object%93&Prime; header_3_text_shadow_blur_strength=\u00a0\u00bbheader_3_text_shadow_style,%91object Object%93&Prime; header_4_text_shadow_horizontal_length=\u00a0\u00bbheader_4_text_shadow_style,%91object Object%93&Prime; header_4_text_shadow_vertical_length=\u00a0\u00bbheader_4_text_shadow_style,%91object Object%93&Prime; header_4_text_shadow_blur_strength=\u00a0\u00bbheader_4_text_shadow_style,%91object Object%93&Prime; header_5_text_shadow_horizontal_length=\u00a0\u00bbheader_5_text_shadow_style,%91object Object%93&Prime; header_5_text_shadow_vertical_length=\u00a0\u00bbheader_5_text_shadow_style,%91object Object%93&Prime; header_5_text_shadow_blur_strength=\u00a0\u00bbheader_5_text_shadow_style,%91object Object%93&Prime; header_6_text_shadow_horizontal_length=\u00a0\u00bbheader_6_text_shadow_style,%91object Object%93&Prime; header_6_text_shadow_vertical_length=\u00a0\u00bbheader_6_text_shadow_style,%91object Object%93&Prime; header_6_text_shadow_blur_strength=\u00a0\u00bbheader_6_text_shadow_style,%91object Object%93&Prime; z_index_tablet=\u00a0\u00bb500&Prime;]<\/p>\n<h3 id=\"public\">Public<\/h3>\n<div class=\"level4\">\n<p>Cours adapt\u00e9s :<\/p>\n<ul>\n<li class=\"level1\">\n<div class=\"li\">aux besoins des entreprises pour la communication professionnelle en anglais,<\/div>\n<\/li>\n<li class=\"level1\">\n<div class=\"li\">aux \u00e9tudiants pour renforcer leurs comp\u00e9tences,<\/div>\n<\/li>\n<li class=\"level1\">\n<div class=\"li\">aux personnes souhaitant am\u00e9liorer leurs connaissances en anglais.<\/div>\n<\/li>\n<\/ul>\n<\/div>\n<h3 id=\"descriptif_des_enseignements\" class=\"sectionedit3\">Descriptif des enseignements<\/h3>\n<div class=\"level3\">\n<ul>\n<li class=\"level1\">\n<div class=\"li\">Mise \u00e0 jour et renforcement des connaissances grammaticales, enrichissement lexical.<\/div>\n<\/li>\n<li class=\"level1\">\n<div class=\"li\">Mise en place de diverses situations de communication.<\/div>\n<\/li>\n<li class=\"level1\">\n<div class=\"li\">Supports multim\u00e9dia.<\/div>\n<\/li>\n<li class=\"level1\">\n<div class=\"li\">Adaptation aux comp\u00e9tences requises par l\u2019entreprise.<\/div>\n<\/li>\n<\/ul>\n<\/div>\n<h4>\u00a0<\/h4>\n<h3 id=\"modalites_d_acces\">Modalit\u00e9s d&rsquo;acc\u00e8s<\/h3>\n<div class=\"level4\">\n<p>Test de niveau en ligne, \u00e0 distance et gratuit.<\/p>\n<p>Pas de niveau minimum requis.<\/p>\n<p>Formation \u00e0 la demande et \u00e0 l&rsquo;heure (minimum 4 heures)<\/p>\n<p>La formation est adaptable et progressive : vous pouvez vous inscrire pour 4 heures de formation puis vous inscrire, plus tard ou \u00e0 la suite, \u00e0 nouveau pour 4 heures de formation.<\/p>\n<\/div>\n<h3 id=\"modalites_d_inscription\">Modalit\u00e9s d&rsquo;inscription<\/h3>\n<div class=\"level4\">\n<p>Envoyez un message \u00e0 l&rsquo;adresse suivante :<\/p>\n<p><a href=\"fpc@wordpress-test.app.u-pariscite.fr\">fpc@wordpress-test.app.u-pariscite.fr<\/a><\/p>\n<p><strong>en pr\u00e9cisant vos nom, pr\u00e9nom, adresse postale et num\u00e9ro de t\u00e9l\u00e9phone, ainsi que le nombre d&rsquo;heures de formation souhait\u00e9.<\/strong><\/p>\n<\/div>\n<div class=\"level3\">\n<h3>Lieu<\/h3>\n<p>en entreprise ou sur place (Universit\u00e9 Paris Cit\u00e9 (ex Universit\u00e9 Paris Diderot &#8211; Paris 7)).<\/p>\n<h3>Dur\u00e9e : \u00e0 la demande (minimum 4 heures)<\/h3>\n<p>se renseigner aupr\u00e8s du d\u00e9partement professionnalisation<\/p>\n<p>\u00a0<\/p>\n<\/div>\n<h3 id=\"tarifs\" class=\"sectionedit6\">Tarifs<\/h3>\n<div class=\"level3\">\n<p><strong><a class=\"wikilink1\" title=\"fc:tarifs\" href=\"https:\/\/wordpress-test.app.u-pariscite.fr\/eila\/tarifs\/\" data-wiki-id=\"fc:tarifs\">Tableau des tarifs<\/a><\/strong><\/p>\n<p>Cas particuliers (prise en charge par un organisme payeur, une entreprise, un OPCA, CIF\u2026) : nous contacter<\/p>\n<p><strong><em class=\"u\">\u00a0<\/em><\/strong><\/p>\n<\/div>\n<h3 id=\"contact\" class=\"sectionedit7\">Contact<\/h3>\n<div class=\"level3\">\n<p><strong>Responsable p\u00e9dagogique de la formation<\/strong> : <a class=\"wikilink1\" title=\"user:patricia_minacori\" href=\"https:\/\/www.eila.univ-paris-diderot.fr\/user\/patricia_minacori\" data-wiki-id=\"user:patricia_minacori\">Patricia Minacori<\/a><\/p>\n<p>Pour plus d&rsquo;informations contactez<\/p>\n<p><code><a class=\"mail\" title=\"fcp.eila@wordpress-test.app.u-pariscite.fr\" href=\"mailto:fcp.eila@wordpress-test.app.u-pariscite.fr\">fcp.eila@wordpress-test.app.u-pariscite.fr<\/a><\/code><\/p>\n<\/div>\n<p>[\/et_pb_text][\/et_pb_column][et_pb_column type=\u00a0\u00bb1_4&Prime;][\/et_pb_column][\/et_pb_row][\/et_pb_section][et_pb_section bb_built=\u00a0\u00bb1&Prime; specialty=\u00a0\u00bboff\u00a0\u00bb _builder_version=\u00a0\u00bb3.21&Prime; custom_padding=\u00a0\u00bb0px||0px|\u00a0\u00bb prev_background_color=\u00a0\u00bb#000000&Prime; inner_width=\u00a0\u00bbauto\u00a0\u00bb inner_max_width=\u00a0\u00bbnone\u00a0\u00bb][et_pb_row _builder_version=\u00a0\u00bb3.19.11&Prime; width=\u00a0\u00bb80%\u00a0\u00bb max_width=\u00a0\u00bb1080px\u00a0\u00bb][et_pb_column type=\u00a0\u00bb4_4&Prime;][et_pb_text admin_label=\u00a0\u00bb\u00c0 lire aussi\u00a0\u00bb _builder_version=\u00a0\u00bb3.21&Prime;]<\/p>\n<h2><span class=\"st\">\u00c0<\/span> lire aussi<\/h2>\n<p>[\/et_pb_text][et_pb_blog _builder_version=\u00a0\u00bb3.21&Prime; posts_number=\u00a0\u00bb4&Prime; include_categories=\u00a0\u00bb13&Prime; show_author=\u00a0\u00bboff\u00a0\u00bb show_date=\u00a0\u00bboff\u00a0\u00bb show_pagination=\u00a0\u00bboff\u00a0\u00bb border_width_bottom_fullwidth=\u00a0\u00bb1px\u00a0\u00bb border_color_bottom_fullwidth=\u00a0\u00bbrgba(51,51,51,0.18)\u00a0\u00bb custom_padding=\u00a0\u00bb||50px|\u00a0\u00bb module_id=\u00a0\u00bbpage_type_blog\u00a0\u00bb header_level=\u00a0\u00bbh4&Prime; \/][\/et_pb_column][\/et_pb_row][\/et_pb_section]<\/p>\n","protected":false},"excerpt":{"rendered":"<div class=\"et_pb_row et_pb_row_0 et_pb_row_empty\"><\/div>\n<div class=\"et_pb_row et_pb_row_1 et_pb_row_empty\"><\/div>\n<p> Les cours toutes langues (hors FLE) en face \u00e0 face visent \u00e0 am\u00e9liorer les capacit\u00e9s de communication des participants \u00e0 l\u2019oral comme \u00e0 l\u2019\u00e9crit, en langue g\u00e9n\u00e9rale et dans les domaines de sp\u00e9cialit\u00e9. L\u2019enseignant adapte son cours en fonction du niveau, des comp\u00e9tences et des besoins de l\u2019apprenant. <\/p>\n<div class=\"et_pb_row et_pb_row_2 et_pb_row_empty\"><\/div>\n<p> PublicCours adapt\u00e9s :aux besoins des&hellip; <a class=\"continue\" href=\"https:\/\/wordpress-test.app.u-pariscite.fr\/eila\/cours-individuels-en-langues\/\">Lire la suite<span> Cours individuels en langues<\/span><\/a><\/p>\n","protected":false},"author":248,"featured_media":0,"parent":0,"menu_order":0,"comment_status":"closed","ping_status":"closed","template":"","meta":{"_et_pb_use_builder":"on","_et_pb_old_content":"","_et_gb_content_width":"","footnotes":""},"class_list":["post-294","page","type-page","status-publish","hentry"],"_links":{"self":[{"href":"https:\/\/wordpress-test.app.u-pariscite.fr\/eila\/wp-json\/wp\/v2\/pages\/294","targetHints":{"allow":["GET"]}}],"collection":[{"href":"https:\/\/wordpress-test.app.u-pariscite.fr\/eila\/wp-json\/wp\/v2\/pages"}],"about":[{"href":"https:\/\/wordpress-test.app.u-pariscite.fr\/eila\/wp-json\/wp\/v2\/types\/page"}],"author":[{"embeddable":true,"href":"https:\/\/wordpress-test.app.u-pariscite.fr\/eila\/wp-json\/wp\/v2\/users\/248"}],"replies":[{"embeddable":true,"href":"https:\/\/wordpress-test.app.u-pariscite.fr\/eila\/wp-json\/wp\/v2\/comments?post=294"}],"version-history":[{"count":9,"href":"https:\/\/wordpress-test.app.u-pariscite.fr\/eila\/wp-json\/wp\/v2\/pages\/294\/revisions"}],"predecessor-version":[{"id":2925,"href":"https:\/\/wordpress-test.app.u-pariscite.fr\/eila\/wp-json\/wp\/v2\/pages\/294\/revisions\/2925"}],"wp:attachment":[{"href":"https:\/\/wordpress-test.app.u-pariscite.fr\/eila\/wp-json\/wp\/v2\/media?parent=294"}],"curies":[{"name":"wp","href":"https:\/\/api.w.org\/{rel}","templated":true}]}}