{"id":2609,"date":"2022-01-24T08:54:30","date_gmt":"2022-01-24T07:54:30","guid":{"rendered":"https:\/\/wordpress-test.app.u-pariscite.fr\/eila\/?page_id=2609"},"modified":"2022-03-10T15:16:42","modified_gmt":"2022-03-10T14:16:42","slug":"entreprises","status":"publish","type":"page","link":"https:\/\/wordpress-test.app.u-pariscite.fr\/eila\/entreprises\/","title":{"rendered":"Entreprises"},"content":{"rendered":"<p>[et_pb_section bb_built=\u00a0\u00bb1&Prime; next_background_color=\u00a0\u00bb#000000&Prime; inner_width=\u00a0\u00bbauto\u00a0\u00bb inner_max_width=\u00a0\u00bbnone\u00a0\u00bb][et_pb_row][et_pb_column type=\u00a0\u00bb4_4&Prime;][et_pb_post_title admin_label=\u00a0\u00bbTitre de la page\u00a0\u00bb _builder_version=\u00a0\u00bb3.19.11&Prime; meta=\u00a0\u00bboff\u00a0\u00bb featured_image=\u00a0\u00bboff\u00a0\u00bb \/][\/et_pb_column][\/et_pb_row][et_pb_row][et_pb_column type=\u00a0\u00bb4_4&Prime;][et_pb_text admin_label=\u00a0\u00bbIntroduction\u00a0\u00bb _builder_version=\u00a0\u00bb3.22.1&Prime; text_text_shadow_horizontal_length=\u00a0\u00bbtext_text_shadow_style,%91object Object%93&Prime; text_text_shadow_vertical_length=\u00a0\u00bbtext_text_shadow_style,%91object Object%93&Prime; text_text_shadow_blur_strength=\u00a0\u00bbtext_text_shadow_style,%91object Object%93&Prime; link_text_shadow_horizontal_length=\u00a0\u00bblink_text_shadow_style,%91object Object%93&Prime; link_text_shadow_vertical_length=\u00a0\u00bblink_text_shadow_style,%91object Object%93&Prime; link_text_shadow_blur_strength=\u00a0\u00bblink_text_shadow_style,%91object Object%93&Prime; ul_text_shadow_horizontal_length=\u00a0\u00bbul_text_shadow_style,%91object Object%93&Prime; ul_text_shadow_vertical_length=\u00a0\u00bbul_text_shadow_style,%91object Object%93&Prime; ul_text_shadow_blur_strength=\u00a0\u00bbul_text_shadow_style,%91object Object%93&Prime; ol_text_shadow_horizontal_length=\u00a0\u00bbol_text_shadow_style,%91object Object%93&Prime; ol_text_shadow_vertical_length=\u00a0\u00bbol_text_shadow_style,%91object Object%93&Prime; ol_text_shadow_blur_strength=\u00a0\u00bbol_text_shadow_style,%91object Object%93&Prime; quote_text_shadow_horizontal_length=\u00a0\u00bbquote_text_shadow_style,%91object Object%93&Prime; quote_text_shadow_vertical_length=\u00a0\u00bbquote_text_shadow_style,%91object Object%93&Prime; quote_text_shadow_blur_strength=\u00a0\u00bbquote_text_shadow_style,%91object Object%93&Prime; header_text_shadow_horizontal_length=\u00a0\u00bbheader_text_shadow_style,%91object Object%93&Prime; header_text_shadow_vertical_length=\u00a0\u00bbheader_text_shadow_style,%91object Object%93&Prime; header_text_shadow_blur_strength=\u00a0\u00bbheader_text_shadow_style,%91object Object%93&Prime; header_2_text_shadow_horizontal_length=\u00a0\u00bbheader_2_text_shadow_style,%91object Object%93&Prime; header_2_text_shadow_vertical_length=\u00a0\u00bbheader_2_text_shadow_style,%91object Object%93&Prime; header_2_text_shadow_blur_strength=\u00a0\u00bbheader_2_text_shadow_style,%91object Object%93&Prime; header_3_text_shadow_horizontal_length=\u00a0\u00bbheader_3_text_shadow_style,%91object Object%93&Prime; header_3_text_shadow_vertical_length=\u00a0\u00bbheader_3_text_shadow_style,%91object Object%93&Prime; header_3_text_shadow_blur_strength=\u00a0\u00bbheader_3_text_shadow_style,%91object Object%93&Prime; header_4_text_shadow_horizontal_length=\u00a0\u00bbheader_4_text_shadow_style,%91object Object%93&Prime; header_4_text_shadow_vertical_length=\u00a0\u00bbheader_4_text_shadow_style,%91object Object%93&Prime; header_4_text_shadow_blur_strength=\u00a0\u00bbheader_4_text_shadow_style,%91object Object%93&Prime; header_5_text_shadow_horizontal_length=\u00a0\u00bbheader_5_text_shadow_style,%91object Object%93&Prime; header_5_text_shadow_vertical_length=\u00a0\u00bbheader_5_text_shadow_style,%91object Object%93&Prime; header_5_text_shadow_blur_strength=\u00a0\u00bbheader_5_text_shadow_style,%91object Object%93&Prime; header_6_text_shadow_horizontal_length=\u00a0\u00bbheader_6_text_shadow_style,%91object Object%93&Prime; header_6_text_shadow_vertical_length=\u00a0\u00bbheader_6_text_shadow_style,%91object Object%93&Prime; header_6_text_shadow_blur_strength=\u00a0\u00bbheader_6_text_shadow_style,%91object Object%93&Prime; z_index_tablet=\u00a0\u00bb500&Prime;]<\/p>\n<p>Participez \u00e0 la formation des salari\u00e9.es de votre entreprise gr\u00e2ce aux formations propos\u00e9es par l&rsquo;UFR EILA, composante de la Facult\u00e9 Soci\u00e9t\u00e9s et Humanit\u00e9s d&rsquo;Universit\u00e9 Paris Cit\u00e9.<\/p>\n<p>\u00a0<\/p>\n<p>[\/et_pb_text][\/et_pb_column][\/et_pb_row][et_pb_row][et_pb_column type=\u00a0\u00bb3_4&Prime;][et_pb_toggle admin_label=\u00a0\u00bbD\u00e9veloppement de comp\u00e9tences\u00a0\u00bb _builder_version=\u00a0\u00bb3.22.1&Prime; title=\u00a0\u00bbD\u00e9veloppement de comp\u00e9tences\u00a0\u00bb text_shadow_horizontal_length=\u00a0\u00bbtext_shadow_style,%91object Object%93&Prime; text_shadow_vertical_length=\u00a0\u00bbtext_shadow_style,%91object Object%93&Prime; text_shadow_blur_strength=\u00a0\u00bbtext_shadow_style,%91object Object%93&Prime; title_text_shadow_horizontal_length=\u00a0\u00bbtitle_text_shadow_style,%91object Object%93&Prime; title_text_shadow_vertical_length=\u00a0\u00bbtitle_text_shadow_style,%91object Object%93&Prime; title_text_shadow_blur_strength=\u00a0\u00bbtitle_text_shadow_style,%91object Object%93&Prime; body_text_shadow_horizontal_length=\u00a0\u00bbbody_text_shadow_style,%91object Object%93&Prime; body_text_shadow_vertical_length=\u00a0\u00bbbody_text_shadow_style,%91object Object%93&Prime; body_text_shadow_blur_strength=\u00a0\u00bbbody_text_shadow_style,%91object Object%93&Prime; z_index_tablet=\u00a0\u00bb500&Prime;]<\/p>\n<p>L\u2019UFR EILA propose aux entreprises et \u00e0 leurs salari\u00e9.es des formations permettant de d\u00e9velopper et d\u2019optimiser leurs comp\u00e9tences ou d\u2019en acqu\u00e9rir de nouvelles.<\/p>\n<p>Notre d\u00e9marche p\u00e9dagogique assure l\u2019acquisition et l\u2019application de savoirs en situation professionnelle.<\/p>\n<p>Nos formations sont propos\u00e9es en pr\u00e9sentiel ou \u00e0 distance via la plateforme d\u2019apprentissage Moodle et d\u2019autres outils p\u00e9dagogiques adapt\u00e9s et sont \u00e9valu\u00e9es.<\/p>\n<p>Cette \u00e9valuation permet d&rsquo;ajuster, d&rsquo;am\u00e9liorer et d&rsquo;adapter les formations r\u00e9alis\u00e9es.<\/p>\n<p>Les \u00e9quipes p\u00e9dagogiques constitu\u00e9s d\u2019enseignants \/ formateurs sont des experts dans leur domaine et la qualit\u00e9 de nos cursus de formations qualifiants \/ dipl\u00f4mants et le suivi de prestation et administratif de celles-ci sont certifi\u00e9es par le Bureau Veritas (une deuxi\u00e8me certification Qualiopi est en cours).<\/p>\n<h2>Nos Dipl\u00f4mes d\u2019Universit\u00e9 professionnalisants<\/h2>\n<p>Les DU ont vocation \u00e0 apporter une sp\u00e9cialisation, qui n\u2019est pas d\u00e9velopp\u00e9e dans le parcours Licence-Master-Doctorat (LMD), afin d\u2019approfondir ses connaissances et de d\u00e9velopper ses comp\u00e9tences professionnelles dans un domaine sp\u00e9cifique.<\/p>\n<p>Le Dipl\u00f4me d\u2019Universit\u00e9 n\u00e9cessite une inscription administrative \u00e0 l\u2019universit\u00e9 qui d\u00e9livre un dipl\u00f4me en fin de formation.<\/p>\n<p>L\u2019UFR EILA propose plusieurs DU ayant un contenu th\u00e9orique de qualit\u00e9 \u00e9labor\u00e9 par des enseignants experts et les 2 DU suivants ont un enseignement directement applicable \u00e0 l\u2019activit\u00e9 professionnelle.<\/p>\n<ul>\n<li><a href=\"https:\/\/odf.wordpress-test.app.u-pariscite.fr\/fr\/offre-de-formation\/diplome-d-universite-du-diu-1\/arts-lettres-langues-ALL\/du-anglais-communication-d-entreprise-DUAACEN_111.html\">Dipl\u00f4me d\u2019Universit\u00e9 Communication d\u2019Entreprise (DUACE)<\/a> s\u2019adresse \u00e0 des personnes ayant d\u00e9j\u00e0 \u00e9tudi\u00e9 l\u2019anglais et souhaitant se sp\u00e9cialiser dans la communication en entreprise.<em> <br \/><\/em><\/li>\n<li><a href=\"https:\/\/odf.wordpress-test.app.u-pariscite.fr\/fr\/offre-de-formation\/diplome-d-universite-du-diu-1\/arts-lettres-langues-ALL\/du-mediateur-interprete-dans-les-services-publics-misp-IGXS3Y5A.html\">Dipl\u00f4me d\u2019Universit\u00e9 M\u00e9diateur-Interpr\u00e8te dans les Services Publics (DUMISP)<\/a> qui forme des professionnels de la m\u00e9diation multilingue, assurant la communication entre des personnes \u00e9trang\u00e8res en situation difficile maitrisant peu ou mal le fran\u00e7ais.<\/li>\n<li><a href=\"https:\/\/wordpress-test.app.u-pariscite.fr\/eila\/diplomes-universitaires\/\">Voir l\u2019ensemble des DU propos\u00e9s par l\u2019UFR EILA<\/a><\/li>\n<\/ul>\n<h2>Nos Formations Qualifiantes<\/h2>\n<p>Les formations qualifiantes ont une vis\u00e9e professionnelle plus imm\u00e9diate, elles ne d\u00e9bouchent pas sur un dipl\u00f4me ou un titre mais elles permettent d&rsquo;obtenir une attestation de formation.<\/p>\n<p>L\u2019UFR EILA propose des formations qualifiantes telles que\u00a0:<\/p>\n<ul>\n<li><a href=\"https:\/\/editodf.wordpress-test.app.u-pariscite.fr\/live\/uparis\/fr\/offre-de-formation\/formation-qualifiante-SPCFQ\/arts-lettres-langues-ALL\/fq-formation-en-communication-technique-J0XINGQQ.html\">La formation en communication technique<\/a>, pour des salari\u00e9s qui exercent d\u00e9j\u00e0 dans ce domaine en entreprise et qui permet la mont\u00e9e en comp\u00e9tence en communication technique.<\/li>\n<li><a href=\"https:\/\/editodf.wordpress-test.app.u-pariscite.fr\/live\/uparis\/fr\/offre-de-formation\/formation-qualifiante-SPCFQ\/arts-lettres-langues-ALL\/fq-cours-semestriels-de-francais-langue-etrangere-J2UH3MUK.html\">Des cours de Fran\u00e7ais Langues Etrang\u00e8res<\/a>, pour tous niveaux, en cours semestriels permettant d\u2019acqu\u00e9rir et d\u2019approfondir des comp\u00e9tences linguistiques \u00e9crites et orales<\/li>\n<\/ul>\n<ul>\n<li><a href=\"https:\/\/wordpress-test.app.u-pariscite.fr\/eila\/formation-qualifiante\/\">Voir l\u2019ensemble de nos formations qualifiantes<\/a><\/li>\n<\/ul>\n<p>&nbsp;<\/p>\n<p>&nbsp;<\/p>\n<p>[\/et_pb_toggle][et_pb_toggle admin_label=\u00a0\u00bbTaxe d&rsquo;apprentissage\u00a0\u00bb _builder_version=\u00a0\u00bb3.22.1&Prime; title=\u00a0\u00bbTaxe d&rsquo;apprentissage\u00a0\u00bb text_shadow_horizontal_length=\u00a0\u00bbtext_shadow_style,%91object Object%93&Prime; text_shadow_vertical_length=\u00a0\u00bbtext_shadow_style,%91object Object%93&Prime; text_shadow_blur_strength=\u00a0\u00bbtext_shadow_style,%91object Object%93&Prime; title_text_shadow_horizontal_length=\u00a0\u00bbtitle_text_shadow_style,%91object Object%93&Prime; title_text_shadow_vertical_length=\u00a0\u00bbtitle_text_shadow_style,%91object Object%93&Prime; title_text_shadow_blur_strength=\u00a0\u00bbtitle_text_shadow_style,%91object Object%93&Prime; body_text_shadow_horizontal_length=\u00a0\u00bbbody_text_shadow_style,%91object Object%93&Prime; body_text_shadow_vertical_length=\u00a0\u00bbbody_text_shadow_style,%91object Object%93&Prime; body_text_shadow_blur_strength=\u00a0\u00bbbody_text_shadow_style,%91object Object%93&Prime; z_index_tablet=\u00a0\u00bb500&Prime;]<\/p>\n<p>Participez \u00e0 la formation des talents dont votre entreprise a besoin !<\/p>\n<p>Qui sommes-nous ? <a href=\"https:\/\/wordpress-test.app.u-pariscite.fr\/eila\/wp-content\/uploads\/sites\/42\/2022\/01\/TA_SH_EILA.pdf\">D\u00e9couvrir l&rsquo;UFR EILA<\/a><\/p>\n<p>Les formations de Licence LEA, Licence professionnelle R\u00e9dacteur Technique, Master LEA et Master Traduction-Interpr\u00e9tation de l&rsquo;UFR EILA sont \u00e9ligibles au versement du solde de la taxe d\u2019apprentissage.<\/p>\n<blockquote>\n<p><strong>Nous contacter \u00e0 l&rsquo;UFR EILA :<\/strong><\/p>\n<p><em>Mail :<\/em> <a href=\"mailto:astre.eila@wordpress-test.app.u-pariscite.fr\">astre.eila@wordpress-test.app.u-pariscite.fr<\/a><\/p>\n<p><em>T\u00e9l\u00e9phone :<\/em> 01 57 27 56 66, 01 57 27 56 61 ou 01 57 27 56 90<\/p>\n<p><em>Adresse :\u2000<\/em> P\u00f4le Alternance, Stages et Relations entreprises de l\u2019UFR EILA<br \/>Bureaux 424 et 444 \u2013 B\u00e2timent Olympe de Gouges, 8 place Paul Ricoeur 75013 Paris<\/p>\n<\/blockquote>\n<p>Toutes les informations concernant la Taxe d&rsquo;apprentissage et son versement <a href=\"https:\/\/wordpress-test.app.u-pariscite.fr\/taxe-apprentissage\/\">sur le site d&rsquo;Universit\u00e9 Paris Cit\u00e9<\/a>.<\/p>\n<p>[\/et_pb_toggle][\/et_pb_column][et_pb_column type=\u00a0\u00bb1_4&Prime;][et_pb_text _builder_version=\u00a0\u00bb3.22.1&Prime; text_text_shadow_horizontal_length=\u00a0\u00bbtext_text_shadow_style,%91object Object%93&Prime; text_text_shadow_vertical_length=\u00a0\u00bbtext_text_shadow_style,%91object Object%93&Prime; text_text_shadow_blur_strength=\u00a0\u00bbtext_text_shadow_style,%91object Object%93&Prime; link_text_shadow_horizontal_length=\u00a0\u00bblink_text_shadow_style,%91object Object%93&Prime; link_text_shadow_vertical_length=\u00a0\u00bblink_text_shadow_style,%91object Object%93&Prime; link_text_shadow_blur_strength=\u00a0\u00bblink_text_shadow_style,%91object Object%93&Prime; ul_text_shadow_horizontal_length=\u00a0\u00bbul_text_shadow_style,%91object Object%93&Prime; ul_text_shadow_vertical_length=\u00a0\u00bbul_text_shadow_style,%91object Object%93&Prime; ul_text_shadow_blur_strength=\u00a0\u00bbul_text_shadow_style,%91object Object%93&Prime; ol_text_shadow_horizontal_length=\u00a0\u00bbol_text_shadow_style,%91object Object%93&Prime; ol_text_shadow_vertical_length=\u00a0\u00bbol_text_shadow_style,%91object Object%93&Prime; ol_text_shadow_blur_strength=\u00a0\u00bbol_text_shadow_style,%91object Object%93&Prime; quote_text_shadow_horizontal_length=\u00a0\u00bbquote_text_shadow_style,%91object Object%93&Prime; quote_text_shadow_vertical_length=\u00a0\u00bbquote_text_shadow_style,%91object Object%93&Prime; quote_text_shadow_blur_strength=\u00a0\u00bbquote_text_shadow_style,%91object Object%93&Prime; header_text_shadow_horizontal_length=\u00a0\u00bbheader_text_shadow_style,%91object Object%93&Prime; header_text_shadow_vertical_length=\u00a0\u00bbheader_text_shadow_style,%91object Object%93&Prime; header_text_shadow_blur_strength=\u00a0\u00bbheader_text_shadow_style,%91object Object%93&Prime; header_2_text_shadow_horizontal_length=\u00a0\u00bbheader_2_text_shadow_style,%91object Object%93&Prime; header_2_text_shadow_vertical_length=\u00a0\u00bbheader_2_text_shadow_style,%91object Object%93&Prime; header_2_text_shadow_blur_strength=\u00a0\u00bbheader_2_text_shadow_style,%91object Object%93&Prime; header_3_text_shadow_horizontal_length=\u00a0\u00bbheader_3_text_shadow_style,%91object Object%93&Prime; header_3_text_shadow_vertical_length=\u00a0\u00bbheader_3_text_shadow_style,%91object Object%93&Prime; header_3_text_shadow_blur_strength=\u00a0\u00bbheader_3_text_shadow_style,%91object Object%93&Prime; header_4_text_shadow_horizontal_length=\u00a0\u00bbheader_4_text_shadow_style,%91object Object%93&Prime; header_4_text_shadow_vertical_length=\u00a0\u00bbheader_4_text_shadow_style,%91object Object%93&Prime; header_4_text_shadow_blur_strength=\u00a0\u00bbheader_4_text_shadow_style,%91object Object%93&Prime; header_5_text_shadow_horizontal_length=\u00a0\u00bbheader_5_text_shadow_style,%91object Object%93&Prime; header_5_text_shadow_vertical_length=\u00a0\u00bbheader_5_text_shadow_style,%91object Object%93&Prime; header_5_text_shadow_blur_strength=\u00a0\u00bbheader_5_text_shadow_style,%91object Object%93&Prime; header_6_text_shadow_horizontal_length=\u00a0\u00bbheader_6_text_shadow_style,%91object Object%93&Prime; header_6_text_shadow_vertical_length=\u00a0\u00bbheader_6_text_shadow_style,%91object Object%93&Prime; header_6_text_shadow_blur_strength=\u00a0\u00bbheader_6_text_shadow_style,%91object Object%93&Prime; z_index_tablet=\u00a0\u00bb500&Prime;]<\/p>\n<blockquote>\n<p><a href=\"https:\/\/wordpress-test.app.u-pariscite.fr\/eila\/contacts\/\">Contacter les services de l&rsquo;UFR EILA<\/a><\/p>\n<\/blockquote>\n<p>[\/et_pb_text][\/et_pb_column][\/et_pb_row][et_pb_row][\/et_pb_row][\/et_pb_section][et_pb_section bb_built=\u00a0\u00bb1&Prime; specialty=\u00a0\u00bboff\u00a0\u00bb _builder_version=\u00a0\u00bb3.21&Prime; custom_padding=\u00a0\u00bb0px||0px|\u00a0\u00bb prev_background_color=\u00a0\u00bb#000000&Prime; inner_width=\u00a0\u00bbauto\u00a0\u00bb inner_max_width=\u00a0\u00bbnone\u00a0\u00bb][et_pb_row _builder_version=\u00a0\u00bb3.19.11&Prime; width=\u00a0\u00bb80%\u00a0\u00bb max_width=\u00a0\u00bb1080px\u00a0\u00bb][et_pb_column type=\u00a0\u00bb4_4&Prime;][et_pb_text admin_label=\u00a0\u00bb\u00c0 lire aussi\u00a0\u00bb _builder_version=\u00a0\u00bb3.21&Prime;]<\/p>\n<h2><span class=\"st\">\u00c0<\/span> lire aussi<\/h2>\n<p>[\/et_pb_text][et_pb_blog _builder_version=\u00a0\u00bb3.21&Prime; posts_number=\u00a0\u00bb4&Prime; include_categories=\u00a0\u00bb13&Prime; show_author=\u00a0\u00bboff\u00a0\u00bb show_date=\u00a0\u00bboff\u00a0\u00bb show_pagination=\u00a0\u00bboff\u00a0\u00bb border_width_bottom_fullwidth=\u00a0\u00bb1px\u00a0\u00bb border_color_bottom_fullwidth=\u00a0\u00bbrgba(51,51,51,0.18)\u00a0\u00bb custom_padding=\u00a0\u00bb||50px|\u00a0\u00bb module_id=\u00a0\u00bbpage_type_blog\u00a0\u00bb header_level=\u00a0\u00bbh4&Prime; \/][\/et_pb_column][\/et_pb_row][\/et_pb_section]<\/p>\n","protected":false},"excerpt":{"rendered":"<div class=\"et_pb_row et_pb_row_0 et_pb_row_empty\"><\/div>\n<div class=\"et_pb_row et_pb_row_1 et_pb_row_empty\"><\/div>\n<p> Participez \u00e0 la formation des salari\u00e9.es de votre entreprise gr\u00e2ce aux formations propos\u00e9es par l&rsquo;UFR EILA, composante de la Facult\u00e9 Soci\u00e9t\u00e9s et Humanit\u00e9s d&rsquo;Universit\u00e9 Paris Cit\u00e9.\u00a0 <\/p>\n<div class=\"et_pb_row et_pb_row_2 et_pb_row_empty\"><\/div>\n<p> L\u2019UFR EILA propose aux entreprises et \u00e0 leurs salari\u00e9.es des formations permettant de d\u00e9velopper et d\u2019optimiser leurs comp\u00e9tences ou d\u2019en acqu\u00e9rir de nouvelles. Notre d\u00e9marche p\u00e9dagogique assure&hellip; <a class=\"continue\" href=\"https:\/\/wordpress-test.app.u-pariscite.fr\/eila\/entreprises\/\">Lire la suite<span> Entreprises<\/span><\/a><\/p>\n","protected":false},"author":248,"featured_media":0,"parent":0,"menu_order":0,"comment_status":"closed","ping_status":"closed","template":"","meta":{"_et_pb_use_builder":"on","_et_pb_old_content":"","_et_gb_content_width":"","footnotes":""},"class_list":["post-2609","page","type-page","status-publish","hentry"],"_links":{"self":[{"href":"https:\/\/wordpress-test.app.u-pariscite.fr\/eila\/wp-json\/wp\/v2\/pages\/2609","targetHints":{"allow":["GET"]}}],"collection":[{"href":"https:\/\/wordpress-test.app.u-pariscite.fr\/eila\/wp-json\/wp\/v2\/pages"}],"about":[{"href":"https:\/\/wordpress-test.app.u-pariscite.fr\/eila\/wp-json\/wp\/v2\/types\/page"}],"author":[{"embeddable":true,"href":"https:\/\/wordpress-test.app.u-pariscite.fr\/eila\/wp-json\/wp\/v2\/users\/248"}],"replies":[{"embeddable":true,"href":"https:\/\/wordpress-test.app.u-pariscite.fr\/eila\/wp-json\/wp\/v2\/comments?post=2609"}],"version-history":[{"count":16,"href":"https:\/\/wordpress-test.app.u-pariscite.fr\/eila\/wp-json\/wp\/v2\/pages\/2609\/revisions"}],"predecessor-version":[{"id":2923,"href":"https:\/\/wordpress-test.app.u-pariscite.fr\/eila\/wp-json\/wp\/v2\/pages\/2609\/revisions\/2923"}],"wp:attachment":[{"href":"https:\/\/wordpress-test.app.u-pariscite.fr\/eila\/wp-json\/wp\/v2\/media?parent=2609"}],"curies":[{"name":"wp","href":"https:\/\/api.w.org\/{rel}","templated":true}]}}