{"id":258,"date":"2021-05-26T13:44:18","date_gmt":"2021-05-26T11:44:18","guid":{"rendered":"https:\/\/wordpress-test.app.u-pariscite.fr\/eila\/?page_id=258"},"modified":"2023-01-03T14:46:15","modified_gmt":"2023-01-03T13:46:15","slug":"clillac-arp","status":"publish","type":"page","link":"https:\/\/wordpress-test.app.u-pariscite.fr\/eila\/clillac-arp\/","title":{"rendered":"CLILLAC &#8211; ARP"},"content":{"rendered":"<p>[et_pb_section fb_built=\u00a0\u00bb1&Prime; _builder_version=\u00a0\u00bb3.22&Prime;][et_pb_row _builder_version=\u00a0\u00bb3.22&Prime; background_size=\u00a0\u00bbinitial\u00a0\u00bb background_position=\u00a0\u00bbtop_left\u00a0\u00bb background_repeat=\u00a0\u00bbrepeat\u00a0\u00bb][et_pb_column type=\u00a0\u00bb4_4&Prime; _builder_version=\u00a0\u00bb3.0.47&Prime;][et_pb_post_title meta=\u00a0\u00bboff\u00a0\u00bb featured_image=\u00a0\u00bboff\u00a0\u00bb admin_label=\u00a0\u00bbTitre de la page\u00a0\u00bb _builder_version=\u00a0\u00bb3.19.11&Prime;][\/et_pb_post_title][\/et_pb_column][\/et_pb_row][et_pb_row _builder_version=\u00a0\u00bb3.22&Prime; background_size=\u00a0\u00bbinitial\u00a0\u00bb background_position=\u00a0\u00bbtop_left\u00a0\u00bb background_repeat=\u00a0\u00bbrepeat\u00a0\u00bb][et_pb_column type=\u00a0\u00bb4_4&Prime; _builder_version=\u00a0\u00bb3.0.47&Prime;][et_pb_text module_id=\u00a0\u00bbcontenu\u00a0\u00bb _builder_version=\u00a0\u00bb3.22.1&Prime; z_index_tablet=\u00a0\u00bb500&Prime;]<\/p>\n<div class=\"page\" title=\"Page 1\">\n<div class=\"layoutArea\">\n<div class=\"column\">\n<blockquote>\n<p>Site internet du <a href=\"https:\/\/clillac-arp.wordpress-test.app.u-pariscite.fr\/\" target=\"_blank\" rel=\"noopener noreferrer\">CLILLAC-ARP<\/a><\/p>\n<\/blockquote>\n<p>L\u2019\u00e9quipe d\u2019accueil 3967 CLILLAC-ARP, Centre de Linguistique Inter-langues, de Lexicologie, de Linguistique Anglaise et de Corpus-Atelier de Recherche sur la Parole est dirig\u00e9e par Natalie K\u00fcbler, professeur \u00e0 l\u2019UFR EILA. La directrice adjointe est Agn\u00e8s Celle, professeur \u00e0 l\u2019UFR d\u2019\u00c9tudes Anglophones.<\/p>\n<p>Le CLILLAC-ARP est rattach\u00e9 \u00e0 l\u2019\u00c9cole Doctorale de Sciences du langage et adoss\u00e9 \u00e0 trois UFR :<\/p>\n<p>\u00c0 l\u2019UFR d\u2019\u00c9tudes Anglophones, la recherche porte sur la syntaxe, la s\u00e9mantique, l\u2019analyse du discours (\u00e9crit et oral), la mod\u00e9lisation, l\u2019analyse contrastive, la phonologie, la phono-syntaxe, la sociolinguistique, la psycholinguistique et la didactique. La Th\u00e9orie des Op\u00e9rations \u00e9nonciatives constitue le cadre f\u00e9d\u00e9rateur de ces recherches.<\/p>\n<p>\u00c0 l\u2019UFR EILA, la recherche porte sur la lexicologie et ses rapports avec la syntaxe et la s\u00e9mantique, la terminologie, la n\u00e9ologie, la linguistique de corpus, les langues de sp\u00e9cialit\u00e9, la traductologie et les politiques linguistiques dans un certain nombre de langues, dont l\u2019anglais, l\u2019allemand, l\u2019espagnol, le fran\u00e7ais, le turc et le vietnamien.<\/p>\n<p>\u00c0 l\u2019UFR de Linguistique, la recherche porte sur la parole, la macro-syntaxe de l\u2019oral, la phon\u00e9tique, phonologie, phonosyntaxe, psycholinguistique, neurolinguistique, sociolinguistique et la didactique des langues dans un grand nombre de langues dont les langues asiatiques.<\/p>\n<\/div>\n<\/div>\n<\/div>\n<p>[\/et_pb_text][\/et_pb_column][\/et_pb_row][\/et_pb_section][et_pb_section fb_built=\u00a0\u00bb1&Prime; _builder_version=\u00a0\u00bb3.22&Prime; custom_padding=\u00a0\u00bb0px||0px|\u00a0\u00bb][et_pb_row _builder_version=\u00a0\u00bb3.22&Prime;][et_pb_column type=\u00a0\u00bb4_4&Prime; _builder_version=\u00a0\u00bb3.0.47&Prime;][et_pb_text admin_label=\u00a0\u00bb\u00c0 lire aussi\u00a0\u00bb _builder_version=\u00a0\u00bb3.21&Prime;]<\/p>\n<h2><span class=\"st\">\u00c0<\/span> lire aussi<\/h2>\n<p>[\/et_pb_text][et_pb_blog posts_number=\u00a0\u00bb4&Prime; include_categories=\u00a0\u00bb1&Prime; show_author=\u00a0\u00bboff\u00a0\u00bb show_date=\u00a0\u00bboff\u00a0\u00bb show_pagination=\u00a0\u00bboff\u00a0\u00bb module_id=\u00a0\u00bbpage_type_blog\u00a0\u00bb _builder_version=\u00a0\u00bb3.22.1&Prime; header_level=\u00a0\u00bbh4&Prime; border_width_bottom_fullwidth=\u00a0\u00bb1px\u00a0\u00bb border_color_bottom_fullwidth=\u00a0\u00bbrgba(51,51,51,0.18)\u00a0\u00bb custom_padding=\u00a0\u00bb||50px|\u00a0\u00bb z_index_tablet=\u00a0\u00bb500&Prime;][\/et_pb_blog][\/et_pb_column][\/et_pb_row][\/et_pb_section]<\/p>\n","protected":false},"excerpt":{"rendered":"<p>Site internet du CLILLAC-ARP L\u2019\u00e9quipe d\u2019accueil 3967 CLILLAC-ARP, Centre de Linguistique Inter-langues, de Lexicologie, de Linguistique Anglaise et de Corpus-Atelier de Recherche sur la Parole est dirig\u00e9e par Natalie K\u00fcbler, professeur \u00e0 l\u2019UFR EILA. La directrice adjointe est Agn\u00e8s Celle, professeur \u00e0 l\u2019UFR d\u2019\u00c9tudes Anglophones. Le CLILLAC-ARP est rattach\u00e9 \u00e0 l\u2019\u00c9cole Doctorale de Sciences du&hellip; <a class=\"continue\" href=\"https:\/\/wordpress-test.app.u-pariscite.fr\/eila\/clillac-arp\/\">Lire la suite<span> CLILLAC &#8211; ARP<\/span><\/a><\/p>\n","protected":false},"author":248,"featured_media":0,"parent":0,"menu_order":0,"comment_status":"closed","ping_status":"closed","template":"","meta":{"_et_pb_use_builder":"on","_et_pb_old_content":"","_et_gb_content_width":"","footnotes":""},"class_list":["post-258","page","type-page","status-publish","hentry"],"_links":{"self":[{"href":"https:\/\/wordpress-test.app.u-pariscite.fr\/eila\/wp-json\/wp\/v2\/pages\/258","targetHints":{"allow":["GET"]}}],"collection":[{"href":"https:\/\/wordpress-test.app.u-pariscite.fr\/eila\/wp-json\/wp\/v2\/pages"}],"about":[{"href":"https:\/\/wordpress-test.app.u-pariscite.fr\/eila\/wp-json\/wp\/v2\/types\/page"}],"author":[{"embeddable":true,"href":"https:\/\/wordpress-test.app.u-pariscite.fr\/eila\/wp-json\/wp\/v2\/users\/248"}],"replies":[{"embeddable":true,"href":"https:\/\/wordpress-test.app.u-pariscite.fr\/eila\/wp-json\/wp\/v2\/comments?post=258"}],"version-history":[{"count":11,"href":"https:\/\/wordpress-test.app.u-pariscite.fr\/eila\/wp-json\/wp\/v2\/pages\/258\/revisions"}],"predecessor-version":[{"id":3603,"href":"https:\/\/wordpress-test.app.u-pariscite.fr\/eila\/wp-json\/wp\/v2\/pages\/258\/revisions\/3603"}],"wp:attachment":[{"href":"https:\/\/wordpress-test.app.u-pariscite.fr\/eila\/wp-json\/wp\/v2\/media?parent=258"}],"curies":[{"name":"wp","href":"https:\/\/api.w.org\/{rel}","templated":true}]}}