{"id":2571,"date":"2022-01-20T14:47:34","date_gmt":"2022-01-20T13:47:34","guid":{"rendered":"https:\/\/wordpress-test.app.u-pariscite.fr\/eila\/?page_id=2571"},"modified":"2022-03-16T09:12:47","modified_gmt":"2022-03-16T08:12:47","slug":"french-as-a-foreign-language-fle","status":"publish","type":"page","link":"https:\/\/wordpress-test.app.u-pariscite.fr\/eila\/en\/french-as-a-foreign-language-fle\/","title":{"rendered":"French as a Foreign Language \u2013 FLE"},"content":{"rendered":"<p>[et_pb_section bb_built=\u00a0\u00bb1&Prime; inner_width=\u00a0\u00bbauto\u00a0\u00bb inner_max_width=\u00a0\u00bbnone\u00a0\u00bb][et_pb_row][et_pb_column type=\u00a0\u00bb4_4&Prime;][et_pb_post_title admin_label=\u00a0\u00bbTitre de la page\u00a0\u00bb _builder_version=\u00a0\u00bb3.19.11&Prime; meta=\u00a0\u00bboff\u00a0\u00bb featured_image=\u00a0\u00bboff\u00a0\u00bb \/][\/et_pb_column][\/et_pb_row][et_pb_row][et_pb_column type=\u00a0\u00bb3_4&Prime;][et_pb_text admin_label=\u00a0\u00bbIntro\u00a0\u00bb _builder_version=\u00a0\u00bb3.22.1&Prime; module_id=\u00a0\u00bbintro\u00a0\u00bb text_text_shadow_horizontal_length=\u00a0\u00bbtext_text_shadow_style,%91object Object%93&Prime; text_text_shadow_vertical_length=\u00a0\u00bbtext_text_shadow_style,%91object Object%93&Prime; text_text_shadow_blur_strength=\u00a0\u00bbtext_text_shadow_style,%91object Object%93&Prime; link_text_shadow_horizontal_length=\u00a0\u00bblink_text_shadow_style,%91object Object%93&Prime; link_text_shadow_vertical_length=\u00a0\u00bblink_text_shadow_style,%91object Object%93&Prime; link_text_shadow_blur_strength=\u00a0\u00bblink_text_shadow_style,%91object Object%93&Prime; ul_text_shadow_horizontal_length=\u00a0\u00bbul_text_shadow_style,%91object Object%93&Prime; ul_text_shadow_vertical_length=\u00a0\u00bbul_text_shadow_style,%91object Object%93&Prime; ul_text_shadow_blur_strength=\u00a0\u00bbul_text_shadow_style,%91object Object%93&Prime; ol_text_shadow_horizontal_length=\u00a0\u00bbol_text_shadow_style,%91object Object%93&Prime; ol_text_shadow_vertical_length=\u00a0\u00bbol_text_shadow_style,%91object Object%93&Prime; ol_text_shadow_blur_strength=\u00a0\u00bbol_text_shadow_style,%91object Object%93&Prime; quote_text_shadow_horizontal_length=\u00a0\u00bbquote_text_shadow_style,%91object Object%93&Prime; quote_text_shadow_vertical_length=\u00a0\u00bbquote_text_shadow_style,%91object Object%93&Prime; quote_text_shadow_blur_strength=\u00a0\u00bbquote_text_shadow_style,%91object Object%93&Prime; header_text_shadow_horizontal_length=\u00a0\u00bbheader_text_shadow_style,%91object Object%93&Prime; header_text_shadow_vertical_length=\u00a0\u00bbheader_text_shadow_style,%91object Object%93&Prime; header_text_shadow_blur_strength=\u00a0\u00bbheader_text_shadow_style,%91object Object%93&Prime; header_2_text_shadow_horizontal_length=\u00a0\u00bbheader_2_text_shadow_style,%91object Object%93&Prime; header_2_text_shadow_vertical_length=\u00a0\u00bbheader_2_text_shadow_style,%91object Object%93&Prime; header_2_text_shadow_blur_strength=\u00a0\u00bbheader_2_text_shadow_style,%91object Object%93&Prime; header_3_text_shadow_horizontal_length=\u00a0\u00bbheader_3_text_shadow_style,%91object Object%93&Prime; header_3_text_shadow_vertical_length=\u00a0\u00bbheader_3_text_shadow_style,%91object Object%93&Prime; header_3_text_shadow_blur_strength=\u00a0\u00bbheader_3_text_shadow_style,%91object Object%93&Prime; header_4_text_shadow_horizontal_length=\u00a0\u00bbheader_4_text_shadow_style,%91object Object%93&Prime; header_4_text_shadow_vertical_length=\u00a0\u00bbheader_4_text_shadow_style,%91object Object%93&Prime; header_4_text_shadow_blur_strength=\u00a0\u00bbheader_4_text_shadow_style,%91object Object%93&Prime; header_5_text_shadow_horizontal_length=\u00a0\u00bbheader_5_text_shadow_style,%91object Object%93&Prime; header_5_text_shadow_vertical_length=\u00a0\u00bbheader_5_text_shadow_style,%91object Object%93&Prime; header_5_text_shadow_blur_strength=\u00a0\u00bbheader_5_text_shadow_style,%91object Object%93&Prime; header_6_text_shadow_horizontal_length=\u00a0\u00bbheader_6_text_shadow_style,%91object Object%93&Prime; header_6_text_shadow_vertical_length=\u00a0\u00bbheader_6_text_shadow_style,%91object Object%93&Prime; header_6_text_shadow_blur_strength=\u00a0\u00bbheader_6_text_shadow_style,%91object Object%93&Prime; z_index_tablet=\u00a0\u00bb500&Prime;]<\/p>\n<div class=\"page\" title=\"Page 1\">\n<div class=\"layoutArea\">\n<div class=\"column\">\n<p>The EILA Department offers French language classes each semester to university students and the general public.<\/p>\n<\/div>\n<\/div>\n<\/div>\n<p>[\/et_pb_text][\/et_pb_column][et_pb_column type=\u00a0\u00bb1_4&Prime;][\/et_pb_column][\/et_pb_row][et_pb_row][et_pb_column type=\u00a0\u00bb3_4&Prime;][et_pb_text _builder_version=\u00a0\u00bb3.22.1&Prime; module_id=\u00a0\u00bbcontenu\u00a0\u00bb text_text_shadow_horizontal_length=\u00a0\u00bbtext_text_shadow_style,%91object Object%93&Prime; text_text_shadow_vertical_length=\u00a0\u00bbtext_text_shadow_style,%91object Object%93&Prime; text_text_shadow_blur_strength=\u00a0\u00bbtext_text_shadow_style,%91object Object%93&Prime; link_text_shadow_horizontal_length=\u00a0\u00bblink_text_shadow_style,%91object Object%93&Prime; link_text_shadow_vertical_length=\u00a0\u00bblink_text_shadow_style,%91object Object%93&Prime; link_text_shadow_blur_strength=\u00a0\u00bblink_text_shadow_style,%91object Object%93&Prime; ul_text_shadow_horizontal_length=\u00a0\u00bbul_text_shadow_style,%91object Object%93&Prime; ul_text_shadow_vertical_length=\u00a0\u00bbul_text_shadow_style,%91object Object%93&Prime; ul_text_shadow_blur_strength=\u00a0\u00bbul_text_shadow_style,%91object Object%93&Prime; ol_text_shadow_horizontal_length=\u00a0\u00bbol_text_shadow_style,%91object Object%93&Prime; ol_text_shadow_vertical_length=\u00a0\u00bbol_text_shadow_style,%91object Object%93&Prime; ol_text_shadow_blur_strength=\u00a0\u00bbol_text_shadow_style,%91object Object%93&Prime; quote_text_shadow_horizontal_length=\u00a0\u00bbquote_text_shadow_style,%91object Object%93&Prime; quote_text_shadow_vertical_length=\u00a0\u00bbquote_text_shadow_style,%91object Object%93&Prime; quote_text_shadow_blur_strength=\u00a0\u00bbquote_text_shadow_style,%91object Object%93&Prime; header_text_shadow_horizontal_length=\u00a0\u00bbheader_text_shadow_style,%91object Object%93&Prime; header_text_shadow_vertical_length=\u00a0\u00bbheader_text_shadow_style,%91object Object%93&Prime; header_text_shadow_blur_strength=\u00a0\u00bbheader_text_shadow_style,%91object Object%93&Prime; header_2_text_shadow_horizontal_length=\u00a0\u00bbheader_2_text_shadow_style,%91object Object%93&Prime; header_2_text_shadow_vertical_length=\u00a0\u00bbheader_2_text_shadow_style,%91object Object%93&Prime; header_2_text_shadow_blur_strength=\u00a0\u00bbheader_2_text_shadow_style,%91object Object%93&Prime; header_3_text_shadow_horizontal_length=\u00a0\u00bbheader_3_text_shadow_style,%91object Object%93&Prime; header_3_text_shadow_vertical_length=\u00a0\u00bbheader_3_text_shadow_style,%91object Object%93&Prime; header_3_text_shadow_blur_strength=\u00a0\u00bbheader_3_text_shadow_style,%91object Object%93&Prime; header_4_text_shadow_horizontal_length=\u00a0\u00bbheader_4_text_shadow_style,%91object Object%93&Prime; header_4_text_shadow_vertical_length=\u00a0\u00bbheader_4_text_shadow_style,%91object Object%93&Prime; header_4_text_shadow_blur_strength=\u00a0\u00bbheader_4_text_shadow_style,%91object Object%93&Prime; header_5_text_shadow_horizontal_length=\u00a0\u00bbheader_5_text_shadow_style,%91object Object%93&Prime; header_5_text_shadow_vertical_length=\u00a0\u00bbheader_5_text_shadow_style,%91object Object%93&Prime; header_5_text_shadow_blur_strength=\u00a0\u00bbheader_5_text_shadow_style,%91object Object%93&Prime; header_6_text_shadow_horizontal_length=\u00a0\u00bbheader_6_text_shadow_style,%91object Object%93&Prime; header_6_text_shadow_vertical_length=\u00a0\u00bbheader_6_text_shadow_style,%91object Object%93&Prime; header_6_text_shadow_blur_strength=\u00a0\u00bbheader_6_text_shadow_style,%91object Object%93&Prime; z_index_tablet=\u00a0\u00bb500&Prime;]<\/p>\n<p>&nbsp;<\/p>\n<p>&nbsp;<\/p>\n<p>[\/et_pb_text][et_pb_toggle _builder_version=\u00a0\u00bb3.22.1&Prime; title=\u00a0\u00bbFrench Language Classes for Students of Universit\u00e9 Paris Cit\u00e9\u00a0\u00bb text_shadow_horizontal_length=\u00a0\u00bbtext_shadow_style,%91object Object%93&Prime; text_shadow_vertical_length=\u00a0\u00bbtext_shadow_style,%91object Object%93&Prime; text_shadow_blur_strength=\u00a0\u00bbtext_shadow_style,%91object Object%93&Prime; title_text_shadow_horizontal_length=\u00a0\u00bbtitle_text_shadow_style,%91object Object%93&Prime; title_text_shadow_vertical_length=\u00a0\u00bbtitle_text_shadow_style,%91object Object%93&Prime; title_text_shadow_blur_strength=\u00a0\u00bbtitle_text_shadow_style,%91object Object%93&Prime; body_text_shadow_horizontal_length=\u00a0\u00bbbody_text_shadow_style,%91object Object%93&Prime; body_text_shadow_vertical_length=\u00a0\u00bbbody_text_shadow_style,%91object Object%93&Prime; body_text_shadow_blur_strength=\u00a0\u00bbbody_text_shadow_style,%91object Object%93&Prime; z_index_tablet=\u00a0\u00bb500&Prime;]<\/p>\n<p>The French language classes have 5 levels, spanning the basic level (A1) to the advanced level (C1). These classes are available to students each semester (2 hours and\/or 4 hours per week\/semester) and are complete with continuous assessment.<\/p>\n<p><strong>Students of Universit\u00e9 Paris Cit\u00e9<\/strong> will be awarded university credits upon completion (3 ECTS per course or workshop).<\/p>\n<p>\u00a0<\/p>\n<h3>Registration<\/h3>\n<p><strong>Students of Universit\u00e9 Paris Cit\u00e9 (excluding doctoral candidates)<\/strong> are to register through <a href=\"https:\/\/wordpress-test.app.u-pariscite.fr\/eila\/lansad\/\">LANSAD in the EILA Department<\/a><\/p>\n<p><strong>Doctoral candidates at Universit\u00e9 Paris Cit\u00e9<\/strong> are to contact the D\u00e9partement de Formation des Doctorants: ced.formation.drive@wordpress-test.app.u-pariscite.fr. You can register for the French language course on the Am\u00e9this platform: <a href=\"https:\/\/tardis-ng.uspc.fr\/amethis-client\/formation\/gestion\/formation\/728\" target=\"_blank\" rel=\"noopener noreferrer\">https:\/\/tardis-ng.uspc.fr\/amethis-client\/formation\/gestion\/formation\/728<\/a><\/p>\n<p>[\/et_pb_toggle][et_pb_toggle _builder_version=\u00a0\u00bb3.22.1&Prime; title=\u00a0\u00bbFrench Language Courses for the General Public\u00a0\u00bb text_shadow_horizontal_length=\u00a0\u00bbtext_shadow_style,%91object Object%93&Prime; text_shadow_vertical_length=\u00a0\u00bbtext_shadow_style,%91object Object%93&Prime; text_shadow_blur_strength=\u00a0\u00bbtext_shadow_style,%91object Object%93&Prime; title_text_shadow_horizontal_length=\u00a0\u00bbtitle_text_shadow_style,%91object Object%93&Prime; title_text_shadow_vertical_length=\u00a0\u00bbtitle_text_shadow_style,%91object Object%93&Prime; title_text_shadow_blur_strength=\u00a0\u00bbtitle_text_shadow_style,%91object Object%93&Prime; body_text_shadow_horizontal_length=\u00a0\u00bbbody_text_shadow_style,%91object Object%93&Prime; body_text_shadow_vertical_length=\u00a0\u00bbbody_text_shadow_style,%91object Object%93&Prime; body_text_shadow_blur_strength=\u00a0\u00bbbody_text_shadow_style,%91object Object%93&Prime; z_index_tablet=\u00a0\u00bb500&Prime;]<\/p>\n<p>(excluding students and doctoral candidates of Universit\u00e9 Paris Cit\u00e9)<\/p>\n<p>Since this is a skills training program and not a degree, there are no administrative fees to be paid to the University, nor will a student card or proof of enrollment (<em>certificat de scolarit\u00e9<\/em>) be provided.<\/p>\n<p>At the end of the program, participants will receive a certificate of completion with the level attained.<\/p>\n<p>\u00a0<\/p>\n<h4>Course Content<\/h4>\n<p>The courses have 5 levels, from A1 to C1. The program uses blended learning and classes are given in face-to-face and\/or remote delivery at a rate of two classes maximum per week for the semester.<\/p>\n<p>\u00a0<\/p>\n<h4>Dates<\/h4>\n<p><strong>Provisional dates<\/strong> for the 2021-2022 academic year:<\/p>\n<ul>\n<li>from September 27 to December 17, 2021 (22\u00a0hrs. or 44\u00a0hrs.)<\/li>\n<li>from January 31 to May 6, 2022 (22\u00a0hrs. or 44\u00a0hrs.)<\/li>\n<\/ul>\n<p>\u00a0<\/p>\n<h4>Location<\/h4>\n<p>Universit\u00e9 Paris Cit\u00e9 (the former Universit\u00e9 Paris Diderot \u2013 Paris 7) \u2013 Paris Rive Gauche campus<\/p>\n<h4>Fees<\/h4>\n<p><strong>22 hours<\/strong> (1 class, 2\u00a0hrs.\/week): \u20ac250<\/p>\n<p>OR<\/p>\n<p><strong>44 hours<\/strong> (2 classes, 4\u00a0hrs.\/week): \u20ac500<\/p>\n<p>In the event that you will benefit from financial assistance (from a laboratory, a company, etc.), please contact us when you apply.<\/p>\n<h4>Registration<\/h4>\n<ol>\n<li>Create and activate your user account on the <a href=\"https:\/\/appt.parisdescartes.fr\/cgi-bin\/WebObjects\/CanditOnline.woa\">CanditOnline<\/a>\u00a0platform (accessible with Chrome and Mozilla)<\/li>\n<li>Carefully fill in your personal information and attach the required documents <strong>in PDF format only<\/strong>, such as <strong>both sides of your current ID<\/strong> (national ID card or passport)<\/li>\n<li>Click on \u201cMes candidatures\u201d (My Applications) then on \u201cNouvelle candidature\u201d (New Application)<\/li>\n<li>Select the relevant department of study and the type and name of the desired program Select payment method<\/li>\n<li>In order for the registration process to be completed, you will have to take a <strong>French placement test<\/strong> (the test is free and mandatory for all candidates)<\/li>\n<\/ol>\n<p><strong>Additional documentation:<\/strong><\/p>\n<ul>\n<li>if you will be receiving financial assistance: upload proof of financial coverage<\/li>\n<\/ul>\n<p><strong>INCOMPLETE APPLICATIONS WILL NOT BE ACCEPTED.<\/strong><\/p>\n<p><strong>NOTE: FOR JOB SEEKERS<\/strong>: on your CanditOnLine account, write your job seeker\u2019s number (<em>num\u00e9ro de demandeur d\u2019emploi<\/em>) and the name of your local unemployment branch, and select POLE EMPLOI as the method of payment.<\/p>\n<p><a href=\"https:\/\/appt.parisdescartes.fr\/cgi-bin\/WebObjects\/CanditOnline.woa\" target=\"_blank\" rel=\"noopener noreferrer\">CLICK HERE TO APPLY TO THE PROGRAM by logging on to CanditOnLine<\/a><\/p>\n<p>Contact: <a href=\"mailto:fle.eila@wordpress-test.app.u-pariscite.fr\">fle.eila@wordpress-test.app.u-pariscite.fr<\/a><\/p>\n<p>[\/et_pb_toggle][et_pb_text _builder_version=\u00a0\u00bb3.22.1&Prime; text_text_shadow_horizontal_length=\u00a0\u00bbtext_text_shadow_style,%91object Object%93&Prime; text_text_shadow_vertical_length=\u00a0\u00bbtext_text_shadow_style,%91object Object%93&Prime; text_text_shadow_blur_strength=\u00a0\u00bbtext_text_shadow_style,%91object Object%93&Prime; link_text_shadow_horizontal_length=\u00a0\u00bblink_text_shadow_style,%91object Object%93&Prime; link_text_shadow_vertical_length=\u00a0\u00bblink_text_shadow_style,%91object Object%93&Prime; link_text_shadow_blur_strength=\u00a0\u00bblink_text_shadow_style,%91object Object%93&Prime; ul_text_shadow_horizontal_length=\u00a0\u00bbul_text_shadow_style,%91object Object%93&Prime; ul_text_shadow_vertical_length=\u00a0\u00bbul_text_shadow_style,%91object Object%93&Prime; ul_text_shadow_blur_strength=\u00a0\u00bbul_text_shadow_style,%91object Object%93&Prime; ol_text_shadow_horizontal_length=\u00a0\u00bbol_text_shadow_style,%91object Object%93&Prime; ol_text_shadow_vertical_length=\u00a0\u00bbol_text_shadow_style,%91object Object%93&Prime; ol_text_shadow_blur_strength=\u00a0\u00bbol_text_shadow_style,%91object Object%93&Prime; quote_text_shadow_horizontal_length=\u00a0\u00bbquote_text_shadow_style,%91object Object%93&Prime; quote_text_shadow_vertical_length=\u00a0\u00bbquote_text_shadow_style,%91object Object%93&Prime; quote_text_shadow_blur_strength=\u00a0\u00bbquote_text_shadow_style,%91object Object%93&Prime; header_text_shadow_horizontal_length=\u00a0\u00bbheader_text_shadow_style,%91object Object%93&Prime; header_text_shadow_vertical_length=\u00a0\u00bbheader_text_shadow_style,%91object Object%93&Prime; header_text_shadow_blur_strength=\u00a0\u00bbheader_text_shadow_style,%91object Object%93&Prime; header_2_text_shadow_horizontal_length=\u00a0\u00bbheader_2_text_shadow_style,%91object Object%93&Prime; header_2_text_shadow_vertical_length=\u00a0\u00bbheader_2_text_shadow_style,%91object Object%93&Prime; header_2_text_shadow_blur_strength=\u00a0\u00bbheader_2_text_shadow_style,%91object Object%93&Prime; header_3_text_shadow_horizontal_length=\u00a0\u00bbheader_3_text_shadow_style,%91object Object%93&Prime; header_3_text_shadow_vertical_length=\u00a0\u00bbheader_3_text_shadow_style,%91object Object%93&Prime; header_3_text_shadow_blur_strength=\u00a0\u00bbheader_3_text_shadow_style,%91object Object%93&Prime; header_4_text_shadow_horizontal_length=\u00a0\u00bbheader_4_text_shadow_style,%91object Object%93&Prime; header_4_text_shadow_vertical_length=\u00a0\u00bbheader_4_text_shadow_style,%91object Object%93&Prime; header_4_text_shadow_blur_strength=\u00a0\u00bbheader_4_text_shadow_style,%91object Object%93&Prime; header_5_text_shadow_horizontal_length=\u00a0\u00bbheader_5_text_shadow_style,%91object Object%93&Prime; header_5_text_shadow_vertical_length=\u00a0\u00bbheader_5_text_shadow_style,%91object Object%93&Prime; header_5_text_shadow_blur_strength=\u00a0\u00bbheader_5_text_shadow_style,%91object Object%93&Prime; header_6_text_shadow_horizontal_length=\u00a0\u00bbheader_6_text_shadow_style,%91object Object%93&Prime; header_6_text_shadow_vertical_length=\u00a0\u00bbheader_6_text_shadow_style,%91object Object%93&Prime; header_6_text_shadow_blur_strength=\u00a0\u00bbheader_6_text_shadow_style,%91object Object%93&Prime; z_index_tablet=\u00a0\u00bb500&Prime;]<\/p>\n<h2>\u00a0<\/h2>\n<h3>FLE Course Descriptions (in French)<\/h3>\n<p>C1 Current Events : <a href=\"https:\/\/wordpress-test.app.u-pariscite.fr\/eila\/wp-content\/uploads\/sites\/42\/2021\/07\/Fiche-Actualite%CC%81s-C1.pdf\" target=\"_blank\" rel=\"noopener noreferrer\">Description of C1 Current Events<\/a><br \/>B2 Writing Workshop (semester 1) : <a href=\"https:\/\/wordpress-test.app.u-pariscite.fr\/eila\/wp-content\/uploads\/sites\/42\/2021\/07\/Fiche-Atelier-de%CC%81criture-B2-semestre-1.pdf\" target=\"_blank\" rel=\"noopener noreferrer\">Description of B2 Writing Workshop (semester 1)<\/a><br \/>B2-C1 Cinema : <a href=\"https:\/\/wordpress-test.app.u-pariscite.fr\/eila\/wp-content\/uploads\/sites\/42\/2021\/07\/Fiche-Cine%CC%81ma-B2-C1.pdf\" target=\"_blank\" rel=\"noopener noreferrer\">Description of B2-C1 Cinema<\/a><br \/>B1-B2 Culture and Civilization : <a href=\"https:\/\/wordpress-test.app.u-pariscite.fr\/eila\/wp-content\/uploads\/sites\/42\/2021\/07\/Fiche-Culture-et-Civilisation-B1B2.pdf\" target=\"_blank\" rel=\"noopener noreferrer\">Description of B1-B2 Culture and Civilization<\/a><br \/>B1 Writing Class : <a href=\"https:\/\/wordpress-test.app.u-pariscite.fr\/eila\/wp-content\/uploads\/sites\/42\/2021\/07\/Fiche-Ecrit-B1.pdf\" target=\"_blank\" rel=\"noopener noreferrer\">Description of B1 Writing Class<\/a><br \/>B2 Writing Class (semester 2) : <a href=\"https:\/\/wordpress-test.app.u-pariscite.fr\/eila\/wp-content\/uploads\/sites\/42\/2021\/07\/Fiche-Ecrit-B2-semestre-2.pdf\" target=\"_blank\" rel=\"noopener noreferrer\">Description of B2 Writing Class (semester 2)<\/a><br \/>A1 FLE : <a href=\"https:\/\/wordpress-test.app.u-pariscite.fr\/eila\/wp-content\/uploads\/sites\/42\/2021\/07\/Fiche-FLE-niveau-A1.pdf\" target=\"_blank\" rel=\"noopener noreferrer\">Description of A1 FLE<\/a><br \/>A2 FLE : <a href=\"https:\/\/wordpress-test.app.u-pariscite.fr\/eila\/wp-content\/uploads\/sites\/42\/2021\/07\/Fiche-FLE-niveau-A2.pdf\" target=\"_blank\" rel=\"noopener noreferrer\">Description of A2 FLE<\/a><br \/>B1 Grammar : <a href=\"https:\/\/wordpress-test.app.u-pariscite.fr\/eila\/wp-content\/uploads\/sites\/42\/2021\/07\/Fiche-Grammaire-B1.pdf\" target=\"_blank\" rel=\"noopener noreferrer\">Description of B1 Grammar<\/a><br \/>B2 Grammar : <a href=\"https:\/\/wordpress-test.app.u-pariscite.fr\/eila\/wp-content\/uploads\/sites\/42\/2021\/07\/Fiche-Grammaire-B2.pdf\" target=\"_blank\" rel=\"noopener noreferrer\">Description of B2 Grammar<\/a><br \/>C1 Grammar : <a href=\"https:\/\/wordpress-test.app.u-pariscite.fr\/eila\/wp-content\/uploads\/sites\/42\/2021\/07\/Fiche-Grammaire-C1.pdf\" target=\"_blank\" rel=\"noopener noreferrer\">Description of C1 Grammar<\/a><br \/>B1 Oral : <a href=\"https:\/\/wordpress-test.app.u-pariscite.fr\/eila\/wp-content\/uploads\/sites\/42\/2021\/07\/Fiche-Oral-B1.pdf\" target=\"_blank\" rel=\"noopener noreferrer\">Description of B1 Oral<\/a><br \/>B2 Oral : <a href=\"https:\/\/wordpress-test.app.u-pariscite.fr\/eila\/wp-content\/uploads\/sites\/42\/2021\/07\/Fiche-Oral-B2.pdf\" target=\"_blank\" rel=\"noopener noreferrer\">Description of B2 Oral<\/a><br \/>C1 Argumentative Texts : <a href=\"https:\/\/wordpress-test.app.u-pariscite.fr\/eila\/wp-content\/uploads\/sites\/42\/2021\/07\/Fiche-Textes-argumentatifs-C1.pdf\" target=\"_blank\" rel=\"noopener noreferrer\">Description of C1 Argumentative Texts<\/a><\/p>\n<p>&nbsp;<\/p>\n<blockquote>\n<p>The EILA Department also offers an Intensive <a href=\"https:\/\/wordpress-test.app.u-pariscite.fr\/eila\/en\/intensive-course-in-french-language-and-civilization-silc\/\">Course in French Language and Civilization<\/a><\/p>\n<\/blockquote>\n<p>[\/et_pb_text][\/et_pb_column][et_pb_column type=\u00a0\u00bb1_4&Prime;][\/et_pb_column][\/et_pb_row][\/et_pb_section]<\/p>\n","protected":false},"excerpt":{"rendered":"<div class=\"et_pb_row et_pb_row_0 et_pb_row_empty\"><\/div>\n<div class=\"et_pb_row et_pb_row_1 et_pb_row_empty\"><\/div>\n<p> The EILA Department offers French language classes each semester to university students and the general public. <\/p>\n<div class=\"et_pb_row et_pb_row_2 et_pb_row_empty\"><\/div>\n<p> &nbsp; &nbsp; The French language classes have 5 levels, spanning the basic level (A1) to the advanced level (C1). These classes are available to students each semester (2 hours and\/or 4 hours per week\/semester) and are complete&hellip; <a class=\"continue\" href=\"https:\/\/wordpress-test.app.u-pariscite.fr\/eila\/en\/french-as-a-foreign-language-fle\/\">Lire la suite<span> French as a Foreign Language \u2013 FLE<\/span><\/a><\/p>\n","protected":false},"author":248,"featured_media":0,"parent":0,"menu_order":0,"comment_status":"closed","ping_status":"closed","template":"","meta":{"_et_pb_use_builder":"on","_et_pb_old_content":"","_et_gb_content_width":"","footnotes":""},"class_list":["post-2571","page","type-page","status-publish","hentry"],"_links":{"self":[{"href":"https:\/\/wordpress-test.app.u-pariscite.fr\/eila\/wp-json\/wp\/v2\/pages\/2571","targetHints":{"allow":["GET"]}}],"collection":[{"href":"https:\/\/wordpress-test.app.u-pariscite.fr\/eila\/wp-json\/wp\/v2\/pages"}],"about":[{"href":"https:\/\/wordpress-test.app.u-pariscite.fr\/eila\/wp-json\/wp\/v2\/types\/page"}],"author":[{"embeddable":true,"href":"https:\/\/wordpress-test.app.u-pariscite.fr\/eila\/wp-json\/wp\/v2\/users\/248"}],"replies":[{"embeddable":true,"href":"https:\/\/wordpress-test.app.u-pariscite.fr\/eila\/wp-json\/wp\/v2\/comments?post=2571"}],"version-history":[{"count":7,"href":"https:\/\/wordpress-test.app.u-pariscite.fr\/eila\/wp-json\/wp\/v2\/pages\/2571\/revisions"}],"predecessor-version":[{"id":2945,"href":"https:\/\/wordpress-test.app.u-pariscite.fr\/eila\/wp-json\/wp\/v2\/pages\/2571\/revisions\/2945"}],"wp:attachment":[{"href":"https:\/\/wordpress-test.app.u-pariscite.fr\/eila\/wp-json\/wp\/v2\/media?parent=2571"}],"curies":[{"name":"wp","href":"https:\/\/api.w.org\/{rel}","templated":true}]}}