{"id":234,"date":"2021-05-26T12:55:13","date_gmt":"2021-05-26T10:55:13","guid":{"rendered":"https:\/\/wordpress-test.app.u-pariscite.fr\/eila\/?page_id=234"},"modified":"2023-04-17T13:40:32","modified_gmt":"2023-04-17T11:40:32","slug":"description-membres-conseil-scientifique","status":"publish","type":"page","link":"https:\/\/wordpress-test.app.u-pariscite.fr\/eila\/description-membres-conseil-scientifique\/","title":{"rendered":"Liste des membres du conseil scientifique"},"content":{"rendered":"<p>[et_pb_section fb_built=\u00a0\u00bb1&Prime; _builder_version=\u00a0\u00bb3.22&Prime;][et_pb_row _builder_version=\u00a0\u00bb3.22&Prime; background_size=\u00a0\u00bbinitial\u00a0\u00bb background_position=\u00a0\u00bbtop_left\u00a0\u00bb background_repeat=\u00a0\u00bbrepeat\u00a0\u00bb][et_pb_column type=\u00a0\u00bb4_4&Prime; _builder_version=\u00a0\u00bb3.0.47&Prime;][et_pb_post_title meta=\u00a0\u00bboff\u00a0\u00bb featured_image=\u00a0\u00bboff\u00a0\u00bb admin_label=\u00a0\u00bbTitre de la page\u00a0\u00bb _builder_version=\u00a0\u00bb3.19.11&Prime;][\/et_pb_post_title][\/et_pb_column][\/et_pb_row][et_pb_row _builder_version=\u00a0\u00bb3.22&Prime; background_size=\u00a0\u00bbinitial\u00a0\u00bb background_position=\u00a0\u00bbtop_left\u00a0\u00bb background_repeat=\u00a0\u00bbrepeat\u00a0\u00bb][et_pb_column type=\u00a0\u00bb3_4&Prime; _builder_version=\u00a0\u00bb3.0.47&Prime;][et_pb_text module_id=\u00a0\u00bbcontenu\u00a0\u00bb _builder_version=\u00a0\u00bb3.22.1&Prime; z_index_tablet=\u00a0\u00bb500&Prime;]<\/p>\n<h4 id=\"presidente_du_conseil\">&gt; Pr\u00e9sidente du conseil<\/h4>\n<div class=\"level4\">\n<ul>\n<li class=\"level1\">\n<div class=\"li\">Fran\u00e7oise Richer-Rossi (par int\u00e9rim)<\/div>\n<\/li>\n<\/ul>\n<\/div>\n<h4 id=\"membres_de_droit1\">&gt; Membres votants<\/h4>\n<p>Coll\u00e8ge A :<\/p>\n<div class=\"level4\">\n<ul>\n<li class=\"level1\">\n<div class=\"li\">Jean-Michel Benayoun<\/div>\n<\/li>\n<li>Florence Binard<\/li>\n<li class=\"level1\">\n<div class=\"li\">Nicolas Fr\u0153liger<\/div>\n<\/li>\n<li class=\"level1\">\n<div class=\"li\">Natalie K\u00fcbler<\/div>\n<\/li>\n<li class=\"level1\">\n<div class=\"li\">Christopher Gledhill<\/div>\n<\/li>\n<li class=\"level1\">\n<div class=\"li\">Patrick Farges<\/div>\n<\/li>\n<li>Mojca Pecman<\/li>\n<li>Elisabeth Navarro<\/li>\n<li>Fran\u00e7oise Richer-Rossi<\/li>\n<\/ul>\n<p>Coll\u00e8ge B :<\/p>\n<\/div>\n<div class=\"level4\">\n<ul>\n<li class=\"level1\">\n<div class=\"li\">Marine Le Puloch<\/div>\n<\/li>\n<li class=\"level1\">\n<div class=\"li\">St\u00e9phane Patin<\/div>\n<\/li>\n<li class=\"level1\">\n<div class=\"li\">Maria-Laura Reali<\/div>\n<\/li>\n<li class=\"level1\">\n<div class=\"li\">Jean-Philippe Zouogbo<\/div>\n<\/li>\n<\/ul>\n<\/div>\n<h4 id=\"membres_de_droit\">&gt; Autres membres (sans voix d\u00e9lib\u00e9rative)<\/h4>\n<div class=\"level4\">\n<div class=\"li\">\n<div class=\"level4\">\n<p>Direction de l&rsquo;UFR :<\/p>\n<ul>\n<li>Isabelle Lhoumeau, Responsable administrative de l&rsquo;UFR<\/li>\n<li>Fanny Es Sayed, Assistante de direction de l&rsquo;UFR<\/li>\n<\/ul>\n<div class=\"level4\">\n<p>Invit\u00e9s permanents :<\/p>\n<\/div>\n<div class=\"level4\">\n<ul>\n<li class=\"level1\">\n<div class=\"li\">Anne L\u00e9gier, Directrice adjointe du laboratoire ICT<\/div>\n<\/li>\n<\/ul>\n<\/div>\n<\/div>\n<\/div>\n<\/div>\n<p>[\/et_pb_text][\/et_pb_column][et_pb_column type=\u00a0\u00bb1_4&Prime; _builder_version=\u00a0\u00bb3.0.47&Prime;][\/et_pb_column][\/et_pb_row][\/et_pb_section][et_pb_section fb_built=\u00a0\u00bb1&Prime; _builder_version=\u00a0\u00bb3.22&Prime; custom_padding=\u00a0\u00bb0px||0px|\u00a0\u00bb][et_pb_row _builder_version=\u00a0\u00bb3.22&Prime;][et_pb_column type=\u00a0\u00bb4_4&Prime; _builder_version=\u00a0\u00bb3.0.47&Prime;][et_pb_text admin_label=\u00a0\u00bb\u00c0 lire aussi\u00a0\u00bb _builder_version=\u00a0\u00bb3.21&Prime;]<\/p>\n<h2><span class=\"st\">\u00c0<\/span> lire aussi<\/h2>\n<p>[\/et_pb_text][et_pb_blog posts_number=\u00a0\u00bb4&Prime; include_categories=\u00a0\u00bb13&Prime; show_author=\u00a0\u00bboff\u00a0\u00bb show_date=\u00a0\u00bboff\u00a0\u00bb show_pagination=\u00a0\u00bboff\u00a0\u00bb module_id=\u00a0\u00bbpage_type_blog\u00a0\u00bb _builder_version=\u00a0\u00bb3.21&Prime; header_level=\u00a0\u00bbh4&Prime; border_width_bottom_fullwidth=\u00a0\u00bb1px\u00a0\u00bb border_color_bottom_fullwidth=\u00a0\u00bbrgba(51,51,51,0.18)\u00a0\u00bb custom_padding=\u00a0\u00bb||50px|\u00a0\u00bb][\/et_pb_blog][\/et_pb_column][\/et_pb_row][\/et_pb_section]<\/p>\n","protected":false},"excerpt":{"rendered":"<p>&gt; Pr\u00e9sidente du conseil Fran\u00e7oise Richer-Rossi (par int\u00e9rim) &gt; Membres votants Coll\u00e8ge A : Jean-Michel Benayoun Florence Binard Nicolas Fr\u0153liger Natalie K\u00fcbler Christopher Gledhill Patrick Farges Mojca Pecman Elisabeth Navarro Fran\u00e7oise Richer-Rossi Coll\u00e8ge B : Marine Le Puloch St\u00e9phane Patin Maria-Laura Reali Jean-Philippe Zouogbo &gt; Autres membres (sans voix d\u00e9lib\u00e9rative) Direction de l&rsquo;UFR : Isabelle&hellip; <a class=\"continue\" href=\"https:\/\/wordpress-test.app.u-pariscite.fr\/eila\/description-membres-conseil-scientifique\/\">Lire la suite<span> Liste des membres du conseil scientifique<\/span><\/a><\/p>\n","protected":false},"author":248,"featured_media":0,"parent":0,"menu_order":0,"comment_status":"closed","ping_status":"closed","template":"","meta":{"_et_pb_use_builder":"on","_et_pb_old_content":"","_et_gb_content_width":"","footnotes":""},"class_list":["post-234","page","type-page","status-publish","hentry"],"_links":{"self":[{"href":"https:\/\/wordpress-test.app.u-pariscite.fr\/eila\/wp-json\/wp\/v2\/pages\/234","targetHints":{"allow":["GET"]}}],"collection":[{"href":"https:\/\/wordpress-test.app.u-pariscite.fr\/eila\/wp-json\/wp\/v2\/pages"}],"about":[{"href":"https:\/\/wordpress-test.app.u-pariscite.fr\/eila\/wp-json\/wp\/v2\/types\/page"}],"author":[{"embeddable":true,"href":"https:\/\/wordpress-test.app.u-pariscite.fr\/eila\/wp-json\/wp\/v2\/users\/248"}],"replies":[{"embeddable":true,"href":"https:\/\/wordpress-test.app.u-pariscite.fr\/eila\/wp-json\/wp\/v2\/comments?post=234"}],"version-history":[{"count":14,"href":"https:\/\/wordpress-test.app.u-pariscite.fr\/eila\/wp-json\/wp\/v2\/pages\/234\/revisions"}],"predecessor-version":[{"id":4042,"href":"https:\/\/wordpress-test.app.u-pariscite.fr\/eila\/wp-json\/wp\/v2\/pages\/234\/revisions\/4042"}],"wp:attachment":[{"href":"https:\/\/wordpress-test.app.u-pariscite.fr\/eila\/wp-json\/wp\/v2\/media?parent=234"}],"curies":[{"name":"wp","href":"https:\/\/api.w.org\/{rel}","templated":true}]}}