{"id":224,"date":"2021-05-26T12:44:40","date_gmt":"2021-05-26T10:44:40","guid":{"rendered":"https:\/\/wordpress-test.app.u-pariscite.fr\/eila\/?page_id=224"},"modified":"2023-01-30T11:05:25","modified_gmt":"2023-01-30T10:05:25","slug":"description-membres-gestion","status":"publish","type":"page","link":"https:\/\/wordpress-test.app.u-pariscite.fr\/eila\/description-membres-gestion\/","title":{"rendered":"Liste des membres du conseil de gestion"},"content":{"rendered":"<p>[et_pb_section fb_built=\u00a0\u00bb1&Prime; _builder_version=\u00a0\u00bb3.22&Prime;][et_pb_row _builder_version=\u00a0\u00bb3.22&Prime; background_size=\u00a0\u00bbinitial\u00a0\u00bb background_position=\u00a0\u00bbtop_left\u00a0\u00bb background_repeat=\u00a0\u00bbrepeat\u00a0\u00bb][et_pb_column type=\u00a0\u00bb4_4&Prime; _builder_version=\u00a0\u00bb3.0.47&Prime;][et_pb_post_title meta=\u00a0\u00bboff\u00a0\u00bb featured_image=\u00a0\u00bboff\u00a0\u00bb admin_label=\u00a0\u00bbTitre de la page\u00a0\u00bb _builder_version=\u00a0\u00bb3.22.1&Prime;][\/et_pb_post_title][\/et_pb_column][\/et_pb_row][et_pb_row _builder_version=\u00a0\u00bb3.22&Prime; background_size=\u00a0\u00bbinitial\u00a0\u00bb background_position=\u00a0\u00bbtop_left\u00a0\u00bb background_repeat=\u00a0\u00bbrepeat\u00a0\u00bb][et_pb_column type=\u00a0\u00bb3_4&Prime; _builder_version=\u00a0\u00bb3.0.47&Prime;][et_pb_text module_id=\u00a0\u00bbcontenu\u00a0\u00bb _builder_version=\u00a0\u00bb3.22.1&Prime; z_index_tablet=\u00a0\u00bb500&Prime;]<\/p>\n<h4><\/h4>\n<h4 id=\"president_du_conseil\">&gt; Pr\u00e9sident du conseil<\/h4>\n<div class=\"level4\">\n<ul>\n<li class=\"level1\">\n<div class=\"li\">St\u00e9phane Patin<\/div>\n<\/li>\n<\/ul>\n<\/div>\n<h4 id=\"membres_elus\">&gt; Membres votants<\/h4>\n<div class=\"level4\">\n<p>Enseignants et Enseignants-Chercheurs :<\/p>\n<ul>\n<li class=\"level1\">\n<div class=\"li\">Florence Binard (coll\u00e8ge A)<\/div>\n<\/li>\n<li class=\"level1\">\n<div class=\"li\">Lucr\u00e8ce Friess (coll\u00e8ge B)<\/div>\n<\/li>\n<li class=\"level1\">\n<div class=\"li\">Nicolas Fr\u0153liger (coll\u00e8ge A)<\/div>\n<\/li>\n<li class=\"level1\">\n<div class=\"li\">Christopher Gledhill (coll\u00e8ge A)<\/div>\n<\/li>\n<li>Clive Hamilton (coll\u00e8ge B)<\/li>\n<li class=\"level1\">\n<div class=\"li\">Natalie K\u00fcbler (coll\u00e8ge A)<\/div>\n<\/li>\n<li class=\"level1\">\n<div class=\"li\">St\u00e9phane Patin (coll\u00e8ge B)<\/div>\n<\/li>\n<li class=\"level1\">Ismael Ramos (coll\u00e8ge B)<\/li>\n<\/ul>\n<p>Personnels BIATSS :<\/p>\n<ul>\n<li class=\"level1\">\n<div class=\"li\">Ouarda Arzour<\/div>\n<\/li>\n<li class=\"level1\">\n<div class=\"li\">Isabelle Caron<\/div>\n<\/li>\n<li class=\"level1\">\n<div class=\"li\">Omar Fellah<\/div>\n<\/li>\n<\/ul>\n<p>Etudiants :<\/p>\n<ul>\n<li class=\"level1\">\n<div class=\"li\">Titulaires : si\u00e8ges vacants<\/div>\n<\/li>\n<li class=\"level1\">\n<div class=\"li\">Suppl\u00e9ants : si\u00e8ges vacants<\/div>\n<\/li>\n<\/ul>\n<\/div>\n<p>Personnalit\u00e9s ext\u00e9rieures d\u00e9sign\u00e9es :<\/p>\n<div class=\"level4\">\n<ul>\n<li class=\"level1\">\n<div class=\"li\">Marie-Laure Laville<\/div>\n<\/li>\n<li class=\"level1\">\n<div class=\"li\">Louis Morales-Chanard<\/div>\n<\/li>\n<li class=\"level1\">\n<div class=\"li\">Hugues Pouy\u00e9<\/div>\n<\/li>\n<\/ul>\n<\/div>\n<h4 id=\"membres_de_droit\">&gt; Autres membres (sans voix d\u00e9lib\u00e9rative)<\/h4>\n<p>Membres de droit :<\/p>\n<div class=\"level4\">\n<ul>\n<li class=\"level1\">\n<div class=\"li\">Christian Camou (Directeur du D\u00e9partement LANSAD)<\/div>\n<\/li>\n<\/ul>\n<\/div>\n<p>Direction de l&rsquo;UFR :<\/p>\n<ul>\n<li>Isabelle Lhoumeau, Responsable administrative de l&rsquo;UFR<\/li>\n<li>Fanny Es Sayed, Assistante de direction de l&rsquo;UFR<\/li>\n<\/ul>\n<div class=\"level4\">\n<p>Invit\u00e9s permanents :<\/p>\n<\/div>\n<div class=\"level4\">\n<ul>\n<li class=\"level1\">\n<div class=\"li\">Olivier Delestre, Responsable de la mention de licence LEA<\/div>\n<\/li>\n<li>Maria Zimina-Poirot, Co-responsable p\u00e9dagogique du Master ILTS<\/li>\n<li class=\"level1\">\n<div class=\"li\">Elisabeth Navarro, Co-responsable p\u00e9dagogique du Master LISI<\/div>\n<\/li>\n<li>Jean-Michel Benayoun, Co-responsable p\u00e9dagogique du Master LISI<\/li>\n<li>Patricia Minacori, Responsable p\u00e9dagogique de la L3pro RT et du Master CTM<\/li>\n<li class=\"level1\">\n<div class=\"li\">Jun Liu, Responsable des \u00e9tudes de chinois<\/div>\n<\/li>\n<li class=\"level1\">\n<div class=\"li\">Julien Martine, Responsable des \u00e9tudes de japonais<\/div>\n<\/li>\n<li class=\"level1\">\n<div class=\"li\">Anne L\u00e9gier, Directrice adjointe du laboratoire ICT<\/div>\n<\/li>\n<li class=\"level1\">\n<div class=\"li\">Val\u00e9rie Godel, Responsable administrative du D\u00e9partement Formation Continue et Professionnelle<\/div>\n<\/li>\n<li class=\"level1\">\n<div class=\"li\">Christelle Muret, Responsable de la scolarit\u00e9 du D\u00e9partement Langues Appliqu\u00e9es<\/div>\n<\/li>\n<\/ul>\n<\/div>\n<p>[\/et_pb_text][\/et_pb_column][et_pb_column type=\u00a0\u00bb1_4&Prime; _builder_version=\u00a0\u00bb3.0.47&Prime;][\/et_pb_column][\/et_pb_row][\/et_pb_section][et_pb_section fb_built=\u00a0\u00bb1&Prime; _builder_version=\u00a0\u00bb3.22&Prime; custom_padding=\u00a0\u00bb0px||0px|\u00a0\u00bb][et_pb_row _builder_version=\u00a0\u00bb3.22&Prime;][et_pb_column type=\u00a0\u00bb4_4&Prime; _builder_version=\u00a0\u00bb3.0.47&Prime;][et_pb_text admin_label=\u00a0\u00bb\u00c0 lire aussi\u00a0\u00bb _builder_version=\u00a0\u00bb3.21&Prime;]<\/p>\n<h2><span class=\"st\">\u00c0<\/span> lire aussi<\/h2>\n<p>[\/et_pb_text][et_pb_blog posts_number=\u00a0\u00bb4&Prime; include_categories=\u00a0\u00bb13&Prime; show_author=\u00a0\u00bboff\u00a0\u00bb show_date=\u00a0\u00bboff\u00a0\u00bb show_pagination=\u00a0\u00bboff\u00a0\u00bb module_id=\u00a0\u00bbpage_type_blog\u00a0\u00bb _builder_version=\u00a0\u00bb3.21&Prime; header_level=\u00a0\u00bbh4&Prime; border_width_bottom_fullwidth=\u00a0\u00bb1px\u00a0\u00bb border_color_bottom_fullwidth=\u00a0\u00bbrgba(51,51,51,0.18)\u00a0\u00bb custom_padding=\u00a0\u00bb||50px|\u00a0\u00bb][\/et_pb_blog][\/et_pb_column][\/et_pb_row][\/et_pb_section]<\/p>\n","protected":false},"excerpt":{"rendered":"<p>&gt; Pr\u00e9sident du conseil St\u00e9phane Patin &gt; Membres votants Enseignants et Enseignants-Chercheurs : Florence Binard (coll\u00e8ge A) Lucr\u00e8ce Friess (coll\u00e8ge B) Nicolas Fr\u0153liger (coll\u00e8ge A) Christopher Gledhill (coll\u00e8ge A) Clive Hamilton (coll\u00e8ge B) Natalie K\u00fcbler (coll\u00e8ge A) St\u00e9phane Patin (coll\u00e8ge B) Ismael Ramos (coll\u00e8ge B) Personnels BIATSS : Ouarda Arzour Isabelle Caron Omar Fellah Etudiants&hellip; <a class=\"continue\" href=\"https:\/\/wordpress-test.app.u-pariscite.fr\/eila\/description-membres-gestion\/\">Lire la suite<span> Liste des membres du conseil de gestion<\/span><\/a><\/p>\n","protected":false},"author":248,"featured_media":0,"parent":0,"menu_order":0,"comment_status":"closed","ping_status":"closed","template":"","meta":{"_et_pb_use_builder":"on","_et_pb_old_content":"","_et_gb_content_width":"","footnotes":""},"class_list":["post-224","page","type-page","status-publish","hentry"],"_links":{"self":[{"href":"https:\/\/wordpress-test.app.u-pariscite.fr\/eila\/wp-json\/wp\/v2\/pages\/224","targetHints":{"allow":["GET"]}}],"collection":[{"href":"https:\/\/wordpress-test.app.u-pariscite.fr\/eila\/wp-json\/wp\/v2\/pages"}],"about":[{"href":"https:\/\/wordpress-test.app.u-pariscite.fr\/eila\/wp-json\/wp\/v2\/types\/page"}],"author":[{"embeddable":true,"href":"https:\/\/wordpress-test.app.u-pariscite.fr\/eila\/wp-json\/wp\/v2\/users\/248"}],"replies":[{"embeddable":true,"href":"https:\/\/wordpress-test.app.u-pariscite.fr\/eila\/wp-json\/wp\/v2\/comments?post=224"}],"version-history":[{"count":17,"href":"https:\/\/wordpress-test.app.u-pariscite.fr\/eila\/wp-json\/wp\/v2\/pages\/224\/revisions"}],"predecessor-version":[{"id":3742,"href":"https:\/\/wordpress-test.app.u-pariscite.fr\/eila\/wp-json\/wp\/v2\/pages\/224\/revisions\/3742"}],"wp:attachment":[{"href":"https:\/\/wordpress-test.app.u-pariscite.fr\/eila\/wp-json\/wp\/v2\/media?parent=224"}],"curies":[{"name":"wp","href":"https:\/\/api.w.org\/{rel}","templated":true}]}}