{"id":1389,"date":"2021-07-05T09:43:08","date_gmt":"2021-07-05T07:43:08","guid":{"rendered":"https:\/\/wordpress-test.app.u-pariscite.fr\/eila\/?page_id=1389"},"modified":"2023-05-09T16:20:51","modified_gmt":"2023-05-09T14:20:51","slug":"rencontres-de-linterculturel","status":"publish","type":"page","link":"https:\/\/wordpress-test.app.u-pariscite.fr\/eila\/rencontres-de-linterculturel\/","title":{"rendered":"Les rencontres de l&rsquo;interculturel"},"content":{"rendered":"<p>[et_pb_section bb_built=\u00a0\u00bb1&Prime; next_background_color=\u00a0\u00bb#000000&Prime; inner_width=\u00a0\u00bbauto\u00a0\u00bb inner_max_width=\u00a0\u00bbnone\u00a0\u00bb][et_pb_row][et_pb_column type=\u00a0\u00bb4_4&Prime;][et_pb_post_title admin_label=\u00a0\u00bbTitre de la page\u00a0\u00bb _builder_version=\u00a0\u00bb3.19.11&Prime; meta=\u00a0\u00bboff\u00a0\u00bb featured_image=\u00a0\u00bboff\u00a0\u00bb \/][\/et_pb_column][\/et_pb_row][et_pb_row][et_pb_column type=\u00a0\u00bb3_4&Prime;][et_pb_text _builder_version=\u00a0\u00bb3.22.1&Prime; module_id=\u00a0\u00bbcontenu\u00a0\u00bb text_text_shadow_horizontal_length=\u00a0\u00bbtext_text_shadow_style,%91object Object%93&Prime; text_text_shadow_vertical_length=\u00a0\u00bbtext_text_shadow_style,%91object Object%93&Prime; text_text_shadow_blur_strength=\u00a0\u00bbtext_text_shadow_style,%91object Object%93&Prime; link_text_shadow_horizontal_length=\u00a0\u00bblink_text_shadow_style,%91object Object%93&Prime; link_text_shadow_vertical_length=\u00a0\u00bblink_text_shadow_style,%91object Object%93&Prime; link_text_shadow_blur_strength=\u00a0\u00bblink_text_shadow_style,%91object Object%93&Prime; ul_text_shadow_horizontal_length=\u00a0\u00bbul_text_shadow_style,%91object Object%93&Prime; ul_text_shadow_vertical_length=\u00a0\u00bbul_text_shadow_style,%91object Object%93&Prime; ul_text_shadow_blur_strength=\u00a0\u00bbul_text_shadow_style,%91object Object%93&Prime; ol_text_shadow_horizontal_length=\u00a0\u00bbol_text_shadow_style,%91object Object%93&Prime; ol_text_shadow_vertical_length=\u00a0\u00bbol_text_shadow_style,%91object Object%93&Prime; ol_text_shadow_blur_strength=\u00a0\u00bbol_text_shadow_style,%91object Object%93&Prime; quote_text_shadow_horizontal_length=\u00a0\u00bbquote_text_shadow_style,%91object Object%93&Prime; quote_text_shadow_vertical_length=\u00a0\u00bbquote_text_shadow_style,%91object Object%93&Prime; quote_text_shadow_blur_strength=\u00a0\u00bbquote_text_shadow_style,%91object Object%93&Prime; header_text_shadow_horizontal_length=\u00a0\u00bbheader_text_shadow_style,%91object Object%93&Prime; header_text_shadow_vertical_length=\u00a0\u00bbheader_text_shadow_style,%91object Object%93&Prime; header_text_shadow_blur_strength=\u00a0\u00bbheader_text_shadow_style,%91object Object%93&Prime; header_2_text_shadow_horizontal_length=\u00a0\u00bbheader_2_text_shadow_style,%91object Object%93&Prime; header_2_text_shadow_vertical_length=\u00a0\u00bbheader_2_text_shadow_style,%91object Object%93&Prime; header_2_text_shadow_blur_strength=\u00a0\u00bbheader_2_text_shadow_style,%91object Object%93&Prime; header_3_text_shadow_horizontal_length=\u00a0\u00bbheader_3_text_shadow_style,%91object Object%93&Prime; header_3_text_shadow_vertical_length=\u00a0\u00bbheader_3_text_shadow_style,%91object Object%93&Prime; header_3_text_shadow_blur_strength=\u00a0\u00bbheader_3_text_shadow_style,%91object Object%93&Prime; header_4_text_shadow_horizontal_length=\u00a0\u00bbheader_4_text_shadow_style,%91object Object%93&Prime; header_4_text_shadow_vertical_length=\u00a0\u00bbheader_4_text_shadow_style,%91object Object%93&Prime; header_4_text_shadow_blur_strength=\u00a0\u00bbheader_4_text_shadow_style,%91object Object%93&Prime; header_5_text_shadow_horizontal_length=\u00a0\u00bbheader_5_text_shadow_style,%91object Object%93&Prime; header_5_text_shadow_vertical_length=\u00a0\u00bbheader_5_text_shadow_style,%91object Object%93&Prime; header_5_text_shadow_blur_strength=\u00a0\u00bbheader_5_text_shadow_style,%91object Object%93&Prime; header_6_text_shadow_horizontal_length=\u00a0\u00bbheader_6_text_shadow_style,%91object Object%93&Prime; header_6_text_shadow_vertical_length=\u00a0\u00bbheader_6_text_shadow_style,%91object Object%93&Prime; header_6_text_shadow_blur_strength=\u00a0\u00bbheader_6_text_shadow_style,%91object Object%93&Prime; z_index_tablet=\u00a0\u00bb500&Prime;]<\/p>\n<div class=\"page\" title=\"Page 1\">\n<div class=\"layoutArea\">\n<div class=\"column\">\n<p><strong>Les Rencontres de l\u2019Interculturel (Benayoun<\/strong><strong>\u00a0<\/strong><strong>; Navarro<\/strong><strong>\u00a0<\/strong><strong>; Paris-Dauphine)<\/strong><\/p>\n<p>Les Rencontres, cycle de conf\u00e9rences, mettent en contact des professionnels issus des diff\u00e9rents domaines d\u2019activit\u00e9 li\u00e9es \u00e0 l\u2019interculturel.<\/p>\n<p>\u2192 La finalit\u00e9 de ces conf\u00e9rences est la construction d\u2019un dialogue interculturel, trans et multi-disciplinaire permettant l\u2019\u00e9mergence d\u2019une mise en commun des exp\u00e9riences donnant lieu \u00e0 de nouveaux projets de recherche.<br \/>La p\u00e9rennisation de ces rencontres donne \u00e0 voir la pluralit\u00e9 des secteurs concern\u00e9s par l\u2019interculturel.<\/p>\n<p>\u2192 Il s\u2019agit \u00e9galement de mettre en lumi\u00e8re l\u2019int\u00e9r\u00eat linguistique et terminologique qu\u2019il y a \u00e0 mutualiser les exp\u00e9riences\u00a0: travailler en r\u00e9seau inter-m\u00e9tiers et d\u00e9velopper les aspects linguistiques dans ces champs de recherche.<br \/>Les secteurs qui sont cibl\u00e9s par ce projet sont en premier lieu l\u2019Arm\u00e9e et l\u2019Humanitaire.<br \/>Cette strat\u00e9gie est essentielle dans l\u2019articulation d\u2019un domaine de recherche encore in\u00e9dit, elle permet de renforcer les liens entre universit\u00e9 et monde socioprofessionnel.<\/p>\n<p><strong>\u00ab<\/strong><strong>\u00a0<\/strong><strong>L\u2019humanitaire au d\u00e9fi de l\u2019interculturel<\/strong><strong>\u00a0<\/strong><strong>\u00bb<\/strong><\/p>\n<p>Nous avons le plaisir de vous accueillir le\u00a0<strong>27\u00a0f\u00e9vrier 2018<\/strong>\u00a0\u00e0 partir de\u00a0<strong>17 H 30<\/strong>\u00a0\u00e0 cette 3<sup>e<\/sup>\u00a0rencontre de l\u2019interculturel intitul\u00e9e\u00a0<strong>L\u2019humanitaire au d\u00e9fi de l\u2019interculturel<\/strong>.<br \/>Trois professionnels de l\u2019humanitaire interviendront au cours de cette conf\u00e9rence\u00a0:<br \/>Pierre Micheletti, Vice-pr\u00e9sident d\u2019Action contre la Faim et ancien pr\u00e9sident de M\u00e9decins du Monde\u00a0;<br \/>Francisco Rubio, Juge-assesseur \u00e0 la Cour nationale du droit d\u2019asile et ancien directeur juridique de M\u00e9decins du Monde\u00a0;<br \/>Magali Bouchon, Anthropologue \u00e0 M\u00e9decins du Monde.<\/p>\n<p>Dans le cadre des \u00ab\u00a0Rencontres de l\u2019interculturel 2017-2018\u00a0\u00bb, l\u2019UFR\u00a0EILA, le\u00a0CLILLAC-ARP\u00a0EA\u00a03967 et le Master LiSi (Langues, Interpr\u00e9tation et Strat\u00e9gies Interculturelles) vous invitent le\u00a0<strong>lundi 15\u00a0janvier 2018<\/strong>\u00a0\u00e0 partir de\u00a0<strong>17h30<\/strong>, \u00e0 la conf\u00e9rence intitul\u00e9e\u00a0:<\/p>\n<p><strong>\u00ab<\/strong><strong>\u00a0<\/strong><strong>Interculturalit\u00e9, fait religieux et strat\u00e9gies manag\u00e9riales<\/strong><strong>\u00a0<\/strong><strong>\u00bb<\/strong><\/p>\n<p>qui aura lieu \u00e0 l\u2019amphi Buffon, ainsi qu\u2019au cocktail qui cl\u00f4turera la conf\u00e9rence.<\/p>\n<p>\u00a0<\/p>\n<\/div>\n<\/div>\n<\/div>\n<p>[\/et_pb_text][\/et_pb_column][et_pb_column type=\u00a0\u00bb1_4&Prime;][\/et_pb_column][\/et_pb_row][\/et_pb_section][et_pb_section bb_built=\u00a0\u00bb1&Prime; specialty=\u00a0\u00bboff\u00a0\u00bb _builder_version=\u00a0\u00bb3.21&Prime; custom_padding=\u00a0\u00bb0px||0px|\u00a0\u00bb prev_background_color=\u00a0\u00bb#000000&Prime; inner_width=\u00a0\u00bbauto\u00a0\u00bb inner_max_width=\u00a0\u00bbnone\u00a0\u00bb][et_pb_row _builder_version=\u00a0\u00bb3.19.11&Prime; width=\u00a0\u00bb80%\u00a0\u00bb max_width=\u00a0\u00bb1080px\u00a0\u00bb][et_pb_column type=\u00a0\u00bb4_4&Prime;][et_pb_text admin_label=\u00a0\u00bb\u00c0 lire aussi\u00a0\u00bb _builder_version=\u00a0\u00bb3.21&Prime;]<\/p>\n<h2><span class=\"st\">\u00c0<\/span> lire aussi<\/h2>\n<p>[\/et_pb_text][et_pb_blog _builder_version=\u00a0\u00bb3.21&Prime; posts_number=\u00a0\u00bb4&Prime; include_categories=\u00a0\u00bb13&Prime; show_author=\u00a0\u00bboff\u00a0\u00bb show_date=\u00a0\u00bboff\u00a0\u00bb show_pagination=\u00a0\u00bboff\u00a0\u00bb border_width_bottom_fullwidth=\u00a0\u00bb1px\u00a0\u00bb border_color_bottom_fullwidth=\u00a0\u00bbrgba(51,51,51,0.18)\u00a0\u00bb custom_padding=\u00a0\u00bb||50px|\u00a0\u00bb module_id=\u00a0\u00bbpage_type_blog\u00a0\u00bb header_level=\u00a0\u00bbh4&Prime; \/][\/et_pb_column][\/et_pb_row][\/et_pb_section]<\/p>\n","protected":false},"excerpt":{"rendered":"<div class=\"et_pb_row et_pb_row_0 et_pb_row_empty\"><\/div>\n<div class=\"et_pb_row et_pb_row_1 et_pb_row_empty\"><\/div>\n<p> Les Rencontres de l\u2019Interculturel (Benayoun\u00a0; Navarro\u00a0; Paris-Dauphine)Les Rencontres, cycle de conf\u00e9rences, mettent en contact des professionnels issus des diff\u00e9rents domaines d\u2019activit\u00e9 li\u00e9es \u00e0 l\u2019interculturel.\u2192 La finalit\u00e9 de ces conf\u00e9rences est la construction d\u2019un dialogue interculturel, trans et multi-disciplinaire permettant l\u2019\u00e9mergence d\u2019une mise en commun des exp\u00e9riences donnant lieu \u00e0 de nouveaux projets de recherche.La&hellip; <a class=\"continue\" href=\"https:\/\/wordpress-test.app.u-pariscite.fr\/eila\/rencontres-de-linterculturel\/\">Lire la suite<span> Les rencontres de l&rsquo;interculturel<\/span><\/a><\/p>\n","protected":false},"author":248,"featured_media":0,"parent":0,"menu_order":0,"comment_status":"closed","ping_status":"closed","template":"","meta":{"_et_pb_use_builder":"on","_et_pb_old_content":"","_et_gb_content_width":"","footnotes":""},"class_list":["post-1389","page","type-page","status-publish","hentry"],"_links":{"self":[{"href":"https:\/\/wordpress-test.app.u-pariscite.fr\/eila\/wp-json\/wp\/v2\/pages\/1389","targetHints":{"allow":["GET"]}}],"collection":[{"href":"https:\/\/wordpress-test.app.u-pariscite.fr\/eila\/wp-json\/wp\/v2\/pages"}],"about":[{"href":"https:\/\/wordpress-test.app.u-pariscite.fr\/eila\/wp-json\/wp\/v2\/types\/page"}],"author":[{"embeddable":true,"href":"https:\/\/wordpress-test.app.u-pariscite.fr\/eila\/wp-json\/wp\/v2\/users\/248"}],"replies":[{"embeddable":true,"href":"https:\/\/wordpress-test.app.u-pariscite.fr\/eila\/wp-json\/wp\/v2\/comments?post=1389"}],"version-history":[{"count":2,"href":"https:\/\/wordpress-test.app.u-pariscite.fr\/eila\/wp-json\/wp\/v2\/pages\/1389\/revisions"}],"predecessor-version":[{"id":1816,"href":"https:\/\/wordpress-test.app.u-pariscite.fr\/eila\/wp-json\/wp\/v2\/pages\/1389\/revisions\/1816"}],"wp:attachment":[{"href":"https:\/\/wordpress-test.app.u-pariscite.fr\/eila\/wp-json\/wp\/v2\/media?parent=1389"}],"curies":[{"name":"wp","href":"https:\/\/api.w.org\/{rel}","templated":true}]}}