{"id":134,"date":"2021-05-21T10:50:24","date_gmt":"2021-05-21T08:50:24","guid":{"rendered":"https:\/\/wordpress-test.app.u-pariscite.fr\/eila\/?page_id=134"},"modified":"2024-09-30T09:15:06","modified_gmt":"2024-09-30T07:15:06","slug":"contacts","status":"publish","type":"page","link":"https:\/\/wordpress-test.app.u-pariscite.fr\/eila\/contacts\/","title":{"rendered":"Contacts"},"content":{"rendered":"<p>[et_pb_section bb_built=\u00a0\u00bb1&Prime; _builder_version=\u00a0\u00bb3.22&Prime;][et_pb_row _builder_version=\u00a0\u00bb3.22&Prime; background_size=\u00a0\u00bbinitial\u00a0\u00bb background_position=\u00a0\u00bbtop_left\u00a0\u00bb background_repeat=\u00a0\u00bbrepeat\u00a0\u00bb][et_pb_column type=\u00a0\u00bb4_4&Prime;][et_pb_post_title admin_label=\u00a0\u00bbTitre de la page\u00a0\u00bb meta=\u00a0\u00bboff\u00a0\u00bb featured_image=\u00a0\u00bboff\u00a0\u00bb _builder_version=\u00a0\u00bb3.19.11&Prime;]<\/p>\n<p>[\/et_pb_post_title][\/et_pb_column][\/et_pb_row][et_pb_row _builder_version=\u00a0\u00bb3.22&Prime; background_size=\u00a0\u00bbinitial\u00a0\u00bb background_position=\u00a0\u00bbtop_left\u00a0\u00bb background_repeat=\u00a0\u00bbrepeat\u00a0\u00bb][et_pb_column type=\u00a0\u00bb1_2&Prime;][et_pb_text admin_label=\u00a0\u00bbServices de l&rsquo;UFR EILA :\u00a0\u00bb _builder_version=\u00a0\u00bb3.22.1&Prime; z_index_tablet=\u00a0\u00bb500&Prime;]<\/p>\n<h3>Services de l&rsquo;UFR EILA :<\/h3>\n<p>[\/et_pb_text][et_pb_text admin_label=\u00a0\u00bbPr\u00e9sentation\u00a0\u00bb _builder_version=\u00a0\u00bb3.22.1&Prime; z_index_tablet=\u00a0\u00bb500&Prime;]<\/p>\n<p><a href=\"https:\/\/wordpress-test.app.u-pariscite.fr\/eila\/organigramme\/\">Consulter l&rsquo;organigramme de l&rsquo;UFR EILA<\/a><\/p>\n<p>L&rsquo;UFR EILA est situ\u00e9e aux 4\u00e8me \u00e9tage (administration) et 7\u00e8me \u00e9tage (bureaux des enseignants et enseignants-chercheurs) du b\u00e2timent Olympe de Gouges, 8 place Paul Ricoeur 75013 Paris.<\/p>\n<p>[\/et_pb_text][et_pb_toggle admin_label=\u00a0\u00bbDirection de l&rsquo;UFR\u00a0\u00bb title=\u00a0\u00bbDirection de l&rsquo;UFR\u00a0\u00bb _builder_version=\u00a0\u00bb3.22.1&Prime; z_index_tablet=\u00a0\u00bb500&Prime;]<\/p>\n<p><a href=\"mailto:direction.eila@wordpress-test.app.u-pariscite.fr\">direction.eila@wordpress-test.app.u-pariscite.fr<\/a><\/p>\n<p>Bureaux 435, 438 et 439 &#8211; 4<sup>\u00e8me<\/sup> \u00e9tage B\u00e2timent Olympe de Gouges, 8 place Paul Ric\u0153ur 75013 Paris<\/p>\n<p>T\u00e9l\u00e9phone : 01 57 27 56 50<\/p>\n<p>[\/et_pb_toggle][et_pb_toggle admin_label=\u00a0\u00bbScolarit\u00e9\u00a0\u00bb title=\u00a0\u00bbScolarit\u00e9\u00a0\u00bb _builder_version=\u00a0\u00bb3.22.1&Prime; z_index_tablet=\u00a0\u00bb500&Prime;]<\/p>\n<h4>Scolarit\u00e9 Licence LEA :<\/h4>\n<p><a href=\"mailto:licence.eila@wordpress-test.app.u-pariscite.fr\">licence.eila@wordpress-test.app.u-pariscite.fr<\/a><\/p>\n<p>Bureau 444 &#8211; 4<sup>\u00e8me<\/sup> \u00e9tage B\u00e2timent Olympe de Gouges, 8 place Paul Ric\u0153ur 75013 Paris (accueil physique : mardi et jeudi, de 10h \u00e0 12h et de 14h \u00e0 16h)<\/p>\n<p>T\u00e9l\u00e9phone : 01 57 27 56 83<\/p>\n<h4>Scolarit\u00e9 Masters LEA et Traduction-Interpr\u00e9tation, L3pro. R\u00e9dacteur Technique<\/h4>\n<p><a href=\"mailto:l3pro.eila@wordpress-test.app.u-pariscite.fr\">l3pro.eila@wordpress-test.app.u-pariscite.fr<\/a><\/p>\n<p><a href=\"mailto:master.eila@wordpress-test.app.u-pariscite.fr\">master.eila@wordpress-test.app.u-pariscite.fr<\/a><\/p>\n<p>Bureau 445 bis &#8211; 4<sup>\u00e8me<\/sup> \u00e9tage B\u00e2timent Olympe de Gouges, 8 place Paul Ric\u0153ur 75013 Paris (accueil physique : lundi et jeudi, de 10h \u00e0 12h et de 14h \u00e0 16h)<\/p>\n<p>T\u00e9l\u00e9phone : 01 57 27 56 67<\/p>\n<p>[\/et_pb_toggle][et_pb_toggle admin_label=\u00a0\u00bbP\u00f4le ASTRE\u00a0\u00bb title=\u00a0\u00bbP\u00f4le Alternance, Stages, Relations avec les entreprises\u00a0\u00bb _builder_version=\u00a0\u00bb3.22.1&Prime; z_index_tablet=\u00a0\u00bb500&Prime;]<\/p>\n<p><a href=\"mailto:astre.eila@wordpress-test.app.u-pariscite.fr\">astre.eila@wordpress-test.app.u-pariscite.fr<\/a><\/p>\n<p>Bureaux 424 et 444 &#8211; 4<sup>\u00e8me<\/sup> \u00e9tage B\u00e2timent Olympe de Gouges, 8 place Paul Ric\u0153ur 75013 Paris (accueil physique : lundi 14h-17h, jeudi 14h-17h)<\/p>\n<p>T\u00e9l\u00e9phone :<\/p>\n<p>Sabina Schuster (bureau 424) : 01 57 27 56 66<\/p>\n<p>Sofia Tedjani (bureau 424) : 01 57 27 56 61<\/p>\n<p>Soumia Ouiter (bureau 444) : 01 57 27 56 90<\/p>\n<p>[\/et_pb_toggle][et_pb_toggle admin_label=\u00a0\u00bbLansad\u00a0\u00bb title=\u00a0\u00bbLansad\u00a0\u00bb _builder_version=\u00a0\u00bb3.22.1&Prime; z_index_tablet=\u00a0\u00bb500&Prime;]<\/p>\n<div class=\"et_pb_toggle_content clearfix\">\n<p><a href=\"mailto:lansad.eila@wordpress-test.app.u-pariscite.fr\">lansad.eila@wordpress-test.app.u-pariscite.fr<\/a><\/p>\n<p>Bureaux 440 et 442 \u2013 4<sup>\u00e8me<\/sup> \u00e9tage B\u00e2timent Olympe de Gouges, 8 place Paul Ric\u0153ur 75013 Paris<\/p>\n<p><strong>accueil :<\/strong><\/p>\n<p>mardi et jeudi, de 9h30 \u00e0 11h30 et de 14h \u00e0 16h \u2013 Bureau 440<\/p>\n<p>mercredi : 10h00 \u00e0 12h30 et de 14h \u00e0 16h \u2013 Bureau 442<\/p>\n<p>T\u00e9l\u00e9phone : 01 57 27 56 70<\/p>\n<\/div>\n<p>[\/et_pb_toggle][et_pb_toggle admin_label=\u00a0\u00bbFormation continue et professionnelle\u00a0\u00bb title=\u00a0\u00bbFormation continue et professionnelle\u00a0\u00bb _builder_version=\u00a0\u00bb3.22.1&Prime; z_index_tablet=\u00a0\u00bb500&Prime;]<\/p>\n<p><a href=\"fcp.eila@wordpress-test.app.u-pariscite.fr\">fcp.eila@wordpress-test.app.u-pariscite.fr<\/a><\/p>\n<p>[\/et_pb_toggle][et_pb_toggle admin_label=\u00a0\u00bbDipl\u00f4mes Universitaires (DU)\u00a0\u00bb title=\u00a0\u00bbDipl\u00f4mes Universitaires (DU)\u00a0\u00bb _builder_version=\u00a0\u00bb3.22.1&Prime; z_index_tablet=\u00a0\u00bb500&Prime;]<\/p>\n<p>DU Anglais M\u00e9dical (DUAM) : <a href=\"mailto:duam.eila@wordpress-test.app.u-pariscite.fr\">duam.eila@wordpress-test.app.u-pariscite.fr<\/a><\/p>\n<p>DU Anglais Communication d\u2019Entreprise (DUACE) : <a href=\"mailto:duace.eila@wordpress-test.app.u-pariscite.fr\">duace.eila@wordpress-test.app.u-pariscite.fr<\/a><\/p>\n<p>DU M\u00e9diateur-Interpr\u00e8te dans les Services Publics (DUMISP) : <a href=\"mailto:dumisp.eila@wordpress-test.app.u-pariscite.fr\">dumisp.eila@wordpress-test.app.u-pariscite.fr<\/a><\/p>\n<p>DU Langue Anglaise Sp\u00e9cialis\u00e9e et Certification (DULASC) : <a href=\"mailto:dulasc.eila@wordpress-test.app.u-pariscite.fr\">dulasc.eila@wordpress-test.app.u-pariscite.fr<\/a><\/p>\n<p>DU Langue et Civilisation Fran\u00e7aise (DULCIF) : <a href=\"mailto:dulcif.eila@wordpress-test.app.u-pariscite.fr\">dulcif.eila@wordpress-test.app.u-pariscite.fr<\/a><\/p>\n<p>[\/et_pb_toggle][et_pb_toggle admin_label=\u00a0\u00bbFran\u00e7ais Langue Etrang\u00e8re (FLE)\u00a0\u00bb title=\u00a0\u00bbFran\u00e7ais Langue Etrang\u00e8re (FLE)\u00a0\u00bb _builder_version=\u00a0\u00bb3.22.1&Prime; z_index_tablet=\u00a0\u00bb500&Prime;]<\/p>\n<p>Vous \u00eates \u00e9tudiant.e \u00e0 Universit\u00e9 Paris Cit\u00e9 : <a href=\"mailto:lansad.eila@wordpress-test.app.u-pariscite.fr\">lansad.eila@wordpress-test.app.u-pariscite.fr<\/a><\/p>\n<p>Vous n&rsquo;\u00eates pas \u00e9tudiant.e \u00e0 Universit\u00e9 Paris Cit\u00e9 : <a href=\"mailto:fle-eila@wordpress-test.app.u-pariscite.fr\">fle.eila@wordpress-test.app.u-pariscite.fr<\/a><\/p>\n<p>[\/et_pb_toggle][\/et_pb_column][et_pb_column type=\u00a0\u00bb1_2&Prime;][et_pb_text admin_label=\u00a0\u00bbPersonnels de l&rsquo;UFR EILA :\u00a0\u00bb _builder_version=\u00a0\u00bb3.22.1&Prime; z_index_tablet=\u00a0\u00bb500&Prime;]<\/p>\n<h3>Personnels de l&rsquo;UFR EILA :<\/h3>\n<p>[\/et_pb_text][et_pb_toggle admin_label=\u00a0\u00bbEnseignants-Chercheurs\u00a0\u00bb title=\u00a0\u00bbEnseignants-Chercheurs\u00a0\u00bb _builder_version=\u00a0\u00bb3.22.1&Prime; z_index_tablet=\u00a0\u00bb500&Prime; text_shadow_horizontal_length=\u00a0\u00bbtext_shadow_style,%91object Object%93&Prime; text_shadow_vertical_length=\u00a0\u00bbtext_shadow_style,%91object Object%93&Prime; text_shadow_blur_strength=\u00a0\u00bbtext_shadow_style,%91object Object%93&Prime; title_text_shadow_horizontal_length=\u00a0\u00bbtitle_text_shadow_style,%91object Object%93&Prime; title_text_shadow_vertical_length=\u00a0\u00bbtitle_text_shadow_style,%91object Object%93&Prime; title_text_shadow_blur_strength=\u00a0\u00bbtitle_text_shadow_style,%91object Object%93&Prime; body_text_shadow_horizontal_length=\u00a0\u00bbbody_text_shadow_style,%91object Object%93&Prime; body_text_shadow_vertical_length=\u00a0\u00bbbody_text_shadow_style,%91object Object%93&Prime; body_text_shadow_blur_strength=\u00a0\u00bbbody_text_shadow_style,%91object Object%93&Prime;]<\/p>\n<p>Tous les personnels d&rsquo;enseignement et de recherche de l&rsquo;UFR EILA (titulaires, associ\u00e9s, contractuels et \u00e9m\u00e9rites) :<\/p>\n<p><a href=\"https:\/\/wordpress-test.app.u-pariscite.fr\/eila\/aguilar-candau-lucia\/\">Aguilar Candau Luc\u00eda<\/a><br \/><a href=\"https:\/\/wordpress-test.app.u-pariscite.fr\/eila\/arki-jeremy\/\">Arki J\u00e9r\u00e9my<\/a><br \/><a href=\"https:\/\/wordpress-test.app.u-pariscite.fr\/eila\/benayoun-jean-michel\/\">Benayoun Jean-Michel<\/a><br \/><a href=\"https:\/\/wordpress-test.app.u-pariscite.fr\/eila\/benard-maud\/\">Benard Maud<\/a><br \/><a href=\"https:\/\/wordpress-test.app.u-pariscite.fr\/eila\/beshara-john\/\">Beshara John<\/a><br \/><a href=\"https:\/\/wordpress-test.app.u-pariscite.fr\/eila\/binard-florence\/\">Binard Florence<\/a><br \/><a href=\"https:\/\/wordpress-test.app.u-pariscite.fr\/eila\/bouchet-marie\/\">Bouchet Marie<\/a><br \/><a href=\"https:\/\/wordpress-test.app.u-pariscite.fr\/eila\/boudet-martine\/\">Boudet Martine<\/a><br \/><a href=\"https:\/\/wordpress-test.app.u-pariscite.fr\/eila\/boutmgharine-najet\/\">Boutmgharine Najet<\/a><br \/><a href=\"https:\/\/wordpress-test.app.u-pariscite.fr\/eila\/bullier-isabelle\/\">Bullier Isabelle<\/a><br \/><a href=\"https:\/\/wordpress-test.app.u-pariscite.fr\/eila\/champanhet-carole\/\">Champanhet Carole<\/a><br \/><a href=\"https:\/\/wordpress-test.app.u-pariscite.fr\/eila\/chapuis-despres-stephanie\/\">Chapuis-Despres St\u00e9phanie<\/a><br \/><a href=\"https:\/\/wordpress-test.app.u-pariscite.fr\/eila\/chebbah-lobna\/\">Chebbah Lobna<\/a><br \/><a href=\"https:\/\/wordpress-test.app.u-pariscite.fr\/eila\/damian-espinosa-maria-esther\/\">Damian Espinosa Mar\u00eda Esther<\/a><br \/><a href=\"https:\/\/wordpress-test.app.u-pariscite.fr\/eila\/dedryvere-laurent\/\">Dedryvere Laurent<\/a><br \/><a href=\"https:\/\/wordpress-test.app.u-pariscite.fr\/eila\/delestre-olivier\/\">Delestre Olivier<\/a> <br \/><a href=\"https:\/\/wordpress-test.app.u-pariscite.fr\/eila\/dupuy-claire\/\">Dupuy Claire<\/a><br \/><a href=\"https:\/\/wordpress-test.app.u-pariscite.fr\/eila\/farges-patrick\/\">Farges Patrick<\/a> <br \/><a href=\"https:\/\/wordpress-test.app.u-pariscite.fr\/eila\/friess-lucrece\/\">Friess Lucr\u00e8ce<\/a> <br \/><a href=\"https:\/\/wordpress-test.app.u-pariscite.fr\/eila\/froeliger-nicolas\/\">Froeliger Nicolas<\/a><br \/><a href=\"https:\/\/wordpress-test.app.u-pariscite.fr\/eila\/garvin-vic-daniel\/\">Garvin Vic Daniel<\/a><br \/><a href=\"https:\/\/wordpress-test.app.u-pariscite.fr\/eila\/girard-marie\/\">Girard Marie<\/a>\u00a0 <br \/><a href=\"https:\/\/wordpress-test.app.u-pariscite.fr\/eila\/gledhill-christopher\/\">Gledhill Christopher<\/a>\u00a0 <br \/><a href=\"https:\/\/wordpress-test.app.u-pariscite.fr\/eila\/guineau-martial\/\">Guineau Martial<\/a>\u00a0 <br \/><a href=\"https:\/\/wordpress-test.app.u-pariscite.fr\/eila\/hamilton-clive\/\">Hamilton Clive<\/a>\u00a0<br \/><a href=\"https:\/\/wordpress-test.app.u-pariscite.fr\/eila\/hammann-julia\/\">Hammann Julia<\/a><br \/><a href=\"https:\/\/wordpress-test.app.u-pariscite.fr\/eila\/heit-stephane\/\">Heit St\u00e9phane<\/a> <br \/><a href=\"https:\/\/wordpress-test.app.u-pariscite.fr\/eila\/henry-delphine\/\">Henry Delphine<\/a> <br \/><a href=\"https:\/\/wordpress-test.app.u-pariscite.fr\/eila\/herreras-jose-carlos\/\">Herreras Jose-Carlos<\/a> <br \/><a href=\"https:\/\/wordpress-test.app.u-pariscite.fr\/eila\/humbley-john\/\">Humbley John<\/a><br \/><a href=\"https:\/\/wordpress-test.app.u-pariscite.fr\/eila\/hunt-matthew\/\">Hunt Matthew<\/a><br \/><a href=\"https:\/\/wordpress-test.app.u-pariscite.fr\/eila\/hutchinson-donna-lee\/\">Hutchinson Donna-Lee<\/a>\u00a0 <br \/><a href=\"https:\/\/wordpress-test.app.u-pariscite.fr\/eila\/iakovleva-tatiana\/\">Iakovleva Tatiana<\/a>\u00a0 <br \/><a href=\"https:\/\/wordpress-test.app.u-pariscite.fr\/eila\/kitada-yumiko\/\">Kitada Yumiko<\/a><br \/><a href=\"https:\/\/wordpress-test.app.u-pariscite.fr\/eila\/kubler-natalie\/\">K\u00fcbler Natalie<\/a> <br \/><a href=\"https:\/\/wordpress-test.app.u-pariscite.fr\/eila\/labruere-mustafaeva-asiyat\/\">Labruere Mustafaeva Asiyat<\/a> <br \/><a href=\"https:\/\/wordpress-test.app.u-pariscite.fr\/eila\/laredo-sophie\/\">Laredo Sophie<\/a> <br \/><a href=\"https:\/\/wordpress-test.app.u-pariscite.fr\/eila\/le-puloch-marine\/\">Le Puloch Marine<\/a><br \/><a href=\"https:\/\/wordpress-test.app.u-pariscite.fr\/eila\/legier-anne\/\">Legier Anne<\/a><br \/><a href=\"https:\/\/wordpress-test.app.u-pariscite.fr\/eila\/leoni-florian\/\">Leoni Florian<\/a><br \/><a href=\"https:\/\/wordpress-test.app.u-pariscite.fr\/eila\/li-jun\/\">Li Jun<\/a> <br \/><a href=\"https:\/\/wordpress-test.app.u-pariscite.fr\/eila\/lillo-natacha\/\">Lillo Natacha<\/a><br \/><a href=\"https:\/\/wordpress-test.app.u-pariscite.fr\/eila\/mestivier-alexandra\/\">Mestivier Alexandra<\/a> <br \/><a href=\"https:\/\/wordpress-test.app.u-pariscite.fr\/eila\/minacori-patricia\/\">Minacori Patricia<\/a><br \/><a href=\"https:\/\/wordpress-test.app.u-pariscite.fr\/eila\/nagy-viktoria\/\">Nagy Viktoria<\/a> <br \/><a href=\"https:\/\/wordpress-test.app.u-pariscite.fr\/eila\/navarro-elisabeth\/\">Navarro Elisabeth<\/a><br \/><a href=\"https:\/\/wordpress-test.app.u-pariscite.fr\/eila\/navarro-emma-fabiola\/\">Navarro Emma Fabiola<\/a><br \/><a href=\"https:\/\/wordpress-test.app.u-pariscite.fr\/eila\/nishimura-haruka\/\">Nishimura Haruka<\/a><br \/><a href=\"https:\/\/wordpress-test.app.u-pariscite.fr\/eila\/paris-justine\/\">Paris Justine<\/a> <br \/><a href=\"https:\/\/wordpress-test.app.u-pariscite.fr\/eila\/paris-karine\/\">Paris Karine<\/a> <br \/><a href=\"https:\/\/wordpress-test.app.u-pariscite.fr\/eila\/patin-stephane\/\">Patin St\u00e9phane<\/a> <br \/><a href=\"https:\/\/wordpress-test.app.u-pariscite.fr\/eila\/pecman-mojca\/\">Pecman Mojca<\/a><br \/><a href=\"https:\/\/wordpress-test.app.u-pariscite.fr\/eila\/piedehierro-saez-carlota\/\">Piedehierro Saez Carlota<\/a><br \/><a href=\"https:\/\/wordpress-test.app.u-pariscite.fr\/eila\/prum-michel\/\">Prum Michel<\/a> <br \/><a href=\"https:\/\/wordpress-test.app.u-pariscite.fr\/eila\/ramos-ruiz-ismael\/\">Ramos Ruiz Ismael<\/a> <br \/><a href=\"https:\/\/wordpress-test.app.u-pariscite.fr\/eila\/reali-m-laura\/\">Reali M-Laura<\/a><br \/><a href=\"https:\/\/wordpress-test.app.u-pariscite.fr\/eila\/regis-vincent\/\">Regis Vincent<\/a><br \/><a href=\"https:\/\/wordpress-test.app.u-pariscite.fr\/eila\/requeno-valerie\/\">Requeno Val\u00e9rie<\/a> <br \/><a href=\"https:\/\/wordpress-test.app.u-pariscite.fr\/eila\/richer-rossi-francoise\/\">Richer Rossi Fran\u00e7oise<\/a><br \/><a href=\"https:\/\/wordpress-test.app.u-pariscite.fr\/eila\/sartorius-francesca\/\">Sartorius Francesca<\/a><br \/><a href=\"https:\/\/wordpress-test.app.u-pariscite.fr\/eila\/sebag-clemence\/\">Sebag Cl\u00e9mence<\/a> <br \/><a href=\"https:\/\/wordpress-test.app.u-pariscite.fr\/eila\/some-kogh-pascal\/\">Some Kogh Pascal<\/a><br \/><a href=\"https:\/\/wordpress-test.app.u-pariscite.fr\/eila\/tan-song\/\">Tan Song<\/a><br \/><a href=\"https:\/\/wordpress-test.app.u-pariscite.fr\/eila\/valdez-cristian\/\">Valdez Cristian<\/a><br \/><a href=\"https:\/\/wordpress-test.app.u-pariscite.fr\/eila\/zimina-poirot-maria\/\">Zimina-Poirot Maria<\/a> <br \/><a href=\"https:\/\/wordpress-test.app.u-pariscite.fr\/eila\/zouogbo-jean-philippe\/\">Zouogbo Jean-Philippe<\/a><br \/><a href=\"https:\/\/wordpress-test.app.u-pariscite.fr\/eila\/zhu-lichao\/\">Zhu Lichao<\/a><\/p>\n<p>\u00a0<\/p>\n<p>[\/et_pb_toggle][et_pb_toggle admin_label=\u00a0\u00bbPersonnels administratifs\u00a0\u00bb title=\u00a0\u00bbPersonnels administratifs\u00a0\u00bb _builder_version=\u00a0\u00bb3.22.1&Prime; z_index_tablet=\u00a0\u00bb500&Prime;]<\/p>\n<p><a href=\"https:\/\/wordpress-test.app.u-pariscite.fr\/eila\/arzour-ouarda\/\">Arzour Ouarda <\/a><br \/><a href=\"https:\/\/wordpress-test.app.u-pariscite.fr\/eila\/benkaddour-lila\/\">Benkaddour Lila<\/a><br \/><a href=\"https:\/\/wordpress-test.app.u-pariscite.fr\/eila\/brice-bricaud\/\">Bricaud Brice<\/a><br \/><a href=\"https:\/\/wordpress-test.app.u-pariscite.fr\/eila\/caron-isabelle\/\">Caron Isabelle<\/a><br \/><a href=\"https:\/\/wordpress-test.app.u-pariscite.fr\/eila\/fanny-es-sayed\/\" target=\"_blank\" rel=\"noopener noreferrer\">Es Sayed Fanny\u00a0<\/a><br \/><a href=\"https:\/\/wordpress-test.app.u-pariscite.fr\/eila\/fellah-omar\/\">Fellah Omar<\/a><br \/><a href=\"https:\/\/wordpress-test.app.u-pariscite.fr\/eila\/giguet-emeline\/\">Giguet Emeline<\/a>\u00a0<br \/><a href=\"https:\/\/wordpress-test.app.u-pariscite.fr\/eila\/godel-valerie\/\">Godel Val\u00e9rie<\/a>\u00a0 <br \/><a href=\"https:\/\/wordpress-test.app.u-pariscite.fr\/eila\/muret-christelle\/\">Muret Christelle<\/a><br \/><a href=\"https:\/\/wordpress-test.app.u-pariscite.fr\/eila\/ouiter-soumia\/\"><span style=\"font-family: Arial\">Ouiter Soumia<\/span><\/a><br \/><a href=\"https:\/\/wordpress-test.app.u-pariscite.fr\/eila\/schuster-sabina\/\">Schuster Sabina\u00a0<\/a><br \/><a href=\"https:\/\/wordpress-test.app.u-pariscite.fr\/eila\/soudin-marie-francine\/\">Soudin Marie-Francine <\/a><br \/><a href=\"https:\/\/wordpress-test.app.u-pariscite.fr\/eila\/sumon-clarisse\/\">Sumon Clarisse<\/a><br \/><a href=\"https:\/\/wordpress-test.app.u-pariscite.fr\/eila\/tedjani-sofia\/\"><span style=\"font-family: Arial\">Tedjani Sofia<\/span><\/a><\/p>\n<p>[\/et_pb_toggle][\/et_pb_column][\/et_pb_row][\/et_pb_section]<\/p>\n","protected":false},"excerpt":{"rendered":"<p>Services de l&rsquo;UFR EILA : Consulter l&rsquo;organigramme de l&rsquo;UFR EILA L&rsquo;UFR EILA est situ\u00e9e aux 4\u00e8me \u00e9tage (administration) et 7\u00e8me \u00e9tage (bureaux des enseignants et enseignants-chercheurs) du b\u00e2timent Olympe de Gouges, 8 place Paul Ricoeur 75013 Paris. direction.eila@wordpress-test.app.u-pariscite.fr Bureaux 435, 438 et 439 &#8211; 4\u00e8me \u00e9tage B\u00e2timent Olympe de Gouges, 8 place Paul Ric\u0153ur 75013&hellip; <a class=\"continue\" href=\"https:\/\/wordpress-test.app.u-pariscite.fr\/eila\/contacts\/\">Lire la suite<span> Contacts<\/span><\/a><\/p>\n","protected":false},"author":8,"featured_media":0,"parent":0,"menu_order":0,"comment_status":"closed","ping_status":"closed","template":"","meta":{"_et_pb_use_builder":"on","_et_pb_old_content":"","_et_gb_content_width":"","footnotes":""},"class_list":["post-134","page","type-page","status-publish","hentry"],"_links":{"self":[{"href":"https:\/\/wordpress-test.app.u-pariscite.fr\/eila\/wp-json\/wp\/v2\/pages\/134","targetHints":{"allow":["GET"]}}],"collection":[{"href":"https:\/\/wordpress-test.app.u-pariscite.fr\/eila\/wp-json\/wp\/v2\/pages"}],"about":[{"href":"https:\/\/wordpress-test.app.u-pariscite.fr\/eila\/wp-json\/wp\/v2\/types\/page"}],"author":[{"embeddable":true,"href":"https:\/\/wordpress-test.app.u-pariscite.fr\/eila\/wp-json\/wp\/v2\/users\/8"}],"replies":[{"embeddable":true,"href":"https:\/\/wordpress-test.app.u-pariscite.fr\/eila\/wp-json\/wp\/v2\/comments?post=134"}],"version-history":[{"count":73,"href":"https:\/\/wordpress-test.app.u-pariscite.fr\/eila\/wp-json\/wp\/v2\/pages\/134\/revisions"}],"predecessor-version":[{"id":5308,"href":"https:\/\/wordpress-test.app.u-pariscite.fr\/eila\/wp-json\/wp\/v2\/pages\/134\/revisions\/5308"}],"wp:attachment":[{"href":"https:\/\/wordpress-test.app.u-pariscite.fr\/eila\/wp-json\/wp\/v2\/media?parent=134"}],"curies":[{"name":"wp","href":"https:\/\/api.w.org\/{rel}","templated":true}]}}