{"id":1110,"date":"2021-06-28T09:43:42","date_gmt":"2021-06-28T07:43:42","guid":{"rendered":"https:\/\/wordpress-test.app.u-pariscite.fr\/eila\/?page_id=1110"},"modified":"2024-03-06T15:42:22","modified_gmt":"2024-03-06T14:42:22","slug":"espace-master-2-lcin","status":"publish","type":"page","link":"https:\/\/wordpress-test.app.u-pariscite.fr\/eila\/espace-master-2-lcin\/","title":{"rendered":"Espace Master 2 LCIN"},"content":{"rendered":"<p>[et_pb_section fb_built=\u00a0\u00bb1&Prime; _builder_version=\u00a0\u00bb3.22&Prime; custom_padding=\u00a0\u00bb||57px|||\u00a0\u00bb][et_pb_row _builder_version=\u00a0\u00bb3.22.1&Prime; background_size=\u00a0\u00bbinitial\u00a0\u00bb background_position=\u00a0\u00bbtop_left\u00a0\u00bb background_repeat=\u00a0\u00bbrepeat\u00a0\u00bb][et_pb_column type=\u00a0\u00bb4_4&Prime; _builder_version=\u00a0\u00bb3.0.47&Prime;][et_pb_post_title meta=\u00a0\u00bboff\u00a0\u00bb featured_image=\u00a0\u00bboff\u00a0\u00bb admin_label=\u00a0\u00bbTitre de la page\u00a0\u00bb _builder_version=\u00a0\u00bb3.22.1&Prime;][\/et_pb_post_title][\/et_pb_column][\/et_pb_row][et_pb_row _builder_version=\u00a0\u00bb3.22.1&Prime;][et_pb_column type=\u00a0\u00bb1_3&Prime; _builder_version=\u00a0\u00bb3.0.47&Prime;][et_pb_text admin_label=\u00a0\u00bbplannings\u00a0\u00bb module_id=\u00a0\u00bbcontenu\u00a0\u00bb _builder_version=\u00a0\u00bb3.22.1&Prime; z_index_tablet=\u00a0\u00bb500&Prime;]<\/p>\n<div class=\"page\" title=\"Page 1\">\n<div class=\"layoutArea\">\n<div class=\"column\">\n<h3>Plannings<\/h3>\n<\/div>\n<\/div>\n<\/div>\n<p>[\/et_pb_text][et_pb_button button_url=\u00a0\u00bbhttps:\/\/wordpress-test.app.u-pariscite.fr\/eila\/lcin-plannings\/\u00a0\u00bb button_text=\u00a0\u00bbLire la suite\u00a0\u00bb button_alignment=\u00a0\u00bbleft\u00a0\u00bb admin_label=\u00a0\u00bbbouton &#8211; ajouter le lien vers la page\u00a0\u00bb _builder_version=\u00a0\u00bb3.22.1&Prime; custom_button=\u00a0\u00bbon\u00a0\u00bb button_text_color=\u00a0\u00bb#ffffff\u00a0\u00bb button_bg_color=\u00a0\u00bb#8a1538&Prime; button_border_color=\u00a0\u00bb#8a1538&Prime; button_border_radius=\u00a0\u00bb26&Prime; button_icon=\u00a0\u00bb%%20%%\u00a0\u00bb button_icon_color=\u00a0\u00bb#ffffff\u00a0\u00bb button_on_hover=\u00a0\u00bboff\u00a0\u00bb background_layout=\u00a0\u00bbdark\u00a0\u00bb z_index_tablet=\u00a0\u00bb500&Prime; custom_css_after=\u00a0\u00bbmargin-left: 0!important;\u00a0\u00bb saved_tabs=\u00a0\u00bball\u00a0\u00bb background_layout__hover_enabled=\u00a0\u00bbon\u00a0\u00bb background_layout__hover=\u00a0\u00bblight\u00a0\u00bb button_bg_color__hover_enabled=\u00a0\u00bbon\u00a0\u00bb button_bg_color__hover=\u00a0\u00bb#ffffff\u00a0\u00bb button_icon_color__hover_enabled=\u00a0\u00bbon\u00a0\u00bb button_icon_color__hover=\u00a0\u00bb#aa004f\u00a0\u00bb button_text_color__hover_enabled=\u00a0\u00bbon\u00a0\u00bb button_text_color__hover=\u00a0\u00bb#aa004f\u00a0\u00bb custom_css_after__hover_enabled=\u00a0\u00bbon\u00a0\u00bb custom_css_after__hover=\u00a0\u00bbmargin-left: 0!important;\u00a0\u00bb][\/et_pb_button][et_pb_divider color=\u00a0\u00bb#000000&Prime; _builder_version=\u00a0\u00bb3.19.11&Prime; custom_margin=\u00a0\u00bb80px||110px|\u00a0\u00bb][\/et_pb_divider][\/et_pb_column][et_pb_column type=\u00a0\u00bb1_3&Prime; _builder_version=\u00a0\u00bb3.0.47&Prime;][\/et_pb_column][et_pb_column type=\u00a0\u00bb1_3&Prime; _builder_version=\u00a0\u00bb3.0.47&Prime;][\/et_pb_column][\/et_pb_row][et_pb_row _builder_version=\u00a0\u00bb3.22.1&Prime; background_size=\u00a0\u00bbinitial\u00a0\u00bb background_position=\u00a0\u00bbtop_left\u00a0\u00bb background_repeat=\u00a0\u00bbrepeat\u00a0\u00bb][et_pb_column type=\u00a0\u00bb4_4&Prime; _builder_version=\u00a0\u00bb3.0.47&Prime;][et_pb_text _builder_version=\u00a0\u00bb3.22.1&Prime; width=\u00a0\u00bb100%\u00a0\u00bb custom_padding=\u00a0\u00bb0px||0px|19px||\u00a0\u00bb z_index_tablet=\u00a0\u00bb500&Prime;]<\/p>\n<p>Le master LCIN (Langues, industries Culturelles et cr\u00e9atives, Innovations Num\u00e9riques) vise \u00e0 former des cadres trilingues charg\u00e9s de la promotion et de la diffusion des biens et services culturels (\u00e9v\u00e9nementiel) par l\u2019interm\u00e9diaire du num\u00e9rique et de l\u2019internet (blogs, r\u00e9seaux sociaux, etc.) au niveau national et international.<\/p>\n<p>Le master LCIN accorde une place pr\u00e9pond\u00e9rante aux outils innovants du num\u00e9rique et aux langues dans le domaine de la culture.<\/p>\n<p>Son objectif est de s\u2019adapter \u00e0 la r\u00e9alit\u00e9 socio-\u00e9conomique des bassins d\u2019emploi franciliens et d&rsquo;\u00eatre en coh\u00e9sion avec le tissu professionnel.<\/p>\n<p>La deuxi\u00e8me ann\u00e9e du Master est en alternance \u00e0 partir de septembre 2025.\u00a0<\/p>\n<p>Tr\u00e8s bon niveau en anglais, en fran\u00e7ais et dans une autre langue \u00e9trang\u00e8re : allemand, espagnol ou japonais.<\/p>\n<p>Les \u00e9tudiants de LCIN peuvent b\u00e9n\u00e9ficier d\u2019un cursus int\u00e9gr\u00e9 dans le cadre du double dipl\u00f4me Master LCIN (Universit\u00e9 Paris Cit\u00e9) et M\u00e1ster Universitario en Comunicaci\u00f3n e Industrias Creativas (Universidad de Alicante, Espagne). Ce double dipl\u00f4me permet \u00e0 un \u00e9tudiant inscrit en M2 LCIN de suivre l\u2019ann\u00e9e de Master en Comunicaci\u00f3n e Industrias Creativas \u00e0 Alicante, au terme de laquelle, s\u2019il r\u00e9ussit les examens, il obtiendra les deux masters. Ce double dipl\u00f4me s&rsquo;adresse aux hispanisants du Master LCIN.\u00a0<a href=\"https:\/\/web.ua.es\/es\/masteres\/comunicacion-e-industrias-creativas\/\"><\/a><\/p>\n<p><a href=\"https:\/\/web.ua.es\/es\/masteres\/comunicacion-e-industrias-creativas\/\">https:\/\/web.ua.es\/es\/masteres\/comunicacion-e-industrias-creativas\/<\/a><\/p>\n<p>Les \u00e9tudiants pourront exercer leur activit\u00e9 en entreprise, ou bien dans des organismes priv\u00e9s ou publics :\u00a0<\/p>\n<ul>\n<li>Responsable de la communication ou des relations publiques<\/li>\n<li>Charg\u00e9 de production culturelle<\/li>\n<li>Consultant en marketing culturel<\/li>\n<li>Responsable de la promotion de produits culturels<\/li>\n<li>Concepteur-r\u00e9dacteur publicitaire<\/li>\n<li>Consultant en strat\u00e9gie num\u00e9rique ou sp\u00e9cialis\u00e9 industries cr\u00e9atives et communication<\/li>\n<li>Responsable du d\u00e9veloppement des programmes, gestion des achats de nouveaux programmes, sc\u00e9naristes,<\/li>\n<li>Chef de projets dans les industries cr\u00e9atives<\/li>\n<li>Chef de projet \u00e9v\u00e9nementiel<\/li>\n<li>Chef de groupe de cr\u00e9ation multim\u00e9dia<\/li>\n<li>Responsable de conception de communication multim\u00e9dia<\/li>\n<li>Charg\u00e9 de communication web (management de sites, d&rsquo;applications mobiles et de communaut\u00e9s en ligne)<\/li>\n<li>Gestionnaire de lieux culturels (salles de spectacles, espaces de cr\u00e9ation etc.)<\/li>\n<li>Social media manager<\/li>\n<\/ul>\n<p><span><\/span><\/p>\n<p><span><\/span><\/p>\n<ul><\/ul>\n<p>[\/et_pb_text][et_pb_text _builder_version=\u00a0\u00bb3.22.1&Prime; width=\u00a0\u00bb100%\u00a0\u00bb custom_padding=\u00a0\u00bb0px|||0px||\u00a0\u00bb z_index_tablet=\u00a0\u00bb500&Prime;]<\/p>\n<p><span><\/span><strong>Remise de dipl\u00f4mes\u00a0<\/strong><\/p>\n<p><a href=\"https:\/\/wordpress-test.app.u-pariscite.fr\/eila\/wp-content\/uploads\/sites\/42\/2023\/03\/LCIN-Diplo\u0302mes-2023-min.pdf\" rel=\"attachment wp-att-3979\">LCIN Diplo\u0302mes 2023<\/a><\/p>\n<p><span><\/span><\/p>\n<ul><\/ul>\n<p>[\/et_pb_text][\/et_pb_column][\/et_pb_row][\/et_pb_section]<\/p>\n","protected":false},"excerpt":{"rendered":"<p>Plannings Le master LCIN (Langues, industries Culturelles et cr\u00e9atives, Innovations Num\u00e9riques) vise \u00e0 former des cadres trilingues charg\u00e9s de la promotion et de la diffusion des biens et services culturels (\u00e9v\u00e9nementiel) par l\u2019interm\u00e9diaire du num\u00e9rique et de l\u2019internet (blogs, r\u00e9seaux sociaux, etc.) au niveau national et international. Le master LCIN accorde une place pr\u00e9pond\u00e9rante aux&hellip; <a class=\"continue\" href=\"https:\/\/wordpress-test.app.u-pariscite.fr\/eila\/espace-master-2-lcin\/\">Lire la suite<span> Espace Master 2 LCIN<\/span><\/a><\/p>\n","protected":false},"author":248,"featured_media":0,"parent":0,"menu_order":0,"comment_status":"closed","ping_status":"closed","template":"","meta":{"_et_pb_use_builder":"on","_et_pb_old_content":"","_et_gb_content_width":"","footnotes":""},"class_list":["post-1110","page","type-page","status-publish","hentry"],"_links":{"self":[{"href":"https:\/\/wordpress-test.app.u-pariscite.fr\/eila\/wp-json\/wp\/v2\/pages\/1110","targetHints":{"allow":["GET"]}}],"collection":[{"href":"https:\/\/wordpress-test.app.u-pariscite.fr\/eila\/wp-json\/wp\/v2\/pages"}],"about":[{"href":"https:\/\/wordpress-test.app.u-pariscite.fr\/eila\/wp-json\/wp\/v2\/types\/page"}],"author":[{"embeddable":true,"href":"https:\/\/wordpress-test.app.u-pariscite.fr\/eila\/wp-json\/wp\/v2\/users\/248"}],"replies":[{"embeddable":true,"href":"https:\/\/wordpress-test.app.u-pariscite.fr\/eila\/wp-json\/wp\/v2\/comments?post=1110"}],"version-history":[{"count":22,"href":"https:\/\/wordpress-test.app.u-pariscite.fr\/eila\/wp-json\/wp\/v2\/pages\/1110\/revisions"}],"predecessor-version":[{"id":4969,"href":"https:\/\/wordpress-test.app.u-pariscite.fr\/eila\/wp-json\/wp\/v2\/pages\/1110\/revisions\/4969"}],"wp:attachment":[{"href":"https:\/\/wordpress-test.app.u-pariscite.fr\/eila\/wp-json\/wp\/v2\/media?parent=1110"}],"curies":[{"name":"wp","href":"https:\/\/api.w.org\/{rel}","templated":true}]}}