{"id":1098,"date":"2021-06-28T09:33:42","date_gmt":"2021-06-28T07:33:42","guid":{"rendered":"https:\/\/wordpress-test.app.u-pariscite.fr\/eila\/?page_id=1098"},"modified":"2023-07-13T13:08:01","modified_gmt":"2023-07-13T11:08:01","slug":"synthese-des-enseignements","status":"publish","type":"page","link":"https:\/\/wordpress-test.app.u-pariscite.fr\/eila\/synthese-des-enseignements\/","title":{"rendered":"Synth\u00e8se des enseignements"},"content":{"rendered":"<p>[et_pb_section bb_built=\u00a0\u00bb1&Prime; next_background_color=\u00a0\u00bb#000000&Prime; inner_width=\u00a0\u00bbauto\u00a0\u00bb inner_max_width=\u00a0\u00bbnone\u00a0\u00bb][et_pb_row][et_pb_column type=\u00a0\u00bb4_4&Prime;][et_pb_post_title admin_label=\u00a0\u00bbTitre de la page\u00a0\u00bb _builder_version=\u00a0\u00bb3.19.11&Prime; meta=\u00a0\u00bboff\u00a0\u00bb featured_image=\u00a0\u00bboff\u00a0\u00bb \/][\/et_pb_column][\/et_pb_row][et_pb_row][et_pb_column type=\u00a0\u00bb3_4&Prime;][et_pb_text admin_label=\u00a0\u00bbIntro\u00a0\u00bb _builder_version=\u00a0\u00bb3.22.1&Prime; module_id=\u00a0\u00bbintro\u00a0\u00bb text_text_shadow_horizontal_length=\u00a0\u00bbtext_text_shadow_style,%91object Object%93&Prime; text_text_shadow_vertical_length=\u00a0\u00bbtext_text_shadow_style,%91object Object%93&Prime; text_text_shadow_blur_strength=\u00a0\u00bbtext_text_shadow_style,%91object Object%93&Prime; link_text_shadow_horizontal_length=\u00a0\u00bblink_text_shadow_style,%91object Object%93&Prime; link_text_shadow_vertical_length=\u00a0\u00bblink_text_shadow_style,%91object Object%93&Prime; link_text_shadow_blur_strength=\u00a0\u00bblink_text_shadow_style,%91object Object%93&Prime; ul_text_shadow_horizontal_length=\u00a0\u00bbul_text_shadow_style,%91object Object%93&Prime; ul_text_shadow_vertical_length=\u00a0\u00bbul_text_shadow_style,%91object Object%93&Prime; ul_text_shadow_blur_strength=\u00a0\u00bbul_text_shadow_style,%91object Object%93&Prime; ol_text_shadow_horizontal_length=\u00a0\u00bbol_text_shadow_style,%91object Object%93&Prime; ol_text_shadow_vertical_length=\u00a0\u00bbol_text_shadow_style,%91object Object%93&Prime; ol_text_shadow_blur_strength=\u00a0\u00bbol_text_shadow_style,%91object Object%93&Prime; quote_text_shadow_horizontal_length=\u00a0\u00bbquote_text_shadow_style,%91object Object%93&Prime; quote_text_shadow_vertical_length=\u00a0\u00bbquote_text_shadow_style,%91object Object%93&Prime; quote_text_shadow_blur_strength=\u00a0\u00bbquote_text_shadow_style,%91object Object%93&Prime; header_text_shadow_horizontal_length=\u00a0\u00bbheader_text_shadow_style,%91object Object%93&Prime; header_text_shadow_vertical_length=\u00a0\u00bbheader_text_shadow_style,%91object Object%93&Prime; header_text_shadow_blur_strength=\u00a0\u00bbheader_text_shadow_style,%91object Object%93&Prime; header_2_text_shadow_horizontal_length=\u00a0\u00bbheader_2_text_shadow_style,%91object Object%93&Prime; header_2_text_shadow_vertical_length=\u00a0\u00bbheader_2_text_shadow_style,%91object Object%93&Prime; header_2_text_shadow_blur_strength=\u00a0\u00bbheader_2_text_shadow_style,%91object Object%93&Prime; header_3_text_shadow_horizontal_length=\u00a0\u00bbheader_3_text_shadow_style,%91object Object%93&Prime; header_3_text_shadow_vertical_length=\u00a0\u00bbheader_3_text_shadow_style,%91object Object%93&Prime; header_3_text_shadow_blur_strength=\u00a0\u00bbheader_3_text_shadow_style,%91object Object%93&Prime; header_4_text_shadow_horizontal_length=\u00a0\u00bbheader_4_text_shadow_style,%91object Object%93&Prime; header_4_text_shadow_vertical_length=\u00a0\u00bbheader_4_text_shadow_style,%91object Object%93&Prime; header_4_text_shadow_blur_strength=\u00a0\u00bbheader_4_text_shadow_style,%91object Object%93&Prime; header_5_text_shadow_horizontal_length=\u00a0\u00bbheader_5_text_shadow_style,%91object Object%93&Prime; header_5_text_shadow_vertical_length=\u00a0\u00bbheader_5_text_shadow_style,%91object Object%93&Prime; header_5_text_shadow_blur_strength=\u00a0\u00bbheader_5_text_shadow_style,%91object Object%93&Prime; header_6_text_shadow_horizontal_length=\u00a0\u00bbheader_6_text_shadow_style,%91object Object%93&Prime; header_6_text_shadow_vertical_length=\u00a0\u00bbheader_6_text_shadow_style,%91object Object%93&Prime; header_6_text_shadow_blur_strength=\u00a0\u00bbheader_6_text_shadow_style,%91object Object%93&Prime; z_index_tablet=\u00a0\u00bb500&Prime;]<\/p>\n<div class=\"page\" title=\"Page 1\">\n<div class=\"layoutArea\">\n<div class=\"column\">\n<p>Les cours \u00e0 l\u2019universit\u00e9 sont dispens\u00e9s \u00e0 85 % par des intervenants du monde professionnel.<\/p>\n<\/div>\n<\/div>\n<\/div>\n<p>[\/et_pb_text][\/et_pb_column][et_pb_column type=\u00a0\u00bb1_4&Prime;][\/et_pb_column][\/et_pb_row][et_pb_row][et_pb_column type=\u00a0\u00bb3_4&Prime;][et_pb_text _builder_version=\u00a0\u00bb3.22.1&Prime; module_id=\u00a0\u00bbcontenu\u00a0\u00bb text_text_shadow_horizontal_length=\u00a0\u00bbtext_text_shadow_style,%91object Object%93&Prime; text_text_shadow_vertical_length=\u00a0\u00bbtext_text_shadow_style,%91object Object%93&Prime; text_text_shadow_blur_strength=\u00a0\u00bbtext_text_shadow_style,%91object Object%93&Prime; link_text_shadow_horizontal_length=\u00a0\u00bblink_text_shadow_style,%91object Object%93&Prime; link_text_shadow_vertical_length=\u00a0\u00bblink_text_shadow_style,%91object Object%93&Prime; link_text_shadow_blur_strength=\u00a0\u00bblink_text_shadow_style,%91object Object%93&Prime; ul_text_shadow_horizontal_length=\u00a0\u00bbul_text_shadow_style,%91object Object%93&Prime; ul_text_shadow_vertical_length=\u00a0\u00bbul_text_shadow_style,%91object Object%93&Prime; ul_text_shadow_blur_strength=\u00a0\u00bbul_text_shadow_style,%91object Object%93&Prime; ol_text_shadow_horizontal_length=\u00a0\u00bbol_text_shadow_style,%91object Object%93&Prime; ol_text_shadow_vertical_length=\u00a0\u00bbol_text_shadow_style,%91object Object%93&Prime; ol_text_shadow_blur_strength=\u00a0\u00bbol_text_shadow_style,%91object Object%93&Prime; quote_text_shadow_horizontal_length=\u00a0\u00bbquote_text_shadow_style,%91object Object%93&Prime; quote_text_shadow_vertical_length=\u00a0\u00bbquote_text_shadow_style,%91object Object%93&Prime; quote_text_shadow_blur_strength=\u00a0\u00bbquote_text_shadow_style,%91object Object%93&Prime; header_text_shadow_horizontal_length=\u00a0\u00bbheader_text_shadow_style,%91object Object%93&Prime; header_text_shadow_vertical_length=\u00a0\u00bbheader_text_shadow_style,%91object Object%93&Prime; header_text_shadow_blur_strength=\u00a0\u00bbheader_text_shadow_style,%91object Object%93&Prime; header_2_text_shadow_horizontal_length=\u00a0\u00bbheader_2_text_shadow_style,%91object Object%93&Prime; header_2_text_shadow_vertical_length=\u00a0\u00bbheader_2_text_shadow_style,%91object Object%93&Prime; header_2_text_shadow_blur_strength=\u00a0\u00bbheader_2_text_shadow_style,%91object Object%93&Prime; header_3_text_shadow_horizontal_length=\u00a0\u00bbheader_3_text_shadow_style,%91object Object%93&Prime; header_3_text_shadow_vertical_length=\u00a0\u00bbheader_3_text_shadow_style,%91object Object%93&Prime; header_3_text_shadow_blur_strength=\u00a0\u00bbheader_3_text_shadow_style,%91object Object%93&Prime; header_4_text_shadow_horizontal_length=\u00a0\u00bbheader_4_text_shadow_style,%91object Object%93&Prime; header_4_text_shadow_vertical_length=\u00a0\u00bbheader_4_text_shadow_style,%91object Object%93&Prime; header_4_text_shadow_blur_strength=\u00a0\u00bbheader_4_text_shadow_style,%91object Object%93&Prime; header_5_text_shadow_horizontal_length=\u00a0\u00bbheader_5_text_shadow_style,%91object Object%93&Prime; header_5_text_shadow_vertical_length=\u00a0\u00bbheader_5_text_shadow_style,%91object Object%93&Prime; header_5_text_shadow_blur_strength=\u00a0\u00bbheader_5_text_shadow_style,%91object Object%93&Prime; header_6_text_shadow_horizontal_length=\u00a0\u00bbheader_6_text_shadow_style,%91object Object%93&Prime; header_6_text_shadow_vertical_length=\u00a0\u00bbheader_6_text_shadow_style,%91object Object%93&Prime; header_6_text_shadow_blur_strength=\u00a0\u00bbheader_6_text_shadow_style,%91object Object%93&Prime; z_index_tablet=\u00a0\u00bb500&Prime;]<\/p>\n<p><strong>Master 1 LEA &#8211; Parcours : Langues, interpr\u00e9tation et strat\u00e9gies interculturelles\u00a0<\/strong><\/p>\n<p><strong>Semestre 1 (30 ECTS)<\/strong><\/p>\n<ul>\n<li>Langues et Strat\u00e9gies de communication (4 ECTS)<\/li>\n<\/ul>\n<ul>\n<li>Prise de parole et culture g\u00e9n\u00e9rale du monde anglophone (2 ECTS)<\/li>\n<li>Prise de parole et strat\u00e9gies de communication en (au choix) allemand \/ chinois \/ espagnol (2 ECTS)<\/li>\n<\/ul>\n<ul>\n<li>M\u00e9diation, interpr\u00e9tation et traduction (8 ECTS)\n<ul>\n<li>Anglais interpr\u00e9tation, ateliers (2 ECTS)<\/li>\n<li>Culture g\u00e9n\u00e9rale de la traduction (2 ECTS)<\/li>\n<li>Traduction sciences humaines anglais (2 ECTS)<\/li>\n<li>Traduction sciences humaines (au choix) allemand \/ chinois \/ espagnol (2 ECTS)<\/li>\n<\/ul>\n<\/li>\n<li>Enjeux g\u00e9opolitiques contemporains (6 ECTS)\n<ul>\n<li>Soci\u00e9t\u00e9 US : Globalisation and the United States (en anglais) (3 ECTS)<\/li>\n<li>Au choix : (3 ECTS)\n<ul>\n<li>L\u2019Allemagne dans l\u2019Europe\u00a0<\/li>\n<li>Relation \u00e9conomique Europe-Chine<\/li>\n<li>Am\u00e9rique latine : langue, cultures et pouvoirs<\/li>\n<\/ul>\n<\/li>\n<\/ul>\n<\/li>\n<li>Strat\u00e9gies et intelligence interculturelles (8 ECTS)\n<ul>\n<li>Monde anglophone, Relations interethniques en Grande Bretagne (en anglais) (2 ECTS)<\/li>\n<li>Patrimoine et diversit\u00e9 dans la ville aux \u00e9poques moderne et contemporaine (2 ECTS)<\/li>\n<li>\u00c9critures et Strat\u00e9gies r\u00e9dactionnelles (2 ECTS)<\/li>\n<li>Communication et intelligence interculturelles (2 ECTS)<\/li>\n<\/ul>\n<\/li>\n<li>M\u00e9diations et techniques professionnelles (4 ECTS)\n<ul>\n<li>Argumentation, synth\u00e8se (2 ECTS)<\/li>\n<li>Terminologie (2 ECTS)<\/li>\n<\/ul>\n<\/li>\n<\/ul>\n<p><strong>Semestre 2 (30 ECTS)<\/strong><\/p>\n<ul>\n<li>Interpr\u00e9tation et strat\u00e9gies de communication (6 ECTS)\n<ul>\n<li>Atelier interpr\u00e9tation anglais\/fran\u00e7ais (3 ECTS)<\/li>\n<li>Interpr\u00e9tation\/communication (au choix) allemand \/ chinois \/ espagnol (2 ECTS)<\/li>\n<li>Prise de parole et culture g\u00e9n\u00e9rale du monde anglophone (1 ECTS)<\/li>\n<\/ul>\n<\/li>\n<li>Langues et traduction (6 ECTS)\n<ul>\n<li>Traduction sciences humaines anglais (2 ECTS)<\/li>\n<li>Traduction juridique anglais (2 ECTS)<\/li>\n<li>Traduction sciences humaines (au choix) allemand, chinois, espagnol (2 ECTS)<\/li>\n<\/ul>\n<\/li>\n<li>Strat\u00e9gies et intelligence interculturelles (6 ECTS)\n<ul>\n<li>Diversit\u00e9 culturelle (2 ECTS)<\/li>\n<li>Approche linguistique et g\u00e9opolitique des mondes modernes (3 ECTS)<\/li>\n<li>Anglais Lingua Franca (1 ECTS)<\/li>\n<\/ul>\n<\/li>\n<li>Langues, \u00e9changes et enjeux g\u00e9opolitiques (6 ECTS)\n<ul>\n<li>Civilisation du monde anglophone : enjeux culturels et \u00e9conomiques contemporains (2 ECTS)<\/li>\n<li>Circulations, connexions, internationalisations (2 ECTS)<\/li>\n<li>Au choix : (2 ECTS)\n<ul>\n<li>L\u2019Allemagne dans l\u2019Europe<\/li>\n<li>\u00c9changes \u00e9conomiques et g\u00e9ostrat\u00e9giques de la Chine<\/li>\n<li>Civilisation espagnole<\/li>\n<li>Langue et civilisation fran\u00e7aise<\/li>\n<\/ul>\n<\/li>\n<\/ul>\n<\/li>\n<li>M\u00e9diations techniques et professionnelles (6 ECTS)\n<ul>\n<li>M\u00e9thodologie de la recherche de stage (1 ECTS)<\/li>\n<li>Cultures juridiques compar\u00e9es (3 ECTS)<\/li>\n<li>Terminologie (2 ECTS)<\/li>\n<\/ul>\n<\/li>\n<\/ul>\n<p><strong>Master 2 LEA &#8211; Parcours : Langues, interpr\u00e9tations et strat\u00e9gies interculturelles<\/strong><\/p>\n<p>L\u2019alternance propos\u00e9e en 2\u00e8me ann\u00e9e selon un rythme hebdomadaire, permet de mettre en place efficacement la dimension professionnelle du Master gr\u00e2ce \u00e0 une immersion longue en entreprise.<\/p>\n<p><strong>Semestre 3 et 4 (60 ECTS)<\/strong><\/p>\n<ul>\n<li>Interpr\u00e9tation et communication professionnelle (8 ECTS)\n<ul>\n<li>M\u00e9thodologie de l\u2019interpr\u00e9tation cons\u00e9cutive, prise de notes et th\u00e9orie (0 ECTS) 10h<\/li>\n<li>Interpr\u00e9tation fran\u00e7ais\/anglais (4 ECTS) 27h<\/li>\n<li>Interpr\u00e9tation fran\u00e7ais (au choix) allemand \/ chinois \/ espagnol (4 ECTS) 36h<\/li>\n<li>Interpr\u00e9ter dans les services publics : enjeux interculturels (0 ECTS) 10h<\/li>\n<li>Master class d&rsquo;interpr\u00e9tation (0 ECTS) 12h<\/li>\n<\/ul>\n<\/li>\n<li>Traduction, synth\u00e8se et strat\u00e9gies d\u2019\u00e9criture (6 ECTS)\n<ul>\n<li>Traduction sciences humaines anglais (3 ECTS) 27h<\/li>\n<li>Traduction sciences humaines (au choix) allemand \/ chinois \/ espagnol (3 ECTS) 27h<\/li>\n<\/ul>\n<\/li>\n<li>Savoirs et savoir-faire interculturels (19 ECTS)\n<ul>\n<li>S\u00e9minaire du GRER (2 ECTS) 12h<\/li>\n<li>S\u00e9minaire politiques linguistiques (2 ECTS) 12h<\/li>\n<li>S\u00e9minaire approche linguistique et g\u00e9opolitique des mondes modernes (3 ECTS) 27h<\/li>\n<li>Communication et management interculturel (3 ECTS) 15h<\/li>\n<li>N\u00e9gociation en contexte interculturel (en anglais) (3 ECTS) 15h<\/li>\n<li>Gestion et d\u00e9veloppement de projet interculturel (3 ECTS) 10h<\/li>\n<li>Genre et intersectionnalit\u00e9 (en anglais) (3 ECTS) 15h<\/li>\n<\/ul>\n<\/li>\n<li>Entreprise, droit et administration (8 ECTS)\n<ul>\n<li>Relations internationales (3 ECTS) 20h<\/li>\n<li>Affaires publiques : Politiques publiques et innovation sociale (3 ECTS) 20h<\/li>\n<li>Droits des contrats \/ droit de l\u2019entreprise (2 ECTS) 14h<\/li>\n<\/ul>\n<\/li>\n<li>M\u00e9diations techniques et professionnelles (9 ECTS)\n<ul>\n<li>Terminologie (2 ECTS) 10h<\/li>\n<li>Introduction aux ressources humaines (2 ECTS) 10h<\/li>\n<li>Comptabilit\u00e9 et gestion (1 ECTS) 10h<\/li>\n<li>M\u00e9thodologie de la recherche (2 ECTS) 12h<\/li>\n<li>Atelier InDesign (2 ECTS) 18h<\/li>\n<\/ul>\n<\/li>\n<li>M\u00e9moire : r\u00e9daction et m\u00e9thodologie (10 ECTS)\n<ul>\n<li>M\u00e9moires (4 ECTS) 70h<\/li>\n<li>Soutenance (2 ECTS)<\/li>\n<li>Apprentissage (4 ECTS)<\/li>\n<\/ul>\n<\/li>\n<\/ul>\n<p><a href=\"https:\/\/wordpress-test.app.u-pariscite.fr\/eila\/wp-content\/uploads\/sites\/42\/2023\/07\/Synthe\u0300se-des-enseignements-2023-2024-M1-LISI.docx\">Synthe\u0300se des enseignements 2023-2024 M1 LISI<\/a><\/p>\n<p><a href=\"https:\/\/wordpress-test.app.u-pariscite.fr\/eila\/wp-content\/uploads\/sites\/42\/2023\/07\/Synthe\u0300se-des-enseignements-M2-LISI-2022-2023.pdf\">Synthe\u0300se des enseignements M2 LISI 2022-2023<\/a><\/p>\n<p>[\/et_pb_text][\/et_pb_column][et_pb_column type=\u00a0\u00bb1_4&Prime;][\/et_pb_column][\/et_pb_row][\/et_pb_section][et_pb_section bb_built=\u00a0\u00bb1&Prime; specialty=\u00a0\u00bboff\u00a0\u00bb _builder_version=\u00a0\u00bb3.21&Prime; custom_padding=\u00a0\u00bb0px||0px|\u00a0\u00bb prev_background_color=\u00a0\u00bb#000000&Prime; inner_width=\u00a0\u00bbauto\u00a0\u00bb inner_max_width=\u00a0\u00bbnone\u00a0\u00bb][et_pb_row _builder_version=\u00a0\u00bb3.19.11&Prime; width=\u00a0\u00bb80%\u00a0\u00bb max_width=\u00a0\u00bb1080px\u00a0\u00bb][et_pb_column type=\u00a0\u00bb4_4&Prime;][et_pb_text admin_label=\u00a0\u00bb\u00c0 lire aussi\u00a0\u00bb _builder_version=\u00a0\u00bb3.21&Prime;]<\/p>\n<h2><span class=\"st\">\u00c0<\/span> lire aussi<\/h2>\n<p>[\/et_pb_text][et_pb_blog _builder_version=\u00a0\u00bb3.21&Prime; posts_number=\u00a0\u00bb4&Prime; include_categories=\u00a0\u00bb13&Prime; show_author=\u00a0\u00bboff\u00a0\u00bb show_date=\u00a0\u00bboff\u00a0\u00bb show_pagination=\u00a0\u00bboff\u00a0\u00bb border_width_bottom_fullwidth=\u00a0\u00bb1px\u00a0\u00bb border_color_bottom_fullwidth=\u00a0\u00bbrgba(51,51,51,0.18)\u00a0\u00bb custom_padding=\u00a0\u00bb||50px|\u00a0\u00bb module_id=\u00a0\u00bbpage_type_blog\u00a0\u00bb header_level=\u00a0\u00bbh4&Prime; \/][\/et_pb_column][\/et_pb_row][\/et_pb_section]<\/p>\n","protected":false},"excerpt":{"rendered":"<div class=\"et_pb_row et_pb_row_0 et_pb_row_empty\"><\/div>\n<div class=\"et_pb_row et_pb_row_1 et_pb_row_empty\"><\/div>\n<p> Les cours \u00e0 l\u2019universit\u00e9 sont dispens\u00e9s \u00e0 85 % par des intervenants du monde professionnel. <\/p>\n<div class=\"et_pb_row et_pb_row_2 et_pb_row_empty\"><\/div>\n<p> Master 1 LEA &#8211; Parcours : Langues, interpr\u00e9tation et strat\u00e9gies interculturelles\u00a0Semestre 1 (30 ECTS)Langues et Strat\u00e9gies de communication (4 ECTS)Prise de parole et culture g\u00e9n\u00e9rale du monde anglophone (2 ECTS)Prise de parole et strat\u00e9gies de communication en (au&hellip; <a class=\"continue\" href=\"https:\/\/wordpress-test.app.u-pariscite.fr\/eila\/synthese-des-enseignements\/\">Lire la suite<span> Synth\u00e8se des enseignements<\/span><\/a><\/p>\n","protected":false},"author":248,"featured_media":0,"parent":0,"menu_order":0,"comment_status":"closed","ping_status":"closed","template":"","meta":{"_et_pb_use_builder":"on","_et_pb_old_content":"","_et_gb_content_width":"","footnotes":""},"class_list":["post-1098","page","type-page","status-publish","hentry"],"_links":{"self":[{"href":"https:\/\/wordpress-test.app.u-pariscite.fr\/eila\/wp-json\/wp\/v2\/pages\/1098","targetHints":{"allow":["GET"]}}],"collection":[{"href":"https:\/\/wordpress-test.app.u-pariscite.fr\/eila\/wp-json\/wp\/v2\/pages"}],"about":[{"href":"https:\/\/wordpress-test.app.u-pariscite.fr\/eila\/wp-json\/wp\/v2\/types\/page"}],"author":[{"embeddable":true,"href":"https:\/\/wordpress-test.app.u-pariscite.fr\/eila\/wp-json\/wp\/v2\/users\/248"}],"replies":[{"embeddable":true,"href":"https:\/\/wordpress-test.app.u-pariscite.fr\/eila\/wp-json\/wp\/v2\/comments?post=1098"}],"version-history":[{"count":5,"href":"https:\/\/wordpress-test.app.u-pariscite.fr\/eila\/wp-json\/wp\/v2\/pages\/1098\/revisions"}],"predecessor-version":[{"id":4194,"href":"https:\/\/wordpress-test.app.u-pariscite.fr\/eila\/wp-json\/wp\/v2\/pages\/1098\/revisions\/4194"}],"wp:attachment":[{"href":"https:\/\/wordpress-test.app.u-pariscite.fr\/eila\/wp-json\/wp\/v2\/media?parent=1098"}],"curies":[{"name":"wp","href":"https:\/\/api.w.org\/{rel}","templated":true}]}}