{"id":1091,"date":"2021-06-28T09:25:48","date_gmt":"2021-06-28T07:25:48","guid":{"rendered":"https:\/\/wordpress-test.app.u-pariscite.fr\/eila\/?page_id=1091"},"modified":"2021-07-10T21:35:03","modified_gmt":"2021-07-10T19:35:03","slug":"ilts-association-diplomes","status":"publish","type":"page","link":"https:\/\/wordpress-test.app.u-pariscite.fr\/eila\/ilts-association-diplomes\/","title":{"rendered":"Espace Master ILTS &#8211; association des dipl\u00f4m\u00e9s ILTS"},"content":{"rendered":"<p>[et_pb_section bb_built=\u00a0\u00bb1&Prime; next_background_color=\u00a0\u00bb#000000&Prime; inner_width=\u00a0\u00bbauto\u00a0\u00bb inner_max_width=\u00a0\u00bbnone\u00a0\u00bb][et_pb_row][et_pb_column type=\u00a0\u00bb4_4&Prime;][et_pb_post_title admin_label=\u00a0\u00bbTitre de la page\u00a0\u00bb _builder_version=\u00a0\u00bb3.19.11&Prime; meta=\u00a0\u00bboff\u00a0\u00bb featured_image=\u00a0\u00bboff\u00a0\u00bb \/][\/et_pb_column][\/et_pb_row][et_pb_row][et_pb_column type=\u00a0\u00bb3_4&Prime;][et_pb_text admin_label=\u00a0\u00bbIntro\u00a0\u00bb _builder_version=\u00a0\u00bb3.22.1&Prime; module_id=\u00a0\u00bbintro\u00a0\u00bb text_text_shadow_horizontal_length=\u00a0\u00bbtext_text_shadow_style,%91object Object%93&Prime; text_text_shadow_vertical_length=\u00a0\u00bbtext_text_shadow_style,%91object Object%93&Prime; text_text_shadow_blur_strength=\u00a0\u00bbtext_text_shadow_style,%91object Object%93&Prime; link_text_shadow_horizontal_length=\u00a0\u00bblink_text_shadow_style,%91object Object%93&Prime; link_text_shadow_vertical_length=\u00a0\u00bblink_text_shadow_style,%91object Object%93&Prime; link_text_shadow_blur_strength=\u00a0\u00bblink_text_shadow_style,%91object Object%93&Prime; ul_text_shadow_horizontal_length=\u00a0\u00bbul_text_shadow_style,%91object Object%93&Prime; ul_text_shadow_vertical_length=\u00a0\u00bbul_text_shadow_style,%91object Object%93&Prime; ul_text_shadow_blur_strength=\u00a0\u00bbul_text_shadow_style,%91object Object%93&Prime; ol_text_shadow_horizontal_length=\u00a0\u00bbol_text_shadow_style,%91object Object%93&Prime; ol_text_shadow_vertical_length=\u00a0\u00bbol_text_shadow_style,%91object Object%93&Prime; ol_text_shadow_blur_strength=\u00a0\u00bbol_text_shadow_style,%91object Object%93&Prime; quote_text_shadow_horizontal_length=\u00a0\u00bbquote_text_shadow_style,%91object Object%93&Prime; quote_text_shadow_vertical_length=\u00a0\u00bbquote_text_shadow_style,%91object Object%93&Prime; quote_text_shadow_blur_strength=\u00a0\u00bbquote_text_shadow_style,%91object Object%93&Prime; header_text_shadow_horizontal_length=\u00a0\u00bbheader_text_shadow_style,%91object Object%93&Prime; header_text_shadow_vertical_length=\u00a0\u00bbheader_text_shadow_style,%91object Object%93&Prime; header_text_shadow_blur_strength=\u00a0\u00bbheader_text_shadow_style,%91object Object%93&Prime; header_2_text_shadow_horizontal_length=\u00a0\u00bbheader_2_text_shadow_style,%91object Object%93&Prime; header_2_text_shadow_vertical_length=\u00a0\u00bbheader_2_text_shadow_style,%91object Object%93&Prime; header_2_text_shadow_blur_strength=\u00a0\u00bbheader_2_text_shadow_style,%91object Object%93&Prime; header_3_text_shadow_horizontal_length=\u00a0\u00bbheader_3_text_shadow_style,%91object Object%93&Prime; header_3_text_shadow_vertical_length=\u00a0\u00bbheader_3_text_shadow_style,%91object Object%93&Prime; header_3_text_shadow_blur_strength=\u00a0\u00bbheader_3_text_shadow_style,%91object Object%93&Prime; header_4_text_shadow_horizontal_length=\u00a0\u00bbheader_4_text_shadow_style,%91object Object%93&Prime; header_4_text_shadow_vertical_length=\u00a0\u00bbheader_4_text_shadow_style,%91object Object%93&Prime; header_4_text_shadow_blur_strength=\u00a0\u00bbheader_4_text_shadow_style,%91object Object%93&Prime; header_5_text_shadow_horizontal_length=\u00a0\u00bbheader_5_text_shadow_style,%91object Object%93&Prime; header_5_text_shadow_vertical_length=\u00a0\u00bbheader_5_text_shadow_style,%91object Object%93&Prime; header_5_text_shadow_blur_strength=\u00a0\u00bbheader_5_text_shadow_style,%91object Object%93&Prime; header_6_text_shadow_horizontal_length=\u00a0\u00bbheader_6_text_shadow_style,%91object Object%93&Prime; header_6_text_shadow_vertical_length=\u00a0\u00bbheader_6_text_shadow_style,%91object Object%93&Prime; header_6_text_shadow_blur_strength=\u00a0\u00bbheader_6_text_shadow_style,%91object Object%93&Prime; z_index_tablet=\u00a0\u00bb500&Prime;]<\/p>\n<h2 id=\"qu_est-ce_que_l_atcdil\" class=\"sectionedit4\">ATCDIL\u00a0<\/h2>\n<p>[\/et_pb_text][et_pb_toggle admin_label=\u00a0\u00bbATCDIL\u00a0\u00bb _builder_version=\u00a0\u00bb3.22.1&Prime; title=\u00a0\u00bbQu\u2019est-ce que l\u2019ATCDIL ?\u00a0\u00bb text_shadow_horizontal_length=\u00a0\u00bbtext_shadow_style,%91object Object%93&Prime; text_shadow_vertical_length=\u00a0\u00bbtext_shadow_style,%91object Object%93&Prime; text_shadow_blur_strength=\u00a0\u00bbtext_shadow_style,%91object Object%93&Prime; title_text_shadow_horizontal_length=\u00a0\u00bbtitle_text_shadow_style,%91object Object%93&Prime; title_text_shadow_vertical_length=\u00a0\u00bbtitle_text_shadow_style,%91object Object%93&Prime; title_text_shadow_blur_strength=\u00a0\u00bbtitle_text_shadow_style,%91object Object%93&Prime; body_text_shadow_horizontal_length=\u00a0\u00bbbody_text_shadow_style,%91object Object%93&Prime; body_text_shadow_vertical_length=\u00a0\u00bbbody_text_shadow_style,%91object Object%93&Prime; body_text_shadow_blur_strength=\u00a0\u00bbbody_text_shadow_style,%91object Object%93&Prime; z_index_tablet=\u00a0\u00bb500&Prime;]<\/p>\n<p>L\u2019Association Traduction Conception Documentaire Industrie des Langues (anciennement AJIL : Association Jussieu Industrie des Langues) a \u00e9t\u00e9 cr\u00e9\u00e9e par la promotion ILTS de 1999.<\/p>\n<p>D&rsquo;abord destin\u00e9e aux dipl\u00f4m\u00e9s en traduction technique (M2\/ DESS ILTS), elle a int\u00e9gr\u00e9 en 2010 les anciens des dipl\u00f4mes de r\u00e9daction\/communication technique de l&rsquo;UFR EILA afin de cr\u00e9er une synergie et un \u00e9change durable entre ces m\u00e9tiers.<\/p>\n<p>Son objectif est de cr\u00e9er ainsi un lieu de partage de connaissances et d&rsquo;information entre anciens dipl\u00f4m\u00e9s des 3 formations pro de l&rsquo;UFR EILA : les masters ILTS et CDMM (ex DESS RTMI), ainsi que la Licence pro R\u00e9dacteur Technique.<\/p>\n<p>[\/et_pb_toggle][et_pb_toggle admin_label=\u00a0\u00bbR\u00f4le  de l&rsquo;ATCDIL\u00a0\u00bb _builder_version=\u00a0\u00bb3.22.1&Prime; title=\u00a0\u00bbR\u00f4le de l\u2019ATCDIL\u00a0\u00bb text_shadow_horizontal_length=\u00a0\u00bbtext_shadow_style,%91object Object%93&Prime; text_shadow_vertical_length=\u00a0\u00bbtext_shadow_style,%91object Object%93&Prime; text_shadow_blur_strength=\u00a0\u00bbtext_shadow_style,%91object Object%93&Prime; title_text_shadow_horizontal_length=\u00a0\u00bbtitle_text_shadow_style,%91object Object%93&Prime; title_text_shadow_vertical_length=\u00a0\u00bbtitle_text_shadow_style,%91object Object%93&Prime; title_text_shadow_blur_strength=\u00a0\u00bbtitle_text_shadow_style,%91object Object%93&Prime; body_text_shadow_horizontal_length=\u00a0\u00bbbody_text_shadow_style,%91object Object%93&Prime; body_text_shadow_vertical_length=\u00a0\u00bbbody_text_shadow_style,%91object Object%93&Prime; body_text_shadow_blur_strength=\u00a0\u00bbbody_text_shadow_style,%91object Object%93&Prime; z_index_tablet=\u00a0\u00bb500&Prime;]<\/p>\n<h3 id=\"pendant_l_annee_de_master_2l3_pro\" class=\"sectionedit6\">Pendant l&rsquo;ann\u00e9e de Master 2 \/ L3 pro<\/h3>\n<div class=\"level3\">\n<p>Vous pouvez \u00e9crire aux anciens via la liste de diffusion et consulter le blog.<\/p>\n<ul>\n<li class=\"level1\">\n<div class=\"li\"><a class=\"mail\" title=\"ajil@eila.univ-paris-diderot.fr\" href=\"mailto:ajil@eila.univ-paris-diderot.fr\">Courriel de la liste de diffusion de l&rsquo;ATCDIL<\/a>\u00a0<em>(n&rsquo;importe qui peut \u00e9crire \u00e0 cette adresse et recevoir une r\u00e9ponse)<\/em><\/div>\n<\/li>\n<\/ul>\n<p>Vous serez inscrit automatiquement et gratuitement \u00e0 liste de diffusion et\/ ou l&rsquo;association d\u00e8s votre dipl\u00f4me acquis.<\/p>\n<\/div>\n<h3 id=\"apres_le_diplome\" class=\"sectionedit7\">Apr\u00e8s le dipl\u00f4me<\/h3>\n<div class=\"level3\">\n<p><em>\u201cPlus d\u2019un tiers des dipl\u00f4m\u00e9s ont trouv\u00e9 leur premier emploi gr\u00e2ce au r\u00e9seau d&rsquo;anciens \u00e9l\u00e8ves\u201d<\/em><\/p>\n<p>L\u2019ATCDIL fonctionnant comme un r\u00e9seau, son \u201cadh\u00e9sion\u201d vous permet de :<\/p>\n<ul>\n<li class=\"level1\">\n<div class=\"li\">consulter et participer \u00e0 la liste de diffusion des adh\u00e9rents (dipl\u00f4m\u00e9s des M2 ILTS, CDMM et de la L3 pro RT)<\/div>\n<\/li>\n<li class=\"level1\">\n<div class=\"li\">consulter et publier des offres d\u2019emploi<\/div>\n<\/li>\n<li class=\"level1\">\n<div class=\"li\">obtenir des conseils sur la recherche d\u2019emploi, l&rsquo;installation en free-lance, des infos sur les entreprises qui recrutent\u2026<\/div>\n<\/li>\n<li class=\"level1\">\n<div class=\"li\">obtenir des r\u00e9ponses \u00e0 des probl\u00e8mes de traduction, des soucis informatiques, de gestion des outils du traducteurs, etc<\/div>\n<\/li>\n<\/ul>\n<p><strong>Au 1er d\u00e9cembre 2015, la liste de diffusion de l&rsquo;ATCDIL compte 536 inscrits, toutes promos et dipl\u00f4mes confondus.<\/strong><\/p>\n<p>Sur le blog de l&rsquo;association vous trouverez des fiches m\u00e9tiers d\u00e9crivant le panel des comp\u00e9tences requises dans le domaine de l\u2019industrie de la langue, de m\u00eame que des liens vers des sites d\u00e9di\u00e9s \u00e0 ces m\u00e9tiers.<\/p>\n<p>Vous pouvez \u00e9galement devenir contributeur du blog et soumettre des articles \u00e0 publication.<\/p>\n<p>L&rsquo;ancien blog\u00a0<em>(qui n&rsquo;est plus mis \u00e0 jour)<\/em>\u00a0est accessible \u00e0 l&rsquo;adresse :\u00a0<a class=\"urlextern\" title=\"http:\/\/ajilalumni.wordpress.com\/\" href=\"http:\/\/ajilalumni.wordpress.com\/\" target=\"_blank\" rel=\"ugc nofollow noopener noreferrer\">http:\/\/ajilalumni.wordpress.com\/<\/a><\/p>\n<\/div>\n<p>[\/et_pb_toggle][et_pb_toggle admin_label=\u00a0\u00bbInfos\u00a0\u00bb _builder_version=\u00a0\u00bb3.22.1&Prime; title=\u00a0\u00bbPour plus d\u2019informations\u00a0\u00bb text_shadow_horizontal_length=\u00a0\u00bbtext_shadow_style,%91object Object%93&Prime; text_shadow_vertical_length=\u00a0\u00bbtext_shadow_style,%91object Object%93&Prime; text_shadow_blur_strength=\u00a0\u00bbtext_shadow_style,%91object Object%93&Prime; title_text_shadow_horizontal_length=\u00a0\u00bbtitle_text_shadow_style,%91object Object%93&Prime; title_text_shadow_vertical_length=\u00a0\u00bbtitle_text_shadow_style,%91object Object%93&Prime; title_text_shadow_blur_strength=\u00a0\u00bbtitle_text_shadow_style,%91object Object%93&Prime; body_text_shadow_horizontal_length=\u00a0\u00bbbody_text_shadow_style,%91object Object%93&Prime; body_text_shadow_vertical_length=\u00a0\u00bbbody_text_shadow_style,%91object Object%93&Prime; body_text_shadow_blur_strength=\u00a0\u00bbbody_text_shadow_style,%91object Object%93&Prime; z_index_tablet=\u00a0\u00bb500&Prime;]<\/p>\n<ul>\n<li class=\"level1\">\n<div class=\"li\"><a class=\"mail\" title=\"atcdil.bureau@gmail.com\" href=\"mailto:atcdil.bureau@gmail.com\">Courriel du bureau l&rsquo;ATCDIL<\/a>\u00a0<em>(tenu par 3 dipl\u00f4m\u00e9s du M2 ILTS)<\/em><\/div>\n<\/li>\n<\/ul>\n<p>[\/et_pb_toggle][\/et_pb_column][et_pb_column type=\u00a0\u00bb1_4&Prime;][\/et_pb_column][\/et_pb_row][\/et_pb_section][et_pb_section bb_built=\u00a0\u00bb1&Prime; specialty=\u00a0\u00bboff\u00a0\u00bb _builder_version=\u00a0\u00bb3.21&Prime; custom_padding=\u00a0\u00bb0px||0px|\u00a0\u00bb prev_background_color=\u00a0\u00bb#000000&Prime; inner_width=\u00a0\u00bbauto\u00a0\u00bb inner_max_width=\u00a0\u00bbnone\u00a0\u00bb][et_pb_row _builder_version=\u00a0\u00bb3.19.11&Prime; width=\u00a0\u00bb80%\u00a0\u00bb max_width=\u00a0\u00bb1080px\u00a0\u00bb][et_pb_column type=\u00a0\u00bb4_4&Prime;][et_pb_text admin_label=\u00a0\u00bb\u00c0 lire aussi\u00a0\u00bb _builder_version=\u00a0\u00bb3.21&Prime;]<\/p>\n<h2><span class=\"st\">\u00c0<\/span> lire aussi<\/h2>\n<p>[\/et_pb_text][et_pb_blog _builder_version=\u00a0\u00bb3.21&Prime; posts_number=\u00a0\u00bb4&Prime; include_categories=\u00a0\u00bb13&Prime; show_author=\u00a0\u00bboff\u00a0\u00bb show_date=\u00a0\u00bboff\u00a0\u00bb show_pagination=\u00a0\u00bboff\u00a0\u00bb border_width_bottom_fullwidth=\u00a0\u00bb1px\u00a0\u00bb border_color_bottom_fullwidth=\u00a0\u00bbrgba(51,51,51,0.18)\u00a0\u00bb custom_padding=\u00a0\u00bb||50px|\u00a0\u00bb module_id=\u00a0\u00bbpage_type_blog\u00a0\u00bb header_level=\u00a0\u00bbh4&Prime; \/][\/et_pb_column][\/et_pb_row][\/et_pb_section]<\/p>\n","protected":false},"excerpt":{"rendered":"<div class=\"et_pb_row et_pb_row_0 et_pb_row_empty\"><\/div>\n<div class=\"et_pb_row et_pb_row_1 et_pb_row_empty\"><\/div>\n<p> ATCDIL\u00a0 L\u2019Association Traduction Conception Documentaire Industrie des Langues (anciennement AJIL : Association Jussieu Industrie des Langues) a \u00e9t\u00e9 cr\u00e9\u00e9e par la promotion ILTS de 1999. D&rsquo;abord destin\u00e9e aux dipl\u00f4m\u00e9s en traduction technique (M2\/ DESS ILTS), elle a int\u00e9gr\u00e9 en 2010 les anciens des dipl\u00f4mes de r\u00e9daction\/communication technique de l&rsquo;UFR EILA afin de cr\u00e9er une&hellip; <a class=\"continue\" href=\"https:\/\/wordpress-test.app.u-pariscite.fr\/eila\/ilts-association-diplomes\/\">Lire la suite<span> Espace Master ILTS &#8211; association des dipl\u00f4m\u00e9s ILTS<\/span><\/a><\/p>\n","protected":false},"author":248,"featured_media":0,"parent":0,"menu_order":0,"comment_status":"closed","ping_status":"closed","template":"","meta":{"_et_pb_use_builder":"on","_et_pb_old_content":"","_et_gb_content_width":"","footnotes":""},"class_list":["post-1091","page","type-page","status-publish","hentry"],"_links":{"self":[{"href":"https:\/\/wordpress-test.app.u-pariscite.fr\/eila\/wp-json\/wp\/v2\/pages\/1091","targetHints":{"allow":["GET"]}}],"collection":[{"href":"https:\/\/wordpress-test.app.u-pariscite.fr\/eila\/wp-json\/wp\/v2\/pages"}],"about":[{"href":"https:\/\/wordpress-test.app.u-pariscite.fr\/eila\/wp-json\/wp\/v2\/types\/page"}],"author":[{"embeddable":true,"href":"https:\/\/wordpress-test.app.u-pariscite.fr\/eila\/wp-json\/wp\/v2\/users\/248"}],"replies":[{"embeddable":true,"href":"https:\/\/wordpress-test.app.u-pariscite.fr\/eila\/wp-json\/wp\/v2\/comments?post=1091"}],"version-history":[{"count":4,"href":"https:\/\/wordpress-test.app.u-pariscite.fr\/eila\/wp-json\/wp\/v2\/pages\/1091\/revisions"}],"predecessor-version":[{"id":1734,"href":"https:\/\/wordpress-test.app.u-pariscite.fr\/eila\/wp-json\/wp\/v2\/pages\/1091\/revisions\/1734"}],"wp:attachment":[{"href":"https:\/\/wordpress-test.app.u-pariscite.fr\/eila\/wp-json\/wp\/v2\/media?parent=1091"}],"curies":[{"name":"wp","href":"https:\/\/api.w.org\/{rel}","templated":true}]}}