{"id":1089,"date":"2021-06-28T09:24:47","date_gmt":"2021-06-28T07:24:47","guid":{"rendered":"https:\/\/wordpress-test.app.u-pariscite.fr\/eila\/?page_id=1089"},"modified":"2021-07-10T21:00:47","modified_gmt":"2021-07-10T19:00:47","slug":"ilts-cours-en-ligne","status":"publish","type":"page","link":"https:\/\/wordpress-test.app.u-pariscite.fr\/eila\/ilts-cours-en-ligne\/","title":{"rendered":"Espace Master ILTS &#8211; cours en ligne"},"content":{"rendered":"<p>[et_pb_section bb_built=\u00a0\u00bb1&Prime; next_background_color=\u00a0\u00bb#000000&Prime; inner_width=\u00a0\u00bbauto\u00a0\u00bb inner_max_width=\u00a0\u00bbnone\u00a0\u00bb][et_pb_row][et_pb_column type=\u00a0\u00bb4_4&Prime;][et_pb_post_title admin_label=\u00a0\u00bbTitre de la page\u00a0\u00bb _builder_version=\u00a0\u00bb3.19.11&Prime; meta=\u00a0\u00bboff\u00a0\u00bb featured_image=\u00a0\u00bboff\u00a0\u00bb \/][\/et_pb_column][\/et_pb_row][et_pb_row][et_pb_column type=\u00a0\u00bb3_4&Prime;][et_pb_text admin_label=\u00a0\u00bbIntro\u00a0\u00bb _builder_version=\u00a0\u00bb3.22.1&Prime; module_id=\u00a0\u00bbintro\u00a0\u00bb text_text_shadow_horizontal_length=\u00a0\u00bbtext_text_shadow_style,%91object Object%93&Prime; text_text_shadow_vertical_length=\u00a0\u00bbtext_text_shadow_style,%91object Object%93&Prime; text_text_shadow_blur_strength=\u00a0\u00bbtext_text_shadow_style,%91object Object%93&Prime; link_text_shadow_horizontal_length=\u00a0\u00bblink_text_shadow_style,%91object Object%93&Prime; link_text_shadow_vertical_length=\u00a0\u00bblink_text_shadow_style,%91object Object%93&Prime; link_text_shadow_blur_strength=\u00a0\u00bblink_text_shadow_style,%91object Object%93&Prime; ul_text_shadow_horizontal_length=\u00a0\u00bbul_text_shadow_style,%91object Object%93&Prime; ul_text_shadow_vertical_length=\u00a0\u00bbul_text_shadow_style,%91object Object%93&Prime; ul_text_shadow_blur_strength=\u00a0\u00bbul_text_shadow_style,%91object Object%93&Prime; ol_text_shadow_horizontal_length=\u00a0\u00bbol_text_shadow_style,%91object Object%93&Prime; ol_text_shadow_vertical_length=\u00a0\u00bbol_text_shadow_style,%91object Object%93&Prime; ol_text_shadow_blur_strength=\u00a0\u00bbol_text_shadow_style,%91object Object%93&Prime; quote_text_shadow_horizontal_length=\u00a0\u00bbquote_text_shadow_style,%91object Object%93&Prime; quote_text_shadow_vertical_length=\u00a0\u00bbquote_text_shadow_style,%91object Object%93&Prime; quote_text_shadow_blur_strength=\u00a0\u00bbquote_text_shadow_style,%91object Object%93&Prime; header_text_shadow_horizontal_length=\u00a0\u00bbheader_text_shadow_style,%91object Object%93&Prime; header_text_shadow_vertical_length=\u00a0\u00bbheader_text_shadow_style,%91object Object%93&Prime; header_text_shadow_blur_strength=\u00a0\u00bbheader_text_shadow_style,%91object Object%93&Prime; header_2_text_shadow_horizontal_length=\u00a0\u00bbheader_2_text_shadow_style,%91object Object%93&Prime; header_2_text_shadow_vertical_length=\u00a0\u00bbheader_2_text_shadow_style,%91object Object%93&Prime; header_2_text_shadow_blur_strength=\u00a0\u00bbheader_2_text_shadow_style,%91object Object%93&Prime; header_3_text_shadow_horizontal_length=\u00a0\u00bbheader_3_text_shadow_style,%91object Object%93&Prime; header_3_text_shadow_vertical_length=\u00a0\u00bbheader_3_text_shadow_style,%91object Object%93&Prime; header_3_text_shadow_blur_strength=\u00a0\u00bbheader_3_text_shadow_style,%91object Object%93&Prime; header_4_text_shadow_horizontal_length=\u00a0\u00bbheader_4_text_shadow_style,%91object Object%93&Prime; header_4_text_shadow_vertical_length=\u00a0\u00bbheader_4_text_shadow_style,%91object Object%93&Prime; header_4_text_shadow_blur_strength=\u00a0\u00bbheader_4_text_shadow_style,%91object Object%93&Prime; header_5_text_shadow_horizontal_length=\u00a0\u00bbheader_5_text_shadow_style,%91object Object%93&Prime; header_5_text_shadow_vertical_length=\u00a0\u00bbheader_5_text_shadow_style,%91object Object%93&Prime; header_5_text_shadow_blur_strength=\u00a0\u00bbheader_5_text_shadow_style,%91object Object%93&Prime; header_6_text_shadow_horizontal_length=\u00a0\u00bbheader_6_text_shadow_style,%91object Object%93&Prime; header_6_text_shadow_vertical_length=\u00a0\u00bbheader_6_text_shadow_style,%91object Object%93&Prime; header_6_text_shadow_blur_strength=\u00a0\u00bbheader_6_text_shadow_style,%91object Object%93&Prime; z_index_tablet=\u00a0\u00bb500&Prime;]<\/p>\n<div class=\"level1\">\n<p>Des cours en ligne sont mis \u00e0 votre disposition, en support des cours en pr\u00e9sentiel et pour vous permettre d&rsquo;approfondir tous les domaines de comp\u00e9tences abord\u00e9s pendant le master. Cours th\u00e9oriques, cours pratiques, tutoriels, d\u00e9mos, tous les formats sont exploit\u00e9s pour optimiser l&rsquo;apprentissage.<\/p>\n<ul>\n<li class=\"level1\">\n<div class=\"li\"><em>Vous pouvez acc\u00e9der \u00e0 la plupart des cours depuis la page des\u00a0<a class=\"wikilink2\" title=\"enseignement:lea:cours:index\" href=\"https:\/\/www.eila.univ-paris-diderot.fr\/enseignement\/lea\/cours\/index\" rel=\"nofollow\" data-wiki-id=\"enseignement:lea:cours:index\">cours et ressources en ligne<\/a>.<\/em><\/div>\n<\/li>\n<\/ul>\n<\/div>\n<h2 id=\"outils_informatiques\" class=\"sectionedit2\">Outils informatiques<\/h2>\n<div class=\"level2\">\n<div class=\"table sectionedit3\">\n<table class=\"inline\">\n<tbody>\n<tr class=\"row0\">\n<td class=\"col0\"><a class=\"wikilink1\" title=\"enseignement:lea:cours:informatique:index\" href=\"https:\/\/www.eila.univ-paris-diderot.fr\/enseignement\/lea\/cours\/informatique\/index\" data-wiki-id=\"enseignement:lea:cours:informatique:index\">Portail des cours d&rsquo;informatique<\/a><\/td>\n<td class=\"col1\">UFR EILA<\/td>\n<td class=\"col2\">Acc\u00e8s principal aux cours d&rsquo;informatique :\u00a0<abbr title=\"HyperText Markup Language\">HTML<\/abbr>, Perl, Word, Visual Basic<\/td>\n<\/tr>\n<tr class=\"row1\">\n<td class=\"col0\"><a class=\"wikilink1\" title=\"enseignement:lea:cours:terminologie:index\" href=\"https:\/\/www.eila.univ-paris-diderot.fr\/enseignement\/lea\/cours\/terminologie\/index\" data-wiki-id=\"enseignement:lea:cours:terminologie:index\">Outils de Traduction Assist\u00e9e par Ordinateur<\/a><\/td>\n<td class=\"col1\">Sandrine P\u00e9raldi<\/td>\n<td class=\"col2\">D\u00e9mos de logiciels d&rsquo;aide \u00e0 la traduction et la terminologie (TAO) : Trados, Multiterm, TagEditor\u2026<\/td>\n<\/tr>\n<tr class=\"row2\">\n<td class=\"col0\"><a class=\"urlextern\" title=\"http:\/\/hosting.eila.univ-paris-diderot.fr\/~juilliar\/\" href=\"http:\/\/hosting.eila.univ-paris-diderot.fr\/~juilliar\/\" target=\"_blank\" rel=\"ugc nofollow noopener noreferrer\">Cours pour la terminologie (Access, outils divers)<\/a><\/td>\n<td class=\"col1\">Mojca Pecman<\/td>\n<td class=\"col2\">La bo\u00eete \u00e0 outils du terminologue<\/td>\n<\/tr>\n<\/tbody>\n<\/table>\n<\/div>\n<\/div>\n<h2 id=\"documentation_gestion_de_corpus_et_terminologie\" class=\"sectionedit4\">Documentation, gestion de corpus et terminologie<\/h2>\n<div class=\"level2\">\n<div class=\"table sectionedit5\">\n<table class=\"inline\">\n<tbody>\n<tr class=\"row0\">\n<td class=\"col0\"><a class=\"wikilink1\" title=\"enseignement:lea:cours:rech-documentaire:gbordet2\" href=\"https:\/\/www.eila.univ-paris-diderot.fr\/enseignement\/lea\/cours\/rech-documentaire\/gbordet2\" data-wiki-id=\"enseignement:lea:cours:rech-documentaire:gbordet2\">Documentation<\/a><\/td>\n<td class=\"col1\">\n<p>Sophie Azzopardi<\/p>\n<p>Maria Zimina-Poirot<\/p>\n<\/td>\n<td class=\"col2\">M\u00e9thodologie de la recherche documentaire, conseils et liens utiles : apprendre \u00e0 chercher sur Internet, \u00e9valuer la fiabilit\u00e9 de l&rsquo;information, savoir o\u00f9 chercher, \u00e9laborer une strat\u00e9gie de recherche<\/td>\n<\/tr>\n<tr class=\"row1\">\n<td class=\"col0\"><a class=\"wikilink2\" title=\"users:avolansk:cours-il:cours1.shtml\" href=\"https:\/\/www.eila.univ-paris-diderot.fr\/users\/avolansk\/cours-il\/cours1.shtml\" rel=\"nofollow\" data-wiki-id=\"users:avolansk:cours-il:cours1.shtml\">Gestion de corpus<\/a><\/td>\n<td class=\"col1\">Alexandra Volanschi<\/td>\n<td class=\"col2\">Conception, \u00e9laboration et exploitation de corpus pour la traduction et la terminologie : o\u00f9 trouver des textes, comment les s\u00e9lectionner, utiliser un concordancier<\/td>\n<\/tr>\n<tr class=\"row2\">\n<td class=\"col0\"><a class=\"urlextern\" title=\"http:\/\/wall.eila.univ-paris-diderot.fr\/~nkubler\/desshome.htm\" href=\"http:\/\/wall.eila.univ-paris-diderot.fr\/~nkubler\/desshome.htm\" target=\"_blank\" rel=\"ugc nofollow noopener noreferrer\">Linguistique de corpus et TA<\/a><\/td>\n<td class=\"col1\">Nathalie K\u00fcbler<\/td>\n<td class=\"col2\">Th\u00e9orie et pratique de la linguistique de corpus, utilisation d&rsquo;outils : fr\u00e9quenceur, Systran (Traduction Automatique)<\/td>\n<\/tr>\n<tr class=\"row3\">\n<td class=\"col0\"><a class=\"urlextern\" title=\"http:\/\/hosting.eila.univ-paris-diderot.fr\/~juilliar\/\" href=\"http:\/\/hosting.eila.univ-paris-diderot.fr\/~juilliar\/\" target=\"_blank\" rel=\"ugc nofollow noopener noreferrer\">Terminologie<\/a><\/td>\n<td class=\"col1\">Mojca Pecman<\/td>\n<td class=\"col2\">Bases th\u00e9oriques et m\u00e9thodologie de la cr\u00e9ation de dictionnaires terminologiques : identifier les termes et leurs relations, les d\u00e9finir \u00e0 l&rsquo;aide de corpus sp\u00e9cialis\u00e9s<\/td>\n<\/tr>\n<\/tbody>\n<\/table>\n<\/div>\n<\/div>\n<h2 id=\"le_memoire\" class=\"sectionedit6\">Le m\u00e9moire<\/h2>\n<div class=\"level2\">\n<div class=\"table sectionedit7\">\n<table class=\"inline\">\n<tbody>\n<tr class=\"row0\">\n<td class=\"col0\"><a class=\"wikilink1\" title=\"formations-pro:masterpro:ilts:memoire\" href=\"https:\/\/www.eila.univ-paris-diderot.fr\/formations-pro\/masterpro\/ilts\/memoire\" data-wiki-id=\"formations-pro:masterpro:ilts:memoire\">Mode d&#8217;emploi g\u00e9n\u00e9ral<\/a><\/td>\n<td class=\"col1 leftalign\">\u00a0<\/td>\n<td class=\"col2\">Conseils pour le m\u00e9moire de traduction, terminologie et documentation<\/td>\n<\/tr>\n<tr class=\"row1\">\n<td class=\"col0\"><a class=\"urlextern\" title=\"http:\/\/hosting.eila.univ-paris-diderot.fr\/~juilliar\/sitetermino\/courspratique\/protocole.htm\" href=\"http:\/\/hosting.eila.univ-paris-diderot.fr\/~juilliar\/sitetermino\/courspratique\/protocole.htm\" target=\"_blank\" rel=\"ugc nofollow noopener noreferrer\">Protocole de r\u00e9daction<\/a><\/td>\n<td class=\"col1\">Mojca Pecman<\/td>\n<td class=\"col2\">Consignes pour la r\u00e9daction avec exemples d&rsquo;arborescences et de protocoles<\/td>\n<\/tr>\n<tr class=\"row2\">\n<td class=\"col0\"><a class=\"urlextern\" title=\"http:\/\/hosting.eila.univ-paris-diderot.fr\/~juilliar\/sitetermino\/exemples\/4exemples_protocole.htm\" href=\"http:\/\/hosting.eila.univ-paris-diderot.fr\/~juilliar\/sitetermino\/exemples\/4exemples_protocole.htm\" target=\"_blank\" rel=\"ugc nofollow noopener noreferrer\">Exemples de protocole<\/a><\/td>\n<td class=\"col1\">C\u00e9cile Fr\u00e9rot<br \/>B\u00e9n\u00e9dicte Schwartz<br \/>Aur\u00e9lie Bazin<\/td>\n<td class=\"col2\">Exemples de protocole et de m\u00e9moire des \u00e9tudiants des ann\u00e9es pr\u00e9c\u00e9dentes<\/td>\n<\/tr>\n<tr class=\"row3\">\n<td class=\"col0\"><a class=\"urlextern\" title=\"http:\/\/hosting.eila.univ-paris-diderot.fr\/~juilliar\/presentations_2005.htm\" href=\"http:\/\/hosting.eila.univ-paris-diderot.fr\/~juilliar\/presentations_2005.htm\" target=\"_blank\" rel=\"ugc nofollow noopener noreferrer\">Pr\u00e9sentations 2005<\/a><\/td>\n<td class=\"col1\">Etudiants des ann\u00e9es pr\u00e9c\u00e9dentes<\/td>\n<td class=\"col2\">Lien vers les pr\u00e9sentations des travaux r\u00e9alis\u00e9s par des \u00e9tudiants<\/td>\n<\/tr>\n<tr class=\"row4\">\n<td class=\"col0\"><a class=\"wikilink2\" title=\"enseignement:lea:cours:rech-documentaire:gbordet:index.php\" href=\"https:\/\/www.eila.univ-paris-diderot.fr\/enseignement\/lea\/cours\/rech-documentaire\/gbordet\/index.php?page=pages:memoire.php\" rel=\"nofollow\" data-wiki-id=\"enseignement:lea:cours:rech-documentaire:gbordet:index.php\">M\u00e9moires d&rsquo;\u00e9tudiants<\/a><\/td>\n<td class=\"col1\">Eve Coppon<br \/>Lucile Gaillard<br \/>Amandine Antunes<\/td>\n<td class=\"col2\">Exemples de m\u00e9moires d&rsquo;\u00e9tudiants<\/td>\n<\/tr>\n<\/tbody>\n<\/table>\n<\/div>\n<p>\u2190\u00a0<em><a class=\"wikilink1\" title=\"formations-pro:masterpro:ilts:index\" href=\"https:\/\/www.eila.univ-paris-diderot.fr\/formations-pro\/masterpro\/ilts\/index\" data-wiki-id=\"formations-pro:masterpro:ilts:index\">Master ILTS &#8211; Industrie de la langue et traduction sp\u00e9cialis\u00e9e (mention Traduction, interpr\u00e9tation)<\/a><\/em><\/p>\n<\/div>\n<p>[\/et_pb_text][\/et_pb_column][et_pb_column type=\u00a0\u00bb1_4&Prime;][\/et_pb_column][\/et_pb_row][et_pb_row][et_pb_column type=\u00a0\u00bb4_4&Prime;][\/et_pb_column][\/et_pb_row][et_pb_row][et_pb_column type=\u00a0\u00bb3_4&Prime;][et_pb_text _builder_version=\u00a0\u00bb3.22.1&Prime; module_id=\u00a0\u00bbcontenu\u00a0\u00bb text_text_shadow_horizontal_length=\u00a0\u00bbtext_text_shadow_style,%91object Object%93&Prime; text_text_shadow_vertical_length=\u00a0\u00bbtext_text_shadow_style,%91object Object%93&Prime; text_text_shadow_blur_strength=\u00a0\u00bbtext_text_shadow_style,%91object Object%93&Prime; link_text_shadow_horizontal_length=\u00a0\u00bblink_text_shadow_style,%91object Object%93&Prime; link_text_shadow_vertical_length=\u00a0\u00bblink_text_shadow_style,%91object Object%93&Prime; link_text_shadow_blur_strength=\u00a0\u00bblink_text_shadow_style,%91object Object%93&Prime; ul_text_shadow_horizontal_length=\u00a0\u00bbul_text_shadow_style,%91object Object%93&Prime; ul_text_shadow_vertical_length=\u00a0\u00bbul_text_shadow_style,%91object Object%93&Prime; ul_text_shadow_blur_strength=\u00a0\u00bbul_text_shadow_style,%91object Object%93&Prime; ol_text_shadow_horizontal_length=\u00a0\u00bbol_text_shadow_style,%91object Object%93&Prime; ol_text_shadow_vertical_length=\u00a0\u00bbol_text_shadow_style,%91object Object%93&Prime; ol_text_shadow_blur_strength=\u00a0\u00bbol_text_shadow_style,%91object Object%93&Prime; quote_text_shadow_horizontal_length=\u00a0\u00bbquote_text_shadow_style,%91object Object%93&Prime; quote_text_shadow_vertical_length=\u00a0\u00bbquote_text_shadow_style,%91object Object%93&Prime; quote_text_shadow_blur_strength=\u00a0\u00bbquote_text_shadow_style,%91object Object%93&Prime; header_text_shadow_horizontal_length=\u00a0\u00bbheader_text_shadow_style,%91object Object%93&Prime; header_text_shadow_vertical_length=\u00a0\u00bbheader_text_shadow_style,%91object Object%93&Prime; header_text_shadow_blur_strength=\u00a0\u00bbheader_text_shadow_style,%91object Object%93&Prime; header_2_text_shadow_horizontal_length=\u00a0\u00bbheader_2_text_shadow_style,%91object Object%93&Prime; header_2_text_shadow_vertical_length=\u00a0\u00bbheader_2_text_shadow_style,%91object Object%93&Prime; header_2_text_shadow_blur_strength=\u00a0\u00bbheader_2_text_shadow_style,%91object Object%93&Prime; header_3_text_shadow_horizontal_length=\u00a0\u00bbheader_3_text_shadow_style,%91object Object%93&Prime; header_3_text_shadow_vertical_length=\u00a0\u00bbheader_3_text_shadow_style,%91object Object%93&Prime; header_3_text_shadow_blur_strength=\u00a0\u00bbheader_3_text_shadow_style,%91object Object%93&Prime; header_4_text_shadow_horizontal_length=\u00a0\u00bbheader_4_text_shadow_style,%91object Object%93&Prime; header_4_text_shadow_vertical_length=\u00a0\u00bbheader_4_text_shadow_style,%91object Object%93&Prime; header_4_text_shadow_blur_strength=\u00a0\u00bbheader_4_text_shadow_style,%91object Object%93&Prime; header_5_text_shadow_horizontal_length=\u00a0\u00bbheader_5_text_shadow_style,%91object Object%93&Prime; header_5_text_shadow_vertical_length=\u00a0\u00bbheader_5_text_shadow_style,%91object Object%93&Prime; header_5_text_shadow_blur_strength=\u00a0\u00bbheader_5_text_shadow_style,%91object Object%93&Prime; header_6_text_shadow_horizontal_length=\u00a0\u00bbheader_6_text_shadow_style,%91object Object%93&Prime; header_6_text_shadow_vertical_length=\u00a0\u00bbheader_6_text_shadow_style,%91object Object%93&Prime; header_6_text_shadow_blur_strength=\u00a0\u00bbheader_6_text_shadow_style,%91object Object%93&Prime; z_index_tablet=\u00a0\u00bb500&Prime; \/][\/et_pb_column][et_pb_column type=\u00a0\u00bb1_4&Prime;][\/et_pb_column][\/et_pb_row][\/et_pb_section][et_pb_section bb_built=\u00a0\u00bb1&Prime; specialty=\u00a0\u00bboff\u00a0\u00bb _builder_version=\u00a0\u00bb3.21&Prime; custom_padding=\u00a0\u00bb0px||0px|\u00a0\u00bb prev_background_color=\u00a0\u00bb#000000&Prime; inner_width=\u00a0\u00bbauto\u00a0\u00bb inner_max_width=\u00a0\u00bbnone\u00a0\u00bb][et_pb_row _builder_version=\u00a0\u00bb3.19.11&Prime; width=\u00a0\u00bb80%\u00a0\u00bb max_width=\u00a0\u00bb1080px\u00a0\u00bb][et_pb_column type=\u00a0\u00bb4_4&Prime;][et_pb_text admin_label=\u00a0\u00bb\u00c0 lire aussi\u00a0\u00bb _builder_version=\u00a0\u00bb3.21&Prime;]<\/p>\n<h2><span class=\"st\">\u00c0<\/span> lire aussi<\/h2>\n<p>[\/et_pb_text][et_pb_blog _builder_version=\u00a0\u00bb3.21&Prime; posts_number=\u00a0\u00bb4&Prime; include_categories=\u00a0\u00bb13&Prime; show_author=\u00a0\u00bboff\u00a0\u00bb show_date=\u00a0\u00bboff\u00a0\u00bb show_pagination=\u00a0\u00bboff\u00a0\u00bb border_width_bottom_fullwidth=\u00a0\u00bb1px\u00a0\u00bb border_color_bottom_fullwidth=\u00a0\u00bbrgba(51,51,51,0.18)\u00a0\u00bb custom_padding=\u00a0\u00bb||50px|\u00a0\u00bb module_id=\u00a0\u00bbpage_type_blog\u00a0\u00bb header_level=\u00a0\u00bbh4&Prime; \/][\/et_pb_column][\/et_pb_row][\/et_pb_section]<\/p>\n","protected":false},"excerpt":{"rendered":"<div class=\"et_pb_row et_pb_row_0 et_pb_row_empty\"><\/div>\n<div class=\"et_pb_row et_pb_row_1 et_pb_row_empty\"><\/div>\n<p> Des cours en ligne sont mis \u00e0 votre disposition, en support des cours en pr\u00e9sentiel et pour vous permettre d&rsquo;approfondir tous les domaines de comp\u00e9tences abord\u00e9s pendant le master. Cours th\u00e9oriques, cours pratiques, tutoriels, d\u00e9mos, tous les formats sont exploit\u00e9s pour optimiser l&rsquo;apprentissage.Vous pouvez acc\u00e9der \u00e0 la plupart des cours depuis la page des\u00a0cours&hellip; <a class=\"continue\" href=\"https:\/\/wordpress-test.app.u-pariscite.fr\/eila\/ilts-cours-en-ligne\/\">Lire la suite<span> Espace Master ILTS &#8211; cours en ligne<\/span><\/a><\/p>\n","protected":false},"author":248,"featured_media":0,"parent":0,"menu_order":0,"comment_status":"closed","ping_status":"closed","template":"","meta":{"_et_pb_use_builder":"on","_et_pb_old_content":"","_et_gb_content_width":"","footnotes":""},"class_list":["post-1089","page","type-page","status-publish","hentry"],"_links":{"self":[{"href":"https:\/\/wordpress-test.app.u-pariscite.fr\/eila\/wp-json\/wp\/v2\/pages\/1089","targetHints":{"allow":["GET"]}}],"collection":[{"href":"https:\/\/wordpress-test.app.u-pariscite.fr\/eila\/wp-json\/wp\/v2\/pages"}],"about":[{"href":"https:\/\/wordpress-test.app.u-pariscite.fr\/eila\/wp-json\/wp\/v2\/types\/page"}],"author":[{"embeddable":true,"href":"https:\/\/wordpress-test.app.u-pariscite.fr\/eila\/wp-json\/wp\/v2\/users\/248"}],"replies":[{"embeddable":true,"href":"https:\/\/wordpress-test.app.u-pariscite.fr\/eila\/wp-json\/wp\/v2\/comments?post=1089"}],"version-history":[{"count":3,"href":"https:\/\/wordpress-test.app.u-pariscite.fr\/eila\/wp-json\/wp\/v2\/pages\/1089\/revisions"}],"predecessor-version":[{"id":1725,"href":"https:\/\/wordpress-test.app.u-pariscite.fr\/eila\/wp-json\/wp\/v2\/pages\/1089\/revisions\/1725"}],"wp:attachment":[{"href":"https:\/\/wordpress-test.app.u-pariscite.fr\/eila\/wp-json\/wp\/v2\/media?parent=1089"}],"curies":[{"name":"wp","href":"https:\/\/api.w.org\/{rel}","templated":true}]}}