{"id":1053,"date":"2021-06-28T08:31:15","date_gmt":"2021-06-28T06:31:15","guid":{"rendered":"https:\/\/wordpress-test.app.u-pariscite.fr\/eila\/?page_id=1053"},"modified":"2024-06-18T15:27:10","modified_gmt":"2024-06-18T13:27:10","slug":"examens-lansad","status":"publish","type":"page","link":"https:\/\/wordpress-test.app.u-pariscite.fr\/eila\/examens-lansad\/","title":{"rendered":"Examens DCC LANSAD &#8211; pour MENU 1 uniquement (langues, cultures et civilisations)."},"content":{"rendered":"<p>[et_pb_section fb_built=\u00a0\u00bb1&Prime; _builder_version=\u00a0\u00bb3.22&Prime;][et_pb_row _builder_version=\u00a0\u00bb3.22&Prime; background_size=\u00a0\u00bbinitial\u00a0\u00bb background_position=\u00a0\u00bbtop_left\u00a0\u00bb background_repeat=\u00a0\u00bbrepeat\u00a0\u00bb][et_pb_column type=\u00a0\u00bb4_4&Prime; _builder_version=\u00a0\u00bb3.0.47&Prime;][et_pb_post_title meta=\u00a0\u00bboff\u00a0\u00bb featured_image=\u00a0\u00bboff\u00a0\u00bb admin_label=\u00a0\u00bbTitre de la page\u00a0\u00bb _builder_version=\u00a0\u00bb3.22.1&Prime; text_shadow_style=\u00a0\u00bbpreset1&Prime;][\/et_pb_post_title][et_pb_text admin_label=\u00a0\u00bbIntro\u00a0\u00bb _builder_version=\u00a0\u00bb3.22.1&Prime; min_height=\u00a0\u00bb107px\u00a0\u00bb custom_margin=\u00a0\u00bb|-2px||||\u00a0\u00bb custom_padding=\u00a0\u00bb13px|||||\u00a0\u00bb z_index_tablet=\u00a0\u00bb500&Prime; link_option_url=\u00a0\u00bba\u00a0\u00bb]<\/p>\n<p style=\"text-align: justify\">Les cours de langue sont \u00e9valu\u00e9s en Contr\u00f4le Continu selon les modalit\u00e9s pr\u00e9sent\u00e9es en d\u00e9but de semestre par les enseignants. <strong>Seuls<\/strong> les \u00e9tudiants <strong>Dispens\u00e9s<\/strong> <strong>de Contr\u00f4le Continu<\/strong> doivent assister aux examens LANSAD pr\u00e9sent\u00e9s sur cette page.<\/p>\n<p style=\"text-align: justify\">ATTENTION : Les \u00e9tudiants du MENU 2 (anglais de sp\u00e9cialit\u00e9) ne sont pas concern\u00e9s par cet examen DCC LANSAD. Ils sont invit\u00e9s \u00e0 <strong>se rapprocher de leur scolarit\u00e9 et du responsable de l&rsquo;enseignement\u00a0 de l&rsquo;anglais de leur dipl\u00f4me en d\u00e9but de semestre<\/strong>.<\/p>\n<p style=\"text-align: justify\">\n<p style=\"text-align: justify\">Vous trouverez ci-dessous :<\/p>\n<ul>\n<li style=\"text-align: justify\">un rappel des modalit\u00e9s d&rsquo;examens.<\/li>\n<li style=\"text-align: justify\">le calendrier des examens LANSAD.<\/li>\n<li style=\"text-align: justify\">les annales des examens LANSAD r\u00e9serv\u00e9s aux \u00e9tudiant.e.s Dispens\u00e9.e.s de Contr\u00f4le Continu ou salari\u00e9.e.s. de la licence 2 au master 2.<\/li>\n<\/ul>\n<p>[\/et_pb_text][\/et_pb_column][\/et_pb_row][et_pb_row _builder_version=\u00a0\u00bb3.22&Prime; background_size=\u00a0\u00bbinitial\u00a0\u00bb background_position=\u00a0\u00bbtop_left\u00a0\u00bb background_repeat=\u00a0\u00bbrepeat\u00a0\u00bb][et_pb_column type=\u00a0\u00bb4_4&Prime; _builder_version=\u00a0\u00bb3.0.47&Prime;][et_pb_accordion open_toggle_text_color=\u00a0\u00bb#0c71c3&Prime; closed_toggle_text_color=\u00a0\u00bb#0c71c3&Prime; _builder_version=\u00a0\u00bb3.22.1&Prime; body_text_align=\u00a0\u00bbjustify\u00a0\u00bb text_orientation=\u00a0\u00bbjustified\u00a0\u00bb z_index_tablet=\u00a0\u00bb500&Prime;][et_pb_accordion_item title=\u00a0\u00bbModalit\u00e9s des examens pour les \u00e9tudiant.e.s Dispens\u00e9.e.s de Contr\u00f4le Continu (DCC) et\/ou salari\u00e9.e.s\u00a0\u00bb open=\u00a0\u00bboff\u00a0\u00bb _builder_version=\u00a0\u00bb3.22.1&Prime; title_text_shadow_horizontal_length=\u00a0\u00bb0em\u00a0\u00bb title_text_shadow_vertical_length=\u00a0\u00bb0em\u00a0\u00bb title_text_shadow_blur_strength=\u00a0\u00bb0em\u00a0\u00bb body_text_shadow_horizontal_length=\u00a0\u00bb0em\u00a0\u00bb body_text_shadow_vertical_length=\u00a0\u00bb0em\u00a0\u00bb body_text_shadow_blur_strength=\u00a0\u00bb0em\u00a0\u00bb]<\/p>\n<p>&nbsp;<\/p>\n<p><strong>Par d\u00e9cision du conseil de l&rsquo;UFR EILA les examens pour les \u00e9tudiants Dispens\u00e9s de Contr\u00f4le Continu se d\u00e9rouleront <span style=\"text-decoration: underline;color: #d31f4f\">en ligne<\/span><span style=\"color: #d31f4f\"> <\/span>avec un<span style=\"color: #8a1538\">\u00a0<span style=\"text-decoration: underline\"><span style=\"text-decoration: underline;color: #d31f4f\">sujet unique<\/span><\/span><\/span> pour chaque langue (allemand, anglais, arabe, chinois, espagnol, esp\u00e9ranto, italien, japonais), \u00e0 l&rsquo;exception du FLE (fran\u00e7ais langue \u00e9trang\u00e8re).<br \/><\/strong><\/p>\n<p>&nbsp;<\/p>\n<p><strong>Les \u00e9preuves auront lieu en ligne des samedis matin et d\u00e9buteront \u00e0 10 heures pour une dur\u00e9e de 1h30.<br \/><\/strong><\/p>\n<p>&nbsp;<\/p>\n<p><strong>Il sera fait en sorte que les questions puissent \u00eatre trait\u00e9es par les \u00e9tudiants quel que soit le r\u00e9sultat obtenu au test de positionnement par chacun. <\/strong><\/p>\n<p>&nbsp;<\/p>\n<p><span style=\"text-decoration: underline\"><strong>ATTENTION<\/strong> <\/span>: Vous ne pouvez pr\u00e9tendre \u00e0 l&rsquo;examen DCC si vous \u00eates inscrits dans un groupe \u00ab\u00a0grand d\u00e9butant\u00a0\u00bb en session 1.<\/p>\n<p>&nbsp;<\/p>\n<p><span style=\"text-decoration: underline\"><strong>ATTENTION<\/strong><\/span> : L\u2019inscription doit se faire <strong>sur justificatif<\/strong>, dans les<strong> premi\u00e8res semaines du semestre concern\u00e9<\/strong>, aupr\u00e8s de la <strong>scolarit\u00e9 LANSAD<\/strong> (<a href=\"mailto:lansad.eila@wordpress-test.app.u-pariscite.fr\">lansad.eila@wordpress-test.app.u-pariscite.fr<\/a>) qui vous transmettra toutes les informations relatives au d\u00e9roulement de l\u2019examen dans le mail confirmant votre inscription.\u00a0<\/p>\n<p>[\/et_pb_accordion_item][et_pb_accordion_item title=\u00a0\u00bbRappel des dates des examens DCC &#8211; LANSAD pour l&rsquo;ann\u00e9e 2023\/24&Prime; open=\u00a0\u00bbon\u00a0\u00bb _builder_version=\u00a0\u00bb3.22.1&Prime; title_text_shadow_horizontal_length=\u00a0\u00bb0em\u00a0\u00bb title_text_shadow_vertical_length=\u00a0\u00bb0em\u00a0\u00bb title_text_shadow_blur_strength=\u00a0\u00bb0em\u00a0\u00bb body_text_shadow_horizontal_length=\u00a0\u00bb0em\u00a0\u00bb body_text_shadow_vertical_length=\u00a0\u00bb0em\u00a0\u00bb body_text_shadow_blur_strength=\u00a0\u00bb0em\u00a0\u00bb]<\/p>\n<p>Les examens pour les \u00e9tudiants dispens\u00e9s de contr\u00f4le continu (DCC) et\/ou salari\u00e9s auront lieu en ligne :<\/p>\n<ul>\n<li>le <strong>samedi 13 janvier 2024<\/strong> pour le <strong>semestre 1.<\/strong><\/li>\n<li>le <strong>samedi 25 mai 2024<\/strong> pour le <strong>semestre 2.<\/strong><\/li>\n<li>le <strong>samedi 22 juin 2024<\/strong> pour la session de la <strong>seconde chance (en ligne sur Moodle de 10h \u00e0 12h).<br \/><\/strong><\/li>\n<\/ul>\n<p>[\/et_pb_accordion_item][et_pb_accordion_item title=\u00a0\u00bbAnnales des examens 2022\/23&Prime; open=\u00a0\u00bboff\u00a0\u00bb _builder_version=\u00a0\u00bb3.22.1&Prime; title_text_shadow_horizontal_length=\u00a0\u00bb0em\u00a0\u00bb title_text_shadow_vertical_length=\u00a0\u00bb0em\u00a0\u00bb title_text_shadow_blur_strength=\u00a0\u00bb0em\u00a0\u00bb body_text_shadow_horizontal_length=\u00a0\u00bb0em\u00a0\u00bb body_text_shadow_vertical_length=\u00a0\u00bb0em\u00a0\u00bb body_text_shadow_blur_strength=\u00a0\u00bb0em\u00a0\u00bb]<\/p>\n<p><a href=\"https:\/\/wordpress-test.app.u-pariscite.fr\/eila\/wp-content\/uploads\/sites\/42\/2023\/03\/Allemand-Session-1-janvier-2023.pdf\">Allemand Session 1 janvier<\/a><\/p>\n<p><a href=\"https:\/\/wordpress-test.app.u-pariscite.fr\/eila\/wp-content\/uploads\/sites\/42\/2023\/03\/Anglais-session-1-janvier-2023.pdf\">Anglais session 1 janvier 2023<\/a><\/p>\n<p><a href=\"https:\/\/wordpress-test.app.u-pariscite.fr\/eila\/wp-content\/uploads\/sites\/42\/2023\/03\/Arabe-session1-janvier-2023.pdf\">Arabe session1 janvier 2023<\/a><\/p>\n<p><a href=\"https:\/\/wordpress-test.app.u-pariscite.fr\/eila\/wp-content\/uploads\/sites\/42\/2023\/03\/Chinois-session-janvier-2023.pdf\">Chinois session &#8211; janvier 2023<\/a><\/p>\n<p><a href=\"https:\/\/wordpress-test.app.u-pariscite.fr\/eila\/wp-content\/uploads\/sites\/42\/2023\/03\/Espagnol-session-1-janvier-2023.pdf\">Espagnol session 1 &#8211; janvier 2023<\/a><\/p>\n<p><a href=\"https:\/\/wordpress-test.app.u-pariscite.fr\/eila\/wp-content\/uploads\/sites\/42\/2023\/03\/Esperanto-session-1-janvier-2023.pdf\">Esperanto session 1 &#8211; janvier 2023<\/a><\/p>\n<p><a href=\"https:\/\/wordpress-test.app.u-pariscite.fr\/eila\/wp-content\/uploads\/sites\/42\/2023\/03\/Italien-session-1-janvier-2023.pdf\">Italien session 1 &#8211; janvier 2023<\/a><\/p>\n<p><a href=\"https:\/\/wordpress-test.app.u-pariscite.fr\/eila\/wp-content\/uploads\/sites\/42\/2023\/03\/Japonais-session-1-janvier-2023.pdf\">Japonais &#8211; session 1 janvier 2023<\/a><\/p>\n<p>[\/et_pb_accordion_item][et_pb_accordion_item title=\u00a0\u00bbAnnales des examens 2021\/22&Prime; open=\u00a0\u00bboff\u00a0\u00bb _builder_version=\u00a0\u00bb3.22.1&Prime; title_text_shadow_horizontal_length=\u00a0\u00bb0em\u00a0\u00bb title_text_shadow_vertical_length=\u00a0\u00bb0em\u00a0\u00bb title_text_shadow_blur_strength=\u00a0\u00bb0em\u00a0\u00bb body_text_shadow_horizontal_length=\u00a0\u00bb0em\u00a0\u00bb body_text_shadow_vertical_length=\u00a0\u00bb0em\u00a0\u00bb body_text_shadow_blur_strength=\u00a0\u00bb0em\u00a0\u00bb]<\/p>\n<h4><strong>Allemand :<\/strong><\/h4>\n<p><a href=\"https:\/\/wordpress-test.app.u-pariscite.fr\/eila\/wp-content\/uploads\/sites\/42\/2022\/07\/Allemand-S1-2021-2022.pdf\">Allemand S1 2021-2022<\/a><\/p>\n<p><a href=\"https:\/\/wordpress-test.app.u-pariscite.fr\/eila\/wp-content\/uploads\/sites\/42\/2022\/07\/Allemand-S2-2021-2022.pdf\">Allemand S2 2021-2022<\/a><\/p>\n<p><a href=\"https:\/\/wordpress-test.app.u-pariscite.fr\/eila\/wp-content\/uploads\/sites\/42\/2022\/07\/Allemand-Session-2-2021-2022.pdf\">Allemand Session 2 2021-2022<\/a><\/p>\n<h4><strong>Anglais :<\/strong><\/h4>\n<p><a href=\"https:\/\/wordpress-test.app.u-pariscite.fr\/eila\/wp-content\/uploads\/sites\/42\/2022\/07\/Anglais-S1-2021-2022.pdf\">Anglais S1 2021-2022<\/a><\/p>\n<p><a href=\"https:\/\/wordpress-test.app.u-pariscite.fr\/eila\/wp-content\/uploads\/sites\/42\/2022\/07\/Anglais-S2-2021-2022.pdf\">Anglais S2 2021-2022<\/a><\/p>\n<p><a href=\"https:\/\/wordpress-test.app.u-pariscite.fr\/eila\/wp-content\/uploads\/sites\/42\/2022\/07\/Anglais-Session-2-2021-2022.pdf\">Anglais Session 2 2021-2022<\/a><\/p>\n<h4><strong>Arabe : <br \/><\/strong><\/h4>\n<p><a href=\"https:\/\/wordpress-test.app.u-pariscite.fr\/eila\/wp-content\/uploads\/sites\/42\/2022\/07\/Arabe-S1-2021-2022.pdf\">Arabe S1 2021-2022<\/a><\/p>\n<p><a href=\"https:\/\/wordpress-test.app.u-pariscite.fr\/eila\/wp-content\/uploads\/sites\/42\/2022\/07\/Arabe-S2-2021-2022.pdf\">Arabe S2 2021-2022<\/a><\/p>\n<p><a href=\"https:\/\/wordpress-test.app.u-pariscite.fr\/eila\/wp-content\/uploads\/sites\/42\/2022\/07\/Arabe-Session-2-2021-2022.pdf\">Arabe Session 2 2021-2022<\/a><\/p>\n<h4><strong>Chinois :<\/strong><\/h4>\n<p><a href=\"https:\/\/wordpress-test.app.u-pariscite.fr\/eila\/wp-content\/uploads\/sites\/42\/2022\/07\/Chinois-S1-2021-2022.pdf\">Chinois S1 2021-2022<\/a><\/p>\n<p><a href=\"https:\/\/wordpress-test.app.u-pariscite.fr\/eila\/wp-content\/uploads\/sites\/42\/2022\/07\/Chinois-S2-2021-2022.pdf\">Chinois S2 2021-2022<\/a><\/p>\n<p><a href=\"https:\/\/wordpress-test.app.u-pariscite.fr\/eila\/wp-content\/uploads\/sites\/42\/2022\/07\/Chinois-Session-2-2021-2022.pdf\">Chinois Session 2 2021-2022<\/a><\/p>\n<h4><strong>Espagnol :<\/strong><\/h4>\n<p><a href=\"https:\/\/wordpress-test.app.u-pariscite.fr\/eila\/wp-content\/uploads\/sites\/42\/2022\/07\/Espagnol-S1-2021-2022.pdf\">Espagnol S1 2021-2022<\/a><\/p>\n<p><a href=\"https:\/\/wordpress-test.app.u-pariscite.fr\/eila\/wp-content\/uploads\/sites\/42\/2022\/07\/Espagnol-S2-2021-2022.pdf\">Espagnol S2 2021-2022<\/a><\/p>\n<p><a href=\"https:\/\/wordpress-test.app.u-pariscite.fr\/eila\/wp-content\/uploads\/sites\/42\/2022\/07\/Espagnol-Session-2-2021-2022.pdf\">Espagnol Session 2 2021-2022<\/a><\/p>\n<h4><strong>Esperanto :<\/strong><\/h4>\n<p><a href=\"https:\/\/wordpress-test.app.u-pariscite.fr\/eila\/wp-content\/uploads\/sites\/42\/2022\/07\/Esperanto-S1-2021-2022.pdf\">Esperanto S1 2021-2022<\/a><\/p>\n<h4><strong>Italien :<\/strong><\/h4>\n<p><a href=\"https:\/\/wordpress-test.app.u-pariscite.fr\/eila\/wp-content\/uploads\/sites\/42\/2022\/07\/Italien-S1-2021-2022.pdf\">Italien S1 2021-2022<\/a><\/p>\n<p><a href=\"https:\/\/wordpress-test.app.u-pariscite.fr\/eila\/wp-content\/uploads\/sites\/42\/2022\/07\/Italien-S2-2021-2022.pdf\">Italien S2 2021-2022<\/a><\/p>\n<p><a href=\"https:\/\/wordpress-test.app.u-pariscite.fr\/eila\/wp-content\/uploads\/sites\/42\/2022\/07\/Italien-Session-2-2021-2022.pdf\">Italien Session 2 2021-2022<\/a><\/p>\n<h4><strong>Japonais :<\/strong><\/h4>\n<p><a href=\"https:\/\/wordpress-test.app.u-pariscite.fr\/eila\/wp-content\/uploads\/sites\/42\/2022\/07\/Japonais-S1-2021-2022.pdf\">Japonais S1 2021-2022<\/a><\/p>\n<p><a href=\"https:\/\/wordpress-test.app.u-pariscite.fr\/eila\/wp-content\/uploads\/sites\/42\/2022\/07\/Japonais-S2-2021-2023.pdf\">Japonais S2 2021-2023<\/a><\/p>\n<p><a href=\"https:\/\/wordpress-test.app.u-pariscite.fr\/eila\/wp-content\/uploads\/sites\/42\/2022\/07\/Japonais-Session-2-2021-2022.pdf\">Japonais Session 2 2021-2022<\/a><\/p>\n<p>[\/et_pb_accordion_item][et_pb_accordion_item title=\u00a0\u00bbAnnales des examens 2020\/21&Prime; open=\u00a0\u00bboff\u00a0\u00bb _builder_version=\u00a0\u00bb3.22.1&Prime; title_text_shadow_horizontal_length=\u00a0\u00bb0em\u00a0\u00bb title_text_shadow_vertical_length=\u00a0\u00bb0em\u00a0\u00bb title_text_shadow_blur_strength=\u00a0\u00bb0em\u00a0\u00bb body_text_shadow_horizontal_length=\u00a0\u00bb0em\u00a0\u00bb body_text_shadow_vertical_length=\u00a0\u00bb0em\u00a0\u00bb body_text_shadow_blur_strength=\u00a0\u00bb0em\u00a0\u00bb]<\/p>\n<h4><strong>Allemand :<\/strong><\/h4>\n<p><a href=\"https:\/\/wordpress-test.app.u-pariscite.fr\/eila\/wp-content\/uploads\/sites\/42\/2021\/12\/Allemand-S1-2020-2021.pdf\">Allemand S1 2<\/a><a href=\"https:\/\/wordpress-test.app.u-pariscite.fr\/eila\/wp-content\/uploads\/sites\/42\/2021\/12\/Allemand-S1-2020-2021.pdf\">020-2021 &nbsp; &nbsp; &nbsp; &nbsp; <\/a><\/p>\n<p><a href=\"https:\/\/wordpress-test.app.u-pariscite.fr\/eila\/wp-content\/uploads\/sites\/42\/2022\/04\/Allemand-S2-2020-2021.pdf\">Allemand S2 &#8211; 2020-2021<\/a><\/p>\n<p><a href=\"https:\/\/wordpress-test.app.u-pariscite.fr\/eila\/wp-content\/uploads\/sites\/42\/2022\/04\/Allemand-Session-2-2020-2021.pdf\">Allemand Session 2 2020-2021<\/a><\/p>\n<h4><strong>Anglais :<\/strong><\/h4>\n<p><a href=\"https:\/\/wordpress-test.app.u-pariscite.fr\/eila\/wp-content\/uploads\/sites\/42\/2021\/12\/Anglais-S1-2020-2021.pdf\">Anglais S1 2020-2021<\/a><\/p>\n<p><a href=\"https:\/\/wordpress-test.app.u-pariscite.fr\/eila\/wp-content\/uploads\/sites\/42\/2022\/04\/Anglais-S2-2020-2021.pdf\">Anglais S2 2020-2021<\/a><\/p>\n<p><a href=\"https:\/\/wordpress-test.app.u-pariscite.fr\/eila\/wp-content\/uploads\/sites\/42\/2022\/04\/Anglais-Session-2-2020-2021.pdf\">Anglais Session 2 2020-2021<\/a><\/p>\n<h4><strong>Arabe :<\/strong><\/h4>\n<p><a href=\"https:\/\/wordpress-test.app.u-pariscite.fr\/eila\/wp-content\/uploads\/sites\/42\/2021\/12\/Arabe-S1-2020-2021.pdf\">Arabe S1 2020-2021<\/a><\/p>\n<p><a href=\"https:\/\/wordpress-test.app.u-pariscite.fr\/eila\/wp-content\/uploads\/sites\/42\/2022\/04\/Arabe-S2-2020-2021.pdf\">Arabe S2 2020-2021<\/a><\/p>\n<p><a href=\"https:\/\/wordpress-test.app.u-pariscite.fr\/eila\/wp-content\/uploads\/sites\/42\/2022\/04\/Arabe-Session-2-2020-2021.pdf\">Arabe Session 2 2020-2021<\/a><\/p>\n<h4><strong>Chinois :<\/strong><\/h4>\n<p><a href=\"https:\/\/wordpress-test.app.u-pariscite.fr\/eila\/wp-content\/uploads\/sites\/42\/2021\/12\/Chinois-S1-2020-2021.pdf\">Chinois S1 2020-2021<\/a><\/p>\n<p><a href=\"https:\/\/wordpress-test.app.u-pariscite.fr\/eila\/wp-content\/uploads\/sites\/42\/2022\/04\/Chinois-S2-2020-2021.pdf\">Chinois S2 &#8211; 2020-2021<\/a><\/p>\n<p><a href=\"https:\/\/wordpress-test.app.u-pariscite.fr\/eila\/wp-content\/uploads\/sites\/42\/2022\/04\/Chinois-Session-2-2020-2021.pdf\">Chinois Session 2 2020-2021<\/a><\/p>\n<h4><strong>Espagnol :<\/strong><\/h4>\n<p><a href=\"https:\/\/wordpress-test.app.u-pariscite.fr\/eila\/wp-content\/uploads\/sites\/42\/2021\/12\/Espagnol-S1-2020-2021.pdf\">Espagnol S1 2020-2021<\/a><\/p>\n<p><a href=\"https:\/\/wordpress-test.app.u-pariscite.fr\/eila\/wp-content\/uploads\/sites\/42\/2022\/04\/Espagnol-S2-2020-2021.pdf\">Espagnol S2 2020-2021<\/a><\/p>\n<p><a href=\"https:\/\/wordpress-test.app.u-pariscite.fr\/eila\/wp-content\/uploads\/sites\/42\/2022\/04\/Espagnol-Session-2-2020-2021.pdf\">Espagnol Session 2 2020-2021<\/a><\/p>\n<h4><strong>Italien :<\/strong><\/h4>\n<p><a href=\"https:\/\/wordpress-test.app.u-pariscite.fr\/eila\/wp-content\/uploads\/sites\/42\/2021\/12\/Italien-S1-2020-2021.pdf\">Italien S1 2020-2021<\/a><\/p>\n<p><a href=\"https:\/\/wordpress-test.app.u-pariscite.fr\/eila\/wp-content\/uploads\/sites\/42\/2022\/04\/Italien-S2-2020-2021.pdf\">Italien S2 2020-2021<\/a><\/p>\n<p><a href=\"https:\/\/wordpress-test.app.u-pariscite.fr\/eila\/wp-content\/uploads\/sites\/42\/2022\/04\/Italien-Session-2-2020-2021.pdf\">Italien Session 2 2020-2021<\/a><\/p>\n<h4><strong>Japonais :<\/strong><\/h4>\n<p><a href=\"https:\/\/wordpress-test.app.u-pariscite.fr\/eila\/wp-content\/uploads\/sites\/42\/2021\/12\/Japonais-S1-2020-2021.pdf\">Japonais S1 2020-2021<\/a><\/p>\n<p><a href=\"https:\/\/wordpress-test.app.u-pariscite.fr\/eila\/wp-content\/uploads\/sites\/42\/2022\/04\/Japonais-S2-2020-2021.pdf\">Japonais S2 2020-2021<\/a><\/p>\n<p><a href=\"https:\/\/wordpress-test.app.u-pariscite.fr\/eila\/wp-content\/uploads\/sites\/42\/2022\/04\/Japonais-Session-2-2020-2021.pdf\">Japonais Session 2 2020-2021<\/a><\/p>\n<p>[\/et_pb_accordion_item][\/et_pb_accordion][\/et_pb_column][\/et_pb_row][\/et_pb_section][et_pb_section fb_built=\u00a0\u00bb1&Prime; _builder_version=\u00a0\u00bb3.22&Prime; custom_padding=\u00a0\u00bb0px||0px|\u00a0\u00bb][et_pb_row _builder_version=\u00a0\u00bb3.22&Prime;][et_pb_column type=\u00a0\u00bb4_4&Prime; _builder_version=\u00a0\u00bb3.0.47&Prime;][et_pb_text admin_label=\u00a0\u00bb\u00c0 lire aussi\u00a0\u00bb _builder_version=\u00a0\u00bb3.21&Prime;]<\/p>\n<h2><span class=\"st\">\u00c0<\/span> lire aussi<\/h2>\n<p>[\/et_pb_text][et_pb_blog posts_number=\u00a0\u00bb4&Prime; include_categories=\u00a0\u00bb13&Prime; show_author=\u00a0\u00bboff\u00a0\u00bb show_date=\u00a0\u00bboff\u00a0\u00bb show_pagination=\u00a0\u00bboff\u00a0\u00bb module_id=\u00a0\u00bbpage_type_blog\u00a0\u00bb _builder_version=\u00a0\u00bb3.21&Prime; header_level=\u00a0\u00bbh4&Prime; border_width_bottom_fullwidth=\u00a0\u00bb1px\u00a0\u00bb border_color_bottom_fullwidth=\u00a0\u00bbrgba(51,51,51,0.18)\u00a0\u00bb custom_padding=\u00a0\u00bb||50px|\u00a0\u00bb][\/et_pb_blog][\/et_pb_column][\/et_pb_row][\/et_pb_section]<\/p>\n","protected":false},"excerpt":{"rendered":"<p>Les cours de langue sont \u00e9valu\u00e9s en Contr\u00f4le Continu selon les modalit\u00e9s pr\u00e9sent\u00e9es en d\u00e9but de semestre par les enseignants. Seuls les \u00e9tudiants Dispens\u00e9s de Contr\u00f4le Continu doivent assister aux examens LANSAD pr\u00e9sent\u00e9s sur cette page. ATTENTION : Les \u00e9tudiants du MENU 2 (anglais de sp\u00e9cialit\u00e9) ne sont pas concern\u00e9s par cet examen DCC LANSAD.&hellip; <a class=\"continue\" href=\"https:\/\/wordpress-test.app.u-pariscite.fr\/eila\/examens-lansad\/\">Lire la suite<span> Examens DCC LANSAD &#8211; pour MENU 1 uniquement (langues, cultures et civilisations).<\/span><\/a><\/p>\n","protected":false},"author":248,"featured_media":0,"parent":0,"menu_order":0,"comment_status":"closed","ping_status":"closed","template":"","meta":{"_et_pb_use_builder":"on","_et_pb_old_content":"","_et_gb_content_width":"","footnotes":""},"class_list":["post-1053","page","type-page","status-publish","hentry"],"_links":{"self":[{"href":"https:\/\/wordpress-test.app.u-pariscite.fr\/eila\/wp-json\/wp\/v2\/pages\/1053","targetHints":{"allow":["GET"]}}],"collection":[{"href":"https:\/\/wordpress-test.app.u-pariscite.fr\/eila\/wp-json\/wp\/v2\/pages"}],"about":[{"href":"https:\/\/wordpress-test.app.u-pariscite.fr\/eila\/wp-json\/wp\/v2\/types\/page"}],"author":[{"embeddable":true,"href":"https:\/\/wordpress-test.app.u-pariscite.fr\/eila\/wp-json\/wp\/v2\/users\/248"}],"replies":[{"embeddable":true,"href":"https:\/\/wordpress-test.app.u-pariscite.fr\/eila\/wp-json\/wp\/v2\/comments?post=1053"}],"version-history":[{"count":64,"href":"https:\/\/wordpress-test.app.u-pariscite.fr\/eila\/wp-json\/wp\/v2\/pages\/1053\/revisions"}],"predecessor-version":[{"id":5146,"href":"https:\/\/wordpress-test.app.u-pariscite.fr\/eila\/wp-json\/wp\/v2\/pages\/1053\/revisions\/5146"}],"wp:attachment":[{"href":"https:\/\/wordpress-test.app.u-pariscite.fr\/eila\/wp-json\/wp\/v2\/media?parent=1053"}],"curies":[{"name":"wp","href":"https:\/\/api.w.org\/{rel}","templated":true}]}}