{"id":72,"date":"2020-08-25T11:18:10","date_gmt":"2020-08-25T09:18:10","guid":{"rendered":"https:\/\/wordpress-test.app.u-pariscite.fr\/eidd\/?page_id=72"},"modified":"2024-06-07T08:47:19","modified_gmt":"2024-06-07T06:47:19","slug":"admissions","status":"publish","type":"page","link":"https:\/\/wordpress-test.app.u-pariscite.fr\/eidd\/admissions\/","title":{"rendered":"Admissions"},"content":{"rendered":"<p>[et_pb_section bb_built=\u00a0\u00bb1&Prime; _builder_version=\u00a0\u00bb3.22&Prime; next_background_color=\u00a0\u00bb#000000&Prime;][et_pb_row _builder_version=\u00a0\u00bb3.22&Prime; background_size=\u00a0\u00bbinitial\u00a0\u00bb background_position=\u00a0\u00bbtop_left\u00a0\u00bb background_repeat=\u00a0\u00bbrepeat\u00a0\u00bb][et_pb_column type=\u00a0\u00bb4_4&Prime;][et_pb_post_title admin_label=\u00a0\u00bbTitre de la page\u00a0\u00bb meta=\u00a0\u00bboff\u00a0\u00bb featured_image=\u00a0\u00bboff\u00a0\u00bb _builder_version=\u00a0\u00bb3.19.11&Prime;]<\/p>\n<p>[\/et_pb_post_title][\/et_pb_column][\/et_pb_row][et_pb_row _builder_version=\u00a0\u00bb3.22&Prime; background_size=\u00a0\u00bbinitial\u00a0\u00bb background_position=\u00a0\u00bbtop_left\u00a0\u00bb background_repeat=\u00a0\u00bbrepeat\u00a0\u00bb][et_pb_column type=\u00a0\u00bb3_4&Prime;][et_pb_text module_id=\u00a0\u00bbcontenu\u00a0\u00bb _builder_version=\u00a0\u00bb3.22.1&Prime; z_index_tablet=\u00a0\u00bb500&Prime;]<\/p>\n<div class=\"page\" title=\"Page 1\">\n<div class=\"layoutArea\">\n<div class=\"column\">\n<p>La campagne de candidature pour int\u00e9grer l&rsquo;EIDD\u00a0<span style=\"font-size: 16px\">s\u2019ouvre selon le calendrier suivant :<\/span><\/p>\n<\/div>\n<ul>\n<li><strong>1er Avril &#8211; 23 Juin 2024<\/strong>: Mat\u00e9riaux et Nanotechnologies, G\u00e9nie Physique, Syst\u00e8mes Informatiques Embarqu\u00e9s sous statut \u00e9tudiant<\/li>\n<li><strong>1er Mars &#8211; 23 Juin 2024<\/strong>: Bioinformatique et G\u00e9nie Biom\u00e9dical sous statut apprenti<\/li>\n<\/ul>\n<p>Les \u00e9tudiantes et les \u00e9tudiants de licence 2, licence 3, master 1, cycle pr\u00e9paratoire universitaire, DUT et BUT sont invit\u00e9s \u00e0 se connecter \u00e0 l&rsquo;application <strong><a href=\"https:\/\/ecandidat.app.wordpress-test.app.u-pariscite.fr\/sciences1\/#!accueilView\">e-candidat<\/a><\/strong> pour d\u00e9poser leur candidature.<\/p>\n<p><strong>Droits de scolarit\u00e9 :<\/strong><\/p>\n<ul>\n<li>618 \u20ac + CVEC par an, frais variables en fonction des crit\u00e8res sociaux.<\/li>\n<\/ul>\n<p>&nbsp;<\/p>\n<\/div>\n<\/div>\n<p>[\/et_pb_text][et_pb_divider color=\u00a0\u00bb#000000&Prime; _builder_version=\u00a0\u00bb3.22.1&Prime; custom_margin=\u00a0\u00bb10px||10px|\u00a0\u00bb z_index_tablet=\u00a0\u00bb500&Prime;]<\/p>\n<p>[\/et_pb_divider][et_pb_text module_id=\u00a0\u00bbcontenu\u00a0\u00bb _builder_version=\u00a0\u00bb3.22.1&Prime; z_index_tablet=\u00a0\u00bb500&Prime;]<\/p>\n<div class=\"page\" title=\"Page 1\">\n<div class=\"layoutArea\">\n<div class=\"column\">\n<h3>Conditions sp\u00e9cifiques d&rsquo;admission :<\/h3>\n<\/div>\n<\/div>\n<\/div>\n<p>[\/et_pb_text][et_pb_toggle title=\u00a0\u00bb\u00c9tudiants CPGE : e3a-Polytech\u00a0\u00bb _builder_version=\u00a0\u00bb3.22.1&Prime; z_index_tablet=\u00a0\u00bb500&Prime; text_shadow_horizontal_length=\u00a0\u00bbtext_shadow_style,%91object Object%93&Prime; text_shadow_vertical_length=\u00a0\u00bbtext_shadow_style,%91object Object%93&Prime; text_shadow_blur_strength=\u00a0\u00bbtext_shadow_style,%91object Object%93&Prime; title_text_shadow_horizontal_length=\u00a0\u00bbtitle_text_shadow_style,%91object Object%93&Prime; title_text_shadow_vertical_length=\u00a0\u00bbtitle_text_shadow_style,%91object Object%93&Prime; title_text_shadow_blur_strength=\u00a0\u00bbtitle_text_shadow_style,%91object Object%93&Prime; body_text_shadow_horizontal_length=\u00a0\u00bbbody_text_shadow_style,%91object Object%93&Prime; body_text_shadow_vertical_length=\u00a0\u00bbbody_text_shadow_style,%91object Object%93&Prime; body_text_shadow_blur_strength=\u00a0\u00bbbody_text_shadow_style,%91object Object%93&Prime;]<\/p>\n<p>Le recrutement en 1\u00e8re ann\u00e9e du cycle ing\u00e9nieur (bac + 3) pour les \u00e9l\u00e8ves de classe pr\u00e9paratoire aux grandes \u00e9coles (CPGE) se fait via la banque de notes du concours e3a-Polytech. L&rsquo;EIDD offre chaque ann\u00e9e 15 places dans chacune des trois fili\u00e8res suivantes du concours : MP, PC et PSI.<\/p>\n<p>Retrouver toutes les informations n\u00e9cessaires sur l&rsquo;inscription au concours, les \u00e9preuves et le calendrier sur le site du <a href=\"https:\/\/e3a-polytech.fr\/\">Concours e3a-Poytech<\/a><\/p>\n<p>[\/et_pb_toggle][et_pb_toggle title=\u00a0\u00bb\u00c9tudiants CUPGE \u00a0\u00bb _builder_version=\u00a0\u00bb3.22.1&Prime; z_index_tablet=\u00a0\u00bb500&Prime; text_shadow_horizontal_length=\u00a0\u00bbtext_shadow_style,%91object Object%93&Prime; text_shadow_vertical_length=\u00a0\u00bbtext_shadow_style,%91object Object%93&Prime; text_shadow_blur_strength=\u00a0\u00bbtext_shadow_style,%91object Object%93&Prime; title_text_shadow_horizontal_length=\u00a0\u00bbtitle_text_shadow_style,%91object Object%93&Prime; title_text_shadow_vertical_length=\u00a0\u00bbtitle_text_shadow_style,%91object Object%93&Prime; title_text_shadow_blur_strength=\u00a0\u00bbtitle_text_shadow_style,%91object Object%93&Prime; body_text_shadow_horizontal_length=\u00a0\u00bbbody_text_shadow_style,%91object Object%93&Prime; body_text_shadow_vertical_length=\u00a0\u00bbbody_text_shadow_style,%91object Object%93&Prime; body_text_shadow_blur_strength=\u00a0\u00bbbody_text_shadow_style,%91object Object%93&Prime;]<\/p>\n<p>Les \u00e9tudiant.e.s issu.e.s du Cycle Universitaire de Pr\u00e9paration aux Grandes Ecoles (CUPGE) de l&rsquo;Universit\u00e9 Paris Cit\u00e9, qui ont valid\u00e9 120 ECTS, peuvent candidater en 1\u00e8re ann\u00e9e \u00e0 l&rsquo;EIDD.<\/p>\n<p>L&rsquo;inscription se fait selon une proc\u00e9dure administrative, puis sur dossier et entretien.<\/p>\n<p><a href=\"https:\/\/odf.wordpress-test.app.u-pariscite.fr\/fr\/offre-de-formation\/licence-XA\/sciences-technologies-sante-STS\/physique-K1T0IUJ7\/licence-physique-cycle-universitaire-preparatoire-aux-grandes-ecoles-cupge-JRM6Q50Z.html\">Plus d&rsquo;informations sur la CUPGE<\/a><\/p>\n<p><a href=\"https:\/\/ecandidat.app.wordpress-test.app.u-pariscite.fr\/sciences1\/#!accueilView\">Plateforme e-candidat<\/a><\/p>\n<p>[\/et_pb_toggle][et_pb_toggle title=\u00a0\u00bb\u00c9tudiants scientifiques europ\u00e9ens niveau Bac +2 et Bac +3 : E-candidat\u00a0\u00bb _builder_version=\u00a0\u00bb3.22.1&Prime; z_index_tablet=\u00a0\u00bb500&Prime; text_shadow_horizontal_length=\u00a0\u00bbtext_shadow_style,%91object Object%93&Prime; text_shadow_vertical_length=\u00a0\u00bbtext_shadow_style,%91object Object%93&Prime; text_shadow_blur_strength=\u00a0\u00bbtext_shadow_style,%91object Object%93&Prime; title_text_shadow_horizontal_length=\u00a0\u00bbtitle_text_shadow_style,%91object Object%93&Prime; title_text_shadow_vertical_length=\u00a0\u00bbtitle_text_shadow_style,%91object Object%93&Prime; title_text_shadow_blur_strength=\u00a0\u00bbtitle_text_shadow_style,%91object Object%93&Prime; body_text_shadow_horizontal_length=\u00a0\u00bbbody_text_shadow_style,%91object Object%93&Prime; body_text_shadow_vertical_length=\u00a0\u00bbbody_text_shadow_style,%91object Object%93&Prime; body_text_shadow_blur_strength=\u00a0\u00bbbody_text_shadow_style,%91object Object%93&Prime;]<\/p>\n<p>L&rsquo;EIDD recrute pour une entr\u00e9e en 1<sup>\u00e8re<\/sup>\u00a0ann\u00e9e du cycle ing\u00e9nieur (bac + 3) des \u00e9tudiants ayant valid\u00e9 une licence scientifique 2<sup>\u00e8me<\/sup>\u00a0ann\u00e9e (L2) ou 3<sup>\u00e8me<\/sup>\u00a0ann\u00e9e (L3) et des \u00e9tudiants titulaires d&rsquo;un DUT sp\u00e9cialit\u00e9 mesures physiques ou sp\u00e9cialit\u00e9 informatique.<\/p>\n<p>L&rsquo;admission se fait sur dossier et entretien.<\/p>\n<p>Le d\u00e9p\u00f4t des candidatures s&rsquo;effectue exclusivement en ligne via l&rsquo;application <a class=\"ext extlink\" href=\"https:\/\/ecandidat.app.wordpress-test.app.u-pariscite.fr\/sciences1\/#!accueilView\" target=\"_blank\" rel=\"noopener noreferrer\">e-candidat<\/a>.<\/p>\n<p>[\/et_pb_toggle][et_pb_toggle title=\u00a0\u00bb\u00c9tudiants scientifiques non-europ\u00e9ens niveau Bac +2 : CEF\u00a0\u00bb _builder_version=\u00a0\u00bb3.22.1&Prime; z_index_tablet=\u00a0\u00bb500&Prime; text_shadow_horizontal_length=\u00a0\u00bbtext_shadow_style,%91object Object%93&Prime; text_shadow_vertical_length=\u00a0\u00bbtext_shadow_style,%91object Object%93&Prime; text_shadow_blur_strength=\u00a0\u00bbtext_shadow_style,%91object Object%93&Prime; title_text_shadow_horizontal_length=\u00a0\u00bbtitle_text_shadow_style,%91object Object%93&Prime; title_text_shadow_vertical_length=\u00a0\u00bbtitle_text_shadow_style,%91object Object%93&Prime; title_text_shadow_blur_strength=\u00a0\u00bbtitle_text_shadow_style,%91object Object%93&Prime; body_text_shadow_horizontal_length=\u00a0\u00bbbody_text_shadow_style,%91object Object%93&Prime; body_text_shadow_vertical_length=\u00a0\u00bbbody_text_shadow_style,%91object Object%93&Prime; body_text_shadow_blur_strength=\u00a0\u00bbbody_text_shadow_style,%91object Object%93&Prime;]<\/p>\n<p>Pour les \u00e9tudiants scientifiques non-europ\u00e9ens niveau Bac +2, les candidatures se font sur le site Campus France.\u00a0<\/p>\n<p><a href=\"https:\/\/www.campusfrance.org\/fr\/candidature-enseignement-superieur-france\">Toutes les informations sont pr\u00e9sentes sur le site Campus France<\/a><\/p>\n<p>[\/et_pb_toggle][\/et_pb_column][et_pb_column type=\u00a0\u00bb1_4&Prime;][\/et_pb_column][\/et_pb_row][\/et_pb_section][et_pb_section bb_built=\u00a0\u00bb1&Prime; _builder_version=\u00a0\u00bb3.22&Prime; custom_padding=\u00a0\u00bb0px||0px|\u00a0\u00bb prev_background_color=\u00a0\u00bb#000000&Prime;][et_pb_row _builder_version=\u00a0\u00bb3.22&Prime;][et_pb_column type=\u00a0\u00bb4_4&Prime;][et_pb_text admin_label=\u00a0\u00bb\u00c0 lire aussi\u00a0\u00bb _builder_version=\u00a0\u00bb3.21&Prime;]<\/p>\n<h2><span class=\"st\">\u00c0<\/span> lire aussi<\/h2>\n<p>[\/et_pb_text][et_pb_blog posts_number=\u00a0\u00bb4&Prime; include_categories=\u00a0\u00bb29,31&Prime; show_author=\u00a0\u00bboff\u00a0\u00bb show_date=\u00a0\u00bboff\u00a0\u00bb show_pagination=\u00a0\u00bboff\u00a0\u00bb module_id=\u00a0\u00bbpage_type_blog\u00a0\u00bb _builder_version=\u00a0\u00bb3.22.1&Prime; header_level=\u00a0\u00bbh4&Prime; border_width_bottom_fullwidth=\u00a0\u00bb1px\u00a0\u00bb border_color_bottom_fullwidth=\u00a0\u00bbrgba(51,51,51,0.18)\u00a0\u00bb custom_padding=\u00a0\u00bb||50px|\u00a0\u00bb z_index_tablet=\u00a0\u00bb500&Prime;]<\/p>\n<p>[\/et_pb_blog][\/et_pb_column][\/et_pb_row][\/et_pb_section]<\/p>\n","protected":false},"excerpt":{"rendered":"<p>La campagne de candidature pour int\u00e9grer l&rsquo;EIDD\u00a0s\u2019ouvre selon le calendrier suivant : 1er Avril &#8211; 23 Juin 2024: Mat\u00e9riaux et Nanotechnologies, G\u00e9nie Physique, Syst\u00e8mes Informatiques Embarqu\u00e9s sous statut \u00e9tudiant 1er Mars &#8211; 23 Juin 2024: Bioinformatique et G\u00e9nie Biom\u00e9dical sous statut apprenti Les \u00e9tudiantes et les \u00e9tudiants de licence 2, licence 3, master 1, cycle&hellip; <a class=\"continue\" href=\"https:\/\/wordpress-test.app.u-pariscite.fr\/eidd\/admissions\/\">Lire la suite<span> Admissions<\/span><\/a><\/p>\n","protected":false},"author":8,"featured_media":0,"parent":0,"menu_order":0,"comment_status":"closed","ping_status":"closed","template":"","meta":{"_et_pb_use_builder":"on","_et_pb_old_content":"","_et_gb_content_width":"","footnotes":""},"class_list":["post-72","page","type-page","status-publish","hentry"],"_links":{"self":[{"href":"https:\/\/wordpress-test.app.u-pariscite.fr\/eidd\/wp-json\/wp\/v2\/pages\/72","targetHints":{"allow":["GET"]}}],"collection":[{"href":"https:\/\/wordpress-test.app.u-pariscite.fr\/eidd\/wp-json\/wp\/v2\/pages"}],"about":[{"href":"https:\/\/wordpress-test.app.u-pariscite.fr\/eidd\/wp-json\/wp\/v2\/types\/page"}],"author":[{"embeddable":true,"href":"https:\/\/wordpress-test.app.u-pariscite.fr\/eidd\/wp-json\/wp\/v2\/users\/8"}],"replies":[{"embeddable":true,"href":"https:\/\/wordpress-test.app.u-pariscite.fr\/eidd\/wp-json\/wp\/v2\/comments?post=72"}],"version-history":[{"count":53,"href":"https:\/\/wordpress-test.app.u-pariscite.fr\/eidd\/wp-json\/wp\/v2\/pages\/72\/revisions"}],"predecessor-version":[{"id":4087,"href":"https:\/\/wordpress-test.app.u-pariscite.fr\/eidd\/wp-json\/wp\/v2\/pages\/72\/revisions\/4087"}],"wp:attachment":[{"href":"https:\/\/wordpress-test.app.u-pariscite.fr\/eidd\/wp-json\/wp\/v2\/media?parent=72"}],"curies":[{"name":"wp","href":"https:\/\/api.w.org\/{rel}","templated":true}]}}