{"id":710,"date":"2021-06-03T11:23:58","date_gmt":"2021-06-03T09:23:58","guid":{"rendered":"https:\/\/wordpress-test.app.u-pariscite.fr\/eidd\/?page_id=710"},"modified":"2024-06-26T09:59:14","modified_gmt":"2024-06-26T07:59:14","slug":"stage","status":"publish","type":"page","link":"https:\/\/wordpress-test.app.u-pariscite.fr\/eidd\/stage\/","title":{"rendered":"Stage : quoi? comment?"},"content":{"rendered":"<p>[et_pb_section bb_built=\u00a0\u00bb1&Prime; _builder_version=\u00a0\u00bb3.22&Prime; next_background_color=\u00a0\u00bb#000000&Prime;][et_pb_row _builder_version=\u00a0\u00bb3.22.1&Prime; z_index_tablet=\u00a0\u00bb500&Prime;][et_pb_column type=\u00a0\u00bb4_4&Prime;][et_pb_post_title admin_label=\u00a0\u00bbTitre de la page\u00a0\u00bb meta=\u00a0\u00bboff\u00a0\u00bb featured_image=\u00a0\u00bboff\u00a0\u00bb _builder_version=\u00a0\u00bb3.22.1&Prime; z_index_tablet=\u00a0\u00bb500&Prime;]<\/p>\n<p>[\/et_pb_post_title][\/et_pb_column][\/et_pb_row][et_pb_row _builder_version=\u00a0\u00bb3.22&Prime; background_size=\u00a0\u00bbinitial\u00a0\u00bb background_position=\u00a0\u00bbtop_left\u00a0\u00bb background_repeat=\u00a0\u00bbrepeat\u00a0\u00bb][et_pb_column type=\u00a0\u00bb3_4&Prime;][et_pb_text module_id=\u00a0\u00bbcontenu\u00a0\u00bb _builder_version=\u00a0\u00bb3.22.1&Prime; z_index_tablet=\u00a0\u00bb500&Prime; text_text_shadow_horizontal_length=\u00a0\u00bbtext_text_shadow_style,%91object Object%93&Prime; text_text_shadow_vertical_length=\u00a0\u00bbtext_text_shadow_style,%91object Object%93&Prime; text_text_shadow_blur_strength=\u00a0\u00bbtext_text_shadow_style,%91object Object%93&Prime; link_text_shadow_horizontal_length=\u00a0\u00bblink_text_shadow_style,%91object Object%93&Prime; link_text_shadow_vertical_length=\u00a0\u00bblink_text_shadow_style,%91object Object%93&Prime; link_text_shadow_blur_strength=\u00a0\u00bblink_text_shadow_style,%91object Object%93&Prime; ul_text_shadow_horizontal_length=\u00a0\u00bbul_text_shadow_style,%91object Object%93&Prime; ul_text_shadow_vertical_length=\u00a0\u00bbul_text_shadow_style,%91object Object%93&Prime; ul_text_shadow_blur_strength=\u00a0\u00bbul_text_shadow_style,%91object Object%93&Prime; ol_text_shadow_horizontal_length=\u00a0\u00bbol_text_shadow_style,%91object Object%93&Prime; ol_text_shadow_vertical_length=\u00a0\u00bbol_text_shadow_style,%91object Object%93&Prime; ol_text_shadow_blur_strength=\u00a0\u00bbol_text_shadow_style,%91object Object%93&Prime; quote_text_shadow_horizontal_length=\u00a0\u00bbquote_text_shadow_style,%91object Object%93&Prime; quote_text_shadow_vertical_length=\u00a0\u00bbquote_text_shadow_style,%91object Object%93&Prime; quote_text_shadow_blur_strength=\u00a0\u00bbquote_text_shadow_style,%91object Object%93&Prime; header_text_shadow_horizontal_length=\u00a0\u00bbheader_text_shadow_style,%91object Object%93&Prime; header_text_shadow_vertical_length=\u00a0\u00bbheader_text_shadow_style,%91object Object%93&Prime; header_text_shadow_blur_strength=\u00a0\u00bbheader_text_shadow_style,%91object Object%93&Prime; header_2_text_shadow_horizontal_length=\u00a0\u00bbheader_2_text_shadow_style,%91object Object%93&Prime; header_2_text_shadow_vertical_length=\u00a0\u00bbheader_2_text_shadow_style,%91object Object%93&Prime; header_2_text_shadow_blur_strength=\u00a0\u00bbheader_2_text_shadow_style,%91object Object%93&Prime; header_3_text_shadow_horizontal_length=\u00a0\u00bbheader_3_text_shadow_style,%91object Object%93&Prime; header_3_text_shadow_vertical_length=\u00a0\u00bbheader_3_text_shadow_style,%91object Object%93&Prime; header_3_text_shadow_blur_strength=\u00a0\u00bbheader_3_text_shadow_style,%91object Object%93&Prime; header_4_text_shadow_horizontal_length=\u00a0\u00bbheader_4_text_shadow_style,%91object Object%93&Prime; header_4_text_shadow_vertical_length=\u00a0\u00bbheader_4_text_shadow_style,%91object Object%93&Prime; header_4_text_shadow_blur_strength=\u00a0\u00bbheader_4_text_shadow_style,%91object Object%93&Prime; header_5_text_shadow_horizontal_length=\u00a0\u00bbheader_5_text_shadow_style,%91object Object%93&Prime; header_5_text_shadow_vertical_length=\u00a0\u00bbheader_5_text_shadow_style,%91object Object%93&Prime; header_5_text_shadow_blur_strength=\u00a0\u00bbheader_5_text_shadow_style,%91object Object%93&Prime; header_6_text_shadow_horizontal_length=\u00a0\u00bbheader_6_text_shadow_style,%91object Object%93&Prime; header_6_text_shadow_vertical_length=\u00a0\u00bbheader_6_text_shadow_style,%91object Object%93&Prime; header_6_text_shadow_blur_strength=\u00a0\u00bbheader_6_text_shadow_style,%91object Object%93&Prime;]<\/p>\n<p class=\"paragraphe\">Trois stages sont pr\u00e9vus pendant la formation. Chaque stage donne lieu \u00e0 la r\u00e9daction, par l&rsquo;\u00e9l\u00e8ve-ing\u00e9nieur, d&rsquo;un rapport de stage.<\/p>\n<p class=\"paragraphe\">L&rsquo;\u00e9cole accompagne ses \u00e9l\u00e8ves en collectant de nombreuses offres de stage ou d&#8217;emploi qui sont mises \u00e0 leur disposition.<\/p>\n<p class=\"paragraphe\">Pour postuler \u00e0 une offre de stage ou d&#8217;emploi, rendez-vous sur le <a href=\"https:\/\/eidd.jobteaser.com\/\" target=\"_blank\" rel=\"noopener noreferrer\">EIDD Talents by Jobteaser<\/a><\/p>\n<ol>\n<li class=\"paragraphe\">Le stage dit \u00ab ouvrier \u00bb <strong>4 semaines en \u00e9t\u00e9 \u00e0 l\u2019issue de la premi\u00e8re ann\u00e9e de l\u2019\u00c9cole<\/strong> L&rsquo;objectif de ce premier stage est un premier contact avec le monde de l\u2019entreprise.<\/li>\n<li class=\"paragraphe\">Le stage dit \u00ab d&rsquo;initiative personnelle \u00bb <strong>2 \u00e0 3 mois entre juin et septembre \u00e0 l\u2019issue de la deuxi\u00e8me ann\u00e9e de l\u2019\u00c9cole<\/strong> Ce stage doit \u00eatre effectu\u00e9 dans un domaine en rapport avec la sp\u00e9cialit\u00e9 choisie. Il peut \u00e9galement \u00eatre effectu\u00e9 dans un laboratoire de recherche.<\/li>\n<li class=\"paragraphe\">Le stage dit \u00ab ing\u00e9nieur ou de fin d&rsquo;\u00e9tude \u00bb <strong>6 mois \u00e0 partir de fin f\u00e9vrier en troisi\u00e8me ann\u00e9e de l\u2019\u00c9cole<\/strong> Ce stage est une mise en situation du futur ing\u00e9nieur dans l\u2019entreprise. Il est effectu\u00e9 en entreprise et le sujet doit \u00eatre valid\u00e9 par le responsable de la sp\u00e9cialit\u00e9 choisie.<\/li>\n<\/ol>\n<p class=\"paragraphe\">La fin du stage donne lieu \u00e0 un rapport \u00e9crit suivi d\u2019une soutenance publique.<\/p>\n<p><a href=\"https:\/\/wordpress-test.app.u-pariscite.fr\/eidd\/procedure-a-suivre-pour-publier-sa-convention\/\">&gt; Conventions de stage<\/a><\/p>\n<p>[\/et_pb_text][\/et_pb_column][et_pb_column type=\u00a0\u00bb1_4&Prime;][\/et_pb_column][\/et_pb_row][\/et_pb_section][et_pb_section bb_built=\u00a0\u00bb1&Prime; _builder_version=\u00a0\u00bb3.22&Prime; custom_padding=\u00a0\u00bb0px||0px|\u00a0\u00bb prev_background_color=\u00a0\u00bb#000000&Prime;][et_pb_row _builder_version=\u00a0\u00bb3.22.1&Prime; width_phone=\u00a0\u00bb50px\u00a0\u00bb max_width_phone=\u00a0\u00bb1280px\u00a0\u00bb z_index_tablet=\u00a0\u00bb500&Prime;][et_pb_column type=\u00a0\u00bb4_4&Prime;][et_pb_text admin_label=\u00a0\u00bb\u00c0 lire aussi\u00a0\u00bb _builder_version=\u00a0\u00bb3.21&Prime;]<\/p>\n<h2><span class=\"st\">\u00c0<\/span> lire aussi<\/h2>\n<p>[\/et_pb_text][et_pb_blog posts_number=\u00a0\u00bb4&Prime; include_categories=\u00a0\u00bb13&Prime; show_author=\u00a0\u00bboff\u00a0\u00bb show_date=\u00a0\u00bboff\u00a0\u00bb show_pagination=\u00a0\u00bboff\u00a0\u00bb module_id=\u00a0\u00bbpage_type_blog\u00a0\u00bb _builder_version=\u00a0\u00bb3.21&Prime; header_level=\u00a0\u00bbh4&Prime; border_width_bottom_fullwidth=\u00a0\u00bb1px\u00a0\u00bb border_color_bottom_fullwidth=\u00a0\u00bbrgba(51,51,51,0.18)\u00a0\u00bb custom_padding=\u00a0\u00bb||50px|\u00a0\u00bb]<\/p>\n<p>[\/et_pb_blog][\/et_pb_column][\/et_pb_row][\/et_pb_section]<\/p>\n","protected":false},"excerpt":{"rendered":"<p>Trois stages sont pr\u00e9vus pendant la formation. Chaque stage donne lieu \u00e0 la r\u00e9daction, par l&rsquo;\u00e9l\u00e8ve-ing\u00e9nieur, d&rsquo;un rapport de stage.L&rsquo;\u00e9cole accompagne ses \u00e9l\u00e8ves en collectant de nombreuses offres de stage ou d&#8217;emploi qui sont mises \u00e0 leur disposition.Pour postuler \u00e0 une offre de stage ou d&#8217;emploi, rendez-vous sur le EIDD Talents by JobteaserLe stage dit&hellip; <a class=\"continue\" href=\"https:\/\/wordpress-test.app.u-pariscite.fr\/eidd\/stage\/\">Lire la suite<span> Stage : quoi? comment?<\/span><\/a><\/p>\n","protected":false},"author":253,"featured_media":0,"parent":0,"menu_order":0,"comment_status":"closed","ping_status":"closed","template":"","meta":{"_et_pb_use_builder":"on","_et_pb_old_content":"<p>[et_pb_section bb_built=\"1\" next_background_color=\"#000000\" inner_width=\"auto\" inner_max_width=\"none\"][et_pb_row][et_pb_column type=\"4_4\"][et_pb_post_title admin_label=\"Titre de la page\" _builder_version=\"3.19.11\" meta=\"off\" featured_image=\"off\" \/][\/et_pb_column][\/et_pb_row][et_pb_row][et_pb_column type=\"3_4\"][et_pb_text _builder_version=\"3.22.1\" module_id=\"contenu\" text_text_shadow_horizontal_length=\"text_text_shadow_style,%91object Object%93\" text_text_shadow_vertical_length=\"text_text_shadow_style,%91object Object%93\" text_text_shadow_blur_strength=\"text_text_shadow_style,%91object Object%93\" link_text_shadow_horizontal_length=\"link_text_shadow_style,%91object Object%93\" link_text_shadow_vertical_length=\"link_text_shadow_style,%91object Object%93\" link_text_shadow_blur_strength=\"link_text_shadow_style,%91object Object%93\" ul_text_shadow_horizontal_length=\"ul_text_shadow_style,%91object Object%93\" ul_text_shadow_vertical_length=\"ul_text_shadow_style,%91object Object%93\" ul_text_shadow_blur_strength=\"ul_text_shadow_style,%91object Object%93\" ol_text_shadow_horizontal_length=\"ol_text_shadow_style,%91object Object%93\" ol_text_shadow_vertical_length=\"ol_text_shadow_style,%91object Object%93\" ol_text_shadow_blur_strength=\"ol_text_shadow_style,%91object Object%93\" quote_text_shadow_horizontal_length=\"quote_text_shadow_style,%91object Object%93\" quote_text_shadow_vertical_length=\"quote_text_shadow_style,%91object Object%93\" quote_text_shadow_blur_strength=\"quote_text_shadow_style,%91object Object%93\" header_text_shadow_horizontal_length=\"header_text_shadow_style,%91object Object%93\" header_text_shadow_vertical_length=\"header_text_shadow_style,%91object Object%93\" header_text_shadow_blur_strength=\"header_text_shadow_style,%91object Object%93\" header_2_text_shadow_horizontal_length=\"header_2_text_shadow_style,%91object Object%93\" header_2_text_shadow_vertical_length=\"header_2_text_shadow_style,%91object Object%93\" header_2_text_shadow_blur_strength=\"header_2_text_shadow_style,%91object Object%93\" header_3_text_shadow_horizontal_length=\"header_3_text_shadow_style,%91object Object%93\" header_3_text_shadow_vertical_length=\"header_3_text_shadow_style,%91object Object%93\" header_3_text_shadow_blur_strength=\"header_3_text_shadow_style,%91object Object%93\" header_4_text_shadow_horizontal_length=\"header_4_text_shadow_style,%91object Object%93\" header_4_text_shadow_vertical_length=\"header_4_text_shadow_style,%91object Object%93\" header_4_text_shadow_blur_strength=\"header_4_text_shadow_style,%91object Object%93\" header_5_text_shadow_horizontal_length=\"header_5_text_shadow_style,%91object Object%93\" header_5_text_shadow_vertical_length=\"header_5_text_shadow_style,%91object Object%93\" header_5_text_shadow_blur_strength=\"header_5_text_shadow_style,%91object Object%93\" header_6_text_shadow_horizontal_length=\"header_6_text_shadow_style,%91object Object%93\" header_6_text_shadow_vertical_length=\"header_6_text_shadow_style,%91object Object%93\" header_6_text_shadow_blur_strength=\"header_6_text_shadow_style,%91object Object%93\" z_index_tablet=\"500\"]<\/p><p class=\"paragraphe\">Trois stages sont pr\u00e9vus pendant la formation. Chaque stage donne lieu \u00e0 la r\u00e9daction, par l'\u00e9l\u00e8ve-ing\u00e9nieur, d'un rapport de stage.<\/p><p class=\"paragraphe\">Pour d\u00e9poser une offre de stage ou d'emploi, rendez-vous sur <a class=\"ext extlink\" href=\"https:\/\/eidd.jobteaser.com\/fr\/recruiter_account\/job_offers\" target=\"_blank\" rel=\"noopener noreferrer\">Jobteaser Entreprises <\/a><\/p><ol><li class=\"paragraphe\">Le stage \u00ab\u00a0ouvrier\u00a0\u00bb<br \/><strong>4 semaines en \u00e9t\u00e9 \u00e0 l\u2019issue de la premi\u00e8re ann\u00e9e de l\u2019\u00c9cole<\/strong>\u00a0<br \/>L'objectif de ce premier stage est un premier contact avec le monde de l\u2019entreprise.\u00a0<\/li><li class=\"paragraphe\">Le stage \u00ab\u00a0technicien\u00a0\u00bb<br \/><strong>2 \u00e0 3 mois entre juin et septembre \u00e0 l\u2019issue de la deuxi\u00e8me ann\u00e9e de l\u2019\u00c9cole<\/strong><br \/>Ce stage doit \u00eatre effectu\u00e9 dans un domaine en rapport avec la sp\u00e9cialit\u00e9 choisie.\u00a0<\/li><li class=\"paragraphe\">Le stage \u00ab\u00a0ing\u00e9nieur\u00a0\u00bb<br \/><strong>6 mois \u00e0 partir de fin f\u00e9vrier en troisi\u00e8me ann\u00e9e de l\u2019\u00c9cole<\/strong><br \/>Ce stage est une mise en situation du futur ing\u00e9nieur dans l\u2019entreprise.<br \/>Le sujet doit \u00eatre valid\u00e9 par le responsable de la sp\u00e9cialit\u00e9 choisie.<\/li><\/ol><p class=\"paragraphe\">La fin du stage donne lieu \u00e0 un rapport \u00e9crit suivi d\u2019une soutenance publique.<\/p><p><a href=\"https:\/\/wordpress-test.app.u-pariscite.fr\/eidd\/procedure-a-suivre-pour-publier-sa-convention\/\">> Conventions de stage\u00a0 \u00e0 t\u00e9l\u00e9charger et informations compl\u00e9mentaires <\/a><\/p><p>[\/et_pb_text][\/et_pb_column][et_pb_column type=\"1_4\"][\/et_pb_column][\/et_pb_row][\/et_pb_section][et_pb_section bb_built=\"1\" specialty=\"off\" _builder_version=\"3.21\" custom_padding=\"0px||0px|\" prev_background_color=\"#000000\" inner_width=\"auto\" inner_max_width=\"none\"][et_pb_row _builder_version=\"3.19.11\" width=\"80%\" max_width=\"1080px\"][et_pb_column type=\"4_4\"][et_pb_text admin_label=\"\u00c0 lire aussi\" _builder_version=\"3.21\"]<\/p><h2><span class=\"st\">\u00c0<\/span> lire aussi<\/h2><p>[\/et_pb_text][et_pb_blog _builder_version=\"3.21\" posts_number=\"4\" include_categories=\"13\" show_author=\"off\" show_date=\"off\" show_pagination=\"off\" border_width_bottom_fullwidth=\"1px\" border_color_bottom_fullwidth=\"rgba(51,51,51,0.18)\" custom_padding=\"||50px|\" module_id=\"page_type_blog\" header_level=\"h4\" \/][\/et_pb_column][\/et_pb_row][\/et_pb_section]<\/p>","_et_gb_content_width":"","footnotes":""},"class_list":["post-710","page","type-page","status-publish","hentry"],"_links":{"self":[{"href":"https:\/\/wordpress-test.app.u-pariscite.fr\/eidd\/wp-json\/wp\/v2\/pages\/710","targetHints":{"allow":["GET"]}}],"collection":[{"href":"https:\/\/wordpress-test.app.u-pariscite.fr\/eidd\/wp-json\/wp\/v2\/pages"}],"about":[{"href":"https:\/\/wordpress-test.app.u-pariscite.fr\/eidd\/wp-json\/wp\/v2\/types\/page"}],"author":[{"embeddable":true,"href":"https:\/\/wordpress-test.app.u-pariscite.fr\/eidd\/wp-json\/wp\/v2\/users\/253"}],"replies":[{"embeddable":true,"href":"https:\/\/wordpress-test.app.u-pariscite.fr\/eidd\/wp-json\/wp\/v2\/comments?post=710"}],"version-history":[{"count":12,"href":"https:\/\/wordpress-test.app.u-pariscite.fr\/eidd\/wp-json\/wp\/v2\/pages\/710\/revisions"}],"predecessor-version":[{"id":4170,"href":"https:\/\/wordpress-test.app.u-pariscite.fr\/eidd\/wp-json\/wp\/v2\/pages\/710\/revisions\/4170"}],"wp:attachment":[{"href":"https:\/\/wordpress-test.app.u-pariscite.fr\/eidd\/wp-json\/wp\/v2\/media?parent=710"}],"curies":[{"name":"wp","href":"https:\/\/api.w.org\/{rel}","templated":true}]}}