{"id":566,"date":"2021-06-02T10:25:07","date_gmt":"2021-06-02T08:25:07","guid":{"rendered":"https:\/\/wordpress-test.app.u-pariscite.fr\/eidd\/?page_id=566"},"modified":"2021-06-22T10:40:53","modified_gmt":"2021-06-22T08:40:53","slug":"procedure-a-suivre-pour-publier-sa-convention","status":"publish","type":"page","link":"https:\/\/wordpress-test.app.u-pariscite.fr\/eidd\/procedure-a-suivre-pour-publier-sa-convention\/","title":{"rendered":"Proc\u00e9dure \u00e0 suivre pour publier sa convention"},"content":{"rendered":"<p>[et_pb_section bb_built=\u00a0\u00bb1&Prime; next_background_color=\u00a0\u00bb#000000&Prime; inner_width=\u00a0\u00bbauto\u00a0\u00bb inner_max_width=\u00a0\u00bbnone\u00a0\u00bb][et_pb_row][et_pb_column type=\u00a0\u00bb4_4&Prime;][et_pb_post_title admin_label=\u00a0\u00bbTitre de la page\u00a0\u00bb _builder_version=\u00a0\u00bb3.19.11&Prime; meta=\u00a0\u00bboff\u00a0\u00bb featured_image=\u00a0\u00bboff\u00a0\u00bb \/][\/et_pb_column][\/et_pb_row][et_pb_row][et_pb_column type=\u00a0\u00bb3_4&Prime;][et_pb_text admin_label=\u00a0\u00bbIntro\u00a0\u00bb _builder_version=\u00a0\u00bb3.22.1&Prime; module_id=\u00a0\u00bbintro\u00a0\u00bb text_text_shadow_horizontal_length=\u00a0\u00bbtext_text_shadow_style,%91object Object%93&Prime; text_text_shadow_vertical_length=\u00a0\u00bbtext_text_shadow_style,%91object Object%93&Prime; text_text_shadow_blur_strength=\u00a0\u00bbtext_text_shadow_style,%91object Object%93&Prime; link_text_shadow_horizontal_length=\u00a0\u00bblink_text_shadow_style,%91object Object%93&Prime; link_text_shadow_vertical_length=\u00a0\u00bblink_text_shadow_style,%91object Object%93&Prime; link_text_shadow_blur_strength=\u00a0\u00bblink_text_shadow_style,%91object Object%93&Prime; ul_text_shadow_horizontal_length=\u00a0\u00bbul_text_shadow_style,%91object Object%93&Prime; ul_text_shadow_vertical_length=\u00a0\u00bbul_text_shadow_style,%91object Object%93&Prime; ul_text_shadow_blur_strength=\u00a0\u00bbul_text_shadow_style,%91object Object%93&Prime; ol_text_shadow_horizontal_length=\u00a0\u00bbol_text_shadow_style,%91object Object%93&Prime; ol_text_shadow_vertical_length=\u00a0\u00bbol_text_shadow_style,%91object Object%93&Prime; ol_text_shadow_blur_strength=\u00a0\u00bbol_text_shadow_style,%91object Object%93&Prime; quote_text_shadow_horizontal_length=\u00a0\u00bbquote_text_shadow_style,%91object Object%93&Prime; quote_text_shadow_vertical_length=\u00a0\u00bbquote_text_shadow_style,%91object Object%93&Prime; quote_text_shadow_blur_strength=\u00a0\u00bbquote_text_shadow_style,%91object Object%93&Prime; header_text_shadow_horizontal_length=\u00a0\u00bbheader_text_shadow_style,%91object Object%93&Prime; header_text_shadow_vertical_length=\u00a0\u00bbheader_text_shadow_style,%91object Object%93&Prime; header_text_shadow_blur_strength=\u00a0\u00bbheader_text_shadow_style,%91object Object%93&Prime; header_2_text_shadow_horizontal_length=\u00a0\u00bbheader_2_text_shadow_style,%91object Object%93&Prime; header_2_text_shadow_vertical_length=\u00a0\u00bbheader_2_text_shadow_style,%91object Object%93&Prime; header_2_text_shadow_blur_strength=\u00a0\u00bbheader_2_text_shadow_style,%91object Object%93&Prime; header_3_text_shadow_horizontal_length=\u00a0\u00bbheader_3_text_shadow_style,%91object Object%93&Prime; header_3_text_shadow_vertical_length=\u00a0\u00bbheader_3_text_shadow_style,%91object Object%93&Prime; header_3_text_shadow_blur_strength=\u00a0\u00bbheader_3_text_shadow_style,%91object Object%93&Prime; header_4_text_shadow_horizontal_length=\u00a0\u00bbheader_4_text_shadow_style,%91object Object%93&Prime; header_4_text_shadow_vertical_length=\u00a0\u00bbheader_4_text_shadow_style,%91object Object%93&Prime; header_4_text_shadow_blur_strength=\u00a0\u00bbheader_4_text_shadow_style,%91object Object%93&Prime; header_5_text_shadow_horizontal_length=\u00a0\u00bbheader_5_text_shadow_style,%91object Object%93&Prime; header_5_text_shadow_vertical_length=\u00a0\u00bbheader_5_text_shadow_style,%91object Object%93&Prime; header_5_text_shadow_blur_strength=\u00a0\u00bbheader_5_text_shadow_style,%91object Object%93&Prime; header_6_text_shadow_horizontal_length=\u00a0\u00bbheader_6_text_shadow_style,%91object Object%93&Prime; header_6_text_shadow_vertical_length=\u00a0\u00bbheader_6_text_shadow_style,%91object Object%93&Prime; header_6_text_shadow_blur_strength=\u00a0\u00bbheader_6_text_shadow_style,%91object Object%93&Prime; z_index_tablet=\u00a0\u00bb500&Prime;]<\/p>\n<p>Comment r\u00e9aliser une convention de stage ? Comment utiliser l&rsquo;outil Pstage ? Ci-dessous un r\u00e9sum\u00e9 des d\u00e9marches \u00e0 suivre pour publier une convention.<\/p>\n<p>[\/et_pb_text][\/et_pb_column][et_pb_column type=\u00a0\u00bb1_4&Prime;][\/et_pb_column][\/et_pb_row][et_pb_row _builder_version=\u00a0\u00bb3.22.1&Prime; custom_margin=\u00a0\u00bb||70px|\u00a0\u00bb z_index_tablet=\u00a0\u00bb500&Prime;][et_pb_column type=\u00a0\u00bb3_4&Prime;][et_pb_text _builder_version=\u00a0\u00bb3.22.1&Prime; module_id=\u00a0\u00bbcontenu\u00a0\u00bb text_text_shadow_horizontal_length=\u00a0\u00bbtext_text_shadow_style,%91object Object%93&Prime; text_text_shadow_vertical_length=\u00a0\u00bbtext_text_shadow_style,%91object Object%93&Prime; text_text_shadow_blur_strength=\u00a0\u00bbtext_text_shadow_style,%91object Object%93&Prime; link_text_shadow_horizontal_length=\u00a0\u00bblink_text_shadow_style,%91object Object%93&Prime; link_text_shadow_vertical_length=\u00a0\u00bblink_text_shadow_style,%91object Object%93&Prime; link_text_shadow_blur_strength=\u00a0\u00bblink_text_shadow_style,%91object Object%93&Prime; ul_text_shadow_horizontal_length=\u00a0\u00bbul_text_shadow_style,%91object Object%93&Prime; ul_text_shadow_vertical_length=\u00a0\u00bbul_text_shadow_style,%91object Object%93&Prime; ul_text_shadow_blur_strength=\u00a0\u00bbul_text_shadow_style,%91object Object%93&Prime; ol_text_shadow_horizontal_length=\u00a0\u00bbol_text_shadow_style,%91object Object%93&Prime; ol_text_shadow_vertical_length=\u00a0\u00bbol_text_shadow_style,%91object Object%93&Prime; ol_text_shadow_blur_strength=\u00a0\u00bbol_text_shadow_style,%91object Object%93&Prime; quote_text_shadow_horizontal_length=\u00a0\u00bbquote_text_shadow_style,%91object Object%93&Prime; quote_text_shadow_vertical_length=\u00a0\u00bbquote_text_shadow_style,%91object Object%93&Prime; quote_text_shadow_blur_strength=\u00a0\u00bbquote_text_shadow_style,%91object Object%93&Prime; header_text_shadow_horizontal_length=\u00a0\u00bbheader_text_shadow_style,%91object Object%93&Prime; header_text_shadow_vertical_length=\u00a0\u00bbheader_text_shadow_style,%91object Object%93&Prime; header_text_shadow_blur_strength=\u00a0\u00bbheader_text_shadow_style,%91object Object%93&Prime; header_2_text_shadow_horizontal_length=\u00a0\u00bbheader_2_text_shadow_style,%91object Object%93&Prime; header_2_text_shadow_vertical_length=\u00a0\u00bbheader_2_text_shadow_style,%91object Object%93&Prime; header_2_text_shadow_blur_strength=\u00a0\u00bbheader_2_text_shadow_style,%91object Object%93&Prime; header_3_text_shadow_horizontal_length=\u00a0\u00bbheader_3_text_shadow_style,%91object Object%93&Prime; header_3_text_shadow_vertical_length=\u00a0\u00bbheader_3_text_shadow_style,%91object Object%93&Prime; header_3_text_shadow_blur_strength=\u00a0\u00bbheader_3_text_shadow_style,%91object Object%93&Prime; header_4_text_shadow_horizontal_length=\u00a0\u00bbheader_4_text_shadow_style,%91object Object%93&Prime; header_4_text_shadow_vertical_length=\u00a0\u00bbheader_4_text_shadow_style,%91object Object%93&Prime; header_4_text_shadow_blur_strength=\u00a0\u00bbheader_4_text_shadow_style,%91object Object%93&Prime; header_5_text_shadow_horizontal_length=\u00a0\u00bbheader_5_text_shadow_style,%91object Object%93&Prime; header_5_text_shadow_vertical_length=\u00a0\u00bbheader_5_text_shadow_style,%91object Object%93&Prime; header_5_text_shadow_blur_strength=\u00a0\u00bbheader_5_text_shadow_style,%91object Object%93&Prime; header_6_text_shadow_horizontal_length=\u00a0\u00bbheader_6_text_shadow_style,%91object Object%93&Prime; header_6_text_shadow_vertical_length=\u00a0\u00bbheader_6_text_shadow_style,%91object Object%93&Prime; header_6_text_shadow_blur_strength=\u00a0\u00bbheader_6_text_shadow_style,%91object Object%93&Prime; z_index_tablet=\u00a0\u00bb500&Prime;]<\/p>\n<p>La <b>convention<\/b> de stage\u00a0est un document indispensable pour la r\u00e9alisation d\u2019un stage.<\/p>\n<p>Apr\u00e8s avoir trouv\u00e9 un organisme d\u2019accueil, il faut concr\u00e9tiser cet accueil par l\u2019\u00e9tablissement et la signature d\u2019une convention de stage. Aucun stage ne peut d\u00e9buter tant que la convention de stage n\u2019est pas sign\u00e9e par l\u2019ensemble des parties.<\/p>\n<p>Ainsi pour cr\u00e9er une convention de stage, un outil est \u00e0 la disposition des \u00e9tudiants: <a href=\"https:\/\/pstage.app.wordpress-test.app.u-pariscite.fr\/esup-pstage\/stylesheets\/stage\/welcome.xhtml\">l&rsquo;application <b>Pstage<\/b><\/a> .\u00a0 la proc\u00e9dure \u00e0 suivre est la suivante :<\/p>\n<p>1\/ Trouver un lieu de stage et obtenir l&rsquo;accord de l&rsquo;enseignant r\u00e9f\u00e9rent concernant le sujet et les activit\u00e9s du stage.<\/p>\n<p>2\/ Cr\u00e9er la convention via <a href=\"https:\/\/pstage.app.wordpress-test.app.u-pariscite.fr\/esup-pstage\/stylesheets\/stage\/welcome.xhtml\">l\u2019application Pstage<\/a>. Dans le cas o\u00f9 l&rsquo;organisme d\u2019accueil n\u2019existe pas encore sur l\u2019application, il est n\u00e9cessaire de le cr\u00e9er. Ci-dessous un document r\u00e9capitulant l\u2019ensemble des informations n\u00e9cessaires pour effectuer la saisie de la convention de stage via l\u2019application.<\/p>\n<p>&nbsp;<\/p>\n<p><b>ATTENTION\u00a0: <\/b><\/p>\n<p>\u00d8 Un <u>laboratoire universitaire n&rsquo;est PAS un organisme d&rsquo;accueil<\/u> car il n\u2019a pas la personnalit\u00e9 morale. Il faudra alors mentionner en tant qu\u2019organisme d\u2019accueil la tutelle de laquelle \u00e9manera la gratification de stage.<\/p>\n<p>\u00d8 Une <u>convention de stage est un acte tripartite\u00a0: organisme d\u2019accueil, vous et l\u2019universit\u00e9<\/u>. L\u2019organisme d\u2019accueil mentionn\u00e9 doit correspondre \u00e0 l\u2019organisme qui vous accueille et qui vous gratifie.<\/p>\n<p>&nbsp;<\/p>\n<p>3\/ Une fois la saisie de la convention termin\u00e9e, vous devez contacter l\u2019Ecole afin que nous puissions effectuer les v\u00e9rifications de conformit\u00e9.<\/p>\n<p>4\/ Une fois le document conforme, l&rsquo;\u00e9cole transmet\u00a0 la convention \u00e0 l&rsquo;\u00e9l\u00e8ve afin qu&rsquo;il puisse d\u00e9buter le circuit des signatures : l&rsquo;\u00e9tudiant, l&rsquo;organisme d\u2019accueil (repr\u00e9sentant l\u00e9gal + tuteur).<\/p>\n<p>5\/ La convention doit \u00eatre ensuite renvoy\u00e9e par mail afin que l&rsquo;\u00e9cole puisse se charger des signatures manquantes : l\u2019universit\u00e9 (enseignant r\u00e9f\u00e9rent + directeur de l\u2019Ecole). Une fois sign\u00e9e, un exemplaire int\u00e9gralement sign\u00e9 sera transmis \u00e0 l&rsquo;\u00e9l\u00e8ve.<\/p>\n<p>Avec la convention de stage, <b>une attestation d\u2019assurance responsabilit\u00e9 civile mentionnant l\u2019\u00e9tendue des droits \u00e0 la r\u00e9alisation de stage doit \u00eatre fournie<\/b>.<\/p>\n<p>Dans le cas o\u00f9 l&rsquo;organisme d\u2019accueil souhaiterait \u00eatre le dernier signataire de la convention, que l&rsquo;organisme d\u2019accueil souhaite utiliser son propre mod\u00e8le de convention ou encore s&rsquo;il s&rsquo;agit d&rsquo;un organisme d\u2019accueil \u00e0 l\u2019\u00e9tranger, merci de bien vouloir au pr\u00e9alable contacter l&rsquo;\u00e9cole.<\/p>\n<p>&nbsp;<\/p>\n<p><a href=\"https:\/\/wordpress-test.app.u-pariscite.fr\/eidd\/wp-content\/uploads\/sites\/26\/2021\/06\/PSTAGE_GUIDE_ETUDIANTS_20202021_VF140121.pdf\">PSTAGE GUIDE ETUDIANTS<\/a><\/p>\n<p><a href=\"https:\/\/wordpress-test.app.u-pariscite.fr\/eidd\/wp-content\/uploads\/sites\/26\/2021\/06\/FORMULAIRE-ETUDIANT-Items-obligatoires-pour-saisir-une-convention-de-stage.docx\"> Items obligatoires pour saisir une convention de stage<\/a><\/p>\n<p><a href=\"https:\/\/wordpress-test.app.u-pariscite.fr\/eidd\/wp-content\/uploads\/sites\/26\/2021\/06\/MODELE-Attestation_RC_FR.docx\">Mod\u00e8le Attestation<\/a><\/p>\n<p>[\/et_pb_text][\/et_pb_column][et_pb_column type=\u00a0\u00bb1_4&Prime;][et_pb_image _builder_version=\u00a0\u00bb3.22.1&Prime; src=\u00a0\u00bbhttps:\/\/wordpress-test.app.u-pariscite.fr\/eidd\/wp-content\/uploads\/sites\/26\/2021\/06\/Pstage.png\u00a0\u00bb url=\u00a0\u00bbhttps:\/\/pstage.app.wordpress-test.app.u-pariscite.fr\/esup-pstage\/stylesheets\/stage\/welcome.xhtml\u00a0\u00bb z_index_tablet=\u00a0\u00bb500&Prime; custom_margin=\u00a0\u00bb150px|||\u00a0\u00bb \/][\/et_pb_column][\/et_pb_row][\/et_pb_section][et_pb_section bb_built=\u00a0\u00bb1&Prime; specialty=\u00a0\u00bboff\u00a0\u00bb _builder_version=\u00a0\u00bb3.21&Prime; custom_padding=\u00a0\u00bb0px||0px|\u00a0\u00bb prev_background_color=\u00a0\u00bb#000000&Prime; inner_width=\u00a0\u00bbauto\u00a0\u00bb inner_max_width=\u00a0\u00bbnone\u00a0\u00bb][et_pb_row _builder_version=\u00a0\u00bb3.19.11&Prime; width=\u00a0\u00bb80%\u00a0\u00bb max_width=\u00a0\u00bb1080px\u00a0\u00bb][et_pb_column type=\u00a0\u00bb4_4&Prime;][et_pb_text admin_label=\u00a0\u00bb\u00c0 lire aussi\u00a0\u00bb _builder_version=\u00a0\u00bb3.21&Prime;]<\/p>\n<h2><span class=\"st\">\u00c0<\/span> lire aussi<\/h2>\n<p>[\/et_pb_text][et_pb_blog _builder_version=\u00a0\u00bb3.22.1&Prime; posts_number=\u00a0\u00bb4&Prime; include_categories=\u00a0\u00bb29,31&Prime; show_author=\u00a0\u00bboff\u00a0\u00bb show_date=\u00a0\u00bboff\u00a0\u00bb show_pagination=\u00a0\u00bboff\u00a0\u00bb border_width_bottom_fullwidth=\u00a0\u00bb1px\u00a0\u00bb border_color_bottom_fullwidth=\u00a0\u00bbrgba(51,51,51,0.18)\u00a0\u00bb custom_padding=\u00a0\u00bb||50px|\u00a0\u00bb module_id=\u00a0\u00bbpage_type_blog\u00a0\u00bb header_level=\u00a0\u00bbh4&Prime; text_shadow_horizontal_length=\u00a0\u00bbtext_shadow_style,%91object Object%93&Prime; text_shadow_vertical_length=\u00a0\u00bbtext_shadow_style,%91object Object%93&Prime; text_shadow_blur_strength=\u00a0\u00bbtext_shadow_style,%91object Object%93&Prime; header_text_shadow_horizontal_length=\u00a0\u00bbheader_text_shadow_style,%91object Object%93&Prime; header_text_shadow_vertical_length=\u00a0\u00bbheader_text_shadow_style,%91object Object%93&Prime; header_text_shadow_blur_strength=\u00a0\u00bbheader_text_shadow_style,%91object Object%93&Prime; body_text_shadow_horizontal_length=\u00a0\u00bbbody_text_shadow_style,%91object Object%93&Prime; body_text_shadow_vertical_length=\u00a0\u00bbbody_text_shadow_style,%91object Object%93&Prime; body_text_shadow_blur_strength=\u00a0\u00bbbody_text_shadow_style,%91object Object%93&Prime; meta_text_shadow_horizontal_length=\u00a0\u00bbmeta_text_shadow_style,%91object Object%93&Prime; meta_text_shadow_vertical_length=\u00a0\u00bbmeta_text_shadow_style,%91object Object%93&Prime; meta_text_shadow_blur_strength=\u00a0\u00bbmeta_text_shadow_style,%91object Object%93&Prime; pagination_text_shadow_horizontal_length=\u00a0\u00bbpagination_text_shadow_style,%91object Object%93&Prime; pagination_text_shadow_vertical_length=\u00a0\u00bbpagination_text_shadow_style,%91object Object%93&Prime; pagination_text_shadow_blur_strength=\u00a0\u00bbpagination_text_shadow_style,%91object Object%93&Prime; z_index_tablet=\u00a0\u00bb500&Prime; \/][\/et_pb_column][\/et_pb_row][\/et_pb_section]<\/p>\n","protected":false},"excerpt":{"rendered":"<div class=\"et_pb_row et_pb_row_0 et_pb_row_empty\"><\/div>\n<div class=\"et_pb_row et_pb_row_1 et_pb_row_empty\"><\/div>\n<p> Comment r\u00e9aliser une convention de stage ? Comment utiliser l&rsquo;outil Pstage ? Ci-dessous un r\u00e9sum\u00e9 des d\u00e9marches \u00e0 suivre pour publier une convention. La convention de stage\u00a0est un document indispensable pour la r\u00e9alisation d\u2019un stage. Apr\u00e8s avoir trouv\u00e9 un organisme d\u2019accueil, il faut concr\u00e9tiser cet accueil par l\u2019\u00e9tablissement et la signature d\u2019une convention de&hellip; <a class=\"continue\" href=\"https:\/\/wordpress-test.app.u-pariscite.fr\/eidd\/procedure-a-suivre-pour-publier-sa-convention\/\">Lire la suite<span> Proc\u00e9dure \u00e0 suivre pour publier sa convention<\/span><\/a><\/p>\n","protected":false},"author":254,"featured_media":0,"parent":0,"menu_order":0,"comment_status":"closed","ping_status":"closed","template":"","meta":{"_et_pb_use_builder":"on","_et_pb_old_content":"","_et_gb_content_width":"","footnotes":""},"class_list":["post-566","page","type-page","status-publish","hentry"],"_links":{"self":[{"href":"https:\/\/wordpress-test.app.u-pariscite.fr\/eidd\/wp-json\/wp\/v2\/pages\/566","targetHints":{"allow":["GET"]}}],"collection":[{"href":"https:\/\/wordpress-test.app.u-pariscite.fr\/eidd\/wp-json\/wp\/v2\/pages"}],"about":[{"href":"https:\/\/wordpress-test.app.u-pariscite.fr\/eidd\/wp-json\/wp\/v2\/types\/page"}],"author":[{"embeddable":true,"href":"https:\/\/wordpress-test.app.u-pariscite.fr\/eidd\/wp-json\/wp\/v2\/users\/254"}],"replies":[{"embeddable":true,"href":"https:\/\/wordpress-test.app.u-pariscite.fr\/eidd\/wp-json\/wp\/v2\/comments?post=566"}],"version-history":[{"count":11,"href":"https:\/\/wordpress-test.app.u-pariscite.fr\/eidd\/wp-json\/wp\/v2\/pages\/566\/revisions"}],"predecessor-version":[{"id":1749,"href":"https:\/\/wordpress-test.app.u-pariscite.fr\/eidd\/wp-json\/wp\/v2\/pages\/566\/revisions\/1749"}],"wp:attachment":[{"href":"https:\/\/wordpress-test.app.u-pariscite.fr\/eidd\/wp-json\/wp\/v2\/media?parent=566"}],"curies":[{"name":"wp","href":"https:\/\/api.w.org\/{rel}","templated":true}]}}