{"id":2386,"date":"2022-05-03T15:13:16","date_gmt":"2022-05-03T13:13:16","guid":{"rendered":"https:\/\/wordpress-test.app.u-pariscite.fr\/eidd\/?page_id=2386"},"modified":"2022-05-03T15:16:03","modified_gmt":"2022-05-03T13:16:03","slug":"la-demarche-qualite-a-leidd","status":"publish","type":"page","link":"https:\/\/wordpress-test.app.u-pariscite.fr\/eidd\/la-demarche-qualite-a-leidd\/","title":{"rendered":"La d\u00e9marche qualit\u00e9 \u00e0 l\u2019EIDD"},"content":{"rendered":"<p>[et_pb_section bb_built=\u00a0\u00bb1&Prime; inner_width=\u00a0\u00bbauto\u00a0\u00bb inner_max_width=\u00a0\u00bbnone\u00a0\u00bb][et_pb_row][et_pb_column type=\u00a0\u00bb4_4&Prime;][et_pb_post_title admin_label=\u00a0\u00bbTitre de la page\u00a0\u00bb _builder_version=\u00a0\u00bb3.19.11&Prime; meta=\u00a0\u00bboff\u00a0\u00bb featured_image=\u00a0\u00bboff\u00a0\u00bb \/][\/et_pb_column][\/et_pb_row][et_pb_row][et_pb_column type=\u00a0\u00bb3_4&Prime;][et_pb_text admin_label=\u00a0\u00bbIntro\u00a0\u00bb _builder_version=\u00a0\u00bb3.22.1&Prime; module_id=\u00a0\u00bbintro\u00a0\u00bb text_text_shadow_horizontal_length=\u00a0\u00bbtext_text_shadow_style,%91object Object%93&Prime; text_text_shadow_vertical_length=\u00a0\u00bbtext_text_shadow_style,%91object Object%93&Prime; text_text_shadow_blur_strength=\u00a0\u00bbtext_text_shadow_style,%91object Object%93&Prime; link_text_shadow_horizontal_length=\u00a0\u00bblink_text_shadow_style,%91object Object%93&Prime; link_text_shadow_vertical_length=\u00a0\u00bblink_text_shadow_style,%91object Object%93&Prime; link_text_shadow_blur_strength=\u00a0\u00bblink_text_shadow_style,%91object Object%93&Prime; ul_text_shadow_horizontal_length=\u00a0\u00bbul_text_shadow_style,%91object Object%93&Prime; ul_text_shadow_vertical_length=\u00a0\u00bbul_text_shadow_style,%91object Object%93&Prime; ul_text_shadow_blur_strength=\u00a0\u00bbul_text_shadow_style,%91object Object%93&Prime; ol_text_shadow_horizontal_length=\u00a0\u00bbol_text_shadow_style,%91object Object%93&Prime; ol_text_shadow_vertical_length=\u00a0\u00bbol_text_shadow_style,%91object Object%93&Prime; ol_text_shadow_blur_strength=\u00a0\u00bbol_text_shadow_style,%91object Object%93&Prime; quote_text_shadow_horizontal_length=\u00a0\u00bbquote_text_shadow_style,%91object Object%93&Prime; quote_text_shadow_vertical_length=\u00a0\u00bbquote_text_shadow_style,%91object Object%93&Prime; quote_text_shadow_blur_strength=\u00a0\u00bbquote_text_shadow_style,%91object Object%93&Prime; header_text_shadow_horizontal_length=\u00a0\u00bbheader_text_shadow_style,%91object Object%93&Prime; header_text_shadow_vertical_length=\u00a0\u00bbheader_text_shadow_style,%91object Object%93&Prime; header_text_shadow_blur_strength=\u00a0\u00bbheader_text_shadow_style,%91object Object%93&Prime; header_2_text_shadow_horizontal_length=\u00a0\u00bbheader_2_text_shadow_style,%91object Object%93&Prime; header_2_text_shadow_vertical_length=\u00a0\u00bbheader_2_text_shadow_style,%91object Object%93&Prime; header_2_text_shadow_blur_strength=\u00a0\u00bbheader_2_text_shadow_style,%91object Object%93&Prime; header_3_text_shadow_horizontal_length=\u00a0\u00bbheader_3_text_shadow_style,%91object Object%93&Prime; header_3_text_shadow_vertical_length=\u00a0\u00bbheader_3_text_shadow_style,%91object Object%93&Prime; header_3_text_shadow_blur_strength=\u00a0\u00bbheader_3_text_shadow_style,%91object Object%93&Prime; header_4_text_shadow_horizontal_length=\u00a0\u00bbheader_4_text_shadow_style,%91object Object%93&Prime; header_4_text_shadow_vertical_length=\u00a0\u00bbheader_4_text_shadow_style,%91object Object%93&Prime; header_4_text_shadow_blur_strength=\u00a0\u00bbheader_4_text_shadow_style,%91object Object%93&Prime; header_5_text_shadow_horizontal_length=\u00a0\u00bbheader_5_text_shadow_style,%91object Object%93&Prime; header_5_text_shadow_vertical_length=\u00a0\u00bbheader_5_text_shadow_style,%91object Object%93&Prime; header_5_text_shadow_blur_strength=\u00a0\u00bbheader_5_text_shadow_style,%91object Object%93&Prime; header_6_text_shadow_horizontal_length=\u00a0\u00bbheader_6_text_shadow_style,%91object Object%93&Prime; header_6_text_shadow_vertical_length=\u00a0\u00bbheader_6_text_shadow_style,%91object Object%93&Prime; header_6_text_shadow_blur_strength=\u00a0\u00bbheader_6_text_shadow_style,%91object Object%93&Prime; z_index_tablet=\u00a0\u00bb500&Prime;]<\/p>\n<div class=\"page\" title=\"Page 1\">\n<div class=\"layoutArea\">\n<div class=\"column\">L\u2019\u00e9cole d\u2019ing\u00e9nieur Denis-Diderot (EIDD) est l\u2019\u00e9cole d\u2019ing\u00e9nieur interne de Universit\u00e9 Paris Cit\u00e9. C\u2019est une \u00e9cole, inclusive, ouverte sur la ville, \u00e0 dimension humaine, particuli\u00e8rement \u00e0 l\u2019\u00e9coute de ses \u00e9l\u00e8ves \u0153uvrant pour leur r\u00e9ussite.<\/div>\n<\/div>\n<\/div>\n<p>[\/et_pb_text][\/et_pb_column][et_pb_column type=\u00a0\u00bb1_4&Prime;][\/et_pb_column][\/et_pb_row][et_pb_row][et_pb_column type=\u00a0\u00bb3_4&Prime;][et_pb_text _builder_version=\u00a0\u00bb3.22.1&Prime; module_id=\u00a0\u00bbcontenu\u00a0\u00bb text_text_shadow_horizontal_length=\u00a0\u00bbtext_text_shadow_style,%91object Object%93&Prime; text_text_shadow_vertical_length=\u00a0\u00bbtext_text_shadow_style,%91object Object%93&Prime; text_text_shadow_blur_strength=\u00a0\u00bbtext_text_shadow_style,%91object Object%93&Prime; link_text_shadow_horizontal_length=\u00a0\u00bblink_text_shadow_style,%91object Object%93&Prime; link_text_shadow_vertical_length=\u00a0\u00bblink_text_shadow_style,%91object Object%93&Prime; link_text_shadow_blur_strength=\u00a0\u00bblink_text_shadow_style,%91object Object%93&Prime; ul_text_shadow_horizontal_length=\u00a0\u00bbul_text_shadow_style,%91object Object%93&Prime; ul_text_shadow_vertical_length=\u00a0\u00bbul_text_shadow_style,%91object Object%93&Prime; ul_text_shadow_blur_strength=\u00a0\u00bbul_text_shadow_style,%91object Object%93&Prime; ol_text_shadow_horizontal_length=\u00a0\u00bbol_text_shadow_style,%91object Object%93&Prime; ol_text_shadow_vertical_length=\u00a0\u00bbol_text_shadow_style,%91object Object%93&Prime; ol_text_shadow_blur_strength=\u00a0\u00bbol_text_shadow_style,%91object Object%93&Prime; quote_text_shadow_horizontal_length=\u00a0\u00bbquote_text_shadow_style,%91object Object%93&Prime; quote_text_shadow_vertical_length=\u00a0\u00bbquote_text_shadow_style,%91object Object%93&Prime; quote_text_shadow_blur_strength=\u00a0\u00bbquote_text_shadow_style,%91object Object%93&Prime; header_text_shadow_horizontal_length=\u00a0\u00bbheader_text_shadow_style,%91object Object%93&Prime; header_text_shadow_vertical_length=\u00a0\u00bbheader_text_shadow_style,%91object Object%93&Prime; header_text_shadow_blur_strength=\u00a0\u00bbheader_text_shadow_style,%91object Object%93&Prime; header_2_text_shadow_horizontal_length=\u00a0\u00bbheader_2_text_shadow_style,%91object Object%93&Prime; header_2_text_shadow_vertical_length=\u00a0\u00bbheader_2_text_shadow_style,%91object Object%93&Prime; header_2_text_shadow_blur_strength=\u00a0\u00bbheader_2_text_shadow_style,%91object Object%93&Prime; header_3_text_shadow_horizontal_length=\u00a0\u00bbheader_3_text_shadow_style,%91object Object%93&Prime; header_3_text_shadow_vertical_length=\u00a0\u00bbheader_3_text_shadow_style,%91object Object%93&Prime; header_3_text_shadow_blur_strength=\u00a0\u00bbheader_3_text_shadow_style,%91object Object%93&Prime; header_4_text_shadow_horizontal_length=\u00a0\u00bbheader_4_text_shadow_style,%91object Object%93&Prime; header_4_text_shadow_vertical_length=\u00a0\u00bbheader_4_text_shadow_style,%91object Object%93&Prime; header_4_text_shadow_blur_strength=\u00a0\u00bbheader_4_text_shadow_style,%91object Object%93&Prime; header_5_text_shadow_horizontal_length=\u00a0\u00bbheader_5_text_shadow_style,%91object Object%93&Prime; header_5_text_shadow_vertical_length=\u00a0\u00bbheader_5_text_shadow_style,%91object Object%93&Prime; header_5_text_shadow_blur_strength=\u00a0\u00bbheader_5_text_shadow_style,%91object Object%93&Prime; header_6_text_shadow_horizontal_length=\u00a0\u00bbheader_6_text_shadow_style,%91object Object%93&Prime; header_6_text_shadow_vertical_length=\u00a0\u00bbheader_6_text_shadow_style,%91object Object%93&Prime; header_6_text_shadow_blur_strength=\u00a0\u00bbheader_6_text_shadow_style,%91object Object%93&Prime; z_index_tablet=\u00a0\u00bb500&Prime;]<\/p>\n<div class=\"page\" title=\"Page 1\">\n<div class=\"layoutArea\">\n<div class=\"column\">\n<p>L\u2019\u00e9cole d\u2019ing\u00e9nieur Denis-Diderot (EIDD) a pour ambition de former des ing\u00e9nieurs g\u00e9n\u00e9ralistes ma\u00eetrisant l\u2019usage des technologies de pointe et leur impl\u00e9mentation dans des syst\u00e8mes complexes.<\/p>\n<p>Depuis sa cr\u00e9ation, l\u2019EIDD a initi\u00e9 une d\u00e9marche qualit\u00e9, encadr\u00e9 par le comit\u00e9 de pilotage qualit\u00e9 dont l\u2019objectif, centr\u00e9 sur la formation, vise l\u2019optimisation de son fonctionnement pour satisfaire toutes les parties int\u00e9ress\u00e9es, \u00e0 savoir ses personnels, ses \u00e9l\u00e8ves, ses partenaires et ses tutelles. Cette d\u00e9marche comporte deux volets : un premier ax\u00e9 sur l\u2019assurance qualit\u00e9 externe, en se conformant aux exigences de qualit\u00e9 d\u2019organismes externes \u00e0 l\u2019EIDD, et notamment de la Commission des titres d\u2019ing\u00e9nieur (CTI) charg\u00e9 de l\u2019accr\u00e9ditation des formations d\u2019ing\u00e9nieurs; et un second visant le d\u00e9ploiement de la\u00a0d\u00e9marche qualit\u00e9 interne, pilot\u00e9e par la Comit\u00e9 de Direction.<\/p>\n<div class='et-learn-more et-open clearfix'>\n\t\t\t\t\t<h3 class='heading-more open'>L\u2019assurance qualit\u00e9 externe :<span class='et_learnmore_arrow'><span><\/span><\/span><\/h3>\n\t\t\t\t\t<div class='learn-more-content'><p><strong>L\u2019accr\u00e9ditation CTI<\/strong><\/p>\n<p>La CTI et les \u00e9coles d\u2019ing\u00e9nieurs qu\u2019elle \u00e9value se conforment aux standards europ\u00e9ens en mati\u00e8re d\u2019assurance qualit\u00e9. Ces standards sont expos\u00e9s dans les ESG (https:\/\/www.enqa.eu\/esg-standards-and-guidelines-for-quality-assurance-in-the-european-higher-education-area\/) ou r\u00e9f\u00e9rences et lignes directrices pour l\u2019assurance qualit\u00e9 dans l\u2019espace europ\u00e9en de l\u2019enseignement sup\u00e9rieur. Parmi ces standards, il y a l\u2019exigence \u2013 pour les \u00e9coles et \u00e9tablissements \u2013 de rendre publiques des informations sinc\u00e8res sur l\u2019offre de formation.Dans cette perspective, chaque \u00e9cole d\u2019ing\u00e9nieurs renseigne, une fois par an, les donn\u00e9es certifi\u00e9es en vue de leur transmission et de leur publication sur le site internet de la CTI ainsi que de l\u2019\u00e9cole.La CTI a accr\u00e9dit\u00e9 l\u2019EIDD pour d\u00e9livrer des dipl\u00f4mes des sp\u00e9cialit\u00e9s suivantes :<\/p>\n<ul>\n<li>G\u00e9nie physique (GP) sous statut \u00e9tudiant<\/li>\n<li>Mat\u00e9riaux et Nanotechnologie (MN) sous statut \u00e9tudiant<\/li>\n<li>Syst\u00e8mes Informatiques Embarqu\u00e9s (SIE) sous statut \u00e9tudiant<\/li>\n<li>G\u00e9nie Biologique (GB) sous statut apprenti<\/li>\n<\/ul>\n<p><strong>Autres \u00e9valuations et certifications<\/strong><\/p>\n<p>L\u2019\u00e9cole peut r\u00e9pondre aux exigences d\u2019\u00e9valuations externes d\u2019autres organismes d\u2019\u00e9valuation qui s\u2019imposent \u00e0 elle ou qu\u2019elle choisit \u00e0 son initiative<\/div>\n\t\t\t\t<\/div>\n<div class='et-learn-more et-open clearfix'>\n\t\t\t\t\t<h3 class='heading-more open'>La d\u00e9marche qualit\u00e9 interne :<span class='et_learnmore_arrow'><span><\/span><\/span><\/h3>\n\t\t\t\t\t<div class='learn-more-content'><p><strong>Politique de la qualit\u00e9<\/strong><\/p>\n<p>La d\u00e9marche qualit\u00e9 de l\u2019EIDD est une d\u00e9marche d\u2019am\u00e9lioration continue pour tous les personnels et usagers de l\u2019\u00e9cole c\u2019est-\u00e0-dire les \u00e9l\u00e8ves ing\u00e9nieurs. Le syst\u00e8me de management par la qualit\u00e9 (SMQ) en cours de d\u00e9ploiement dans l\u2019\u00e9tablissement est inspir\u00e9 des exigences du r\u00e9f\u00e9rentiel ISO 9001. Il se veut \u00eatre un outil d\u2019am\u00e9lioration continue de tous les processus et activit\u00e9s qui contribuent \u00e0 la formation des \u00e9l\u00e8ves ing\u00e9nieurs, notamment l\u2019organisation et la communication (interne et externe) de l\u2019\u00e9cole, de mani\u00e8re \u00e0 pouvoir s\u2019adapter aux \u00e9volutions de l\u2019environnement.<\/p>\n<p><strong>Engagement de la direction<\/strong><\/p>\n<p>La direction de l\u2019EIDD s\u2019engage \u00e0 d\u00e9velopper et \u00e0 soutenir cette d\u00e9marche qualit\u00e9. Cet engagement se d\u00e9cline en dix points :<\/p>\n<ul>\n<li>Dispenser aux apprenants des enseignements adapt\u00e9s aux besoins de l\u2019industrie et de l\u2019innovation technologique<\/li>\n<li>Favoriser l\u2019insertion professionnelle<\/li>\n<li>Promouvoir le d\u00e9veloppement d\u2019un esprit critique et cr\u00e9atif chez tous les apprenants<\/li>\n<li>Transmettre \u00e0 ces derniers des m\u00e9thodologies de travail conformes aux standards europ\u00e9ens<\/li>\n<li>Faciliter leur implication dans des associations dynamiques tourn\u00e9es vers la soci\u00e9t\u00e9<\/li>\n<li>Assurer l&rsquo;\u00e9galit\u00e9 des chances et la diversit\u00e9, sans discrimination des apprenants<\/li>\n<li>Am\u00e9liorer continuellement l\u2019ensemble des processus et activit\u00e9s qui contribuent \u00e0 la formation des \u00e9l\u00e8ves ing\u00e9nieurs<\/li>\n<li>F\u00e9d\u00e9rer l\u2019ensemble des personnels autour de cette d\u00e9marche d\u2019am\u00e9lioration<\/li>\n<li>Renforcer le sentiment d\u2019appartenance \u00e0 l\u2019EIDD<\/li>\n<li>Internationaliser les formations<\/li>\n<\/ul><\/div>\n\t\t\t\t<\/div>\n<\/div>\n<\/div>\n<\/div>\n<p>[\/et_pb_text][\/et_pb_column][et_pb_column type=\u00a0\u00bb1_4&Prime;][\/et_pb_column][\/et_pb_row][\/et_pb_section]<\/p>\n","protected":false},"excerpt":{"rendered":"<div class=\"et_pb_row et_pb_row_0 et_pb_row_empty\"><\/div>\n<div class=\"et_pb_row et_pb_row_1 et_pb_row_empty\"><\/div>\n<p> L\u2019\u00e9cole d\u2019ing\u00e9nieur Denis-Diderot (EIDD) est l\u2019\u00e9cole d\u2019ing\u00e9nieur interne de Universit\u00e9 Paris Cit\u00e9. C\u2019est une \u00e9cole, inclusive, ouverte sur la ville, \u00e0 dimension humaine, particuli\u00e8rement \u00e0 l\u2019\u00e9coute de ses \u00e9l\u00e8ves \u0153uvrant pour leur r\u00e9ussite. <\/p>\n<div class=\"et_pb_row et_pb_row_2 et_pb_row_empty\"><\/div>\n<p> L\u2019\u00e9cole d\u2019ing\u00e9nieur Denis-Diderot (EIDD) a pour ambition de former des ing\u00e9nieurs g\u00e9n\u00e9ralistes ma\u00eetrisant l\u2019usage des technologies de pointe et leur&hellip; <a class=\"continue\" href=\"https:\/\/wordpress-test.app.u-pariscite.fr\/eidd\/la-demarche-qualite-a-leidd\/\">Lire la suite<span> La d\u00e9marche qualit\u00e9 \u00e0 l\u2019EIDD<\/span><\/a><\/p>\n","protected":false},"author":8,"featured_media":1131,"parent":0,"menu_order":0,"comment_status":"closed","ping_status":"closed","template":"","meta":{"_et_pb_use_builder":"on","_et_pb_old_content":"","_et_gb_content_width":"","footnotes":""},"class_list":["post-2386","page","type-page","status-publish","has-post-thumbnail","hentry"],"_links":{"self":[{"href":"https:\/\/wordpress-test.app.u-pariscite.fr\/eidd\/wp-json\/wp\/v2\/pages\/2386","targetHints":{"allow":["GET"]}}],"collection":[{"href":"https:\/\/wordpress-test.app.u-pariscite.fr\/eidd\/wp-json\/wp\/v2\/pages"}],"about":[{"href":"https:\/\/wordpress-test.app.u-pariscite.fr\/eidd\/wp-json\/wp\/v2\/types\/page"}],"author":[{"embeddable":true,"href":"https:\/\/wordpress-test.app.u-pariscite.fr\/eidd\/wp-json\/wp\/v2\/users\/8"}],"replies":[{"embeddable":true,"href":"https:\/\/wordpress-test.app.u-pariscite.fr\/eidd\/wp-json\/wp\/v2\/comments?post=2386"}],"version-history":[{"count":2,"href":"https:\/\/wordpress-test.app.u-pariscite.fr\/eidd\/wp-json\/wp\/v2\/pages\/2386\/revisions"}],"predecessor-version":[{"id":2388,"href":"https:\/\/wordpress-test.app.u-pariscite.fr\/eidd\/wp-json\/wp\/v2\/pages\/2386\/revisions\/2388"}],"wp:featuredmedia":[{"embeddable":true,"href":"https:\/\/wordpress-test.app.u-pariscite.fr\/eidd\/wp-json\/wp\/v2\/media\/1131"}],"wp:attachment":[{"href":"https:\/\/wordpress-test.app.u-pariscite.fr\/eidd\/wp-json\/wp\/v2\/media?parent=2386"}],"curies":[{"name":"wp","href":"https:\/\/api.w.org\/{rel}","templated":true}]}}