{"id":172,"date":"2020-08-25T17:07:39","date_gmt":"2020-08-25T15:07:39","guid":{"rendered":"https:\/\/wordpress-test.app.u-pariscite.fr\/eidd\/?page_id=172"},"modified":"2021-09-04T14:41:14","modified_gmt":"2021-09-04T12:41:14","slug":"temoignages-de-diplomes","status":"publish","type":"page","link":"https:\/\/wordpress-test.app.u-pariscite.fr\/eidd\/temoignages-de-diplomes\/","title":{"rendered":"T\u00e9moignages de dipl\u00f4m\u00e9s"},"content":{"rendered":"<p>[et_pb_section bb_built=\u00a0\u00bb1&Prime; inner_width=\u00a0\u00bbauto\u00a0\u00bb inner_max_width=\u00a0\u00bbnone\u00a0\u00bb][et_pb_row][et_pb_column type=\u00a0\u00bb4_4&Prime;][et_pb_post_title admin_label=\u00a0\u00bbTitre de la page\u00a0\u00bb _builder_version=\u00a0\u00bb3.19.11&Prime; meta=\u00a0\u00bboff\u00a0\u00bb featured_image=\u00a0\u00bboff\u00a0\u00bb \/][\/et_pb_column][\/et_pb_row][et_pb_row][et_pb_column type=\u00a0\u00bb3_4&Prime;][et_pb_text admin_label=\u00a0\u00bbIntro\u00a0\u00bb _builder_version=\u00a0\u00bb3.22.1&Prime; module_id=\u00a0\u00bbintro\u00a0\u00bb text_text_shadow_horizontal_length=\u00a0\u00bbtext_text_shadow_style,%91object Object%93&Prime; text_text_shadow_vertical_length=\u00a0\u00bbtext_text_shadow_style,%91object Object%93&Prime; text_text_shadow_blur_strength=\u00a0\u00bbtext_text_shadow_style,%91object Object%93&Prime; link_text_shadow_horizontal_length=\u00a0\u00bblink_text_shadow_style,%91object Object%93&Prime; link_text_shadow_vertical_length=\u00a0\u00bblink_text_shadow_style,%91object Object%93&Prime; link_text_shadow_blur_strength=\u00a0\u00bblink_text_shadow_style,%91object Object%93&Prime; ul_text_shadow_horizontal_length=\u00a0\u00bbul_text_shadow_style,%91object Object%93&Prime; ul_text_shadow_vertical_length=\u00a0\u00bbul_text_shadow_style,%91object Object%93&Prime; ul_text_shadow_blur_strength=\u00a0\u00bbul_text_shadow_style,%91object Object%93&Prime; ol_text_shadow_horizontal_length=\u00a0\u00bbol_text_shadow_style,%91object Object%93&Prime; ol_text_shadow_vertical_length=\u00a0\u00bbol_text_shadow_style,%91object Object%93&Prime; ol_text_shadow_blur_strength=\u00a0\u00bbol_text_shadow_style,%91object Object%93&Prime; quote_text_shadow_horizontal_length=\u00a0\u00bbquote_text_shadow_style,%91object Object%93&Prime; quote_text_shadow_vertical_length=\u00a0\u00bbquote_text_shadow_style,%91object Object%93&Prime; quote_text_shadow_blur_strength=\u00a0\u00bbquote_text_shadow_style,%91object Object%93&Prime; header_text_shadow_horizontal_length=\u00a0\u00bbheader_text_shadow_style,%91object Object%93&Prime; header_text_shadow_vertical_length=\u00a0\u00bbheader_text_shadow_style,%91object Object%93&Prime; header_text_shadow_blur_strength=\u00a0\u00bbheader_text_shadow_style,%91object Object%93&Prime; header_2_text_shadow_horizontal_length=\u00a0\u00bbheader_2_text_shadow_style,%91object Object%93&Prime; header_2_text_shadow_vertical_length=\u00a0\u00bbheader_2_text_shadow_style,%91object Object%93&Prime; header_2_text_shadow_blur_strength=\u00a0\u00bbheader_2_text_shadow_style,%91object Object%93&Prime; header_3_text_shadow_horizontal_length=\u00a0\u00bbheader_3_text_shadow_style,%91object Object%93&Prime; header_3_text_shadow_vertical_length=\u00a0\u00bbheader_3_text_shadow_style,%91object Object%93&Prime; header_3_text_shadow_blur_strength=\u00a0\u00bbheader_3_text_shadow_style,%91object Object%93&Prime; header_4_text_shadow_horizontal_length=\u00a0\u00bbheader_4_text_shadow_style,%91object Object%93&Prime; header_4_text_shadow_vertical_length=\u00a0\u00bbheader_4_text_shadow_style,%91object Object%93&Prime; header_4_text_shadow_blur_strength=\u00a0\u00bbheader_4_text_shadow_style,%91object Object%93&Prime; header_5_text_shadow_horizontal_length=\u00a0\u00bbheader_5_text_shadow_style,%91object Object%93&Prime; header_5_text_shadow_vertical_length=\u00a0\u00bbheader_5_text_shadow_style,%91object Object%93&Prime; header_5_text_shadow_blur_strength=\u00a0\u00bbheader_5_text_shadow_style,%91object Object%93&Prime; header_6_text_shadow_horizontal_length=\u00a0\u00bbheader_6_text_shadow_style,%91object Object%93&Prime; header_6_text_shadow_vertical_length=\u00a0\u00bbheader_6_text_shadow_style,%91object Object%93&Prime; header_6_text_shadow_blur_strength=\u00a0\u00bbheader_6_text_shadow_style,%91object Object%93&Prime; z_index_tablet=\u00a0\u00bb500&Prime; text_orientation=\u00a0\u00bbjustified\u00a0\u00bb]<\/p>\n<div class=\"page\" title=\"Page 1\">\n<div class=\"layoutArea\">\n<p>Les anciens \u00e9tudiants et \u00e9tudiantes de l&rsquo;Ecole d&rsquo;Ing\u00e9nieur Denis Diderot sont aujourd&rsquo;hui ins\u00e9r\u00e9(e)s professionnellement. La plupart d&rsquo;entre eux ont eu la chance de partir en mobilit\u00e9 \u00e0 l&rsquo;\u00e9tranger durant leur formation \u00e0 l&rsquo;\u00e9cole. Vous retrouverez dans cette section les t\u00e9moignages de dipl\u00f4m\u00e9s qui offrent une vision int\u00e9ressante des diff\u00e9rentes opportunit\u00e9s qui se pr\u00e9sentent \u00e0 un \u00e9tudiant ou une \u00e9tudiante de l&rsquo;EIDD.<\/p>\n<\/div>\n<\/div>\n<p>[\/et_pb_text][\/et_pb_column][et_pb_column type=\u00a0\u00bb1_4&Prime;][\/et_pb_column][\/et_pb_row][et_pb_row][et_pb_column type=\u00a0\u00bb1_4&Prime;][et_pb_team_member admin_label=\u00a0\u00bbNiriaina ANDRIAMADY\u00a0\u00bb _builder_version=\u00a0\u00bb3.22.1&Prime; name=\u00a0\u00bbNiriaina ANDRIAMADY\u00a0\u00bb position=\u00a0\u00bbIng\u00e9nieure R&amp;D mat\u00e9riaux \u00e0 l&rsquo;Universit\u00e9 du Colorado Boulder aux Etats-Unis\u00a0\u00bb text_shadow_horizontal_length=\u00a0\u00bbtext_shadow_style,%91object Object%93&Prime; text_shadow_vertical_length=\u00a0\u00bbtext_shadow_style,%91object Object%93&Prime; text_shadow_blur_strength=\u00a0\u00bbtext_shadow_style,%91object Object%93&Prime; header_text_shadow_horizontal_length=\u00a0\u00bbheader_text_shadow_style,%91object Object%93&Prime; header_text_shadow_vertical_length=\u00a0\u00bbheader_text_shadow_style,%91object Object%93&Prime; header_text_shadow_blur_strength=\u00a0\u00bbheader_text_shadow_style,%91object Object%93&Prime; body_text_shadow_horizontal_length=\u00a0\u00bbbody_text_shadow_style,%91object Object%93&Prime; body_text_shadow_vertical_length=\u00a0\u00bbbody_text_shadow_style,%91object Object%93&Prime; body_text_shadow_blur_strength=\u00a0\u00bbbody_text_shadow_style,%91object Object%93&Prime; z_index_tablet=\u00a0\u00bb500&Prime;]<\/p>\n<p>Ann\u00e9e de la promotion : 2016<\/p>\n<p>Fili\u00e8re : Mat\u00e9riaux et Nanotechnologies<\/p>\n<p>[\/et_pb_team_member][\/et_pb_column][et_pb_column type=\u00a0\u00bb3_4&Prime;][et_pb_testimonial admin_label=\u00a0\u00bbNiriaina ANDRIAMADY\u00a0\u00bb _builder_version=\u00a0\u00bb3.22.1&Prime; quote_icon_background_color=\u00a0\u00bb#f5f5f5&Prime; text_shadow_horizontal_length=\u00a0\u00bbtext_shadow_style,%91object Object%93&Prime; text_shadow_vertical_length=\u00a0\u00bbtext_shadow_style,%91object Object%93&Prime; text_shadow_blur_strength=\u00a0\u00bbtext_shadow_style,%91object Object%93&Prime; z_index_tablet=\u00a0\u00bb500&Prime; author=\u00a0\u00bbNiriaina ANDRIAMADY\u00a0\u00bb job_title=\u00a0\u00bbIng\u00e9nieure R&amp;D mat\u00e9riaux, sp\u00e9cialis\u00e9e dans les batteries\u00a0\u00bb company_name=\u00a0\u00bbUniversit\u00e9 du Colorado Boulder\u00a0\u00bb text_orientation=\u00a0\u00bbjustified\u00a0\u00bb portrait_url=\u00a0\u00bbhttps:\/\/wordpress-test.app.u-pariscite.fr\/eidd\/wp-content\/uploads\/sites\/26\/2021\/06\/Niriaina-1.jpg\u00a0\u00bb]<\/p>\n<p>Gr\u00e2ce \u00e0 la formation \u00e0 l\u2019EIDD, j\u2019ai acquis des connaissances en mat\u00e9riaux associ\u00e9es \u00e0 un bon bagage g\u00e9n\u00e9raliste. Les professeurs m\u2019ont \u00e9galement aid\u00e9e \u00e0 trouver tr\u00e8s rapidement mes stages qui m\u2019ont men\u00e9e \u00e0 mon 1er emploi.<\/p>\n<p><a href=\"https:\/\/wordpress-test.app.u-pariscite.fr\/eidd\/niriaina-andriamady\/\">&gt; Lire l&rsquo;interview compl\u00e8te<\/a><\/p>\n<p>[\/et_pb_testimonial][\/et_pb_column][\/et_pb_row][et_pb_row][et_pb_column type=\u00a0\u00bb4_4&Prime;][et_pb_divider _builder_version=\u00a0\u00bb3.22.1&Prime; z_index_tablet=\u00a0\u00bb500&Prime; \/][\/et_pb_column][\/et_pb_row][et_pb_row][et_pb_column type=\u00a0\u00bb1_4&Prime;][et_pb_team_member admin_label=\u00a0\u00bbEmilie DITTE\u00a0\u00bb _builder_version=\u00a0\u00bb3.22.1&Prime; name=\u00a0\u00bbEmilie DITTE\u00a0\u00bb position=\u00a0\u00bbIng\u00e9nieure d\u2019\u00e9tudes chez Accenture\u00a0\u00bb text_shadow_horizontal_length=\u00a0\u00bbtext_shadow_style,%91object Object%93&Prime; text_shadow_vertical_length=\u00a0\u00bbtext_shadow_style,%91object Object%93&Prime; text_shadow_blur_strength=\u00a0\u00bbtext_shadow_style,%91object Object%93&Prime; header_text_shadow_horizontal_length=\u00a0\u00bbheader_text_shadow_style,%91object Object%93&Prime; header_text_shadow_vertical_length=\u00a0\u00bbheader_text_shadow_style,%91object Object%93&Prime; header_text_shadow_blur_strength=\u00a0\u00bbheader_text_shadow_style,%91object Object%93&Prime; body_text_shadow_horizontal_length=\u00a0\u00bbbody_text_shadow_style,%91object Object%93&Prime; body_text_shadow_vertical_length=\u00a0\u00bbbody_text_shadow_style,%91object Object%93&Prime; body_text_shadow_blur_strength=\u00a0\u00bbbody_text_shadow_style,%91object Object%93&Prime; z_index_tablet=\u00a0\u00bb500&Prime;]<\/p>\n<p>Ann\u00e9e de la promotion : 2019<\/p>\n<p>Fili\u00e8re : \u00a0Syst\u00e8mes Informatiques Embarqu\u00e9es<\/p>\n<p>[\/et_pb_team_member][\/et_pb_column][et_pb_column type=\u00a0\u00bb3_4&Prime;][et_pb_testimonial admin_label=\u00a0\u00bbT\u00e9moignage Emilie DITTE\u00a0\u00bb _builder_version=\u00a0\u00bb3.22.1&Prime; quote_icon_background_color=\u00a0\u00bb#f5f5f5&Prime; text_shadow_horizontal_length=\u00a0\u00bbtext_shadow_style,%91object Object%93&Prime; text_shadow_vertical_length=\u00a0\u00bbtext_shadow_style,%91object Object%93&Prime; text_shadow_blur_strength=\u00a0\u00bbtext_shadow_style,%91object Object%93&Prime; z_index_tablet=\u00a0\u00bb500&Prime; author=\u00a0\u00bbEmilie DITTE\u00a0\u00bb job_title=\u00a0\u00bbIng\u00e9nieure d\u2019\u00e9tudes \u00a0\u00bb company_name=\u00a0\u00bbAccenture\u00a0\u00bb text_orientation=\u00a0\u00bbjustified\u00a0\u00bb portrait_url=\u00a0\u00bbhttps:\/\/wordpress-test.app.u-pariscite.fr\/eidd\/wp-content\/uploads\/sites\/26\/2021\/06\/\u00c9milie-Ditte.jpg\u00a0\u00bb]<\/p>\n<p>Je connais pas mal d\u2019anciens camarades de l\u2019EIDD qui ont r\u00e9ussi \u00e0 int\u00e9grer de tr\u00e8s grandes entreprises, cot\u00e9es.\u00a0<\/p>\n<p><a href=\"https:\/\/wordpress-test.app.u-pariscite.fr\/eidd\/emilie-ditte\/\">&gt; Lire l&rsquo;interview compl\u00e8te<\/a><\/p>\n<p>[\/et_pb_testimonial][\/et_pb_column][\/et_pb_row][et_pb_row][et_pb_column type=\u00a0\u00bb4_4&Prime;][et_pb_divider _builder_version=\u00a0\u00bb3.22.1&Prime; z_index_tablet=\u00a0\u00bb500&Prime; \/][\/et_pb_column][\/et_pb_row][et_pb_row][et_pb_column type=\u00a0\u00bb1_4&Prime;][et_pb_team_member admin_label=\u00a0\u00bbUgo DRIEUX\u00a0\u00bb _builder_version=\u00a0\u00bb3.22.1&Prime; name=\u00a0\u00bbUgo DRIEUX\u00a0\u00bb text_shadow_horizontal_length=\u00a0\u00bbtext_shadow_style,%91object Object%93&Prime; text_shadow_vertical_length=\u00a0\u00bbtext_shadow_style,%91object Object%93&Prime; text_shadow_blur_strength=\u00a0\u00bbtext_shadow_style,%91object Object%93&Prime; header_text_shadow_horizontal_length=\u00a0\u00bbheader_text_shadow_style,%91object Object%93&Prime; header_text_shadow_vertical_length=\u00a0\u00bbheader_text_shadow_style,%91object Object%93&Prime; header_text_shadow_blur_strength=\u00a0\u00bbheader_text_shadow_style,%91object Object%93&Prime; body_text_shadow_horizontal_length=\u00a0\u00bbbody_text_shadow_style,%91object Object%93&Prime; body_text_shadow_vertical_length=\u00a0\u00bbbody_text_shadow_style,%91object Object%93&Prime; body_text_shadow_blur_strength=\u00a0\u00bbbody_text_shadow_style,%91object Object%93&Prime; z_index_tablet=\u00a0\u00bb500&Prime; position=\u00a0\u00bbIng\u00e9nieur technico-commercial chez Optosigma Europe\u00a0\u00bb]<\/p>\n<p>Ann\u00e9e de la promotion : 2019<\/p>\n<p>Fili\u00e8re : G\u00e9nie Physique<\/p>\n<p>[\/et_pb_team_member][\/et_pb_column][et_pb_column type=\u00a0\u00bb3_4&Prime;][et_pb_testimonial admin_label=\u00a0\u00bbT\u00e9moignage Ugo DRIEUX\u00a0\u00bb _builder_version=\u00a0\u00bb3.22.1&Prime; quote_icon_background_color=\u00a0\u00bb#f5f5f5&Prime; text_shadow_horizontal_length=\u00a0\u00bbtext_shadow_style,%91object Object%93&Prime; text_shadow_vertical_length=\u00a0\u00bbtext_shadow_style,%91object Object%93&Prime; text_shadow_blur_strength=\u00a0\u00bbtext_shadow_style,%91object Object%93&Prime; z_index_tablet=\u00a0\u00bb500&Prime; author=\u00a0\u00bbUgo DRIEUX\u00a0\u00bb job_title=\u00a0\u00bbIng\u00e9nieur technico-commercial\u00a0\u00bb company_name=\u00a0\u00bbOptosigma Europe\u00a0\u00bb text_orientation=\u00a0\u00bbjustified\u00a0\u00bb portrait_url=\u00a0\u00bbhttps:\/\/wordpress-test.app.u-pariscite.fr\/eidd\/wp-content\/uploads\/sites\/26\/2021\/06\/ugo-drieux.jpg\u00a0\u00bb]<\/p>\n<p>Il faut se donner la chance ! Vous avez la chance d\u2019\u00eatre dans une \u00e9cole publique en plein Paris qui offre beaucoup d\u2019opportunit\u00e9s.\u00a0<\/p>\n<p><a href=\"https:\/\/wordpress-test.app.u-pariscite.fr\/eidd\/ugo-drieux\/\">&gt; Lire l&rsquo;interview compl\u00e8te<\/a><\/p>\n<p>[\/et_pb_testimonial][\/et_pb_column][\/et_pb_row][et_pb_row][et_pb_column type=\u00a0\u00bb4_4&Prime;][et_pb_divider _builder_version=\u00a0\u00bb3.22.1&Prime; z_index_tablet=\u00a0\u00bb500&Prime; \/][\/et_pb_column][\/et_pb_row][et_pb_row][et_pb_column type=\u00a0\u00bb1_4&Prime;][et_pb_team_member admin_label=\u00a0\u00bbVictoire MASSIEUX\u00a0\u00bb _builder_version=\u00a0\u00bb3.22.1&Prime; name=\u00a0\u00bbVictoire MASSIEUX\u00a0\u00bb position=\u00a0\u00bbConsultante IT en strat\u00e9gie de data management chez HP \u00e0 Gen\u00e8ve\u00a0\u00bb text_shadow_horizontal_length=\u00a0\u00bbtext_shadow_style,%91object Object%93&Prime; text_shadow_vertical_length=\u00a0\u00bbtext_shadow_style,%91object Object%93&Prime; text_shadow_blur_strength=\u00a0\u00bbtext_shadow_style,%91object Object%93&Prime; header_text_shadow_horizontal_length=\u00a0\u00bbheader_text_shadow_style,%91object Object%93&Prime; header_text_shadow_vertical_length=\u00a0\u00bbheader_text_shadow_style,%91object Object%93&Prime; header_text_shadow_blur_strength=\u00a0\u00bbheader_text_shadow_style,%91object Object%93&Prime; body_text_shadow_horizontal_length=\u00a0\u00bbbody_text_shadow_style,%91object Object%93&Prime; body_text_shadow_vertical_length=\u00a0\u00bbbody_text_shadow_style,%91object Object%93&Prime; body_text_shadow_blur_strength=\u00a0\u00bbbody_text_shadow_style,%91object Object%93&Prime; z_index_tablet=\u00a0\u00bb500&Prime;]<\/p>\n<p>Ann\u00e9e de la promotion : 2019<\/p>\n<p>Fili\u00e8re : G\u00e9nie Physique<\/p>\n<p>[\/et_pb_team_member][\/et_pb_column][et_pb_column type=\u00a0\u00bb3_4&Prime;][et_pb_testimonial admin_label=\u00a0\u00bbT\u00e9moignage Victoire MASSIEUX\u00a0\u00bb _builder_version=\u00a0\u00bb3.22.1&Prime; quote_icon_background_color=\u00a0\u00bb#f5f5f5&Prime; text_shadow_horizontal_length=\u00a0\u00bbtext_shadow_style,%91object Object%93&Prime; text_shadow_vertical_length=\u00a0\u00bbtext_shadow_style,%91object Object%93&Prime; text_shadow_blur_strength=\u00a0\u00bbtext_shadow_style,%91object Object%93&Prime; z_index_tablet=\u00a0\u00bb500&Prime; portrait_url=\u00a0\u00bbhttps:\/\/wordpress-test.app.u-pariscite.fr\/eidd\/wp-content\/uploads\/sites\/26\/2021\/06\/Victoire-Massieux.jpg\u00a0\u00bb author=\u00a0\u00bbVictoire MASSIEUX\u00a0\u00bb job_title=\u00a0\u00bbConsultante IT en strat\u00e9gie de data management \u00a0\u00bb company_name=\u00a0\u00bbHP \u00e0 Gen\u00e8ve\u00a0\u00bb text_orientation=\u00a0\u00bbjustified\u00a0\u00bb]<\/p>\n<p>Les accords de mobilit\u00e9s d&rsquo;\u00e9tudes et de stage de l&rsquo;Universit\u00e9 Paris Cit\u00e9 sont tr\u00e8s nombreux et dans de tr\u00e8s bonnes universit\u00e9s.<\/p>\n<p><a href=\"https:\/\/wordpress-test.app.u-pariscite.fr\/eidd\/victoire-massieux\/\">&gt; Lire l&rsquo;interview compl\u00e8te<\/a><\/p>\n<p>[\/et_pb_testimonial][\/et_pb_column][\/et_pb_row][et_pb_row][et_pb_column type=\u00a0\u00bb4_4&Prime;][et_pb_divider _builder_version=\u00a0\u00bb3.22.1&Prime; z_index_tablet=\u00a0\u00bb500&Prime; \/][\/et_pb_column][\/et_pb_row][et_pb_row][et_pb_column type=\u00a0\u00bb1_4&Prime;][et_pb_team_member admin_label=\u00a0\u00bbHana Benhizia\u00a0\u00bb _builder_version=\u00a0\u00bb3.22.1&Prime; name=\u00a0\u00bbHana BENHIZIA\u00a0\u00bb position=\u00a0\u00bbIng\u00e9nieure syst\u00e8mes spatiaux en Australie\u00a0\u00bb text_shadow_horizontal_length=\u00a0\u00bbtext_shadow_style,%91object Object%93&Prime; text_shadow_vertical_length=\u00a0\u00bbtext_shadow_style,%91object Object%93&Prime; text_shadow_blur_strength=\u00a0\u00bbtext_shadow_style,%91object Object%93&Prime; header_text_shadow_horizontal_length=\u00a0\u00bbheader_text_shadow_style,%91object Object%93&Prime; header_text_shadow_vertical_length=\u00a0\u00bbheader_text_shadow_style,%91object Object%93&Prime; header_text_shadow_blur_strength=\u00a0\u00bbheader_text_shadow_style,%91object Object%93&Prime; body_text_shadow_horizontal_length=\u00a0\u00bbbody_text_shadow_style,%91object Object%93&Prime; body_text_shadow_vertical_length=\u00a0\u00bbbody_text_shadow_style,%91object Object%93&Prime; body_text_shadow_blur_strength=\u00a0\u00bbbody_text_shadow_style,%91object Object%93&Prime; z_index_tablet=\u00a0\u00bb500&Prime;]<\/p>\n<p>Ann\u00e9e de la promotion : 2015<\/p>\n<p>Fili\u00e8re : G\u00e9nie Physique<\/p>\n<p>Vid\u00e9o de pr\u00e9sentation d&rsquo;IGOSat<\/p>\n<p>[\/et_pb_team_member][\/et_pb_column][et_pb_column type=\u00a0\u00bb3_4&Prime;][et_pb_video_slider _builder_version=\u00a0\u00bb3.22.1&Prime; controls_color=\u00a0\u00bblight\u00a0\u00bb z_index_tablet=\u00a0\u00bb500&Prime;][et_pb_video_slider_item _builder_version=\u00a0\u00bb3.22.1&Prime; src=\u00a0\u00bbhttps:\/\/youtu.be\/pZqol9Wkbgs\u00a0\u00bb background_layout=\u00a0\u00bbdark\u00a0\u00bb hover_transition_duration=\u00a0\u00bb300ms\u00a0\u00bb hover_transition_delay=\u00a0\u00bb0ms\u00a0\u00bb hover_transition_speed_curve=\u00a0\u00bbease\u00a0\u00bb \/][\/et_pb_video_slider][\/et_pb_column][\/et_pb_row][\/et_pb_section]<\/p>\n","protected":false},"excerpt":{"rendered":"<div class=\"et_pb_row et_pb_row_0 et_pb_row_empty\"><\/div>\n<div class=\"et_pb_row et_pb_row_1 et_pb_row_empty\"><\/div>\n<p> Les anciens \u00e9tudiants et \u00e9tudiantes de l&rsquo;Ecole d&rsquo;Ing\u00e9nieur Denis Diderot sont aujourd&rsquo;hui ins\u00e9r\u00e9(e)s professionnellement. La plupart d&rsquo;entre eux ont eu la chance de partir en mobilit\u00e9 \u00e0 l&rsquo;\u00e9tranger durant leur formation \u00e0 l&rsquo;\u00e9cole. Vous retrouverez dans cette section les t\u00e9moignages de dipl\u00f4m\u00e9s qui offrent une vision int\u00e9ressante des diff\u00e9rentes opportunit\u00e9s qui se pr\u00e9sentent \u00e0&hellip; <a class=\"continue\" href=\"https:\/\/wordpress-test.app.u-pariscite.fr\/eidd\/temoignages-de-diplomes\/\">Lire la suite<span> T\u00e9moignages de dipl\u00f4m\u00e9s<\/span><\/a><\/p>\n","protected":false},"author":8,"featured_media":0,"parent":0,"menu_order":0,"comment_status":"closed","ping_status":"closed","template":"","meta":{"_et_pb_use_builder":"on","_et_pb_old_content":"","_et_gb_content_width":"","footnotes":""},"class_list":["post-172","page","type-page","status-publish","hentry"],"_links":{"self":[{"href":"https:\/\/wordpress-test.app.u-pariscite.fr\/eidd\/wp-json\/wp\/v2\/pages\/172","targetHints":{"allow":["GET"]}}],"collection":[{"href":"https:\/\/wordpress-test.app.u-pariscite.fr\/eidd\/wp-json\/wp\/v2\/pages"}],"about":[{"href":"https:\/\/wordpress-test.app.u-pariscite.fr\/eidd\/wp-json\/wp\/v2\/types\/page"}],"author":[{"embeddable":true,"href":"https:\/\/wordpress-test.app.u-pariscite.fr\/eidd\/wp-json\/wp\/v2\/users\/8"}],"replies":[{"embeddable":true,"href":"https:\/\/wordpress-test.app.u-pariscite.fr\/eidd\/wp-json\/wp\/v2\/comments?post=172"}],"version-history":[{"count":36,"href":"https:\/\/wordpress-test.app.u-pariscite.fr\/eidd\/wp-json\/wp\/v2\/pages\/172\/revisions"}],"predecessor-version":[{"id":2242,"href":"https:\/\/wordpress-test.app.u-pariscite.fr\/eidd\/wp-json\/wp\/v2\/pages\/172\/revisions\/2242"}],"wp:attachment":[{"href":"https:\/\/wordpress-test.app.u-pariscite.fr\/eidd\/wp-json\/wp\/v2\/media?parent=172"}],"curies":[{"name":"wp","href":"https:\/\/api.w.org\/{rel}","templated":true}]}}