{"id":153,"date":"2020-08-25T16:32:26","date_gmt":"2020-08-25T14:32:26","guid":{"rendered":"https:\/\/wordpress-test.app.u-pariscite.fr\/eidd\/?page_id=153"},"modified":"2023-08-23T15:39:37","modified_gmt":"2023-08-23T13:39:37","slug":"vie-a-lecole","status":"publish","type":"page","link":"https:\/\/wordpress-test.app.u-pariscite.fr\/eidd\/vie-a-lecole\/","title":{"rendered":"Vie \u00e0 l&rsquo;\u00e9cole"},"content":{"rendered":"<p>[et_pb_section fb_built=\u00a0\u00bb1&Prime; _builder_version=\u00a0\u00bb3.22&Prime;][et_pb_row _builder_version=\u00a0\u00bb3.22&Prime; background_size=\u00a0\u00bbinitial\u00a0\u00bb background_position=\u00a0\u00bbtop_left\u00a0\u00bb background_repeat=\u00a0\u00bbrepeat\u00a0\u00bb][et_pb_column type=\u00a0\u00bb4_4&Prime; _builder_version=\u00a0\u00bb3.0.47&Prime;][et_pb_post_title meta=\u00a0\u00bboff\u00a0\u00bb featured_image=\u00a0\u00bboff\u00a0\u00bb admin_label=\u00a0\u00bbTitre de la page\u00a0\u00bb _builder_version=\u00a0\u00bb3.19.11&Prime;]<br \/>\n[\/et_pb_post_title][\/et_pb_column][\/et_pb_row][et_pb_row _builder_version=\u00a0\u00bb3.22&Prime; background_size=\u00a0\u00bbinitial\u00a0\u00bb background_position=\u00a0\u00bbtop_left\u00a0\u00bb background_repeat=\u00a0\u00bbrepeat\u00a0\u00bb][et_pb_column type=\u00a0\u00bb1_3&Prime; _builder_version=\u00a0\u00bb3.0.47&Prime;][et_pb_image src=\u00a0\u00bbhttps:\/\/wordpress-test.app.u-pariscite.fr\/eidd\/wp-content\/uploads\/sites\/26\/2021\/06\/le_campus.jpg\u00a0\u00bb _builder_version=\u00a0\u00bb3.22.1&Prime; z_index_tablet=\u00a0\u00bb500&Prime;]<br \/>\n[\/et_pb_image][et_pb_text module_id=\u00a0\u00bbcontenu\u00a0\u00bb _builder_version=\u00a0\u00bb3.22.1&Prime; z_index_tablet=\u00a0\u00bb500&Prime;]<\/p>\n<div class=\"page\" title=\"Page 1\">\n<div class=\"layoutArea\">\n<div class=\"column\">\n<h3>Le campus<\/h3>\n<\/div>\n<\/div>\n<\/div>\n<p>[\/et_pb_text][et_pb_button button_url=\u00a0\u00bbhttps:\/\/wordpress-test.app.u-pariscite.fr\/eidd\/vie-a-lecole\/le-campus\/\u00a0\u00bb button_text=\u00a0\u00bbLire la suite\u00a0\u00bb button_alignment=\u00a0\u00bbleft\u00a0\u00bb admin_label=\u00a0\u00bbbouton &#8211; ajouter le lien vers la page\u00a0\u00bb _builder_version=\u00a0\u00bb3.22.1&Prime; custom_button=\u00a0\u00bbon\u00a0\u00bb button_text_color=\u00a0\u00bb#ffffff\u00a0\u00bb button_bg_color=\u00a0\u00bb#8a1538&Prime; button_border_width=\u00a0\u00bb2&Prime; button_border_color=\u00a0\u00bb#8a1538&Prime; button_border_radius=\u00a0\u00bb26&Prime; button_icon=\u00a0\u00bb%%20%%\u00a0\u00bb button_icon_color=\u00a0\u00bb#ffffff\u00a0\u00bb button_on_hover=\u00a0\u00bboff\u00a0\u00bb background_layout=\u00a0\u00bbdark\u00a0\u00bb z_index_tablet=\u00a0\u00bb500&Prime; custom_css_after=\u00a0\u00bbmargin-left: 0!important;\u00a0\u00bb saved_tabs=\u00a0\u00bball\u00a0\u00bb background_layout__hover_enabled=\u00a0\u00bbon\u00a0\u00bb background_layout__hover=\u00a0\u00bblight\u00a0\u00bb button_bg_color__hover_enabled=\u00a0\u00bbon\u00a0\u00bb button_bg_color__hover=\u00a0\u00bb#ffffff\u00a0\u00bb button_icon_color__hover_enabled=\u00a0\u00bbon\u00a0\u00bb button_icon_color__hover=\u00a0\u00bb#aa004f\u00a0\u00bb button_text_color__hover_enabled=\u00a0\u00bbon\u00a0\u00bb button_text_color__hover=\u00a0\u00bb#aa004f\u00a0\u00bb custom_css_after__hover_enabled=\u00a0\u00bbon\u00a0\u00bb custom_css_after__hover=\u00a0\u00bbmargin-left: 0!important;\u00a0\u00bb]<br \/>\n[\/et_pb_button][et_pb_divider color=\u00a0\u00bb#000000&Prime; _builder_version=\u00a0\u00bb3.19.11&Prime; custom_margin=\u00a0\u00bb80px||110px|\u00a0\u00bb]<br \/>\n[\/et_pb_divider][\/et_pb_column][et_pb_column type=\u00a0\u00bb1_3&Prime; _builder_version=\u00a0\u00bb3.0.47&Prime;][et_pb_image src=\u00a0\u00bbhttps:\/\/wordpress-test.app.u-pariscite.fr\/eidd\/wp-content\/uploads\/sites\/26\/2021\/06\/bde-1.jpg\u00a0\u00bb _builder_version=\u00a0\u00bb3.22.1&Prime; z_index_tablet=\u00a0\u00bb500&Prime;]<br \/>\n[\/et_pb_image][et_pb_text module_id=\u00a0\u00bbcontenu\u00a0\u00bb _builder_version=\u00a0\u00bb3.22.1&Prime; z_index_tablet=\u00a0\u00bb500&Prime;]<\/p>\n<div class=\"page\" title=\"Page 1\">\n<div class=\"layoutArea\">\n<div class=\"column\">\n<h3>Les associations<\/h3>\n<\/div>\n<\/div>\n<\/div>\n<p>[\/et_pb_text][et_pb_button button_url=\u00a0\u00bbhttps:\/\/wordpress-test.app.u-pariscite.fr\/eidd\/vie-a-lecole\/associations\/\u00a0\u00bb button_text=\u00a0\u00bbLire la suite\u00a0\u00bb button_alignment=\u00a0\u00bbleft\u00a0\u00bb admin_label=\u00a0\u00bbbouton &#8211; ajouter le lien vers la page\u00a0\u00bb _builder_version=\u00a0\u00bb3.22.1&Prime; custom_button=\u00a0\u00bbon\u00a0\u00bb button_text_color=\u00a0\u00bb#ffffff\u00a0\u00bb button_bg_color=\u00a0\u00bb#8a1538&Prime; button_border_width=\u00a0\u00bb2&Prime; button_border_color=\u00a0\u00bb#8a1538&Prime; button_border_radius=\u00a0\u00bb26&Prime; button_icon=\u00a0\u00bb%%20%%\u00a0\u00bb button_icon_color=\u00a0\u00bb#ffffff\u00a0\u00bb button_on_hover=\u00a0\u00bboff\u00a0\u00bb background_layout=\u00a0\u00bbdark\u00a0\u00bb z_index_tablet=\u00a0\u00bb500&Prime; custom_css_after=\u00a0\u00bbmargin-left: 0!important;\u00a0\u00bb saved_tabs=\u00a0\u00bball\u00a0\u00bb background_layout__hover_enabled=\u00a0\u00bbon\u00a0\u00bb background_layout__hover=\u00a0\u00bblight\u00a0\u00bb button_bg_color__hover_enabled=\u00a0\u00bbon\u00a0\u00bb button_bg_color__hover=\u00a0\u00bb#ffffff\u00a0\u00bb button_icon_color__hover_enabled=\u00a0\u00bbon\u00a0\u00bb button_icon_color__hover=\u00a0\u00bb#aa004f\u00a0\u00bb button_text_color__hover_enabled=\u00a0\u00bbon\u00a0\u00bb button_text_color__hover=\u00a0\u00bb#aa004f\u00a0\u00bb custom_css_after__hover_enabled=\u00a0\u00bbon\u00a0\u00bb custom_css_after__hover=\u00a0\u00bbmargin-left: 0!important;\u00a0\u00bb]<br \/>\n[\/et_pb_button][et_pb_divider color=\u00a0\u00bb#000000&Prime; _builder_version=\u00a0\u00bb3.19.11&Prime; custom_margin=\u00a0\u00bb80px||110px|\u00a0\u00bb]<br \/>\n[\/et_pb_divider][\/et_pb_column][et_pb_column type=\u00a0\u00bb1_3&Prime; _builder_version=\u00a0\u00bb3.0.47&Prime;][et_pb_image src=\u00a0\u00bbhttps:\/\/wordpress-test.app.u-pariscite.fr\/eidd\/wp-content\/uploads\/sites\/26\/2021\/06\/odg-1.jpg\u00a0\u00bb _builder_version=\u00a0\u00bb3.22.1&Prime; z_index_tablet=\u00a0\u00bb500&Prime;]<br \/>\n[\/et_pb_image][et_pb_text module_id=\u00a0\u00bbcontenu\u00a0\u00bb _builder_version=\u00a0\u00bb3.22.1&Prime; z_index_tablet=\u00a0\u00bb500&Prime;]<\/p>\n<div class=\"page\" title=\"Page 1\">\n<div class=\"layoutArea\">\n<div class=\"column\">\n<h3>Les actualit\u00e9s de la vie \u00e0 l&rsquo;\u00e9cole<\/h3>\n<\/div>\n<\/div>\n<\/div>\n<p>[\/et_pb_text][et_pb_button button_url=\u00a0\u00bbhttps:\/\/wordpress-test.app.u-pariscite.fr\/eidd\/toute-lactualite-de-la-vie-a-lecole\/\u00a0\u00bb button_text=\u00a0\u00bbLire la suite\u00a0\u00bb button_alignment=\u00a0\u00bbleft\u00a0\u00bb admin_label=\u00a0\u00bbbouton &#8211; ajouter le lien vers la page\u00a0\u00bb _builder_version=\u00a0\u00bb3.22.1&Prime; custom_button=\u00a0\u00bbon\u00a0\u00bb button_text_color=\u00a0\u00bb#ffffff\u00a0\u00bb button_bg_color=\u00a0\u00bb#8a1538&Prime; button_border_width=\u00a0\u00bb2&Prime; button_border_color=\u00a0\u00bb#8a1538&Prime; button_border_radius=\u00a0\u00bb26&Prime; button_icon=\u00a0\u00bb%%20%%\u00a0\u00bb button_icon_color=\u00a0\u00bb#ffffff\u00a0\u00bb button_on_hover=\u00a0\u00bboff\u00a0\u00bb background_layout=\u00a0\u00bbdark\u00a0\u00bb z_index_tablet=\u00a0\u00bb500&Prime; custom_css_after=\u00a0\u00bbmargin-left: 0!important;\u00a0\u00bb saved_tabs=\u00a0\u00bball\u00a0\u00bb background_layout__hover_enabled=\u00a0\u00bbon\u00a0\u00bb background_layout__hover=\u00a0\u00bblight\u00a0\u00bb button_bg_color__hover_enabled=\u00a0\u00bbon\u00a0\u00bb button_bg_color__hover=\u00a0\u00bb#ffffff\u00a0\u00bb button_icon_color__hover_enabled=\u00a0\u00bbon\u00a0\u00bb button_icon_color__hover=\u00a0\u00bb#aa004f\u00a0\u00bb button_text_color__hover_enabled=\u00a0\u00bbon\u00a0\u00bb button_text_color__hover=\u00a0\u00bb#aa004f\u00a0\u00bb custom_css_after__hover_enabled=\u00a0\u00bbon\u00a0\u00bb custom_css_after__hover=\u00a0\u00bbmargin-left: 0!important;\u00a0\u00bb]<br \/>\n[\/et_pb_button][et_pb_divider color=\u00a0\u00bb#000000&Prime; _builder_version=\u00a0\u00bb3.19.11&Prime; custom_margin=\u00a0\u00bb56px||110px|||\u00a0\u00bb]<br \/>\n[\/et_pb_divider][\/et_pb_column][\/et_pb_row][et_pb_row _builder_version=\u00a0\u00bb3.22.1&Prime; background_size=\u00a0\u00bbinitial\u00a0\u00bb background_position=\u00a0\u00bbtop_left\u00a0\u00bb background_repeat=\u00a0\u00bbrepeat\u00a0\u00bb][et_pb_column type=\u00a0\u00bb1_3&Prime; _builder_version=\u00a0\u00bb3.0.47&Prime;][et_pb_image src=\u00a0\u00bbhttps:\/\/wordpress-test.app.u-pariscite.fr\/eidd\/wp-content\/uploads\/sites\/26\/2021\/06\/Projet1.jpg\u00a0\u00bb _builder_version=\u00a0\u00bb3.22.1&Prime; z_index_tablet=\u00a0\u00bb500&Prime;]<br \/>\n[\/et_pb_image][et_pb_text module_id=\u00a0\u00bbcontenu\u00a0\u00bb _builder_version=\u00a0\u00bb3.22.1&Prime; z_index_tablet=\u00a0\u00bb500&Prime;]<\/p>\n<div class=\"page\" title=\"Page 1\">\n<div class=\"layoutArea\">\n<div class=\"column\">\n<h3>Projets des \u00e9tudiants et Chapters\u00a0<\/h3>\n<\/div>\n<\/div>\n<\/div>\n<p>[\/et_pb_text][et_pb_button button_url=\u00a0\u00bbhttps:\/\/wordpress-test.app.u-pariscite.fr\/eidd\/category\/projets-des-etudiants\/\u00a0\u00bb button_text=\u00a0\u00bbLire la suite\u00a0\u00bb button_alignment=\u00a0\u00bbleft\u00a0\u00bb admin_label=\u00a0\u00bbbouton &#8211; ajouter le lien vers la page\u00a0\u00bb _builder_version=\u00a0\u00bb3.22.1&Prime; custom_button=\u00a0\u00bbon\u00a0\u00bb button_text_color=\u00a0\u00bb#ffffff\u00a0\u00bb button_bg_color=\u00a0\u00bb#8a1538&Prime; button_border_width=\u00a0\u00bb2&Prime; button_border_color=\u00a0\u00bb#8a1538&Prime; button_border_radius=\u00a0\u00bb26&Prime; button_icon=\u00a0\u00bb%%20%%\u00a0\u00bb button_icon_color=\u00a0\u00bb#ffffff\u00a0\u00bb button_on_hover=\u00a0\u00bboff\u00a0\u00bb background_layout=\u00a0\u00bbdark\u00a0\u00bb z_index_tablet=\u00a0\u00bb500&Prime; custom_css_after=\u00a0\u00bbmargin-left: 0!important;\u00a0\u00bb saved_tabs=\u00a0\u00bball\u00a0\u00bb background_layout__hover_enabled=\u00a0\u00bbon\u00a0\u00bb background_layout__hover=\u00a0\u00bblight\u00a0\u00bb button_bg_color__hover_enabled=\u00a0\u00bbon\u00a0\u00bb button_bg_color__hover=\u00a0\u00bb#ffffff\u00a0\u00bb button_icon_color__hover_enabled=\u00a0\u00bbon\u00a0\u00bb button_icon_color__hover=\u00a0\u00bb#aa004f\u00a0\u00bb button_text_color__hover_enabled=\u00a0\u00bbon\u00a0\u00bb button_text_color__hover=\u00a0\u00bb#aa004f\u00a0\u00bb custom_css_after__hover_enabled=\u00a0\u00bbon\u00a0\u00bb custom_css_after__hover=\u00a0\u00bbmargin-left: 0!important;\u00a0\u00bb]<br \/>\n[\/et_pb_button][et_pb_divider color=\u00a0\u00bb#000000&Prime; _builder_version=\u00a0\u00bb3.19.11&Prime; custom_margin=\u00a0\u00bb55px||110px|||\u00a0\u00bb]<br \/>\n[\/et_pb_divider][\/et_pb_column][et_pb_column type=\u00a0\u00bb1_3&Prime; _builder_version=\u00a0\u00bb3.0.47&Prime;][et_pb_image src=\u00a0\u00bbhttps:\/\/wordpress-test.app.u-pariscite.fr\/eidd\/wp-content\/uploads\/sites\/26\/2021\/06\/SEMINAIRE2.jpg\u00a0\u00bb _builder_version=\u00a0\u00bb3.22.1&Prime; z_index_tablet=\u00a0\u00bb500&Prime;]<br \/>\n[\/et_pb_image][et_pb_text module_id=\u00a0\u00bbcontenu\u00a0\u00bb _builder_version=\u00a0\u00bb3.22.1&Prime; z_index_tablet=\u00a0\u00bb500&Prime;]<\/p>\n<div class=\"page\" title=\"Page 1\">\n<div class=\"layoutArea\">\n<div class=\"column\">\n<h3>Les s\u00e9minaires et forums<\/h3>\n<\/div>\n<\/div>\n<\/div>\n<p>[\/et_pb_text][et_pb_button button_url=\u00a0\u00bbhttps:\/\/wordpress-test.app.u-pariscite.fr\/eidd\/category\/seminaire\/\u00a0\u00bb button_text=\u00a0\u00bbLire la suite\u00a0\u00bb button_alignment=\u00a0\u00bbleft\u00a0\u00bb admin_label=\u00a0\u00bbbouton &#8211; ajouter le lien vers la page\u00a0\u00bb _builder_version=\u00a0\u00bb3.22.1&Prime; custom_button=\u00a0\u00bbon\u00a0\u00bb button_text_color=\u00a0\u00bb#ffffff\u00a0\u00bb button_bg_color=\u00a0\u00bb#8a1538&Prime; button_border_width=\u00a0\u00bb2&Prime; button_border_color=\u00a0\u00bb#8a1538&Prime; button_border_radius=\u00a0\u00bb26&Prime; button_icon=\u00a0\u00bb%%20%%\u00a0\u00bb button_icon_color=\u00a0\u00bb#ffffff\u00a0\u00bb button_on_hover=\u00a0\u00bboff\u00a0\u00bb background_layout=\u00a0\u00bbdark\u00a0\u00bb z_index_tablet=\u00a0\u00bb500&Prime; custom_css_after=\u00a0\u00bbmargin-left: 0!important;\u00a0\u00bb saved_tabs=\u00a0\u00bball\u00a0\u00bb background_layout__hover_enabled=\u00a0\u00bbon\u00a0\u00bb background_layout__hover=\u00a0\u00bblight\u00a0\u00bb button_bg_color__hover_enabled=\u00a0\u00bbon\u00a0\u00bb button_bg_color__hover=\u00a0\u00bb#ffffff\u00a0\u00bb button_icon_color__hover_enabled=\u00a0\u00bbon\u00a0\u00bb button_icon_color__hover=\u00a0\u00bb#aa004f\u00a0\u00bb button_text_color__hover_enabled=\u00a0\u00bbon\u00a0\u00bb button_text_color__hover=\u00a0\u00bb#aa004f\u00a0\u00bb custom_css_after__hover_enabled=\u00a0\u00bbon\u00a0\u00bb custom_css_after__hover=\u00a0\u00bbmargin-left: 0!important;\u00a0\u00bb]<br \/>\n[\/et_pb_button][et_pb_divider color=\u00a0\u00bb#000000&Prime; _builder_version=\u00a0\u00bb3.19.11&Prime; custom_margin=\u00a0\u00bb80px||110px|\u00a0\u00bb]<br \/>\n[\/et_pb_divider][\/et_pb_column][et_pb_column type=\u00a0\u00bb1_3&Prime; _builder_version=\u00a0\u00bb3.0.47&Prime;][et_pb_image src=\u00a0\u00bbhttps:\/\/wordpress-test.app.u-pariscite.fr\/eidd\/wp-content\/uploads\/sites\/26\/2021\/06\/Diplome_promo2017.jpg\u00a0\u00bb _builder_version=\u00a0\u00bb3.22.1&Prime; z_index_tablet=\u00a0\u00bb500&Prime;]<br \/>\n[\/et_pb_image][et_pb_text module_id=\u00a0\u00bbcontenu\u00a0\u00bb _builder_version=\u00a0\u00bb3.22.1&Prime; z_index_tablet=\u00a0\u00bb500&Prime;]<\/p>\n<div class=\"page\" title=\"Page 1\">\n<div class=\"layoutArea\">\n<div class=\"column\">\n<h3>Les \u00e9v\u00e9nements annuels<\/h3>\n<\/div>\n<\/div>\n<\/div>\n<p>[\/et_pb_text][et_pb_button button_url=\u00a0\u00bbhttps:\/\/wordpress-test.app.u-pariscite.fr\/eidd\/les-evenements-annuels\/\u00a0\u00bb button_text=\u00a0\u00bbLire la suite\u00a0\u00bb button_alignment=\u00a0\u00bbleft\u00a0\u00bb admin_label=\u00a0\u00bbbouton &#8211; ajouter le lien vers la page\u00a0\u00bb _builder_version=\u00a0\u00bb3.22.1&Prime; custom_button=\u00a0\u00bbon\u00a0\u00bb button_text_color=\u00a0\u00bb#ffffff\u00a0\u00bb button_bg_color=\u00a0\u00bb#8a1538&Prime; button_border_width=\u00a0\u00bb2&Prime; button_border_color=\u00a0\u00bb#8a1538&Prime; button_border_radius=\u00a0\u00bb26&Prime; button_icon=\u00a0\u00bb%%20%%\u00a0\u00bb button_icon_color=\u00a0\u00bb#ffffff\u00a0\u00bb button_on_hover=\u00a0\u00bboff\u00a0\u00bb background_layout=\u00a0\u00bbdark\u00a0\u00bb z_index_tablet=\u00a0\u00bb500&Prime; custom_css_after=\u00a0\u00bbmargin-left: 0!important;\u00a0\u00bb saved_tabs=\u00a0\u00bball\u00a0\u00bb background_layout__hover_enabled=\u00a0\u00bbon\u00a0\u00bb background_layout__hover=\u00a0\u00bblight\u00a0\u00bb button_bg_color__hover_enabled=\u00a0\u00bbon\u00a0\u00bb button_bg_color__hover=\u00a0\u00bb#ffffff\u00a0\u00bb button_icon_color__hover_enabled=\u00a0\u00bbon\u00a0\u00bb button_icon_color__hover=\u00a0\u00bb#aa004f\u00a0\u00bb button_text_color__hover_enabled=\u00a0\u00bbon\u00a0\u00bb button_text_color__hover=\u00a0\u00bb#aa004f\u00a0\u00bb custom_css_after__hover_enabled=\u00a0\u00bbon\u00a0\u00bb custom_css_after__hover=\u00a0\u00bbmargin-left: 0!important;\u00a0\u00bb]<br \/>\n[\/et_pb_button][et_pb_divider color=\u00a0\u00bb#000000&Prime; _builder_version=\u00a0\u00bb3.19.11&Prime; custom_margin=\u00a0\u00bb80px||110px|\u00a0\u00bb]<br \/>\n[\/et_pb_divider][\/et_pb_column][\/et_pb_row][et_pb_row _builder_version=\u00a0\u00bb3.22.1&Prime; background_size=\u00a0\u00bbinitial\u00a0\u00bb background_position=\u00a0\u00bbtop_left\u00a0\u00bb background_repeat=\u00a0\u00bbrepeat\u00a0\u00bb][et_pb_column type=\u00a0\u00bb1_3&Prime; _builder_version=\u00a0\u00bb3.0.47&Prime;][et_pb_image src=\u00a0\u00bbhttps:\/\/wordpress-test.app.u-pariscite.fr\/eidd\/wp-content\/uploads\/sites\/26\/2021\/06\/projet-etudiant-1.jpg\u00a0\u00bb _builder_version=\u00a0\u00bb3.22.1&Prime; z_index_tablet=\u00a0\u00bb500&Prime;]<br \/>\n[\/et_pb_image][et_pb_text module_id=\u00a0\u00bbcontenu\u00a0\u00bb _builder_version=\u00a0\u00bb3.22.1&Prime; z_index_tablet=\u00a0\u00bb500&Prime;]<\/p>\n<div class=\"page\" title=\"Page 1\">\n<div class=\"layoutArea\">\n<div class=\"column\">\n<h3>La d\u00e9marche qualit\u00e9 \u00e0 l&rsquo;EIDD<\/h3>\n<\/div>\n<\/div>\n<\/div>\n<p>[\/et_pb_text][et_pb_button button_url=\u00a0\u00bbhttps:\/\/wordpress-test.app.u-pariscite.fr\/eidd\/la-demarche-qualite-a-leidd\/\u00a0\u00bb button_text=\u00a0\u00bbLire la suite\u00a0\u00bb button_alignment=\u00a0\u00bbleft\u00a0\u00bb admin_label=\u00a0\u00bbbouton &#8211; ajouter le lien vers la page\u00a0\u00bb _builder_version=\u00a0\u00bb3.22.1&Prime; custom_button=\u00a0\u00bbon\u00a0\u00bb button_text_color=\u00a0\u00bb#ffffff\u00a0\u00bb button_bg_color=\u00a0\u00bb#8a1538&Prime; button_border_width=\u00a0\u00bb2&Prime; button_border_color=\u00a0\u00bb#8a1538&Prime; button_border_radius=\u00a0\u00bb26&Prime; button_icon=\u00a0\u00bb%%20%%\u00a0\u00bb button_icon_color=\u00a0\u00bb#ffffff\u00a0\u00bb button_on_hover=\u00a0\u00bboff\u00a0\u00bb background_layout=\u00a0\u00bbdark\u00a0\u00bb z_index_tablet=\u00a0\u00bb500&Prime; custom_css_after=\u00a0\u00bbmargin-left: 0!important;\u00a0\u00bb saved_tabs=\u00a0\u00bball\u00a0\u00bb background_layout__hover_enabled=\u00a0\u00bbon\u00a0\u00bb background_layout__hover=\u00a0\u00bblight\u00a0\u00bb button_bg_color__hover_enabled=\u00a0\u00bbon\u00a0\u00bb button_bg_color__hover=\u00a0\u00bb#ffffff\u00a0\u00bb button_icon_color__hover_enabled=\u00a0\u00bbon\u00a0\u00bb button_icon_color__hover=\u00a0\u00bb#aa004f\u00a0\u00bb button_text_color__hover_enabled=\u00a0\u00bbon\u00a0\u00bb button_text_color__hover=\u00a0\u00bb#aa004f\u00a0\u00bb custom_css_after__hover_enabled=\u00a0\u00bbon\u00a0\u00bb custom_css_after__hover=\u00a0\u00bbmargin-left: 0!important;\u00a0\u00bb]<br \/>\n[\/et_pb_button][et_pb_divider color=\u00a0\u00bb#000000&Prime; _builder_version=\u00a0\u00bb3.19.11&Prime; custom_margin=\u00a0\u00bb55px||110px|||\u00a0\u00bb]<br \/>\n[\/et_pb_divider][\/et_pb_column][et_pb_column type=\u00a0\u00bb1_3&Prime; _builder_version=\u00a0\u00bb3.0.47&Prime;][et_pb_image src=\u00a0\u00bbhttps:\/\/wordpress-test.app.u-pariscite.fr\/eidd\/wp-content\/uploads\/sites\/26\/2022\/05\/WEBRADIO.png\u00a0\u00bb _builder_version=\u00a0\u00bb3.22.1&Prime; z_index_tablet=\u00a0\u00bb500&Prime;]<br \/>\n[\/et_pb_image][et_pb_text module_id=\u00a0\u00bbcontenu\u00a0\u00bb _builder_version=\u00a0\u00bb3.22.1&Prime; z_index_tablet=\u00a0\u00bb500&Prime;]<\/p>\n<div class=\"page\" title=\"Page 1\">\n<div class=\"layoutArea\">\n<div class=\"column\">\n<h3>WEBRADIO<\/h3>\n<\/div>\n<\/div>\n<\/div>\n<p>[\/et_pb_text][et_pb_button button_url=\u00a0\u00bbhttps:\/\/wordpress-test.app.u-pariscite.fr\/eidd\/100-pour-sciences-la-webradio-de-la-faculte-des-sciences-est-lancee\/\u00a0\u00bb button_text=\u00a0\u00bbLire la suite\u00a0\u00bb button_alignment=\u00a0\u00bbleft\u00a0\u00bb admin_label=\u00a0\u00bbbouton &#8211; ajouter le lien vers la page\u00a0\u00bb _builder_version=\u00a0\u00bb3.22.1&Prime; custom_button=\u00a0\u00bbon\u00a0\u00bb button_text_color=\u00a0\u00bb#ffffff\u00a0\u00bb button_bg_color=\u00a0\u00bb#8a1538&Prime; button_border_width=\u00a0\u00bb2&Prime; button_border_color=\u00a0\u00bb#8a1538&Prime; button_border_radius=\u00a0\u00bb26&Prime; button_icon=\u00a0\u00bb%%20%%\u00a0\u00bb button_icon_color=\u00a0\u00bb#ffffff\u00a0\u00bb button_on_hover=\u00a0\u00bboff\u00a0\u00bb background_layout=\u00a0\u00bbdark\u00a0\u00bb z_index_tablet=\u00a0\u00bb500&Prime; custom_css_after=\u00a0\u00bbmargin-left: 0!important;\u00a0\u00bb saved_tabs=\u00a0\u00bball\u00a0\u00bb background_layout__hover_enabled=\u00a0\u00bbon\u00a0\u00bb background_layout__hover=\u00a0\u00bblight\u00a0\u00bb button_bg_color__hover_enabled=\u00a0\u00bbon\u00a0\u00bb button_bg_color__hover=\u00a0\u00bb#ffffff\u00a0\u00bb button_icon_color__hover_enabled=\u00a0\u00bbon\u00a0\u00bb button_icon_color__hover=\u00a0\u00bb#aa004f\u00a0\u00bb button_text_color__hover_enabled=\u00a0\u00bbon\u00a0\u00bb button_text_color__hover=\u00a0\u00bb#aa004f\u00a0\u00bb custom_css_after__hover_enabled=\u00a0\u00bbon\u00a0\u00bb custom_css_after__hover=\u00a0\u00bbmargin-left: 0!important;\u00a0\u00bb]<br \/>\n[\/et_pb_button][et_pb_divider color=\u00a0\u00bb#000000&Prime; _builder_version=\u00a0\u00bb3.19.11&Prime; custom_margin=\u00a0\u00bb80px||110px|||\u00a0\u00bb]<br \/>\n[\/et_pb_divider][\/et_pb_column][et_pb_column type=\u00a0\u00bb1_3&Prime; _builder_version=\u00a0\u00bb3.0.47&Prime;][et_pb_image src=\u00a0\u00bbhttps:\/\/wordpress-test.app.u-pariscite.fr\/eidd\/wp-content\/uploads\/sites\/26\/2021\/06\/eidd-presse.jpg\u00a0\u00bb _builder_version=\u00a0\u00bb3.22.1&Prime; z_index_tablet=\u00a0\u00bb500&Prime;]<br \/>\n[\/et_pb_image][et_pb_text module_id=\u00a0\u00bbcontenu\u00a0\u00bb _builder_version=\u00a0\u00bb3.22.1&Prime; z_index_tablet=\u00a0\u00bb500&Prime;]<\/p>\n<div class=\"page\" title=\"Page 1\">\n<div class=\"layoutArea\">\n<div class=\"column\">\n<h3>L&rsquo;EIDD dans la presse\u00a0<\/h3>\n<\/div>\n<\/div>\n<\/div>\n<p>[\/et_pb_text][et_pb_button button_url=\u00a0\u00bbhttps:\/\/wordpress-test.app.u-pariscite.fr\/eidd\/category\/eidd-dans-la-presse\/\u00a0\u00bb button_text=\u00a0\u00bbLire la suite\u00a0\u00bb button_alignment=\u00a0\u00bbleft\u00a0\u00bb admin_label=\u00a0\u00bbbouton &#8211; ajouter le lien vers la page\u00a0\u00bb _builder_version=\u00a0\u00bb3.22.1&Prime; custom_button=\u00a0\u00bbon\u00a0\u00bb button_text_color=\u00a0\u00bb#ffffff\u00a0\u00bb button_bg_color=\u00a0\u00bb#8a1538&Prime; button_border_width=\u00a0\u00bb2&Prime; button_border_color=\u00a0\u00bb#8a1538&Prime; button_border_radius=\u00a0\u00bb26&Prime; button_icon=\u00a0\u00bb%%20%%\u00a0\u00bb button_icon_color=\u00a0\u00bb#ffffff\u00a0\u00bb button_on_hover=\u00a0\u00bboff\u00a0\u00bb background_layout=\u00a0\u00bbdark\u00a0\u00bb z_index_tablet=\u00a0\u00bb500&Prime; custom_css_after=\u00a0\u00bbmargin-left: 0!important;\u00a0\u00bb saved_tabs=\u00a0\u00bball\u00a0\u00bb background_layout__hover_enabled=\u00a0\u00bbon\u00a0\u00bb background_layout__hover=\u00a0\u00bblight\u00a0\u00bb button_bg_color__hover_enabled=\u00a0\u00bbon\u00a0\u00bb button_bg_color__hover=\u00a0\u00bb#ffffff\u00a0\u00bb button_icon_color__hover_enabled=\u00a0\u00bbon\u00a0\u00bb button_icon_color__hover=\u00a0\u00bb#aa004f\u00a0\u00bb button_text_color__hover_enabled=\u00a0\u00bbon\u00a0\u00bb button_text_color__hover=\u00a0\u00bb#aa004f\u00a0\u00bb custom_css_after__hover_enabled=\u00a0\u00bbon\u00a0\u00bb custom_css_after__hover=\u00a0\u00bbmargin-left: 0!important;\u00a0\u00bb]<br \/>\n[\/et_pb_button][et_pb_divider color=\u00a0\u00bb#000000&Prime; _builder_version=\u00a0\u00bb3.19.11&Prime; custom_margin=\u00a0\u00bb80px||110px|\u00a0\u00bb]<br \/>\n[\/et_pb_divider][\/et_pb_column][\/et_pb_row][\/et_pb_section]<\/p>\n","protected":false},"excerpt":{"rendered":"<p>Le campus Les associations Les actualit\u00e9s de la vie \u00e0 l&rsquo;\u00e9cole Projets des \u00e9tudiants et Chapters\u00a0 Les s\u00e9minaires et forums Les \u00e9v\u00e9nements annuels La d\u00e9marche qualit\u00e9 \u00e0 l&rsquo;EIDD WEBRADIO L&rsquo;EIDD dans la presse\u00a0<\/p>\n","protected":false},"author":8,"featured_media":0,"parent":0,"menu_order":0,"comment_status":"closed","ping_status":"closed","template":"","meta":{"_et_pb_use_builder":"on","_et_pb_old_content":"","_et_gb_content_width":"","footnotes":""},"class_list":["post-153","page","type-page","status-publish","hentry"],"_links":{"self":[{"href":"https:\/\/wordpress-test.app.u-pariscite.fr\/eidd\/wp-json\/wp\/v2\/pages\/153","targetHints":{"allow":["GET"]}}],"collection":[{"href":"https:\/\/wordpress-test.app.u-pariscite.fr\/eidd\/wp-json\/wp\/v2\/pages"}],"about":[{"href":"https:\/\/wordpress-test.app.u-pariscite.fr\/eidd\/wp-json\/wp\/v2\/types\/page"}],"author":[{"embeddable":true,"href":"https:\/\/wordpress-test.app.u-pariscite.fr\/eidd\/wp-json\/wp\/v2\/users\/8"}],"replies":[{"embeddable":true,"href":"https:\/\/wordpress-test.app.u-pariscite.fr\/eidd\/wp-json\/wp\/v2\/comments?post=153"}],"version-history":[{"count":39,"href":"https:\/\/wordpress-test.app.u-pariscite.fr\/eidd\/wp-json\/wp\/v2\/pages\/153\/revisions"}],"predecessor-version":[{"id":3374,"href":"https:\/\/wordpress-test.app.u-pariscite.fr\/eidd\/wp-json\/wp\/v2\/pages\/153\/revisions\/3374"}],"wp:attachment":[{"href":"https:\/\/wordpress-test.app.u-pariscite.fr\/eidd\/wp-json\/wp\/v2\/media?parent=153"}],"curies":[{"name":"wp","href":"https:\/\/api.w.org\/{rel}","templated":true}]}}