{"id":9618,"date":"2021-07-02T17:10:00","date_gmt":"2021-07-02T15:10:00","guid":{"rendered":"https:\/\/wordpress-test.app.u-pariscite.fr\/doctorat\/?page_id=9618"},"modified":"2024-03-05T20:33:01","modified_gmt":"2024-03-05T19:33:01","slug":"retirer-son-diplome","status":"publish","type":"page","link":"https:\/\/wordpress-test.app.u-pariscite.fr\/doctorat\/retirer-son-diplome\/","title":{"rendered":"Dipl\u00f4me de doctorat"},"content":{"rendered":"<p>[et_pb_section bb_built=\u00a0\u00bb1&Prime; _builder_version=\u00a0\u00bb3.22&Prime; next_background_color=\u00a0\u00bb#000000&Prime;][et_pb_row _builder_version=\u00a0\u00bb3.22&Prime;][et_pb_column type=\u00a0\u00bb4_4&Prime;][et_pb_post_title admin_label=\u00a0\u00bbTitre de la page\u00a0\u00bb meta=\u00a0\u00bboff\u00a0\u00bb featured_image=\u00a0\u00bboff\u00a0\u00bb _builder_version=\u00a0\u00bb3.22.1&Prime;]<\/p>\n<p>[\/et_pb_post_title][et_pb_text _builder_version=\u00a0\u00bb3.22.1&Prime; z_index_tablet=\u00a0\u00bb500&Prime; text_text_shadow_horizontal_length=\u00a0\u00bbtext_text_shadow_style,%91object Object%93&Prime; text_text_shadow_vertical_length=\u00a0\u00bbtext_text_shadow_style,%91object Object%93&Prime; text_text_shadow_blur_strength=\u00a0\u00bbtext_text_shadow_style,%91object Object%93&Prime; link_text_shadow_horizontal_length=\u00a0\u00bblink_text_shadow_style,%91object Object%93&Prime; link_text_shadow_vertical_length=\u00a0\u00bblink_text_shadow_style,%91object Object%93&Prime; link_text_shadow_blur_strength=\u00a0\u00bblink_text_shadow_style,%91object Object%93&Prime; ul_text_shadow_horizontal_length=\u00a0\u00bbul_text_shadow_style,%91object Object%93&Prime; ul_text_shadow_vertical_length=\u00a0\u00bbul_text_shadow_style,%91object Object%93&Prime; ul_text_shadow_blur_strength=\u00a0\u00bbul_text_shadow_style,%91object Object%93&Prime; ol_text_shadow_horizontal_length=\u00a0\u00bbol_text_shadow_style,%91object Object%93&Prime; ol_text_shadow_vertical_length=\u00a0\u00bbol_text_shadow_style,%91object Object%93&Prime; ol_text_shadow_blur_strength=\u00a0\u00bbol_text_shadow_style,%91object Object%93&Prime; quote_text_shadow_horizontal_length=\u00a0\u00bbquote_text_shadow_style,%91object Object%93&Prime; quote_text_shadow_vertical_length=\u00a0\u00bbquote_text_shadow_style,%91object Object%93&Prime; quote_text_shadow_blur_strength=\u00a0\u00bbquote_text_shadow_style,%91object Object%93&Prime; header_text_shadow_horizontal_length=\u00a0\u00bbheader_text_shadow_style,%91object Object%93&Prime; header_text_shadow_vertical_length=\u00a0\u00bbheader_text_shadow_style,%91object Object%93&Prime; header_text_shadow_blur_strength=\u00a0\u00bbheader_text_shadow_style,%91object Object%93&Prime; header_2_text_shadow_horizontal_length=\u00a0\u00bbheader_2_text_shadow_style,%91object Object%93&Prime; header_2_text_shadow_vertical_length=\u00a0\u00bbheader_2_text_shadow_style,%91object Object%93&Prime; header_2_text_shadow_blur_strength=\u00a0\u00bbheader_2_text_shadow_style,%91object Object%93&Prime; header_3_text_shadow_horizontal_length=\u00a0\u00bbheader_3_text_shadow_style,%91object Object%93&Prime; header_3_text_shadow_vertical_length=\u00a0\u00bbheader_3_text_shadow_style,%91object Object%93&Prime; header_3_text_shadow_blur_strength=\u00a0\u00bbheader_3_text_shadow_style,%91object Object%93&Prime; header_4_text_shadow_horizontal_length=\u00a0\u00bbheader_4_text_shadow_style,%91object Object%93&Prime; header_4_text_shadow_vertical_length=\u00a0\u00bbheader_4_text_shadow_style,%91object Object%93&Prime; header_4_text_shadow_blur_strength=\u00a0\u00bbheader_4_text_shadow_style,%91object Object%93&Prime; header_5_text_shadow_horizontal_length=\u00a0\u00bbheader_5_text_shadow_style,%91object Object%93&Prime; header_5_text_shadow_vertical_length=\u00a0\u00bbheader_5_text_shadow_style,%91object Object%93&Prime; header_5_text_shadow_blur_strength=\u00a0\u00bbheader_5_text_shadow_style,%91object Object%93&Prime; header_6_text_shadow_horizontal_length=\u00a0\u00bbheader_6_text_shadow_style,%91object Object%93&Prime; header_6_text_shadow_vertical_length=\u00a0\u00bbheader_6_text_shadow_style,%91object Object%93&Prime; header_6_text_shadow_blur_strength=\u00a0\u00bbheader_6_text_shadow_style,%91object Object%93&Prime;]<\/p>\n<p><strong>Proc\u00e9dure de d\u00e9livrance des dipl\u00f4mes de doctorat d&rsquo;Universit\u00e9 Paris Cit\u00e9<\/strong><\/p>\n<p>Les dipl\u00f4mes d&rsquo;\u00e9tat de Docteur en m\u00e9decine ou pharmacie ne sont pas concern\u00e9s par cette proc\u00e9dure, veuillez contacter l&rsquo;UFR concern\u00e9e.<\/p>\n<p>[\/et_pb_text][et_pb_divider show_divider=\u00a0\u00bboff\u00a0\u00bb _builder_version=\u00a0\u00bb3.22.1&Prime; z_index_tablet=\u00a0\u00bb500&Prime;]<\/p>\n<p>[\/et_pb_divider][\/et_pb_column][\/et_pb_row][et_pb_row module_id=\u00a0\u00bbimage-page-type\u00a0\u00bb _builder_version=\u00a0\u00bb3.22&Prime;][et_pb_column type=\u00a0\u00bb3_4&Prime;][et_pb_image admin_label=\u00a0\u00bbImage 1920 x 1080&Prime; src=\u00a0\u00bbhttps:\/\/wordpress-test.app.u-pariscite.fr\/doctorat\/wp-content\/uploads\/sites\/10\/2022\/11\/brett-jordan-kuEMUoDZepY-unsplash_1080.jpg\u00a0\u00bb module_id=\u00a0\u00bbimage-page\u00a0\u00bb _builder_version=\u00a0\u00bb3.22.1&Prime; z_index_tablet=\u00a0\u00bb500&Prime;]<\/p>\n<p>[\/et_pb_image][\/et_pb_column][et_pb_column type=\u00a0\u00bb1_4&Prime;][et_pb_text admin_label=\u00a0\u00bbTexte image\u00a0\u00bb module_id=\u00a0\u00bbtexte-image\u00a0\u00bb _builder_version=\u00a0\u00bb3.22.1&Prime; background_color=\u00a0\u00bbrgba(242,242,242,0)\u00a0\u00bb custom_margin=\u00a0\u00bb|-15px||\u00a0\u00bb z_index_tablet=\u00a0\u00bb500&Prime;]<\/p>\n<p>[\/et_pb_text][\/et_pb_column][\/et_pb_row][et_pb_row _builder_version=\u00a0\u00bb3.22&Prime; background_size=\u00a0\u00bbinitial\u00a0\u00bb background_position=\u00a0\u00bbtop_left\u00a0\u00bb background_repeat=\u00a0\u00bbrepeat\u00a0\u00bb][et_pb_column type=\u00a0\u00bb4_4&Prime;][et_pb_text admin_label=\u00a0\u00bbcopyright\u00a0\u00bb module_id=\u00a0\u00bblegende\u00a0\u00bb _builder_version=\u00a0\u00bb3.22.1&Prime; z_index_tablet=\u00a0\u00bb500&Prime;]<\/p>\n<div class=\"page\" title=\"Page 1\">\n<div class=\"layoutArea\">\n<div class=\"column\">\n<p>\u00a9 Tous droits r\u00e9serv\u00e9s<\/p>\n<\/div>\n<\/div>\n<\/div>\n<p>[\/et_pb_text][\/et_pb_column][\/et_pb_row][et_pb_row _builder_version=\u00a0\u00bb3.22&Prime; background_size=\u00a0\u00bbinitial\u00a0\u00bb background_position=\u00a0\u00bbtop_left\u00a0\u00bb background_repeat=\u00a0\u00bbrepeat\u00a0\u00bb][et_pb_column type=\u00a0\u00bb3_4&Prime;][et_pb_divider show_divider=\u00a0\u00bboff\u00a0\u00bb _builder_version=\u00a0\u00bb3.22.1&Prime; z_index_tablet=\u00a0\u00bb500&Prime;]<\/p>\n<p>[\/et_pb_divider][et_pb_text _builder_version=\u00a0\u00bb3.22.1&Prime; z_index_tablet=\u00a0\u00bb500&Prime; custom_padding=\u00a0\u00bb||0px|||\u00a0\u00bb]<\/p>\n<p>L&rsquo;\u00e9laboration et la d\u00e9livrance du dipl\u00f4me national de doctorat est r\u00e9gie la circulaire du 7 mai 2023.<\/p>\n<p>Le nom d&rsquo;Universit\u00e9 Paris Cit\u00e9 figure sur le parchemin. Dans le cas d&rsquo;une demande d&rsquo;\u00e9dition d&rsquo;un dipl\u00f4me obtenu avant 2020, date de cr\u00e9ation de l&rsquo;universit\u00e9, le nom de l&rsquo;\u00e9tablissement figurant sur le dipl\u00f4me sera Universit\u00e9 Paris Cit\u00e9.<\/p>\n<p>&nbsp;<\/p>\n<p>[\/et_pb_text][et_pb_toggle admin_label=\u00a0\u00bbPr\u00e9requis\u00a0\u00bb title=\u00a0\u00bbPr\u00e9requis \u00e0 l&rsquo;\u00e9dition du dipl\u00f4me\u00a0\u00bb _builder_version=\u00a0\u00bb3.22.1&Prime; z_index_tablet=\u00a0\u00bb500&Prime;]<\/p>\n<p>Les dipl\u00f4mes de doctorat sont d\u00e9livr\u00e9s sous r\u00e9serve de :<\/p>\n<ul>\n<li>La r\u00e9ception des originaux des documents de soutenance de th\u00e8se (proc\u00e8s-verbal, rapport et avis du jury sur la publication de la th\u00e8se) ;<\/li>\n<li>Le second d\u00e9p\u00f4t de votre th\u00e8se sur DEMAT et de la validation de ce d\u00e9p\u00f4t final par les services des biblioth\u00e8ques.<\/li>\n<\/ul>\n<p align=\"justify\">Le dipl\u00f4me est \u00e9tabli de <b>fa\u00e7on d\u00e9finitive<\/b> et doit \u00eatre conserv\u00e9.<\/p>\n<p>[\/et_pb_toggle][et_pb_toggle admin_label=\u00a0\u00bbAttestation de r\u00e9ussite\u00a0\u00bb title=\u00a0\u00bbAttestation de r\u00e9ussite\u00a0\u00bb _builder_version=\u00a0\u00bb3.22.1&Prime; z_index_tablet=\u00a0\u00bb500&Prime; text_shadow_horizontal_length=\u00a0\u00bbtext_shadow_style,%91object Object%93&Prime; text_shadow_vertical_length=\u00a0\u00bbtext_shadow_style,%91object Object%93&Prime; text_shadow_blur_strength=\u00a0\u00bbtext_shadow_style,%91object Object%93&Prime; title_text_shadow_horizontal_length=\u00a0\u00bbtitle_text_shadow_style,%91object Object%93&Prime; title_text_shadow_vertical_length=\u00a0\u00bbtitle_text_shadow_style,%91object Object%93&Prime; title_text_shadow_blur_strength=\u00a0\u00bbtitle_text_shadow_style,%91object Object%93&Prime; body_text_shadow_horizontal_length=\u00a0\u00bbbody_text_shadow_style,%91object Object%93&Prime; body_text_shadow_vertical_length=\u00a0\u00bbbody_text_shadow_style,%91object Object%93&Prime; body_text_shadow_blur_strength=\u00a0\u00bbbody_text_shadow_style,%91object Object%93&Prime;]<\/p>\n<p>Si le dipl\u00f4me n&rsquo;est pas encore \u00e9dit\u00e9, vous pouvez demander une attestation de r\u00e9ussite au dipl\u00f4me \u00e0 <a href=\"mailto:soutenance.doctorat.drive@wordpress-test.app.u-pariscite.fr\" target=\"_blank\" rel=\"noopener noreferrer\">l&rsquo;\u00e9quipe soutenance du CED<\/a>.<\/p>\n<p><strong>Aucune attestation ne sera d\u00e9livr\u00e9e avant :<\/strong><\/p>\n<ul>\n<li>La r\u00e9ception des documents originaux de soutenance.<\/li>\n<\/ul>\n<p>[\/et_pb_toggle][et_pb_toggle admin_label=\u00a0\u00bbRetirer son dipl\u00f4me de doctorat\u00a0\u00bb title=\u00a0\u00bbRetirer son dipl\u00f4me de doctorat\u00a0\u00bb _builder_version=\u00a0\u00bb3.22.1&Prime; z_index_tablet=\u00a0\u00bb500&Prime;]<\/p>\n<blockquote>\n<p>Le retrait des dipl\u00f4mes se fait <strong>uniquement sur rendez-vous pris par email.<\/strong><\/p>\n<\/blockquote>\n<p><strong>Seules les pi\u00e8ces d&rsquo;identit\u00e9 suivantes sont accept\u00e9es :<\/strong><\/p>\n<ul>\n<li>Carte nationale d&rsquo;identit\u00e9 (CNI) ;<\/li>\n<li>Passeport :<\/li>\n<li>Titre de s\u00e9jour en cours de validit\u00e9.<\/li>\n<\/ul>\n<blockquote>\n<h4>En personne (\u00e0 privil\u00e9gier)<\/h4>\n<\/blockquote>\n<p><strong>Contacter la cellule des dipl\u00f4mes de doctorat et HDR pour prendre rendez-vous.<\/strong><\/p>\n<p>Joindre obligatoirement \u00e0 votre demande :<\/p>\n<ul>\n<li>\u00a0<a href=\"https:\/\/wordpress-test.app.u-pariscite.fr\/doctorat\/wp-content\/uploads\/sites\/10\/2022\/10\/UPCite_DRIVE_formulaire_delivrance_diplome.pdf\" target=\"_blank\" rel=\"noopener noreferrer\">Le formulaire de d\u00e9livrance dipl\u00f4me.<\/a><\/li>\n<\/ul>\n<p>Une fois le rendez-vous confirm\u00e9, pr\u00e9sentez-vous <strong>muni d\u2019une pi\u00e8ce d\u2019identit\u00e9<\/strong> en cours de validit\u00e9 \u00e0 l\u2019adresse indiqu\u00e9e.<\/p>\n<blockquote>\n<h4>Par une autre personne<\/h4>\n<\/blockquote>\n<div class=\"et_pb_tab_content\">\n<p>Si vous ne pouvez pas vous pr\u00e9senter vous-m\u00eame pour retirer votre dipl\u00f4me, vous pouvez le faire retirer par une tierce personne en lui donnant procuration.<\/p>\n<p><strong>Contacter la cellule des dipl\u00f4mes de doctorat et HDR pour prendre rendez-vous pour votre mandataire.<\/strong><\/p>\n<p>Joindre obligatoirement \u00e0 votre demande :<\/p>\n<ul>\n<li>Le <a href=\"https:\/\/wordpress-test.app.u-pariscite.fr\/doctorat\/wp-content\/uploads\/sites\/10\/2022\/10\/UPCite_DRIVE_formulaire_delivrance_diplome.pdf\" target=\"_blank\" rel=\"noopener noreferrer\">formulaire de d\u00e9livrance dipl\u00f4me ;<\/a><\/li>\n<li>Une procuration <a href=\"https:\/\/wordpress-test.app.u-pariscite.fr\/doctorat\/wp-content\/uploads\/sites\/10\/2022\/10\/UPCit\u00e9_DRIVE_procuration_diplome.pdf\" target=\"_blank\" rel=\"noopener noreferrer\">(t\u00e9l\u00e9charger le mod\u00e8le de procuration)<\/a> ;<\/li>\n<li>Une <strong>copie<\/strong> de votre pi\u00e8ce d\u2019identit\u00e9 en cours de validit\u00e9 ;<\/li>\n<\/ul>\n<p>Une fois le rendez-vous confirm\u00e9, votre mandataire doit se pr\u00e9senter <strong>muni d\u2019une pi\u00e8ce d\u2019identit\u00e9<\/strong> en cours de validit\u00e9 \u00e0 l\u2019adresse indiqu\u00e9e.<\/p>\n<\/div>\n<blockquote>\n<h4>Par courrier<\/h4>\n<\/blockquote>\n<p>Si vous ou une tierce personne ne peut pas se pr\u00e9senter pour retirer votre dipl\u00f4me, vous pouvez demander un envoi par <strong>courrier recommand\u00e9 en France ou \u00e0 l\u2019international<\/strong>.<\/p>\n<p><strong>Contacter la cellule des dipl\u00f4mes de doctorat et HDR pour demander un envoi par courrier.<\/strong><\/p>\n<p>Joindre obligatoirement \u00e0 votre demande :<\/p>\n<ul>\n<li>Le <a href=\"https:\/\/wordpress-test.app.u-pariscite.fr\/doctorat\/wp-content\/uploads\/sites\/10\/2022\/10\/UPCite_DRIVE_formulaire_delivrance_diplome.pdf\" target=\"_blank\" rel=\"noopener noreferrer\">formulaire de d\u00e9livrance dipl\u00f4me ;<\/a><\/li>\n<li>Une <strong>copie<\/strong> de votre pi\u00e8ce d\u2019identit\u00e9 en cours de validit\u00e9 ;<\/li>\n<li>Votre adresse postale pr\u00e9cise.<\/li>\n<\/ul>\n<p>[\/et_pb_toggle][et_pb_toggle admin_label=\u00a0\u00bbNom d&rsquo;usage et mentions %22Madame\/Monsieur%22&Prime; title=\u00a0\u00bbNom d&rsquo;usage, pr\u00e9nom d&rsquo;usage et mentions %22Madame\/Monsieur%22&Prime; _builder_version=\u00a0\u00bb3.22.1&Prime; z_index_tablet=\u00a0\u00bb500&Prime;]<\/p>\n<p>A votre seule demande et sur production de toute pi\u00e8ce justifiant du droit d&rsquo;usage, votre nom d&rsquo;usage peut \u00eatre ajout\u00e9 sur le dipl\u00f4me, \u00e0 c\u00f4t\u00e9 de votre nom patronymique (copie ou extrait d&rsquo;acte d&rsquo;\u00e9tat civil, photocopie du livret de famille, carte nationale d&rsquo;identit\u00e9).<\/p>\n<p>Le dipl\u00f4me ne peut \u00eatre modifi\u00e9 pour mentionner votre ou vos pr\u00e9noms d&rsquo;usage sans modification pr\u00e9alable de la mention du ou des pr\u00e9noms \u00e0 l&rsquo;\u00e9tat civil.<\/p>\n<p>\u00c0 votre seule demande, et notamment dans le cadre du plan de lutte contre les discriminations envers les personnes LGBT, les mentions \u00ab Madame\/Monsieur \u00bb, qui figurent aujourd\u2019hui dans les mod\u00e8les de dipl\u00f4mes peuvent \u00eatre supprim\u00e9es de votre parchemin.<\/p>\n<p>[\/et_pb_toggle][et_pb_toggle admin_label=\u00a0\u00bbDemande de corrections ou de duplicata du dipl\u00f4me\u00a0\u00bb title=\u00a0\u00bbDemande de corrections ou de duplicata du dipl\u00f4me\u00a0\u00bb _builder_version=\u00a0\u00bb3.22.1&Prime; z_index_tablet=\u00a0\u00bb500&Prime;]<\/p>\n<h4>Corrections<\/h4>\n<p>Si vous constatez<strong> une erreur sur votre dipl\u00f4me, <\/strong>retournez le formulaire de <a href=\"https:\/\/wordpress-test.app.u-pariscite.fr\/doctorat\/wp-content\/uploads\/sites\/10\/2022\/10\/UPCit\u00e9_DRIVE_demande_correction_erreur_diplome.docx\" target=\"_blank\" rel=\"noopener noreferrer\">demande de correction de votre dipl\u00f4me<\/a>.<\/p>\n<p>Le dipl\u00f4me original doit obligatoirement \u00eatre retourn\u00e9 en cas de demande de correction.<\/p>\n<p>Si le dipl\u00f4me a \u00e9t\u00e9 perdu, il faudra demander un duplicata. Le dipl\u00f4me nouvellement \u00e9dit\u00e9 portera la mention \u00ab\u00a0duplicata\u00a0\u00bb.<\/p>\n<p>Si vous avez b\u00e9n\u00e9fici\u00e9 d&rsquo;un changement d&rsquo;\u00e9tat civil apr\u00e8s la d\u00e9livrance de votre dipl\u00f4me, vous pouvez demander un duplicata conforme \u00e0 votre nouvel \u00e9tat civil. Vous devrez fournir l\u2019acte de la mention de ce changement inscrite par le service d\u2019\u00e9tat civil accompagn\u00e9 du formulaire de demande de correction compl\u00e9t\u00e9.<\/p>\n<h4>Duplicata<\/h4>\n<p align=\"justify\">Un dipl\u00f4me est toujours d\u00e9livr\u00e9 en exemplaire unique. En cas de <b>perte, de destruction (ex\u00a0: inondation, incendie..) ou de vol, <\/b>vous pouvez demander <b>un duplicata<\/b>.<\/p>\n<p align=\"justify\">Seul l\u2019\u00e9tablissement ayant d\u00e9livr\u00e9 le dipl\u00f4me original est habilit\u00e9 \u00e0 d\u00e9livrer un duplicata.<\/p>\n<p>Quelle que soit l\u2019origine de la perte, du vol ou de la destruction, l\u2019int\u00e9ress\u00e9 doit pr\u00e9senter toutes pi\u00e8ces justificatives officielles permettant de v\u00e9rifier la validit\u00e9 de la demande (d\u00e9claration de sinistre, r\u00e9c\u00e9piss\u00e9 de plainte, d\u00e9claration sur l\u2019honneur, etc.).<\/p>\n<p>Le dipl\u00f4me nouvellement \u00e9dit\u00e9 portera la mention \u00ab\u00a0duplicata\u00a0\u00bb.<\/p>\n<p>T\u00e9l\u00e9chargez ci-dessous, les demandes de duplicata :<\/p>\n<ul>\n<li><a href=\"https:\/\/wordpress-test.app.u-pariscite.fr\/doctorat\/wp-content\/uploads\/sites\/10\/2022\/10\/Universit\u00e9-Paris-Cit\u00e9-demande-de-duplicata-avant-2003.pdf\" target=\"_blank\" rel=\"noopener noreferrer\">Avant 2003<\/a><\/li>\n<li><a href=\"https:\/\/wordpress-test.app.u-pariscite.fr\/doctorat\/wp-content\/uploads\/sites\/10\/2022\/10\/UPCite_Formulaire_duplicata_diplome.pdf\" target=\"_blank\" rel=\"noopener noreferrer\">Apr\u00e8s 2003<\/a><\/li>\n<\/ul>\n<p>[\/et_pb_toggle][et_pb_toggle admin_label=\u00a0\u00bbAuthentification des dipl\u00f4mes\u00a0\u00bb title=\u00a0\u00bbAuthentification du dipl\u00f4me pour un tiers\u00a0\u00bb _builder_version=\u00a0\u00bb3.22.1&Prime; z_index_tablet=\u00a0\u00bb500&Prime;]<\/p>\n<p>Le p\u00f4le Coll\u00e8ge des \u00e9coles doctorales est en mesure d&rsquo;authentifier les dipl\u00f4mes de doctorat d\u00e9livr\u00e9s par Universit\u00e9 Paris Cit\u00e9.<\/p>\n<p>La demande peut \u00e9maner du dipl\u00f4m\u00e9 ou de la dipl\u00f4m\u00e9e, d&rsquo;une entreprise, d&rsquo;un organisme ou d&rsquo;un \u00e9tablissement.\u00a0<\/p>\n<p>La demande doit obligatoirement \u00eatre accompagn\u00e9e de l&rsquo;autorisation \u00e9crite du dipl\u00f4m\u00e9s ou de la dipl\u00f4m\u00e9e.<\/p>\n<blockquote>\n<p><strong>Contacter la cellule des dipl\u00f4mes de doctorat et HDR pour demander une authentification.<\/strong><\/p>\n<\/blockquote>\n<p><strong>Devront \u00eatre joints \u00e0 la demande :<\/strong><\/p>\n<ul>\n<li>Une attestation de consentement de la part du dipl\u00f4m\u00e9 ou de la dipl\u00f4m\u00e9e :\u00a0<a href=\"https:\/\/wordpress-test.app.u-pariscite.fr\/doctorat\/wp-content\/uploads\/sites\/10\/2022\/10\/Formulaire_consentement_verification_dipl\u00f4me_CED.pdf\" target=\"_blank\" rel=\"noopener noreferrer\">Mod\u00e8le de formulaire de consentement<\/a> ;<\/li>\n<li>Une copie d&rsquo;une pi\u00e8ce d&rsquo;identit\u00e9 du dipl\u00f4m\u00e9 ou de la dipl\u00f4m\u00e9e en cours de validit\u00e9 ;<\/li>\n<li>Une copie de l&rsquo;attestation de r\u00e9ussite ou du dipl\u00f4me (facultatif).<\/li>\n<\/ul>\n<p>[\/et_pb_toggle][et_pb_toggle admin_label=\u00a0\u00bbTraduction de dipl\u00f4me\u00a0\u00bb title=\u00a0\u00bbTraduction de dipl\u00f4me\u00a0\u00bb _builder_version=\u00a0\u00bb3.22.1&Prime; z_index_tablet=\u00a0\u00bb500&Prime;]<\/p>\n<p>Universit\u00e9 Paris Cit\u00e9 n\u2019effectue pas de traduction de dipl\u00f4mes.<\/p>\n<p>Les traductions doivent \u00eatre effectu\u00e9es par un traducteur asserment\u00e9 agr\u00e9\u00e9 dont vous trouverez la liste \u00e0 cette adresse : <a href=\"https:\/\/www.service-public.fr\/particuliers\/vosdroits\/F12956\" target=\"_blank\" rel=\"noopener noreferrer\">https:\/\/www.service-public.fr\/particuliers\/vosdroits\/F12956<\/a><\/p>\n<p>[\/et_pb_toggle][et_pb_divider show_divider=\u00a0\u00bboff\u00a0\u00bb _builder_version=\u00a0\u00bb3.22.1&Prime; z_index_tablet=\u00a0\u00bb500&Prime;]<\/p>\n<p>[\/et_pb_divider][\/et_pb_column][et_pb_column type=\u00a0\u00bb1_4&Prime;][et_pb_text admin_label=\u00a0\u00bbContact\u00a0\u00bb _builder_version=\u00a0\u00bb3.22.1&Prime; z_index_tablet=\u00a0\u00bb500&Prime;]<\/p>\n<p><strong>La cellule des dipl\u00f4mes de doctorat et HDR<\/strong><\/p>\n<p>Universit\u00e9 Paris Cit\u00e9<br \/>DRIVE &#8211; P\u00f4le CED<br \/>Cellule des dipl\u00f4mes de doctorat &amp; HDR, case courrier 7130<br \/>5 rue Thomas Mann<br \/>75205 Paris Cedex 13<br \/>Campus Grands Moulins &#8211; Aile A &#8211; 1er \u00e9tage &#8211; Bureau 115 A<\/p>\n<p>Le retrait des dipl\u00f4mes de doctorat et d\u2019HDR se fait <strong>sur rendez-vous.<br \/><\/strong>Du lundi au jeudi de 8h30 \u00e0 12h30 et de 13h30 \u00e0 16h15.<\/p>\n<p><a href=\"mailto:editiondiplome.doctorat.hdr@wordpress-test.app.u-pariscite.fr\" target=\"_blank\" rel=\"noopener noreferrer\">editiondiplome.doctorat.hdr@wordpress-test.app.u-pariscite.fr<\/a><\/p>\n<p>&nbsp;<\/p>\n<p>[\/et_pb_text][\/et_pb_column][\/et_pb_row][\/et_pb_section][et_pb_section bb_built=\u00a0\u00bb1&Prime; _builder_version=\u00a0\u00bb3.22&Prime; custom_padding=\u00a0\u00bb0px||0px|\u00a0\u00bb prev_background_color=\u00a0\u00bb#000000&Prime;][et_pb_row _builder_version=\u00a0\u00bb3.22&Prime;][et_pb_column type=\u00a0\u00bb4_4&Prime;][et_pb_text admin_label=\u00a0\u00bbArticles similaires\u00a0\u00bb _builder_version=\u00a0\u00bb3.16.1&Prime;]<\/p>\n<h2><span class=\"st\">\u00c0<\/span> lire aussi<\/h2>\n<p>[\/et_pb_text][et_pb_blog posts_number=\u00a0\u00bb4&Prime; include_categories=\u00a0\u00bb1&Prime; show_author=\u00a0\u00bboff\u00a0\u00bb show_date=\u00a0\u00bboff\u00a0\u00bb show_pagination=\u00a0\u00bboff\u00a0\u00bb module_id=\u00a0\u00bbpage_type_blog\u00a0\u00bb _builder_version=\u00a0\u00bb3.22.1&Prime; header_level=\u00a0\u00bbh4&Prime; border_width_bottom_fullwidth=\u00a0\u00bb1px\u00a0\u00bb border_color_bottom_fullwidth=\u00a0\u00bbrgba(51,51,51,0.18)\u00a0\u00bb custom_padding=\u00a0\u00bb||50px|\u00a0\u00bb z_index_tablet=\u00a0\u00bb500&Prime;]<\/p>\n<p>[\/et_pb_blog][\/et_pb_column][\/et_pb_row][\/et_pb_section]<\/p>\n","protected":false},"excerpt":{"rendered":"<p>Proc\u00e9dure de d\u00e9livrance des dipl\u00f4mes de doctorat d&rsquo;Universit\u00e9 Paris Cit\u00e9 Les dipl\u00f4mes d&rsquo;\u00e9tat de Docteur en m\u00e9decine ou pharmacie ne sont pas concern\u00e9s par cette proc\u00e9dure, veuillez contacter l&rsquo;UFR concern\u00e9e. \u00a9 Tous droits r\u00e9serv\u00e9s L&rsquo;\u00e9laboration et la d\u00e9livrance du dipl\u00f4me national de doctorat est r\u00e9gie la circulaire du 7 mai 2023. Le nom d&rsquo;Universit\u00e9 Paris&hellip; <a class=\"continue\" href=\"https:\/\/wordpress-test.app.u-pariscite.fr\/doctorat\/retirer-son-diplome\/\">Lire la suite<span> Dipl\u00f4me de doctorat<\/span><\/a><\/p>\n","protected":false},"author":35,"featured_media":0,"parent":0,"menu_order":0,"comment_status":"closed","ping_status":"closed","template":"","meta":{"_et_pb_use_builder":"on","_et_pb_old_content":"","_et_gb_content_width":"","footnotes":""},"class_list":["post-9618","page","type-page","status-publish","hentry"],"_links":{"self":[{"href":"https:\/\/wordpress-test.app.u-pariscite.fr\/doctorat\/wp-json\/wp\/v2\/pages\/9618","targetHints":{"allow":["GET"]}}],"collection":[{"href":"https:\/\/wordpress-test.app.u-pariscite.fr\/doctorat\/wp-json\/wp\/v2\/pages"}],"about":[{"href":"https:\/\/wordpress-test.app.u-pariscite.fr\/doctorat\/wp-json\/wp\/v2\/types\/page"}],"author":[{"embeddable":true,"href":"https:\/\/wordpress-test.app.u-pariscite.fr\/doctorat\/wp-json\/wp\/v2\/users\/35"}],"replies":[{"embeddable":true,"href":"https:\/\/wordpress-test.app.u-pariscite.fr\/doctorat\/wp-json\/wp\/v2\/comments?post=9618"}],"version-history":[{"count":59,"href":"https:\/\/wordpress-test.app.u-pariscite.fr\/doctorat\/wp-json\/wp\/v2\/pages\/9618\/revisions"}],"predecessor-version":[{"id":14436,"href":"https:\/\/wordpress-test.app.u-pariscite.fr\/doctorat\/wp-json\/wp\/v2\/pages\/9618\/revisions\/14436"}],"wp:attachment":[{"href":"https:\/\/wordpress-test.app.u-pariscite.fr\/doctorat\/wp-json\/wp\/v2\/media?parent=9618"}],"curies":[{"name":"wp","href":"https:\/\/api.w.org\/{rel}","templated":true}]}}