{"id":9607,"date":"2021-07-02T16:51:48","date_gmt":"2021-07-02T14:51:48","guid":{"rendered":"https:\/\/wordpress-test.app.u-pariscite.fr\/doctorat\/?page_id=9607"},"modified":"2024-11-07T13:51:14","modified_gmt":"2024-11-07T12:51:14","slug":"inscription-en-vae","status":"publish","type":"page","link":"https:\/\/wordpress-test.app.u-pariscite.fr\/doctorat\/inscription-en-vae\/","title":{"rendered":"La VAE en doctorat"},"content":{"rendered":"<p>[et_pb_section fb_built=\u00a0\u00bb1&Prime; _builder_version=\u00a0\u00bb3.22&Prime;][et_pb_row _builder_version=\u00a0\u00bb3.22&Prime;][et_pb_column type=\u00a0\u00bb4_4&Prime; _builder_version=\u00a0\u00bb3.0.47&Prime;][et_pb_post_title meta=\u00a0\u00bboff\u00a0\u00bb featured_image=\u00a0\u00bboff\u00a0\u00bb admin_label=\u00a0\u00bbTitre de la page\u00a0\u00bb _builder_version=\u00a0\u00bb3.22.1&Prime;][\/et_pb_post_title][\/et_pb_column][\/et_pb_row][et_pb_row _builder_version=\u00a0\u00bb3.22&Prime; background_size=\u00a0\u00bbinitial\u00a0\u00bb background_position=\u00a0\u00bbtop_left\u00a0\u00bb background_repeat=\u00a0\u00bbrepeat\u00a0\u00bb][et_pb_column type=\u00a0\u00bb3_4&Prime; _builder_version=\u00a0\u00bb3.0.47&Prime;][et_pb_text admin_label=\u00a0\u00bbintro\u00a0\u00bb module_id=\u00a0\u00bbintro\u00a0\u00bb _builder_version=\u00a0\u00bb3.22.1&Prime; z_index_tablet=\u00a0\u00bb500&Prime;]<\/p>\n<p>La validation des acquis de l\u2019exp\u00e9rience (VAE) permet d\u2019obtenir, en totalit\u00e9 ou en partie, un dipl\u00f4me inscrit au <a href=\"https:\/\/www.francecompetences.fr\/\" target=\"_blank\" rel=\"noopener noreferrer\">r\u00e9pertoire national des certifications professionnelles (RNCP)<\/a>.<\/p>\n<p><strong>Qui peut pr\u00e9tendre \u00e0 la validation des acquis de l\u2019exp\u00e9rience (VAE) ?<\/strong><br \/>Toute personne, quel que soit son \u00e2ge, sa nationalit\u00e9, son statut et son niveau de formation, qui justifie au moins d\u2019un an d\u2019exp\u00e9rience professionnelle en rapport direct avec la certification vis\u00e9e.<\/p>\n<p>[\/et_pb_text][\/et_pb_column][et_pb_column type=\u00a0\u00bb1_4&Prime; _builder_version=\u00a0\u00bb3.0.47&Prime;][\/et_pb_column][\/et_pb_row][et_pb_row module_id=\u00a0\u00bbimage-page-type\u00a0\u00bb _builder_version=\u00a0\u00bb3.22&Prime;][et_pb_column type=\u00a0\u00bb3_4&Prime; _builder_version=\u00a0\u00bb3.0.47&Prime;][et_pb_image src=\u00a0\u00bbhttps:\/\/wordpress-test.app.u-pariscite.fr\/doctorat\/wp-content\/uploads\/sites\/10\/2023\/02\/Capture-min.png\u00a0\u00bb admin_label=\u00a0\u00bbImage 1920 x 1080&Prime; module_id=\u00a0\u00bbimage-page\u00a0\u00bb _builder_version=\u00a0\u00bb3.22.1&Prime; z_index_tablet=\u00a0\u00bb500&Prime;][\/et_pb_image][\/et_pb_column][et_pb_column type=\u00a0\u00bb1_4&Prime; _builder_version=\u00a0\u00bb3.0.47&Prime;][\/et_pb_column][\/et_pb_row][et_pb_row _builder_version=\u00a0\u00bb3.22&Prime; background_size=\u00a0\u00bbinitial\u00a0\u00bb background_position=\u00a0\u00bbtop_left\u00a0\u00bb background_repeat=\u00a0\u00bbrepeat\u00a0\u00bb][et_pb_column type=\u00a0\u00bb4_4&Prime; _builder_version=\u00a0\u00bb3.0.47&Prime;][et_pb_text admin_label=\u00a0\u00bbcopyright\u00a0\u00bb module_id=\u00a0\u00bblegende\u00a0\u00bb _builder_version=\u00a0\u00bb3.22.1&Prime; z_index_tablet=\u00a0\u00bb500&Prime;]<\/p>\n<div class=\"page\" title=\"Page 1\">\n<div class=\"layoutArea\">\n<div class=\"column\">\n<p>\u00a9 Tous droits r\u00e9serv\u00e9s<\/p>\n<\/div>\n<\/div>\n<\/div>\n<p>[\/et_pb_text][\/et_pb_column][\/et_pb_row][et_pb_row _builder_version=\u00a0\u00bb3.22&Prime; background_size=\u00a0\u00bbinitial\u00a0\u00bb background_position=\u00a0\u00bbtop_left\u00a0\u00bb background_repeat=\u00a0\u00bbrepeat\u00a0\u00bb][et_pb_column type=\u00a0\u00bb3_4&Prime; _builder_version=\u00a0\u00bb3.0.47&Prime;][et_pb_text module_id=\u00a0\u00bbcontenu\u00a0\u00bb _builder_version=\u00a0\u00bb3.22.1&Prime; z_index_tablet=\u00a0\u00bb500&Prime;]<\/p>\n<p><strong>Que propose Universit\u00e9 Paris Cit\u00e9 pour vous aider dans votre d\u00e9marche de VAE ?<\/strong><\/p>\n<ul>\n<li>Un accompagnement individualis\u00e9 dans la construction et la mise en \u0153uvre de votre projet<\/li>\n<li>Des conseillers \u00e0 votre service<\/li>\n<\/ul>\n<p>Vous souhaitez d\u00e9poser un dossier pour une VAE doctorale? D\u00e9couvrez la proc\u00e9dure ci-dessous.<\/p>\n<p>[\/et_pb_text][et_pb_toggle title=\u00a0\u00bbD\u00e9marche de candidature en VAE doctorale\u00a0\u00bb admin_label=\u00a0\u00bbCandidature VAE\u00a0\u00bb _builder_version=\u00a0\u00bb3.22.1&Prime; z_index_tablet=\u00a0\u00bb500&Prime;]<\/p>\n<p><strong>La VAE<\/strong> se d\u00e9roule en 3 \u00e9tapes<\/p>\n<p><strong>1. D\u00e9finition du projet<\/strong><\/p>\n<p>Dans un premier temps, le candidat doit prendre connaissance de l\u2019offre de formation propos\u00e9e par Universit\u00e9 Paris Cit\u00e9 en lien avec son projet (cf.<a href=\"https:\/\/wordpress-test.app.u-pariscite.fr\/doctorat\/les-ecoles-doctorales\/\"> liste des \u00e9coles doctorales<\/a> affili\u00e9es \u00e0 Universit\u00e9 Paris Cit\u00e9) <br \/>Des r\u00e9unions d\u2019information sont \u00e9galement propos\u00e9es avant chaque session de candidatures. Voir onglet ci-dessous \u00ab r\u00e9union d\u2019information \u00bb.<\/p>\n<p><strong>2. D\u00e9p\u00f4t du dossier de recevabilit\u00e9<\/strong><br \/>Pour le doctorat, la demande de validation des acquis de l\u2019exp\u00e9rience (VAE) doit \u00eatre adress\u00e9e par mail en <strong>D\u00c9CEMBRE<\/strong> au d\u00e9partement Valorisation des acquis d\u2019Universit\u00e9 Paris Cit\u00e9, \u00e0 <a href=\"mailto:vae@wordpress-test.app.u-pariscite.fr\" target=\"_blank\" rel=\"noopener noreferrer\">vae@wordpress-test.app.u-pariscite.fr<\/a><\/p>\n<p>Consultez le <strong>guide recevabilit\u00e9 VAE doctorale<a href=\"https:\/\/formationcontinue.wordpress-test.app.u-pariscite.fr\/wp-content\/uploads\/sites\/6\/2022\/04\/GUIDE_RECEV_VAE-DOCT-UPC-candidat-2022-23.docx\" target=\"_blank\" rel=\"noopener noreferrer\"> ici<\/a><\/strong><\/p>\n<p><strong>Les documents \u00e0 joindre \u00e0 votre demande sont les suivants :<\/strong><\/p>\n<ul>\n<li>la <a href=\"https:\/\/formationcontinue.wordpress-test.app.u-pariscite.fr\/wp-content\/uploads\/sites\/6\/2022\/04\/CANDIDAT_Fiche-de-renseignements-_VAE-doctorale-2022-23.xlsx\" target=\"_blank\" rel=\"noopener noreferrer\"><strong>fiche de renseignement VAE doctorale ;<\/strong><\/a><\/li>\n<li>le<strong> formulaire CERFA<\/strong> de demande de recevabilit\u00e9 VAE (cf ci-dessus) ;<\/li>\n<li><strong>CV<\/strong> d\u00e9taill\u00e9 ;<\/li>\n<li><strong>lettre d\u2019appui du r\u00e9f\u00e9rent scientifique<\/strong>, que vous avez contact\u00e9 en amont et qui a accept\u00e9 de superviser votre projet de th\u00e8se dans le cadre de la VAE doctorale ;<\/li>\n<li>liste exhaustive et hi\u00e9rarchis\u00e9e des <strong>publications<\/strong> en tant que premier, second ou co-auteur ;<\/li>\n<li><strong>rapport d\u2019activit\u00e9 de recherche et de productions scientifiques et techniques<\/strong> (environ 5 pages, pr\u00e9cisant en particulier les laboratoires dans lesquels ils ont travaill\u00e9, le nom de leurs superviseurs, leurs r\u00f4les dans les projets dans lesquels ils ont \u00e9t\u00e9 impliqu\u00e9s &#8211; les candidats peuvent, dans ce document, choisir une ou deux publications scientifiques marquantes, pour lesquels leur contribution aurait \u00e9t\u00e9 majeure, pour lesquelles ils contextualisent le travail r\u00e9alis\u00e9, et pr\u00e9cisent leur contribution exacte \u00e0 la publication) ;<\/li>\n<li><strong>pr\u00e9sentation du projet de VAE doctorale<\/strong> qui donne a priori un plan de la mani\u00e8re dont la th\u00e8se va \u00eatre compos\u00e9e, et une id\u00e9e de ses \u00e9tapes de r\u00e9daction ;\u00a0 le cas \u00e9ch\u00e9ant une proposition pour compl\u00e9ter les comp\u00e9tences ou exp\u00e9riences qui n\u2019auraient pas \u00e9t\u00e9 mentionn\u00e9es dans le rapport d\u2019activit\u00e9. Ce projet de VAE doctorale doit \u00e9galement pr\u00e9senter une description de la construction et de l&rsquo;\u00e9volution du parcours de recherche \u00a0du\/de la candidat\u00b7e (analyse des activit\u00e9s, indication des aptitudes de recherche, description des axes et objets de la recherche men\u00e9e).<\/li>\n<\/ul>\n<p><strong>Particularit\u00e9 de recevabilit\u00e9 pour l\u2019ED 474 <a href=\"https:\/\/formationcontinue.wordpress-test.app.u-pariscite.fr\/wp-content\/uploads\/sites\/6\/2022\/04\/Description-proc\u00e9dure-VAE-ED-474_-2022-23.pdf\" target=\"_blank\" rel=\"noopener noreferrer\">ici<\/a><br \/>Particularit\u00e9 de recevabilit\u00e9 pour l&rsquo;ED 262 : <\/strong>En sus du dossier initial, l&rsquo;int\u00e9gralit\u00e9 des 5 publications les plus marquantes du candidat (versions d\u00e9mat\u00e9rialis\u00e9e et papier), Une justification du dipl\u00f4me le plus haut, audition devant le Conseil d&rsquo;ED<strong><br \/><\/strong><\/p>\n<p><strong>3. \u00c9tude de la recevabilit\u00e9<\/strong><br \/>Les documents constituant le dossier de recevabilit\u00e9 seront \u00e9tudi\u00e9s pour v\u00e9rifier le respect des conditions d\u2019\u00e9ligibilit\u00e9 r\u00e9glement\u00e9es :<\/p>\n<ul>\n<li>L\u2019inscription de la certification vis\u00e9e au R\u00e9pertoire National des Certifications Professionnelles (RNCP),<\/li>\n<li>L\u2019ann\u00e9e d\u2019exp\u00e9rience obligatoire du candidat en correspondance avec le contenu du r\u00e9f\u00e9rentiel de la certification. Art.L6412-1 du Code du Travail. Le d\u00e9lai de r\u00e9ponse de l\u2019universit\u00e9 est de deux mois maximum au regard du principe \u201d <a href=\"https:\/\/www.service-public.fr\/particuliers\/vosdroits\/F32388\">silence vaut accord<\/a> \u201c.<br \/>Cette \u00e9tape de recevabilit\u00e9 est officielle et ne permet pas de candidater deux fois dans l\u2019ann\u00e9e civile aupr\u00e8s d\u2019Universit\u00e9 Paris Cit\u00e9 pour le m\u00eame dipl\u00f4me.<\/li>\n<\/ul>\n<p>L&rsquo;\u00e9tude de recevabilit\u00e9 de la VAE doctorale se d\u00e9roule en plusieurs \u00e9tapes:<\/p>\n<ul>\n<li>Le service VAE v\u00e9rifie la conformit\u00e9 des pi\u00e8ces et du dossier d\u00e9pos\u00e9. Attention, toute demande sans lettre d&rsquo;appui du r\u00e9f\u00e9rent scientifique pr\u00e9sum\u00e9 ne pourra \u00eatre trait\u00e9e.<\/li>\n<li>Le dossier est soumis \u00e0 l&rsquo;approbation de l&rsquo;\u00e9cole doctorale de rattachement du r\u00e9f\u00e9rent scientifique. Les modalit\u00e9s d&rsquo;\u00e9valuation sont propres \u00e0 chaque ED (\u00e9tude du dossier, audition&#8230;)<\/li>\n<li>L&rsquo;\u00e9cole doctorale \u00e9met un avis et transmet le dossier au Coll\u00e8ge des \u00c9coles Doctorales (CED) qui ent\u00e9rine le choix de l&rsquo;ED.<\/li>\n<li>Le CED transmet une notification officielle au candidat.\n<p><strong>Trois r\u00e9sultats possibles<\/strong><br \/>La candidature VAE est accept\u00e9e, le candidat proc\u00e8de \u00e0 son inscription administrative. <br \/>Le candidat est invit\u00e9 \u00e0 s&rsquo;inscrire en doctorat \u00ab\u00a0standard\u00a0\u00bb<br \/>La candidature en VAE est refus\u00e9e.<\/p>\n<\/li>\n<\/ul>\n<p>&nbsp;<\/p>\n<p>[\/et_pb_toggle][et_pb_toggle title=\u00a0\u00bbModalit\u00e9s d&rsquo;inscription\u00a0\u00bb admin_label=\u00a0\u00bbModalit\u00e9s d&rsquo;inscription\u00a0\u00bb _builder_version=\u00a0\u00bb3.22.1&Prime; z_index_tablet=\u00a0\u00bb500&Prime;]<\/p>\n<p>Une fois la candidature jug\u00e9e recevable, il faut confirmer ou infirmer son souhait d\u2019entrer dans la d\u00e9marche VAE aupr\u00e8s du service Valorisation des acquis et du p\u00f4le du Coll\u00e8ge des \u00e9coles doctorales par email (voir contacts).<\/p>\n<p>Le candidat re\u00e7oit alors par mail de la part du service VAE :<\/p>\n<ul>\n<li>une notification de recevabilit\u00e9 ;<\/li>\n<li>un devis \u00e0 pr\u00e9senter aux diff\u00e9rents financeurs ;<\/li>\n<li>une attestation de prise en charge \u00e0 retourner au service Valorisation des Acquis pour \u00e9tablir la contractualisation dans le mois qui suit ;<\/li>\n<li>un calendrier d\u2019accompagnement (facultatif).<\/li>\n<\/ul>\n<p>\u00c0 r\u00e9ception de l\u2019attestation de prise en charge remplie, le service Valorisation des acquis communique :<\/p>\n<ul>\n<li>une convention ou un contrat engageant le candidat dans la proc\u00e9dure de VAE ;<\/li>\n<li>les documents n\u00e9cessaires \u00e0 l\u2019inscription administrative aupr\u00e8s du service de scolarit\u00e9 g\u00e9n\u00e9rale d\u2019Universit\u00e9 Paris Cit\u00e9 : l\u2019inscription administrative est valid\u00e9e par le paiement des droits du dipl\u00f4me national.\u00a0<\/li>\n<\/ul>\n<p>La d\u00e9marche VAE peut \u00eatre choisie avec des modalit\u00e9s d&rsquo;accompagnement ou sans (voir grille de tarification).<\/p>\n<p>En cas d&rsquo;avis favorable et de validation de la part du candidat souhaitant s&rsquo;engager dans le process VAE, l&rsquo;inscription administrative finale se d\u00e9roulera \u00e0 partir du mois de juillet.<\/p>\n<p>[\/et_pb_toggle][et_pb_toggle title=\u00a0\u00bbTarification de la VAE et Droits d&rsquo;inscription universitaire\u00a0\u00bb admin_label=\u00a0\u00bbTarification\u00a0\u00bb _builder_version=\u00a0\u00bb3.22.1&Prime; z_index_tablet=\u00a0\u00bb500&Prime;]<\/p>\n<div class=\"et_pb_toggle_content clearfix\">\n<p>Conform\u00e9ment \u00e0 la loi du 5 septembre 2018 pour la libert\u00e9 de choisir son avenir professionnel, l\u2019action de validation des acquis de l\u2019exp\u00e9rience constitue une action concourant au d\u00e9veloppement des comp\u00e9tences, distincte de l\u2019action de formation.<\/p>\n<table width=\"791\">\n<tbody>\n<tr>\n<td colspan=\"2\" width=\"629\">\n<p><strong>TARIFS*<br \/><\/strong>Universit\u00e9 Paris Cit\u00e9 est un \u00e9tablissement non assujetti \u00e0 la TVA<\/p>\n<\/td>\n<\/tr>\n<tr>\n<td colspan=\"2\" width=\"629\">\u00a0<\/td>\n<\/tr>\n<tr>\n<td rowspan=\"2\" width=\"262\">\n<p><strong>RECEVABILIT\u00c9 + JURY<\/strong><\/p>\n<\/td>\n<td width=\"366\">\u00a0<strong>1000 \u20ac<\/strong> TTC (en autofinancement)<\/td>\n<\/tr>\n<tr>\n<td width=\"366\"><strong>\u00a01200 \u20ac<\/strong> TTC (si financement par l\u2019entreprise, un tiers ou mixte)<\/td>\n<\/tr>\n<tr>\n<td colspan=\"2\" width=\"629\">\u00a0<\/td>\n<\/tr>\n<tr>\n<td rowspan=\"2\" width=\"262\">\n<p><strong>RECEVABILIT\u00c9<br \/>+ ACCOMPAGNEMENT<br \/>+ JURY<\/strong><\/p>\n<\/td>\n<td width=\"366\">\u00a0<strong>2000 \u20ac<\/strong> TTC (autofinancement \/ CPF)<br \/>[1000 \u20ac acompte + 1000 \u20ac recevabilit\u00e9 &amp; jury]<\/td>\n<\/tr>\n<tr>\n<td width=\"366\"><strong>\u00a03200 \u20ac<\/strong> TTC (financement entreprise, tiers ou mixte)<br \/>[2000 \u20ac accompagnement + 1200 \u20ac recevabilit\u00e9 &amp; jury]<\/td>\n<\/tr>\n<tr>\n<td colspan=\"2\" width=\"629\">\u00a0<\/td>\n<\/tr>\n<tr>\n<td width=\"262\">\n<p><strong>Tarifs sp\u00e9cifiques ch\u00e9quier VAE<br \/>(demandeurs d\u2019emploi)<\/strong><\/p>\n<\/td>\n<td width=\"366\">\u00a0\u00a0 <strong>800 \u20ac<\/strong> (accompagnement classique)<br \/><strong>\u00a01200 \u20ac<\/strong> (accompagnement renforc\u00e9)<\/td>\n<\/tr>\n<tr>\n<td colspan=\"2\" width=\"629\">\u00a0<\/td>\n<\/tr>\n<tr>\n<td width=\"262\">\n<p><strong>DROITS D\u2019INSCRIPTION UNIVERSITAIRES *<br \/><\/strong><\/p>\n<p><strong>* <\/strong>Montant des droits d\u2019inscription universitaires [ann\u00e9e 2023\/2024].<\/p>\n<p><em>R\u00e9vis\u00e9s chaque ann\u00e9e en juillet par le Minist\u00e8re <br \/>de l\u2019Enseignement Sup\u00e9rieur, <\/em><br \/><em>de la Recherche et de l\u2019Innovation<\/em><\/p>\n<\/td>\n<td width=\"366\">\n<p>380 \u20ac : Doctorat<\/p>\n<p><em>Attention : ce montant s\u2019ajoute obligatoirement aux tarifs indiqu\u00e9es ci-dessus<\/em><\/p>\n<\/td>\n<\/tr>\n<\/tbody>\n<\/table>\n<table width=\"792\">\n<tbody>\n<tr>\n<td width=\"262\">\n<p><strong>Conditions et modalit\u00e9s de r\u00e8glement<\/strong><\/p>\n<\/td>\n<td width=\"366\">\u00a0 \u00a0Voir les <a href=\"https:\/\/formationcontinue.wordpress-test.app.u-pariscite.fr\/wp-content\/uploads\/sites\/6\/2021\/07\/CGV-APPLICABLES-VAE-2021-2022.pdf\" target=\"_blank\" rel=\"noopener noreferrer\">Conditions G\u00e9n\u00e9rales de Vente<\/a> (CGV)<br \/>\u00a0 \u00a0annex\u00e9es au pr\u00e9sent devis<\/td>\n<\/tr>\n<\/tbody>\n<\/table>\n<p><em><br \/>* Nouvelle tarification en vigueur \u00e0 partir de septembre 2021<\/em><\/p>\n<\/div>\n<p>[\/et_pb_toggle][et_pb_toggle title=\u00a0\u00bbR\u00e9unions d&rsquo;information\u00a0\u00bb admin_label=\u00a0\u00bbR\u00e9unions\u00a0\u00bb _builder_version=\u00a0\u00bb3.22.1&Prime; z_index_tablet=\u00a0\u00bb500&Prime;]<\/p>\n<p>Le d\u00e9partement Valorisation des acquis en collaboration avec le p\u00f4le Coll\u00e8ge des \u00e9coles doctorales et HDR propose plusieurs r\u00e9unions d\u2019information par an sur les dispositifs de validation des acquis (VAE et VAPP) afin d\u2019aider les candidats \u00e0 se positionner sur le dispositif appropri\u00e9 et sur le dipl\u00f4me correspondant \u00e0 son projet.<\/p>\n<p><strong>Attention : il est fortement recommand\u00e9 de participer \u00e0 l\u2019une des r\u00e9unions d\u2019information avant de d\u00e9poser un dossier de recevabilit\u00e9 \u00e0 Universit\u00e9 Paris Cit\u00e9*.<\/strong><strong><br \/><\/strong><\/p>\n<h3>Prochaines r\u00e9unions d\u2019information pour une candidature en d\u00e9cembre 2024<\/h3>\n<p>Les r\u00e9unions d\u2019information se d\u00e9rouleront en distanciel.<\/p>\n<p><strong><\/strong><\/p>\n<p><strong>Lundi 23 septembre de 14h \u00e0 16h<\/strong><\/p>\n<p>Inscription obligatoire \u00e0 la r\u00e9union:\u00a0<span style=\"font-size: 16px\"><\/span><\/p>\n<p><a href=\"https:\/\/u-paris.zoom.us\/meeting\/register\/tZEtduGprz0uHtUwfZ0Vq1BeY8diccxLxs9D\" style=\"font-size: 16px\">https:\/\/u-paris.zoom.us\/meeting\/register\/tZEtduGprz0uHtUwfZ0Vq1BeY8diccxLxs9D<\/a><\/p>\n<p><strong><\/strong><\/p>\n<p><strong>Vendredi 8 novembre de 14h \u00e0 16h<\/strong><\/p>\n<p>Inscription obligatoire \u00e0 la r\u00e9union :\u00a0<\/p>\n<p><span style=\"font-size: 16px\"><\/span><a href=\"https:\/\/u-paris.zoom.us\/meeting\/register\/tZAuceygqjsrGNFpjzr5IeUlE8elTOymjzRm\" style=\"font-size: 16px\">https:\/\/u-paris.zoom.us\/meeting\/register\/tZAuceygqjsrGNFpjzr5IeUlE8elTOymjzRm<\/a><\/p>\n<p>&nbsp;<\/p>\n<p>\u00c0 la suite de cette demande, un mail de confirmation de participation vous sera adress\u00e9.<\/p>\n<p>Contact : <a href=\"https:\/\/formationcontinue.wordpress-test.app.u-pariscite.fr\/diplomes-et-certifications\/validation-des-acquis\/validation-des-acquis-de-lexperience-vae\/vae@wordpress-test.app.u-pariscite.fr\" target=\"_blank\" rel=\"noopener noreferrer\">vae@wordpress-test.app.u-pariscite.fr<\/a><\/p>\n<p>[\/et_pb_toggle][et_pb_toggle title=\u00a0\u00bbAccompagnement pendant la VAE\u00a0\u00bb admin_label=\u00a0\u00bbR\u00e9unions\u00a0\u00bb _builder_version=\u00a0\u00bb3.22.1&Prime; z_index_tablet=\u00a0\u00bb500&Prime;]<\/p>\n<p>https:\/\/formationcontinue.wordpress-test.app.u-pariscite.fr\/laccompagnement-a-la-vae-doctorale-tout-un-art\/<\/p>\n<p>[\/et_pb_toggle][et_pb_toggle title=\u00a0\u00bbAm\u00e9nagement particulier pour les personnes \u00e0 mobilit\u00e9 r\u00e9duite\u00a0\u00bb admin_label=\u00a0\u00bbAm\u00e9nagements\u00a0\u00bb _builder_version=\u00a0\u00bb3.22.1&Prime; z_index_tablet=\u00a0\u00bb500&Prime;]<\/p>\n<p>Universit\u00e9 Paris Cit\u00e9 s\u2019engage pour un accueil et un accompagnement personnalis\u00e9 des personnes en situation de handicap, tout au long de leur parcours de formation. <br \/>Le d\u00e9partement Valorisation des acquis vous proposera en fonction de votre situation diff\u00e9rentes modalit\u00e9s d\u2019acc\u00e8s aux \u00e9tapes de la VAE. Celle-ci pourront \u00eatre compl\u00e9t\u00e9es par le service handicap de l\u2019universit\u00e9. <br \/>Vous pouvez prendre connaissances des autres modalit\u00e9s en cliquant : <a href=\"https:\/\/wordpress-test.app.u-pariscite.fr\/etudes-et-handicap\/\" target=\"_blank\" rel=\"noopener noreferrer\">ici<\/a><\/p>\n<p>[\/et_pb_toggle][et_pb_toggle title=\u00a0\u00bbSoutenance de th\u00e8se en VAE\u00a0\u00bb admin_label=\u00a0\u00bbSoutenance\u00a0\u00bb _builder_version=\u00a0\u00bb3.22.1&Prime; z_index_tablet=\u00a0\u00bb500&Prime;]<\/p>\n<p>La soutenance de th\u00e8se en VAE suit la m\u00eame proc\u00e9dure que toutes les soutenances de th\u00e8se de doctorat.<br \/>Vous pouvez prendre connaissance de la <a href=\"https:\/\/wordpress-test.app.u-pariscite.fr\/doctorat\/soutenir-sa-these\/\" target=\"_blank\" rel=\"noopener noreferrer\">proc\u00e9dure de soutenance de th\u00e8se en cliquant ici.<\/a><\/p>\n<p>[\/et_pb_toggle][et_pb_image src=\u00a0\u00bbhttps:\/\/wordpress-test.app.u-pariscite.fr\/doctorat\/wp-content\/uploads\/sites\/10\/2023\/02\/Capture.png\u00a0\u00bb admin_label=\u00a0\u00bbImage 1920 x 1080&Prime; module_id=\u00a0\u00bbimage-page\u00a0\u00bb _builder_version=\u00a0\u00bb3.22.1&Prime; z_index_tablet=\u00a0\u00bb500&Prime;][\/et_pb_image][\/et_pb_column][et_pb_column type=\u00a0\u00bb1_4&Prime; _builder_version=\u00a0\u00bb3.0.47&Prime;][et_pb_text _builder_version=\u00a0\u00bb3.22.1&Prime; z_index_tablet=\u00a0\u00bb500&Prime;]<\/p>\n<div class=\"et_pb_module et_pb_text et_pb_text_4 et_pb_bg_layout_light et_pb_text_align_left\">\n<div class=\"et_pb_text_inner\">\n<h3>Contacts<\/h3>\n<p><strong>DEFI \u2013 P\u00f4le Formation Tout au Long de La Vie (FTLV) \u2013 D\u00e9partement Valorisation des Acquis<\/strong><\/p>\n<p><a href=\"mailto:vae@wordpress-test.app.u-pariscite.fr\">vae@wordpress-test.app.u-pariscite.fr<\/a><br \/><a href=\"mailto:vapp@wordpress-test.app.u-pariscite.fr\">vapp@wordpress-test.app.u-pariscite.fr<\/a><\/p>\n<p><strong>P\u00f4le Coll\u00e8ge des \u00e9coles doctorales et HDR \u2013 D\u00e9partement Gestion administrative des doctorants<\/strong><\/p>\n<p><a href=\"mailto:reseau.doctorat.drive@wordpress-test.app.u-pariscite.fr\">reseau.doctorat.drive@wordpress-test.app.u-pariscite.fr<\/a><\/p>\n<\/div>\n<\/div>\n<h3>Prochaines r\u00e9unions d&rsquo;information<\/h3>\n<p><strong>Lundi 23 septembre 2024 de 14h \u00e0 16h &#8211; <a href=\"https:\/\/u-paris.zoom.us\/meeting\/register\/tZEtduGprz0uHtUwfZ0Vq1BeY8diccxLxs9D\" target=\"_blank\" rel=\"noopener noreferrer\">Inscription \u00e0 la r\u00e9union Zoom<\/a><\/strong><\/p>\n<p>[\/et_pb_text][\/et_pb_column][\/et_pb_row][\/et_pb_section][et_pb_section fb_built=\u00a0\u00bb1&Prime; _builder_version=\u00a0\u00bb3.22&Prime;][et_pb_row _builder_version=\u00a0\u00bb3.22&Prime; background_size=\u00a0\u00bbinitial\u00a0\u00bb background_position=\u00a0\u00bbtop_left\u00a0\u00bb background_repeat=\u00a0\u00bbrepeat\u00a0\u00bb][et_pb_column type=\u00a0\u00bb4_4&Prime; _builder_version=\u00a0\u00bb3.0.47&Prime;][et_pb_text admin_label=\u00a0\u00bbTitre\u00a0\u00bb _builder_version=\u00a0\u00bb3.22.1&Prime; z_index_tablet=\u00a0\u00bb500&Prime;]<\/p>\n<h3>Ils t\u00e9moignent&#8230;<\/h3>\n<p>[\/et_pb_text][et_pb_text _builder_version=\u00a0\u00bb3.22.1&Prime; z_index_tablet=\u00a0\u00bb500&Prime;]<\/p>\n<p><strong>Lionel Roug\u00e9, premier doctorant par VAE d\u2019Universit\u00e9 Paris Cit\u00e9.<\/strong><br \/>Avec plus de 13 ans d\u2019exp\u00e9rience dans la recherche scientifique en biologie structurale, Lionel Roug\u00e9 est le premier doctorant par VAE (Validation des Acquis de l\u2019Exp\u00e9rience) d\u2019Universit\u00e9 Paris Cit\u00e9. <a href=\"https:\/\/wordpress-test.app.u-pariscite.fr\/lionel-rouge-premier-diplome-de-doctorat-duniversite-de-paris-par-vae\/\">Lire la suite &gt;<\/a><\/p>\n<p>&nbsp;<\/p>\n<p><strong>Carino Gurjao, class\u00e9 par le magazine Forbes<\/strong> <br \/>En d\u00e9but 2022, Carino Gurjao figure parmi les 30 personnalit\u00e9s de moins de 30 ans au parcours le plus remarquable en m\u00e9decine dans le prestigieux magazine. Il nous raconte les raisons de son succ\u00e8s. <a href=\"https:\/\/wordpress-test.app.u-pariscite.fr\/carino-gurjao-un-docteur-au-top\/\">Lire la suite &gt;<\/a><\/p>\n<p>&nbsp;<\/p>\n<p>[\/et_pb_text][\/et_pb_column][\/et_pb_row][\/et_pb_section][et_pb_section fb_built=\u00a0\u00bb1&Prime; _builder_version=\u00a0\u00bb3.22&Prime; custom_padding=\u00a0\u00bb0px||0px|\u00a0\u00bb][et_pb_row _builder_version=\u00a0\u00bb3.22&Prime;][et_pb_column type=\u00a0\u00bb4_4&Prime; _builder_version=\u00a0\u00bb3.0.47&Prime;][et_pb_text admin_label=\u00a0\u00bbArticles similaires\u00a0\u00bb _builder_version=\u00a0\u00bb3.16.1&Prime;]<\/p>\n<h2><span class=\"st\">\u00c0<\/span> lire aussi<\/h2>\n<p>[\/et_pb_text][et_pb_blog posts_number=\u00a0\u00bb4&Prime; include_categories=\u00a0\u00bb1&Prime; show_author=\u00a0\u00bboff\u00a0\u00bb show_date=\u00a0\u00bboff\u00a0\u00bb show_pagination=\u00a0\u00bboff\u00a0\u00bb module_id=\u00a0\u00bbpage_type_blog\u00a0\u00bb _builder_version=\u00a0\u00bb3.22.1&Prime; header_level=\u00a0\u00bbh4&Prime; border_width_bottom_fullwidth=\u00a0\u00bb1px\u00a0\u00bb border_color_bottom_fullwidth=\u00a0\u00bbrgba(51,51,51,0.18)\u00a0\u00bb custom_padding=\u00a0\u00bb||50px|\u00a0\u00bb z_index_tablet=\u00a0\u00bb500&Prime;][\/et_pb_blog][\/et_pb_column][\/et_pb_row][\/et_pb_section]<\/p>\n","protected":false},"excerpt":{"rendered":"<p>La validation des acquis de l\u2019exp\u00e9rience (VAE) permet d\u2019obtenir, en totalit\u00e9 ou en partie, un dipl\u00f4me inscrit au r\u00e9pertoire national des certifications professionnelles (RNCP). Qui peut pr\u00e9tendre \u00e0 la validation des acquis de l\u2019exp\u00e9rience (VAE) ?Toute personne, quel que soit son \u00e2ge, sa nationalit\u00e9, son statut et son niveau de formation, qui justifie au moins&hellip; <a class=\"continue\" href=\"https:\/\/wordpress-test.app.u-pariscite.fr\/doctorat\/inscription-en-vae\/\">Lire la suite<span> La VAE en doctorat<\/span><\/a><\/p>\n","protected":false},"author":35,"featured_media":12760,"parent":0,"menu_order":0,"comment_status":"closed","ping_status":"closed","template":"","meta":{"_et_pb_use_builder":"on","_et_pb_old_content":"","_et_gb_content_width":"","footnotes":""},"class_list":["post-9607","page","type-page","status-publish","has-post-thumbnail","hentry"],"_links":{"self":[{"href":"https:\/\/wordpress-test.app.u-pariscite.fr\/doctorat\/wp-json\/wp\/v2\/pages\/9607","targetHints":{"allow":["GET"]}}],"collection":[{"href":"https:\/\/wordpress-test.app.u-pariscite.fr\/doctorat\/wp-json\/wp\/v2\/pages"}],"about":[{"href":"https:\/\/wordpress-test.app.u-pariscite.fr\/doctorat\/wp-json\/wp\/v2\/types\/page"}],"author":[{"embeddable":true,"href":"https:\/\/wordpress-test.app.u-pariscite.fr\/doctorat\/wp-json\/wp\/v2\/users\/35"}],"replies":[{"embeddable":true,"href":"https:\/\/wordpress-test.app.u-pariscite.fr\/doctorat\/wp-json\/wp\/v2\/comments?post=9607"}],"version-history":[{"count":28,"href":"https:\/\/wordpress-test.app.u-pariscite.fr\/doctorat\/wp-json\/wp\/v2\/pages\/9607\/revisions"}],"predecessor-version":[{"id":15292,"href":"https:\/\/wordpress-test.app.u-pariscite.fr\/doctorat\/wp-json\/wp\/v2\/pages\/9607\/revisions\/15292"}],"wp:featuredmedia":[{"embeddable":true,"href":"https:\/\/wordpress-test.app.u-pariscite.fr\/doctorat\/wp-json\/wp\/v2\/media\/12760"}],"wp:attachment":[{"href":"https:\/\/wordpress-test.app.u-pariscite.fr\/doctorat\/wp-json\/wp\/v2\/media?parent=9607"}],"curies":[{"name":"wp","href":"https:\/\/api.w.org\/{rel}","templated":true}]}}