{"id":9411,"date":"2021-06-15T15:29:28","date_gmt":"2021-06-15T13:29:28","guid":{"rendered":"https:\/\/wordpress-test.app.u-pariscite.fr\/doctorat\/?page_id=9411"},"modified":"2024-07-10T11:26:37","modified_gmt":"2024-07-10T09:26:37","slug":"autorisation-a-diriger-une-these","status":"publish","type":"page","link":"https:\/\/wordpress-test.app.u-pariscite.fr\/doctorat\/autorisation-a-diriger-une-these\/","title":{"rendered":"Autorisation \u00e0 diriger une th\u00e8se (ADT)"},"content":{"rendered":"<p>[et_pb_section fb_built=\u00a0\u00bb1&Prime; _builder_version=\u00a0\u00bb3.22.1&Prime;][et_pb_row _builder_version=\u00a0\u00bb3.22&Prime;][et_pb_column type=\u00a0\u00bb4_4&Prime; _builder_version=\u00a0\u00bb3.0.47&Prime;][et_pb_post_title meta=\u00a0\u00bboff\u00a0\u00bb featured_image=\u00a0\u00bboff\u00a0\u00bb admin_label=\u00a0\u00bbTitre de la page\u00a0\u00bb _builder_version=\u00a0\u00bb3.22.1&Prime; z_index_tablet=\u00a0\u00bb500&Prime;][\/et_pb_post_title][\/et_pb_column][\/et_pb_row][et_pb_row _builder_version=\u00a0\u00bb3.22&Prime; background_size=\u00a0\u00bbinitial\u00a0\u00bb background_position=\u00a0\u00bbtop_left\u00a0\u00bb background_repeat=\u00a0\u00bbrepeat\u00a0\u00bb][et_pb_column type=\u00a0\u00bb4_4&Prime; _builder_version=\u00a0\u00bb3.0.47&Prime;][et_pb_text admin_label=\u00a0\u00bbintro\u00a0\u00bb module_id=\u00a0\u00bbintro\u00a0\u00bb _builder_version=\u00a0\u00bb3.22.1&Prime; z_index_tablet=\u00a0\u00bb500&Prime;]<\/p>\n<p><strong>Proc\u00e9dure pour diriger la th\u00e8se d&rsquo;un doctorant ou d&rsquo;une doctorante sans HDR \u00e0 Universit\u00e9 Paris Cit\u00e9<\/strong><\/p>\n<p>&nbsp;<\/p>\n<p>[\/et_pb_text][et_pb_divider show_divider=\u00a0\u00bboff\u00a0\u00bb _builder_version=\u00a0\u00bb3.22.1&Prime; z_index_tablet=\u00a0\u00bb500&Prime; custom_margin=\u00a0\u00bb-79px|||||\u00a0\u00bb][\/et_pb_divider][\/et_pb_column][\/et_pb_row][\/et_pb_section][et_pb_section fb_built=\u00a0\u00bb1&Prime; _builder_version=\u00a0\u00bb3.22&Prime;][et_pb_row _builder_version=\u00a0\u00bb3.22&Prime; background_size=\u00a0\u00bbinitial\u00a0\u00bb background_position=\u00a0\u00bbtop_left\u00a0\u00bb background_repeat=\u00a0\u00bbrepeat\u00a0\u00bb][et_pb_column type=\u00a0\u00bb4_4&Prime; _builder_version=\u00a0\u00bb3.0.47&Prime;][et_pb_divider _builder_version=\u00a0\u00bb3.22.1&Prime; z_index_tablet=\u00a0\u00bb500&Prime;][\/et_pb_divider][et_pb_text admin_label=\u00a0\u00bbInformations importantes\u00a0\u00bb _builder_version=\u00a0\u00bb3.22.1&Prime; z_index_tablet=\u00a0\u00bb500&Prime;]<\/p>\n<h3>L&rsquo;AUTORISATION <span class=\"ILfuVd\" lang=\"fr\"><span class=\"hgKElc\">\u00c0<\/span><\/span> DIRIGER UNE TH\u00c8SE<\/h3>\n<p>[\/et_pb_text][et_pb_text admin_label=\u00a0\u00bbTexte pr\u00e9sentation ADT\u00a0\u00bb _builder_version=\u00a0\u00bb3.22.1&Prime; custom_padding=\u00a0\u00bb||0px|||\u00a0\u00bb z_index_tablet=\u00a0\u00bb500&Prime;]<\/p>\n<h4>Pr\u00e9requis pour diriger une th\u00e8se<\/h4>\n<p>Le directeur ou directrice de th\u00e8se doit \u00eatre titulaire d\u2019une habilitation \u00e0 diriger des recherches (HDR) pour diriger la th\u00e8se d\u2019un doctorant ou d\u2019une doctorante, conform\u00e9ment \u00e0 l\u2019arr\u00eat\u00e9 fixant le cadre national de la formation et les modalit\u00e9s conduisant \u00e0 la d\u00e9livrance du dipl\u00f4me national de doctorat.<\/p>\n<h4>Si vous n&rsquo;avez pas d&rsquo;HDR<\/h4>\n<p>Les personnels titulaires d&rsquo;un doctorat peuvent, \u00e0 titre d\u00e9rogatoire, diriger la th\u00e8se d&rsquo;une doctorante ou un doctorant en raison de leur comp\u00e9tence scientifique.<\/p>\n<p>Les personnels titulaires d\u2019un doctorat peuvent, \u00e0 titre d\u00e9rogatoire, diriger la th\u00e8se d\u2019une doctorante ou un doctorant en raison de leur comp\u00e9tence scientifique.<\/p>\n<p>Pour cela, ils doivent obtenir une autorisation \u00e0 diriger une th\u00e8se (ADT) d\u2019Universit\u00e9 Paris Cit\u00e9.<\/p>\n<p>L\u2019ADT permet de pouvoir b\u00e9n\u00e9ficier d\u2019une premi\u00e8re exp\u00e9rience de directeur ou directrice de th\u00e8se en amont de l\u2019obtention de l\u2019HDR.<\/p>\n<h4>Informations importantes avant d&rsquo;entamer la proc\u00e9dure<\/h4>\n<p>L\u2019ADT est accord\u00e9e pour un doctorant ou une doctorante et pour un seul projet de recherche doctoral.<\/p>\n<p>Une seule ADT pourra \u00eatre accord\u00e9e par candidat.<\/p>\n<p>L\u2019ADT ne se substitue pas \u00e0 l\u2019HDR et ne vaut que pour une seule direction de th\u00e8se.<\/p>\n<p>Les commissions d\u2019instruction \u00e9valueront attentivement l\u2019ad\u00e9quation du projet doctoral et le profil scientifique du candidat ou candidate \u00e0 l\u2019ADT.<\/p>\n<p>En fonction de votre \u00e9cole doctorale de rattachement et de votre unit\u00e9 de recherche, la demande d\u2019ADT sera trait\u00e9e par la commission recherche de la facult\u00e9 concern\u00e9e.<\/p>\n<p>Les demandes d\u2019ADT doivent \u00eatre faites\u00a0<strong>pour la premi\u00e8re ann\u00e9e<\/strong>\u00a0de th\u00e8se du doctorant ou de la doctorante.<\/p>\n<p>Les demandes d\u2019ADT pour \u00eatre codirecteur ou codirectrice de th\u00e8se, avec un\u00b7e directeur\u00b7rice titulaire de l\u2019HDR ne sont en r\u00e8gle g\u00e9n\u00e9rale pas accept\u00e9es\u00a0: dans ce cas, un co-encadrement officiel doit \u00eatre envisag\u00e9. Celui-ci sera modifi\u00e9 en co-direction si l\u2019HDR est soutenue au cours de la th\u00e8se.<\/p>\n<p>[\/et_pb_text][et_pb_divider show_divider=\u00a0\u00bboff\u00a0\u00bb _builder_version=\u00a0\u00bb3.22.1&Prime; z_index_tablet=\u00a0\u00bb500&Prime;][\/et_pb_divider][et_pb_divider _builder_version=\u00a0\u00bb3.22.1&Prime; z_index_tablet=\u00a0\u00bb500&Prime;][\/et_pb_divider][\/et_pb_column][\/et_pb_row][\/et_pb_section][et_pb_section fb_built=\u00a0\u00bb1&Prime; _builder_version=\u00a0\u00bb3.22&Prime;][et_pb_row _builder_version=\u00a0\u00bb3.22&Prime; background_size=\u00a0\u00bbinitial\u00a0\u00bb background_position=\u00a0\u00bbtop_left\u00a0\u00bb background_repeat=\u00a0\u00bbrepeat\u00a0\u00bb][et_pb_column type=\u00a0\u00bb3_4&Prime; _builder_version=\u00a0\u00bb3.0.47&Prime;][et_pb_text admin_label=\u00a0\u00bbProc\u00e9dure de d\u00e9p\u00f4t TITRE\u00a0\u00bb _builder_version=\u00a0\u00bb3.22.1&Prime; z_index_tablet=\u00a0\u00bb500&Prime;]<\/p>\n<h3>LES <span class=\"ILfuVd\" lang=\"fr\"><span class=\"hgKElc\">\u00c9<\/span><\/span>TAPES<\/h3>\n<p>[\/et_pb_text][et_pb_text admin_label=\u00a0\u00bb1. Constituez votre dossier de demande d&rsquo;ADT  \u00a0\u00bb _builder_version=\u00a0\u00bb3.22.1&Prime; z_index_tablet=\u00a0\u00bb500&Prime;]<\/p>\n<ol>\n<li><strong><\/strong>Si vous souhaitez diriger la th\u00e8se d\u2019un doctorant ou d\u2019une doctorante sans d\u00e9tenir une HDR, vous devez constituer votre dossier d\u2019ADT<\/li>\n<li><strong><\/strong>Envoyez votre dossier complet \u00e0 l\u2019\u00e9cole doctorale concern\u00e9e<\/li>\n<li><strong><\/strong>L\u2019ED \u00e9met un avis motiv\u00e9 et transmet le dossier complet au p\u00f4le coll\u00e8ge des \u00e9coles doctorales (CED) \u00e0 l\u2019adresse reseau.doctorat.drive@wordpress-test.app.u-pariscite.fr selon le calendrier ci-dessous.<\/li>\n<li><strong><\/strong>Avis des instances : le CED \u00e9met un avis sur la demande d\u2019ADT et transmet le dossier \u00e0 la commission recherche de la facult\u00e9 concern\u00e9e qui \u00e9met un dernier avis.<\/li>\n<li><strong><\/strong>Autorisation du pr\u00e9sident de l\u2019universit\u00e9 : en cas d\u2019avis favorable, la commission recherche \u00e9met un arr\u00eat\u00e9 de d\u00e9lib\u00e9ration qu\u2019elle fait parvenir au p\u00f4le coll\u00e8ge des \u00e9coles doctorales, qui transmet le dossier \u00e0 la pr\u00e9sidence. L\u2019arr\u00eat\u00e9 de d\u00e9lib\u00e9ration de la commission recherche et l\u2019autorisation du pr\u00e9sident sont transmis \u00e0 l\u2019\u00e9cole doctorale concern\u00e9e, en charge de le communiquer au directeur ou directrice de th\u00e8se.<\/li>\n<\/ol>\n<p>&nbsp;<\/p>\n<p>&nbsp;<\/p>\n<p>&nbsp;<\/p>\n<p>[\/et_pb_text][\/et_pb_column][et_pb_column type=\u00a0\u00bb1_4&Prime; _builder_version=\u00a0\u00bb3.0.47&Prime;][et_pb_text _builder_version=\u00a0\u00bb3.22.1&Prime; z_index_tablet=\u00a0\u00bb500&Prime;]<\/p>\n<h4><strong>Documents et liens importants :<br \/><\/strong><\/h4>\n<p>[\/et_pb_text][et_pb_button button_url=\u00a0\u00bbhttps:\/\/wordpress-test.app.u-pariscite.fr\/doctorat\/wp-content\/uploads\/sites\/10\/2024\/07\/Formulaire_ADT_UPCite_2024-2025.pdf\u00a0\u00bb url_new_window=\u00a0\u00bbon\u00a0\u00bb button_text=\u00a0\u00bbFormulaire d&rsquo;autorisation \u00e0 diriger une th\u00e8se sans HDR\u00a0\u00bb admin_label=\u00a0\u00bbBouton &#8211; formulaire\u00a0\u00bb _builder_version=\u00a0\u00bb3.22.1&Prime; z_index_tablet=\u00a0\u00bb500&Prime;][\/et_pb_button][et_pb_button button_url=\u00a0\u00bbhttps:\/\/wordpress-test.app.u-pariscite.fr\/doctorat\/les-ecoles-doctorales\/\u00a0\u00bb url_new_window=\u00a0\u00bbon\u00a0\u00bb button_text=\u00a0\u00bbListe des \u00e9coles doctorales\u00a0\u00bb admin_label=\u00a0\u00bbBouton &#8211; lien ED\u00a0\u00bb _builder_version=\u00a0\u00bb3.22.1&Prime; z_index_tablet=\u00a0\u00bb500&Prime;][\/et_pb_button][et_pb_button button_url=\u00a0\u00bbhttps:\/\/www.legifrance.gouv.fr\/loda\/article_lc\/LEGIARTI000046241986&Prime; url_new_window=\u00a0\u00bbon\u00a0\u00bb button_text=\u00a0\u00bbArr\u00eat\u00e9 de la formation doctorale\u00a0\u00bb admin_label=\u00a0\u00bbBouton &#8211; arr\u00eat\u00e9 doctorat\u00a0\u00bb _builder_version=\u00a0\u00bb3.22.1&Prime; z_index_tablet=\u00a0\u00bb500&Prime;][\/et_pb_button][\/et_pb_column][\/et_pb_row][\/et_pb_section][et_pb_section fb_built=\u00a0\u00bb1&Prime; _builder_version=\u00a0\u00bb3.22&Prime;][et_pb_row _builder_version=\u00a0\u00bb3.22&Prime; background_size=\u00a0\u00bbinitial\u00a0\u00bb background_position=\u00a0\u00bbtop_left\u00a0\u00bb background_repeat=\u00a0\u00bbrepeat\u00a0\u00bb][et_pb_column type=\u00a0\u00bb4_4&Prime; _builder_version=\u00a0\u00bb3.0.47&Prime;][et_pb_divider _builder_version=\u00a0\u00bb3.22.1&Prime; z_index_tablet=\u00a0\u00bb500&Prime;][\/et_pb_divider][et_pb_text admin_label=\u00a0\u00bbCalendrier\u00a0\u00bb _builder_version=\u00a0\u00bb3.22.1&Prime; z_index_tablet=\u00a0\u00bb500&Prime;]<\/p>\n<h3>CALENDRIER DES DEMANDES<\/h3>\n<p>[\/et_pb_text][et_pb_text admin_label=\u00a0\u00bbTexte pr\u00e9sentation ADT\u00a0\u00bb _builder_version=\u00a0\u00bb3.22.1&Prime; z_index_tablet=\u00a0\u00bb500&Prime;]<\/p>\n<p>Les dossiers complets doivent \u00eatre transmis par les \u00e9coles doctorales au coll\u00e8ge des \u00e9coles doctorales selon le calendrier suivant\u00a0:<\/p>\n<p>Session 1 : jusqu\u2019au 6 octobre 2024<\/p>\n<p>Session 2 : jusqu\u2019au 1er d\u00e9cembre 2024<\/p>\n<p>&nbsp;<\/p>\n<p>En dehors de ce calendrier, le CED ne pourra traiter les demandes d\u2019ADT.<\/p>\n<p><strong>La demande d\u2019ADT doit \u00eatre d\u00e9pos\u00e9e aupr\u00e8s de l\u2019\u00e9cole doctorale avant la premi\u00e8re inscription du doctorant ou de la doctorante<\/strong>. Il est conseill\u00e9 de faire cette demande au moins 3 mois avant la date envisag\u00e9e d\u2019inscription.<\/p>\n<p>&nbsp;<\/p>\n<p><u>Mesures transitoires<\/u>\u00a0: jusqu\u2019au 14 d\u00e9cembre 2024, des demandes d\u2019ADT pour des doctorants ou des doctorantes inscrit\u00b7es en 1\u00e8re ann\u00e9e seront encore accept\u00e9es. Comme pr\u00e9c\u00e9demment, le dossier d\u2019ADT devra en outre \u00eatre transmis \u00e0 l\u2019\u00e9cole doctorale <strong>au plus tard trois mois avant la r\u00e9inscription<\/strong>.<\/p>\n<p>[\/et_pb_text][et_pb_divider _builder_version=\u00a0\u00bb3.22.1&Prime; z_index_tablet=\u00a0\u00bb500&Prime;][\/et_pb_divider][\/et_pb_column][\/et_pb_row][\/et_pb_section][et_pb_section fb_built=\u00a0\u00bb1&Prime; _builder_version=\u00a0\u00bb3.22&Prime; custom_padding=\u00a0\u00bb0px||0px|\u00a0\u00bb][et_pb_row _builder_version=\u00a0\u00bb3.22&Prime;][et_pb_column type=\u00a0\u00bb4_4&Prime; _builder_version=\u00a0\u00bb3.0.47&Prime;][et_pb_text admin_label=\u00a0\u00bbArticles similaires\u00a0\u00bb _builder_version=\u00a0\u00bb3.16.1&Prime;]<\/p>\n<h2><span class=\"st\">\u00c0<\/span> lire aussi<\/h2>\n<p>[\/et_pb_text][et_pb_blog posts_number=\u00a0\u00bb4&Prime; include_categories=\u00a0\u00bb1&Prime; show_author=\u00a0\u00bboff\u00a0\u00bb show_date=\u00a0\u00bboff\u00a0\u00bb show_pagination=\u00a0\u00bboff\u00a0\u00bb module_id=\u00a0\u00bbpage_type_blog\u00a0\u00bb _builder_version=\u00a0\u00bb3.22.1&Prime; header_level=\u00a0\u00bbh4&Prime; border_width_bottom_fullwidth=\u00a0\u00bb1px\u00a0\u00bb border_color_bottom_fullwidth=\u00a0\u00bbrgba(51,51,51,0.18)\u00a0\u00bb custom_padding=\u00a0\u00bb||50px|\u00a0\u00bb z_index_tablet=\u00a0\u00bb500&Prime;][\/et_pb_blog][\/et_pb_column][\/et_pb_row][\/et_pb_section]<\/p>\n","protected":false},"excerpt":{"rendered":"<p>Proc\u00e9dure pour diriger la th\u00e8se d&rsquo;un doctorant ou d&rsquo;une doctorante sans HDR \u00e0 Universit\u00e9 Paris Cit\u00e9 &nbsp;L&rsquo;AUTORISATION \u00c0 DIRIGER UNE TH\u00c8SE Pr\u00e9requis pour diriger une th\u00e8se Le directeur ou directrice de th\u00e8se doit \u00eatre titulaire d\u2019une habilitation \u00e0 diriger des recherches (HDR) pour diriger la th\u00e8se d\u2019un doctorant ou d\u2019une doctorante, conform\u00e9ment \u00e0 l\u2019arr\u00eat\u00e9 fixant&hellip; <a class=\"continue\" href=\"https:\/\/wordpress-test.app.u-pariscite.fr\/doctorat\/autorisation-a-diriger-une-these\/\">Lire la suite<span> Autorisation \u00e0 diriger une th\u00e8se (ADT)<\/span><\/a><\/p>\n","protected":false},"author":35,"featured_media":0,"parent":0,"menu_order":0,"comment_status":"closed","ping_status":"closed","template":"","meta":{"_et_pb_use_builder":"on","_et_pb_old_content":"","_et_gb_content_width":"","footnotes":""},"class_list":["post-9411","page","type-page","status-publish","hentry"],"_links":{"self":[{"href":"https:\/\/wordpress-test.app.u-pariscite.fr\/doctorat\/wp-json\/wp\/v2\/pages\/9411","targetHints":{"allow":["GET"]}}],"collection":[{"href":"https:\/\/wordpress-test.app.u-pariscite.fr\/doctorat\/wp-json\/wp\/v2\/pages"}],"about":[{"href":"https:\/\/wordpress-test.app.u-pariscite.fr\/doctorat\/wp-json\/wp\/v2\/types\/page"}],"author":[{"embeddable":true,"href":"https:\/\/wordpress-test.app.u-pariscite.fr\/doctorat\/wp-json\/wp\/v2\/users\/35"}],"replies":[{"embeddable":true,"href":"https:\/\/wordpress-test.app.u-pariscite.fr\/doctorat\/wp-json\/wp\/v2\/comments?post=9411"}],"version-history":[{"count":59,"href":"https:\/\/wordpress-test.app.u-pariscite.fr\/doctorat\/wp-json\/wp\/v2\/pages\/9411\/revisions"}],"predecessor-version":[{"id":14813,"href":"https:\/\/wordpress-test.app.u-pariscite.fr\/doctorat\/wp-json\/wp\/v2\/pages\/9411\/revisions\/14813"}],"wp:attachment":[{"href":"https:\/\/wordpress-test.app.u-pariscite.fr\/doctorat\/wp-json\/wp\/v2\/media?parent=9411"}],"curies":[{"name":"wp","href":"https:\/\/api.w.org\/{rel}","templated":true}]}}