{"id":9385,"date":"2021-06-15T15:10:05","date_gmt":"2021-06-15T13:10:05","guid":{"rendered":"https:\/\/wordpress-test.app.u-pariscite.fr\/doctorat\/?page_id=9385"},"modified":"2024-07-15T18:11:37","modified_gmt":"2024-07-15T16:11:37","slug":"sites-des-ecoles-doctorales-partenaires","status":"publish","type":"page","link":"https:\/\/wordpress-test.app.u-pariscite.fr\/doctorat\/sites-des-ecoles-doctorales-partenaires\/","title":{"rendered":"Les \u00e9coles doctorales partenaires d&rsquo;Universit\u00e9 Paris Cit\u00e9"},"content":{"rendered":"<p>[et_pb_section fb_built=\u00a0\u00bb1&Prime; _builder_version=\u00a0\u00bb3.22&Prime;][et_pb_row _builder_version=\u00a0\u00bb3.22&Prime;][et_pb_column type=\u00a0\u00bb4_4&Prime; _builder_version=\u00a0\u00bb3.0.47&Prime;][et_pb_post_title meta=\u00a0\u00bboff\u00a0\u00bb featured_image=\u00a0\u00bboff\u00a0\u00bb admin_label=\u00a0\u00bbTitre de la page\u00a0\u00bb _builder_version=\u00a0\u00bb3.19.11&Prime;][\/et_pb_post_title][\/et_pb_column][\/et_pb_row][et_pb_row custom_padding=\u00a0\u00bb||0px|||\u00a0\u00bb _builder_version=\u00a0\u00bb3.22&Prime; background_size=\u00a0\u00bbinitial\u00a0\u00bb background_position=\u00a0\u00bbtop_left\u00a0\u00bb background_repeat=\u00a0\u00bbrepeat\u00a0\u00bb][et_pb_column type=\u00a0\u00bb4_4&Prime; _builder_version=\u00a0\u00bb3.0.47&Prime;][et_pb_text admin_label=\u00a0\u00bbintro\u00a0\u00bb module_id=\u00a0\u00bbintro\u00a0\u00bb _builder_version=\u00a0\u00bb3.22.1&Prime; custom_margin=\u00a0\u00bb||1px|||\u00a0\u00bb z_index_tablet=\u00a0\u00bb500&Prime;]<\/p>\n<p>Le Coll\u00e8ge des \u00c9coles Doctorales &amp; HDR d&rsquo;Universit\u00e9 Paris Cit\u00e9 collabore \u00e9galement avec 9 \u00e9coles doctorales partenaires, accr\u00e9dit\u00e9es sur plusieurs \u00e9tablissements dont Universit\u00e9 Paris Cit\u00e9, couvrant de nombreux champs disciplinaires: astrophysique, sciences de l&rsquo;environnement, domaines de la sant\u00e9, sciences du sport&#8230;<\/p>\n<p>Suivant l\u2019origine de votre financement, votre laboratoire et le statut de votre directeur.rice de th\u00e8se, vous pourrez \u00eatre amen\u00e9 \u00e0 vous inscrire au sein d&rsquo;Universit\u00e9 Paris Cit\u00e9.<\/p>\n<p>D\u00e9couvrez ci-dessous la liste des \u00e9coles doctorales partenaires d&rsquo;Universit\u00e9 Paris Cit\u00e9<\/p>\n<p>[\/et_pb_text][\/et_pb_column][\/et_pb_row][et_pb_row custom_margin=\u00a0\u00bb50px||\u00a0\u00bb _builder_version=\u00a0\u00bb3.22.1&Prime; background_size=\u00a0\u00bbinitial\u00a0\u00bb background_position=\u00a0\u00bbtop_left\u00a0\u00bb background_repeat=\u00a0\u00bbrepeat\u00a0\u00bb][et_pb_column type=\u00a0\u00bb3_4&Prime; _builder_version=\u00a0\u00bb3.0.47&Prime;][et_pb_text admin_label=\u00a0\u00bbTitre 2&Prime; _builder_version=\u00a0\u00bb3.22.1&Prime; custom_margin=\u00a0\u00bb||-2px|||\u00a0\u00bb z_index_tablet=\u00a0\u00bb500&Prime;]<\/p>\n<h3>Listes des Ecoles Doctorales partenaires<\/h3>\n<p>[\/et_pb_text][et_pb_text admin_label=\u00a0\u00bbED 127&Prime; module_id=\u00a0\u00bbcontenu\u00a0\u00bb _builder_version=\u00a0\u00bb3.22.1&Prime; custom_margin=\u00a0\u00bb14px|||||\u00a0\u00bb z_index_tablet=\u00a0\u00bb500&Prime;]<\/p>\n<p><strong>Astronomie et Astrophysique d\u2019Ile-de-France \u2013 ED 127<\/strong><br \/>Directeur\u00a0: M. Thierry FOUCHET<br \/>Directeur adjoint Universit\u00e9 Paris Cit\u00e9: M. J\u00e9r\u00f4me RODRIGUEZ<br \/>Contact : Mme <a href=\"mailto:ecole.doctorale127.up@sympa.obspm.fr\">Jacqueline PLANCY<\/a><\/p>\n<p><a href=\"https:\/\/ecole-doctorale.obspm.fr\/spip.php?rubrique1\" target=\"_blank\" rel=\"noopener noreferrer\"><strong>Site web<\/strong><\/a><\/p>\n<p>[\/et_pb_text][et_pb_toggle title=\u00a0\u00bbA propos de l&rsquo;ED 127&Prime; admin_label=\u00a0\u00bbDescriptif ED 127&Prime; _builder_version=\u00a0\u00bb3.22.1&Prime; custom_margin=\u00a0\u00bb-30px||50px\u00a0\u00bb z_index_tablet=\u00a0\u00bb500&Prime;]<\/p>\n<p>L\u2019\u00c9cole doctorale propose aux physiciens et math\u00e9maticiens une formation \u00e0 et par la recherche dans le vaste domaine interdisciplinaire de l\u2019astronomie et de toutes ses m\u00e9thodes d\u2019observation, de mesure et de calcul. Elle couvre un champ dont le d\u00e9veloppement est consid\u00e9rable et incessant : d\u00e9couverte des plan\u00e8tes extra-solaires, renouveau de la cosmologie \u00e0 l\u2019interface de la physique des particules, d\u00e9veloppement de l\u2019astrochimie, exploration in situ du syst\u00e8me solaire, navigation spatiale, plan\u00e9tologie \u00e0 l\u2019interface avec les sciences de la plan\u00e8te Terre. De puissants outils d\u2019observation sont en pr\u00e9paration, aussi bien dans l\u2019espace qu\u2019au sol, affirmant la place de l\u2019Europe, faisant appel \u00e0 une grande diversit\u00e9 de technologies avanc\u00e9es (optique, m\u00e9trologie, cryog\u00e9nie, automatique&#8230;). Elle soutient \u00e9galement la pr\u00e9paration de th\u00e8ses en instrumentation astronomique et astrophysique ouvertes, entre autres, aux jeunes dipl\u00f4m\u00e9s en g\u00e9nie ing\u00e9nieur.<\/p>\n<p>Dipl\u00f4me propos\u00e9 \u00e0 l&rsquo;ED 127: Astronomie et astrophysique d&rsquo;Ile de France<\/p>\n<p>[\/et_pb_toggle][et_pb_text admin_label=\u00a0\u00bbED 129&Prime; _builder_version=\u00a0\u00bb3.22.1&Prime; z_index_tablet=\u00a0\u00bb500&Prime;]<\/p>\n<p><strong>Sciences de l\u2019environnement d\u2019Ile-de-France \u2013 ED 129<\/strong><br \/>Directrice : Mme Pascale BOURUET-AUBERTOT<br \/>Contact : Mme <a href=\"laurence.amsili_touchon@sorbonne-universite.fr\">Laurence AMSILI-TOUCHON<\/a><\/p>\n<p><strong><a href=\"http:\/\/www.ed129.upmc.fr\/fr\/index.html\" target=\"_blank\" rel=\"noopener noreferrer\">Site web<\/a><\/strong><\/p>\n<p>[\/et_pb_text][et_pb_toggle title=\u00a0\u00bbA propos de l&rsquo;ED 129&Prime; admin_label=\u00a0\u00bbDescriptif ED 129&Prime; _builder_version=\u00a0\u00bb3.22.1&Prime; custom_margin=\u00a0\u00bb-30px||50px\u00a0\u00bb z_index_tablet=\u00a0\u00bb500&Prime;]<\/p>\n<p>L&rsquo;\u00e9cole doctorale des Sciences de l&rsquo;Environnement d&rsquo;Ile de France propose une formation \u00e0 et par la recherche, dans le domaine largement interdisciplinaire des sciences de l\u2019environnement.<\/p>\n<p>L&rsquo;\u00e9cole doctorale couvre les champs pluridisciplinaires li\u00e9s \u00e0 la compr\u00e9hension de l&rsquo;\u00e9quilibre physique, chimique et biologique de l&rsquo;environnement terrestre.<\/p>\n<p>Les sp\u00e9cialit\u00e9s de l&rsquo;Ecole Doctorale sont :<\/p>\n<ul>\n<li>Sciences du climat, de l&rsquo;atmosph\u00e8re et des oc\u00e9ans, terrestres et plan\u00e9taires<\/li>\n<li>Cycles biog\u00e9ochimiques et changements environnementaux globaux<\/li>\n<li>Mod\u00e9lisation, m\u00e9thodes num\u00e9riques pour l&rsquo;\u00e9tude du syst\u00e8me climatique<\/li>\n<li>Instrumentation, t\u00e9l\u00e9d\u00e9tection, observation et techniques spatiales<\/li>\n<li>Sciences de la Mer<\/li>\n<li>M\u00e9t\u00e9orologie et qualit\u00e9s de l&rsquo;air<\/li>\n<\/ul>\n<p>[\/et_pb_toggle][et_pb_text admin_label=\u00a0\u00bbED 130&Prime; _builder_version=\u00a0\u00bb3.22.1&Prime; z_index_tablet=\u00a0\u00bb500&Prime;]<\/p>\n<p><strong>\u00c9cole doctorale Informatique, T\u00e9l\u00e9communication, Electronique de Paris (EDITE) \u2013 ED 130<\/strong><br \/>Directeur : M. Carlos AGON<br \/>Contact : M. Kelian MAISON<\/p>\n<p><strong><a href=\"http:\/\/college.doctoral.sorbonne-universites.fr\/a-propos\/les-ecoles-doctorales\/informatique-telecommunications-electronique.html\">Site web<\/a><\/strong><\/p>\n<p>[\/et_pb_text][et_pb_toggle title=\u00a0\u00bbA propos de l&rsquo;ED 130&Prime; admin_label=\u00a0\u00bbDescriptif ED 130&Prime; _builder_version=\u00a0\u00bb3.22.1&Prime; custom_margin=\u00a0\u00bb-30px||50px\u00a0\u00bb z_index_tablet=\u00a0\u00bb500&Prime;]<\/p>\n<p>L\u2019EDITE de Paris (ED130) est une \u00e9cole doctorale dont la th\u00e9matique est large puisqu\u2019elle comprend l\u2019informatique, les t\u00e9l\u00e9communications et l\u2019\u00e9lectronique.<\/p>\n<p>Corr\u00e9lativement, l\u2019EDITE a une taille consid\u00e9rable : plus de 450 doctorants, inscrits dans plus de 20 laboratoires r\u00e9partis dans huit \u00e9tablissements diff\u00e9rents, principalement en r\u00e9gion parisienne. L\u2019EDITE couvre une large partie des STIC (Sciences des technologies de l\u2019information et de la communication) et se trouve \u00e9galement aux interfaces de diverses disciplines o\u00f9 l\u2019\u00e9lectronique et\/ou l\u2019informatique se trouvent appliqu\u00e9es. On cite, en particulier, la physique, la robotique, la musique, la m\u00e9decine et la biologie.<\/p>\n<p>Les mots-cl\u00e9s qui suivent r\u00e9sument les principales th\u00e9matiques :<\/p>\n<ul>\n<li>R\u00e9seau, t\u00e9l\u00e9communications<\/li>\n<li>Imagerie, signal<\/li>\n<li>Intelligence artificielle, recherche op\u00e9rationnelle, bases des donn\u00e9es<\/li>\n<li>Syst\u00e8mes informatiques, syst\u00e8mes distribu\u00e9s, syst\u00e8mes repartis, syst\u00e8mes temps r\u00e9el.<\/li>\n<li>Logiciels<\/li>\n<li>\u00c9lectronique, syst\u00e8mes sur puces, syst\u00e8mes embarqu\u00e9s.<\/li>\n<li>Usages sociaux des STIC<\/li>\n<\/ul>\n<p>[\/et_pb_toggle][et_pb_text admin_label=\u00a0\u00bbED 158&Prime; _builder_version=\u00a0\u00bb3.22.1&Prime; z_index_tablet=\u00a0\u00bb500&Prime;]<\/p>\n<p><strong>Cognition, Cerveau, Comportement (ED3C) \u2013 ED 158<\/strong><br \/>Directeur : M. Alain TREMBLEAU<br \/>Directeur adjoint Universit\u00e9 Paris Cit\u00e9: M. Daniel ZYTNICKI<br \/>Contact : <a href=\"mailto:helene.jouanne@sorbonne-universite.fr\">Mme H\u00e9l\u00e8ne JOUANNE<\/a><\/p>\n<p><a href=\"https:\/\/odf.wordpress-test.app.u-pariscite.fr\/fr\/offre-de-formation\/doctorat-SPD\/sciences-humaines-et-sociales-SHS\/ecole-doctorale-158-cerveau-cognition-comportement-K62B4S5M.html\"><strong>Site web<\/strong><\/a><\/p>\n<p>[\/et_pb_text][et_pb_toggle title=\u00a0\u00bbA propos de l&rsquo;ED 158&Prime; admin_label=\u00a0\u00bbDescriptif ED 158&Prime; _builder_version=\u00a0\u00bb3.22.1&Prime; custom_margin=\u00a0\u00bb-30px||50px\u00a0\u00bb z_index_tablet=\u00a0\u00bb500&Prime;]<\/p>\n<p class=\"bodytext\">L\u2019Ecole doctorale Cerveau-Cognition-Comportement (ED 158) est\u00a0co-accr\u00e9dit\u00e9e \u00e0 l&rsquo;UPMC, PSL (Paris Sciences et Lettres), SPC (Sorbonne Paris Cit\u00e9) et l&rsquo;EHESS. Le champ th\u00e9matique de l\u2019ED3C couvre tous les aspects des neurosciences et des sciences cognitives.<\/p>\n<p class=\"bodytext\">La politique scientifique de l\u2019ED3C est fortement marqu\u00e9e par la pratique de la pluridisciplinarit\u00e9 ainsi que par l\u2019ouverture vers les sciences humaines d\u2019une part et vers la mod\u00e9lisation math\u00e9matique d\u2019autre part. L\u2019\u00e9tude du fonctionnement du syst\u00e8me nerveux comporte des aspects diversifi\u00e9s qui sont abord\u00e9s par des approches pluridisciplinaires. L\u2019ED a toujours cherch\u00e9 \u00e0 promouvoir l\u2019ensemble des domaines des neurosciences et des sciences cognitives. La neurobiologie cellulaire et mol\u00e9culaire, la neuropharmacologie, l\u2019\u00e9tude du d\u00e9veloppement du syst\u00e8me nerveux sont des secteurs forts de l\u2019ED.<\/p>\n<p>L&rsquo;\u00e9cole doctorale 158 propose la pr\u00e9paration d&rsquo;un doctorat dans les sp\u00e9cialit\u00e9s suivantes:<\/p>\n<ul>\n<li>Neurosciences<\/li>\n<li>Sciences cognitives<\/li>\n<\/ul>\n<p>[\/et_pb_toggle][et_pb_text admin_label=\u00a0\u00bbED 386&Prime; _builder_version=\u00a0\u00bb3.22.1&Prime; z_index_tablet=\u00a0\u00bb500&Prime;]<\/p>\n<p><strong>Sciences Math\u00e9matiques de Paris Centre \u2013 ED 386<\/strong><br \/>Directeur : M. Elisha FALBEL<br \/>Directeurs adjoints Universit\u00e9 Paris Cit\u00e9 : M. Pierre-Henri CHAUDOUARD et Mme Delia KESNER<br \/>Contact Universit\u00e9 Paris Cit\u00e9 : Mme Amina HARITI<br \/><strong>T\u00e9l<\/strong> : 01 57 27 92 13 <br \/><strong>Mail\u00a0<\/strong>:\u00a0<strong><a href=\"mailto:ed386@wordpress-test.app.u-pariscite.fr\">ed386@wordpress-test.app.u-pariscite.fr<\/a><\/strong><\/p>\n<p><strong><br \/><a href=\"http:\/\/ed386.sorbonne-universite.fr\/fr\/index.html\">Site web<\/a><\/strong><\/p>\n<p>[\/et_pb_text][et_pb_toggle title=\u00a0\u00bbA propos de l&rsquo;ED 386&Prime; admin_label=\u00a0\u00bbDescriptif ED 386&Prime; _builder_version=\u00a0\u00bb3.22.1&Prime; z_index_tablet=\u00a0\u00bb500&Prime;]<\/p>\n<p>Cr\u00e9\u00e9e en 2000, l&rsquo;\u00c9cole Doctorale de Sciences Math\u00e9matiques de Paris-Centre (ED 386) a pour vocation de d\u00e9livrer une formation par la recherche dans les secteurs disciplinaires suivants : les math\u00e9matiques fondamentales (analyse, alg\u00e8bre, g\u00e9om\u00e9trie, etc.), les math\u00e9matiques appliqu\u00e9es (probabilit\u00e9s, statistiques, calcul scientifique&#8230;), l&rsquo;informatique fondamentale, et d&rsquo;autres domaines de l&rsquo;informatique (traitement du signal, imagerie, etc.) en relation avec les math\u00e9matiques.<br \/>Ses interfaces avec d&rsquo;autres secteurs scientifiques : m\u00e9decine, biologie, physique, informatique, linguistique, etc., donnent lieu \u00e0 de nouveaux champs d&rsquo;investigation.<\/p>\n<p>L&rsquo;ED 386 regroupe la grande majorit\u00e9 des <a href=\"http:\/\/www.ed386.upmc.fr\/fr\/l_ecole_doctorale\/unites_de_recherche.html\">laboratoires<\/a> de math\u00e9matiques de Paris intra muros, les laboratoires d&rsquo;informatique de l&rsquo;Universit\u00e9 Paris Cit\u00e9, de l&rsquo;ENS de Paris, ainsi que plusieurs \u00e9quipes associ\u00e9es de l&rsquo;INRIA. Son \u00e9tablissement support est Sorbonne Universit\u00e9, sceau principal.<\/p>\n<p>Les dipl\u00f4mes d\u00e9livr\u00e9s par l&rsquo;ED 386 sont:<\/p>\n<ul>\n<li>Informatique<\/li>\n<li>Math\u00e9matiques : logique et fondements de l&rsquo;informatique<\/li>\n<li>Math\u00e9matiques<\/li>\n<li>Math\u00e9matiques appliqu\u00e9es<\/li>\n<li>Math\u00e9matiques informatique<\/li>\n<li>Statistiques<\/li>\n<\/ul>\n<p>&nbsp;<\/p>\n<p>[\/et_pb_toggle][et_pb_text admin_label=\u00a0\u00bbED 388&Prime; _builder_version=\u00a0\u00bb3.22.1&Prime; z_index_tablet=\u00a0\u00bb500&Prime;]<\/p>\n<p><strong>Chimie Physique et Chimie Analytique \u2013 ED 388<\/strong><br \/>Directrice\u00a0: Mme Alexa COURTY<br \/>Directeur adjoint Universit\u00e9 Paris Cit\u00e9: M. Beno\u00eet LIMOGES<br \/>Contact : Mme <a href=\"koonavadee.soobrayen@sorbonne-universite.fr\">Konnavadee SOOBRAYEN<\/a><\/p>\n<p><strong><a href=\"https:\/\/ed388.sorbonne-universite.fr\/\" target=\"_blank\" rel=\"noopener noreferrer\">Site web<\/a><\/strong><\/p>\n<p>[\/et_pb_text][et_pb_toggle title=\u00a0\u00bbA propos de l&rsquo;ED 388&Prime; admin_label=\u00a0\u00bbDescriptif ED 388&Prime; _builder_version=\u00a0\u00bb3.22.1&Prime; custom_margin=\u00a0\u00bb-30px||50px\u00a0\u00bb z_index_tablet=\u00a0\u00bb500&Prime;]<\/p>\n<p>L&rsquo;\u00e9cole doctorale 388, rattach\u00e9e en premier sceau \u00e0 Sorbonne universit\u00e9 r\u00e9unit les meilleures \u00e9quipes de Paris Centre, actives dans les domaines de la physico-chimie et de la chimie analytique moderne. Elle associe des \u00e9tablissements d&rsquo;enseignement sup\u00e9rieur et de recherche et des \u00e9tablissements publics \u00e0 caract\u00e8re industriel et commercial ayant des laboratoires dans Paris et en r\u00e9gion parisienne.<\/p>\n<p>L&rsquo;\u00e9cole doctorale propose les sp\u00e9cialit\u00e9s suivantes:<\/p>\n<ul>\n<li>Chimie th\u00e9orique et mod\u00e9lisation<\/li>\n<li>Chimie, \u00e9nergie, nanosciences, surfaces<\/li>\n<li>Nanosciences, mat\u00e9riaux, surfaces<\/li>\n<li>\u00c9lectrochimie mol\u00e9culaire et biologique<\/li>\n<\/ul>\n<p>[\/et_pb_toggle][et_pb_text admin_label=\u00a0\u00bbED 393&Prime; _builder_version=\u00a0\u00bb3.22.1&Prime; custom_padding=\u00a0\u00bb|||0px||\u00a0\u00bb z_index_tablet=\u00a0\u00bb500&Prime;]<\/p>\n<p><strong>Pierre Louis de Sant\u00e9 Publique \u00e0 Paris : \u00e9pid\u00e9miologie et sciences de l\u2019information biom\u00e9dicale \u2013 ED 393<\/strong><br \/>Directeur\u00a0: M. Pierre-Yves BO\u00cbLLE<br \/>Directrice adjointe Universit\u00e9 Paris Cit\u00e9: Mme Isabelle BOUTRON<\/p>\n<p>Contact : Mme Keltoum BEN SAID<\/p>\n<p><strong><a href=\"https:\/\/ed393.sorbonne-universite.fr\/\" target=\"_blank\" rel=\"noopener noreferrer\">Site web<\/a><\/strong><\/p>\n<p>[\/et_pb_text][et_pb_toggle title=\u00a0\u00bbA propos de l&rsquo;ED 393&Prime; admin_label=\u00a0\u00bbDescriptif ED 393&Prime; _builder_version=\u00a0\u00bb3.22.1&Prime; custom_margin=\u00a0\u00bb-30px||50px\u00a0\u00bb z_index_tablet=\u00a0\u00bb500&Prime;]<\/p>\n<p class=\"bodytext\">L&rsquo;Ecole Doctorale Pierre Louis de\u00a0Sant\u00e9 Publique : Epid\u00e9miologie et Sciences de l&rsquo;Information Biom\u00e9dicale promeut la recherche dans deux disciplines essentielles \u00e0 la Sant\u00e9 Publique : l&rsquo;Epid\u00e9miologie et les Sciences de l&rsquo;Information Biom\u00e9dicale.\u00a0<\/p>\n<p class=\"bodytext\">Sur le plan \u00e9pid\u00e9miologique, elle soutient particuli\u00e8rement les recherches en \u00e9pid\u00e9miologie des maladies infectieuses, en \u00e9pid\u00e9miologie clinique et dans le domaine de l&rsquo;\u00e9valuation des risques. Sur le plan des Sciences de l&rsquo;Information, l&rsquo;Ecole Doctorale soutient particuli\u00e8rement les recherches dans les domaines de la mod\u00e9lisation en \u00e9pid\u00e9miologie, de la biostatistique et de l&rsquo;information m\u00e9dicale. L&rsquo;Ecole Doctorale\u00a0s\u2019appuie sur les forces d&rsquo;une vingtaine d&rsquo;\u00e9quipes d&rsquo;accueil appartenant principalement \u00e0 l\u00a0\u00bbUPMC, Universit\u00e9 Paris Cit\u00e9 et l&rsquo;Institut Pasteur \u00e9tant associ\u00e9.\u00a0<\/p>\n<p>L&rsquo;\u00e9cole doctorale propose les sp\u00e9cialit\u00e9s suivantes:<\/p>\n<ul>\n<li>Bioinformatique<\/li>\n<li>Biomath\u00e9matiques<\/li>\n<li>Biostatistique<\/li>\n<li>Biostatistique et Biomath\u00e9matiques<\/li>\n<li>Economie de la sant\u00e9<\/li>\n<li>Epid\u00e9miologie<\/li>\n<li>Epid\u00e9miologie clinique<\/li>\n<li>Epid\u00e9miologie g\u00e9n\u00e9tique<\/li>\n<li>Epid\u00e9miologie sociale<\/li>\n<li>Imagerie biom\u00e9dicale<\/li>\n<li>Informatique m\u00e9dicale<\/li>\n<li>Pr\u00e9vention et promotion de la sant\u00e9<\/li>\n<li>Recherche sur les services de sant\u00e9<\/li>\n<li>Sciences des donn\u00e9es<\/li>\n<\/ul>\n<p>[\/et_pb_toggle][et_pb_text admin_label=\u00a0\u00bbED 564&Prime; _builder_version=\u00a0\u00bb3.22.1&Prime; z_index_tablet=\u00a0\u00bb500&Prime;]<\/p>\n<p><strong>Physique en Ile de France \u2013 ED 564<\/strong><br \/>Directeur\u00a0: M. Jean-Fran\u00e7ois ALLEMAND<br \/>Directeur adjoint Universit\u00e9 Paris Cit\u00e9: M. Philippe LAFARGE<br \/>Contact Universit\u00e9 Paris Cit\u00e9 : Mme <a href=\"mailto:ed564.pif@wordpress-test.app.u-pariscite.fr\">Monia MESTAR<\/a><br \/><strong>T\u00e9l<\/strong> : 01 57 27 61 10 <br \/><strong><br \/><a href=\"https:\/\/www.edpif.org\/fr\/index.php\">Site web<\/a><\/strong><\/p>\n<p>[\/et_pb_text][et_pb_toggle title=\u00a0\u00bbA propos de l&rsquo;ED 564&Prime; admin_label=\u00a0\u00bbDescriptif ED 564&Prime; _builder_version=\u00a0\u00bb3.22.1&Prime; z_index_tablet=\u00a0\u00bb500&Prime;]<\/p>\n<p>Le champ scientifique de l\u2019\u00e9cole doctorale Physique en \u00cele-de-France (ED 564)<em>\u00a0<\/em>recouvre essentiellement<\/p>\n<ul>\n<li>la physique des interactions fondamentales,<\/li>\n<li>la physique quantique de la mati\u00e8re dilu\u00e9e ou condens\u00e9e,<\/li>\n<li>la physique statistique, celle de la mati\u00e8re molle ou biologique<\/li>\n<li>les aspects fondamentaux de l\u2019optique, de l\u2019acoustique et de l\u2019hydrodynamique<\/li>\n<\/ul>\n<p>Son positionnement scientifique est celui de la physique fondamentale, th\u00e9orique et exp\u00e9rimentale et des applications qui en d\u00e9coulent naturellement. Plus de 500 doctorants\u00a0effectuent leur travail de th\u00e8se au sein de l&rsquo;\u00e9cole doctorale\u00a0<em>Physique en \u00cele de France<\/em>\u00a0qui regroupe environ\u00a0<a href=\"https:\/\/www.edpif.org\/fr\/edpif\/labos.php\">40 laboratoires<\/a>\u00a0r\u00e9partis sur Paris Centre et Paris Sud et plus de 800 encadrants de th\u00e8ses.<\/p>\n<p>[\/et_pb_toggle][et_pb_text admin_label=\u00a0\u00bbED 566&Prime; _builder_version=\u00a0\u00bb3.22.1&Prime; z_index_tablet=\u00a0\u00bb500&Prime;]<\/p>\n<p><strong>Sciences du sport, de la motricit\u00e9 et du mouvement humain (SSMMH) \u2013 ED 566<\/strong><br \/>Directrice : Mme Isabelle SIEGLER\u00a0 \u2013 <br \/>Directeur adjoint Universit\u00e9 Paris Cit\u00e9 : M. Bernard ANDRIEU<br \/>Contact : Mme Clara PETIOT<\/p>\n<p><strong><a href=\"https:\/\/www.universite-paris-saclay.fr\/ecoles-doctorales\/sciences-du-sport-de-la-motricite-et-du-mouvement-humain-ssmmh\" target=\"_blank\" rel=\"noopener noreferrer\">Site web<\/a><\/strong><\/p>\n<p>[\/et_pb_text][et_pb_toggle title=\u00a0\u00bbA propos de l&rsquo;ED 566&Prime; admin_label=\u00a0\u00bbDescriptif ED 566&Prime; _builder_version=\u00a0\u00bb3.22.1&Prime; custom_margin=\u00a0\u00bb-30px||50px\u00a0\u00bb z_index_tablet=\u00a0\u00bb500&Prime;]<\/p>\n<p>L\u2019ED SSMMH est une \u00e9cole<strong> monoth\u00e9matique pluridisciplinaire<\/strong>. Elle rassemble des champs disciplinaires tr\u00e8s vari\u00e9s, sciences humaines et sociales, sciences du vivant, sciences de l\u2019information et de l\u2019ing\u00e9nierie autour des th\u00e9matiques du <strong>sport et du mouvement humain<\/strong>. C\u2019est \u00e9galement une \u00e9cole doctorale de <strong>site<\/strong> (Ile-de-France) qui rassemble les \u00e9quipes de recherches des STAPS mais \u00e9galement ext\u00e9rieures aux STAPS concern\u00e9s par l\u2019\u00e9tude de la motricit\u00e9 humaine. Elle est l\u2019une des deux seules \u00e9coles doctorales en France sur cette th\u00e9matique.<\/p>\n<p>L\u2019ED SSMMH a \u00e9galement la particularit\u00e9 d\u2019attirer de plus en plus un public professionnel li\u00e9 aux sciences du mouvement que sont <strong>certaines professions touchant au champ de la sant\u00e9 (kin\u00e9sith\u00e9rapeutes, chiropracteurs, m\u00e9decins)<\/strong>. Une convention existe avec l\u2019Institut Franco-Europ\u00e9en de Chiropraxie (IFEC) qui finance r\u00e9guli\u00e8rement des th\u00e8ses. Les th\u00e9matiques du <strong>handicap<\/strong> f\u00e9d\u00e8rent \u00e9galement les chercheurs au sein de l\u2019ED SSMMH. L\u2019UMR END-ICAP (Handicap Neuromusculaire : physiopathologie, bioth\u00e9rapie et pharmacologie appliqu\u00e9es) de l\u2019Universit\u00e9 Versailles St-Quentin nous a ainsi rejoint au cours de ce contrat. Des th\u00e8ses sur diff\u00e9rentes th\u00e9matiques autour du handicap sont r\u00e9guli\u00e8rement men\u00e9es y compris avec d\u2019autres \u00e9quipes de recherche comme le LIMSI.<\/p>\n<p>L\u2019\u00e9cole doctorale d\u00e9livre des doctorats dans trois disciplines :<\/p>\n<ul>\n<li>\n<p>Sciences du mouvement humain<\/p>\n<\/li>\n<li>\n<p>Sciences du sport<\/p>\n<\/li>\n<\/ul>\n<p>[\/et_pb_toggle][\/et_pb_column][et_pb_column type=\u00a0\u00bb1_4&Prime; _builder_version=\u00a0\u00bb3.0.47&Prime;][et_pb_text _builder_version=\u00a0\u00bb3.22.1&Prime; text_font=\u00a0\u00bb||||||||\u00a0\u00bb text_text_color=\u00a0\u00bb#ffffff\u00a0\u00bb header_font=\u00a0\u00bb||||||||\u00a0\u00bb header_4_font=\u00a0\u00bb||||||||\u00a0\u00bb header_4_text_color=\u00a0\u00bb#ffffff\u00a0\u00bb background_color=\u00a0\u00bb#8a1538&Prime; custom_margin=\u00a0\u00bb||\u00a0\u00bb custom_padding=\u00a0\u00bb1px||5px|10px\u00a0\u00bb link_option_url=\u00a0\u00bbhttps:\/\/wordpress-test.app.u-pariscite.fr\/doctorat\/contact\/\u00a0\u00bb]<\/p>\n<h4 style=\"text-align: left;margin-right: 0\"><strong><a href=\"https:\/\/wordpress-test.app.u-pariscite.fr\/doctorat\/contact\/\">Besoin d\u2019aide ? \u00c9crivez-nous<\/a><\/strong><\/h4>\n<p>[\/et_pb_text][\/et_pb_column][\/et_pb_row][\/et_pb_section][et_pb_section fb_built=\u00a0\u00bb1&Prime; _builder_version=\u00a0\u00bb3.22.1&Prime; custom_margin=\u00a0\u00bb50px||\u00a0\u00bb custom_padding=\u00a0\u00bb0px||0px|\u00a0\u00bb][et_pb_row _builder_version=\u00a0\u00bb3.22&Prime;][et_pb_column type=\u00a0\u00bb4_4&Prime; _builder_version=\u00a0\u00bb3.0.47&Prime;][et_pb_text admin_label=\u00a0\u00bbArticles similaires\u00a0\u00bb _builder_version=\u00a0\u00bb3.16.1&Prime;]<\/p>\n<h2><span class=\"st\">\u00c0<\/span> lire aussi<\/h2>\n<p>[\/et_pb_text][et_pb_blog posts_number=\u00a0\u00bb4&Prime; include_categories=\u00a0\u00bb1&Prime; show_author=\u00a0\u00bboff\u00a0\u00bb show_date=\u00a0\u00bboff\u00a0\u00bb show_pagination=\u00a0\u00bboff\u00a0\u00bb module_id=\u00a0\u00bbpage_type_blog\u00a0\u00bb _builder_version=\u00a0\u00bb3.22.1&Prime; header_level=\u00a0\u00bbh4&Prime; border_width_bottom_fullwidth=\u00a0\u00bb1px\u00a0\u00bb border_color_bottom_fullwidth=\u00a0\u00bbrgba(51,51,51,0.18)\u00a0\u00bb custom_padding=\u00a0\u00bb||50px|\u00a0\u00bb z_index_tablet=\u00a0\u00bb500&Prime;][\/et_pb_blog][\/et_pb_column][\/et_pb_row][\/et_pb_section]<\/p>\n","protected":false},"excerpt":{"rendered":"<p>Le Coll\u00e8ge des \u00c9coles Doctorales &amp; HDR d&rsquo;Universit\u00e9 Paris Cit\u00e9 collabore \u00e9galement avec 9 \u00e9coles doctorales partenaires, accr\u00e9dit\u00e9es sur plusieurs \u00e9tablissements dont Universit\u00e9 Paris Cit\u00e9, couvrant de nombreux champs disciplinaires: astrophysique, sciences de l&rsquo;environnement, domaines de la sant\u00e9, sciences du sport&#8230; Suivant l\u2019origine de votre financement, votre laboratoire et le statut de votre directeur.rice de&hellip; <a class=\"continue\" href=\"https:\/\/wordpress-test.app.u-pariscite.fr\/doctorat\/sites-des-ecoles-doctorales-partenaires\/\">Lire la suite<span> Les \u00e9coles doctorales partenaires d&rsquo;Universit\u00e9 Paris Cit\u00e9<\/span><\/a><\/p>\n","protected":false},"author":35,"featured_media":0,"parent":0,"menu_order":0,"comment_status":"closed","ping_status":"closed","template":"","meta":{"_et_pb_use_builder":"on","_et_pb_old_content":"","_et_gb_content_width":"","footnotes":""},"class_list":["post-9385","page","type-page","status-publish","hentry"],"_links":{"self":[{"href":"https:\/\/wordpress-test.app.u-pariscite.fr\/doctorat\/wp-json\/wp\/v2\/pages\/9385","targetHints":{"allow":["GET"]}}],"collection":[{"href":"https:\/\/wordpress-test.app.u-pariscite.fr\/doctorat\/wp-json\/wp\/v2\/pages"}],"about":[{"href":"https:\/\/wordpress-test.app.u-pariscite.fr\/doctorat\/wp-json\/wp\/v2\/types\/page"}],"author":[{"embeddable":true,"href":"https:\/\/wordpress-test.app.u-pariscite.fr\/doctorat\/wp-json\/wp\/v2\/users\/35"}],"replies":[{"embeddable":true,"href":"https:\/\/wordpress-test.app.u-pariscite.fr\/doctorat\/wp-json\/wp\/v2\/comments?post=9385"}],"version-history":[{"count":24,"href":"https:\/\/wordpress-test.app.u-pariscite.fr\/doctorat\/wp-json\/wp\/v2\/pages\/9385\/revisions"}],"predecessor-version":[{"id":14967,"href":"https:\/\/wordpress-test.app.u-pariscite.fr\/doctorat\/wp-json\/wp\/v2\/pages\/9385\/revisions\/14967"}],"wp:attachment":[{"href":"https:\/\/wordpress-test.app.u-pariscite.fr\/doctorat\/wp-json\/wp\/v2\/media?parent=9385"}],"curies":[{"name":"wp","href":"https:\/\/api.w.org\/{rel}","templated":true}]}}