{"id":11610,"date":"2022-06-03T14:41:10","date_gmt":"2022-06-03T12:41:10","guid":{"rendered":"https:\/\/wordpress-test.app.u-pariscite.fr\/doctorat\/?page_id=11610"},"modified":"2024-07-10T15:06:08","modified_gmt":"2024-07-10T13:06:08","slug":"cvec-izly-crous","status":"publish","type":"page","link":"https:\/\/wordpress-test.app.u-pariscite.fr\/doctorat\/cvec-izly-crous\/","title":{"rendered":"Doctorat &#8211; CVEC-IZLY-CROUS"},"content":{"rendered":"<p>[et_pb_section bb_built=\u00a0\u00bb1&Prime; inner_width=\u00a0\u00bbauto\u00a0\u00bb inner_max_width=\u00a0\u00bbnone\u00a0\u00bb][et_pb_row][et_pb_column type=\u00a0\u00bb4_4&Prime;][et_pb_text _builder_version=\u00a0\u00bb3.22.1&Prime; text_text_shadow_horizontal_length=\u00a0\u00bbtext_text_shadow_style,%91object Object%93&Prime; text_text_shadow_vertical_length=\u00a0\u00bbtext_text_shadow_style,%91object Object%93&Prime; text_text_shadow_blur_strength=\u00a0\u00bbtext_text_shadow_style,%91object Object%93&Prime; link_text_shadow_horizontal_length=\u00a0\u00bblink_text_shadow_style,%91object Object%93&Prime; link_text_shadow_vertical_length=\u00a0\u00bblink_text_shadow_style,%91object Object%93&Prime; link_text_shadow_blur_strength=\u00a0\u00bblink_text_shadow_style,%91object Object%93&Prime; ul_text_shadow_horizontal_length=\u00a0\u00bbul_text_shadow_style,%91object Object%93&Prime; ul_text_shadow_vertical_length=\u00a0\u00bbul_text_shadow_style,%91object Object%93&Prime; ul_text_shadow_blur_strength=\u00a0\u00bbul_text_shadow_style,%91object Object%93&Prime; ol_text_shadow_horizontal_length=\u00a0\u00bbol_text_shadow_style,%91object Object%93&Prime; ol_text_shadow_vertical_length=\u00a0\u00bbol_text_shadow_style,%91object Object%93&Prime; ol_text_shadow_blur_strength=\u00a0\u00bbol_text_shadow_style,%91object Object%93&Prime; quote_text_shadow_horizontal_length=\u00a0\u00bbquote_text_shadow_style,%91object Object%93&Prime; quote_text_shadow_vertical_length=\u00a0\u00bbquote_text_shadow_style,%91object Object%93&Prime; quote_text_shadow_blur_strength=\u00a0\u00bbquote_text_shadow_style,%91object Object%93&Prime; header_text_shadow_horizontal_length=\u00a0\u00bbheader_text_shadow_style,%91object Object%93&Prime; header_text_shadow_vertical_length=\u00a0\u00bbheader_text_shadow_style,%91object Object%93&Prime; header_text_shadow_blur_strength=\u00a0\u00bbheader_text_shadow_style,%91object Object%93&Prime; header_2_text_shadow_horizontal_length=\u00a0\u00bbheader_2_text_shadow_style,%91object Object%93&Prime; header_2_text_shadow_vertical_length=\u00a0\u00bbheader_2_text_shadow_style,%91object Object%93&Prime; header_2_text_shadow_blur_strength=\u00a0\u00bbheader_2_text_shadow_style,%91object Object%93&Prime; header_3_text_shadow_horizontal_length=\u00a0\u00bbheader_3_text_shadow_style,%91object Object%93&Prime; header_3_text_shadow_vertical_length=\u00a0\u00bbheader_3_text_shadow_style,%91object Object%93&Prime; header_3_text_shadow_blur_strength=\u00a0\u00bbheader_3_text_shadow_style,%91object Object%93&Prime; header_4_text_shadow_horizontal_length=\u00a0\u00bbheader_4_text_shadow_style,%91object Object%93&Prime; header_4_text_shadow_vertical_length=\u00a0\u00bbheader_4_text_shadow_style,%91object Object%93&Prime; header_4_text_shadow_blur_strength=\u00a0\u00bbheader_4_text_shadow_style,%91object Object%93&Prime; header_5_text_shadow_horizontal_length=\u00a0\u00bbheader_5_text_shadow_style,%91object Object%93&Prime; header_5_text_shadow_vertical_length=\u00a0\u00bbheader_5_text_shadow_style,%91object Object%93&Prime; header_5_text_shadow_blur_strength=\u00a0\u00bbheader_5_text_shadow_style,%91object Object%93&Prime; header_6_text_shadow_horizontal_length=\u00a0\u00bbheader_6_text_shadow_style,%91object Object%93&Prime; header_6_text_shadow_vertical_length=\u00a0\u00bbheader_6_text_shadow_style,%91object Object%93&Prime; header_6_text_shadow_blur_strength=\u00a0\u00bbheader_6_text_shadow_style,%91object Object%93&Prime; z_index_tablet=\u00a0\u00bb500&Prime;]<\/p>\n<h1>Services du CROUS : CVEC, carte IZLY<\/h1>\n<p>[\/et_pb_text][\/et_pb_column][\/et_pb_row][et_pb_row][et_pb_column type=\u00a0\u00bb1_4&Prime;][et_pb_image _builder_version=\u00a0\u00bb3.22.1&Prime; src=\u00a0\u00bbhttps:\/\/wordpress-test.app.u-pariscite.fr\/doctorat\/wp-content\/uploads\/sites\/10\/2022\/06\/Crous.png\u00a0\u00bb z_index_tablet=\u00a0\u00bb500&Prime; \/][\/et_pb_column][et_pb_column type=\u00a0\u00bb3_4&Prime;][et_pb_text _builder_version=\u00a0\u00bb3.22.1&Prime; text_text_shadow_horizontal_length=\u00a0\u00bbtext_text_shadow_style,%91object Object%93&Prime; text_text_shadow_vertical_length=\u00a0\u00bbtext_text_shadow_style,%91object Object%93&Prime; text_text_shadow_blur_strength=\u00a0\u00bbtext_text_shadow_style,%91object Object%93&Prime; link_text_shadow_horizontal_length=\u00a0\u00bblink_text_shadow_style,%91object Object%93&Prime; link_text_shadow_vertical_length=\u00a0\u00bblink_text_shadow_style,%91object Object%93&Prime; link_text_shadow_blur_strength=\u00a0\u00bblink_text_shadow_style,%91object Object%93&Prime; ul_text_shadow_horizontal_length=\u00a0\u00bbul_text_shadow_style,%91object Object%93&Prime; ul_text_shadow_vertical_length=\u00a0\u00bbul_text_shadow_style,%91object Object%93&Prime; ul_text_shadow_blur_strength=\u00a0\u00bbul_text_shadow_style,%91object Object%93&Prime; ol_text_shadow_horizontal_length=\u00a0\u00bbol_text_shadow_style,%91object Object%93&Prime; ol_text_shadow_vertical_length=\u00a0\u00bbol_text_shadow_style,%91object Object%93&Prime; ol_text_shadow_blur_strength=\u00a0\u00bbol_text_shadow_style,%91object Object%93&Prime; quote_text_shadow_horizontal_length=\u00a0\u00bbquote_text_shadow_style,%91object Object%93&Prime; quote_text_shadow_vertical_length=\u00a0\u00bbquote_text_shadow_style,%91object Object%93&Prime; quote_text_shadow_blur_strength=\u00a0\u00bbquote_text_shadow_style,%91object Object%93&Prime; header_text_shadow_horizontal_length=\u00a0\u00bbheader_text_shadow_style,%91object Object%93&Prime; header_text_shadow_vertical_length=\u00a0\u00bbheader_text_shadow_style,%91object Object%93&Prime; header_text_shadow_blur_strength=\u00a0\u00bbheader_text_shadow_style,%91object Object%93&Prime; header_2_text_shadow_horizontal_length=\u00a0\u00bbheader_2_text_shadow_style,%91object Object%93&Prime; header_2_text_shadow_vertical_length=\u00a0\u00bbheader_2_text_shadow_style,%91object Object%93&Prime; header_2_text_shadow_blur_strength=\u00a0\u00bbheader_2_text_shadow_style,%91object Object%93&Prime; header_3_text_shadow_horizontal_length=\u00a0\u00bbheader_3_text_shadow_style,%91object Object%93&Prime; header_3_text_shadow_vertical_length=\u00a0\u00bbheader_3_text_shadow_style,%91object Object%93&Prime; header_3_text_shadow_blur_strength=\u00a0\u00bbheader_3_text_shadow_style,%91object Object%93&Prime; header_4_text_shadow_horizontal_length=\u00a0\u00bbheader_4_text_shadow_style,%91object Object%93&Prime; header_4_text_shadow_vertical_length=\u00a0\u00bbheader_4_text_shadow_style,%91object Object%93&Prime; header_4_text_shadow_blur_strength=\u00a0\u00bbheader_4_text_shadow_style,%91object Object%93&Prime; header_5_text_shadow_horizontal_length=\u00a0\u00bbheader_5_text_shadow_style,%91object Object%93&Prime; header_5_text_shadow_vertical_length=\u00a0\u00bbheader_5_text_shadow_style,%91object Object%93&Prime; header_5_text_shadow_blur_strength=\u00a0\u00bbheader_5_text_shadow_style,%91object Object%93&Prime; header_6_text_shadow_horizontal_length=\u00a0\u00bbheader_6_text_shadow_style,%91object Object%93&Prime; header_6_text_shadow_vertical_length=\u00a0\u00bbheader_6_text_shadow_style,%91object Object%93&Prime; header_6_text_shadow_blur_strength=\u00a0\u00bbheader_6_text_shadow_style,%91object Object%93&Prime; z_index_tablet=\u00a0\u00bb500&Prime;]<\/p>\n<p>La CVEC est g\u00e9r\u00e9e et collect\u00e9e par les CROUS (et non par l&rsquo;universit\u00e9).<\/p>\n<p>Pour toute question concernant la CVEC ou la carte IZLY, contactez le CROUS.<\/p>\n<p>Une attestation CVEC est d\u00e9livr\u00e9e par le CROUS, que vous deviez la payer ou \u00eatre exon\u00e9r\u00e9 par le CROUS.<\/p>\n<p>\u00e0 noter : Les <strong>nom et pr\u00e9nom d\u00e9clar\u00e9s sur la CVEC doivent imp\u00e9rativement \u00eatre ceux correspondant \u00e0 votre carte d\u2019identit\u00e9 ou votre passeport.<\/strong><\/p>\n<p>[\/et_pb_text][\/et_pb_column][\/et_pb_row][et_pb_row][et_pb_column type=\u00a0\u00bb4_4&Prime;][et_pb_text _builder_version=\u00a0\u00bb3.22.1&Prime; text_text_shadow_horizontal_length=\u00a0\u00bbtext_text_shadow_style,%91object Object%93&Prime; text_text_shadow_vertical_length=\u00a0\u00bbtext_text_shadow_style,%91object Object%93&Prime; text_text_shadow_blur_strength=\u00a0\u00bbtext_text_shadow_style,%91object Object%93&Prime; link_text_shadow_horizontal_length=\u00a0\u00bblink_text_shadow_style,%91object Object%93&Prime; link_text_shadow_vertical_length=\u00a0\u00bblink_text_shadow_style,%91object Object%93&Prime; link_text_shadow_blur_strength=\u00a0\u00bblink_text_shadow_style,%91object Object%93&Prime; ul_text_shadow_horizontal_length=\u00a0\u00bbul_text_shadow_style,%91object Object%93&Prime; ul_text_shadow_vertical_length=\u00a0\u00bbul_text_shadow_style,%91object Object%93&Prime; ul_text_shadow_blur_strength=\u00a0\u00bbul_text_shadow_style,%91object Object%93&Prime; ol_text_shadow_horizontal_length=\u00a0\u00bbol_text_shadow_style,%91object Object%93&Prime; ol_text_shadow_vertical_length=\u00a0\u00bbol_text_shadow_style,%91object Object%93&Prime; ol_text_shadow_blur_strength=\u00a0\u00bbol_text_shadow_style,%91object Object%93&Prime; quote_text_shadow_horizontal_length=\u00a0\u00bbquote_text_shadow_style,%91object Object%93&Prime; quote_text_shadow_vertical_length=\u00a0\u00bbquote_text_shadow_style,%91object Object%93&Prime; quote_text_shadow_blur_strength=\u00a0\u00bbquote_text_shadow_style,%91object Object%93&Prime; header_text_shadow_horizontal_length=\u00a0\u00bbheader_text_shadow_style,%91object Object%93&Prime; header_text_shadow_vertical_length=\u00a0\u00bbheader_text_shadow_style,%91object Object%93&Prime; header_text_shadow_blur_strength=\u00a0\u00bbheader_text_shadow_style,%91object Object%93&Prime; header_2_text_shadow_horizontal_length=\u00a0\u00bbheader_2_text_shadow_style,%91object Object%93&Prime; header_2_text_shadow_vertical_length=\u00a0\u00bbheader_2_text_shadow_style,%91object Object%93&Prime; header_2_text_shadow_blur_strength=\u00a0\u00bbheader_2_text_shadow_style,%91object Object%93&Prime; header_3_text_shadow_horizontal_length=\u00a0\u00bbheader_3_text_shadow_style,%91object Object%93&Prime; header_3_text_shadow_vertical_length=\u00a0\u00bbheader_3_text_shadow_style,%91object Object%93&Prime; header_3_text_shadow_blur_strength=\u00a0\u00bbheader_3_text_shadow_style,%91object Object%93&Prime; header_4_text_shadow_horizontal_length=\u00a0\u00bbheader_4_text_shadow_style,%91object Object%93&Prime; header_4_text_shadow_vertical_length=\u00a0\u00bbheader_4_text_shadow_style,%91object Object%93&Prime; header_4_text_shadow_blur_strength=\u00a0\u00bbheader_4_text_shadow_style,%91object Object%93&Prime; header_5_text_shadow_horizontal_length=\u00a0\u00bbheader_5_text_shadow_style,%91object Object%93&Prime; header_5_text_shadow_vertical_length=\u00a0\u00bbheader_5_text_shadow_style,%91object Object%93&Prime; header_5_text_shadow_blur_strength=\u00a0\u00bbheader_5_text_shadow_style,%91object Object%93&Prime; header_6_text_shadow_horizontal_length=\u00a0\u00bbheader_6_text_shadow_style,%91object Object%93&Prime; header_6_text_shadow_vertical_length=\u00a0\u00bbheader_6_text_shadow_style,%91object Object%93&Prime; header_6_text_shadow_blur_strength=\u00a0\u00bbheader_6_text_shadow_style,%91object Object%93&Prime; z_index_tablet=\u00a0\u00bb500&Prime;]<\/p>\n<h3>\u00a0<\/h3>\n<h3>\u00a0<\/h3>\n<h3>Contribution Vie \u00c9tudiante et Campus \/ CVEC (service du CROUS)<\/h3>\n<p>La CVEC est la Contribution de vie \u00e9tudiante et de campus. Elle est institu\u00e9e par la\u00a0<a href=\"https:\/\/www.legifrance.gouv.fr\/affichTexte.do;jsessionid=E3D7DFA55317AB4A830B29F5CF82D210.tplgfr29s_1?cidTexte=JORFTEXT000036683777&amp;categorieLien=id\">Loi \u00abOrientation et r\u00e9ussite des \u00e9tudiants\u00bb<\/a>, promulgu\u00e9e le 8 mars 2018. Elle est fix\u00e9e par la loi, et son montant est calcul\u00e9 sur l&rsquo;indice des prix \u00e0 la consommation sur un an de l&rsquo;Insee.<\/p>\n<p>La CVEC est g\u00e9r\u00e9e et collect\u00e9e par les CROUS et concerne les \u00e9tudiants inscrits en formation initiale dans un \u00e9tablissement d\u2019enseignement sup\u00e9rieur en France.<\/p>\n<p>L\u2019universit\u00e9 vous informera de la proc\u00e9dure \u00e0 suivre durant vos d\u00e9marches d\u2019inscription \/ de r\u00e9inscription.<\/p>\n<p>\u00a0<\/p>\n<p><strong>L\u2019universit\u00e9 n\u2019est pas comp\u00e9tente concernant le r\u00e8glement de la CVEC.<\/strong><\/p>\n<p><strong>L\u2019attestation est n\u00e9cessaire pour l\u2019inscription \u00e0 l\u2019universit\u00e9<\/strong>, que l\u2019\u00e9tudiant ait pay\u00e9 le montant de la CVEC, ou qu\u2019il y ait eu exon\u00e9ration par le CROUS.<\/p>\n<p>= C\u2019est le CROUS qui, selon les cas, exon\u00e8re ou demande le paiement de la CVEC lorsque les \u00e9tudiants font leur demande d\u2019attestation en ligne sur le site <a href=\"https:\/\/cvec.etudiant.gouv.fr\/\">https:\/\/cvec.etudiant.gouv.fr\/<\/a><\/p>\n<h4>\u00a0<\/h4>\n<h3><strong>Montant CVEC 2024\/25<\/strong> : <strong>103\u20ac<\/strong><\/h3>\n<p><em>(pour m\u00e9moire, en 2023\/24 : 100\u20ac)<\/em><\/p>\n<p>\u00a0<\/p>\n<p>Doctorants : assurez-vous que <strong>l\u2019Ecole Doctorale<\/strong> a donn\u00e9 son <strong>accord pour l\u2019inscription<\/strong> ou la r\u00e9inscription en th\u00e8se avant de r\u00e9gler votre CVEC (pas de remboursement possible par le CROUS si vous payez la CVEC mais que, <em>in fine,<\/em>\u00a0vous ne vous inscrivez pas).<\/p>\n<p>L&rsquo;attestation CVEC vous <strong>sera demand\u00e9e lors de l&rsquo;inscription<\/strong> en ligne (vous trouverez des pr\u00e9cisions dans le mail automatique que l\u2019universit\u00e9 vous enverra pour vous (r\u00e9)inscrire).<\/p>\n<p>\u00a0<\/p>\n<p>ATTENTION :\u00a0<strong>Le nom de famille<\/strong>\u00a0(= de naissance \/<em>\u00a0LAST NAME<\/em>)<strong>\u00a0et le pr\u00e9nom\u00a0<\/strong>(<em>First name<\/em>)<strong>\u00a0sur la CVEC doivent imp\u00e9rativement \u00eatre les m\u00eames que sur votre pi\u00e8ce d\u2019identit\u00e9.<\/strong><\/p>\n<p>Votre inscription \u00e0 l\u2019universit\u00e9 est bas\u00e9e sur votre\u00a0<strong>nom patronymique (= nom de naissance) :<\/strong><\/p>\n<p>Si les noms et pr\u00e9noms diff\u00e8rent entre CVEC et enregistrement \u00e0 l\u2019Universit\u00e9, le processus d\u2019inscription est bloqu\u00e9.<strong> Il faut alors demander la rectification au CROUS<\/strong> &#8211;&gt; via un formulaire sur l&rsquo;application <a href=\"https:\/\/www.messervices.etudiant.gouv.fr\/envole\/\">MesServicesEtudiant<\/a>\u00a0<\/p>\n<p>Les doctorant\u00b7e\u00b7s dont les noms sont compos\u00e9s doivent \u00eatre tr\u00e8s vigilants.<\/p>\n<p>A l\u2019attention des doctorantes ayant pris comme nom d\u2019usage celui de leur \u00e9poux :\u00a0vous devez\u00a0<u>toujours utiliser votre nom patronymique<\/u>\u00a0(= de naissance) : pour vous inscrire, pour payer la CVEC, et plus g\u00e9n\u00e9ralement pour communiquer avec l\u2019administration, sous peine de provoquer des erreurs, bugs ou conflits dans les applications.<\/p>\n<p>L&rsquo;\u00e9quipe Inscription-Doctorat ne g\u00e8rant pas les CVEC du CROUS, toute demande de correction, modification, rectification sur la CVEC est \u00e0 adresser au CROUS : formulaire sur l&rsquo;application <a href=\"https:\/\/www.messervices.etudiant.gouv.fr\/envole\/\">MesServicesEtudiant<\/a>\u00a0<\/p>\n<p><strong>En savoir plus :\u00a0<a href=\"https:\/\/cvec.etudiant.gouv.fr\/\">https:\/\/cvec.etudiant.gouv.fr\/<\/a><\/strong><\/p>\n<p>\u00a0<\/p>\n<p>\u00a0<\/p>\n<h3>Compte IZLY (service du CROUS)<\/h3>\n<p>Pour le paiement des repas dans les restaurants et caf\u00e9t\u00e9rias universitaires du Crous de Paris : compte IZLY<\/p>\n<blockquote class=\"wp-embedded-content\" data-secret=\"dfvDxVgx6h\"><p><a href=\"https:\/\/www.crous-paris.fr\/restauration\/paiement-izly\/\">PAIEMENT IZLY<\/a><\/p><\/blockquote>\n<p><iframe loading=\"lazy\" class=\"wp-embedded-content\" sandbox=\"allow-scripts\" security=\"restricted\" style=\"position: absolute; clip: rect(1px, 1px, 1px, 1px);\" title=\"&laquo;&nbsp;PAIEMENT IZLY&nbsp;&raquo; &#8212; Crous de Paris\" src=\"https:\/\/www.crous-paris.fr\/restauration\/paiement-izly\/embed\/#?secret=dfvDxVgx6h\" data-secret=\"dfvDxVgx6h\" width=\"600\" height=\"338\" frameborder=\"0\" marginwidth=\"0\" marginheight=\"0\" scrolling=\"no\"><\/iframe><\/p>\n<p><strong>Concernant les repas du CROUS<\/strong>\u00a0:<\/p>\n<p>Informations sur la page\u00a0<a href=\"https:\/\/www.crous-paris.fr\/restauration\/tarifs\">https:\/\/www.crous-paris.fr\/restauration\/tarifs<\/a><\/p>\n<p>IMPORTANT :\u00a0<strong>En attendant que votre universit\u00e9 vous envoie votre carte Etudiant<\/strong>, si votre compte IZLY a \u00e9t\u00e9 cr\u00e9\u00e9 et activ\u00e9 :<\/p>\n<p>\u2013 vous pouvez utiliser un QR code g\u00e9n\u00e9r\u00e9 sur le site web du CROUS (que vous pouvez prendre en photo ou imprimer \/ valable 24h)\u00a0 et r\u00e9gler par carte bancaire<\/p>\n<p>\u00a0<\/p>\n<p>L\u2019universit\u00e9 n\u2019\u00e9tant pas comp\u00e9tente pour les questions de\u00a0<strong>CVEC et IZLY<\/strong>, qui\u00a0<strong>sont des services du CROUS<\/strong>, veuillez\u00a0<strong>vous adresser directement au CROUS pour toute question<\/strong> ou r\u00e9clamation : formulaire sur l\u2019application\u00a0<a href=\"https:\/\/www.messervices.etudiant.gouv.fr\/envole\/\">MesServicesEtudiant<\/a>\u00a0<\/p>\n<p>\u00a0<\/p>\n<p>\u00a0<\/p>\n<p>&lt;&lt; revenir \u00e0 la<a href=\"https:\/\/wordpress-test.app.u-pariscite.fr\/doctorat\/sinscrire-et-se-reinscrire\/\">\u00a0page S\u2019inscrire \/ se r\u00e9inscrire \u2013 Equipe Inscription Doctorat<\/a><\/p>\n<p>\u00a0<\/p>\n<div id=\"content-area\" class=\"clearfix\">\n<div id=\"left-area\">\n<article id=\"post-6743\" class=\"post-6743 page type-page status-publish hentry\">\n<div class=\"entry-content\">\u00a0<\/div>\n<\/article>\n<\/div>\n<\/div>\n<p>[\/et_pb_text][\/et_pb_column][\/et_pb_row][\/et_pb_section]<\/p>\n","protected":false},"excerpt":{"rendered":"<div class=\"et_pb_row et_pb_row_0 et_pb_row_empty\"><\/div>\n<p> Services du CROUS : CVEC, carte IZLY <\/p>\n<div class=\"et_pb_row et_pb_row_1 et_pb_row_empty\"><\/div>\n<p> La CVEC est g\u00e9r\u00e9e et collect\u00e9e par les CROUS (et non par l&rsquo;universit\u00e9). Pour toute question concernant la CVEC ou la carte IZLY, contactez le CROUS. Une attestation CVEC est d\u00e9livr\u00e9e par le CROUS, que vous deviez la payer ou \u00eatre exon\u00e9r\u00e9 par le CROUS. \u00e0&hellip; <a class=\"continue\" href=\"https:\/\/wordpress-test.app.u-pariscite.fr\/doctorat\/cvec-izly-crous\/\">Lire la suite<span> Doctorat &#8211; CVEC-IZLY-CROUS<\/span><\/a><\/p>\n","protected":false},"author":414,"featured_media":0,"parent":0,"menu_order":0,"comment_status":"closed","ping_status":"closed","template":"","meta":{"_et_pb_use_builder":"on","_et_pb_old_content":"","_et_gb_content_width":"","footnotes":""},"class_list":["post-11610","page","type-page","status-publish","hentry"],"_links":{"self":[{"href":"https:\/\/wordpress-test.app.u-pariscite.fr\/doctorat\/wp-json\/wp\/v2\/pages\/11610","targetHints":{"allow":["GET"]}}],"collection":[{"href":"https:\/\/wordpress-test.app.u-pariscite.fr\/doctorat\/wp-json\/wp\/v2\/pages"}],"about":[{"href":"https:\/\/wordpress-test.app.u-pariscite.fr\/doctorat\/wp-json\/wp\/v2\/types\/page"}],"author":[{"embeddable":true,"href":"https:\/\/wordpress-test.app.u-pariscite.fr\/doctorat\/wp-json\/wp\/v2\/users\/414"}],"replies":[{"embeddable":true,"href":"https:\/\/wordpress-test.app.u-pariscite.fr\/doctorat\/wp-json\/wp\/v2\/comments?post=11610"}],"version-history":[{"count":23,"href":"https:\/\/wordpress-test.app.u-pariscite.fr\/doctorat\/wp-json\/wp\/v2\/pages\/11610\/revisions"}],"predecessor-version":[{"id":14821,"href":"https:\/\/wordpress-test.app.u-pariscite.fr\/doctorat\/wp-json\/wp\/v2\/pages\/11610\/revisions\/14821"}],"wp:attachment":[{"href":"https:\/\/wordpress-test.app.u-pariscite.fr\/doctorat\/wp-json\/wp\/v2\/media?parent=11610"}],"curies":[{"name":"wp","href":"https:\/\/api.w.org\/{rel}","templated":true}]}}