{"id":10474,"date":"2021-09-16T16:18:47","date_gmt":"2021-09-16T14:18:47","guid":{"rendered":"https:\/\/wordpress-test.app.u-pariscite.fr\/doctorat\/?page_id=10474"},"modified":"2023-07-07T11:54:19","modified_gmt":"2023-07-07T09:54:19","slug":"mission-hors-enseignement-2","status":"publish","type":"page","link":"https:\/\/wordpress-test.app.u-pariscite.fr\/doctorat\/mission-hors-enseignement-2\/","title":{"rendered":"Mission hors enseignement"},"content":{"rendered":"<p>[et_pb_section bb_built=\u00a0\u00bb1&Prime; inner_width=\u00a0\u00bbauto\u00a0\u00bb inner_max_width=\u00a0\u00bbnone\u00a0\u00bb next_background_color=\u00a0\u00bb#000000&Prime;][et_pb_row][et_pb_column type=\u00a0\u00bb4_4&Prime;][et_pb_text]<\/p>\n<p>\n<strong>Il existe trois types de missions compl\u00e9mentaires \u00ab\u00a0hors enseignement \u00ab\u00a0, r\u00e9serv\u00e9es aux doctorant.e.s contractuel.le.s<\/strong>\u00a0(au sens du d\u00e9cret du 23 avril 2009 modifi\u00e9) inscrits en 1e, 2e ou 3e ann\u00e9e de th\u00e8se\u00a0<strong>:<\/strong><\/p>\n<ul>\n<li><strong>diffusion<\/strong>\u00a0<strong>de l\u2019information scientifique<\/strong>\u00a0(r\u00e9daction d\u2019articles, journalisme scientifique, mise en place et animation d\u2019ateliers p\u00e9dagogiques\u2026)<\/li>\n<li><strong>valorisation<\/strong>\u00a0<strong>des r\u00e9sultats de la recherche scientifique et technique<\/strong>\u00a0(promotion de la technologie, prospection, \u00e9tude sur le d\u00e9p\u00f4t d\u2019un brevet, activit\u00e9 de veille technologique, recherche d\u2019applications pour une technologie\u2026)<\/li>\n<li><strong>expertise<\/strong>\u00a0: effectu\u00e9e en entreprise, collectivit\u00e9 territoriale, administration, \u00e9tablissement public, association ou fondation (analyse juridique, \u00e9tude de march\u00e9 ou de faisabilit\u00e9, conseil, recherches bibliographiques, exp\u00e9rimentations, enqu\u00eates, r\u00e9alisation de site web, accompagnement de projet\u2026)<\/li>\n<\/ul>\n<p>D\u2019une dur\u00e9e de\u00a0<strong>un an (renouvelable dans la limite de la dur\u00e9e du contrat doctoral),<\/strong>\u00a0la mission doit repr\u00e9senter au maximum 1\/6e du service annuel du doctorant contractuel, soit\u00a0<strong>32 jours annuels.<\/strong><\/p>\n<p>Ces missions, qui entrent dans le domaine de comp\u00e9tences du.de la doctorant.e mais ne pr\u00e9sentent pas n\u00e9cessairement de lien direct avec le sujet de recherche, repr\u00e9sentent une excellente pr\u00e9paration aux futur.e.s docteur.e.s qui se destinent \u00e0 des carri\u00e8res dans le priv\u00e9, en permettant notamment\u00a0:<\/p>\n<ul>\n<li>de s\u2019ouvrir \u00e0 d\u2019autres domaines<\/li>\n<li>d\u2019acqu\u00e9rir de nouvelles comp\u00e9tences<\/li>\n<li>d\u2019accro\u00eetre ses connaissances<\/li>\n<li>d\u2019\u00e9largir sa culture scientifique<\/li>\n<li>de rencontrer d\u2019autres acteurs de la recherche..<\/li>\n<\/ul>\n<p>Un doctorant contractuel peut exercer une des activit\u00e9s compl\u00e9mentaires ( enseignement ou mission de valorisation, de diffusion, d&rsquo;expertise) seule ou une combinaison de ces activit\u00e9s, \u00e0 condition que le cumul de ces activit\u00e9s ne d\u00e9passe pas 1\/6<sup>e<\/sup> de la dur\u00e9e annuelle de travail. Cette disposition permet de diversifier les exp\u00e9riences acquises par le doctorant au cours de son contrat.<\/p>\n<p>Par exemple, un doctorant pourra effectuer 32 heures \u00e9quivalent TD d&rsquo;enseignement et 16 jours d&rsquo;expertise. Il faut l&rsquo;accord pr\u00e9alable du service employeur.<\/p>\n<p>[\/et_pb_text][et_pb_toggle _builder_version=\u00a0\u00bb3.22.1&Prime; title=\u00a0\u00bbModalit\u00e9s de recrutement \u00a0\u00bb text_shadow_horizontal_length=\u00a0\u00bbtext_shadow_style,%91object Object%93&Prime; text_shadow_vertical_length=\u00a0\u00bbtext_shadow_style,%91object Object%93&Prime; text_shadow_blur_strength=\u00a0\u00bbtext_shadow_style,%91object Object%93&Prime; title_text_shadow_horizontal_length=\u00a0\u00bbtitle_text_shadow_style,%91object Object%93&Prime; title_text_shadow_vertical_length=\u00a0\u00bbtitle_text_shadow_style,%91object Object%93&Prime; title_text_shadow_blur_strength=\u00a0\u00bbtitle_text_shadow_style,%91object Object%93&Prime; body_text_shadow_horizontal_length=\u00a0\u00bbbody_text_shadow_style,%91object Object%93&Prime; body_text_shadow_vertical_length=\u00a0\u00bbbody_text_shadow_style,%91object Object%93&Prime; body_text_shadow_blur_strength=\u00a0\u00bbbody_text_shadow_style,%91object Object%93&Prime; z_index_tablet=\u00a0\u00bb500&Prime;]<\/p>\n<p>Les\u00a0<strong>offres et les proc\u00e9dures de recrutement<\/strong>\u00a0aux missions hors enseignement d\u00e9pendent des \u00e9tablissements. Le nombre de doctorant.e.s susceptibles d\u2019\u00eatre recrut\u00e9.e.s pour chacune de ces missions est variable.<\/p>\n<p>Les missions hors enseignement, diffus\u00e9es par Universit\u00e9 Paris Cit\u00e9, sont pr\u00e9sent\u00e9es sous forme de <strong>fiches de postes.<\/strong><\/p>\n<p>Les doctorant.e.s contractuel.le.s inscrit.e.s dans un autre \u00e9tablissement peuvent \u00eatre recrut\u00e9.e.s, mais les doctorant.e.s contractuel.le.s inscrit.e.s \u00e0 Universit\u00e9 Paris Cit\u00e9 sont prioritaires lors du recrutement pour les missions compl\u00e9mentaires.<\/p>\n<p>Il est possible d\u2019obtenir une mission hors enseignement dans un \u00e9tablissement autre que son \u00e9tablissement employeur (celui avec lequel vous avez sign\u00e9 votre contrat doctoral). Une convention est alors mise en place entre l\u2019\u00e9tablissement employeur et l\u2019\u00e9tablissement qui vous a recrut\u00e9 pour la mission compl\u00e9mentaire.<\/p>\n<p><em>Attention\u00a0: la mise en place des conventions peut prendre du temps et engendrer des retards de traitement de salaire.<\/em><\/p>\n<p>A la fin de leur mission, les doctorant.e.s doivent fournir \u00e0 leur Universit\u00e9 un rapport final d\u2019activit\u00e9.<\/p>\n<p>[\/et_pb_toggle][et_pb_toggle _builder_version=\u00a0\u00bb3.22.1&Prime; title=\u00a0\u00bbSources de financement\u00a0\u00bb text_shadow_horizontal_length=\u00a0\u00bbtext_shadow_style,%91object Object%93&Prime; text_shadow_vertical_length=\u00a0\u00bbtext_shadow_style,%91object Object%93&Prime; text_shadow_blur_strength=\u00a0\u00bbtext_shadow_style,%91object Object%93&Prime; title_text_shadow_horizontal_length=\u00a0\u00bbtitle_text_shadow_style,%91object Object%93&Prime; title_text_shadow_vertical_length=\u00a0\u00bbtitle_text_shadow_style,%91object Object%93&Prime; title_text_shadow_blur_strength=\u00a0\u00bbtitle_text_shadow_style,%91object Object%93&Prime; body_text_shadow_horizontal_length=\u00a0\u00bbbody_text_shadow_style,%91object Object%93&Prime; body_text_shadow_vertical_length=\u00a0\u00bbbody_text_shadow_style,%91object Object%93&Prime; body_text_shadow_blur_strength=\u00a0\u00bbbody_text_shadow_style,%91object Object%93&Prime; z_index_tablet=\u00a0\u00bb500&Prime;]<\/p>\n<ul>\n<li><strong>Missions financ\u00e9es par Universit\u00e9 Paris Cit\u00e9<\/strong> :\n<p>Des missions compl\u00e9mentaires \u00a0peuvent \u00eatre \u00a0financ\u00e9es par l\u2019Universit\u00e9, principalement des missions d\u2019expertise (Ex anima 75). Les offres sont g\u00e9n\u00e9ralement actualis\u00e9es et diffus\u00e9es sur le site du p\u00f4le du Coll\u00e8ge des Ecoles Doctorales et HDR.<\/p>\n<\/li>\n<li><strong>Missions financ\u00e9es par une structure interne ou externe \u00e0 Universit\u00e9 Paris cit\u00e9\u00a0<\/strong> :\n<p>Des missions propos\u00e9es par des structures ext\u00e9rieures sont parfois diffus\u00e9es sur le site du p\u00f4le Coll\u00e8ge des Ecoles Doctorales et HDR . Mais, vous pouvez \u00e9galement trouver par vous-m\u00eame un organisme d\u2019accueil dans lequel effectuer votre mission compl\u00e9mentaire.<\/p>\n<p>Recommandations aux doctorant.e.s contractuel.le.s :<\/p>\n<p>\u2013 il est vivement conseill\u00e9 de soumettre vos demandes au bureau du Coll\u00e8ge des Ecoles Doctorales (CED)\u00a0<strong>avant mi-octobre<\/strong>\u00a0pour une mission devant \u00eatre effectu\u00e9e durant l\u2019ann\u00e9e universitaire en cours.<\/p>\n<p>\u2013 cas de candidature spontan\u00e9e\u00a0: si la structure ne propose pas de mission doctorale, \u00e9laborez un projet \u00e0 lui pr\u00e9senter.<br \/>\u2013 recensez les arguments en faveur de votre valeur ajout\u00e9e : int\u00e9r\u00eat pour l\u2019organisme d\u2019accueil de profiter de vos comp\u00e9tences, de vos m\u00e9thodes de recherche, etc.<br \/>\u2013 selon le type de structure, sachez que la mission d\u2019expertise peut \u00eatre \u00e9ligible au\u00a0<a href=\"https:\/\/www.enseignementsup-recherche.gouv.fr\/cid114521\/guide-du-credit-d-impot-recherche-2017.html\">Cr\u00e9dit Imp\u00f4t Recherche (CIR)\u00a0<\/a><\/p>\n<\/li>\n<\/ul>\n<p>[\/et_pb_toggle][et_pb_toggle _builder_version=\u00a0\u00bb3.22.1&Prime; title=\u00a0\u00bbProc\u00e9dure de recrutement \u00a0\u00bb text_shadow_horizontal_length=\u00a0\u00bbtext_shadow_style,%91object Object%93&Prime; text_shadow_vertical_length=\u00a0\u00bbtext_shadow_style,%91object Object%93&Prime; text_shadow_blur_strength=\u00a0\u00bbtext_shadow_style,%91object Object%93&Prime; title_text_shadow_horizontal_length=\u00a0\u00bbtitle_text_shadow_style,%91object Object%93&Prime; title_text_shadow_vertical_length=\u00a0\u00bbtitle_text_shadow_style,%91object Object%93&Prime; title_text_shadow_blur_strength=\u00a0\u00bbtitle_text_shadow_style,%91object Object%93&Prime; body_text_shadow_horizontal_length=\u00a0\u00bbbody_text_shadow_style,%91object Object%93&Prime; body_text_shadow_vertical_length=\u00a0\u00bbbody_text_shadow_style,%91object Object%93&Prime; body_text_shadow_blur_strength=\u00a0\u00bbbody_text_shadow_style,%91object Object%93&Prime; z_index_tablet=\u00a0\u00bb500&Prime;]<\/p>\n<ul>\n<li><strong><u>Missions financ\u00e9es par Universit\u00e9 de Paris<\/u><\/strong>\n<ul>\n<li>Consulter les offres (fiches de poste)<\/li>\n<li>T\u00e9l\u00e9charger <a href=\"https:\/\/wordpress-test.app.u-pariscite.fr\/doctorat\/wp-content\/uploads\/sites\/10\/2022\/06\/MHE-ext_Fichedeposte-FicheCandidature-2022-23-1.docx\"><strong>le formulaire de candidature<\/strong><\/a><\/li>\n<\/ul>\n<\/li>\n<\/ul>\n<p>Transmettre par mail, \u00e0 l\u2019\u00e9quipe Financement du D\u00e9partement gestion administrative des doctorants, le dossier de candidature complet (formulaire de candidature d\u00fbment compl\u00e9t\u00e9 et sign\u00e9 + CV + lettre de motivation, et le cas \u00e9ch\u00e9ant, tout autre document demand\u00e9 dans la fiche de poste), avant la date indiqu\u00e9e sur la fiche de poste, \u00e0\u00a0:\u00a0<a href=\"mailto:financement.doctorat.drive@wordpress-test.app.u-pariscite.fr\">financement.doctorat.drive@wordpress-test.app.u-pariscite.fr<\/a><\/p>\n<p>Les dossiers sont ensuite examin\u00e9s par le bureau du Coll\u00e8ge des Ecoles Doctorales, et les candidat.e.s sont inform\u00e9.e.s par mail des r\u00e9sultats d\u2019attribution.<\/p>\n<ul>\n<li><strong><u>Missions financ\u00e9es par une structure interne ou ext\u00e9rieure<\/u><\/strong>\u00a0<em>(proc\u00e9dure valable uniquement pour les\u00a0\u00a0 b\u00e9n\u00e9ficiaires d\u2019un contrat doctoral Universit\u00e9 de Paris ; pour les autres doctorants, contactez le service RH de votre \u00e9tablissement employeur)<\/em>\n<ul>\n<li>\u00a0Prendre contact avec la structure partenaire qui financera votre mission doctorale (entreprise, collectivit\u00e9, association, fondation\u2026)<\/li>\n<li>Lui faire remplir un projet de convention tripartite*, et une fiche de poste (peut \u00eatre remplac\u00e9e par un projet de mission r\u00e9dig\u00e9 par la structure d\u2019accueil). Mod\u00e8les \u00e0 demander aupr\u00e8s de votre gestionnaire RH Universit\u00e9 de Paris<\/li>\n<li>Compl\u00e9ter <a href=\"https:\/\/wordpress-test.app.u-pariscite.fr\/doctorat\/wp-content\/uploads\/sites\/10\/2022\/06\/MHE-ext_Fichedeposte-FicheCandidature-2022-23-1.docx\">le formulaire de candidature<\/a> et le faire signer par vos directeurs de th\u00e8se, d\u2019ED et de laboratoire<\/li>\n<li>Transmettre par mail, pour validation par le bureau du CED, le dossier de candidature complet (formulaire + fiche de poste + convention tripartite), \u00e0 \u00a0<a href=\"mailto:financement.doctorat.drive@wordpress-test.app.u-pariscite.fr\">financement.doctorat.drive@wordpress-test.app.u-pariscite.fr<\/a><\/li>\n<li>Les dossiers sont examin\u00e9s par le bureau du Coll\u00e8ge des Ecoles Doctorales (CED), et les candidat.e.s sont \u00a0inform\u00e9.e.s par mail de la validation par le Conseil.<\/li>\n<\/ul>\n<\/li>\n<\/ul>\n<p>(*) convention tripartite\u00a0<strong>:\u00a0<\/strong>est \u00e9tablie entre vous, votre \u00e9tablissement employeur (i.e. avec lequel vous avez sign\u00e9 votre contrat doctoral), et la structure qui vous emploie pour la mission compl\u00e9mentaire.<br \/>En effet, contrat doctoral et mission sont indissociables\u00a0:\u00a0vous n\u2019\u00eates pas pay\u00e9 directement par l\u2019organisme d\u2019accueil, c\u2019est votre \u00e9tablissement employeur qui vous verse l\u2019int\u00e9gralit\u00e9 de votre salaire (activit\u00e9s de recherche + mission).\u00a0Cette convention indique le montant que la structure devra reverser \u00e0 votre \u00e9tablissement employeur. Pour vous la procurer, faites la demande \u00e0 votre \u00e9tablissement employeur.<\/p>\n<p>&nbsp;<\/p>\n<p>[\/et_pb_toggle][\/et_pb_column][\/et_pb_row][et_pb_row admin_label=\u00a0\u00bbMISSION ANIMA 75&Prime; _builder_version=\u00a0\u00bb3.22.1&Prime; z_index_tablet=\u00a0\u00bb500&Prime;][et_pb_column type=\u00a0\u00bb1_2&Prime;][\/et_pb_column][et_pb_column type=\u00a0\u00bb1_2&Prime;][\/et_pb_column][\/et_pb_row][\/et_pb_section][et_pb_section bb_built=\u00a0\u00bb1&Prime; fullwidth=\u00a0\u00bboff\u00a0\u00bb specialty=\u00a0\u00bboff\u00a0\u00bb prev_background_color=\u00a0\u00bb#000000&Prime; inner_width=\u00a0\u00bbauto\u00a0\u00bb inner_max_width=\u00a0\u00bbnone\u00a0\u00bb][et_pb_row][et_pb_column type=\u00a0\u00bb4_4&Prime;][et_pb_text _builder_version=\u00a0\u00bb3.22.1&Prime; text_text_shadow_horizontal_length=\u00a0\u00bbtext_text_shadow_style,%91object Object%93&Prime; text_text_shadow_vertical_length=\u00a0\u00bbtext_text_shadow_style,%91object Object%93&Prime; text_text_shadow_blur_strength=\u00a0\u00bbtext_text_shadow_style,%91object Object%93&Prime; link_text_shadow_horizontal_length=\u00a0\u00bblink_text_shadow_style,%91object Object%93&Prime; link_text_shadow_vertical_length=\u00a0\u00bblink_text_shadow_style,%91object Object%93&Prime; link_text_shadow_blur_strength=\u00a0\u00bblink_text_shadow_style,%91object Object%93&Prime; ul_text_shadow_horizontal_length=\u00a0\u00bbul_text_shadow_style,%91object Object%93&Prime; ul_text_shadow_vertical_length=\u00a0\u00bbul_text_shadow_style,%91object Object%93&Prime; ul_text_shadow_blur_strength=\u00a0\u00bbul_text_shadow_style,%91object Object%93&Prime; ol_text_shadow_horizontal_length=\u00a0\u00bbol_text_shadow_style,%91object Object%93&Prime; ol_text_shadow_vertical_length=\u00a0\u00bbol_text_shadow_style,%91object Object%93&Prime; ol_text_shadow_blur_strength=\u00a0\u00bbol_text_shadow_style,%91object Object%93&Prime; quote_text_shadow_horizontal_length=\u00a0\u00bbquote_text_shadow_style,%91object Object%93&Prime; quote_text_shadow_vertical_length=\u00a0\u00bbquote_text_shadow_style,%91object Object%93&Prime; quote_text_shadow_blur_strength=\u00a0\u00bbquote_text_shadow_style,%91object Object%93&Prime; header_text_shadow_horizontal_length=\u00a0\u00bbheader_text_shadow_style,%91object Object%93&Prime; header_text_shadow_vertical_length=\u00a0\u00bbheader_text_shadow_style,%91object Object%93&Prime; header_text_shadow_blur_strength=\u00a0\u00bbheader_text_shadow_style,%91object Object%93&Prime; header_2_text_shadow_horizontal_length=\u00a0\u00bbheader_2_text_shadow_style,%91object Object%93&Prime; header_2_text_shadow_vertical_length=\u00a0\u00bbheader_2_text_shadow_style,%91object Object%93&Prime; header_2_text_shadow_blur_strength=\u00a0\u00bbheader_2_text_shadow_style,%91object Object%93&Prime; header_3_text_shadow_horizontal_length=\u00a0\u00bbheader_3_text_shadow_style,%91object Object%93&Prime; header_3_text_shadow_vertical_length=\u00a0\u00bbheader_3_text_shadow_style,%91object Object%93&Prime; header_3_text_shadow_blur_strength=\u00a0\u00bbheader_3_text_shadow_style,%91object Object%93&Prime; header_4_text_shadow_horizontal_length=\u00a0\u00bbheader_4_text_shadow_style,%91object Object%93&Prime; header_4_text_shadow_vertical_length=\u00a0\u00bbheader_4_text_shadow_style,%91object Object%93&Prime; header_4_text_shadow_blur_strength=\u00a0\u00bbheader_4_text_shadow_style,%91object Object%93&Prime; header_5_text_shadow_horizontal_length=\u00a0\u00bbheader_5_text_shadow_style,%91object Object%93&Prime; header_5_text_shadow_vertical_length=\u00a0\u00bbheader_5_text_shadow_style,%91object Object%93&Prime; header_5_text_shadow_blur_strength=\u00a0\u00bbheader_5_text_shadow_style,%91object Object%93&Prime; header_6_text_shadow_horizontal_length=\u00a0\u00bbheader_6_text_shadow_style,%91object Object%93&Prime; header_6_text_shadow_vertical_length=\u00a0\u00bbheader_6_text_shadow_style,%91object Object%93&Prime; header_6_text_shadow_blur_strength=\u00a0\u00bbheader_6_text_shadow_style,%91object Object%93&Prime; z_index_tablet=\u00a0\u00bb500&Prime;]<\/p>\n<h2 style=\"text-align: center\">Missions Hors Enseignement\u00a0 &#8211; Fiches de poste 2023 &#8211; 2024\u00a0<\/h2>\n<p>[\/et_pb_text][\/et_pb_column][\/et_pb_row][et_pb_row][et_pb_column type=\u00a0\u00bb1_3&Prime;][et_pb_image _builder_version=\u00a0\u00bb3.22.1&Prime; src=\u00a0\u00bbhttps:\/\/wordpress-test.app.u-pariscite.fr\/doctorat\/wp-content\/uploads\/sites\/10\/2022\/06\/IMAGE-ANIMA-75_1920.jpg\u00a0\u00bb z_index_tablet=\u00a0\u00bb500&Prime; \/][et_pb_text _builder_version=\u00a0\u00bb3.22.1&Prime; text_text_shadow_horizontal_length=\u00a0\u00bbtext_text_shadow_style,%91object Object%93&Prime; text_text_shadow_vertical_length=\u00a0\u00bbtext_text_shadow_style,%91object Object%93&Prime; text_text_shadow_blur_strength=\u00a0\u00bbtext_text_shadow_style,%91object Object%93&Prime; link_text_shadow_horizontal_length=\u00a0\u00bblink_text_shadow_style,%91object Object%93&Prime; link_text_shadow_vertical_length=\u00a0\u00bblink_text_shadow_style,%91object Object%93&Prime; link_text_shadow_blur_strength=\u00a0\u00bblink_text_shadow_style,%91object Object%93&Prime; ul_text_shadow_horizontal_length=\u00a0\u00bbul_text_shadow_style,%91object Object%93&Prime; ul_text_shadow_vertical_length=\u00a0\u00bbul_text_shadow_style,%91object Object%93&Prime; ul_text_shadow_blur_strength=\u00a0\u00bbul_text_shadow_style,%91object Object%93&Prime; ol_text_shadow_horizontal_length=\u00a0\u00bbol_text_shadow_style,%91object Object%93&Prime; ol_text_shadow_vertical_length=\u00a0\u00bbol_text_shadow_style,%91object Object%93&Prime; ol_text_shadow_blur_strength=\u00a0\u00bbol_text_shadow_style,%91object Object%93&Prime; quote_text_shadow_horizontal_length=\u00a0\u00bbquote_text_shadow_style,%91object Object%93&Prime; quote_text_shadow_vertical_length=\u00a0\u00bbquote_text_shadow_style,%91object Object%93&Prime; quote_text_shadow_blur_strength=\u00a0\u00bbquote_text_shadow_style,%91object Object%93&Prime; header_text_shadow_horizontal_length=\u00a0\u00bbheader_text_shadow_style,%91object Object%93&Prime; header_text_shadow_vertical_length=\u00a0\u00bbheader_text_shadow_style,%91object Object%93&Prime; header_text_shadow_blur_strength=\u00a0\u00bbheader_text_shadow_style,%91object Object%93&Prime; header_2_text_shadow_horizontal_length=\u00a0\u00bbheader_2_text_shadow_style,%91object Object%93&Prime; header_2_text_shadow_vertical_length=\u00a0\u00bbheader_2_text_shadow_style,%91object Object%93&Prime; header_2_text_shadow_blur_strength=\u00a0\u00bbheader_2_text_shadow_style,%91object Object%93&Prime; header_3_text_shadow_horizontal_length=\u00a0\u00bbheader_3_text_shadow_style,%91object Object%93&Prime; header_3_text_shadow_vertical_length=\u00a0\u00bbheader_3_text_shadow_style,%91object Object%93&Prime; header_3_text_shadow_blur_strength=\u00a0\u00bbheader_3_text_shadow_style,%91object Object%93&Prime; header_4_text_shadow_horizontal_length=\u00a0\u00bbheader_4_text_shadow_style,%91object Object%93&Prime; header_4_text_shadow_vertical_length=\u00a0\u00bbheader_4_text_shadow_style,%91object Object%93&Prime; header_4_text_shadow_blur_strength=\u00a0\u00bbheader_4_text_shadow_style,%91object Object%93&Prime; header_5_text_shadow_horizontal_length=\u00a0\u00bbheader_5_text_shadow_style,%91object Object%93&Prime; header_5_text_shadow_vertical_length=\u00a0\u00bbheader_5_text_shadow_style,%91object Object%93&Prime; header_5_text_shadow_blur_strength=\u00a0\u00bbheader_5_text_shadow_style,%91object Object%93&Prime; header_6_text_shadow_horizontal_length=\u00a0\u00bbheader_6_text_shadow_style,%91object Object%93&Prime; header_6_text_shadow_vertical_length=\u00a0\u00bbheader_6_text_shadow_style,%91object Object%93&Prime; header_6_text_shadow_blur_strength=\u00a0\u00bbheader_6_text_shadow_style,%91object Object%93&Prime; z_index_tablet=\u00a0\u00bb500&Prime;]<\/p>\n<h4><strong>Missions d&rsquo;expertise &#8211; ANIMA 75<\/strong><\/h4>\n<p>[\/et_pb_text][et_pb_button admin_label=\u00a0\u00bbBouton   &#8211; Ajouter lien vers la page\u00a0\u00bb _builder_version=\u00a0\u00bb3.22.1&Prime; button_text=\u00a0\u00bbPOSTULER\u00a0\u00bb button_alignment=\u00a0\u00bbleft\u00a0\u00bb button_text_shadow_horizontal_length=\u00a0\u00bbbutton_text_shadow_style,%91object Object%93&Prime; button_text_shadow_vertical_length=\u00a0\u00bbbutton_text_shadow_style,%91object Object%93&Prime; button_text_shadow_blur_strength=\u00a0\u00bbbutton_text_shadow_style,%91object Object%93&Prime; z_index_tablet=\u00a0\u00bb500&Prime; background_layout=\u00a0\u00bbdark\u00a0\u00bb custom_button=\u00a0\u00bbon\u00a0\u00bb button_bg_color=\u00a0\u00bb#8a1538&Prime; button_border_width=\u00a0\u00bb4&Prime; button_border_radius=\u00a0\u00bb26&Prime; button_icon=\u00a0\u00bb%%20%%\u00a0\u00bb button_border_color=\u00a0\u00bb#8a1538&Prime; button_url=\u00a0\u00bbhttps:\/\/wordpress-test.app.u-pariscite.fr\/doctorat\/missions-anima75-annee-2022-2023-mission-dexpertise\/\u00a0\u00bb \/][\/et_pb_column][et_pb_column type=\u00a0\u00bb1_3&Prime;][\/et_pb_column][et_pb_column type=\u00a0\u00bb1_3&Prime;][\/et_pb_column][\/et_pb_row][\/et_pb_section]<\/p>\n","protected":false},"excerpt":{"rendered":"<div class=\"et_pb_row et_pb_row_0 et_pb_row_empty\"><\/div>\n<div class=\"et_pb_module et_pb_text et_pb_text_0  et_pb_text_align_left et_pb_bg_layout_light\"><\/div>\n<p> Il existe trois types de missions compl\u00e9mentaires \u00ab\u00a0hors enseignement \u00ab\u00a0, r\u00e9serv\u00e9es aux doctorant.e.s contractuel.le.s\u00a0(au sens du d\u00e9cret du 23 avril 2009 modifi\u00e9) inscrits en 1e, 2e ou 3e ann\u00e9e de th\u00e8se\u00a0: diffusion\u00a0de l\u2019information scientifique\u00a0(r\u00e9daction d\u2019articles, journalisme scientifique, mise en place et animation d\u2019ateliers p\u00e9dagogiques\u2026) valorisation\u00a0des r\u00e9sultats de la recherche scientifique et technique\u00a0(promotion de la&hellip; <a class=\"continue\" href=\"https:\/\/wordpress-test.app.u-pariscite.fr\/doctorat\/mission-hors-enseignement-2\/\">Lire la suite<span> Mission hors enseignement<\/span><\/a><\/p>\n","protected":false},"author":347,"featured_media":0,"parent":0,"menu_order":0,"comment_status":"closed","ping_status":"closed","template":"","meta":{"_et_pb_use_builder":"on","_et_pb_old_content":"<p><strong>Il existe trois types de missions compl\u00e9mentaires \u00ab\u00a0hors enseignement \u00ab\u00a0, r\u00e9serv\u00e9es aux doctorant.e.s contractuel.le.s<\/strong>\u00a0(au sens du d\u00e9cret du 23 avril 2009 modifi\u00e9) inscrits en 1e, 2e ou 3e ann\u00e9e de th\u00e8se\u00a0<strong>:<\/strong><\/p><ul><li><strong>diffusion<\/strong>\u00a0<strong>de l\u2019information scientifique<\/strong>\u00a0(r\u00e9daction d\u2019articles, journalisme scientifique, mise en place et animation d\u2019ateliers p\u00e9dagogiques\u2026)<\/li><li><strong>valorisation<\/strong>\u00a0<strong>des r\u00e9sultats de la recherche scientifique et technique<\/strong>\u00a0(promotion de la technologie, prospection, \u00e9tude sur le d\u00e9p\u00f4t d\u2019un brevet, activit\u00e9 de veille technologique, recherche d\u2019applications pour une technologie\u2026)<\/li><li><strong>expertise<\/strong>\u00a0: effectu\u00e9e en entreprise, collectivit\u00e9 territoriale, administration, \u00e9tablissement public, association ou fondation (analyse juridique, \u00e9tude de march\u00e9 ou de faisabilit\u00e9, conseil, recherches bibliographiques, exp\u00e9rimentations, enqu\u00eates, r\u00e9alisation de site web, accompagnement de projet\u2026)<\/li><\/ul><p>D\u2019une dur\u00e9e de\u00a0<strong>un an (renouvelable dans la limite de la dur\u00e9e du contrat doctoral),<\/strong>\u00a0la mission doit repr\u00e9senter au maximum 1\/6e du service annuel du doctorant contractuel, soit\u00a0<strong>32 jours annuels.<\/strong><\/p><p>Ces missions, qui entrent dans le domaine de comp\u00e9tences du.de la doctorant.e mais ne pr\u00e9sentent pas n\u00e9cessairement de lien direct avec le sujet de recherche, repr\u00e9sentent une excellente pr\u00e9paration aux futur.e.s docteur.e.s qui se destinent \u00e0 des carri\u00e8res dans le priv\u00e9, en permettant notamment\u00a0:<\/p><ul><li>de s\u2019ouvrir \u00e0 d\u2019autres domaines<\/li><li>d\u2019acqu\u00e9rir de nouvelles comp\u00e9tences<\/li><li>d\u2019accro\u00eetre ses connaissances<\/li><li>d\u2019\u00e9largir sa culture scientifique<\/li><li>de rencontrer d\u2019autres acteurs de la recherche..<\/li><\/ul><p>Un doctorant contractuel peut exercer une des activit\u00e9s compl\u00e9mentaires ( enseignement ou mission de valorisation, de diffusion, d'expertise) seule ou une combinaison de ces activit\u00e9s, \u00e0 condition que le cumul de ces activit\u00e9s ne d\u00e9passe pas 1\/6<sup>e<\/sup> de la dur\u00e9e annuelle de travail. Cette disposition permet de diversifier les exp\u00e9riences acquises par le doctorant au cours de son contrat.<\/p><p>Par exemple, un doctorant pourra effectuer 32 heures \u00e9quivalent TD d'enseignement et 16 jours d'expertise. Il faut l'accord pr\u00e9alable du service employeur.<\/p>","_et_gb_content_width":"","footnotes":""},"class_list":["post-10474","page","type-page","status-publish","hentry"],"_links":{"self":[{"href":"https:\/\/wordpress-test.app.u-pariscite.fr\/doctorat\/wp-json\/wp\/v2\/pages\/10474","targetHints":{"allow":["GET"]}}],"collection":[{"href":"https:\/\/wordpress-test.app.u-pariscite.fr\/doctorat\/wp-json\/wp\/v2\/pages"}],"about":[{"href":"https:\/\/wordpress-test.app.u-pariscite.fr\/doctorat\/wp-json\/wp\/v2\/types\/page"}],"author":[{"embeddable":true,"href":"https:\/\/wordpress-test.app.u-pariscite.fr\/doctorat\/wp-json\/wp\/v2\/users\/347"}],"replies":[{"embeddable":true,"href":"https:\/\/wordpress-test.app.u-pariscite.fr\/doctorat\/wp-json\/wp\/v2\/comments?post=10474"}],"version-history":[{"count":51,"href":"https:\/\/wordpress-test.app.u-pariscite.fr\/doctorat\/wp-json\/wp\/v2\/pages\/10474\/revisions"}],"predecessor-version":[{"id":13133,"href":"https:\/\/wordpress-test.app.u-pariscite.fr\/doctorat\/wp-json\/wp\/v2\/pages\/10474\/revisions\/13133"}],"wp:attachment":[{"href":"https:\/\/wordpress-test.app.u-pariscite.fr\/doctorat\/wp-json\/wp\/v2\/media?parent=10474"}],"curies":[{"name":"wp","href":"https:\/\/api.w.org\/{rel}","templated":true}]}}