{"id":72,"date":"2020-09-22T11:46:09","date_gmt":"2020-09-22T09:46:09","guid":{"rendered":"https:\/\/wordpress-test.app.u-pariscite.fr\/diip\/?page_id=72"},"modified":"2024-10-21T17:48:13","modified_gmt":"2024-10-21T15:48:13","slug":"strategic-projects","status":"publish","type":"page","link":"https:\/\/wordpress-test.app.u-pariscite.fr\/diip\/projects\/opportunities\/strategic-projects\/","title":{"rendered":"Strategic projects"},"content":{"rendered":"<p>[et_pb_section fb_built=&#8221;1&#8243; _builder_version=&#8221;3.22&#8243;][et_pb_row _builder_version=&#8221;3.22&#8243; background_size=&#8221;initial&#8221; background_position=&#8221;top_left&#8221; background_repeat=&#8221;repeat&#8221;][et_pb_column type=&#8221;4_4&#8243; _builder_version=&#8221;3.0.47&#8243;][et_pb_post_title meta=&#8221;off&#8221; featured_image=&#8221;off&#8221; admin_label=&#8221;Titre de la page&#8221; _builder_version=&#8221;3.19.11&#8243;][\/et_pb_post_title][\/et_pb_column][\/et_pb_row][et_pb_row _builder_version=&#8221;3.22&#8243; background_size=&#8221;initial&#8221; background_position=&#8221;top_left&#8221; background_repeat=&#8221;repeat&#8221;][et_pb_column type=&#8221;3_4&#8243; _builder_version=&#8221;3.0.47&#8243;][et_pb_text admin_label=&#8221;Intro&#8221; module_id=&#8221;intro&#8221; _builder_version=&#8221;3.22.1&#8243; z_index_tablet=&#8221;500&#8243;]<\/p>\n<div class=\"page\" title=\"Page 1\">\n<div class=\"layoutArea\">\n<div class=\"column\">\n<div class=\"page\" title=\"Page 5\">\n<div class=\"section\">\n<div class=\"layoutArea\">\n<div class=\"column\">\n<p>The diiP institute will host and partly finance a small number of interdisciplinary Strategic Projects, of duration up to 12 months each, with the goal to contribute to both the analysis and implementation aspects.<\/p>\n<\/div>\n<\/div>\n<\/div>\n<\/div>\n<\/div>\n<\/div>\n<\/div>\n<p>[\/et_pb_text][\/et_pb_column][et_pb_column type=&#8221;1_4&#8243; _builder_version=&#8221;3.0.47&#8243;][\/et_pb_column][\/et_pb_row][et_pb_row module_id=&#8221;image-page-type&#8221; _builder_version=&#8221;3.22&#8243;][et_pb_column type=&#8221;3_4&#8243; _builder_version=&#8221;3.0.47&#8243;][et_pb_image src=&#8221;https:\/\/wordpress-test.app.u-pariscite.fr\/diip\/wp-content\/uploads\/sites\/27\/2020\/10\/hans-peter-gauster-3y1zF4hIPCg-unsplash-1.jpg&#8221; admin_label=&#8221;Image 1920 x 1080&#8243; module_id=&#8221;image-page&#8221; _builder_version=&#8221;3.22.1&#8243; z_index_tablet=&#8221;500&#8243;][\/et_pb_image][\/et_pb_column][et_pb_column type=&#8221;1_4&#8243; _builder_version=&#8221;3.0.47&#8243;][et_pb_text admin_label=&#8221;Texte image&#8221; module_id=&#8221;texte-image&#8221; _builder_version=&#8221;3.22.1&#8243; custom_margin=&#8221;|-15px||&#8221; z_index_tablet=&#8221;500&#8243;][\/et_pb_text][\/et_pb_column][\/et_pb_row][et_pb_row _builder_version=&#8221;3.22&#8243; background_size=&#8221;initial&#8221; background_position=&#8221;top_left&#8221; background_repeat=&#8221;repeat&#8221;][et_pb_column type=&#8221;4_4&#8243; _builder_version=&#8221;3.0.47&#8243;][et_pb_text admin_label=&#8221;l\u00e9gende&#8221; module_id=&#8221;legende&#8221; _builder_version=&#8221;3.22.1&#8243; z_index_tablet=&#8221;500&#8243;][\/et_pb_text][\/et_pb_column][\/et_pb_row][et_pb_row _builder_version=&#8221;3.22&#8243; background_size=&#8221;initial&#8221; background_position=&#8221;top_left&#8221; background_repeat=&#8221;repeat&#8221;][et_pb_column type=&#8221;3_4&#8243; _builder_version=&#8221;3.0.47&#8243;][et_pb_text module_id=&#8221;contenu&#8221; _builder_version=&#8221;3.22.1&#8243; z_index_tablet=&#8221;500&#8243;]<\/p>\n<p>Every year 2-4 interdisciplinary Strategic Projects of duration up to 12 months each will be supported (typical funding scale: \u20ac50,000). The financing will be in the form of human power: an institute\u2019s research associate will dedicate a number of their person months to each one of the selected Strategic Projects. The research associate will be a data science expert (with experience in some of: data management, data analytics, statistics, machine learning, artificial intelligence, visualization), and will contribute to both the analysis and implementation aspects of the projects. The projects should be interdisciplinary, and advance the state of the art in terms of novel designs\/solutions\/systems\/results related to data science and data intelligence.<\/p>\n<h3>2022 call for proposals<\/h3>\n<p>The diiP institute will support interdisciplinary projects that advance the state of the art in terms of novel designs\/solutions\/systems\/results related to data science and data intelligence. Thanks to additional financing, diiP will support projects related to fairness of AI algorithms and to detection\/analysis of disinformation (a.k.a. fake news).<\/p>\n<p>The diiP institute will assign 6, or 12 person-months (in both cases spread across an entire calendar year) of one of the diiP research associates to the project.\u00a0The projects should take place between January-December of the following calendar year.\u00a0<\/p>\n<p>The leader of the project (principal investigator) must be affiliated with one of the diiP partner institutions: Universit\u00e9 Paris Cit\u00e9, SciencesPo, Universit\u00e9 Sorbonne Nord, and INED. Collaborations among partner institutions and synergies with other <a href=\"https:\/\/wordpress-test.app.u-pariscite.fr\/les-instituts\/\">interdisciplinary IdEx institutes<\/a> at the Universit\u00e9 Paris Cit\u00e9 are encouraged.\u00a0<\/p>\n<p>Deadline for project proposals: <strong>September 30, 12 noon (Paris time)<\/strong>.<\/p>\n<p>Please follow the <a href=\"https:\/\/wordpress-test.app.u-pariscite.fr\/diip\/wp-content\/uploads\/sites\/27\/2021\/07\/diiP-Call-for-Strategic-projects-2022.docx.pdf\" target=\"_blank\" rel=\"noopener noreferrer\">guidelines and instructions on how to apply<\/a>.<\/p>\n<p><strong>This call is now closed.<\/strong><\/p>\n<p>[\/et_pb_text][\/et_pb_column][et_pb_column type=&#8221;1_4&#8243; _builder_version=&#8221;3.0.47&#8243;][\/et_pb_column][\/et_pb_row][\/et_pb_section][et_pb_section fb_built=&#8221;1&#8243; _builder_version=&#8221;3.22&#8243; custom_padding=&#8221;0px||0px|&#8221;][et_pb_row custom_margin=&#8221;120px||&#8221; _builder_version=&#8221;3.22.1&#8243; locked=&#8221;off&#8221;][et_pb_column type=&#8221;4_4&#8243; _builder_version=&#8221;3.0.47&#8243;][et_pb_divider _builder_version=&#8221;3.22.1&#8243;][\/et_pb_divider][et_pb_text admin_label=&#8221;\u00c0 lire aussi&#8221; _builder_version=&#8221;3.22.1&#8243; z_index_tablet=&#8221;500&#8243;]<\/p>\n<h2><span class=\"st\">Strategic projects<br \/><\/span><\/h2>\n<p>[\/et_pb_text][et_pb_blog posts_number=&#8221;4&#8243; include_categories=&#8221;26&#8243; show_author=&#8221;off&#8221; show_date=&#8221;off&#8221; show_pagination=&#8221;off&#8221; module_id=&#8221;page_type_blog&#8221; _builder_version=&#8221;3.22.1&#8243; header_level=&#8221;h4&#8243; border_width_bottom_fullwidth=&#8221;1px&#8221; border_color_bottom_fullwidth=&#8221;rgba(51,51,51,0.18)&#8221; custom_padding=&#8221;||50px|&#8221; z_index_tablet=&#8221;500&#8243;][\/et_pb_blog][\/et_pb_column][\/et_pb_row][\/et_pb_section]<\/p>\n","protected":false},"excerpt":{"rendered":"<p>The diiP institute will host and partly finance a small number of interdisciplinary Strategic Projects, of duration up to 12 months each, with the goal to contribute to both the analysis and implementation aspects. Every year 2-4 interdisciplinary Strategic Projects of duration up to 12 months each will be supported (typical funding scale: \u20ac50,000). The&hellip; <a class=\"continue\" href=\"https:\/\/wordpress-test.app.u-pariscite.fr\/diip\/projects\/opportunities\/strategic-projects\/\">Lire la suite<span> Strategic projects<\/span><\/a><\/p>\n","protected":false},"author":35,"featured_media":0,"parent":1694,"menu_order":0,"comment_status":"closed","ping_status":"closed","template":"","meta":{"_et_pb_use_builder":"on","_et_pb_old_content":"","_et_gb_content_width":"","footnotes":""},"class_list":["post-72","page","type-page","status-publish","hentry"],"_links":{"self":[{"href":"https:\/\/wordpress-test.app.u-pariscite.fr\/diip\/wp-json\/wp\/v2\/pages\/72","targetHints":{"allow":["GET"]}}],"collection":[{"href":"https:\/\/wordpress-test.app.u-pariscite.fr\/diip\/wp-json\/wp\/v2\/pages"}],"about":[{"href":"https:\/\/wordpress-test.app.u-pariscite.fr\/diip\/wp-json\/wp\/v2\/types\/page"}],"author":[{"embeddable":true,"href":"https:\/\/wordpress-test.app.u-pariscite.fr\/diip\/wp-json\/wp\/v2\/users\/35"}],"replies":[{"embeddable":true,"href":"https:\/\/wordpress-test.app.u-pariscite.fr\/diip\/wp-json\/wp\/v2\/comments?post=72"}],"version-history":[{"count":13,"href":"https:\/\/wordpress-test.app.u-pariscite.fr\/diip\/wp-json\/wp\/v2\/pages\/72\/revisions"}],"predecessor-version":[{"id":2463,"href":"https:\/\/wordpress-test.app.u-pariscite.fr\/diip\/wp-json\/wp\/v2\/pages\/72\/revisions\/2463"}],"up":[{"embeddable":true,"href":"https:\/\/wordpress-test.app.u-pariscite.fr\/diip\/wp-json\/wp\/v2\/pages\/1694"}],"wp:attachment":[{"href":"https:\/\/wordpress-test.app.u-pariscite.fr\/diip\/wp-json\/wp\/v2\/media?parent=72"}],"curies":[{"name":"wp","href":"https:\/\/api.w.org\/{rel}","templated":true}]}}