{"id":54,"date":"2020-11-24T11:03:16","date_gmt":"2020-11-24T10:03:16","guid":{"rendered":"https:\/\/wordpress-test.app.u-pariscite.fr\/cmh\/?page_id=54"},"modified":"2022-06-29T15:12:18","modified_gmt":"2022-06-29T13:12:18","slug":"droit-geopolitique-monde-arabe","status":"publish","type":"page","link":"https:\/\/wordpress-test.app.u-pariscite.fr\/cmh\/axes-de-recherche\/droit-geopolitique-monde-arabe\/","title":{"rendered":"Droit et g\u00e9opolitique du monde arabe"},"content":{"rendered":"<p>[et_pb_section bb_built=\u00a0\u00bb1&Prime; next_background_color=\u00a0\u00bb#000000&Prime; inner_width=\u00a0\u00bbauto\u00a0\u00bb inner_max_width=\u00a0\u00bbnone\u00a0\u00bb][et_pb_row][et_pb_column type=\u00a0\u00bb4_4&Prime;][et_pb_post_title admin_label=\u00a0\u00bbTitre de la page\u00a0\u00bb _builder_version=\u00a0\u00bb3.19.11&Prime; meta=\u00a0\u00bboff\u00a0\u00bb featured_image=\u00a0\u00bboff\u00a0\u00bb \/][\/et_pb_column][\/et_pb_row][et_pb_row][et_pb_column type=\u00a0\u00bb3_4&Prime;][et_pb_text admin_label=\u00a0\u00bbIntro\u00a0\u00bb _builder_version=\u00a0\u00bb3.22.1&Prime; module_id=\u00a0\u00bbintro\u00a0\u00bb text_text_shadow_horizontal_length=\u00a0\u00bbtext_text_shadow_style,%91object Object%93&Prime; text_text_shadow_vertical_length=\u00a0\u00bbtext_text_shadow_style,%91object Object%93&Prime; text_text_shadow_blur_strength=\u00a0\u00bbtext_text_shadow_style,%91object Object%93&Prime; link_text_shadow_horizontal_length=\u00a0\u00bblink_text_shadow_style,%91object Object%93&Prime; link_text_shadow_vertical_length=\u00a0\u00bblink_text_shadow_style,%91object Object%93&Prime; link_text_shadow_blur_strength=\u00a0\u00bblink_text_shadow_style,%91object Object%93&Prime; ul_text_shadow_horizontal_length=\u00a0\u00bbul_text_shadow_style,%91object Object%93&Prime; ul_text_shadow_vertical_length=\u00a0\u00bbul_text_shadow_style,%91object Object%93&Prime; ul_text_shadow_blur_strength=\u00a0\u00bbul_text_shadow_style,%91object Object%93&Prime; ol_text_shadow_horizontal_length=\u00a0\u00bbol_text_shadow_style,%91object Object%93&Prime; ol_text_shadow_vertical_length=\u00a0\u00bbol_text_shadow_style,%91object Object%93&Prime; ol_text_shadow_blur_strength=\u00a0\u00bbol_text_shadow_style,%91object Object%93&Prime; quote_text_shadow_horizontal_length=\u00a0\u00bbquote_text_shadow_style,%91object Object%93&Prime; quote_text_shadow_vertical_length=\u00a0\u00bbquote_text_shadow_style,%91object Object%93&Prime; quote_text_shadow_blur_strength=\u00a0\u00bbquote_text_shadow_style,%91object Object%93&Prime; header_text_shadow_horizontal_length=\u00a0\u00bbheader_text_shadow_style,%91object Object%93&Prime; header_text_shadow_vertical_length=\u00a0\u00bbheader_text_shadow_style,%91object Object%93&Prime; header_text_shadow_blur_strength=\u00a0\u00bbheader_text_shadow_style,%91object Object%93&Prime; header_2_text_shadow_horizontal_length=\u00a0\u00bbheader_2_text_shadow_style,%91object Object%93&Prime; header_2_text_shadow_vertical_length=\u00a0\u00bbheader_2_text_shadow_style,%91object Object%93&Prime; header_2_text_shadow_blur_strength=\u00a0\u00bbheader_2_text_shadow_style,%91object Object%93&Prime; header_3_text_shadow_horizontal_length=\u00a0\u00bbheader_3_text_shadow_style,%91object Object%93&Prime; header_3_text_shadow_vertical_length=\u00a0\u00bbheader_3_text_shadow_style,%91object Object%93&Prime; header_3_text_shadow_blur_strength=\u00a0\u00bbheader_3_text_shadow_style,%91object Object%93&Prime; header_4_text_shadow_horizontal_length=\u00a0\u00bbheader_4_text_shadow_style,%91object Object%93&Prime; header_4_text_shadow_vertical_length=\u00a0\u00bbheader_4_text_shadow_style,%91object Object%93&Prime; header_4_text_shadow_blur_strength=\u00a0\u00bbheader_4_text_shadow_style,%91object Object%93&Prime; header_5_text_shadow_horizontal_length=\u00a0\u00bbheader_5_text_shadow_style,%91object Object%93&Prime; header_5_text_shadow_vertical_length=\u00a0\u00bbheader_5_text_shadow_style,%91object Object%93&Prime; header_5_text_shadow_blur_strength=\u00a0\u00bbheader_5_text_shadow_style,%91object Object%93&Prime; header_6_text_shadow_horizontal_length=\u00a0\u00bbheader_6_text_shadow_style,%91object Object%93&Prime; header_6_text_shadow_vertical_length=\u00a0\u00bbheader_6_text_shadow_style,%91object Object%93&Prime; header_6_text_shadow_blur_strength=\u00a0\u00bbheader_6_text_shadow_style,%91object Object%93&Prime; z_index_tablet=\u00a0\u00bb500&Prime;]<\/p>\n<div class=\"page\" title=\"Page 1\">\n<div class=\"layoutArea\">\n<div class=\"column\">\n<p>Le Centre Maurice Hauriou compte plusieurs publicistes et politistes sp\u00e9cialistes du monde arabe, ce qui lui conf\u00e8re une v\u00e9ritable expertise dans le domaine.<\/p>\n<\/div>\n<\/div>\n<\/div>\n<p>[\/et_pb_text][\/et_pb_column][et_pb_column type=\u00a0\u00bb1_4&Prime;][\/et_pb_column][\/et_pb_row][et_pb_row _builder_version=\u00a0\u00bb3.19.11&Prime; module_id=\u00a0\u00bbimage-page-type\u00a0\u00bb width=\u00a0\u00bb80%\u00a0\u00bb max_width=\u00a0\u00bb1080px\u00a0\u00bb][et_pb_column type=\u00a0\u00bb3_4&Prime;][et_pb_image admin_label=\u00a0\u00bbImage 1920 x 1080&Prime; _builder_version=\u00a0\u00bb3.22.1&Prime; src=\u00a0\u00bbhttps:\/\/wordpress-test.app.u-pariscite.fr\/cmh\/wp-content\/uploads\/sites\/35\/2022\/06\/Monde-arabe.jpg\u00a0\u00bb module_id=\u00a0\u00bbimage-page\u00a0\u00bb z_index_tablet=\u00a0\u00bb500&Prime; \/][\/et_pb_column][et_pb_column type=\u00a0\u00bb1_4&Prime;][et_pb_text admin_label=\u00a0\u00bbL\u00e9gende image\u00a0\u00bb _builder_version=\u00a0\u00bb3.22.1&Prime; module_id=\u00a0\u00bbtexte-image\u00a0\u00bb custom_margin=\u00a0\u00bb|-15px||\u00a0\u00bb text_text_shadow_horizontal_length=\u00a0\u00bbtext_text_shadow_style,%91object Object%93&Prime; text_text_shadow_vertical_length=\u00a0\u00bbtext_text_shadow_style,%91object Object%93&Prime; text_text_shadow_blur_strength=\u00a0\u00bbtext_text_shadow_style,%91object Object%93&Prime; link_text_shadow_horizontal_length=\u00a0\u00bblink_text_shadow_style,%91object Object%93&Prime; link_text_shadow_vertical_length=\u00a0\u00bblink_text_shadow_style,%91object Object%93&Prime; link_text_shadow_blur_strength=\u00a0\u00bblink_text_shadow_style,%91object Object%93&Prime; ul_text_shadow_horizontal_length=\u00a0\u00bbul_text_shadow_style,%91object Object%93&Prime; ul_text_shadow_vertical_length=\u00a0\u00bbul_text_shadow_style,%91object Object%93&Prime; ul_text_shadow_blur_strength=\u00a0\u00bbul_text_shadow_style,%91object Object%93&Prime; ol_text_shadow_horizontal_length=\u00a0\u00bbol_text_shadow_style,%91object Object%93&Prime; ol_text_shadow_vertical_length=\u00a0\u00bbol_text_shadow_style,%91object Object%93&Prime; ol_text_shadow_blur_strength=\u00a0\u00bbol_text_shadow_style,%91object Object%93&Prime; quote_text_shadow_horizontal_length=\u00a0\u00bbquote_text_shadow_style,%91object Object%93&Prime; quote_text_shadow_vertical_length=\u00a0\u00bbquote_text_shadow_style,%91object Object%93&Prime; quote_text_shadow_blur_strength=\u00a0\u00bbquote_text_shadow_style,%91object Object%93&Prime; header_text_shadow_horizontal_length=\u00a0\u00bbheader_text_shadow_style,%91object Object%93&Prime; header_text_shadow_vertical_length=\u00a0\u00bbheader_text_shadow_style,%91object Object%93&Prime; header_text_shadow_blur_strength=\u00a0\u00bbheader_text_shadow_style,%91object Object%93&Prime; header_2_text_shadow_horizontal_length=\u00a0\u00bbheader_2_text_shadow_style,%91object Object%93&Prime; header_2_text_shadow_vertical_length=\u00a0\u00bbheader_2_text_shadow_style,%91object Object%93&Prime; header_2_text_shadow_blur_strength=\u00a0\u00bbheader_2_text_shadow_style,%91object Object%93&Prime; header_3_text_shadow_horizontal_length=\u00a0\u00bbheader_3_text_shadow_style,%91object Object%93&Prime; header_3_text_shadow_vertical_length=\u00a0\u00bbheader_3_text_shadow_style,%91object Object%93&Prime; header_3_text_shadow_blur_strength=\u00a0\u00bbheader_3_text_shadow_style,%91object Object%93&Prime; header_4_text_shadow_horizontal_length=\u00a0\u00bbheader_4_text_shadow_style,%91object Object%93&Prime; header_4_text_shadow_vertical_length=\u00a0\u00bbheader_4_text_shadow_style,%91object Object%93&Prime; header_4_text_shadow_blur_strength=\u00a0\u00bbheader_4_text_shadow_style,%91object Object%93&Prime; header_5_text_shadow_horizontal_length=\u00a0\u00bbheader_5_text_shadow_style,%91object Object%93&Prime; header_5_text_shadow_vertical_length=\u00a0\u00bbheader_5_text_shadow_style,%91object Object%93&Prime; header_5_text_shadow_blur_strength=\u00a0\u00bbheader_5_text_shadow_style,%91object Object%93&Prime; header_6_text_shadow_horizontal_length=\u00a0\u00bbheader_6_text_shadow_style,%91object Object%93&Prime; header_6_text_shadow_vertical_length=\u00a0\u00bbheader_6_text_shadow_style,%91object Object%93&Prime; header_6_text_shadow_blur_strength=\u00a0\u00bbheader_6_text_shadow_style,%91object Object%93&Prime; z_index_tablet=\u00a0\u00bb500&Prime; \/][\/et_pb_column][\/et_pb_row][et_pb_row][et_pb_column type=\u00a0\u00bb4_4&Prime;][et_pb_text admin_label=\u00a0\u00bbCopyright\u00a0\u00bb _builder_version=\u00a0\u00bb3.22.1&Prime; module_id=\u00a0\u00bblegende\u00a0\u00bb text_text_shadow_horizontal_length=\u00a0\u00bbtext_text_shadow_style,%91object Object%93&Prime; text_text_shadow_vertical_length=\u00a0\u00bbtext_text_shadow_style,%91object Object%93&Prime; text_text_shadow_blur_strength=\u00a0\u00bbtext_text_shadow_style,%91object Object%93&Prime; link_text_shadow_horizontal_length=\u00a0\u00bblink_text_shadow_style,%91object Object%93&Prime; link_text_shadow_vertical_length=\u00a0\u00bblink_text_shadow_style,%91object Object%93&Prime; link_text_shadow_blur_strength=\u00a0\u00bblink_text_shadow_style,%91object Object%93&Prime; ul_text_shadow_horizontal_length=\u00a0\u00bbul_text_shadow_style,%91object Object%93&Prime; ul_text_shadow_vertical_length=\u00a0\u00bbul_text_shadow_style,%91object Object%93&Prime; ul_text_shadow_blur_strength=\u00a0\u00bbul_text_shadow_style,%91object Object%93&Prime; ol_text_shadow_horizontal_length=\u00a0\u00bbol_text_shadow_style,%91object Object%93&Prime; ol_text_shadow_vertical_length=\u00a0\u00bbol_text_shadow_style,%91object Object%93&Prime; ol_text_shadow_blur_strength=\u00a0\u00bbol_text_shadow_style,%91object Object%93&Prime; quote_text_shadow_horizontal_length=\u00a0\u00bbquote_text_shadow_style,%91object Object%93&Prime; quote_text_shadow_vertical_length=\u00a0\u00bbquote_text_shadow_style,%91object Object%93&Prime; quote_text_shadow_blur_strength=\u00a0\u00bbquote_text_shadow_style,%91object Object%93&Prime; header_text_shadow_horizontal_length=\u00a0\u00bbheader_text_shadow_style,%91object Object%93&Prime; header_text_shadow_vertical_length=\u00a0\u00bbheader_text_shadow_style,%91object Object%93&Prime; header_text_shadow_blur_strength=\u00a0\u00bbheader_text_shadow_style,%91object Object%93&Prime; header_2_text_shadow_horizontal_length=\u00a0\u00bbheader_2_text_shadow_style,%91object Object%93&Prime; header_2_text_shadow_vertical_length=\u00a0\u00bbheader_2_text_shadow_style,%91object Object%93&Prime; header_2_text_shadow_blur_strength=\u00a0\u00bbheader_2_text_shadow_style,%91object Object%93&Prime; header_3_text_shadow_horizontal_length=\u00a0\u00bbheader_3_text_shadow_style,%91object Object%93&Prime; header_3_text_shadow_vertical_length=\u00a0\u00bbheader_3_text_shadow_style,%91object Object%93&Prime; header_3_text_shadow_blur_strength=\u00a0\u00bbheader_3_text_shadow_style,%91object Object%93&Prime; header_4_text_shadow_horizontal_length=\u00a0\u00bbheader_4_text_shadow_style,%91object Object%93&Prime; header_4_text_shadow_vertical_length=\u00a0\u00bbheader_4_text_shadow_style,%91object Object%93&Prime; header_4_text_shadow_blur_strength=\u00a0\u00bbheader_4_text_shadow_style,%91object Object%93&Prime; header_5_text_shadow_horizontal_length=\u00a0\u00bbheader_5_text_shadow_style,%91object Object%93&Prime; header_5_text_shadow_vertical_length=\u00a0\u00bbheader_5_text_shadow_style,%91object Object%93&Prime; header_5_text_shadow_blur_strength=\u00a0\u00bbheader_5_text_shadow_style,%91object Object%93&Prime; header_6_text_shadow_horizontal_length=\u00a0\u00bbheader_6_text_shadow_style,%91object Object%93&Prime; header_6_text_shadow_vertical_length=\u00a0\u00bbheader_6_text_shadow_style,%91object Object%93&Prime; header_6_text_shadow_blur_strength=\u00a0\u00bbheader_6_text_shadow_style,%91object Object%93&Prime; z_index_tablet=\u00a0\u00bb500&Prime;]<\/p>\n<div class=\"page\" title=\"Page 1\">\n<div class=\"layoutArea\">\n<div class=\"column\">\n<p>\u00a9 Anthony Beck<\/p>\n<\/div>\n<\/div>\n<\/div>\n<p>[\/et_pb_text][\/et_pb_column][\/et_pb_row][et_pb_row][et_pb_column type=\u00a0\u00bb3_4&Prime;][et_pb_text _builder_version=\u00a0\u00bb3.22.1&Prime; module_id=\u00a0\u00bbcontenu\u00a0\u00bb text_text_shadow_horizontal_length=\u00a0\u00bbtext_text_shadow_style,%91object Object%93&Prime; text_text_shadow_vertical_length=\u00a0\u00bbtext_text_shadow_style,%91object Object%93&Prime; text_text_shadow_blur_strength=\u00a0\u00bbtext_text_shadow_style,%91object Object%93&Prime; link_text_shadow_horizontal_length=\u00a0\u00bblink_text_shadow_style,%91object Object%93&Prime; link_text_shadow_vertical_length=\u00a0\u00bblink_text_shadow_style,%91object Object%93&Prime; link_text_shadow_blur_strength=\u00a0\u00bblink_text_shadow_style,%91object Object%93&Prime; ul_text_shadow_horizontal_length=\u00a0\u00bbul_text_shadow_style,%91object Object%93&Prime; ul_text_shadow_vertical_length=\u00a0\u00bbul_text_shadow_style,%91object Object%93&Prime; ul_text_shadow_blur_strength=\u00a0\u00bbul_text_shadow_style,%91object Object%93&Prime; ol_text_shadow_horizontal_length=\u00a0\u00bbol_text_shadow_style,%91object Object%93&Prime; ol_text_shadow_vertical_length=\u00a0\u00bbol_text_shadow_style,%91object Object%93&Prime; ol_text_shadow_blur_strength=\u00a0\u00bbol_text_shadow_style,%91object Object%93&Prime; quote_text_shadow_horizontal_length=\u00a0\u00bbquote_text_shadow_style,%91object Object%93&Prime; quote_text_shadow_vertical_length=\u00a0\u00bbquote_text_shadow_style,%91object Object%93&Prime; quote_text_shadow_blur_strength=\u00a0\u00bbquote_text_shadow_style,%91object Object%93&Prime; header_text_shadow_horizontal_length=\u00a0\u00bbheader_text_shadow_style,%91object Object%93&Prime; header_text_shadow_vertical_length=\u00a0\u00bbheader_text_shadow_style,%91object Object%93&Prime; header_text_shadow_blur_strength=\u00a0\u00bbheader_text_shadow_style,%91object Object%93&Prime; header_2_text_shadow_horizontal_length=\u00a0\u00bbheader_2_text_shadow_style,%91object Object%93&Prime; header_2_text_shadow_vertical_length=\u00a0\u00bbheader_2_text_shadow_style,%91object Object%93&Prime; header_2_text_shadow_blur_strength=\u00a0\u00bbheader_2_text_shadow_style,%91object Object%93&Prime; header_3_text_shadow_horizontal_length=\u00a0\u00bbheader_3_text_shadow_style,%91object Object%93&Prime; header_3_text_shadow_vertical_length=\u00a0\u00bbheader_3_text_shadow_style,%91object Object%93&Prime; header_3_text_shadow_blur_strength=\u00a0\u00bbheader_3_text_shadow_style,%91object Object%93&Prime; header_4_text_shadow_horizontal_length=\u00a0\u00bbheader_4_text_shadow_style,%91object Object%93&Prime; header_4_text_shadow_vertical_length=\u00a0\u00bbheader_4_text_shadow_style,%91object Object%93&Prime; header_4_text_shadow_blur_strength=\u00a0\u00bbheader_4_text_shadow_style,%91object Object%93&Prime; header_5_text_shadow_horizontal_length=\u00a0\u00bbheader_5_text_shadow_style,%91object Object%93&Prime; header_5_text_shadow_vertical_length=\u00a0\u00bbheader_5_text_shadow_style,%91object Object%93&Prime; header_5_text_shadow_blur_strength=\u00a0\u00bbheader_5_text_shadow_style,%91object Object%93&Prime; header_6_text_shadow_horizontal_length=\u00a0\u00bbheader_6_text_shadow_style,%91object Object%93&Prime; header_6_text_shadow_vertical_length=\u00a0\u00bbheader_6_text_shadow_style,%91object Object%93&Prime; header_6_text_shadow_blur_strength=\u00a0\u00bbheader_6_text_shadow_style,%91object Object%93&Prime; z_index_tablet=\u00a0\u00bb500&Prime;]<\/p>\n<p>&#8211; <em>La justice administrative dans le monde arabe<\/em>\u00a0: une s\u00e9rie de manifestations scientifiques en partenariat avec les Conseils d&rsquo;\u00c9tat des pays du monde arabe est men\u00e9e. Ces \u00e9changes donneront lieu \u00e0 la publication d&rsquo;un ouvrages sur les grands arr\u00eats de la justice constitutionnelle et administrative dans le monde arabe. En effet, ces deux justices sont en plein d\u00e9veloppement dans les pays arabes, instaurant de nouvelles modalit\u00e9s de contr\u00f4le de la constitutionnalit\u00e9 des lois. Ce mouvement de d\u00e9veloppement et de sp\u00e9cialisation de la justice administrative est-il le signe d&rsquo;une volont\u00e9 de plus grande soumission de l&rsquo;administration au droit ? Les analyses nationales en langues anglaise et fran\u00e7aise sur ce point \u00e9tant tr\u00e8s rares, l&rsquo;\u00e9tude des d\u00e9cisions rendues par ces tribunaux est une n\u00e9cessit\u00e9.<\/p>\n<p>[\/et_pb_text][et_pb_text _builder_version=\u00a0\u00bb3.22.1&Prime; text_text_shadow_horizontal_length=\u00a0\u00bbtext_text_shadow_style,%91object Object%93&Prime; text_text_shadow_vertical_length=\u00a0\u00bbtext_text_shadow_style,%91object Object%93&Prime; text_text_shadow_blur_strength=\u00a0\u00bbtext_text_shadow_style,%91object Object%93&Prime; link_text_shadow_horizontal_length=\u00a0\u00bblink_text_shadow_style,%91object Object%93&Prime; link_text_shadow_vertical_length=\u00a0\u00bblink_text_shadow_style,%91object Object%93&Prime; link_text_shadow_blur_strength=\u00a0\u00bblink_text_shadow_style,%91object Object%93&Prime; ul_text_shadow_horizontal_length=\u00a0\u00bbul_text_shadow_style,%91object Object%93&Prime; ul_text_shadow_vertical_length=\u00a0\u00bbul_text_shadow_style,%91object Object%93&Prime; ul_text_shadow_blur_strength=\u00a0\u00bbul_text_shadow_style,%91object Object%93&Prime; ol_text_shadow_horizontal_length=\u00a0\u00bbol_text_shadow_style,%91object Object%93&Prime; ol_text_shadow_vertical_length=\u00a0\u00bbol_text_shadow_style,%91object Object%93&Prime; ol_text_shadow_blur_strength=\u00a0\u00bbol_text_shadow_style,%91object Object%93&Prime; quote_text_shadow_horizontal_length=\u00a0\u00bbquote_text_shadow_style,%91object Object%93&Prime; quote_text_shadow_vertical_length=\u00a0\u00bbquote_text_shadow_style,%91object Object%93&Prime; quote_text_shadow_blur_strength=\u00a0\u00bbquote_text_shadow_style,%91object Object%93&Prime; header_text_shadow_horizontal_length=\u00a0\u00bbheader_text_shadow_style,%91object Object%93&Prime; header_text_shadow_vertical_length=\u00a0\u00bbheader_text_shadow_style,%91object Object%93&Prime; header_text_shadow_blur_strength=\u00a0\u00bbheader_text_shadow_style,%91object Object%93&Prime; header_2_text_shadow_horizontal_length=\u00a0\u00bbheader_2_text_shadow_style,%91object Object%93&Prime; header_2_text_shadow_vertical_length=\u00a0\u00bbheader_2_text_shadow_style,%91object Object%93&Prime; header_2_text_shadow_blur_strength=\u00a0\u00bbheader_2_text_shadow_style,%91object Object%93&Prime; header_3_text_shadow_horizontal_length=\u00a0\u00bbheader_3_text_shadow_style,%91object Object%93&Prime; header_3_text_shadow_vertical_length=\u00a0\u00bbheader_3_text_shadow_style,%91object Object%93&Prime; header_3_text_shadow_blur_strength=\u00a0\u00bbheader_3_text_shadow_style,%91object Object%93&Prime; header_4_text_shadow_horizontal_length=\u00a0\u00bbheader_4_text_shadow_style,%91object Object%93&Prime; header_4_text_shadow_vertical_length=\u00a0\u00bbheader_4_text_shadow_style,%91object Object%93&Prime; header_4_text_shadow_blur_strength=\u00a0\u00bbheader_4_text_shadow_style,%91object Object%93&Prime; header_5_text_shadow_horizontal_length=\u00a0\u00bbheader_5_text_shadow_style,%91object Object%93&Prime; header_5_text_shadow_vertical_length=\u00a0\u00bbheader_5_text_shadow_style,%91object Object%93&Prime; header_5_text_shadow_blur_strength=\u00a0\u00bbheader_5_text_shadow_style,%91object Object%93&Prime; header_6_text_shadow_horizontal_length=\u00a0\u00bbheader_6_text_shadow_style,%91object Object%93&Prime; header_6_text_shadow_vertical_length=\u00a0\u00bbheader_6_text_shadow_style,%91object Object%93&Prime; header_6_text_shadow_blur_strength=\u00a0\u00bbheader_6_text_shadow_style,%91object Object%93&Prime; z_index_tablet=\u00a0\u00bb500&Prime;]<\/p>\n<p>&#8211; <em>Les ruptures g\u00e9ostrat\u00e9giques et g\u00e9opolitiques en cours au sein du monde arabe <\/em>: les politistes du centre organisent chaque ann\u00e9e un colloque sur ce th\u00e8me. En effet, de l&rsquo;\u00e9volution du dossier syrien apr\u00e8s le sommet d&rsquo;Astana \u00e0 la fragmentation en cours du Y\u00e9men, une nouvelle donne strat\u00e9gique s&rsquo;\u00e9crit dans la zone du Proche et Moyen-Orient au Golfe arabo-persique. Dans le m\u00eame temps, la politique arabe du Pr\u00e9sident Trump vient perturber les \u00e9quilibres pr\u00e9-existants. Ce, alors que l&rsquo;Iran appara\u00eet chaque jour davantage la puissance r\u00e9gionale \u00e9mergente face au monde arabe et comme le principal soutien de la politique russe dans cette aire g\u00e9opolitique. Il convient donc de toute urgence d&rsquo;\u00e9tudier ces ruptures et leurs cons\u00e9quences.<\/p>\n<p>[\/et_pb_text][\/et_pb_column][et_pb_column type=\u00a0\u00bb1_4&Prime;][\/et_pb_column][\/et_pb_row][\/et_pb_section][et_pb_section bb_built=\u00a0\u00bb1&Prime; specialty=\u00a0\u00bboff\u00a0\u00bb _builder_version=\u00a0\u00bb3.21&Prime; custom_padding=\u00a0\u00bb0px||0px|\u00a0\u00bb prev_background_color=\u00a0\u00bb#000000&Prime; inner_width=\u00a0\u00bbauto\u00a0\u00bb inner_max_width=\u00a0\u00bbnone\u00a0\u00bb][et_pb_row _builder_version=\u00a0\u00bb3.19.11&Prime; width=\u00a0\u00bb80%\u00a0\u00bb max_width=\u00a0\u00bb1080px\u00a0\u00bb][et_pb_column type=\u00a0\u00bb4_4&Prime;][et_pb_text admin_label=\u00a0\u00bb\u00c0 lire aussi\u00a0\u00bb _builder_version=\u00a0\u00bb3.21&Prime;]<\/p>\n<h2><span class=\"st\">\u00c0<\/span> lire aussi<\/h2>\n<p>[\/et_pb_text][et_pb_blog _builder_version=\u00a0\u00bb3.22.1&Prime; posts_number=\u00a0\u00bb4&Prime; include_categories=\u00a0\u00bb1&Prime; show_author=\u00a0\u00bboff\u00a0\u00bb show_date=\u00a0\u00bboff\u00a0\u00bb show_pagination=\u00a0\u00bboff\u00a0\u00bb border_width_bottom_fullwidth=\u00a0\u00bb1px\u00a0\u00bb border_color_bottom_fullwidth=\u00a0\u00bbrgba(51,51,51,0.18)\u00a0\u00bb custom_padding=\u00a0\u00bb||50px|\u00a0\u00bb module_id=\u00a0\u00bbpage_type_blog\u00a0\u00bb header_level=\u00a0\u00bbh4&Prime; text_shadow_horizontal_length=\u00a0\u00bbtext_shadow_style,%91object Object%93&Prime; text_shadow_vertical_length=\u00a0\u00bbtext_shadow_style,%91object Object%93&Prime; text_shadow_blur_strength=\u00a0\u00bbtext_shadow_style,%91object Object%93&Prime; header_text_shadow_horizontal_length=\u00a0\u00bbheader_text_shadow_style,%91object Object%93&Prime; header_text_shadow_vertical_length=\u00a0\u00bbheader_text_shadow_style,%91object Object%93&Prime; header_text_shadow_blur_strength=\u00a0\u00bbheader_text_shadow_style,%91object Object%93&Prime; body_text_shadow_horizontal_length=\u00a0\u00bbbody_text_shadow_style,%91object Object%93&Prime; body_text_shadow_vertical_length=\u00a0\u00bbbody_text_shadow_style,%91object Object%93&Prime; body_text_shadow_blur_strength=\u00a0\u00bbbody_text_shadow_style,%91object Object%93&Prime; meta_text_shadow_horizontal_length=\u00a0\u00bbmeta_text_shadow_style,%91object Object%93&Prime; meta_text_shadow_vertical_length=\u00a0\u00bbmeta_text_shadow_style,%91object Object%93&Prime; meta_text_shadow_blur_strength=\u00a0\u00bbmeta_text_shadow_style,%91object Object%93&Prime; pagination_text_shadow_horizontal_length=\u00a0\u00bbpagination_text_shadow_style,%91object Object%93&Prime; pagination_text_shadow_vertical_length=\u00a0\u00bbpagination_text_shadow_style,%91object Object%93&Prime; pagination_text_shadow_blur_strength=\u00a0\u00bbpagination_text_shadow_style,%91object Object%93&Prime; z_index_tablet=\u00a0\u00bb500&Prime; \/][\/et_pb_column][\/et_pb_row][\/et_pb_section]<\/p>\n","protected":false},"excerpt":{"rendered":"<div class=\"et_pb_row et_pb_row_0 et_pb_row_empty\"><\/div>\n<div class=\"et_pb_row et_pb_row_1 et_pb_row_empty\"><\/div>\n<p> Le Centre Maurice Hauriou compte plusieurs publicistes et politistes sp\u00e9cialistes du monde arabe, ce qui lui conf\u00e8re une v\u00e9ritable expertise dans le domaine. <\/p>\n<div class=\"et_pb_row et_pb_row_2 et_pb_row_empty\"><\/div>\n<p> \u00a9 Anthony Beck <\/p>\n<div class=\"et_pb_row et_pb_row_3 et_pb_row_empty\"><\/div>\n<p> &#8211; La justice administrative dans le monde arabe\u00a0: une s\u00e9rie de manifestations scientifiques en partenariat avec les Conseils d&rsquo;\u00c9tat des pays du monde arabe est men\u00e9e.&hellip; <a class=\"continue\" href=\"https:\/\/wordpress-test.app.u-pariscite.fr\/cmh\/axes-de-recherche\/droit-geopolitique-monde-arabe\/\">Lire la suite<span> Droit et g\u00e9opolitique du monde arabe<\/span><\/a><\/p>\n","protected":false},"author":35,"featured_media":451,"parent":58,"menu_order":0,"comment_status":"closed","ping_status":"closed","template":"","meta":{"_et_pb_use_builder":"on","_et_pb_old_content":"","_et_gb_content_width":"","footnotes":""},"class_list":["post-54","page","type-page","status-publish","has-post-thumbnail","hentry"],"_links":{"self":[{"href":"https:\/\/wordpress-test.app.u-pariscite.fr\/cmh\/wp-json\/wp\/v2\/pages\/54","targetHints":{"allow":["GET"]}}],"collection":[{"href":"https:\/\/wordpress-test.app.u-pariscite.fr\/cmh\/wp-json\/wp\/v2\/pages"}],"about":[{"href":"https:\/\/wordpress-test.app.u-pariscite.fr\/cmh\/wp-json\/wp\/v2\/types\/page"}],"author":[{"embeddable":true,"href":"https:\/\/wordpress-test.app.u-pariscite.fr\/cmh\/wp-json\/wp\/v2\/users\/35"}],"replies":[{"embeddable":true,"href":"https:\/\/wordpress-test.app.u-pariscite.fr\/cmh\/wp-json\/wp\/v2\/comments?post=54"}],"version-history":[{"count":9,"href":"https:\/\/wordpress-test.app.u-pariscite.fr\/cmh\/wp-json\/wp\/v2\/pages\/54\/revisions"}],"predecessor-version":[{"id":474,"href":"https:\/\/wordpress-test.app.u-pariscite.fr\/cmh\/wp-json\/wp\/v2\/pages\/54\/revisions\/474"}],"up":[{"embeddable":true,"href":"https:\/\/wordpress-test.app.u-pariscite.fr\/cmh\/wp-json\/wp\/v2\/pages\/58"}],"wp:featuredmedia":[{"embeddable":true,"href":"https:\/\/wordpress-test.app.u-pariscite.fr\/cmh\/wp-json\/wp\/v2\/media\/451"}],"wp:attachment":[{"href":"https:\/\/wordpress-test.app.u-pariscite.fr\/cmh\/wp-json\/wp\/v2\/media?parent=54"}],"curies":[{"name":"wp","href":"https:\/\/api.w.org\/{rel}","templated":true}]}}