{"id":1006,"date":"2023-10-24T17:33:37","date_gmt":"2023-10-24T15:33:37","guid":{"rendered":"https:\/\/wordpress-test.app.u-pariscite.fr\/cmh\/?page_id=1006"},"modified":"2023-10-24T17:45:14","modified_gmt":"2023-10-24T15:45:14","slug":"projet-cssc-strategies-de-durabilite-des-entreprises-en-faveur-de-la-culture-referentiel","status":"publish","type":"page","link":"https:\/\/wordpress-test.app.u-pariscite.fr\/cmh\/projet-cssc-strategies-de-durabilite-des-entreprises-en-faveur-de-la-culture-referentiel\/","title":{"rendered":"Projet CSSC | Strat\u00e9gies de durabilit\u00e9 des entreprises en faveur de la culture R\u00c9F\u00c9RENTIEL"},"content":{"rendered":"<p>[et_pb_section bb_built=\u00a0\u00bb1&Prime; _builder_version=\u00a0\u00bb3.22&Prime;][et_pb_row _builder_version=\u00a0\u00bb3.22&Prime; background_size=\u00a0\u00bbinitial\u00a0\u00bb background_position=\u00a0\u00bbtop_left\u00a0\u00bb background_repeat=\u00a0\u00bbrepeat\u00a0\u00bb][et_pb_column type=\u00a0\u00bb3_4&Prime;][et_pb_post_title admin_label=\u00a0\u00bbTitre de la page\u00a0\u00bb meta=\u00a0\u00bboff\u00a0\u00bb featured_image=\u00a0\u00bboff\u00a0\u00bb _builder_version=\u00a0\u00bb3.22.1&Prime; z_index_tablet=\u00a0\u00bb500&Prime; custom_margin=\u00a0\u00bb|-197px||||\u00a0\u00bb]<\/p>\n<p><\/p>\n<p>[\/et_pb_post_title][\/et_pb_column][et_pb_column type=\u00a0\u00bb1_4&Prime;][et_pb_text _builder_version=\u00a0\u00bb3.22.1&Prime; z_index_tablet=\u00a0\u00bb500&Prime;]<\/p>\n<p style=\"text-align: right\"><a href=\"https:\/\/wordpress-test.app.u-pariscite.fr\/cmh\/project-cssc-corporate-sustainability-strategies-in-support-of-culture-toolkit\/\"><img loading=\"lazy\" decoding=\"async\" class=\"alignnone wp-image-880 size-full\" src=\"https:\/\/wordpress-test.app.u-pariscite.fr\/cmh\/wp-content\/uploads\/sites\/35\/2023\/06\/en.png\" alt=\"\" width=\"48\" height=\"48\" \/><\/a><\/p>\n<p>[\/et_pb_text][\/et_pb_column][\/et_pb_row][et_pb_row disabled_on=\u00a0\u00bbon|on|on\u00a0\u00bb module_id=\u00a0\u00bbimage-page-type\u00a0\u00bb _builder_version=\u00a0\u00bb3.22.1&Prime; z_index_tablet=\u00a0\u00bb500&Prime; disabled=\u00a0\u00bbon\u00a0\u00bb][et_pb_column type=\u00a0\u00bb3_4&Prime;][et_pb_image admin_label=\u00a0\u00bbImage 1920 x 1080&Prime; src=\u00a0\u00bbhttps:\/\/wordpress-test.app.u-pariscite.fr\/cmh\/wp-content\/uploads\/sites\/35\/2020\/11\/maple-leaves-background.jpg\u00a0\u00bb module_id=\u00a0\u00bbimage-page\u00a0\u00bb _builder_version=\u00a0\u00bb3.19.11&Prime;]<\/p>\n<p><\/p>\n<p>[\/et_pb_image][\/et_pb_column][et_pb_column type=\u00a0\u00bb1_4&Prime;][et_pb_text admin_label=\u00a0\u00bbl\u00e9gende\u00a0\u00bb module_id=\u00a0\u00bbtexte-image\u00a0\u00bb _builder_version=\u00a0\u00bb3.22.1&Prime; custom_margin=\u00a0\u00bb|-15px||\u00a0\u00bb z_index_tablet=\u00a0\u00bb500&Prime;]<\/p>\n<h4>Lorem ipsum<\/h4>\n<p>Dolor sit amet, consectetuer adipiscing elit, sed diam nonummy nibh euismod tincidunt ut laoreet dolore magna aliquam erat volutpat. Ut wisi enim ad minim.<\/p>\n<p>[\/et_pb_text][\/et_pb_column][\/et_pb_row][et_pb_row _builder_version=\u00a0\u00bb3.22&Prime; background_size=\u00a0\u00bbinitial\u00a0\u00bb background_position=\u00a0\u00bbtop_left\u00a0\u00bb background_repeat=\u00a0\u00bbrepeat\u00a0\u00bb][et_pb_column type=\u00a0\u00bb4_4&Prime;][et_pb_text _builder_version=\u00a0\u00bb3.22.1&Prime; z_index_tablet=\u00a0\u00bb500&Prime;]<\/p>\n<p><em>\u00ab\u00a0(\u2026) <\/em><em>Le respect de la diversit\u00e9 des cultures, la tol\u00e9rance, le dialogue et la coop\u00e9ration, dans un climat de confiance et de compr\u00e9hension mutuelles, sont <\/em><em>un des meilleurs gages <\/em><em>de la paix et de la s\u00e9curit\u00e9 internationales. \u00bb <\/em><em>(<\/em><a href=\"https:\/\/fr.unesco.org\/about-us\/legal-affairs\/declaration-universelle-lunesco-diversite-culturelle\" target=\"_blank\" rel=\"noopener noreferrer\"><em>D\u00e9claration universelle sur la diversit\u00e9 culturelle<\/em><\/a><em> de 2001, Pr\u00e9ambule)<\/em><\/p>\n<p>&nbsp;<\/p>\n<p>[\/et_pb_text][\/et_pb_column][\/et_pb_row][et_pb_row _builder_version=\u00a0\u00bb3.22&Prime; background_size=\u00a0\u00bbinitial\u00a0\u00bb background_position=\u00a0\u00bbtop_left\u00a0\u00bb background_repeat=\u00a0\u00bbrepeat\u00a0\u00bb][et_pb_column type=\u00a0\u00bb4_4&Prime;][et_pb_text admin_label=\u00a0\u00bbAcc\u00e8s rapide\u00a0\u00bb _builder_version=\u00a0\u00bb3.22.1&Prime; text_text_color=\u00a0\u00bb#ffffff\u00a0\u00bb link_font=\u00a0\u00bb||||on||||\u00a0\u00bb link_text_color=\u00a0\u00bb#ffffff\u00a0\u00bb header_2_text_color=\u00a0\u00bb#ffffff\u00a0\u00bb header_3_text_color=\u00a0\u00bb#ffffff\u00a0\u00bb header_4_text_color=\u00a0\u00bb#ffffff\u00a0\u00bb header_5_text_color=\u00a0\u00bb#ffffff\u00a0\u00bb background_color=\u00a0\u00bb#8a1538&Prime; custom_padding=\u00a0\u00bb10px||10px|15px|true\u00a0\u00bb z_index_tablet=\u00a0\u00bb500&Prime; saved_tabs=\u00a0\u00bball\u00a0\u00bb]<\/p>\n<h3>Notre pr\u00e9misse<\/h3>\n<p>La <a href=\"#culture\">culture<\/a>, la <a href=\"#Culturalindustries\">diversit\u00e9 culturelle<\/a> et les<a href=\"#Creativeindustries\"> industries culturelles et cr\u00e9atives<\/a> sont de puissants moteurs de transformation vers des soci\u00e9t\u00e9s plus pacifiques, plus solidaires et plus r\u00e9silientes.<\/p>\n<p>[\/et_pb_text][\/et_pb_column][\/et_pb_row][et_pb_row custom_margin=\u00a0\u00bb50px||\u00a0\u00bb _builder_version=\u00a0\u00bb3.22.1&Prime; background_size=\u00a0\u00bbinitial\u00a0\u00bb background_position=\u00a0\u00bbtop_left\u00a0\u00bb background_repeat=\u00a0\u00bbrepeat\u00a0\u00bb][et_pb_column type=\u00a0\u00bb3_4&Prime;][et_pb_text admin_label=\u00a0\u00bbSome benefits companies may expect:\u00a0\u00bb module_id=\u00a0\u00bbcontenu\u00a0\u00bb _builder_version=\u00a0\u00bb3.22.1&Prime; custom_margin=\u00a0\u00bb0px||\u00a0\u00bb custom_padding=\u00a0\u00bb0px||\u00a0\u00bb z_index_tablet=\u00a0\u00bb500&Prime;]<\/p>\n<h3>B\u00e9n\u00e9fices auxquels les entreprises peuvent s\u2019attendre :<\/h3>\n<p><strong>\u2192<\/strong> Cr\u00e9ation de valeur \u00e9conomique et sociale, dans de soci\u00e9t\u00e9s multiculturelles plus pacifiques et plus solidaires,<br \/><strong>\u2192<\/strong> Plus de diversit\u00e9, d\u2019inclusion, de confiance et de collaboration parmi leurs employ\u00e9s,<br \/><strong>\u2192<\/strong> Augmentation de la cr\u00e9ativit\u00e9, des performances et de la productivit\u00e9 des employ\u00e9s,<br \/><strong>\u2192<\/strong> Meilleure compr\u00e9hension des besoins de leurs clients,<br \/><strong>\u2192<\/strong> Le bien-\u00eatre et la sant\u00e9, d\u2019un point de vue \u00e9motionnel et mental, des employ\u00e9s et des communaut\u00e9s,<br \/><strong>\u2192<\/strong> L\u2019\u00e9panouissement personnel et professionnel et une meilleure qualit\u00e9 de vie des employ\u00e9s,<br \/><strong>\u2192<\/strong> La qualit\u00e9, la performance et la stabilit\u00e9 de conseils d\u2019administration culturellement divers,<br \/><strong>\u2192<\/strong> La valorisation de la marque et de la r\u00e9putation li\u00e9es \u00e0 la diversit\u00e9, \u00e0 l\u2019inclusion et \u00e0 la durabilit\u00e9,<br \/><strong>\u2192<\/strong> L\u2019am\u00e9lioration du dialogue avec les communaut\u00e9s locales,<br \/><strong>\u2192<\/strong> L\u2019am\u00e9lioration des relations sociales, du dialogue interculturel et de la paix,<br \/><strong>\u2192<\/strong> Une contribution indirecte \u00e0 d\u2019autres aspects du d\u00e9veloppement durable. <\/p>\n<p>[\/et_pb_text][\/et_pb_column][et_pb_column type=\u00a0\u00bb1_4&Prime;][\/et_pb_column][\/et_pb_row][et_pb_row custom_margin=\u00a0\u00bb50px||\u00a0\u00bb _builder_version=\u00a0\u00bb3.22.1&Prime; background_size=\u00a0\u00bbinitial\u00a0\u00bb background_position=\u00a0\u00bbtop_left\u00a0\u00bb background_repeat=\u00a0\u00bbrepeat\u00a0\u00bb][et_pb_column type=\u00a0\u00bb3_4&Prime;][et_pb_text admin_label=\u00a0\u00bbWhat can companies do to foster cultural diversity?\u00a0\u00bb module_id=\u00a0\u00bbcontenu\u00a0\u00bb _builder_version=\u00a0\u00bb3.22.1&Prime; custom_margin=\u00a0\u00bb0px||\u00a0\u00bb custom_padding=\u00a0\u00bb0px||\u00a0\u00bb z_index_tablet=\u00a0\u00bb500&Prime; text_text_shadow_horizontal_length=\u00a0\u00bbtext_text_shadow_style,%91object Object%93&Prime; text_text_shadow_vertical_length=\u00a0\u00bbtext_text_shadow_style,%91object Object%93&Prime; text_text_shadow_blur_strength=\u00a0\u00bbtext_text_shadow_style,%91object Object%93&Prime; link_text_shadow_horizontal_length=\u00a0\u00bblink_text_shadow_style,%91object Object%93&Prime; link_text_shadow_vertical_length=\u00a0\u00bblink_text_shadow_style,%91object Object%93&Prime; link_text_shadow_blur_strength=\u00a0\u00bblink_text_shadow_style,%91object Object%93&Prime; ul_text_shadow_horizontal_length=\u00a0\u00bbul_text_shadow_style,%91object Object%93&Prime; ul_text_shadow_vertical_length=\u00a0\u00bbul_text_shadow_style,%91object Object%93&Prime; ul_text_shadow_blur_strength=\u00a0\u00bbul_text_shadow_style,%91object Object%93&Prime; ol_text_shadow_horizontal_length=\u00a0\u00bbol_text_shadow_style,%91object Object%93&Prime; ol_text_shadow_vertical_length=\u00a0\u00bbol_text_shadow_style,%91object Object%93&Prime; ol_text_shadow_blur_strength=\u00a0\u00bbol_text_shadow_style,%91object Object%93&Prime; quote_text_shadow_horizontal_length=\u00a0\u00bbquote_text_shadow_style,%91object Object%93&Prime; quote_text_shadow_vertical_length=\u00a0\u00bbquote_text_shadow_style,%91object Object%93&Prime; quote_text_shadow_blur_strength=\u00a0\u00bbquote_text_shadow_style,%91object Object%93&Prime; header_text_shadow_horizontal_length=\u00a0\u00bbheader_text_shadow_style,%91object Object%93&Prime; header_text_shadow_vertical_length=\u00a0\u00bbheader_text_shadow_style,%91object Object%93&Prime; header_text_shadow_blur_strength=\u00a0\u00bbheader_text_shadow_style,%91object Object%93&Prime; header_2_text_shadow_horizontal_length=\u00a0\u00bbheader_2_text_shadow_style,%91object Object%93&Prime; header_2_text_shadow_vertical_length=\u00a0\u00bbheader_2_text_shadow_style,%91object Object%93&Prime; header_2_text_shadow_blur_strength=\u00a0\u00bbheader_2_text_shadow_style,%91object Object%93&Prime; header_3_text_shadow_horizontal_length=\u00a0\u00bbheader_3_text_shadow_style,%91object Object%93&Prime; header_3_text_shadow_vertical_length=\u00a0\u00bbheader_3_text_shadow_style,%91object Object%93&Prime; header_3_text_shadow_blur_strength=\u00a0\u00bbheader_3_text_shadow_style,%91object Object%93&Prime; header_4_text_shadow_horizontal_length=\u00a0\u00bbheader_4_text_shadow_style,%91object Object%93&Prime; header_4_text_shadow_vertical_length=\u00a0\u00bbheader_4_text_shadow_style,%91object Object%93&Prime; header_4_text_shadow_blur_strength=\u00a0\u00bbheader_4_text_shadow_style,%91object Object%93&Prime; header_5_text_shadow_horizontal_length=\u00a0\u00bbheader_5_text_shadow_style,%91object Object%93&Prime; header_5_text_shadow_vertical_length=\u00a0\u00bbheader_5_text_shadow_style,%91object Object%93&Prime; header_5_text_shadow_blur_strength=\u00a0\u00bbheader_5_text_shadow_style,%91object Object%93&Prime; header_6_text_shadow_horizontal_length=\u00a0\u00bbheader_6_text_shadow_style,%91object Object%93&Prime; header_6_text_shadow_vertical_length=\u00a0\u00bbheader_6_text_shadow_style,%91object Object%93&Prime; header_6_text_shadow_blur_strength=\u00a0\u00bbheader_6_text_shadow_style,%91object Object%93&Prime;]<\/p>\n<h3>Que peuvent faire les entreprises pour promouvoir la diversit\u00e9 culturelle ?<\/h3>\n<p>\u2192 Mettre en \u0153uvre des politiques et des m\u00e9canismes visant \u00e0 promouvoir la compr\u00e9hension interculturelle,<br \/>\u2192 Promouvoir des m\u00e9canismes internes de communication interculturelle en faveur du respect et de la valorisation des diff\u00e9rences culturelles, <br \/>\u2192 Mettre en place des m\u00e9canismes, des politiques et des formations en vue d\u2019un recrutement diversifi\u00e9 et de la valorisation des diff\u00e9rences culturelles,<br \/>\u2192 Investir dans l\u2019enseignement des langues locales ou \u00e9trang\u00e8res au sein de l\u2019entreprise elle-m\u00eame ou de la communaut\u00e9 dans laquelle elle op\u00e8re,<br \/>\u2192 Soutenir la protection du patrimoine culturel et toute expression culturelle v\u00e9hicul\u00e9e par les arts,<br \/>\u2192 Soutenir la viabilit\u00e9 \u00e9conomique et la vitalit\u00e9 des industries culturelles, des artistes et des autres professionnels de la culture, y compris par la mise \u00e0 disposition d\u2019espaces ou d\u2019infrastructures,<br \/>\u2192 Mettre en place des programmes d\u2019assistance technique et de formation pour permettre aux professionnels de la culture de mieux se positionner sur le march\u00e9, ou pour r\u00e9duire la fracture num\u00e9rique qui rend difficile la participation \u00e0 la vie culturelle en ligne,<br \/>\u2192 Promouvoir l\u2019esprit d\u2019entreprise dans les secteurs culturels par le renforcement des comp\u00e9tences, l\u2019accompagnement dans la gestion de projets et le d\u00e9veloppement d\u2019affaires,<br \/>\u2192 Partager ce que l\u2019entreprise fait de mieux avec les artistes, les institutions culturelles, les associations, etc.,<br \/>\u2192 Soutenir (financi\u00e8rement ou autrement) des \u00e9v\u00e9nements culturels et des rencontres d\u2019artistes et d\u2019autres professionnels des secteurs culturels,<br \/>\u2192 Soutenir les associations ou les organisations non gouvernementales qui agissent en faveur de l\u2019int\u00e9gration culturelle, du dialogue interculturel et des minorit\u00e9s culturelles,<br \/>\u2192 \u00c9tablir des processus de dialogue avec les communaut\u00e9s culturelles locales afin de limiter tout impact n\u00e9gatif que les activit\u00e9s de l\u2019entreprise pourraient avoir et g\u00e9n\u00e9rer des effets positifs, en valorisant ces communaut\u00e9s,<br \/>\u2192 Contribuer \u00e0 des fonds internationaux en faveur de la culture et de la diversit\u00e9 culturelle.<\/p>\n<p>[\/et_pb_text][\/et_pb_column][et_pb_column type=\u00a0\u00bb1_4&Prime;][\/et_pb_column][\/et_pb_row][et_pb_row custom_margin=\u00a0\u00bb50px||\u00a0\u00bb _builder_version=\u00a0\u00bb3.22.1&Prime; background_size=\u00a0\u00bbinitial\u00a0\u00bb background_position=\u00a0\u00bbtop_left\u00a0\u00bb background_repeat=\u00a0\u00bbrepeat\u00a0\u00bb][et_pb_column type=\u00a0\u00bb3_4&Prime;][et_pb_text module_id=\u00a0\u00bbcontenu\u00a0\u00bb _builder_version=\u00a0\u00bb3.22.1&Prime; custom_margin=\u00a0\u00bb0px||\u00a0\u00bb custom_padding=\u00a0\u00bb0px||\u00a0\u00bb z_index_tablet=\u00a0\u00bb500&Prime;]<\/p>\n<div class=\"page\" title=\"Page 1\">\n<div class=\"layoutArea\">\n<div class=\"column\">\n<h3>Quelques concepts<\/h3>\n<blockquote>\n<p><strong>Diversit\u00e9 \u2013 <\/strong>\u00ab\u00a0caract\u00e9ristiques de <strong>diff\u00e9rences et similitudes <\/strong>entre les personnes\u00a0\u00bb. La diversit\u00e9 a un impact sur \u00ab<strong>\u00a0<\/strong>les identit\u00e9s et les points de vue que les personnes portent lorsqu&rsquo;elles interagissent au travail\u00a0\u00bb et \u00ab\u00a0peut favoriser le d\u00e9veloppement d\u2019environnements et de pratiques de travail qui <strong>encouragent \u00e0 apprendre des autres <\/strong>afin de faire \u00e9merger des points de vue vari\u00e9s sur l\u2019inclusivit\u00e9\u00a0\u00bb. \u00ab\u00a0Les dimensions de la diversit\u00e9 comprennent les <strong>caract\u00e9ristiques d\u00e9mographiques et autres caract\u00e9ristiques personnelles<\/strong>, comme, par exemple, l\u2019\u00e2ge, le handicap, le sexe, l\u2019orientation sexuelle, le genre, l\u2019identit\u00e9 de genre, la race, la couleur, la nationalit\u00e9, l\u2019origine ethnique ou nationale, la religion ou les croyances, ainsi que les caract\u00e9ristiques li\u00e9es au contexte socio-\u00e9conomique.\u00a0\u00bb (<a href=\"https:\/\/www.iso.org\/obp\/ui\/#iso:std:iso:30415:ed-1:v1:enhttps:\/\/www.iso.org\/obp\/ui\/\" target=\"_blank\" rel=\"noopener noreferrer\">ISO 30415:2021<\/a>et <a href=\"https:\/\/www.iso.org\/obp\/ui\/#iso:std:iso:30400:ed-2:v1:en\" target=\"_blank\" rel=\"noopener noreferrer\">ISO 30400:2022<\/a>, notre traduction)<\/p>\n<\/blockquote>\n<p>&nbsp;<\/p>\n<blockquote>\n<p><strong>Diversit\u00e9 culturelle <\/strong><strong>\u2013 <\/strong>\u00ab\u00a0La diversit\u00e9 culturelle se manifeste non seulement dans <strong>les formes vari\u00e9es \u00e0 travers lesquelles le patrimoine culturel de l&rsquo;humanit\u00e9 est exprim\u00e9, en<\/strong><strong>richi et transmis <\/strong>gr\u00e2ce \u00e0 la vari\u00e9t\u00e9 des expressions culturelles, mais aussi \u00e0 travers <strong>divers modes de cr\u00e9ation artistique, de production, de diffusion, de distribution et de jouissance des expressions culturelles, quels que soient les moyens et les technologies utilis\u00e9s<\/strong>\u00a0\u00bb. (<a href=\"https:\/\/unesdoc.unesco.org\/ark:\/48223\/pf0000246264_fre\" target=\"_blank\" rel=\"noopener noreferrer\">Convention de l\u2019UNESCO de 2005 sur la protection et la promotion de la diversit\u00e9 des expressions culturelles<\/a> &#8211; Article 4.1)<\/p>\n<\/blockquote>\n<p>&nbsp;<\/p>\n<blockquote>\n<p><strong>Artiste <\/strong><strong>\u2013 <\/strong>\u00ab\u00a0toute personne qui cr\u00e9e ou participe par son interpr\u00e9tation \u00e0 la cr\u00e9ation ou \u00e0 la recr\u00e9ation d\u2019\u0153uvres d\u2019art, qui consid\u00e8re sa <strong>cr\u00e9ation artistique comme un \u00e9l\u00e9ment essentiel de sa vie<\/strong>, qui contribue ainsi au <strong>d\u00e9veloppement de l\u2019art et de la culture<\/strong>, et qui est reconnue ou cherche \u00e0 \u00eatre reconnue en tant qu\u2019artiste, qu\u2019elle soit li\u00e9e ou non par une relation de travail ou d\u2019association quelconque\u00a0\u00bb. (<a href=\"https:\/\/unesdoc.unesco.org\/ark:\/48223\/pf0000114029_fre.page=158\" target=\"_blank\" rel=\"noopener noreferrer\">Recommandation de l&rsquo;UNESCO de 1980 relative \u00e0 la condition de l&rsquo;artiste<\/a> &#8211; Article I.1)<\/p>\n<\/blockquote>\n<p>&nbsp;<\/p>\n<blockquote>\n<p><strong>Culture <\/strong><strong>et <\/strong><strong>d\u00e9veloppement durable \u2013 <\/strong>\u00ab\u00a0Alors que la sauvegarde et la promotion de la culture est un but \u00e0 atteindre en soi, cela contribue \u00e9galement de mani\u00e8re transversale \u00e0 bien d\u2019autres ODD, parmi lesquels [ceux] concernant les villes durables, le travail d\u00e9cent et la croissance \u00e9conomique, la r\u00e9duction des in\u00e9galit\u00e9s, l\u2019environnement, la promotion de l\u2019\u00e9galit\u00e9 des genres, l\u2019innovation et la cr\u00e9ation de soci\u00e9t\u00e9s inclusives et en paix. Le r\u00f4le de la culture peut \u00eatre consid\u00e9r\u00e9 \u00e0 la fois comme un moteur g\u00e9n\u00e9rant des retomb\u00e9es \u00e9conomiques et sociales directes, et comme un vecteur contribuant \u00e0 l\u2019efficacit\u00e9 des interventions de d\u00e9veloppement.\u00a0\u00bb (<a href=\"https:\/\/unesdoc.unesco.org\/ark:\/48223\/pf0000371557\" target=\"_blank\" rel=\"noopener noreferrer\">Indicateurs Culture 2030 de l\u2019UNESCO<\/a>, p. 12)<\/p>\n<\/blockquote>\n<\/div>\n<\/div>\n<\/div>\n<p>[\/et_pb_text][\/et_pb_column][et_pb_column type=\u00a0\u00bb1_4&Prime;][et_pb_text admin_label=\u00a0\u00bbAcc\u00e8s rapide\u00a0\u00bb module_id=\u00a0\u00bbculture\u00a0\u00bb _builder_version=\u00a0\u00bb3.22.1&Prime; text_text_color=\u00a0\u00bb#ffffff\u00a0\u00bb link_font=\u00a0\u00bb||||on||||\u00a0\u00bb link_text_color=\u00a0\u00bb#ffffff\u00a0\u00bb header_2_text_color=\u00a0\u00bb#ffffff\u00a0\u00bb header_3_text_color=\u00a0\u00bb#ffffff\u00a0\u00bb header_4_text_color=\u00a0\u00bb#ffffff\u00a0\u00bb header_5_text_color=\u00a0\u00bb#ffffff\u00a0\u00bb background_color=\u00a0\u00bb#8a1538&Prime; custom_margin=\u00a0\u00bb20px|||\u00a0\u00bb custom_padding=\u00a0\u00bb10px|10px|10px|15px\u00a0\u00bb z_index_tablet=\u00a0\u00bb500&Prime; saved_tabs=\u00a0\u00bball\u00a0\u00bb]<\/p>\n<h5><strong>Culture<br \/><\/strong> <br \/>\u00ab\u00a0l\u2019ensemble des traits distinctifs, spirituels et mat\u00e9riels, intellectuels et affectifs, qui caract\u00e9risent une soci\u00e9t\u00e9 ou un groupe social. Elle englobe, outre les arts et les lettres, les modes de vie, les droits fondamentaux de l&rsquo;\u00eatre humain, les syst\u00e8mes de valeurs, les traditions et les croyances\u00a0\u00bb <a href=\"https:\/\/unesdoc.unesco.org\/ark:\/48223\/pf0000052505_fre%5d\" target=\"_blank\" rel=\"noopener noreferrer\">(Conf\u00e9rence mondiale sur les politiques culturelles <\/a>tenue \u00e0 Mexico en 1982)<\/h5>\n<p>[\/et_pb_text][et_pb_text admin_label=\u00a0\u00bbAcc\u00e8s rapide\u00a0\u00bb module_id=\u00a0\u00bbCulturalindustries\u00a0\u00bb _builder_version=\u00a0\u00bb3.22.1&Prime; text_text_color=\u00a0\u00bb#ffffff\u00a0\u00bb link_font=\u00a0\u00bb||||on||||\u00a0\u00bb link_text_color=\u00a0\u00bb#ffffff\u00a0\u00bb header_2_text_color=\u00a0\u00bb#ffffff\u00a0\u00bb header_3_text_color=\u00a0\u00bb#ffffff\u00a0\u00bb header_4_text_color=\u00a0\u00bb#ffffff\u00a0\u00bb header_5_text_color=\u00a0\u00bb#ffffff\u00a0\u00bb background_color=\u00a0\u00bb#8a1538&Prime; custom_margin=\u00a0\u00bb5px|||\u00a0\u00bb custom_padding=\u00a0\u00bb10px|10px|10px|15px\u00a0\u00bb z_index_tablet=\u00a0\u00bb500&Prime; saved_tabs=\u00a0\u00bball\u00a0\u00bb]<\/p>\n<h5><strong>Industries culturelles<\/strong><\/h5>\n<h5>\u00ab\u00a0industries produisant et distribuant des biens ou services culturels\u00a0\u00bb, d\u00e9finis comme des \u00ab\u00a0biens et services qui [&#8230;] incarnent ou transmettent des expressions culturelles, ind\u00e9pendamment de la valeur commerciale qu&rsquo;ils peuvent avoir.\u00a0\u00bb <a href=\"https:\/\/unesdoc.unesco.org\/ark:\/48223\/pf0000246264_fre\" target=\"_blank\" rel=\"noopener noreferrer\">(Convention de 2005 de l&rsquo;UNESCO sur la protection et la promotion de la diversit\u00e9 des expressions culturelles, articles 4.4 et 4.5).<\/a> \u00ab\u00a0Les industries culturelles comprennent g\u00e9n\u00e9ralement l&rsquo;imprimerie, l&rsquo;\u00e9dition et les productions multim\u00e9dias, audiovisuelles, phonographiques et cin\u00e9matographiques, ainsi que l&rsquo;artisanat et le design\u00a0\u00bb. <a href=\"https:\/\/webarchive.unesco.org\/20160910075432\/http:\/portal.unesco.org\/culture\/en\/files\/30297\/11942616973cultural_stat_EN.pdf\/cultural_stat_EN.pdf\" target=\"_blank\" rel=\"noopener noreferrer\">(UNESCO and Global Alliance for Cultural Diversity, Understanding Creative Industries,<\/a> notre traduction).<\/h5>\n<h5><strong>\u00a0<\/strong><\/h5>\n<p>[\/et_pb_text][et_pb_text admin_label=\u00a0\u00bbAcc\u00e8s rapide\u00a0\u00bb module_id=\u00a0\u00bbCreativeindustries\u00a0\u00bb _builder_version=\u00a0\u00bb3.22.1&Prime; text_text_color=\u00a0\u00bb#ffffff\u00a0\u00bb link_font=\u00a0\u00bb||||on||||\u00a0\u00bb link_text_color=\u00a0\u00bb#ffffff\u00a0\u00bb header_2_text_color=\u00a0\u00bb#ffffff\u00a0\u00bb header_3_text_color=\u00a0\u00bb#ffffff\u00a0\u00bb header_4_text_color=\u00a0\u00bb#ffffff\u00a0\u00bb header_5_text_color=\u00a0\u00bb#ffffff\u00a0\u00bb background_color=\u00a0\u00bb#8a1538&Prime; custom_margin=\u00a0\u00bb5px|||\u00a0\u00bb custom_padding=\u00a0\u00bb10px|10px|10px|15px\u00a0\u00bb z_index_tablet=\u00a0\u00bb500&Prime; saved_tabs=\u00a0\u00bball\u00a0\u00bb]<\/p>\n<h5><strong>Industries cr\u00e9atives<\/strong><\/h5>\n<h5>\u00ab\u00a0un \u00e9ventail plus large d&rsquo;activit\u00e9s, qui comprend les industries culturelles et toute la production culturelle ou artistique, qu&rsquo;elle soit en direct ou produite en tant qu&rsquo;unit\u00e9 individuelle\u00a0\u00bb. Les biens et services fournis par les industries cr\u00e9atives contiennent \u00ab\u00a0un \u00e9l\u00e9ment substantiel d&rsquo;effort artistique ou cr\u00e9atif et comprennent des activit\u00e9s telles que l&rsquo;architecture et la publicit\u00e9\u00a0\u00bb (<a href=\"https:\/\/webarchive.unesco.org\/20160910075432\/http:\/portal.unesco.org\/culture\/en\/files\/30297\/11942616973cultural_stat_EN.pdf\/cultural_stat_EN.pdf\" target=\"_blank\" rel=\"noopener noreferrer\">UNESCO and Global Alliance for Cultural Diversity, Understanding Creative Industries,<\/a> notre traduction).<\/h5>\n<p>[\/et_pb_text][\/et_pb_column][\/et_pb_row][\/et_pb_section]<\/p>\n","protected":false},"excerpt":{"rendered":"<p>Lorem ipsum Dolor sit amet, consectetuer adipiscing elit, sed diam nonummy nibh euismod tincidunt ut laoreet dolore magna aliquam erat volutpat. Ut wisi enim ad minim. \u00ab\u00a0(\u2026) Le respect de la diversit\u00e9 des cultures, la tol\u00e9rance, le dialogue et la coop\u00e9ration, dans un climat de confiance et de compr\u00e9hension mutuelles, sont un des meilleurs gages&hellip; <a class=\"continue\" href=\"https:\/\/wordpress-test.app.u-pariscite.fr\/cmh\/projet-cssc-strategies-de-durabilite-des-entreprises-en-faveur-de-la-culture-referentiel\/\">Lire la suite<span> Projet CSSC | Strat\u00e9gies de durabilit\u00e9 des entreprises en faveur de la culture R\u00c9F\u00c9RENTIEL<\/span><\/a><\/p>\n","protected":false},"author":15,"featured_media":0,"parent":0,"menu_order":0,"comment_status":"closed","ping_status":"closed","template":"","meta":{"_et_pb_use_builder":"on","_et_pb_old_content":"","_et_gb_content_width":"","footnotes":""},"class_list":["post-1006","page","type-page","status-publish","hentry"],"_links":{"self":[{"href":"https:\/\/wordpress-test.app.u-pariscite.fr\/cmh\/wp-json\/wp\/v2\/pages\/1006","targetHints":{"allow":["GET"]}}],"collection":[{"href":"https:\/\/wordpress-test.app.u-pariscite.fr\/cmh\/wp-json\/wp\/v2\/pages"}],"about":[{"href":"https:\/\/wordpress-test.app.u-pariscite.fr\/cmh\/wp-json\/wp\/v2\/types\/page"}],"author":[{"embeddable":true,"href":"https:\/\/wordpress-test.app.u-pariscite.fr\/cmh\/wp-json\/wp\/v2\/users\/15"}],"replies":[{"embeddable":true,"href":"https:\/\/wordpress-test.app.u-pariscite.fr\/cmh\/wp-json\/wp\/v2\/comments?post=1006"}],"version-history":[{"count":7,"href":"https:\/\/wordpress-test.app.u-pariscite.fr\/cmh\/wp-json\/wp\/v2\/pages\/1006\/revisions"}],"predecessor-version":[{"id":1019,"href":"https:\/\/wordpress-test.app.u-pariscite.fr\/cmh\/wp-json\/wp\/v2\/pages\/1006\/revisions\/1019"}],"wp:attachment":[{"href":"https:\/\/wordpress-test.app.u-pariscite.fr\/cmh\/wp-json\/wp\/v2\/media?parent=1006"}],"curies":[{"name":"wp","href":"https:\/\/api.w.org\/{rel}","templated":true}]}}