{"id":874,"date":"2020-06-18T16:22:37","date_gmt":"2020-06-18T14:22:37","guid":{"rendered":"https:\/\/wordpress-test.app.u-pariscite.fr\/cerilac\/?page_id=874"},"modified":"2023-10-26T11:57:28","modified_gmt":"2023-10-26T09:57:28","slug":"paris-centre-for-narrative-matters","status":"publish","type":"page","link":"https:\/\/wordpress-test.app.u-pariscite.fr\/cerilac\/paris-centre-for-narrative-matters\/","title":{"rendered":"Paris Centre for Narrative Matters"},"content":{"rendered":"<p>[et_pb_section bb_built=\u00a0\u00bb1&Prime; next_background_color=\u00a0\u00bb#000000&Prime; inner_width=\u00a0\u00bbauto\u00a0\u00bb inner_max_width=\u00a0\u00bbnone\u00a0\u00bb][et_pb_row _builder_version=\u00a0\u00bb3.21&Prime; width=\u00a0\u00bb80%\u00a0\u00bb max_width=\u00a0\u00bb1080px\u00a0\u00bb][et_pb_column type=\u00a0\u00bb4_4&Prime;][et_pb_post_title admin_label=\u00a0\u00bbTitre de la page\u00a0\u00bb _builder_version=\u00a0\u00bb3.19.11&Prime; meta=\u00a0\u00bboff\u00a0\u00bb featured_image=\u00a0\u00bboff\u00a0\u00bb \/][\/et_pb_column][\/et_pb_row][et_pb_row][et_pb_column type=\u00a0\u00bb3_4&Prime;][et_pb_text admin_label=\u00a0\u00bbintro\u00a0\u00bb _builder_version=\u00a0\u00bb3.22.1&Prime; module_id=\u00a0\u00bbintro\u00a0\u00bb text_text_shadow_horizontal_length=\u00a0\u00bbtext_text_shadow_style,%91object Object%93&Prime; text_text_shadow_vertical_length=\u00a0\u00bbtext_text_shadow_style,%91object Object%93&Prime; text_text_shadow_blur_strength=\u00a0\u00bbtext_text_shadow_style,%91object Object%93&Prime; link_text_shadow_horizontal_length=\u00a0\u00bblink_text_shadow_style,%91object Object%93&Prime; link_text_shadow_vertical_length=\u00a0\u00bblink_text_shadow_style,%91object Object%93&Prime; link_text_shadow_blur_strength=\u00a0\u00bblink_text_shadow_style,%91object Object%93&Prime; ul_text_shadow_horizontal_length=\u00a0\u00bbul_text_shadow_style,%91object Object%93&Prime; ul_text_shadow_vertical_length=\u00a0\u00bbul_text_shadow_style,%91object Object%93&Prime; ul_text_shadow_blur_strength=\u00a0\u00bbul_text_shadow_style,%91object Object%93&Prime; ol_text_shadow_horizontal_length=\u00a0\u00bbol_text_shadow_style,%91object Object%93&Prime; ol_text_shadow_vertical_length=\u00a0\u00bbol_text_shadow_style,%91object Object%93&Prime; ol_text_shadow_blur_strength=\u00a0\u00bbol_text_shadow_style,%91object Object%93&Prime; quote_text_shadow_horizontal_length=\u00a0\u00bbquote_text_shadow_style,%91object Object%93&Prime; quote_text_shadow_vertical_length=\u00a0\u00bbquote_text_shadow_style,%91object Object%93&Prime; quote_text_shadow_blur_strength=\u00a0\u00bbquote_text_shadow_style,%91object Object%93&Prime; header_text_shadow_horizontal_length=\u00a0\u00bbheader_text_shadow_style,%91object Object%93&Prime; header_text_shadow_vertical_length=\u00a0\u00bbheader_text_shadow_style,%91object Object%93&Prime; header_text_shadow_blur_strength=\u00a0\u00bbheader_text_shadow_style,%91object Object%93&Prime; header_2_text_shadow_horizontal_length=\u00a0\u00bbheader_2_text_shadow_style,%91object Object%93&Prime; header_2_text_shadow_vertical_length=\u00a0\u00bbheader_2_text_shadow_style,%91object Object%93&Prime; header_2_text_shadow_blur_strength=\u00a0\u00bbheader_2_text_shadow_style,%91object Object%93&Prime; header_3_text_shadow_horizontal_length=\u00a0\u00bbheader_3_text_shadow_style,%91object Object%93&Prime; header_3_text_shadow_vertical_length=\u00a0\u00bbheader_3_text_shadow_style,%91object Object%93&Prime; header_3_text_shadow_blur_strength=\u00a0\u00bbheader_3_text_shadow_style,%91object Object%93&Prime; header_4_text_shadow_horizontal_length=\u00a0\u00bbheader_4_text_shadow_style,%91object Object%93&Prime; header_4_text_shadow_vertical_length=\u00a0\u00bbheader_4_text_shadow_style,%91object Object%93&Prime; header_4_text_shadow_blur_strength=\u00a0\u00bbheader_4_text_shadow_style,%91object Object%93&Prime; header_5_text_shadow_horizontal_length=\u00a0\u00bbheader_5_text_shadow_style,%91object Object%93&Prime; header_5_text_shadow_vertical_length=\u00a0\u00bbheader_5_text_shadow_style,%91object Object%93&Prime; header_5_text_shadow_blur_strength=\u00a0\u00bbheader_5_text_shadow_style,%91object Object%93&Prime; header_6_text_shadow_horizontal_length=\u00a0\u00bbheader_6_text_shadow_style,%91object Object%93&Prime; header_6_text_shadow_vertical_length=\u00a0\u00bbheader_6_text_shadow_style,%91object Object%93&Prime; header_6_text_shadow_blur_strength=\u00a0\u00bbheader_6_text_shadow_style,%91object Object%93&Prime; z_index_tablet=\u00a0\u00bb500&Prime;]<\/p>\n<div class=\"et_pb_column et_pb_column_3_4 et_pb_column_6 et_pb_css_mix_blend_mode_passthrough\">\n<div id=\"contenu\" class=\"et_pb_module et_pb_text et_pb_text_3 et_pb_bg_layout_light et_pb_text_align_left\">\n<div class=\"et_pb_text_inner\">\n<p><b>Porteuse du projet : <\/b>Sylvie Patron\u00a0<\/p>\n<p>ANR-18-IDEX-0001, IdEx Universit\u00e9 Paris Cit\u00e9<\/p>\n<\/div>\n<\/div>\n<\/div>\n<p>[\/et_pb_text][\/et_pb_column][et_pb_column type=\u00a0\u00bb1_4&Prime;][\/et_pb_column][\/et_pb_row][et_pb_row _builder_version=\u00a0\u00bb3.19.11&Prime; module_id=\u00a0\u00bbimage-page-type\u00a0\u00bb width=\u00a0\u00bb80%\u00a0\u00bb max_width=\u00a0\u00bb1080px\u00a0\u00bb][et_pb_column type=\u00a0\u00bb3_4&Prime;][et_pb_image admin_label=\u00a0\u00bbImage 1920 x 1080&Prime; _builder_version=\u00a0\u00bb3.22.1&Prime; src=\u00a0\u00bbhttps:\/\/wordpress-test.app.u-pariscite.fr\/cerilac\/wp-content\/uploads\/sites\/7\/2020\/06\/IMG_7328-copie.jpeg\u00a0\u00bb module_id=\u00a0\u00bbimage-page\u00a0\u00bb z_index_tablet=\u00a0\u00bb500&Prime; \/][\/et_pb_column][et_pb_column type=\u00a0\u00bb1_4&Prime;][\/et_pb_column][\/et_pb_row][et_pb_row][et_pb_column type=\u00a0\u00bb3_4&Prime;][et_pb_text _builder_version=\u00a0\u00bb3.22.1&Prime; module_id=\u00a0\u00bbcontenu\u00a0\u00bb text_text_shadow_horizontal_length=\u00a0\u00bbtext_text_shadow_style,%91object Object%93&Prime; text_text_shadow_vertical_length=\u00a0\u00bbtext_text_shadow_style,%91object Object%93&Prime; text_text_shadow_blur_strength=\u00a0\u00bbtext_text_shadow_style,%91object Object%93&Prime; link_text_shadow_horizontal_length=\u00a0\u00bblink_text_shadow_style,%91object Object%93&Prime; link_text_shadow_vertical_length=\u00a0\u00bblink_text_shadow_style,%91object Object%93&Prime; link_text_shadow_blur_strength=\u00a0\u00bblink_text_shadow_style,%91object Object%93&Prime; ul_text_shadow_horizontal_length=\u00a0\u00bbul_text_shadow_style,%91object Object%93&Prime; ul_text_shadow_vertical_length=\u00a0\u00bbul_text_shadow_style,%91object Object%93&Prime; ul_text_shadow_blur_strength=\u00a0\u00bbul_text_shadow_style,%91object Object%93&Prime; ol_text_shadow_horizontal_length=\u00a0\u00bbol_text_shadow_style,%91object Object%93&Prime; ol_text_shadow_vertical_length=\u00a0\u00bbol_text_shadow_style,%91object Object%93&Prime; ol_text_shadow_blur_strength=\u00a0\u00bbol_text_shadow_style,%91object Object%93&Prime; quote_text_shadow_horizontal_length=\u00a0\u00bbquote_text_shadow_style,%91object Object%93&Prime; quote_text_shadow_vertical_length=\u00a0\u00bbquote_text_shadow_style,%91object Object%93&Prime; quote_text_shadow_blur_strength=\u00a0\u00bbquote_text_shadow_style,%91object Object%93&Prime; header_text_shadow_horizontal_length=\u00a0\u00bbheader_text_shadow_style,%91object Object%93&Prime; header_text_shadow_vertical_length=\u00a0\u00bbheader_text_shadow_style,%91object Object%93&Prime; header_text_shadow_blur_strength=\u00a0\u00bbheader_text_shadow_style,%91object Object%93&Prime; header_2_text_shadow_horizontal_length=\u00a0\u00bbheader_2_text_shadow_style,%91object Object%93&Prime; header_2_text_shadow_vertical_length=\u00a0\u00bbheader_2_text_shadow_style,%91object Object%93&Prime; header_2_text_shadow_blur_strength=\u00a0\u00bbheader_2_text_shadow_style,%91object Object%93&Prime; header_3_text_shadow_horizontal_length=\u00a0\u00bbheader_3_text_shadow_style,%91object Object%93&Prime; header_3_text_shadow_vertical_length=\u00a0\u00bbheader_3_text_shadow_style,%91object Object%93&Prime; header_3_text_shadow_blur_strength=\u00a0\u00bbheader_3_text_shadow_style,%91object Object%93&Prime; header_4_text_shadow_horizontal_length=\u00a0\u00bbheader_4_text_shadow_style,%91object Object%93&Prime; header_4_text_shadow_vertical_length=\u00a0\u00bbheader_4_text_shadow_style,%91object Object%93&Prime; header_4_text_shadow_blur_strength=\u00a0\u00bbheader_4_text_shadow_style,%91object Object%93&Prime; header_5_text_shadow_horizontal_length=\u00a0\u00bbheader_5_text_shadow_style,%91object Object%93&Prime; header_5_text_shadow_vertical_length=\u00a0\u00bbheader_5_text_shadow_style,%91object Object%93&Prime; header_5_text_shadow_blur_strength=\u00a0\u00bbheader_5_text_shadow_style,%91object Object%93&Prime; header_6_text_shadow_horizontal_length=\u00a0\u00bbheader_6_text_shadow_style,%91object Object%93&Prime; header_6_text_shadow_vertical_length=\u00a0\u00bbheader_6_text_shadow_style,%91object Object%93&Prime; header_6_text_shadow_blur_strength=\u00a0\u00bbheader_6_text_shadow_style,%91object Object%93&Prime; z_index_tablet=\u00a0\u00bb500&Prime;]<\/p>\n<h2 class=\"niveau2\">Centre et r\u00e9seau de recherches d\u00e9di\u00e9s \u00e0 l\u2019\u00e9tude des pratiques et des th\u00e9ories du r\u00e9cit<\/h2>\n<h3>Historique<\/h3>\n<p>Le Paris Centre for Narrative Matters est le r\u00e9sultat d\u2019un <strong>travail collaboratif men\u00e9 pendant pr\u00e8s de trois ans entre Sylvie Patron<\/strong>, ma\u00eetresse de conf\u00e9rences habilit\u00e9e \u00e0 diriger des recherches \u00e0 l\u2019Universit\u00e9 Paris Cit\u00e9, <strong>et Brian Schiff<\/strong>, alors ma\u00eetre de conf\u00e9rences, \u00e0 pr\u00e9sent professeur et directeur du d\u00e9partement de psychologie de l\u2019American University of Paris, pour la conception, l\u2019organisation et la publication de deux congr\u00e8s internationaux :<\/p>\n<ul>\n<li><em>Narrative Matters 2012 : Life and Narrative<\/em>, organis\u00e9 \u00e0 l\u2019American University of Paris, en partenariat avec l\u2019Universit\u00e9 Paris Diderot, d\u00e9sormais Paris Cit\u00e9 (29 mai-1er juin 2012) ;<\/li>\n<li><em>Narrative Matters 2014 : Narrative Knowing\/R\u00e9cit et Savoir<\/em>, organis\u00e9 \u00e0 l\u2019Universit\u00e9 Paris Diderot, en partenariat avec l\u2019American University of Paris, avec le soutien du Conseil r\u00e9gional d\u2019\u00cele-de-France, de la Ville de Paris et de la Maison des Sciences de l\u2019homme-Paris Nord (23-27 juin 2014).<\/li>\n<\/ul>\n<p>Le Paris Centre for Narrative Matters a \u00e9t\u00e9 <strong>cr\u00e9\u00e9 en septembre 2014<\/strong> et ses travaux ont commenc\u00e9 sous la forme d\u2019une s\u00e9rie de conf\u00e9rences et d\u2019\u00e9v\u00e9nements organis\u00e9s en alternance \u00e0 l\u2019Universit\u00e9 Paris Cit\u00e9 et \u00e0 l\u2019American University of Paris, de la signature d\u2019une convention pour l\u2019\u00e9change d\u2019\u00e9tudiants, ainsi que de trois d\u00e9p\u00f4t de projets.<\/p>\n<p>Le Paris Centre for Narrative Matters est depuis d\u00e9cembre 2019 et jusqu\u2019\u00e0 d\u00e9cembre 2022 un <strong>projet <\/strong><strong>ANR-18-IDEX-0001, IdEx UPC<\/strong>, port\u00e9 par Sylvie Patron.<\/p>\n<h3>Sp\u00e9cificit\u00e9<\/h3>\n<p>Le Paris Centre for Narrative Matters propose des <strong>actions de recherche interdisciplinaires bas\u00e9es sur l\u2019\u00e9tude des pratiques et des th\u00e9ories du r\u00e9cit<\/strong>, qu\u2019il s\u2019agisse de r\u00e9cits de la vie quotidienne ou de r\u00e9cits litt\u00e9raires et plus g\u00e9n\u00e9ralement d\u2019\u0153uvres narratives dans diff\u00e9rents\u00a0m\u00e9dia. Il encourage particuli\u00e8rement l\u2019interaction entre <strong>les disciplines du \u00ab tournant narratif \u00bb (psychologie, sociologie, sciences de l\u2019\u00e9ducation, etc.) et la narratologie contemporaine.<\/strong><\/p>\n<p>Dans l\u2019introduction de l\u2019ouvrage <em>Life and Narrative <\/em><em>: The Risks and Responsibilities of Storying Experience<\/em>, publi\u00e9 \u00e0 la suite du congr\u00e8s <em>Narrative Matters 2012<\/em>, Brian Schiff, A. Elizabeth McKim et Sylvie Patron \u00e9crivent\u00a0:<\/p>\n<p><em>\u00ab\u00a0This volume is a step away from the mutual indifference that currently characterizes narrative in the social sciences and the humanities. It is our hope that it will stimulate a conversation that will inspire scholars to read and contemplate the cutting-edge research and theorizing across the disciplinary divide. The conversation does not require a direction. But, certainly, one of the ways that the conversation could go is to sharpen the terminology that we use. The social sciences could clearly benefit from adopting some of the more precise language of narratology. And literary studies could benefit from a more capacious view of narrating as an interpretative process embedded in life, relationships, and culture.<\/em><\/p>\n<p><em>But the conversation does not need to stop there. There are real opportunities to work in a truly interdisciplinary way: to approach texts and lives with the tools for narrative analysis developed in the social sciences and literary studies that could benefit our understanding of both. It would be interesting to see interdisciplinary teams working together on the same problem, [\u2026] and sharing their methods, theories, and insights.\u00a0\u00bb (Oxford, Oxford University Press, \u00ab Explorations in Narrative Psychology \u00bb, 2017, p. xlii-xliii)<\/em><\/p>\n<p>Ce passage peut \u00eatre consid\u00e9r\u00e9 comme une sorte de programme pour le Centre.<\/p>\n<h3>Accomplissements et faits marquants<\/h3>\n<p>Le Paris Centre for Narrative Matters a organis\u00e9 <strong>un colloque international<\/strong>, initialement pr\u00e9vu en d\u00e9cembre 2020, report\u00e9 pour cause de pand\u00e9mie\u00a0:<\/p>\n<p><a href=\"https:\/\/wordpress-test.app.u-pariscite.fr\/cerilac\/colloque-recits-de-la-charge-mentale-des-femmes-small-stories-ii\/\"><em>R\u00e9cits de la charge mentale des femmes. Small stories (2) <\/em><\/a>(en visioconf\u00e9rence, 27-28 mai 2021), subventionn\u00e9 par les Instituts Cit\u00e9 du Genre et La Personne en m\u00e9decine, deux Initiatives interdisciplinaires IdEx UPC.<\/p>\n<p>Les actes de ce colloque ont \u00e9t\u00e9 publi\u00e9s aux \u00e9ditions Hermann.<\/p>\n<p>Le Paris Centre for Narrative Matters a \u00e9galement organis\u00e9 <strong>une rencontre internationale <\/strong><strong>r\u00e9unissant dix-huit chercheur.e.s\u00a0<\/strong><strong> responsables de centres et groupes de recherche sur le r\u00e9cit<\/strong> (Universit\u00e9 Paris Cit\u00e9, initialement programm\u00e9e les 25 et 26 juin 2020, report\u00e9e au 6 et 7 octobre 2022).<\/p>\n<p>Voir Programme ci-dessous.<\/p>\n<p>Le Centre a soutenu la <strong>publication\u00a0:<\/strong><\/p>\n<ul>\n<li><strong>d\u2019un ouvrage personnel<\/strong>:<\/li>\n<\/ul>\n<p>Sylvie Patron, <a href=\"http:\/\/www.lambert-lucas.com\/livre\/trois-etudes-sur-les-histoires-de-paris-de-mario-benedetti\/\"><em>Trois \u00e9tudes sur les <\/em>Histoires de Paris <em>de Mario Benedetti<\/em><\/a>, Limoges, Lambert-Lucas, \u00ab\u00a0\u00c9tudes linguistiques et textuelles\u00a0\u00bb, 2020, 128 p.\u00a0;<\/p>\n<ul>\n<li><strong>de quatre ouvrages collectifs<\/strong>:<\/li>\n<\/ul>\n<p>Sylvie Patron, \u00e9d., <a href=\"https:\/\/www.editions-hermann.fr\/livre\/small-stories-sylvie-patron\"><em>Small stories. Un nouveau paradigme pour les recherches sur le r\u00e9cit<\/em><\/a>, Paris, Hermann, \u00ab Cahier Textuel \u00bb, 2020, 320 p.\u00a0<\/p>\n<p>Sylvie Patron, \u00e9d., <a href=\"https:\/\/www.nebraskapress.unl.edu\/nebraska\/9781496223371\/\"><em>Optional-Narrator Theory\u00a0: Principles, Perspectives, Proposals<\/em><\/a>, Lincoln et Londres, University of Nebraska Press, \u00ab Frontiers of Narrative \u00bb, 2021, 318 p.\u00a0\u00a0<\/p>\n<p>Sylvie Patron, \u00e9d., <a href=\"https:\/\/www.septentrion.com\/fr\/livre\/?GCOI=27574100107460\"><em>La Th\u00e9orie du narrateur optionnel. Principes, perspectives, propositions<\/em><\/a>, Villeneuve d\u2019Ascq, Presses universitaires du Septentrion, \u00ab Perspectives \u00bb, 2022, 298 p.\u00a0\u00a0<\/p>\n<p>Sylvie Patron, \u00e9d., <a href=\"https:\/\/www.editions-hermann.fr\/livre\/recits-de-la-charge-mentale-des-femmes-sylvie-patron\"><em>R\u00e9cits de la charge mentale des femmes. Small stories (2)<\/em><\/a>, Hermann, \u00ab Cahier Textuel \u00bb, 2020, 212 p.<\/p>\n<ul>\n<li>d<strong>\u2019une traduction\u00a0: <\/strong><\/li>\n<\/ul>\n<p>Sylvie Patron, <a href=\"https:\/\/www.nebraskapress.unl.edu\/nebraska\/9781496231406\/\"><em>The Narrator\u00a0: A Problem in Literary Theory<\/em><\/a>, trad. Catherine Porter, Lincoln et Londres, University of Nebraska Press, \u00ab\u00a0Frontiers of Narrative\u00a0\u00bb, \u00e0 para\u00eetre en 2023\u00a0;<\/p>\n<ul>\n<li><strong>ainsi que d\u2019une r\u00e9\u00e9dition :<\/strong><\/li>\n<\/ul>\n<p>S.-Y. Kuroda, <a href=\"http:\/\/www.lambert-lucas.com\/livre\/pour-une-theorie-poetique-de-la-narration\/\"><em>Pour une th\u00e9orie po\u00e9tique de la narration<\/em><\/a>, six essais traduits de l\u2019anglais (\u00c9tats-Unis) par Cassian Braconnier, Ti\u00ean Fauconnier et Sylvie Patron, \u00e9dition, introduction et notes de Sylvie Patron, Limoges, Lambert-Lucas, \u00ab\u00a0Linguistique\u00a0\u00bb, 2022, 208 p. (initialement publi\u00e9 aux \u00e9ditions Armand Colin, \u00ab\u00a0Recherches\u00a0\u00bb, 2012, r\u00e9\u00e9dit\u00e9 avec la pr\u00e9face de Susan Fischer pour l\u2019\u00e9dition anglaise, traduite par Sylvie Patron).<\/p>\n<p>Une version augment\u00e9e des actes du workshop international <em>Small Stories\u00a0: A Research Paradigm across Data and Disciplines<\/em>, organis\u00e9 par Monika Fludernik, Stefan Pf\u00e4nder et Sylvie Patron (Universit\u00e9 de Fribourg-en-Brisgau, Allemagne, 21-23 novembre 2019)\u00a0est \u00e0 para\u00eetre\u00a0: Alexandra Georgakopoulou, Korina Giaxoglou et Sylvie Patron, \u00e9ds, <em>Small Stories\u00a0: Tales, Tellings and Tellers across Contexts<\/em>, Londres, Routledge, \u00ab\u00a0Routledge Book Series Research in Narrative, Interaction and Discourse\u00a0\u00bb, 2023.<\/p>\n<p>Le Paris Centre for Narrative Matters a \u00e9t\u00e9 \u00ab\u00a0institution partenaire\u00a0\u00bb (<em>affiliated institution<\/em>) de deux <em>Narrative Conferences<\/em>\u00a0:\u00a0 <em>Narrative Conference 2020<\/em>, Nouvelle Orl\u00e9ans, USA, 5-8 mars 2020, et <em>Narrative Conference 2021<\/em>, en visioconf\u00e9rence, 19-22 mai 2021, organis\u00e9es par l\u2019International Society for the Study of Narrative (pr\u00e9sidente en 2020 : Sylvie Patron).<\/p>\n<p>Il a accueilli un chercheur postdoctorant, B\u00fclent \u00c7a\u011flakp\u0131nar, assistant de recherche \u00e0 l\u2019Universit\u00e9 d\u2019Istanbul, Turquie (septembre 2019-mars 2020), le s\u00e9jour d\u2019un deuxi\u00e8me ayant \u00e9t\u00e9 report\u00e9 pour cause de pand\u00e9mie.<\/p>\n<p>Il a impliqu\u00e9 dans ses travaux plusieurs chercheur.e.s du C\u00c9RILAC, nou\u00e9 des liens avec la Cit\u00e9 du Genre, La Personne en m\u00e9decine, le Wellbeing Working Group du King\u2019s College, Royaume-Uni, ainsi qu\u2019avec de nombreux centres et groupes de recherches internationaux sur le r\u00e9cit.<\/p>\n<p>En revanche, le s\u00e9minaire et les tables rondes autour de livres ont d\u00fb \u00eatre annul\u00e9s pour cause de pand\u00e9mie. Il en va de m\u00eame des actions en direction de publics non universitaires.<\/p>\n<p><strong>\u00c9v\u00e8nements<\/strong><\/p>\n<p><strong>23 mars 2023 :<\/strong> Caroline Haw-Berlemont, m\u00e9decin r\u00e9animatrice, contributrice de <em>R\u00e9cits de la charge mentale des femmes<\/em>, et Sylvie Patron donneront une conf\u00e9rence \u00e0 deux voix dans le cadre des Conf\u00e9rences Grand Public de l\u2019Institut La Personne en m\u00e9decine\u00a0: voir <a href=\"https:\/\/wordpress-test.app.u-pariscite.fr\/la-personne-en-medecine\/les-conferences-grand-public\/\">https:\/\/wordpress-test.app.u-pariscite.fr\/la-personne-en-medecine\/les-conferences-grand-public\/<\/a>.<\/p>\n<p><strong>1er d\u00e9cembre 2023<\/strong> : French-Finish worshop of counter-narratives, salle P. Albouy\u00a0<a href=\"https:\/\/wordpress-test.app.u-pariscite.fr\/cerilac\/french-finnish-worshop-of-counter-narratives\/\">https:\/\/wordpress-test.app.u-pariscite.fr\/cerilac\/french-finnish-worshop-of-counter-narratives\/<\/a><\/p>\n<h3>Le r\u00e9seau du Paris Centre for Narrative Matters<\/h3>\n<p><a href=\"https:\/\/wordpress-test.app.u-pariscite.fr\/cerilac\/paris-centre-for-narrative-matters\/le-reseau-du-pcnm\/\">Programme de la rencontre internationale des 6 et 7 octobre 2022<\/a><\/p>\n<p>[\/et_pb_text][\/et_pb_column][et_pb_column type=\u00a0\u00bb1_4&Prime;][\/et_pb_column][\/et_pb_row][\/et_pb_section][et_pb_section bb_built=\u00a0\u00bb1&Prime; specialty=\u00a0\u00bboff\u00a0\u00bb prev_background_color=\u00a0\u00bb#000000&Prime; _builder_version=\u00a0\u00bb3.19.11&Prime; custom_padding=\u00a0\u00bb0px||0px|\u00a0\u00bb inner_width=\u00a0\u00bbauto\u00a0\u00bb inner_max_width=\u00a0\u00bbnone\u00a0\u00bb][et_pb_row _builder_version=\u00a0\u00bb3.19.11&Prime; width=\u00a0\u00bb80%\u00a0\u00bb max_width=\u00a0\u00bb1080px\u00a0\u00bb][et_pb_column type=\u00a0\u00bb4_4&Prime;][et_pb_text admin_label=\u00a0\u00bbArticles similaires\u00a0\u00bb _builder_version=\u00a0\u00bb3.16.1&Prime;]<\/p>\n<h2><span class=\"st\">\u00c0<\/span> lire aussi<\/h2>\n<p>[\/et_pb_text][et_pb_blog _builder_version=\u00a0\u00bb3.21&Prime; posts_number=\u00a0\u00bb4&Prime; include_categories=\u00a0\u00bb38,45,14,12,11,15,1,13&Prime; show_author=\u00a0\u00bboff\u00a0\u00bb show_date=\u00a0\u00bboff\u00a0\u00bb show_pagination=\u00a0\u00bboff\u00a0\u00bb border_width_bottom_fullwidth=\u00a0\u00bb1px\u00a0\u00bb border_color_bottom_fullwidth=\u00a0\u00bbrgba(51,51,51,0.18)\u00a0\u00bb custom_padding=\u00a0\u00bb||50px|\u00a0\u00bb module_id=\u00a0\u00bbpage_type_blog\u00a0\u00bb header_level=\u00a0\u00bbh4&Prime; \/][\/et_pb_column][\/et_pb_row][\/et_pb_section]<\/p>\n","protected":false},"excerpt":{"rendered":"<div class=\"et_pb_row et_pb_row_0 et_pb_row_empty\"><\/div>\n<p> Porteuse du projet : Sylvie Patron\u00a0 ANR-18-IDEX-0001, IdEx Universit\u00e9 Paris Cit\u00e9 <\/p>\n<div class=\"et_pb_row et_pb_row_1 et_pb_row_empty\"><\/div>\n<p> Centre et r\u00e9seau de recherches d\u00e9di\u00e9s \u00e0 l\u2019\u00e9tude des pratiques et des th\u00e9ories du r\u00e9citHistoriqueLe Paris Centre for Narrative Matters est le r\u00e9sultat d\u2019un travail collaboratif men\u00e9 pendant pr\u00e8s de trois ans entre Sylvie Patron, ma\u00eetresse de conf\u00e9rences habilit\u00e9e \u00e0 diriger des&hellip; <a class=\"continue\" href=\"https:\/\/wordpress-test.app.u-pariscite.fr\/cerilac\/paris-centre-for-narrative-matters\/\">Lire la suite<span> Paris Centre for Narrative Matters<\/span><\/a><\/p>\n","protected":false},"author":73,"featured_media":0,"parent":0,"menu_order":0,"comment_status":"closed","ping_status":"closed","template":"","meta":{"_et_pb_use_builder":"on","_et_pb_old_content":"","_et_gb_content_width":"","footnotes":""},"class_list":["post-874","page","type-page","status-publish","hentry"],"_links":{"self":[{"href":"https:\/\/wordpress-test.app.u-pariscite.fr\/cerilac\/wp-json\/wp\/v2\/pages\/874","targetHints":{"allow":["GET"]}}],"collection":[{"href":"https:\/\/wordpress-test.app.u-pariscite.fr\/cerilac\/wp-json\/wp\/v2\/pages"}],"about":[{"href":"https:\/\/wordpress-test.app.u-pariscite.fr\/cerilac\/wp-json\/wp\/v2\/types\/page"}],"author":[{"embeddable":true,"href":"https:\/\/wordpress-test.app.u-pariscite.fr\/cerilac\/wp-json\/wp\/v2\/users\/73"}],"replies":[{"embeddable":true,"href":"https:\/\/wordpress-test.app.u-pariscite.fr\/cerilac\/wp-json\/wp\/v2\/comments?post=874"}],"version-history":[{"count":12,"href":"https:\/\/wordpress-test.app.u-pariscite.fr\/cerilac\/wp-json\/wp\/v2\/pages\/874\/revisions"}],"predecessor-version":[{"id":4064,"href":"https:\/\/wordpress-test.app.u-pariscite.fr\/cerilac\/wp-json\/wp\/v2\/pages\/874\/revisions\/4064"}],"wp:attachment":[{"href":"https:\/\/wordpress-test.app.u-pariscite.fr\/cerilac\/wp-json\/wp\/v2\/media?parent=874"}],"curies":[{"name":"wp","href":"https:\/\/api.w.org\/{rel}","templated":true}]}}