{"id":855,"date":"2020-06-18T15:51:11","date_gmt":"2020-06-18T13:51:11","guid":{"rendered":"https:\/\/wordpress-test.app.u-pariscite.fr\/cerilac\/?page_id=855"},"modified":"2023-03-23T09:20:51","modified_gmt":"2023-03-23T08:20:51","slug":"questions-de-recit","status":"publish","type":"page","link":"https:\/\/wordpress-test.app.u-pariscite.fr\/cerilac\/questions-de-recit\/","title":{"rendered":"Questions de r\u00e9cit"},"content":{"rendered":"<p>[et_pb_section bb_built=\u00a0\u00bb1&Prime; next_background_color=\u00a0\u00bb#000000&Prime; inner_width=\u00a0\u00bbauto\u00a0\u00bb inner_max_width=\u00a0\u00bbnone\u00a0\u00bb][et_pb_row _builder_version=\u00a0\u00bb3.21&Prime; width=\u00a0\u00bb80%\u00a0\u00bb max_width=\u00a0\u00bb1080px\u00a0\u00bb][et_pb_column type=\u00a0\u00bb4_4&Prime;][et_pb_post_title admin_label=\u00a0\u00bbTitre de la page\u00a0\u00bb _builder_version=\u00a0\u00bb3.19.11&Prime; meta=\u00a0\u00bboff\u00a0\u00bb featured_image=\u00a0\u00bboff\u00a0\u00bb \/][\/et_pb_column][\/et_pb_row][et_pb_row][et_pb_column type=\u00a0\u00bb3_4&Prime;][et_pb_text admin_label=\u00a0\u00bbintro\u00a0\u00bb _builder_version=\u00a0\u00bb3.22.1&Prime; module_id=\u00a0\u00bbintro\u00a0\u00bb text_text_shadow_horizontal_length=\u00a0\u00bbtext_text_shadow_style,%91object Object%93&Prime; text_text_shadow_vertical_length=\u00a0\u00bbtext_text_shadow_style,%91object Object%93&Prime; text_text_shadow_blur_strength=\u00a0\u00bbtext_text_shadow_style,%91object Object%93&Prime; link_text_shadow_horizontal_length=\u00a0\u00bblink_text_shadow_style,%91object Object%93&Prime; link_text_shadow_vertical_length=\u00a0\u00bblink_text_shadow_style,%91object Object%93&Prime; link_text_shadow_blur_strength=\u00a0\u00bblink_text_shadow_style,%91object Object%93&Prime; ul_text_shadow_horizontal_length=\u00a0\u00bbul_text_shadow_style,%91object Object%93&Prime; ul_text_shadow_vertical_length=\u00a0\u00bbul_text_shadow_style,%91object Object%93&Prime; ul_text_shadow_blur_strength=\u00a0\u00bbul_text_shadow_style,%91object Object%93&Prime; ol_text_shadow_horizontal_length=\u00a0\u00bbol_text_shadow_style,%91object Object%93&Prime; ol_text_shadow_vertical_length=\u00a0\u00bbol_text_shadow_style,%91object Object%93&Prime; ol_text_shadow_blur_strength=\u00a0\u00bbol_text_shadow_style,%91object Object%93&Prime; quote_text_shadow_horizontal_length=\u00a0\u00bbquote_text_shadow_style,%91object Object%93&Prime; quote_text_shadow_vertical_length=\u00a0\u00bbquote_text_shadow_style,%91object Object%93&Prime; quote_text_shadow_blur_strength=\u00a0\u00bbquote_text_shadow_style,%91object Object%93&Prime; header_text_shadow_horizontal_length=\u00a0\u00bbheader_text_shadow_style,%91object Object%93&Prime; header_text_shadow_vertical_length=\u00a0\u00bbheader_text_shadow_style,%91object Object%93&Prime; header_text_shadow_blur_strength=\u00a0\u00bbheader_text_shadow_style,%91object Object%93&Prime; header_2_text_shadow_horizontal_length=\u00a0\u00bbheader_2_text_shadow_style,%91object Object%93&Prime; header_2_text_shadow_vertical_length=\u00a0\u00bbheader_2_text_shadow_style,%91object Object%93&Prime; header_2_text_shadow_blur_strength=\u00a0\u00bbheader_2_text_shadow_style,%91object Object%93&Prime; header_3_text_shadow_horizontal_length=\u00a0\u00bbheader_3_text_shadow_style,%91object Object%93&Prime; header_3_text_shadow_vertical_length=\u00a0\u00bbheader_3_text_shadow_style,%91object Object%93&Prime; header_3_text_shadow_blur_strength=\u00a0\u00bbheader_3_text_shadow_style,%91object Object%93&Prime; header_4_text_shadow_horizontal_length=\u00a0\u00bbheader_4_text_shadow_style,%91object Object%93&Prime; header_4_text_shadow_vertical_length=\u00a0\u00bbheader_4_text_shadow_style,%91object Object%93&Prime; header_4_text_shadow_blur_strength=\u00a0\u00bbheader_4_text_shadow_style,%91object Object%93&Prime; header_5_text_shadow_horizontal_length=\u00a0\u00bbheader_5_text_shadow_style,%91object Object%93&Prime; header_5_text_shadow_vertical_length=\u00a0\u00bbheader_5_text_shadow_style,%91object Object%93&Prime; header_5_text_shadow_blur_strength=\u00a0\u00bbheader_5_text_shadow_style,%91object Object%93&Prime; header_6_text_shadow_horizontal_length=\u00a0\u00bbheader_6_text_shadow_style,%91object Object%93&Prime; header_6_text_shadow_vertical_length=\u00a0\u00bbheader_6_text_shadow_style,%91object Object%93&Prime; header_6_text_shadow_blur_strength=\u00a0\u00bbheader_6_text_shadow_style,%91object Object%93&Prime; z_index_tablet=\u00a0\u00bb500&Prime;]<\/p>\n<div class=\"et_pb_column et_pb_column_3_4 et_pb_column_6 et_pb_css_mix_blend_mode_passthrough\">\n<div id=\"contenu\" class=\"et_pb_module et_pb_text et_pb_text_3 et_pb_bg_layout_light et_pb_text_align_left\">\n<div class=\"et_pb_text_inner\">\n<p><strong>Porteuse du projet : <\/strong>Sylvie Patron<\/p>\n<p><strong>Projet associ\u00e9\u00a0: <\/strong>\u00ab\u00a0Monologuer\u00a0\u00bb (porteuse\u00a0: St\u00e9phanie Smadja)<\/p>\n<p><strong>Centre de recherche associ\u00e9\u00a0:\u00a0<\/strong>Paris Centre for Narrative Matters (ANR-18-IDEX-0001, IdEx Universit\u00e9 Paris Cit\u00e9)<\/p>\n<\/div>\n<\/div>\n<\/div>\n<p>[\/et_pb_text][\/et_pb_column][et_pb_column type=\u00a0\u00bb1_4&Prime;][\/et_pb_column][\/et_pb_row][et_pb_row _builder_version=\u00a0\u00bb3.19.11&Prime; module_id=\u00a0\u00bbimage-page-type\u00a0\u00bb width=\u00a0\u00bb80%\u00a0\u00bb max_width=\u00a0\u00bb1080px\u00a0\u00bb][et_pb_column type=\u00a0\u00bb3_4&Prime;][et_pb_image admin_label=\u00a0\u00bbImage 1920 x 1080&Prime; _builder_version=\u00a0\u00bb3.22.1&Prime; src=\u00a0\u00bbhttps:\/\/wordpress-test.app.u-pariscite.fr\/cerilac\/wp-content\/uploads\/sites\/7\/2023\/03\/Questions-de-re\u0301cit.png\u00a0\u00bb module_id=\u00a0\u00bbimage-page\u00a0\u00bb z_index_tablet=\u00a0\u00bb500&Prime; \/][\/et_pb_column][et_pb_column type=\u00a0\u00bb1_4&Prime;][\/et_pb_column][\/et_pb_row][et_pb_row][et_pb_column type=\u00a0\u00bb3_4&Prime;][et_pb_text _builder_version=\u00a0\u00bb3.22.1&Prime; module_id=\u00a0\u00bbcontenu\u00a0\u00bb text_text_shadow_horizontal_length=\u00a0\u00bbtext_text_shadow_style,%91object Object%93&Prime; text_text_shadow_vertical_length=\u00a0\u00bbtext_text_shadow_style,%91object Object%93&Prime; text_text_shadow_blur_strength=\u00a0\u00bbtext_text_shadow_style,%91object Object%93&Prime; link_text_shadow_horizontal_length=\u00a0\u00bblink_text_shadow_style,%91object Object%93&Prime; link_text_shadow_vertical_length=\u00a0\u00bblink_text_shadow_style,%91object Object%93&Prime; link_text_shadow_blur_strength=\u00a0\u00bblink_text_shadow_style,%91object Object%93&Prime; ul_text_shadow_horizontal_length=\u00a0\u00bbul_text_shadow_style,%91object Object%93&Prime; ul_text_shadow_vertical_length=\u00a0\u00bbul_text_shadow_style,%91object Object%93&Prime; ul_text_shadow_blur_strength=\u00a0\u00bbul_text_shadow_style,%91object Object%93&Prime; ol_text_shadow_horizontal_length=\u00a0\u00bbol_text_shadow_style,%91object Object%93&Prime; ol_text_shadow_vertical_length=\u00a0\u00bbol_text_shadow_style,%91object Object%93&Prime; ol_text_shadow_blur_strength=\u00a0\u00bbol_text_shadow_style,%91object Object%93&Prime; quote_text_shadow_horizontal_length=\u00a0\u00bbquote_text_shadow_style,%91object Object%93&Prime; quote_text_shadow_vertical_length=\u00a0\u00bbquote_text_shadow_style,%91object Object%93&Prime; quote_text_shadow_blur_strength=\u00a0\u00bbquote_text_shadow_style,%91object Object%93&Prime; header_text_shadow_horizontal_length=\u00a0\u00bbheader_text_shadow_style,%91object Object%93&Prime; header_text_shadow_vertical_length=\u00a0\u00bbheader_text_shadow_style,%91object Object%93&Prime; header_text_shadow_blur_strength=\u00a0\u00bbheader_text_shadow_style,%91object Object%93&Prime; header_2_text_shadow_horizontal_length=\u00a0\u00bbheader_2_text_shadow_style,%91object Object%93&Prime; header_2_text_shadow_vertical_length=\u00a0\u00bbheader_2_text_shadow_style,%91object Object%93&Prime; header_2_text_shadow_blur_strength=\u00a0\u00bbheader_2_text_shadow_style,%91object Object%93&Prime; header_3_text_shadow_horizontal_length=\u00a0\u00bbheader_3_text_shadow_style,%91object Object%93&Prime; header_3_text_shadow_vertical_length=\u00a0\u00bbheader_3_text_shadow_style,%91object Object%93&Prime; header_3_text_shadow_blur_strength=\u00a0\u00bbheader_3_text_shadow_style,%91object Object%93&Prime; header_4_text_shadow_horizontal_length=\u00a0\u00bbheader_4_text_shadow_style,%91object Object%93&Prime; header_4_text_shadow_vertical_length=\u00a0\u00bbheader_4_text_shadow_style,%91object Object%93&Prime; header_4_text_shadow_blur_strength=\u00a0\u00bbheader_4_text_shadow_style,%91object Object%93&Prime; header_5_text_shadow_horizontal_length=\u00a0\u00bbheader_5_text_shadow_style,%91object Object%93&Prime; header_5_text_shadow_vertical_length=\u00a0\u00bbheader_5_text_shadow_style,%91object Object%93&Prime; header_5_text_shadow_blur_strength=\u00a0\u00bbheader_5_text_shadow_style,%91object Object%93&Prime; header_6_text_shadow_horizontal_length=\u00a0\u00bbheader_6_text_shadow_style,%91object Object%93&Prime; header_6_text_shadow_vertical_length=\u00a0\u00bbheader_6_text_shadow_style,%91object Object%93&Prime; header_6_text_shadow_blur_strength=\u00a0\u00bbheader_6_text_shadow_style,%91object Object%93&Prime; z_index_tablet=\u00a0\u00bb500&Prime;]<\/p>\n<h3>Pr\u00e9sentation<\/h3>\n<p>\u00ab\u00a0Questions de r\u00e9cit\u00a0\u00bb est un projet transversal du CERILAC qui s&rsquo;inscrit dans le\u00a0prolongement des congr\u00e8s\u00a0<em>Narrative Matters 2012\u00a0: Life and Narrative<\/em>\u00a0et\u00a0<em>Narrative Matters 2014\u00a0: Narrative Knowing\/R\u00e9cit et Savoir<\/em>, et doit se d\u00e9velopper en partenariat avec le Paris Centre for Narrative Matters (Universit\u00e9 Paris Diderot\/The American University of Paris), cr\u00e9\u00e9 \u00e0 la suite de ces congr\u00e8s.\u00a0Il propose des actions de recherche interdisciplinaires s\u2019articulant autour de l\u2019\u00e9tude des pratiques et des th\u00e9ories du r\u00e9cit, qu\u2019il s\u2019agisse de r\u00e9cits de la vie quotidienne ou de r\u00e9cits litt\u00e9raires, cin\u00e9matographiques, etc. (ou plus g\u00e9n\u00e9ralement d\u2019\u0153uvres narratives dans diff\u00e9rents m\u00e9dias). Il encourage particuli\u00e8rement l\u2019interaction entre les disciplines du \u00ab\u00a0tournant narratif\u00a0\u00bb et la narratologie dite aujourd\u2019hui \u00ab\u00a0postclassique\u00a0\u00bb. L\u2019objectif est de stimuler la recherche dans le domaine du r\u00e9cit et d\u2019inciter les chercheurs fran\u00e7ais \u00e0 participer aux d\u00e9bats qui ont lieu actuellement au niveau international.\u00a0<\/p>\n<h3 class=\"chapeau\">S\u00e9minaire\u00a0<\/h3>\n<p><strong>Premi\u00e8re s\u00e9ance (12 octobre 2018,\u00a0Universit\u00e9 Paris Diderot):<\/strong>\u00a0conf\u00e9rence\u00a0d\u2019<strong>Arnaud Schmitt<\/strong>, professeur de litt\u00e9rature et de philosophie am\u00e9ricaines \u00e0 l\u2019Universit\u00e9 Bordeaux-Montaigne:\u00a0\u00ab\u00a0<strong>La\u00a0Ph\u00e9nom\u00e9nologie de\u00a0l\u2019autobiographie\u00a0: faire revivre le r\u00e9el\u00a0\u00bb.<\/strong><\/p>\n<p>Voir la\u00a0<span class=\"file\"><img loading=\"lazy\" decoding=\"async\" class=\"file-icon\" title=\"application\/pdf\" src=\"https:\/\/cerilac.wordpress-test.app.u-pariscite.fr\/modules\/file\/icons\/application-pdf.png\" alt=\"PDF icon\" width=\"16\" height=\"16\" \/><a href=\"https:\/\/cerilac.wordpress-test.app.u-pariscite.fr\/file\/159686\/download?token=0dh_qO8j\">pr\u00e9sentation Powerpoint de cette conf\u00e9rence<\/a>\u00a0<span class=\"file-size\">(3.38 Mo)<\/span><\/span>\u00a0Voir aussi\u00a0<span class=\"file\"><img loading=\"lazy\" decoding=\"async\" class=\"file-icon\" title=\"application\/pdf\" src=\"https:\/\/cerilac.wordpress-test.app.u-pariscite.fr\/modules\/file\/icons\/application-pdf.png\" alt=\"PDF icon\" width=\"16\" height=\"16\" \/><a href=\"https:\/\/cerilac.wordpress-test.app.u-pariscite.fr\/file\/158664\/download?token=iZXb7beA\">la r\u00e9ponse de la part de Jens Brockmeier<\/a>\u00a0<span class=\"file-size\">(99.2 Ko)<\/span><\/span><\/p>\n<p><strong>Deuxi\u00e8me\u00a0s\u00e9ance\u00a0(28 novembre 2018,\u00a0Universit\u00e9 am\u00e9ricaine de Paris):<\/strong>\u00a0conf\u00e9rence d&rsquo;<strong>Hannah Meretoja<\/strong>, professeure de litt\u00e9rature compar\u00e9e \u00e0\u00a0l&rsquo;Universit\u00e9 de Turku, Finlande):\u00a0<strong>\u00ab\u00a0The Ethical Potential &amp; Dangers of Narratives\u00a0\u00bb.\u00a0<\/strong>Conf\u00e9rence organis\u00e9e par le Centre Irina et George Schaeffer pour l\u2019\u00e9tude du g\u00e9nocide, des droits de l\u2019homme et de la pr\u00e9vention des conflits, dirig\u00e9 par Brian Schiff.\u00a0<\/p>\n<p><strong>Troisi\u00e8me s\u00e9ance (10 octobre 2019, Universit\u00e9 Paris Diderot) :<\/strong>\u00a0conf\u00e9rence de\u00a0<strong>Beno\u00eet Hennaut<\/strong>, directeur de l&rsquo;Ecole nationale sup\u00e9rieure des arts visuels de La Cambre, Bruxelles, auteur de\u00a0<em>Th\u00e9\u00e2tre et r\u00e9cit, l&rsquo;impossible rupture<\/em>, Paris, Classiques Garnier, coll.\u00a0\u00ab\u00a0\u00c9tudes sur le th\u00e9\u00e2tre et les arts de la sc\u00e8ne\u00a0\u00bb, 2016 :\u00a0<strong>\u00a0\u00bb\u00a0De la privation narrative \u00e0 la r\u00e9affirmation de l\u2019H\/histoire\u00a0: th\u00e9\u00e2tre et r\u00e9cit de 1980 \u00e0 nos jours \u00ab\u00a0<\/strong>.<\/p>\n<p>Voir la\u00a0<span class=\"file\"><img loading=\"lazy\" decoding=\"async\" class=\"file-icon\" title=\"application\/pdf\" src=\"https:\/\/cerilac.wordpress-test.app.u-pariscite.fr\/modules\/file\/icons\/application-pdf.png\" alt=\"PDF icon\" width=\"16\" height=\"16\" \/><a href=\"https:\/\/cerilac.wordpress-test.app.u-pariscite.fr\/file\/172360\/download?token=JrvfGJ30\">pr\u00e9sentation Powerpoint de cette conf\u00e9rence<\/a>\u00a0<span class=\"file-size\">(484.07 Ko)<\/span><\/span><\/p>\n<p class=\"chapeau\"><strong>Programme\u00a0<\/strong><strong><em>Small Stories<\/em><\/strong><\/p>\n<p>Ce programme se compose des actions suivantes:<\/p>\n<p><strong>1. Panel \u00ab\u00a0Small Stories Research Across Disciplines\u00a0\u00bb, panel organis\u00e9 par Sylvie Patron et r\u00e9unissant C\u00e9cile De Bary, Sylvie Patron et St\u00e9phanie Smadja,\u00a0<em>International Narrative Conference 2019<\/em>, Universit\u00e9 de Navarre, Pamplona (Espagne), 6-8 juin 2019.<\/strong><\/p>\n<p>Description du panel:\u00a0<span class=\"file\"><img loading=\"lazy\" decoding=\"async\" class=\"file-icon\" title=\"application\/pdf\" src=\"https:\/\/cerilac.wordpress-test.app.u-pariscite.fr\/modules\/file\/icons\/application-pdf.png\" alt=\"PDF icon\" width=\"16\" height=\"16\" \/><a href=\"https:\/\/cerilac.wordpress-test.app.u-pariscite.fr\/file\/160038\/download?token=9nXvIj3V\">voir<\/a>\u00a0<span class=\"file-size\">(99.08 Ko)<\/span><\/span><\/p>\n<p><b>2.\u00a0Small Stories\u00a0:\u00a0<em>un nouveau paradigme pour les recherches sur le r\u00e9cit<\/em>, Sylvie Patron, dir., Paris, Hermann, coll. \u00ab\u00a0Cahier\u00a0Textuel\u00a0\u00bb,\u00a02020.<\/b><\/p>\n<p>Voir\u00a0:\u00a0<a class=\"ext extlink\" href=\"https:\/\/www.editions-hermann.fr\/livre\/9791037002877\" target=\"_blank\" rel=\"noopener noreferrer\">https:\/\/www.editions-hermann.fr\/livre\/9791037002877<span class=\"ext\"><span class=\"element-invisible\">(link is external)<\/span><\/span><\/a><\/p>\n<p>Table des mati\u00e8res:\u00a0<span class=\"file\"><img loading=\"lazy\" decoding=\"async\" class=\"file-icon\" title=\"application\/pdf\" src=\"https:\/\/cerilac.wordpress-test.app.u-pariscite.fr\/modules\/file\/icons\/application-pdf.png\" alt=\"PDF icon\" width=\"16\" height=\"16\" \/><a href=\"https:\/\/cerilac.wordpress-test.app.u-pariscite.fr\/file\/172202\/download?token=4BG-Qrq1\">cliquez ici<\/a>\u00a0<span class=\"file-size\">(63.54 Ko)<\/span><\/span><\/p>\n<p><strong>3.\u00a0Colloque\u00a0<em>Small Stories\u00a0: A Research Paradigm Across Data and Disciplines<\/em>, organis\u00e9 par Monika Fludernik, Sylvie Patron et Stefan Pf\u00e4nder, Universit\u00e9 de Fribourg-en-Brisgau (Allemagne), 21-23 novembre 2019.<\/strong><\/p>\n<p>Programme :\u00a0<span class=\"file\"><img loading=\"lazy\" decoding=\"async\" class=\"file-icon\" title=\"application\/pdf\" src=\"https:\/\/cerilac.wordpress-test.app.u-pariscite.fr\/modules\/file\/icons\/application-pdf.png\" alt=\"PDF icon\" width=\"16\" height=\"16\" \/><a href=\"https:\/\/cerilac.wordpress-test.app.u-pariscite.fr\/file\/164643\/download?token=oEk8l36O\">voir<\/a>\u00a0<span class=\"file-size\">(435.22 Ko)<\/span><\/span><\/p>\n<p><strong>4. Actes du colloque de Fribourg, date et lieu de publication \u00e0 pr\u00e9ciser.<\/strong><\/p>\n<p><strong>5.\u00a0Alexandra Georgakopoulou et Sylvie Patron, \u00ab Small Stories\u00a0\u00bb,\u00a0<em>Glossaire du R\u00e9NaF.<\/em><\/strong><\/p>\n<p>Voir :\u00a0<a class=\"ext extlink\" href=\"https:\/\/wp.unil.ch\/narratologie\/2020\/02\/small-stories-small-stories\/\" target=\"_blank\" rel=\"noopener noreferrer\">https:\/\/wp.unil.ch\/narratologie\/2020\/02\/small-stories-small-stories\/<span class=\"ext\"><span class=\"element-invisible\">(link is external)<\/span><\/span><\/a><\/p>\n<p><strong>6. D\u00e9p\u00f4t d\u2019un projet r\u00e9pondant \u00e0 l\u2019appel \u00e0 projets scientifiques lanc\u00e9 par la Cit\u00e9 du Genre en juin 2020 : \u00ab\u00a0R\u00e9cits de la charge mentale des femmes. Small stories 2\u00a0\u00bb (projet laur\u00e9at en septembre 2020)<\/strong><\/p>\n<p><strong>7.\u00a0<em>R\u00e9cits de la charge mentale des femmes. Small stories 2<\/em>, journ\u00e9e d\u2019\u00e9tude suivie de publication.<\/strong><\/p>\n<p>Voir appel \u00e0 contributions:\u00a0<span class=\"file\"><img loading=\"lazy\" decoding=\"async\" class=\"file-icon\" title=\"application\/pdf\" src=\"https:\/\/cerilac.wordpress-test.app.u-pariscite.fr\/modules\/file\/icons\/application-pdf.png\" alt=\"PDF icon\" width=\"16\" height=\"16\" \/><a href=\"https:\/\/cerilac.wordpress-test.app.u-pariscite.fr\/file\/172203\/download?token=BX_InkJT\">cliquez ici<\/a>\u00a0<span class=\"file-size\">(136.43 Ko)<\/span><\/span><\/p>\n<p>[\/et_pb_text][\/et_pb_column][et_pb_column type=\u00a0\u00bb1_4&Prime;][\/et_pb_column][\/et_pb_row][\/et_pb_section][et_pb_section bb_built=\u00a0\u00bb1&Prime; specialty=\u00a0\u00bboff\u00a0\u00bb prev_background_color=\u00a0\u00bb#000000&Prime; _builder_version=\u00a0\u00bb3.19.11&Prime; custom_padding=\u00a0\u00bb0px||0px|\u00a0\u00bb inner_width=\u00a0\u00bbauto\u00a0\u00bb inner_max_width=\u00a0\u00bbnone\u00a0\u00bb][et_pb_row _builder_version=\u00a0\u00bb3.19.11&Prime; width=\u00a0\u00bb80%\u00a0\u00bb max_width=\u00a0\u00bb1080px\u00a0\u00bb][et_pb_column type=\u00a0\u00bb4_4&Prime;][et_pb_text admin_label=\u00a0\u00bbArticles similaires\u00a0\u00bb _builder_version=\u00a0\u00bb3.16.1&Prime;]<\/p>\n<h2><span class=\"st\">\u00c0<\/span> lire aussi<\/h2>\n<p>[\/et_pb_text][et_pb_blog _builder_version=\u00a0\u00bb3.21&Prime; posts_number=\u00a0\u00bb4&Prime; include_categories=\u00a0\u00bb38,45,14,12,11,15,1,13&Prime; show_author=\u00a0\u00bboff\u00a0\u00bb show_date=\u00a0\u00bboff\u00a0\u00bb show_pagination=\u00a0\u00bboff\u00a0\u00bb border_width_bottom_fullwidth=\u00a0\u00bb1px\u00a0\u00bb border_color_bottom_fullwidth=\u00a0\u00bbrgba(51,51,51,0.18)\u00a0\u00bb custom_padding=\u00a0\u00bb||50px|\u00a0\u00bb module_id=\u00a0\u00bbpage_type_blog\u00a0\u00bb header_level=\u00a0\u00bbh4&Prime; \/][\/et_pb_column][\/et_pb_row][\/et_pb_section]<\/p>\n","protected":false},"excerpt":{"rendered":"<div class=\"et_pb_row et_pb_row_0 et_pb_row_empty\"><\/div>\n<p> Porteuse du projet : Sylvie Patron Projet associ\u00e9\u00a0: \u00ab\u00a0Monologuer\u00a0\u00bb (porteuse\u00a0: St\u00e9phanie Smadja) Centre de recherche associ\u00e9\u00a0:\u00a0Paris Centre for Narrative Matters (ANR-18-IDEX-0001, IdEx Universit\u00e9 Paris Cit\u00e9) <\/p>\n<div class=\"et_pb_row et_pb_row_1 et_pb_row_empty\"><\/div>\n<p> Pr\u00e9sentation \u00ab\u00a0Questions de r\u00e9cit\u00a0\u00bb est un projet transversal du CERILAC qui s&rsquo;inscrit dans le\u00a0prolongement des congr\u00e8s\u00a0Narrative Matters 2012\u00a0: Life and Narrative\u00a0et\u00a0Narrative Matters 2014\u00a0: Narrative Knowing\/R\u00e9cit et Savoir, et&hellip; <a class=\"continue\" href=\"https:\/\/wordpress-test.app.u-pariscite.fr\/cerilac\/questions-de-recit\/\">Lire la suite<span> Questions de r\u00e9cit<\/span><\/a><\/p>\n","protected":false},"author":73,"featured_media":3586,"parent":0,"menu_order":0,"comment_status":"closed","ping_status":"closed","template":"","meta":{"_et_pb_use_builder":"on","_et_pb_old_content":"","_et_gb_content_width":"","footnotes":""},"class_list":["post-855","page","type-page","status-publish","has-post-thumbnail","hentry"],"_links":{"self":[{"href":"https:\/\/wordpress-test.app.u-pariscite.fr\/cerilac\/wp-json\/wp\/v2\/pages\/855","targetHints":{"allow":["GET"]}}],"collection":[{"href":"https:\/\/wordpress-test.app.u-pariscite.fr\/cerilac\/wp-json\/wp\/v2\/pages"}],"about":[{"href":"https:\/\/wordpress-test.app.u-pariscite.fr\/cerilac\/wp-json\/wp\/v2\/types\/page"}],"author":[{"embeddable":true,"href":"https:\/\/wordpress-test.app.u-pariscite.fr\/cerilac\/wp-json\/wp\/v2\/users\/73"}],"replies":[{"embeddable":true,"href":"https:\/\/wordpress-test.app.u-pariscite.fr\/cerilac\/wp-json\/wp\/v2\/comments?post=855"}],"version-history":[{"count":5,"href":"https:\/\/wordpress-test.app.u-pariscite.fr\/cerilac\/wp-json\/wp\/v2\/pages\/855\/revisions"}],"predecessor-version":[{"id":3588,"href":"https:\/\/wordpress-test.app.u-pariscite.fr\/cerilac\/wp-json\/wp\/v2\/pages\/855\/revisions\/3588"}],"wp:featuredmedia":[{"embeddable":true,"href":"https:\/\/wordpress-test.app.u-pariscite.fr\/cerilac\/wp-json\/wp\/v2\/media\/3586"}],"wp:attachment":[{"href":"https:\/\/wordpress-test.app.u-pariscite.fr\/cerilac\/wp-json\/wp\/v2\/media?parent=855"}],"curies":[{"name":"wp","href":"https:\/\/api.w.org\/{rel}","templated":true}]}}