{"id":783,"date":"2020-06-10T12:19:22","date_gmt":"2020-06-10T10:19:22","guid":{"rendered":"https:\/\/wordpress-test.app.u-pariscite.fr\/cerilac\/?page_id=783"},"modified":"2024-11-19T13:47:26","modified_gmt":"2024-11-19T12:47:26","slug":"le-conseil-et-le-bureau-du-cerilac","status":"publish","type":"page","link":"https:\/\/wordpress-test.app.u-pariscite.fr\/cerilac\/presentation\/le-conseil-et-le-bureau-du-cerilac\/","title":{"rendered":"Le Conseil et le Bureau du CERILAC"},"content":{"rendered":"<p>[et_pb_section bb_built=\u00a0\u00bb1&Prime; next_background_color=\u00a0\u00bb#000000&Prime; inner_width=\u00a0\u00bbauto\u00a0\u00bb inner_max_width=\u00a0\u00bbnone\u00a0\u00bb][et_pb_row _builder_version=\u00a0\u00bb3.21&Prime; width=\u00a0\u00bb80%\u00a0\u00bb max_width=\u00a0\u00bb1080px\u00a0\u00bb][et_pb_column type=\u00a0\u00bb4_4&Prime;][et_pb_post_title admin_label=\u00a0\u00bbTitre de la page\u00a0\u00bb _builder_version=\u00a0\u00bb3.19.11&Prime; meta=\u00a0\u00bboff\u00a0\u00bb featured_image=\u00a0\u00bboff\u00a0\u00bb \/][\/et_pb_column][\/et_pb_row][et_pb_row][et_pb_column type=\u00a0\u00bb4_4&Prime;][et_pb_text _builder_version=\u00a0\u00bb3.22.1&Prime; module_id=\u00a0\u00bbcontenu\u00a0\u00bb text_text_shadow_horizontal_length=\u00a0\u00bbtext_text_shadow_style,%91object Object%93&Prime; text_text_shadow_vertical_length=\u00a0\u00bbtext_text_shadow_style,%91object Object%93&Prime; text_text_shadow_blur_strength=\u00a0\u00bbtext_text_shadow_style,%91object Object%93&Prime; link_text_shadow_horizontal_length=\u00a0\u00bblink_text_shadow_style,%91object Object%93&Prime; link_text_shadow_vertical_length=\u00a0\u00bblink_text_shadow_style,%91object Object%93&Prime; link_text_shadow_blur_strength=\u00a0\u00bblink_text_shadow_style,%91object Object%93&Prime; ul_text_shadow_horizontal_length=\u00a0\u00bbul_text_shadow_style,%91object Object%93&Prime; ul_text_shadow_vertical_length=\u00a0\u00bbul_text_shadow_style,%91object Object%93&Prime; ul_text_shadow_blur_strength=\u00a0\u00bbul_text_shadow_style,%91object Object%93&Prime; ol_text_shadow_horizontal_length=\u00a0\u00bbol_text_shadow_style,%91object Object%93&Prime; ol_text_shadow_vertical_length=\u00a0\u00bbol_text_shadow_style,%91object Object%93&Prime; ol_text_shadow_blur_strength=\u00a0\u00bbol_text_shadow_style,%91object Object%93&Prime; quote_text_shadow_horizontal_length=\u00a0\u00bbquote_text_shadow_style,%91object Object%93&Prime; quote_text_shadow_vertical_length=\u00a0\u00bbquote_text_shadow_style,%91object Object%93&Prime; quote_text_shadow_blur_strength=\u00a0\u00bbquote_text_shadow_style,%91object Object%93&Prime; header_text_shadow_horizontal_length=\u00a0\u00bbheader_text_shadow_style,%91object Object%93&Prime; header_text_shadow_vertical_length=\u00a0\u00bbheader_text_shadow_style,%91object Object%93&Prime; header_text_shadow_blur_strength=\u00a0\u00bbheader_text_shadow_style,%91object Object%93&Prime; header_2_text_shadow_horizontal_length=\u00a0\u00bbheader_2_text_shadow_style,%91object Object%93&Prime; header_2_text_shadow_vertical_length=\u00a0\u00bbheader_2_text_shadow_style,%91object Object%93&Prime; header_2_text_shadow_blur_strength=\u00a0\u00bbheader_2_text_shadow_style,%91object Object%93&Prime; header_3_text_shadow_horizontal_length=\u00a0\u00bbheader_3_text_shadow_style,%91object Object%93&Prime; header_3_text_shadow_vertical_length=\u00a0\u00bbheader_3_text_shadow_style,%91object Object%93&Prime; header_3_text_shadow_blur_strength=\u00a0\u00bbheader_3_text_shadow_style,%91object Object%93&Prime; header_4_text_shadow_horizontal_length=\u00a0\u00bbheader_4_text_shadow_style,%91object Object%93&Prime; header_4_text_shadow_vertical_length=\u00a0\u00bbheader_4_text_shadow_style,%91object Object%93&Prime; header_4_text_shadow_blur_strength=\u00a0\u00bbheader_4_text_shadow_style,%91object Object%93&Prime; header_5_text_shadow_horizontal_length=\u00a0\u00bbheader_5_text_shadow_style,%91object Object%93&Prime; header_5_text_shadow_vertical_length=\u00a0\u00bbheader_5_text_shadow_style,%91object Object%93&Prime; header_5_text_shadow_blur_strength=\u00a0\u00bbheader_5_text_shadow_style,%91object Object%93&Prime; header_6_text_shadow_horizontal_length=\u00a0\u00bbheader_6_text_shadow_style,%91object Object%93&Prime; header_6_text_shadow_vertical_length=\u00a0\u00bbheader_6_text_shadow_style,%91object Object%93&Prime; header_6_text_shadow_blur_strength=\u00a0\u00bbheader_6_text_shadow_style,%91object Object%93&Prime; z_index_tablet=\u00a0\u00bb500&Prime;]<\/p>\n<h3><strong>Conseil<\/strong><\/h3>\n<p>La direction du CERILAC s\u2019appuie sur un Conseil constitu\u00e9 des responsables d\u2019axes, d\u2019enseignants-chercheur et doctorants \u00e9lus. Sont \u00e9galement membres de droit la direction de l\u2019UFR LAC, la Vice-Pr\u00e9sidence du Conseil scientifique, la direction de l\u2019ED 131 et les responsables administratives de l\u2019UFR et du CERILAC.<\/p>\n<p><strong><u>Membres \u00e9lus:<\/u><\/strong><\/p>\n<ol>\n<li>Dominique Rabat\u00e9 (Directeur et Resp. axe PCC)<\/li>\n<li>Jacques-David Ebguy (Directeur adjoint par int\u00e9rim)<\/li>\n<li>Patricia Limido (Resp. axe Architecture et Arts)<\/li>\n<li>Didier Laroque (Resp. axe Architecture et Arts)<\/li>\n<li>Marik Froidefond (Resp. axe D\u00e9-Lyr)<\/li>\n<li>Cyril Vettorato (Resp. axe D\u00e9-Lyr)<\/li>\n<li>Emmanuelle Andr\u00e9 (Resp. axe EMOI)<\/li>\n<li>Isabelle Barb\u00e9ris (Resp. axe EMOI<\/li>\n<li>In\u00e8s Cazalas (Resp. axe EPH)<\/li>\n<li>Tatian Monassa (Resp. axe EPH)<\/li>\n<li>Vincent Berthelier (Resp. axe PCC)<\/li>\n<li>Elsa Poupardin (Resp. axe Sciences et M\u00e9dias)<\/li>\n<li>Fr\u00e9d\u00e9ric Tournier (Resp. axe Sciences et M\u00e9dias)<\/li>\n<li>Amandine Mussou (Resp. axe Th\u00e9l\u00e8me)<\/li>\n<li>Maxime Pierre (Resp. axe Th\u00e9l\u00e8me)<\/li>\n<li>Pierre-Olivier Toulza (membre \u00e9lu)<\/li>\n<li>Anne L\u00e9t\u00e9 (membre \u00e9lu)<\/li>\n<li>Sophie Lucet (membre \u00e9lu)<\/li>\n<li>Marc Vervel (membre \u00e9lu)<\/li>\n<li>Cl\u00e9ment Gr\u00e9au (repr\u00e9sentant des des doctorant.e.s, \u00e9lu le 17 septembre 2024)<\/li>\n<li>Hala Habache (repr\u00e9sentante des doctorant.e.s, \u00e9lue le 17 septembre 2024)<\/li>\n<\/ol>\n<p><strong><u>Membres de droit:<\/u><\/strong><\/p>\n<ol>\n<li>Jean Vignes (Dir UFR)<\/li>\n<li>Gaspard Delon (Dir.adjoint UFR)<\/li>\n<li>Marie Chargel\u00e8gue (Responsable UFR)<\/li>\n<li>Florence Dumora (Pr\u00e9sidente du CS)<\/li>\n<li>Mathieu Duplay (Dir. ED 131)<\/li>\n<li>Emmanuelle Andr\u00e9 (Dir. adjointe ED 131)<\/li>\n<li>Audrey Coulomp (Resp.adm. CERILAC)<\/li>\n<\/ol>\n<p>Le Conseil du CERILAC se r\u00e9unit au moins 3 fois par an et a autorit\u00e9 dans les domaines suivants\u00a0:<\/p>\n<ul>\n<li>r\u00e9partition du budget (commun, axes, programmes de recherche)<\/li>\n<li>\u00e9lection de ses membres<\/li>\n<li>politique scientifique<strong>\u00a0<\/strong><\/li>\n<\/ul>\n<p>Contacter les repr\u00e9sentantes des doctorant.e.s :\u00a0<a href=\"doctorantescerilac@gmail.com\">doctorantescerilac@gmail.com<\/a><\/p>\n<p>[\/et_pb_text][et_pb_divider _builder_version=\u00a0\u00bb3.22.1&Prime; z_index_tablet=\u00a0\u00bb500&Prime; \/][et_pb_text _builder_version=\u00a0\u00bb3.22.1&Prime; text_text_shadow_horizontal_length=\u00a0\u00bbtext_text_shadow_style,%91object Object%93&Prime; text_text_shadow_vertical_length=\u00a0\u00bbtext_text_shadow_style,%91object Object%93&Prime; text_text_shadow_blur_strength=\u00a0\u00bbtext_text_shadow_style,%91object Object%93&Prime; link_text_shadow_horizontal_length=\u00a0\u00bblink_text_shadow_style,%91object Object%93&Prime; link_text_shadow_vertical_length=\u00a0\u00bblink_text_shadow_style,%91object Object%93&Prime; link_text_shadow_blur_strength=\u00a0\u00bblink_text_shadow_style,%91object Object%93&Prime; ul_text_shadow_horizontal_length=\u00a0\u00bbul_text_shadow_style,%91object Object%93&Prime; ul_text_shadow_vertical_length=\u00a0\u00bbul_text_shadow_style,%91object Object%93&Prime; ul_text_shadow_blur_strength=\u00a0\u00bbul_text_shadow_style,%91object Object%93&Prime; ol_text_shadow_horizontal_length=\u00a0\u00bbol_text_shadow_style,%91object Object%93&Prime; ol_text_shadow_vertical_length=\u00a0\u00bbol_text_shadow_style,%91object Object%93&Prime; ol_text_shadow_blur_strength=\u00a0\u00bbol_text_shadow_style,%91object Object%93&Prime; quote_text_shadow_horizontal_length=\u00a0\u00bbquote_text_shadow_style,%91object Object%93&Prime; quote_text_shadow_vertical_length=\u00a0\u00bbquote_text_shadow_style,%91object Object%93&Prime; quote_text_shadow_blur_strength=\u00a0\u00bbquote_text_shadow_style,%91object Object%93&Prime; header_text_shadow_horizontal_length=\u00a0\u00bbheader_text_shadow_style,%91object Object%93&Prime; header_text_shadow_vertical_length=\u00a0\u00bbheader_text_shadow_style,%91object Object%93&Prime; header_text_shadow_blur_strength=\u00a0\u00bbheader_text_shadow_style,%91object Object%93&Prime; header_2_text_shadow_horizontal_length=\u00a0\u00bbheader_2_text_shadow_style,%91object Object%93&Prime; header_2_text_shadow_vertical_length=\u00a0\u00bbheader_2_text_shadow_style,%91object Object%93&Prime; header_2_text_shadow_blur_strength=\u00a0\u00bbheader_2_text_shadow_style,%91object Object%93&Prime; header_3_text_shadow_horizontal_length=\u00a0\u00bbheader_3_text_shadow_style,%91object Object%93&Prime; header_3_text_shadow_vertical_length=\u00a0\u00bbheader_3_text_shadow_style,%91object Object%93&Prime; header_3_text_shadow_blur_strength=\u00a0\u00bbheader_3_text_shadow_style,%91object Object%93&Prime; header_4_text_shadow_horizontal_length=\u00a0\u00bbheader_4_text_shadow_style,%91object Object%93&Prime; header_4_text_shadow_vertical_length=\u00a0\u00bbheader_4_text_shadow_style,%91object Object%93&Prime; header_4_text_shadow_blur_strength=\u00a0\u00bbheader_4_text_shadow_style,%91object Object%93&Prime; header_5_text_shadow_horizontal_length=\u00a0\u00bbheader_5_text_shadow_style,%91object Object%93&Prime; header_5_text_shadow_vertical_length=\u00a0\u00bbheader_5_text_shadow_style,%91object Object%93&Prime; header_5_text_shadow_blur_strength=\u00a0\u00bbheader_5_text_shadow_style,%91object Object%93&Prime; header_6_text_shadow_horizontal_length=\u00a0\u00bbheader_6_text_shadow_style,%91object Object%93&Prime; header_6_text_shadow_vertical_length=\u00a0\u00bbheader_6_text_shadow_style,%91object Object%93&Prime; header_6_text_shadow_blur_strength=\u00a0\u00bbheader_6_text_shadow_style,%91object Object%93&Prime; z_index_tablet=\u00a0\u00bb500&Prime;]<\/p>\n<h3><strong>Bureau<\/strong><\/h3>\n<p>Le CERILAC s\u2019appuie \u00e9galement sur un bureau constitu\u00e9 de la direction et l\u2019administration de l\u2019unit\u00e9 ainsi que de six enseignants-chercheur \u00e9lus et des membres de droit du Conseil.<\/p>\n<p><strong><u>Membres \u00e9lus:<\/u><\/strong><\/p>\n<ol>\n<li>Dominique Rabat\u00e9 (Directeur)<\/li>\n<li>Jacques-David Ebguy (Directeur adjoint par int\u00e9rim)<\/li>\n<li>Audrey Coulomp (Responsable administrative)<\/li>\n<li>Patricia Limido<\/li>\n<li>Sophie Lucet<\/li>\n<li>Elsa Poupardin<\/li>\n<\/ol>\n<p><strong><u>Membres de droit:<\/u><\/strong><\/p>\n<ol>\n<li>Jean Vignes (Directeur UFR LAC)\u00a0<\/li>\n<li>Gaspard Delon (Directeur adjoint UFR LAC)<\/li>\n<li>\u00a0Marie Chargel\u00e8gue (Responsable administrative UFR LAC)\u00a0<\/li>\n<li>Florence Dumora (Pr\u00e9sidente CS)<\/li>\n<li>Mathieu Duplay (Directeur ED 131)<\/li>\n<li>Emmanuelle Andr\u00e9 (Directrice adjointe ED 131)<\/li>\n<\/ol>\n<p>&nbsp;<\/p>\n<p>Il peut se r\u00e9unir jusqu\u2019\u00e0 six fois par an et a autorit\u00e9 dans les domaines suivants\u00a0:<\/p>\n<ul>\n<li>int\u00e9gration de nouveaux membres du CERILAC (EC, associ\u00e9s, docteurs)<\/li>\n<li>\u00e9tude des demandes de financement (publications d\u2019ouvrage, manifestations scientifiques et missions)<\/li>\n<\/ul>\n<p>[\/et_pb_text][et_pb_divider _builder_version=\u00a0\u00bb3.22.1&Prime; z_index_tablet=\u00a0\u00bb500&Prime; \/][et_pb_text _builder_version=\u00a0\u00bb3.22.1&Prime; text_text_shadow_horizontal_length=\u00a0\u00bbtext_text_shadow_style,%91object Object%93&Prime; text_text_shadow_vertical_length=\u00a0\u00bbtext_text_shadow_style,%91object Object%93&Prime; text_text_shadow_blur_strength=\u00a0\u00bbtext_text_shadow_style,%91object Object%93&Prime; link_text_shadow_horizontal_length=\u00a0\u00bblink_text_shadow_style,%91object Object%93&Prime; link_text_shadow_vertical_length=\u00a0\u00bblink_text_shadow_style,%91object Object%93&Prime; link_text_shadow_blur_strength=\u00a0\u00bblink_text_shadow_style,%91object Object%93&Prime; ul_text_shadow_horizontal_length=\u00a0\u00bbul_text_shadow_style,%91object Object%93&Prime; ul_text_shadow_vertical_length=\u00a0\u00bbul_text_shadow_style,%91object Object%93&Prime; ul_text_shadow_blur_strength=\u00a0\u00bbul_text_shadow_style,%91object Object%93&Prime; ol_text_shadow_horizontal_length=\u00a0\u00bbol_text_shadow_style,%91object Object%93&Prime; ol_text_shadow_vertical_length=\u00a0\u00bbol_text_shadow_style,%91object Object%93&Prime; ol_text_shadow_blur_strength=\u00a0\u00bbol_text_shadow_style,%91object Object%93&Prime; quote_text_shadow_horizontal_length=\u00a0\u00bbquote_text_shadow_style,%91object Object%93&Prime; quote_text_shadow_vertical_length=\u00a0\u00bbquote_text_shadow_style,%91object Object%93&Prime; quote_text_shadow_blur_strength=\u00a0\u00bbquote_text_shadow_style,%91object Object%93&Prime; header_text_shadow_horizontal_length=\u00a0\u00bbheader_text_shadow_style,%91object Object%93&Prime; header_text_shadow_vertical_length=\u00a0\u00bbheader_text_shadow_style,%91object Object%93&Prime; header_text_shadow_blur_strength=\u00a0\u00bbheader_text_shadow_style,%91object Object%93&Prime; header_2_text_shadow_horizontal_length=\u00a0\u00bbheader_2_text_shadow_style,%91object Object%93&Prime; header_2_text_shadow_vertical_length=\u00a0\u00bbheader_2_text_shadow_style,%91object Object%93&Prime; header_2_text_shadow_blur_strength=\u00a0\u00bbheader_2_text_shadow_style,%91object Object%93&Prime; header_3_text_shadow_horizontal_length=\u00a0\u00bbheader_3_text_shadow_style,%91object Object%93&Prime; header_3_text_shadow_vertical_length=\u00a0\u00bbheader_3_text_shadow_style,%91object Object%93&Prime; header_3_text_shadow_blur_strength=\u00a0\u00bbheader_3_text_shadow_style,%91object Object%93&Prime; header_4_text_shadow_horizontal_length=\u00a0\u00bbheader_4_text_shadow_style,%91object Object%93&Prime; header_4_text_shadow_vertical_length=\u00a0\u00bbheader_4_text_shadow_style,%91object Object%93&Prime; header_4_text_shadow_blur_strength=\u00a0\u00bbheader_4_text_shadow_style,%91object Object%93&Prime; header_5_text_shadow_horizontal_length=\u00a0\u00bbheader_5_text_shadow_style,%91object Object%93&Prime; header_5_text_shadow_vertical_length=\u00a0\u00bbheader_5_text_shadow_style,%91object Object%93&Prime; header_5_text_shadow_blur_strength=\u00a0\u00bbheader_5_text_shadow_style,%91object Object%93&Prime; header_6_text_shadow_horizontal_length=\u00a0\u00bbheader_6_text_shadow_style,%91object Object%93&Prime; header_6_text_shadow_vertical_length=\u00a0\u00bbheader_6_text_shadow_style,%91object Object%93&Prime; header_6_text_shadow_blur_strength=\u00a0\u00bbheader_6_text_shadow_style,%91object Object%93&Prime; z_index_tablet=\u00a0\u00bb500&Prime;]<\/p>\n<h3><b>Calendrier<\/b><strong> 2024-2025<\/strong><\/h3>\n<p>Les r\u00e9unions du Conseil et du Bureau se tiennent le mardi de 12h15 \u00e0 13h30 salle 695C.<\/p>\n<ul>\n<li>24 septembre 2024 (Conseil &#8211; 12h30)<\/li>\n<li>15 octobre 2024 (Conseil)<\/li>\n<li>12 novembre 2024 (Conseil)<\/li>\n<li>28 janvier 2025 (Conseil)<\/li>\n<li>11 mars 2025 (Bureau)<\/li>\n<li>25 mars 2025 (Assembl\u00e9e g\u00e9n\u00e9rale)<\/li>\n<li>08 avril (Bureau \u00e9lectronique)<\/li>\n<li>06 mai 2025 Conseil)<\/li>\n<li>17 juin 2025 (Conseil)<\/li>\n<\/ul>\n<p>[\/et_pb_text][et_pb_divider _builder_version=\u00a0\u00bb3.22.1&Prime; z_index_tablet=\u00a0\u00bb500&Prime; \/][\/et_pb_column][\/et_pb_row][\/et_pb_section][et_pb_section bb_built=\u00a0\u00bb1&Prime; specialty=\u00a0\u00bboff\u00a0\u00bb prev_background_color=\u00a0\u00bb#000000&Prime; _builder_version=\u00a0\u00bb3.19.11&Prime; custom_padding=\u00a0\u00bb0px||0px|\u00a0\u00bb inner_width=\u00a0\u00bbauto\u00a0\u00bb inner_max_width=\u00a0\u00bbnone\u00a0\u00bb][et_pb_row _builder_version=\u00a0\u00bb3.19.11&Prime; width=\u00a0\u00bb80%\u00a0\u00bb max_width=\u00a0\u00bb1080px\u00a0\u00bb][et_pb_column type=\u00a0\u00bb4_4&Prime;][et_pb_text admin_label=\u00a0\u00bbArticles similaires\u00a0\u00bb _builder_version=\u00a0\u00bb3.16.1&Prime;]<\/p>\n<h2><span class=\"st\">\u00c0<\/span> lire aussi<\/h2>\n<p>[\/et_pb_text][et_pb_blog _builder_version=\u00a0\u00bb3.21&Prime; posts_number=\u00a0\u00bb4&Prime; include_categories=\u00a0\u00bb38,45,14,12,11,15,1,13&Prime; show_author=\u00a0\u00bboff\u00a0\u00bb show_date=\u00a0\u00bboff\u00a0\u00bb show_pagination=\u00a0\u00bboff\u00a0\u00bb border_width_bottom_fullwidth=\u00a0\u00bb1px\u00a0\u00bb border_color_bottom_fullwidth=\u00a0\u00bbrgba(51,51,51,0.18)\u00a0\u00bb custom_padding=\u00a0\u00bb||50px|\u00a0\u00bb module_id=\u00a0\u00bbpage_type_blog\u00a0\u00bb header_level=\u00a0\u00bbh4&Prime; \/][\/et_pb_column][\/et_pb_row][\/et_pb_section]<\/p>\n","protected":false},"excerpt":{"rendered":"<div class=\"et_pb_row et_pb_row_0 et_pb_row_empty\"><\/div>\n<p> Conseil La direction du CERILAC s\u2019appuie sur un Conseil constitu\u00e9 des responsables d\u2019axes, d\u2019enseignants-chercheur et doctorants \u00e9lus. Sont \u00e9galement membres de droit la direction de l\u2019UFR LAC, la Vice-Pr\u00e9sidence du Conseil scientifique, la direction de l\u2019ED 131 et les responsables administratives de l\u2019UFR et du CERILAC. Membres \u00e9lus: Dominique Rabat\u00e9 (Directeur et Resp. axe&hellip; <a class=\"continue\" href=\"https:\/\/wordpress-test.app.u-pariscite.fr\/cerilac\/presentation\/le-conseil-et-le-bureau-du-cerilac\/\">Lire la suite<span> Le Conseil et le Bureau du CERILAC<\/span><\/a><\/p>\n","protected":false},"author":73,"featured_media":0,"parent":343,"menu_order":0,"comment_status":"closed","ping_status":"closed","template":"","meta":{"_et_pb_use_builder":"on","_et_pb_old_content":"","_et_gb_content_width":"","footnotes":""},"class_list":["post-783","page","type-page","status-publish","hentry"],"_links":{"self":[{"href":"https:\/\/wordpress-test.app.u-pariscite.fr\/cerilac\/wp-json\/wp\/v2\/pages\/783","targetHints":{"allow":["GET"]}}],"collection":[{"href":"https:\/\/wordpress-test.app.u-pariscite.fr\/cerilac\/wp-json\/wp\/v2\/pages"}],"about":[{"href":"https:\/\/wordpress-test.app.u-pariscite.fr\/cerilac\/wp-json\/wp\/v2\/types\/page"}],"author":[{"embeddable":true,"href":"https:\/\/wordpress-test.app.u-pariscite.fr\/cerilac\/wp-json\/wp\/v2\/users\/73"}],"replies":[{"embeddable":true,"href":"https:\/\/wordpress-test.app.u-pariscite.fr\/cerilac\/wp-json\/wp\/v2\/comments?post=783"}],"version-history":[{"count":37,"href":"https:\/\/wordpress-test.app.u-pariscite.fr\/cerilac\/wp-json\/wp\/v2\/pages\/783\/revisions"}],"predecessor-version":[{"id":5298,"href":"https:\/\/wordpress-test.app.u-pariscite.fr\/cerilac\/wp-json\/wp\/v2\/pages\/783\/revisions\/5298"}],"up":[{"embeddable":true,"href":"https:\/\/wordpress-test.app.u-pariscite.fr\/cerilac\/wp-json\/wp\/v2\/pages\/343"}],"wp:attachment":[{"href":"https:\/\/wordpress-test.app.u-pariscite.fr\/cerilac\/wp-json\/wp\/v2\/media?parent=783"}],"curies":[{"name":"wp","href":"https:\/\/api.w.org\/{rel}","templated":true}]}}