{"id":772,"date":"2020-06-10T10:56:37","date_gmt":"2020-06-10T08:56:37","guid":{"rendered":"https:\/\/wordpress-test.app.u-pariscite.fr\/cerilac\/?page_id=772"},"modified":"2023-04-18T15:04:56","modified_gmt":"2023-04-18T13:04:56","slug":"decentrements-lyriques","status":"publish","type":"page","link":"https:\/\/wordpress-test.app.u-pariscite.fr\/cerilac\/axes-de-recherche\/decentrements-lyriques\/","title":{"rendered":"D\u00e9centrements lyriques"},"content":{"rendered":"<p>[et_pb_section bb_built=\u00a0\u00bb1&Prime; next_background_color=\u00a0\u00bb#000000&Prime; inner_width=\u00a0\u00bbauto\u00a0\u00bb inner_max_width=\u00a0\u00bbnone\u00a0\u00bb][et_pb_row _builder_version=\u00a0\u00bb3.21&Prime; width=\u00a0\u00bb80%\u00a0\u00bb max_width=\u00a0\u00bb1080px\u00a0\u00bb][et_pb_column type=\u00a0\u00bb4_4&Prime;][et_pb_post_title admin_label=\u00a0\u00bbTitre de la page\u00a0\u00bb _builder_version=\u00a0\u00bb3.19.11&Prime; meta=\u00a0\u00bboff\u00a0\u00bb featured_image=\u00a0\u00bboff\u00a0\u00bb \/][\/et_pb_column][\/et_pb_row][et_pb_row][et_pb_column type=\u00a0\u00bb3_4&Prime;][et_pb_text admin_label=\u00a0\u00bbintro\u00a0\u00bb _builder_version=\u00a0\u00bb3.22.1&Prime; module_id=\u00a0\u00bbintro\u00a0\u00bb text_text_shadow_horizontal_length=\u00a0\u00bbtext_text_shadow_style,%91object Object%93&Prime; text_text_shadow_vertical_length=\u00a0\u00bbtext_text_shadow_style,%91object Object%93&Prime; text_text_shadow_blur_strength=\u00a0\u00bbtext_text_shadow_style,%91object Object%93&Prime; link_text_shadow_horizontal_length=\u00a0\u00bblink_text_shadow_style,%91object Object%93&Prime; link_text_shadow_vertical_length=\u00a0\u00bblink_text_shadow_style,%91object Object%93&Prime; link_text_shadow_blur_strength=\u00a0\u00bblink_text_shadow_style,%91object Object%93&Prime; ul_text_shadow_horizontal_length=\u00a0\u00bbul_text_shadow_style,%91object Object%93&Prime; ul_text_shadow_vertical_length=\u00a0\u00bbul_text_shadow_style,%91object Object%93&Prime; ul_text_shadow_blur_strength=\u00a0\u00bbul_text_shadow_style,%91object Object%93&Prime; ol_text_shadow_horizontal_length=\u00a0\u00bbol_text_shadow_style,%91object Object%93&Prime; ol_text_shadow_vertical_length=\u00a0\u00bbol_text_shadow_style,%91object Object%93&Prime; ol_text_shadow_blur_strength=\u00a0\u00bbol_text_shadow_style,%91object Object%93&Prime; quote_text_shadow_horizontal_length=\u00a0\u00bbquote_text_shadow_style,%91object Object%93&Prime; quote_text_shadow_vertical_length=\u00a0\u00bbquote_text_shadow_style,%91object Object%93&Prime; quote_text_shadow_blur_strength=\u00a0\u00bbquote_text_shadow_style,%91object Object%93&Prime; header_text_shadow_horizontal_length=\u00a0\u00bbheader_text_shadow_style,%91object Object%93&Prime; header_text_shadow_vertical_length=\u00a0\u00bbheader_text_shadow_style,%91object Object%93&Prime; header_text_shadow_blur_strength=\u00a0\u00bbheader_text_shadow_style,%91object Object%93&Prime; header_2_text_shadow_horizontal_length=\u00a0\u00bbheader_2_text_shadow_style,%91object Object%93&Prime; header_2_text_shadow_vertical_length=\u00a0\u00bbheader_2_text_shadow_style,%91object Object%93&Prime; header_2_text_shadow_blur_strength=\u00a0\u00bbheader_2_text_shadow_style,%91object Object%93&Prime; header_3_text_shadow_horizontal_length=\u00a0\u00bbheader_3_text_shadow_style,%91object Object%93&Prime; header_3_text_shadow_vertical_length=\u00a0\u00bbheader_3_text_shadow_style,%91object Object%93&Prime; header_3_text_shadow_blur_strength=\u00a0\u00bbheader_3_text_shadow_style,%91object Object%93&Prime; header_4_text_shadow_horizontal_length=\u00a0\u00bbheader_4_text_shadow_style,%91object Object%93&Prime; header_4_text_shadow_vertical_length=\u00a0\u00bbheader_4_text_shadow_style,%91object Object%93&Prime; header_4_text_shadow_blur_strength=\u00a0\u00bbheader_4_text_shadow_style,%91object Object%93&Prime; header_5_text_shadow_horizontal_length=\u00a0\u00bbheader_5_text_shadow_style,%91object Object%93&Prime; header_5_text_shadow_vertical_length=\u00a0\u00bbheader_5_text_shadow_style,%91object Object%93&Prime; header_5_text_shadow_blur_strength=\u00a0\u00bbheader_5_text_shadow_style,%91object Object%93&Prime; header_6_text_shadow_horizontal_length=\u00a0\u00bbheader_6_text_shadow_style,%91object Object%93&Prime; header_6_text_shadow_vertical_length=\u00a0\u00bbheader_6_text_shadow_style,%91object Object%93&Prime; header_6_text_shadow_blur_strength=\u00a0\u00bbheader_6_text_shadow_style,%91object Object%93&Prime; z_index_tablet=\u00a0\u00bb500&Prime;]<\/p>\n<div class=\"et_pb_column et_pb_column_3_4 et_pb_column_6 et_pb_css_mix_blend_mode_passthrough\">\n<div id=\"contenu\" class=\"et_pb_module et_pb_text et_pb_text_3 et_pb_bg_layout_light et_pb_text_align_left\">\n<div class=\"et_pb_text_inner\">\n<p><strong>Co-responsables: Marik Froidefond et Cyril Vettorato<\/strong><\/p>\n<p>Depuis 2013, \u00ab\u00a0D\u00e9centrements lyriques\u00a0\u00bb a \u00e9tabli les bases d\u2019un travail interne, en constituant le r\u00e9seau de ses chercheurs (impliqu\u00e9s aussi dans d\u2019autres axes) et de ses\u00a0 doctorants, afin de trouver les th\u00e8mes et les questions aptes \u00e0 promouvoir des associations \u00e0 des r\u00e9seaux internationaux et des th\u00e9matiques de travail avec d\u2019autres \u00e9quipes de recherche sur la po\u00e9sie.<\/p>\n<\/div>\n<\/div>\n<\/div>\n<p>[\/et_pb_text][\/et_pb_column][et_pb_column type=\u00a0\u00bb1_4&Prime;][\/et_pb_column][\/et_pb_row][et_pb_row][et_pb_column type=\u00a0\u00bb3_4&Prime;][et_pb_text _builder_version=\u00a0\u00bb3.22.1&Prime; module_id=\u00a0\u00bbcontenu\u00a0\u00bb text_text_shadow_horizontal_length=\u00a0\u00bbtext_text_shadow_style,%91object Object%93&Prime; text_text_shadow_vertical_length=\u00a0\u00bbtext_text_shadow_style,%91object Object%93&Prime; text_text_shadow_blur_strength=\u00a0\u00bbtext_text_shadow_style,%91object Object%93&Prime; link_text_shadow_horizontal_length=\u00a0\u00bblink_text_shadow_style,%91object Object%93&Prime; link_text_shadow_vertical_length=\u00a0\u00bblink_text_shadow_style,%91object Object%93&Prime; link_text_shadow_blur_strength=\u00a0\u00bblink_text_shadow_style,%91object Object%93&Prime; ul_text_shadow_horizontal_length=\u00a0\u00bbul_text_shadow_style,%91object Object%93&Prime; ul_text_shadow_vertical_length=\u00a0\u00bbul_text_shadow_style,%91object Object%93&Prime; ul_text_shadow_blur_strength=\u00a0\u00bbul_text_shadow_style,%91object Object%93&Prime; ol_text_shadow_horizontal_length=\u00a0\u00bbol_text_shadow_style,%91object Object%93&Prime; ol_text_shadow_vertical_length=\u00a0\u00bbol_text_shadow_style,%91object Object%93&Prime; ol_text_shadow_blur_strength=\u00a0\u00bbol_text_shadow_style,%91object Object%93&Prime; quote_text_shadow_horizontal_length=\u00a0\u00bbquote_text_shadow_style,%91object Object%93&Prime; quote_text_shadow_vertical_length=\u00a0\u00bbquote_text_shadow_style,%91object Object%93&Prime; quote_text_shadow_blur_strength=\u00a0\u00bbquote_text_shadow_style,%91object Object%93&Prime; header_text_shadow_horizontal_length=\u00a0\u00bbheader_text_shadow_style,%91object Object%93&Prime; header_text_shadow_vertical_length=\u00a0\u00bbheader_text_shadow_style,%91object Object%93&Prime; header_text_shadow_blur_strength=\u00a0\u00bbheader_text_shadow_style,%91object Object%93&Prime; header_2_text_shadow_horizontal_length=\u00a0\u00bbheader_2_text_shadow_style,%91object Object%93&Prime; header_2_text_shadow_vertical_length=\u00a0\u00bbheader_2_text_shadow_style,%91object Object%93&Prime; header_2_text_shadow_blur_strength=\u00a0\u00bbheader_2_text_shadow_style,%91object Object%93&Prime; header_3_text_shadow_horizontal_length=\u00a0\u00bbheader_3_text_shadow_style,%91object Object%93&Prime; header_3_text_shadow_vertical_length=\u00a0\u00bbheader_3_text_shadow_style,%91object Object%93&Prime; header_3_text_shadow_blur_strength=\u00a0\u00bbheader_3_text_shadow_style,%91object Object%93&Prime; header_4_text_shadow_horizontal_length=\u00a0\u00bbheader_4_text_shadow_style,%91object Object%93&Prime; header_4_text_shadow_vertical_length=\u00a0\u00bbheader_4_text_shadow_style,%91object Object%93&Prime; header_4_text_shadow_blur_strength=\u00a0\u00bbheader_4_text_shadow_style,%91object Object%93&Prime; header_5_text_shadow_horizontal_length=\u00a0\u00bbheader_5_text_shadow_style,%91object Object%93&Prime; header_5_text_shadow_vertical_length=\u00a0\u00bbheader_5_text_shadow_style,%91object Object%93&Prime; header_5_text_shadow_blur_strength=\u00a0\u00bbheader_5_text_shadow_style,%91object Object%93&Prime; header_6_text_shadow_horizontal_length=\u00a0\u00bbheader_6_text_shadow_style,%91object Object%93&Prime; header_6_text_shadow_vertical_length=\u00a0\u00bbheader_6_text_shadow_style,%91object Object%93&Prime; header_6_text_shadow_blur_strength=\u00a0\u00bbheader_6_text_shadow_style,%91object Object%93&Prime; z_index_tablet=\u00a0\u00bb500&Prime;]<\/p>\n<h3>Activit\u00e9s de l&rsquo;axe<\/h3>\n<p>Les activit\u00e9s de l\u2019axe consistent en\u00a0:<\/p>\n<ul>\n<li>Cycle de lectures et de rencontres : \u00ab\u00a0Po\u00e9sie en cours\u00a0\u00bb (<a href=\"https:\/\/wordpress-test.app.u-pariscite.fr\/cerilac\/cycle-de-lectures-et-de-rencontres-poesie-en-cours\/\">programme 2022<\/a> et <a href=\"https:\/\/wordpress-test.app.u-pariscite.fr\/cerilac\/cycle-de-lectures-et-de-rencontres-poesie-en-cours-2022-2023\/\">programme 2022-2023<\/a>)<\/li>\n<li>un s\u00e9minaire interne\u00a0avec deux s\u00e9ances annuelles \u00e0 partir de 2018, qui donne une r\u00e9gularit\u00e9 aux invitations d\u00e9j\u00e0 faites les ann\u00e9es pr\u00e9c\u00e9dentes\u00a0: Lucie Bourassa (Universit\u00e9 de Montr\u00e9al) en mai 2015\u00a0; Nathalie Koble (ENS Ulm) en mars 2017\u00a0; Jonathan Culler (Cornell University) en avril 2018 et Jean-Fran\u00e7ois Puff (Universit\u00e9 de saint-\u00c9tienne) en novembre 2018. Pr\u00e9sentation de leurs travaux par les invit\u00e9s et discussion collective.<\/li>\n<li>l\u2019int\u00e9gration en 2017 dans le r\u00e9seau CIEL (<em>Chercheurs Internationaux en \u00c9tudes Lyriques<\/em>), rattach\u00e9 \u00e0 l\u2019Association ISNL (<em>International Network for the Study of Lyric<\/em>), avec des projets europ\u00e9ens sur le lyrisme.<\/li>\n<li>la mise en place d\u2019un programme de travail sur la circonstance lyrique. Une journ\u00e9e d\u2019\u00e9tude y sera consacr\u00e9e en 2019, organis\u00e9e par les doctorant-e-s de l\u2019axe.<\/li>\n<li>la mise en place d\u2019un projet avec Paris 3 (Jean-Michel Maulpoix, Henri Scepi, Aur\u00e9lie Foglia) sur l\u2019\u00e9l\u00e9gie, sous le titre \u00ab\u00a0\u00c0 quoi pense l\u2019\u00e9l\u00e9gie\u00a0?\u00a0\u00bb.<\/li>\n<\/ul>\n<p>\u00a0<\/p>\n<h3>Actions men\u00e9es\u00a0<\/h3>\n<ul>\n<li>le partenariat pour le colloque \u00ab\u00a0Les Facult\u00e9s de juger IV\u00a0: Critique et po\u00e9sie\u00a0\u00bb, Paris Diderot, 9-10 novembre 2016 (26 intervenants), ponctu\u00e9 par une soir\u00e9e de lecture de po\u00e9sie. L\u2019ensemble des interventions sera mis \u00e0 disposition sur le site \u00e0 l\u2019automne 2018.<\/li>\n<li>plusieurs volumes de la collection \u00ab\u00a0Textuel\u00a0\u00bb portant sur la po\u00e9sie\u00a0:<em>\u00a0 \u00a0 \u00a0\u00a0\u200b<\/em><\/li>\n<\/ul>\n<p><em>\u00a0 \u00a0 \u00a0 Capitale de la douleur de Paul Eluard\u00a0: \u00e0 la lueur de la jeunesse<\/em>, dirig\u00e9 par Aur\u00e9lie Foglia et Laurent Zimmermann, f\u00e9vrier 2.\u00a0 \u00a0 \u00a0 \u00a0 \u00a0 \u00a0 \u00a0 \u00a0 \u00a0 \u00a0\u00a0<\/p>\n<p><em>\u00a0 \u00a0 \u00a0 Quelle parole a surgi pr\u00e8s de moi.\u00a0<\/em>Du mouvement et de l\u2019immobilit\u00e9 de Douve\u00a0<em>d\u2019Yves Bonnefoy<\/em>, dirig\u00e9 par Aur\u00e9lie Foglia, Marik Froidefond et Laurent Zimmermann, janvier 2016.<\/p>\n<p><em>\u00a0 \u00a0 \u00a0 Que reste-t-il de la beaut\u00e9\u00a0?<\/em>, dirig\u00e9 par Marik Froidefond et Dominique Rabat\u00e9, juin 2016.<\/p>\n<p><em>\u00a0\u00a0 \u00a0 \u00a0Formes de l\u2019action po\u00e9tique<\/em>, dirig\u00e9 par Marik Froidefond et Delphine Rumeau, janvier 2017.<\/p>\n<ul>\n<li>la collaboration avec Delphine Rumeau (Toulouse Jean Jaur\u00e9s) pour la publication d\u2019un ouvrage collectif sur le tombeau en po\u00e9sie et dans les arts (\u00e0 para\u00eetre aux PUR en 2018)<\/li>\n<\/ul>\n<p>\u00a0<\/p>\n<p>\u00a0<\/p>\n<p>[\/et_pb_text][\/et_pb_column][et_pb_column type=\u00a0\u00bb1_4&Prime;][\/et_pb_column][\/et_pb_row][\/et_pb_section][et_pb_section bb_built=\u00a0\u00bb1&Prime; specialty=\u00a0\u00bboff\u00a0\u00bb prev_background_color=\u00a0\u00bb#000000&Prime; _builder_version=\u00a0\u00bb3.19.11&Prime; custom_padding=\u00a0\u00bb0px||0px|\u00a0\u00bb inner_width=\u00a0\u00bbauto\u00a0\u00bb inner_max_width=\u00a0\u00bbnone\u00a0\u00bb][et_pb_row _builder_version=\u00a0\u00bb3.19.11&Prime; width=\u00a0\u00bb80%\u00a0\u00bb max_width=\u00a0\u00bb1080px\u00a0\u00bb][et_pb_column type=\u00a0\u00bb4_4&Prime;][et_pb_text admin_label=\u00a0\u00bbArticles similaires\u00a0\u00bb _builder_version=\u00a0\u00bb3.16.1&Prime;]<\/p>\n<h2><span class=\"st\">\u00c0<\/span> lire aussi<\/h2>\n<p>[\/et_pb_text][et_pb_blog _builder_version=\u00a0\u00bb3.21&Prime; posts_number=\u00a0\u00bb4&Prime; include_categories=\u00a0\u00bb38,45,14,12,11,15,1,13&Prime; show_author=\u00a0\u00bboff\u00a0\u00bb show_date=\u00a0\u00bboff\u00a0\u00bb show_pagination=\u00a0\u00bboff\u00a0\u00bb border_width_bottom_fullwidth=\u00a0\u00bb1px\u00a0\u00bb border_color_bottom_fullwidth=\u00a0\u00bbrgba(51,51,51,0.18)\u00a0\u00bb custom_padding=\u00a0\u00bb||50px|\u00a0\u00bb module_id=\u00a0\u00bbpage_type_blog\u00a0\u00bb header_level=\u00a0\u00bbh4&Prime; \/][\/et_pb_column][\/et_pb_row][\/et_pb_section]<\/p>\n","protected":false},"excerpt":{"rendered":"<div class=\"et_pb_row et_pb_row_0 et_pb_row_empty\"><\/div>\n<p> Co-responsables: Marik Froidefond et Cyril Vettorato Depuis 2013, \u00ab\u00a0D\u00e9centrements lyriques\u00a0\u00bb a \u00e9tabli les bases d\u2019un travail interne, en constituant le r\u00e9seau de ses chercheurs (impliqu\u00e9s aussi dans d\u2019autres axes) et de ses\u00a0 doctorants, afin de trouver les th\u00e8mes et les questions aptes \u00e0 promouvoir des associations \u00e0 des r\u00e9seaux internationaux et des th\u00e9matiques de&hellip; <a class=\"continue\" href=\"https:\/\/wordpress-test.app.u-pariscite.fr\/cerilac\/axes-de-recherche\/decentrements-lyriques\/\">Lire la suite<span> D\u00e9centrements lyriques<\/span><\/a><\/p>\n","protected":false},"author":73,"featured_media":0,"parent":400,"menu_order":0,"comment_status":"closed","ping_status":"closed","template":"","meta":{"_et_pb_use_builder":"on","_et_pb_old_content":"","_et_gb_content_width":"","footnotes":""},"class_list":["post-772","page","type-page","status-publish","hentry"],"_links":{"self":[{"href":"https:\/\/wordpress-test.app.u-pariscite.fr\/cerilac\/wp-json\/wp\/v2\/pages\/772","targetHints":{"allow":["GET"]}}],"collection":[{"href":"https:\/\/wordpress-test.app.u-pariscite.fr\/cerilac\/wp-json\/wp\/v2\/pages"}],"about":[{"href":"https:\/\/wordpress-test.app.u-pariscite.fr\/cerilac\/wp-json\/wp\/v2\/types\/page"}],"author":[{"embeddable":true,"href":"https:\/\/wordpress-test.app.u-pariscite.fr\/cerilac\/wp-json\/wp\/v2\/users\/73"}],"replies":[{"embeddable":true,"href":"https:\/\/wordpress-test.app.u-pariscite.fr\/cerilac\/wp-json\/wp\/v2\/comments?post=772"}],"version-history":[{"count":8,"href":"https:\/\/wordpress-test.app.u-pariscite.fr\/cerilac\/wp-json\/wp\/v2\/pages\/772\/revisions"}],"predecessor-version":[{"id":3625,"href":"https:\/\/wordpress-test.app.u-pariscite.fr\/cerilac\/wp-json\/wp\/v2\/pages\/772\/revisions\/3625"}],"up":[{"embeddable":true,"href":"https:\/\/wordpress-test.app.u-pariscite.fr\/cerilac\/wp-json\/wp\/v2\/pages\/400"}],"wp:attachment":[{"href":"https:\/\/wordpress-test.app.u-pariscite.fr\/cerilac\/wp-json\/wp\/v2\/media?parent=772"}],"curies":[{"name":"wp","href":"https:\/\/api.w.org\/{rel}","templated":true}]}}