{"id":770,"date":"2020-06-10T10:53:44","date_gmt":"2020-06-10T08:53:44","guid":{"rendered":"https:\/\/wordpress-test.app.u-pariscite.fr\/cerilac\/?page_id=770"},"modified":"2024-07-19T10:49:50","modified_gmt":"2024-07-19T08:49:50","slug":"sciences-et-medias","status":"publish","type":"page","link":"https:\/\/wordpress-test.app.u-pariscite.fr\/cerilac\/axes-de-recherche\/sciences-et-medias\/","title":{"rendered":"Sciences et M\u00e9dias"},"content":{"rendered":"<p>[et_pb_section bb_built=\u00a0\u00bb1&Prime; next_background_color=\u00a0\u00bb#000000&Prime; inner_width=\u00a0\u00bbauto\u00a0\u00bb inner_max_width=\u00a0\u00bbnone\u00a0\u00bb][et_pb_row _builder_version=\u00a0\u00bb3.21&Prime; width=\u00a0\u00bb80%\u00a0\u00bb max_width=\u00a0\u00bb1080px\u00a0\u00bb][et_pb_column type=\u00a0\u00bb4_4&Prime;][et_pb_post_title admin_label=\u00a0\u00bbTitre de la page\u00a0\u00bb _builder_version=\u00a0\u00bb3.19.11&Prime; meta=\u00a0\u00bboff\u00a0\u00bb featured_image=\u00a0\u00bboff\u00a0\u00bb \/][\/et_pb_column][\/et_pb_row][et_pb_row][et_pb_column type=\u00a0\u00bb4_4&Prime;][et_pb_text admin_label=\u00a0\u00bbintro\u00a0\u00bb _builder_version=\u00a0\u00bb3.22.1&Prime; module_id=\u00a0\u00bbintro\u00a0\u00bb text_text_shadow_horizontal_length=\u00a0\u00bbtext_text_shadow_style,%91object Object%93&Prime; text_text_shadow_vertical_length=\u00a0\u00bbtext_text_shadow_style,%91object Object%93&Prime; text_text_shadow_blur_strength=\u00a0\u00bbtext_text_shadow_style,%91object Object%93&Prime; link_text_shadow_horizontal_length=\u00a0\u00bblink_text_shadow_style,%91object Object%93&Prime; link_text_shadow_vertical_length=\u00a0\u00bblink_text_shadow_style,%91object Object%93&Prime; link_text_shadow_blur_strength=\u00a0\u00bblink_text_shadow_style,%91object Object%93&Prime; ul_text_shadow_horizontal_length=\u00a0\u00bbul_text_shadow_style,%91object Object%93&Prime; ul_text_shadow_vertical_length=\u00a0\u00bbul_text_shadow_style,%91object Object%93&Prime; ul_text_shadow_blur_strength=\u00a0\u00bbul_text_shadow_style,%91object Object%93&Prime; ol_text_shadow_horizontal_length=\u00a0\u00bbol_text_shadow_style,%91object Object%93&Prime; ol_text_shadow_vertical_length=\u00a0\u00bbol_text_shadow_style,%91object Object%93&Prime; ol_text_shadow_blur_strength=\u00a0\u00bbol_text_shadow_style,%91object Object%93&Prime; quote_text_shadow_horizontal_length=\u00a0\u00bbquote_text_shadow_style,%91object Object%93&Prime; quote_text_shadow_vertical_length=\u00a0\u00bbquote_text_shadow_style,%91object Object%93&Prime; quote_text_shadow_blur_strength=\u00a0\u00bbquote_text_shadow_style,%91object Object%93&Prime; header_text_shadow_horizontal_length=\u00a0\u00bbheader_text_shadow_style,%91object Object%93&Prime; header_text_shadow_vertical_length=\u00a0\u00bbheader_text_shadow_style,%91object Object%93&Prime; header_text_shadow_blur_strength=\u00a0\u00bbheader_text_shadow_style,%91object Object%93&Prime; header_2_text_shadow_horizontal_length=\u00a0\u00bbheader_2_text_shadow_style,%91object Object%93&Prime; header_2_text_shadow_vertical_length=\u00a0\u00bbheader_2_text_shadow_style,%91object Object%93&Prime; header_2_text_shadow_blur_strength=\u00a0\u00bbheader_2_text_shadow_style,%91object Object%93&Prime; header_3_text_shadow_horizontal_length=\u00a0\u00bbheader_3_text_shadow_style,%91object Object%93&Prime; header_3_text_shadow_vertical_length=\u00a0\u00bbheader_3_text_shadow_style,%91object Object%93&Prime; header_3_text_shadow_blur_strength=\u00a0\u00bbheader_3_text_shadow_style,%91object Object%93&Prime; header_4_text_shadow_horizontal_length=\u00a0\u00bbheader_4_text_shadow_style,%91object Object%93&Prime; header_4_text_shadow_vertical_length=\u00a0\u00bbheader_4_text_shadow_style,%91object Object%93&Prime; header_4_text_shadow_blur_strength=\u00a0\u00bbheader_4_text_shadow_style,%91object Object%93&Prime; header_5_text_shadow_horizontal_length=\u00a0\u00bbheader_5_text_shadow_style,%91object Object%93&Prime; header_5_text_shadow_vertical_length=\u00a0\u00bbheader_5_text_shadow_style,%91object Object%93&Prime; header_5_text_shadow_blur_strength=\u00a0\u00bbheader_5_text_shadow_style,%91object Object%93&Prime; header_6_text_shadow_horizontal_length=\u00a0\u00bbheader_6_text_shadow_style,%91object Object%93&Prime; header_6_text_shadow_vertical_length=\u00a0\u00bbheader_6_text_shadow_style,%91object Object%93&Prime; header_6_text_shadow_blur_strength=\u00a0\u00bbheader_6_text_shadow_style,%91object Object%93&Prime; z_index_tablet=\u00a0\u00bb500&Prime;]<\/p>\n<div class=\"et_pb_column et_pb_column_3_4 et_pb_column_6 et_pb_css_mix_blend_mode_passthrough\">\n<div id=\"contenu\" class=\"et_pb_module et_pb_text et_pb_text_3 et_pb_bg_layout_light et_pb_text_align_left\">\n<div class=\"et_pb_text_inner\">\n<p><strong>Co-responsables: Fr\u00e9d\u00e9ric Tournier et Elsa Poupardin<\/strong><\/p>\n<p>Sciences &amp; m\u00e9dias est un axe de recherche au sein du laboratoire CERILAC. L\u2019axe regroupe les travaux des enseignants-chercheurs portant sur des objets au croisement des sciences et des savoirs (XIXe-XXIe si\u00e8cle) : m\u00e9dias, th\u00e9\u00e2tre scientifique, mus\u00e9es et expositions, controverses scientifiques, imaginaires des sciences et de la m\u00e9decine, exp\u00e9ditions scientifiques.<\/p>\n<\/div>\n<\/div>\n<\/div>\n<p>[\/et_pb_text][\/et_pb_column][\/et_pb_row][et_pb_row][et_pb_column type=\u00a0\u00bb3_4&Prime;][et_pb_text _builder_version=\u00a0\u00bb3.22.1&Prime; module_id=\u00a0\u00bbcontenu\u00a0\u00bb text_text_shadow_horizontal_length=\u00a0\u00bbtext_text_shadow_style,%91object Object%93&Prime; text_text_shadow_vertical_length=\u00a0\u00bbtext_text_shadow_style,%91object Object%93&Prime; text_text_shadow_blur_strength=\u00a0\u00bbtext_text_shadow_style,%91object Object%93&Prime; link_text_shadow_horizontal_length=\u00a0\u00bblink_text_shadow_style,%91object Object%93&Prime; link_text_shadow_vertical_length=\u00a0\u00bblink_text_shadow_style,%91object Object%93&Prime; link_text_shadow_blur_strength=\u00a0\u00bblink_text_shadow_style,%91object Object%93&Prime; ul_text_shadow_horizontal_length=\u00a0\u00bbul_text_shadow_style,%91object Object%93&Prime; ul_text_shadow_vertical_length=\u00a0\u00bbul_text_shadow_style,%91object Object%93&Prime; ul_text_shadow_blur_strength=\u00a0\u00bbul_text_shadow_style,%91object Object%93&Prime; ol_text_shadow_horizontal_length=\u00a0\u00bbol_text_shadow_style,%91object Object%93&Prime; ol_text_shadow_vertical_length=\u00a0\u00bbol_text_shadow_style,%91object Object%93&Prime; ol_text_shadow_blur_strength=\u00a0\u00bbol_text_shadow_style,%91object Object%93&Prime; quote_text_shadow_horizontal_length=\u00a0\u00bbquote_text_shadow_style,%91object Object%93&Prime; quote_text_shadow_vertical_length=\u00a0\u00bbquote_text_shadow_style,%91object Object%93&Prime; quote_text_shadow_blur_strength=\u00a0\u00bbquote_text_shadow_style,%91object Object%93&Prime; header_text_shadow_horizontal_length=\u00a0\u00bbheader_text_shadow_style,%91object Object%93&Prime; header_text_shadow_vertical_length=\u00a0\u00bbheader_text_shadow_style,%91object Object%93&Prime; header_text_shadow_blur_strength=\u00a0\u00bbheader_text_shadow_style,%91object Object%93&Prime; header_2_text_shadow_horizontal_length=\u00a0\u00bbheader_2_text_shadow_style,%91object Object%93&Prime; header_2_text_shadow_vertical_length=\u00a0\u00bbheader_2_text_shadow_style,%91object Object%93&Prime; header_2_text_shadow_blur_strength=\u00a0\u00bbheader_2_text_shadow_style,%91object Object%93&Prime; header_3_text_shadow_horizontal_length=\u00a0\u00bbheader_3_text_shadow_style,%91object Object%93&Prime; header_3_text_shadow_vertical_length=\u00a0\u00bbheader_3_text_shadow_style,%91object Object%93&Prime; header_3_text_shadow_blur_strength=\u00a0\u00bbheader_3_text_shadow_style,%91object Object%93&Prime; header_4_text_shadow_horizontal_length=\u00a0\u00bbheader_4_text_shadow_style,%91object Object%93&Prime; header_4_text_shadow_vertical_length=\u00a0\u00bbheader_4_text_shadow_style,%91object Object%93&Prime; header_4_text_shadow_blur_strength=\u00a0\u00bbheader_4_text_shadow_style,%91object Object%93&Prime; header_5_text_shadow_horizontal_length=\u00a0\u00bbheader_5_text_shadow_style,%91object Object%93&Prime; header_5_text_shadow_vertical_length=\u00a0\u00bbheader_5_text_shadow_style,%91object Object%93&Prime; header_5_text_shadow_blur_strength=\u00a0\u00bbheader_5_text_shadow_style,%91object Object%93&Prime; header_6_text_shadow_horizontal_length=\u00a0\u00bbheader_6_text_shadow_style,%91object Object%93&Prime; header_6_text_shadow_vertical_length=\u00a0\u00bbheader_6_text_shadow_style,%91object Object%93&Prime; header_6_text_shadow_blur_strength=\u00a0\u00bbheader_6_text_shadow_style,%91object Object%93&Prime; z_index_tablet=\u00a0\u00bb500&Prime;]<\/p>\n<h3>Programmes et recherche en cours\u00a0<\/h3>\n<h4>1\/ Les stations maritimes en France. Institutions, pratiques, cultures<\/h4>\n<p><a href=\"https:\/\/sciences-medias.fr\/blogs\/les-stations-marines-en-france-institutions-pratiques-cultures\/\">Pr\u00e9sentation<\/a><br \/><a href=\"https:\/\/sciences-medias.fr\/blogs\/les-stations-marines-en-france-institutions-pratiques-cultures\/\">Site Stations maritimes<\/a>\u00a0<\/p>\n<h4>2\/ Culture des sciences au th\u00e9\u00e2tre<\/h4>\n<p><a href=\"https:\/\/sciences-medias.fr\/blogs\/mediation-des-sciences-et-techniques-par-la-scene-et-le-theatre-atelier-seminaire-2018-2019\/\">M\u00e9diation des sciences et techniques par la sc\u00e8ne et le th\u00e9\u00e2tre<\/a>: atelier-s\u00e9minaire.<\/p>\n<p>LETTE, M., &amp; TOURNIER, F. (2023). <em>Au th\u00e9\u00e2tre des sciences\u202f: Faire se rencontrer sur sc\u00e8ne arts et cultures scientifiques<\/em>. Editions universitaires d\u2019Avignon.<\/p>\n<p><a href=\"https:\/\/books.openedition.org\/eua\/7411\">https:\/\/books.openedition.org\/eua\/7411<\/a><\/p>\n<h4>3\/ Exp\u00e9ditions scientifiques<\/h4>\n<p>Exp\u00e9dition biologique (Station La Gamba, Costa Rica, 2022) :\u00a0<a href=\"https:\/\/sciences-medias.fr\/blogs\/drosorica\/\">r\u00e9alisation d\u2019un film<\/a>\u00a0et d\u2019un\u00a0<a href=\"https:\/\/theconversation.com\/une-expedition-pour-decouvrir-de-nouvelles-especes-de-drosophiles-au-costa-rica-181622\">article de vulgarisation scientifique<\/a>.<br \/>Retraite scientifique (Paleochora, Gr\u00e8ce, 2023) : DrosoChora, film en pr\u00e9paration.<\/p>\n<h4>4\/ Pratiques de communication des chercheurs<\/h4>\n<p><strong>A\/ Articulation des pratiques communicationnelles des acteurs de la recherche en SHS entre plateformes num\u00e9riques<\/strong><\/p>\n<p>Projet Hycar 2018-2022 (<a href=\"https:\/\/metacarnet.hypotheses.org\/\">https:\/\/metacarnet.hypotheses.org\/<\/a>)\u00a0port\u00e9 par Camille Claverie et Antonin Segault (Universit\u00e9 de Nanterre)<\/p>\n<p>Projet Hypotweet \u00a02023-25 \u2014 port\u00e9 par Elsa Poupardin et Annaig Mah\u00e9.<\/p>\n<p>\u00a0<a href=\"https:\/\/infusoir.hypotheses.org\/activites-de-recherche\/projet-hycar-gis-urfist\">Hycar<\/a>\u00a0\u00a0(GIS URFIST), prenait pour terrain les carnets de recherche de la plateforme Hypotheses.org, le projet HypoTweet se concentre de son cot\u00e9 sur la circulation de ces \u00e9crits sur Twitter.\u00a0 A partir des tweets citant la plateforme Hypotheses.org, nous examinerons la nature des contenus propos\u00e9s, leurs modalit\u00e9s de diffusion, les profils des acteurs impliqu\u00e9s. Nous chercherons \u00e9galement \u00e0 relier la visibilit\u00e9, les formes de l\u00e9gitimit\u00e9 acquises \u00e0 travers les plateformes num\u00e9riques et les publications plus \u201cclassiques\u201d des auteurs.<\/p>\n<p><span style=\"text-decoration: underline\">Publications\u00a0<\/span><\/p>\n<p>MAHE, A., MAYEUR, I., POUPARDIN, E., &amp; PRIME-CLAVERIE, C. (2023). <em>Communication scientifique et science ouverte\u202f: Opportunit\u00e9s, tensions et paradoxes &#8211; Actes du colloque \u00ab\u202fDocument num\u00e9rique et soci\u00e9t\u00e9\u202f\u00bb, Li\u00e8ge, 2022<\/em> (1er \u00e9dition). DE BOECK SUP. <a href=\"https:\/\/www.cairn.info\/communication-scientifique-et-science-ouverte--9782807357105.htm\">https:\/\/www.cairn.info\/communication-scientifique-et-science-ouverte&#8211;9782807357105.htm<\/a><\/p>\n<p>POUPARDIN, E., &amp; &amp; PRIME-CLAVERIE C., (2023). Carnetiers et blogueurs de sciences\u202f: Analyser des mod\u00e8les et des communaut\u00e9s en construction. In A. Mah\u00e9 &amp; I. Mayeur (\u00c9ds.), <em>Communication scientifique et science ouverte\u202f: Opportunit\u00e9s, tensions et paradoxes<\/em>. De Boeck Sup\u00e9rieur.<\/p>\n<p>POUPARDIN, E., &amp; &amp; PRIME-CLAVERIE C., (2021). Que r\u00e9v\u00e8le l\u2019usage de r\u00e9f\u00e9rences \u00e0 Wikip\u00e9dia dans les \u00e9crits de chercheurs en SHS ? In L. Barbe &amp; M. Severo (\u00c9ds.) in <em>Wikip\u00e9dia, objet de m\u00e9diation et de transmission des savoirs<\/em> (p. 113\u2011130). Presses universitaires de Paris Nanterre. \u00a0<a href=\"http:\/\/books.openedition.org\/pupo\/15135\">http:\/\/books.openedition.org\/pupo\/15135<\/a><\/p>\n<p>POUPARDIN E., FAURY M. (2018). Hypoth\u00e8ses\u202f: l\u2019inscription d\u2019une pratique de communication dans l\u2019activit\u00e9 de recherche. \u00a0In <em>Revue fran\u00e7aise des sciences de l\u2019information et de la communication<\/em>, 15.\u00a0<a href=\"https:\/\/doi.org\/10.4000\/rfsic.4877\">https:\/\/doi.org\/10.4000\/rfsic.4877<\/a><strong>\u00a0<\/strong><\/p>\n<p><span style=\"text-decoration: underline\">Interventions\u00a0<\/span><br \/>Poupardin Elsa, Mah\u00e9 Annaig, Claverie Camille, Segault Antonin, \u00ab\u00a0Hypotheses.org sur Twitter : d\u00e9couvrir la banlieue de la recherche\u00a0\u00bb, AISLF, Congr\u00e8s sciences, savoirs et soci\u00e9t\u00e9s, Ottawa, Session CR29, 10 juillet 2024,\u00a0<\/p>\n<p>Poupardin Elsa, \u00ab\u00a0Le blogging scientifique : pratiques d\u2019\u00e9criture et \u00e9volution des communaut\u00e9s sur hypoth\u00e8ses.org\u00a0\u00bb, s\u00e9minaire \u00ab Enjeux et perspectives de la culture scientifique \u00bb,\u00a0Grenoble, organis\u00e9 par la maison des sciences de l\u2019homme- Alpes et le Gresec, 22 mars 2023.<br \/>Poupardin Elsa, \u00ab\u00a0Science bloggers on Hypotheses.org : communities and co-authorship\u00a0\u00bb, PCST, Rotterdam, Session 11, 14 Avril 2023.<\/p>\n<p>\u00a0<\/p>\n<p><strong>B\/ Motivation et engagement des chercheurs dans la vulgarisation scientifique (enqu\u00eate aupr\u00e8s de communaut\u00e9s de chercheurs (2023-2024)<\/strong><\/p>\n<p>(Nicolas Brard, Elsa Poupardin).<\/p>\n<p>Le projet s\u2019inscrit dans la lign\u00e9e des enqu\u00eates r\u00e9centes sur les pratiques des chercheurs en termes de communication vers le grand public. Il s\u2019articule autour de deux centres d\u2019int\u00e9r\u00eat. Le premier est la volont\u00e9 de s\u2019int\u00e9resser aux effets de la vulgarisation, non plus seulement sur le public,\u00a0mais sur la communaut\u00e9 scientifique, elle-m\u00eame. Le deuxi\u00e8me est le d\u00e9sir de comprendre ce qui motive ou freine l\u2019engagement des chercheurs dans des op\u00e9rations de communication vis-\u00e0-vis du grand public. \u00a0Deux communaut\u00e9s sont approch\u00e9es\u00a0via une enqu\u00eate et des entretiens semi-directifs\u00a0: les chercheurs en neuroscience et la communaut\u00e9 du synchrotron Soleil.\u00a0<\/p>\n<p><span style=\"text-decoration: underline\">Interventions\u00a0<\/span><\/p>\n<p>Poupardin Elsa, Brard Nicolas, \u00ab\u00a0Vulgarisation scientifique et b\u00e9n\u00e9volat : le cas des chercheurs en neurosciences \u00bb, Congr\u00e8s sciences, savoirs et soci\u00e9t\u00e9s, AISLF, Ottawa, Session GT 32, 09 juillet 2024,\u00a0<\/p>\n<p>Brard Nicolas, Poupardin Elsa, \u00ab\u00a0Perceived public expectations influence the content of science outreach activities and the willingness of researchers to get involved? The case of neurosciences \u00bb, EASST\u00a0(European Association for the Study of Science and Technology), \u00ab Making and doing transformation \u00bb \u00e0 Amsterdam (Pays-Bas), 16 juillet 2024,\u00a0<\/p>\n<p>\u00a0<\/p>\n<div>\u00a0<\/div>\n<p>[\/et_pb_text][\/et_pb_column][et_pb_column type=\u00a0\u00bb1_4&Prime;][\/et_pb_column][\/et_pb_row][\/et_pb_section][et_pb_section bb_built=\u00a0\u00bb1&Prime; specialty=\u00a0\u00bboff\u00a0\u00bb prev_background_color=\u00a0\u00bb#000000&Prime; _builder_version=\u00a0\u00bb3.19.11&Prime; custom_padding=\u00a0\u00bb0px||0px|\u00a0\u00bb inner_width=\u00a0\u00bbauto\u00a0\u00bb inner_max_width=\u00a0\u00bbnone\u00a0\u00bb][et_pb_row _builder_version=\u00a0\u00bb3.19.11&Prime; width=\u00a0\u00bb80%\u00a0\u00bb max_width=\u00a0\u00bb1080px\u00a0\u00bb][et_pb_column type=\u00a0\u00bb4_4&Prime;][et_pb_text admin_label=\u00a0\u00bbArticles similaires\u00a0\u00bb _builder_version=\u00a0\u00bb3.16.1&Prime;]<\/p>\n<h2><span class=\"st\">\u00c0<\/span> lire aussi<\/h2>\n<p>[\/et_pb_text][et_pb_blog _builder_version=\u00a0\u00bb3.21&Prime; posts_number=\u00a0\u00bb4&Prime; include_categories=\u00a0\u00bb38,45,14,12,11,15,1,13&Prime; show_author=\u00a0\u00bboff\u00a0\u00bb show_date=\u00a0\u00bboff\u00a0\u00bb show_pagination=\u00a0\u00bboff\u00a0\u00bb border_width_bottom_fullwidth=\u00a0\u00bb1px\u00a0\u00bb border_color_bottom_fullwidth=\u00a0\u00bbrgba(51,51,51,0.18)\u00a0\u00bb custom_padding=\u00a0\u00bb||50px|\u00a0\u00bb module_id=\u00a0\u00bbpage_type_blog\u00a0\u00bb header_level=\u00a0\u00bbh4&Prime; \/][\/et_pb_column][\/et_pb_row][\/et_pb_section]<\/p>\n","protected":false},"excerpt":{"rendered":"<div class=\"et_pb_row et_pb_row_0 et_pb_row_empty\"><\/div>\n<p> Co-responsables: Fr\u00e9d\u00e9ric Tournier et Elsa Poupardin Sciences &amp; m\u00e9dias est un axe de recherche au sein du laboratoire CERILAC. L\u2019axe regroupe les travaux des enseignants-chercheurs portant sur des objets au croisement des sciences et des savoirs (XIXe-XXIe si\u00e8cle) : m\u00e9dias, th\u00e9\u00e2tre scientifique, mus\u00e9es et expositions, controverses scientifiques, imaginaires des sciences et de la m\u00e9decine,&hellip; <a class=\"continue\" href=\"https:\/\/wordpress-test.app.u-pariscite.fr\/cerilac\/axes-de-recherche\/sciences-et-medias\/\">Lire la suite<span> Sciences et M\u00e9dias<\/span><\/a><\/p>\n","protected":false},"author":73,"featured_media":0,"parent":400,"menu_order":0,"comment_status":"closed","ping_status":"closed","template":"","meta":{"_et_pb_use_builder":"on","_et_pb_old_content":"","_et_gb_content_width":"","footnotes":""},"class_list":["post-770","page","type-page","status-publish","hentry"],"_links":{"self":[{"href":"https:\/\/wordpress-test.app.u-pariscite.fr\/cerilac\/wp-json\/wp\/v2\/pages\/770","targetHints":{"allow":["GET"]}}],"collection":[{"href":"https:\/\/wordpress-test.app.u-pariscite.fr\/cerilac\/wp-json\/wp\/v2\/pages"}],"about":[{"href":"https:\/\/wordpress-test.app.u-pariscite.fr\/cerilac\/wp-json\/wp\/v2\/types\/page"}],"author":[{"embeddable":true,"href":"https:\/\/wordpress-test.app.u-pariscite.fr\/cerilac\/wp-json\/wp\/v2\/users\/73"}],"replies":[{"embeddable":true,"href":"https:\/\/wordpress-test.app.u-pariscite.fr\/cerilac\/wp-json\/wp\/v2\/comments?post=770"}],"version-history":[{"count":7,"href":"https:\/\/wordpress-test.app.u-pariscite.fr\/cerilac\/wp-json\/wp\/v2\/pages\/770\/revisions"}],"predecessor-version":[{"id":4938,"href":"https:\/\/wordpress-test.app.u-pariscite.fr\/cerilac\/wp-json\/wp\/v2\/pages\/770\/revisions\/4938"}],"up":[{"embeddable":true,"href":"https:\/\/wordpress-test.app.u-pariscite.fr\/cerilac\/wp-json\/wp\/v2\/pages\/400"}],"wp:attachment":[{"href":"https:\/\/wordpress-test.app.u-pariscite.fr\/cerilac\/wp-json\/wp\/v2\/media?parent=770"}],"curies":[{"name":"wp","href":"https:\/\/api.w.org\/{rel}","templated":true}]}}