{"id":764,"date":"2020-06-09T17:47:20","date_gmt":"2020-06-09T15:47:20","guid":{"rendered":"https:\/\/wordpress-test.app.u-pariscite.fr\/cerilac\/?page_id=764"},"modified":"2024-07-23T15:52:44","modified_gmt":"2024-07-23T13:52:44","slug":"emoi","status":"publish","type":"page","link":"https:\/\/wordpress-test.app.u-pariscite.fr\/cerilac\/axes-de-recherche\/emoi\/","title":{"rendered":"EMOI"},"content":{"rendered":"<p>[et_pb_section bb_built=\u00a0\u00bb1&Prime; next_background_color=\u00a0\u00bb#000000&Prime; inner_width=\u00a0\u00bbauto\u00a0\u00bb inner_max_width=\u00a0\u00bbnone\u00a0\u00bb][et_pb_row _builder_version=\u00a0\u00bb3.21&Prime; width=\u00a0\u00bb80%\u00a0\u00bb max_width=\u00a0\u00bb1080px\u00a0\u00bb][et_pb_column type=\u00a0\u00bb4_4&Prime;][et_pb_post_title admin_label=\u00a0\u00bbTitre de la page\u00a0\u00bb _builder_version=\u00a0\u00bb3.19.11&Prime; meta=\u00a0\u00bboff\u00a0\u00bb featured_image=\u00a0\u00bboff\u00a0\u00bb \/][\/et_pb_column][\/et_pb_row][et_pb_row][et_pb_column type=\u00a0\u00bb3_4&Prime;][et_pb_text admin_label=\u00a0\u00bbintro\u00a0\u00bb _builder_version=\u00a0\u00bb3.22.1&Prime; module_id=\u00a0\u00bbintro\u00a0\u00bb text_text_shadow_horizontal_length=\u00a0\u00bbtext_text_shadow_style,%91object Object%93&Prime; text_text_shadow_vertical_length=\u00a0\u00bbtext_text_shadow_style,%91object Object%93&Prime; text_text_shadow_blur_strength=\u00a0\u00bbtext_text_shadow_style,%91object Object%93&Prime; link_text_shadow_horizontal_length=\u00a0\u00bblink_text_shadow_style,%91object Object%93&Prime; link_text_shadow_vertical_length=\u00a0\u00bblink_text_shadow_style,%91object Object%93&Prime; link_text_shadow_blur_strength=\u00a0\u00bblink_text_shadow_style,%91object Object%93&Prime; ul_text_shadow_horizontal_length=\u00a0\u00bbul_text_shadow_style,%91object Object%93&Prime; ul_text_shadow_vertical_length=\u00a0\u00bbul_text_shadow_style,%91object Object%93&Prime; ul_text_shadow_blur_strength=\u00a0\u00bbul_text_shadow_style,%91object Object%93&Prime; ol_text_shadow_horizontal_length=\u00a0\u00bbol_text_shadow_style,%91object Object%93&Prime; ol_text_shadow_vertical_length=\u00a0\u00bbol_text_shadow_style,%91object Object%93&Prime; ol_text_shadow_blur_strength=\u00a0\u00bbol_text_shadow_style,%91object Object%93&Prime; quote_text_shadow_horizontal_length=\u00a0\u00bbquote_text_shadow_style,%91object Object%93&Prime; quote_text_shadow_vertical_length=\u00a0\u00bbquote_text_shadow_style,%91object Object%93&Prime; quote_text_shadow_blur_strength=\u00a0\u00bbquote_text_shadow_style,%91object Object%93&Prime; header_text_shadow_horizontal_length=\u00a0\u00bbheader_text_shadow_style,%91object Object%93&Prime; header_text_shadow_vertical_length=\u00a0\u00bbheader_text_shadow_style,%91object Object%93&Prime; header_text_shadow_blur_strength=\u00a0\u00bbheader_text_shadow_style,%91object Object%93&Prime; header_2_text_shadow_horizontal_length=\u00a0\u00bbheader_2_text_shadow_style,%91object Object%93&Prime; header_2_text_shadow_vertical_length=\u00a0\u00bbheader_2_text_shadow_style,%91object Object%93&Prime; header_2_text_shadow_blur_strength=\u00a0\u00bbheader_2_text_shadow_style,%91object Object%93&Prime; header_3_text_shadow_horizontal_length=\u00a0\u00bbheader_3_text_shadow_style,%91object Object%93&Prime; header_3_text_shadow_vertical_length=\u00a0\u00bbheader_3_text_shadow_style,%91object Object%93&Prime; header_3_text_shadow_blur_strength=\u00a0\u00bbheader_3_text_shadow_style,%91object Object%93&Prime; header_4_text_shadow_horizontal_length=\u00a0\u00bbheader_4_text_shadow_style,%91object Object%93&Prime; header_4_text_shadow_vertical_length=\u00a0\u00bbheader_4_text_shadow_style,%91object Object%93&Prime; header_4_text_shadow_blur_strength=\u00a0\u00bbheader_4_text_shadow_style,%91object Object%93&Prime; header_5_text_shadow_horizontal_length=\u00a0\u00bbheader_5_text_shadow_style,%91object Object%93&Prime; header_5_text_shadow_vertical_length=\u00a0\u00bbheader_5_text_shadow_style,%91object Object%93&Prime; header_5_text_shadow_blur_strength=\u00a0\u00bbheader_5_text_shadow_style,%91object Object%93&Prime; header_6_text_shadow_horizontal_length=\u00a0\u00bbheader_6_text_shadow_style,%91object Object%93&Prime; header_6_text_shadow_vertical_length=\u00a0\u00bbheader_6_text_shadow_style,%91object Object%93&Prime; header_6_text_shadow_blur_strength=\u00a0\u00bbheader_6_text_shadow_style,%91object Object%93&Prime; z_index_tablet=\u00a0\u00bb500&Prime;]<\/p>\n<div class=\"et_pb_column et_pb_column_3_4 et_pb_column_6 et_pb_css_mix_blend_mode_passthrough\">\n<div id=\"contenu\" class=\"et_pb_module et_pb_text et_pb_text_3 et_pb_bg_layout_light et_pb_text_align_left\">\n<div class=\"et_pb_text_inner\">\n<p><strong>Co-responsables: Emmanuelle Andr\u00e9 et Isabelle Barb\u00e9ris<\/strong><\/p>\n<p>L\u2019axe EMOI (Esth\u00e9tique, Musique\/M\u00e9dias, Oralit\u00e9, Image) a vocation \u00e0 rassembler les enseignants-chercheurs et les doctorants dont les recherches s\u2019inscrivent dans le domaine de la litt\u00e9rature, du th\u00e9\u00e2tre, du cin\u00e9ma et des arts visuels, des arts plastiques et de la performance.\u00a0<\/p>\n<\/div>\n<\/div>\n<\/div>\n<p>[\/et_pb_text][\/et_pb_column][et_pb_column type=\u00a0\u00bb1_4&Prime;][\/et_pb_column][\/et_pb_row][et_pb_row][et_pb_column type=\u00a0\u00bb3_4&Prime;][et_pb_text _builder_version=\u00a0\u00bb3.22.1&Prime; module_id=\u00a0\u00bbcontenu\u00a0\u00bb text_text_shadow_horizontal_length=\u00a0\u00bbtext_text_shadow_style,%91object Object%93&Prime; text_text_shadow_vertical_length=\u00a0\u00bbtext_text_shadow_style,%91object Object%93&Prime; text_text_shadow_blur_strength=\u00a0\u00bbtext_text_shadow_style,%91object Object%93&Prime; link_text_shadow_horizontal_length=\u00a0\u00bblink_text_shadow_style,%91object Object%93&Prime; link_text_shadow_vertical_length=\u00a0\u00bblink_text_shadow_style,%91object Object%93&Prime; link_text_shadow_blur_strength=\u00a0\u00bblink_text_shadow_style,%91object Object%93&Prime; ul_text_shadow_horizontal_length=\u00a0\u00bbul_text_shadow_style,%91object Object%93&Prime; ul_text_shadow_vertical_length=\u00a0\u00bbul_text_shadow_style,%91object Object%93&Prime; ul_text_shadow_blur_strength=\u00a0\u00bbul_text_shadow_style,%91object Object%93&Prime; ol_text_shadow_horizontal_length=\u00a0\u00bbol_text_shadow_style,%91object Object%93&Prime; ol_text_shadow_vertical_length=\u00a0\u00bbol_text_shadow_style,%91object Object%93&Prime; ol_text_shadow_blur_strength=\u00a0\u00bbol_text_shadow_style,%91object Object%93&Prime; quote_text_shadow_horizontal_length=\u00a0\u00bbquote_text_shadow_style,%91object Object%93&Prime; quote_text_shadow_vertical_length=\u00a0\u00bbquote_text_shadow_style,%91object Object%93&Prime; quote_text_shadow_blur_strength=\u00a0\u00bbquote_text_shadow_style,%91object Object%93&Prime; header_text_shadow_horizontal_length=\u00a0\u00bbheader_text_shadow_style,%91object Object%93&Prime; header_text_shadow_vertical_length=\u00a0\u00bbheader_text_shadow_style,%91object Object%93&Prime; header_text_shadow_blur_strength=\u00a0\u00bbheader_text_shadow_style,%91object Object%93&Prime; header_2_text_shadow_horizontal_length=\u00a0\u00bbheader_2_text_shadow_style,%91object Object%93&Prime; header_2_text_shadow_vertical_length=\u00a0\u00bbheader_2_text_shadow_style,%91object Object%93&Prime; header_2_text_shadow_blur_strength=\u00a0\u00bbheader_2_text_shadow_style,%91object Object%93&Prime; header_3_text_shadow_horizontal_length=\u00a0\u00bbheader_3_text_shadow_style,%91object Object%93&Prime; header_3_text_shadow_vertical_length=\u00a0\u00bbheader_3_text_shadow_style,%91object Object%93&Prime; header_3_text_shadow_blur_strength=\u00a0\u00bbheader_3_text_shadow_style,%91object Object%93&Prime; header_4_text_shadow_horizontal_length=\u00a0\u00bbheader_4_text_shadow_style,%91object Object%93&Prime; header_4_text_shadow_vertical_length=\u00a0\u00bbheader_4_text_shadow_style,%91object Object%93&Prime; header_4_text_shadow_blur_strength=\u00a0\u00bbheader_4_text_shadow_style,%91object Object%93&Prime; header_5_text_shadow_horizontal_length=\u00a0\u00bbheader_5_text_shadow_style,%91object Object%93&Prime; header_5_text_shadow_vertical_length=\u00a0\u00bbheader_5_text_shadow_style,%91object Object%93&Prime; header_5_text_shadow_blur_strength=\u00a0\u00bbheader_5_text_shadow_style,%91object Object%93&Prime; header_6_text_shadow_horizontal_length=\u00a0\u00bbheader_6_text_shadow_style,%91object Object%93&Prime; header_6_text_shadow_vertical_length=\u00a0\u00bbheader_6_text_shadow_style,%91object Object%93&Prime; header_6_text_shadow_blur_strength=\u00a0\u00bbheader_6_text_shadow_style,%91object Object%93&Prime; z_index_tablet=\u00a0\u00bb500&Prime;]<\/p>\n<h3>Pr\u00e9sentation<\/h3>\n<p>Il f\u00e9d\u00e8re les projets des chercheurs du CERILAC dont les travaux privil\u00e9gient les approches transdisciplinaires dans le domaine des Arts, de la Cr\u00e9ation et des M\u00e9dias, ainsi que les liens entre les savoirs et les pratiques culturelles, abord\u00e9s d\u2019un point de vue esth\u00e9tique, philosophique, anthropologique et social.<br \/>L\u2019axe EMOI entend ainsi promouvoir les \u00e9changes visant \u00e0 d\u00e9cloisonner les savoirs et les pratiques culturelles, et susciter des rapprochements entre recherche et cr\u00e9ation, cr\u00e9ation et diffusion des arts, incluant les formes d\u2019archivage et de patrimonialisation, les pratiques mus\u00e9ales contemporaines, ainsi que les modes d\u2019expositions et leurs exploitations.<br \/>Les activit\u00e9s de l\u2019Axe se manifestent sous des formes vari\u00e9es : colloques, journ\u00e9es d\u2019\u00e9tudes, s\u00e9minaires, ateliers, publications, qui incitent les enseignants-chercheurs \u00e0 confronter leurs pens\u00e9es aux artistes (\u00e9crivains, cin\u00e9astes, dramaturges, performeurs), prenant en consid\u00e9ration l\u2019actualit\u00e9 intellectuelle, culturelle et politique de la cr\u00e9ation d\u2019aujourd\u2019hui.<\/p>\n<h3>\u00a0<\/h3>\n<h3>Activit\u00e9s scientifiques<\/h3>\n<p>L\u2019Axe EMOI organise des <strong>journ\u00e9es d\u2019\u00e9tude<\/strong> et des <strong>points rencontre<\/strong> entre ses membres\u00a0:<\/p>\n<ul>\n<li>20 mars 2019 : \u00ab Sensibilit\u00e9s des corps flottants. Contours, techniques, signes \u00bb<\/li>\n<li>9 novembre 2021 : \u00ab <a href=\"https:\/\/wordpress-test.app.u-pariscite.fr\/cerilac\/je-axe-emoi-le-suspensif\/\">Le Suspensif<\/a> \u00bb<\/li>\n<li>22 avril 2023 :\u00ab <a href=\"https:\/\/wordpress-test.app.u-pariscite.fr\/cerilac\/je-la-desorientation-a-loeuvre\/\">La d\u00e9sorientation de l&rsquo;oeuvre <\/a>\u00bb<\/li>\n<\/ul>\n<p>L\u2019Axe EMOI initie des <strong>s\u00e9minaires de recherche<\/strong> qui s\u2019adressent \u00e0 tous. Des invit\u00e9s exceptionnels nous ont fait l\u2019amiti\u00e9 d\u2019assurer des s\u00e9minaires semestriels, au rythme d\u2019une s\u00e9ance par semaine.<\/p>\n<p>\u00a0<\/p>\n<p><strong>S\u00e9minaire 2024-2025 <a href=\"https:\/\/wordpress-test.app.u-pariscite.fr\/cerilac\/seminaire-de-laxe-emoi-matieres-et-regimes-sensibles-des-virtuels-numeriques\/\">Mati\u00e8res et r\u00e9gimes sensibles des virtuels num\u00e9riques<\/a> organis\u00e9 par Olga Kobryn<\/strong><\/p>\n<p><strong>S\u00e9minaires de Raymond Bellour <\/strong>(directeur de recherche au CNRS)<\/p>\n<ul>\n<li>2019-2020 S\u00e9minaire de Raymond Bellour <a href=\"https:\/\/wordpress-test.app.u-pariscite.fr\/cerilac\/seminaire-2019-2020-axe-ecrire-et-penser-avec-lhistoire\/\"><strong>Frictions d\u2019image, essais d\u2019analyse<\/strong> <\/a>8 s\u00e9ances (3h)<\/li>\n<li>2018-2019 <strong>Fragments d\u2019une arch\u00e9ologie du regard romantique<\/strong> 8 s\u00e9ances (3h)<\/li>\n<\/ul>\n<p><strong>S\u00e9minaires de Jacques Aumont<\/strong> (professeur \u00e9m\u00e9rite \u00e0 l\u2019universit\u00e9 de la Sorbonne Nouvelle et \u00e0 l\u2019EHESS)<\/p>\n<ul>\n<li>2017-2018\u00a0: <strong>Feintes, fictions, figures\u00a0: images de la r\u00e9alit\u00e9<\/strong><\/li>\n<li>2018-2019\u00a0: <strong>Feintes, fictions, figures. Images de l\u2019invisible<\/strong><\/li>\n<li>2019-2020\u00a0: <strong>Comment pensent les films. Le cin\u00e9ma comme art visuel<\/strong><\/li>\n<li>2021-2022\u00a0: <a href=\"https:\/\/wordpress-test.app.u-pariscite.fr\/cerilac\/seminaire-2021-2022-axe-emoi\/\"><strong>Du visage (au cin\u00e9ma) <\/strong>Mercredi 15h-18h salle 677<\/a><\/li>\n<\/ul>\n<p>D\u2019autres s\u00e9minaires sont organis\u00e9s au cours de l\u2019ann\u00e9e par les membres de l\u2019Axe\u00a0:<\/p>\n<ul>\n<li>les cycles de conf\u00e9rences-projections \u00ab <a href=\"https:\/\/wordpress-test.app.u-pariscite.fr\/cerilac\/seminaire-2021-2022-archi-vives\/\">Archi Vives<\/a> \u00bb \u00e0 la Cin\u00e9math\u00e8que fran\u00e7aise\u00a0<\/li>\n<li>Le cycle de conf\u00e9rences \u00ab <a href=\"https:\/\/wordpress-test.app.u-pariscite.fr\/cerilac\/cycle-de-conferences-esthetique-du-pixel\/\">Esth\u00e9tique du pixel<\/a> \u00bb au Mus\u00e9e du Jeu de Paume\u00a0<\/li>\n<\/ul>\n<h3>Activit\u00e9s r\u00e9centes<\/h3>\n<div>\n<ul>\n<li>14 novembre 2022, Journ\u00e9e d&rsquo;\u00e9tude internationale \u00ab\u00a0Jeu(x) de r\u00f4les\u00a0\u00bb, org. Isabelle Barb\u00e9ris, Universit\u00e9 Paris Cit\u00e9<\/li>\n<li>2021-2022: cycle de conf\u00e9rences \u00ab\u00a0Herm\u00e9neutique du metteur en sc\u00e8ne\u00a0\u00bb (conf\u00e9renciers : Jean-Louis Fabiani, Romain Piana, Andr\u00e9 Helbo)<\/li>\n<li>2017-2019 : \u00ab\u00a0Th\u00e9\u00e2tre et d\u00e9mocratie\u00a0\u00bb, cycle de conf\u00e9rences au Th\u00e9\u00e2tre de la Cit\u00e9 internationale (conf\u00e9renciers: Myriam Revault d&rsquo;Allones, Eric Michaud, Yves Michaud, Marc Goldschmit, Dany Robert-Dufour, Tania de Montaigne, Nathalie Heinich, Carole Talon-Hugon)<\/li>\n<li>2017 : journ\u00e9e d\u2019\u00e9tude \u00ab Organicit\u00e9 du corps technologique \u00bb, organis\u00e9e par Evelyne Grossman et Emmanuelle Andr\u00e9, laboratoire CERILAC\/axe EMOI, Univ. Paris Diderot.<\/li>\n<li>2016 : Journ\u00e9es d&rsquo;\u00e9tude Ecrire le sensible. Pratiques artistiques et culturelles \u00e0 l&rsquo;\u00e9preuve du num\u00e9rique, organisation Aline Jaulin et Elise Olmedo\u00a0 (<a href=\"https:\/\/www.fabula.org\/actualites\/journee-d-etude-ecrire-le-sensible-pratiques-artistiques-et-scientifiques-l-epreuve-du_76240.php\">https:\/\/www.fabula.org\/actualites\/journee-d-etude-ecrire-le-sensible-pratiques-artistiques-et-scientifiques-l-epreuve-du_76240.php<\/a>)<\/li>\n<li>2016 : \u00ab \u00c9tranget\u00e9, art, technologie \u00bb S\u00e9minaire de l\u2019axe\u00a0<\/li>\n<\/ul>\n<\/div>\n<p>[\/et_pb_text][\/et_pb_column][et_pb_column type=\u00a0\u00bb1_4&Prime;][\/et_pb_column][\/et_pb_row][\/et_pb_section][et_pb_section bb_built=\u00a0\u00bb1&Prime; specialty=\u00a0\u00bboff\u00a0\u00bb prev_background_color=\u00a0\u00bb#000000&Prime; _builder_version=\u00a0\u00bb3.19.11&Prime; custom_padding=\u00a0\u00bb0px||0px|\u00a0\u00bb inner_width=\u00a0\u00bbauto\u00a0\u00bb inner_max_width=\u00a0\u00bbnone\u00a0\u00bb][et_pb_row _builder_version=\u00a0\u00bb3.19.11&Prime; width=\u00a0\u00bb80%\u00a0\u00bb max_width=\u00a0\u00bb1080px\u00a0\u00bb][et_pb_column type=\u00a0\u00bb4_4&Prime;][et_pb_text admin_label=\u00a0\u00bbArticles similaires\u00a0\u00bb _builder_version=\u00a0\u00bb3.16.1&Prime;]<\/p>\n<h2><span class=\"st\">\u00c0<\/span> lire aussi<\/h2>\n<p>[\/et_pb_text][et_pb_blog _builder_version=\u00a0\u00bb3.21&Prime; posts_number=\u00a0\u00bb4&Prime; include_categories=\u00a0\u00bb38,45,14,12,11,15,1,13&Prime; show_author=\u00a0\u00bboff\u00a0\u00bb show_date=\u00a0\u00bboff\u00a0\u00bb show_pagination=\u00a0\u00bboff\u00a0\u00bb border_width_bottom_fullwidth=\u00a0\u00bb1px\u00a0\u00bb border_color_bottom_fullwidth=\u00a0\u00bbrgba(51,51,51,0.18)\u00a0\u00bb custom_padding=\u00a0\u00bb||50px|\u00a0\u00bb module_id=\u00a0\u00bbpage_type_blog\u00a0\u00bb header_level=\u00a0\u00bbh4&Prime; \/][\/et_pb_column][\/et_pb_row][\/et_pb_section]<\/p>\n","protected":false},"excerpt":{"rendered":"<div class=\"et_pb_row et_pb_row_0 et_pb_row_empty\"><\/div>\n<p> Co-responsables: Emmanuelle Andr\u00e9 et Isabelle Barb\u00e9ris L\u2019axe EMOI (Esth\u00e9tique, Musique\/M\u00e9dias, Oralit\u00e9, Image) a vocation \u00e0 rassembler les enseignants-chercheurs et les doctorants dont les recherches s\u2019inscrivent dans le domaine de la litt\u00e9rature, du th\u00e9\u00e2tre, du cin\u00e9ma et des arts visuels, des arts plastiques et de la performance.\u00a0 <\/p>\n<div class=\"et_pb_row et_pb_row_1 et_pb_row_empty\"><\/div>\n<p> Pr\u00e9sentationIl f\u00e9d\u00e8re les projets des chercheurs du&hellip; <a class=\"continue\" href=\"https:\/\/wordpress-test.app.u-pariscite.fr\/cerilac\/axes-de-recherche\/emoi\/\">Lire la suite<span> EMOI<\/span><\/a><\/p>\n","protected":false},"author":73,"featured_media":0,"parent":400,"menu_order":0,"comment_status":"closed","ping_status":"closed","template":"","meta":{"_et_pb_use_builder":"on","_et_pb_old_content":"","_et_gb_content_width":"","footnotes":""},"class_list":["post-764","page","type-page","status-publish","hentry"],"_links":{"self":[{"href":"https:\/\/wordpress-test.app.u-pariscite.fr\/cerilac\/wp-json\/wp\/v2\/pages\/764","targetHints":{"allow":["GET"]}}],"collection":[{"href":"https:\/\/wordpress-test.app.u-pariscite.fr\/cerilac\/wp-json\/wp\/v2\/pages"}],"about":[{"href":"https:\/\/wordpress-test.app.u-pariscite.fr\/cerilac\/wp-json\/wp\/v2\/types\/page"}],"author":[{"embeddable":true,"href":"https:\/\/wordpress-test.app.u-pariscite.fr\/cerilac\/wp-json\/wp\/v2\/users\/73"}],"replies":[{"embeddable":true,"href":"https:\/\/wordpress-test.app.u-pariscite.fr\/cerilac\/wp-json\/wp\/v2\/comments?post=764"}],"version-history":[{"count":9,"href":"https:\/\/wordpress-test.app.u-pariscite.fr\/cerilac\/wp-json\/wp\/v2\/pages\/764\/revisions"}],"predecessor-version":[{"id":4966,"href":"https:\/\/wordpress-test.app.u-pariscite.fr\/cerilac\/wp-json\/wp\/v2\/pages\/764\/revisions\/4966"}],"up":[{"embeddable":true,"href":"https:\/\/wordpress-test.app.u-pariscite.fr\/cerilac\/wp-json\/wp\/v2\/pages\/400"}],"wp:attachment":[{"href":"https:\/\/wordpress-test.app.u-pariscite.fr\/cerilac\/wp-json\/wp\/v2\/media?parent=764"}],"curies":[{"name":"wp","href":"https:\/\/api.w.org\/{rel}","templated":true}]}}