{"id":762,"date":"2020-06-09T17:36:27","date_gmt":"2020-06-09T15:36:27","guid":{"rendered":"https:\/\/wordpress-test.app.u-pariscite.fr\/cerilac\/?page_id=762"},"modified":"2023-04-14T10:54:25","modified_gmt":"2023-04-14T08:54:25","slug":"pensee-et-creation-contemporaines","status":"publish","type":"page","link":"https:\/\/wordpress-test.app.u-pariscite.fr\/cerilac\/axes-de-recherche\/pensee-et-creation-contemporaines\/","title":{"rendered":"Pens\u00e9e et cr\u00e9ation contemporaines"},"content":{"rendered":"<p>[et_pb_section bb_built=\u00a0\u00bb1&Prime; next_background_color=\u00a0\u00bb#000000&Prime; inner_width=\u00a0\u00bbauto\u00a0\u00bb inner_max_width=\u00a0\u00bbnone\u00a0\u00bb][et_pb_row _builder_version=\u00a0\u00bb3.21&Prime; width=\u00a0\u00bb80%\u00a0\u00bb max_width=\u00a0\u00bb1080px\u00a0\u00bb][et_pb_column type=\u00a0\u00bb4_4&Prime;][et_pb_post_title admin_label=\u00a0\u00bbTitre de la page\u00a0\u00bb _builder_version=\u00a0\u00bb3.19.11&Prime; meta=\u00a0\u00bboff\u00a0\u00bb featured_image=\u00a0\u00bboff\u00a0\u00bb \/][\/et_pb_column][\/et_pb_row][et_pb_row][et_pb_column type=\u00a0\u00bb3_4&Prime;][et_pb_text admin_label=\u00a0\u00bbintro\u00a0\u00bb _builder_version=\u00a0\u00bb3.22.1&Prime; module_id=\u00a0\u00bbintro\u00a0\u00bb text_text_shadow_horizontal_length=\u00a0\u00bbtext_text_shadow_style,%91object Object%93&Prime; text_text_shadow_vertical_length=\u00a0\u00bbtext_text_shadow_style,%91object Object%93&Prime; text_text_shadow_blur_strength=\u00a0\u00bbtext_text_shadow_style,%91object Object%93&Prime; link_text_shadow_horizontal_length=\u00a0\u00bblink_text_shadow_style,%91object Object%93&Prime; link_text_shadow_vertical_length=\u00a0\u00bblink_text_shadow_style,%91object Object%93&Prime; link_text_shadow_blur_strength=\u00a0\u00bblink_text_shadow_style,%91object Object%93&Prime; ul_text_shadow_horizontal_length=\u00a0\u00bbul_text_shadow_style,%91object Object%93&Prime; ul_text_shadow_vertical_length=\u00a0\u00bbul_text_shadow_style,%91object Object%93&Prime; ul_text_shadow_blur_strength=\u00a0\u00bbul_text_shadow_style,%91object Object%93&Prime; ol_text_shadow_horizontal_length=\u00a0\u00bbol_text_shadow_style,%91object Object%93&Prime; ol_text_shadow_vertical_length=\u00a0\u00bbol_text_shadow_style,%91object Object%93&Prime; ol_text_shadow_blur_strength=\u00a0\u00bbol_text_shadow_style,%91object Object%93&Prime; quote_text_shadow_horizontal_length=\u00a0\u00bbquote_text_shadow_style,%91object Object%93&Prime; quote_text_shadow_vertical_length=\u00a0\u00bbquote_text_shadow_style,%91object Object%93&Prime; quote_text_shadow_blur_strength=\u00a0\u00bbquote_text_shadow_style,%91object Object%93&Prime; header_text_shadow_horizontal_length=\u00a0\u00bbheader_text_shadow_style,%91object Object%93&Prime; header_text_shadow_vertical_length=\u00a0\u00bbheader_text_shadow_style,%91object Object%93&Prime; header_text_shadow_blur_strength=\u00a0\u00bbheader_text_shadow_style,%91object Object%93&Prime; header_2_text_shadow_horizontal_length=\u00a0\u00bbheader_2_text_shadow_style,%91object Object%93&Prime; header_2_text_shadow_vertical_length=\u00a0\u00bbheader_2_text_shadow_style,%91object Object%93&Prime; header_2_text_shadow_blur_strength=\u00a0\u00bbheader_2_text_shadow_style,%91object Object%93&Prime; header_3_text_shadow_horizontal_length=\u00a0\u00bbheader_3_text_shadow_style,%91object Object%93&Prime; header_3_text_shadow_vertical_length=\u00a0\u00bbheader_3_text_shadow_style,%91object Object%93&Prime; header_3_text_shadow_blur_strength=\u00a0\u00bbheader_3_text_shadow_style,%91object Object%93&Prime; header_4_text_shadow_horizontal_length=\u00a0\u00bbheader_4_text_shadow_style,%91object Object%93&Prime; header_4_text_shadow_vertical_length=\u00a0\u00bbheader_4_text_shadow_style,%91object Object%93&Prime; header_4_text_shadow_blur_strength=\u00a0\u00bbheader_4_text_shadow_style,%91object Object%93&Prime; header_5_text_shadow_horizontal_length=\u00a0\u00bbheader_5_text_shadow_style,%91object Object%93&Prime; header_5_text_shadow_vertical_length=\u00a0\u00bbheader_5_text_shadow_style,%91object Object%93&Prime; header_5_text_shadow_blur_strength=\u00a0\u00bbheader_5_text_shadow_style,%91object Object%93&Prime; header_6_text_shadow_horizontal_length=\u00a0\u00bbheader_6_text_shadow_style,%91object Object%93&Prime; header_6_text_shadow_vertical_length=\u00a0\u00bbheader_6_text_shadow_style,%91object Object%93&Prime; header_6_text_shadow_blur_strength=\u00a0\u00bbheader_6_text_shadow_style,%91object Object%93&Prime; z_index_tablet=\u00a0\u00bb500&Prime;]<\/p>\n<p><strong>Co-responsables: Dominique Rabat\u00e9 et Vincent Berthelier<\/strong><\/p>\n<p>L\u2019axe \u00ab\u00a0Pens\u00e9e et cr\u00e9ation contemporaines\u00a0\u00bb rassemble et \u00a0coordonne les enseignants-chercheurs dont les travaux, les projets de recherche, les entreprises collectives concernent le dernier XX\u00e8me si\u00e8cle et notre XXI\u00e8me si\u00e8cle commen\u00e7ant.<\/p>\n<p>[\/et_pb_text][\/et_pb_column][et_pb_column type=\u00a0\u00bb1_4&Prime;][\/et_pb_column][\/et_pb_row][et_pb_row][et_pb_column type=\u00a0\u00bb3_4&Prime;][et_pb_text _builder_version=\u00a0\u00bb3.22.1&Prime; module_id=\u00a0\u00bbcontenu\u00a0\u00bb text_text_shadow_horizontal_length=\u00a0\u00bbtext_text_shadow_style,%91object Object%93&Prime; text_text_shadow_vertical_length=\u00a0\u00bbtext_text_shadow_style,%91object Object%93&Prime; text_text_shadow_blur_strength=\u00a0\u00bbtext_text_shadow_style,%91object Object%93&Prime; link_text_shadow_horizontal_length=\u00a0\u00bblink_text_shadow_style,%91object Object%93&Prime; link_text_shadow_vertical_length=\u00a0\u00bblink_text_shadow_style,%91object Object%93&Prime; link_text_shadow_blur_strength=\u00a0\u00bblink_text_shadow_style,%91object Object%93&Prime; ul_text_shadow_horizontal_length=\u00a0\u00bbul_text_shadow_style,%91object Object%93&Prime; ul_text_shadow_vertical_length=\u00a0\u00bbul_text_shadow_style,%91object Object%93&Prime; ul_text_shadow_blur_strength=\u00a0\u00bbul_text_shadow_style,%91object Object%93&Prime; ol_text_shadow_horizontal_length=\u00a0\u00bbol_text_shadow_style,%91object Object%93&Prime; ol_text_shadow_vertical_length=\u00a0\u00bbol_text_shadow_style,%91object Object%93&Prime; ol_text_shadow_blur_strength=\u00a0\u00bbol_text_shadow_style,%91object Object%93&Prime; quote_text_shadow_horizontal_length=\u00a0\u00bbquote_text_shadow_style,%91object Object%93&Prime; quote_text_shadow_vertical_length=\u00a0\u00bbquote_text_shadow_style,%91object Object%93&Prime; quote_text_shadow_blur_strength=\u00a0\u00bbquote_text_shadow_style,%91object Object%93&Prime; header_text_shadow_horizontal_length=\u00a0\u00bbheader_text_shadow_style,%91object Object%93&Prime; header_text_shadow_vertical_length=\u00a0\u00bbheader_text_shadow_style,%91object Object%93&Prime; header_text_shadow_blur_strength=\u00a0\u00bbheader_text_shadow_style,%91object Object%93&Prime; header_2_text_shadow_horizontal_length=\u00a0\u00bbheader_2_text_shadow_style,%91object Object%93&Prime; header_2_text_shadow_vertical_length=\u00a0\u00bbheader_2_text_shadow_style,%91object Object%93&Prime; header_2_text_shadow_blur_strength=\u00a0\u00bbheader_2_text_shadow_style,%91object Object%93&Prime; header_3_text_shadow_horizontal_length=\u00a0\u00bbheader_3_text_shadow_style,%91object Object%93&Prime; header_3_text_shadow_vertical_length=\u00a0\u00bbheader_3_text_shadow_style,%91object Object%93&Prime; header_3_text_shadow_blur_strength=\u00a0\u00bbheader_3_text_shadow_style,%91object Object%93&Prime; header_4_text_shadow_horizontal_length=\u00a0\u00bbheader_4_text_shadow_style,%91object Object%93&Prime; header_4_text_shadow_vertical_length=\u00a0\u00bbheader_4_text_shadow_style,%91object Object%93&Prime; header_4_text_shadow_blur_strength=\u00a0\u00bbheader_4_text_shadow_style,%91object Object%93&Prime; header_5_text_shadow_horizontal_length=\u00a0\u00bbheader_5_text_shadow_style,%91object Object%93&Prime; header_5_text_shadow_vertical_length=\u00a0\u00bbheader_5_text_shadow_style,%91object Object%93&Prime; header_5_text_shadow_blur_strength=\u00a0\u00bbheader_5_text_shadow_style,%91object Object%93&Prime; header_6_text_shadow_horizontal_length=\u00a0\u00bbheader_6_text_shadow_style,%91object Object%93&Prime; header_6_text_shadow_vertical_length=\u00a0\u00bbheader_6_text_shadow_style,%91object Object%93&Prime; header_6_text_shadow_blur_strength=\u00a0\u00bbheader_6_text_shadow_style,%91object Object%93&Prime; z_index_tablet=\u00a0\u00bb500&Prime;]<\/p>\n<h3>Paragraphe<\/h3>\n<p>Il r\u00e9unit plusieurs disciplines : la litt\u00e9rature, l\u2019esth\u00e9tique (arts plastiques et musique), th\u00e9orie, philosophie et sciences humaines. Conscient et respectueux de la singularit\u00e9 et de la sp\u00e9cificit\u00e9 des pratiques de pens\u00e9e, d\u2019\u00e9criture et de cr\u00e9ation, il a pour ambition de soutenir les initiatives propres \u00e0 chacune, mais aussi de permettre un v\u00e9ritable dialogue, des confrontations et des rencontres susceptibles de jouer avec les fronti\u00e8res et, \u00e0 l\u2019occasion, de les d\u00e9jouer. En r\u00e9unissant derri\u00e8re la banni\u00e8re du \u00ab contemporain \u00bb le champ de la pens\u00e9e et le champ de la cr\u00e9ation, cet axe a pour ambition d\u2019analyser et de comprendre les mutations qui, aujourd\u2019hui, \u00a0nous affectent tous et chacun dans nos mani\u00e8res de produire, dans nos pratiques, dans nos r\u00e9seaux, dans nos fa\u00e7ons de communiquer et de diffuser nos productions.<\/p>\n<p>L\u2019axe \u00ab\u00a0Pens\u00e9e et cr\u00e9ation contemporaines\u00a0\u00bb fonctionne sur deux modes. Celui du s\u00e9minaire r\u00e9unissant \u00e9tudiants, chercheurs, \u00e9crivains, intellectuels, artistes. C\u2019est le temps et le lieu d\u2019un vivre-ensemble sans lequel la recherche est un mot creux. \u00a0Et, bien s\u00fbr, celui des colloques, journ\u00e9es d\u2019\u00e9tude, manifestations culturelles.\u00a0<\/p>\n<p>Plusieurs s\u00e9minaires r\u00e9guliers sont anim\u00e9s par des enseignants-chercheurs de l&rsquo;\u00e9quipe, \u00a0soit de mani\u00e8re autonome, soit en lien avec d\u2019autres institutions. Par exemple en 2016\/2017, le s\u00e9minaire \u00ab\u00a0L&rsquo;imagination\u00a0\u00bb anim\u00e9 par H\u00e9l\u00e8ne Baty Delalande et Laurent Zimmermann. En 2017\/2018 C\u00e9line Fl\u00e9cheux initie le s\u00e9minaire\u00a0\u00ab\u00a0Singulier\/collectif\u00a0\u00bb. En 2018 (4 s\u00e9ances), un s\u00e9minaire\u00a0\u00ab\u00a0Questions th\u00e9oriques \u00e0 la litt\u00e9rature contemporaine\u00a0\u00bb commun \u00e0 Paris Diderot et \u00e0 Paris 3, sera consacr\u00e9 \u00e0 la th\u00e9orie des genres. Depuis 2019, le s\u00e9minaire a pour th\u00e8me \u00abSingulier\/Collectif \u00bb auquel participent des \u00e9crivains, \u00e9diteurs, architectes et artistes.<\/p>\n<p>L\u2019axe \u00ab Pens\u00e9e et cr\u00e9ation contemporaines \u00bb co-organise aussi le\u00a0s\u00e9minaire Barthes avec l\u2019\u00e9quipe ENS\/Item-CNRS. (Eric Marty)<\/p>\n<p>On peut inscrire dans le cadre des structures r\u00e9guli\u00e8res, les \u00ab Rencontres \u00bb (trois fois par an) avec\u00a0la revue Po&amp;sie, organis\u00e9es par Laurent Zimmermann<\/p>\n<h3>S\u00e9minaires Singulier\/Collectif<\/h3>\n<ul>\n<li><a href=\"https:\/\/wordpress-test.app.u-pariscite.fr\/cerilac\/seminaire-2021-2022-singulier-collectif\/\">S\u00e9minaire 2021-2022<\/a><\/li>\n<li><a href=\"https:\/\/wordpress-test.app.u-pariscite.fr\/cerilac\/seminaire-2019-2020-de-laxe-pensee-et-creation-contemporaines\/\">S\u00e9minaire 2019-2020<\/a><\/li>\n<li><a href=\"https:\/\/wordpress-test.app.u-pariscite.fr\/cerilac\/wp-content\/uploads\/sites\/7\/2023\/04\/Se\u0301minaire-2018-2019.pdf\">Se\u0301minaire 2018-2019<\/a><\/li>\n<li><a href=\"https:\/\/wordpress-test.app.u-pariscite.fr\/cerilac\/wp-content\/uploads\/sites\/7\/2023\/04\/Singulier-collectif-17-18-avec-compression-1.pdf\">S\u00e9minaire 2017-2018<\/a><\/li>\n<\/ul>\n<p>[\/et_pb_text][\/et_pb_column][et_pb_column type=\u00a0\u00bb1_4&Prime;][\/et_pb_column][\/et_pb_row][\/et_pb_section][et_pb_section bb_built=\u00a0\u00bb1&Prime; specialty=\u00a0\u00bboff\u00a0\u00bb prev_background_color=\u00a0\u00bb#000000&Prime; _builder_version=\u00a0\u00bb3.19.11&Prime; custom_padding=\u00a0\u00bb0px||0px|\u00a0\u00bb inner_width=\u00a0\u00bbauto\u00a0\u00bb inner_max_width=\u00a0\u00bbnone\u00a0\u00bb][et_pb_row _builder_version=\u00a0\u00bb3.19.11&Prime; width=\u00a0\u00bb80%\u00a0\u00bb max_width=\u00a0\u00bb1080px\u00a0\u00bb][et_pb_column type=\u00a0\u00bb4_4&Prime;][et_pb_text admin_label=\u00a0\u00bbArticles similaires\u00a0\u00bb _builder_version=\u00a0\u00bb3.16.1&Prime;]<\/p>\n<h2><span class=\"st\">\u00c0<\/span> lire aussi<\/h2>\n<p>[\/et_pb_text][et_pb_blog _builder_version=\u00a0\u00bb3.21&Prime; posts_number=\u00a0\u00bb4&Prime; include_categories=\u00a0\u00bb38,45,14,12,11,15,1,13&Prime; show_author=\u00a0\u00bboff\u00a0\u00bb show_date=\u00a0\u00bboff\u00a0\u00bb show_pagination=\u00a0\u00bboff\u00a0\u00bb border_width_bottom_fullwidth=\u00a0\u00bb1px\u00a0\u00bb border_color_bottom_fullwidth=\u00a0\u00bbrgba(51,51,51,0.18)\u00a0\u00bb custom_padding=\u00a0\u00bb||50px|\u00a0\u00bb module_id=\u00a0\u00bbpage_type_blog\u00a0\u00bb header_level=\u00a0\u00bbh4&Prime; \/][\/et_pb_column][\/et_pb_row][\/et_pb_section]<\/p>\n","protected":false},"excerpt":{"rendered":"<div class=\"et_pb_row et_pb_row_0 et_pb_row_empty\"><\/div>\n<p> Co-responsables: Dominique Rabat\u00e9 et Vincent Berthelier L\u2019axe \u00ab\u00a0Pens\u00e9e et cr\u00e9ation contemporaines\u00a0\u00bb rassemble et \u00a0coordonne les enseignants-chercheurs dont les travaux, les projets de recherche, les entreprises collectives concernent le dernier XX\u00e8me si\u00e8cle et notre XXI\u00e8me si\u00e8cle commen\u00e7ant. <\/p>\n<div class=\"et_pb_row et_pb_row_1 et_pb_row_empty\"><\/div>\n<p> ParagrapheIl r\u00e9unit plusieurs disciplines : la litt\u00e9rature, l\u2019esth\u00e9tique (arts plastiques et musique), th\u00e9orie, philosophie et sciences humaines.&hellip; <a class=\"continue\" href=\"https:\/\/wordpress-test.app.u-pariscite.fr\/cerilac\/axes-de-recherche\/pensee-et-creation-contemporaines\/\">Lire la suite<span> Pens\u00e9e et cr\u00e9ation contemporaines<\/span><\/a><\/p>\n","protected":false},"author":73,"featured_media":0,"parent":400,"menu_order":0,"comment_status":"closed","ping_status":"closed","template":"","meta":{"_et_pb_use_builder":"on","_et_pb_old_content":"","_et_gb_content_width":"","footnotes":""},"class_list":["post-762","page","type-page","status-publish","hentry"],"_links":{"self":[{"href":"https:\/\/wordpress-test.app.u-pariscite.fr\/cerilac\/wp-json\/wp\/v2\/pages\/762","targetHints":{"allow":["GET"]}}],"collection":[{"href":"https:\/\/wordpress-test.app.u-pariscite.fr\/cerilac\/wp-json\/wp\/v2\/pages"}],"about":[{"href":"https:\/\/wordpress-test.app.u-pariscite.fr\/cerilac\/wp-json\/wp\/v2\/types\/page"}],"author":[{"embeddable":true,"href":"https:\/\/wordpress-test.app.u-pariscite.fr\/cerilac\/wp-json\/wp\/v2\/users\/73"}],"replies":[{"embeddable":true,"href":"https:\/\/wordpress-test.app.u-pariscite.fr\/cerilac\/wp-json\/wp\/v2\/comments?post=762"}],"version-history":[{"count":4,"href":"https:\/\/wordpress-test.app.u-pariscite.fr\/cerilac\/wp-json\/wp\/v2\/pages\/762\/revisions"}],"predecessor-version":[{"id":3613,"href":"https:\/\/wordpress-test.app.u-pariscite.fr\/cerilac\/wp-json\/wp\/v2\/pages\/762\/revisions\/3613"}],"up":[{"embeddable":true,"href":"https:\/\/wordpress-test.app.u-pariscite.fr\/cerilac\/wp-json\/wp\/v2\/pages\/400"}],"wp:attachment":[{"href":"https:\/\/wordpress-test.app.u-pariscite.fr\/cerilac\/wp-json\/wp\/v2\/media?parent=762"}],"curies":[{"name":"wp","href":"https:\/\/api.w.org\/{rel}","templated":true}]}}