{"id":739,"date":"2020-06-08T10:48:57","date_gmt":"2020-06-08T08:48:57","guid":{"rendered":"https:\/\/wordpress-test.app.u-pariscite.fr\/cerilac\/?page_id=739"},"modified":"2024-07-04T11:57:25","modified_gmt":"2024-07-04T09:57:25","slug":"theleme","status":"publish","type":"page","link":"https:\/\/wordpress-test.app.u-pariscite.fr\/cerilac\/axes-de-recherche\/theleme\/","title":{"rendered":"Th\u00e9l\u00e8me &#8211; Litt\u00e9rature et sciences humaines de l\u2019Antiquit\u00e9 aux Lumi\u00e8res"},"content":{"rendered":"<p>[et_pb_section bb_built=\u00a0\u00bb1&Prime; next_background_color=\u00a0\u00bb#000000&Prime; inner_width=\u00a0\u00bbauto\u00a0\u00bb inner_max_width=\u00a0\u00bbnone\u00a0\u00bb][et_pb_row _builder_version=\u00a0\u00bb3.21&Prime; width=\u00a0\u00bb80%\u00a0\u00bb max_width=\u00a0\u00bb1080px\u00a0\u00bb][et_pb_column type=\u00a0\u00bb4_4&Prime;][et_pb_post_title admin_label=\u00a0\u00bbTitre de la page\u00a0\u00bb _builder_version=\u00a0\u00bb3.22.1&Prime; meta=\u00a0\u00bboff\u00a0\u00bb featured_image=\u00a0\u00bboff\u00a0\u00bb \/][\/et_pb_column][\/et_pb_row][et_pb_row][et_pb_column type=\u00a0\u00bb3_4&Prime;][et_pb_text admin_label=\u00a0\u00bbintro\u00a0\u00bb _builder_version=\u00a0\u00bb3.22.1&Prime; module_id=\u00a0\u00bbintro\u00a0\u00bb text_text_shadow_horizontal_length=\u00a0\u00bbtext_text_shadow_style,%91object Object%93&Prime; text_text_shadow_vertical_length=\u00a0\u00bbtext_text_shadow_style,%91object Object%93&Prime; text_text_shadow_blur_strength=\u00a0\u00bbtext_text_shadow_style,%91object Object%93&Prime; link_text_shadow_horizontal_length=\u00a0\u00bblink_text_shadow_style,%91object Object%93&Prime; link_text_shadow_vertical_length=\u00a0\u00bblink_text_shadow_style,%91object Object%93&Prime; link_text_shadow_blur_strength=\u00a0\u00bblink_text_shadow_style,%91object Object%93&Prime; ul_text_shadow_horizontal_length=\u00a0\u00bbul_text_shadow_style,%91object Object%93&Prime; ul_text_shadow_vertical_length=\u00a0\u00bbul_text_shadow_style,%91object Object%93&Prime; ul_text_shadow_blur_strength=\u00a0\u00bbul_text_shadow_style,%91object Object%93&Prime; ol_text_shadow_horizontal_length=\u00a0\u00bbol_text_shadow_style,%91object Object%93&Prime; ol_text_shadow_vertical_length=\u00a0\u00bbol_text_shadow_style,%91object Object%93&Prime; ol_text_shadow_blur_strength=\u00a0\u00bbol_text_shadow_style,%91object Object%93&Prime; quote_text_shadow_horizontal_length=\u00a0\u00bbquote_text_shadow_style,%91object Object%93&Prime; quote_text_shadow_vertical_length=\u00a0\u00bbquote_text_shadow_style,%91object Object%93&Prime; quote_text_shadow_blur_strength=\u00a0\u00bbquote_text_shadow_style,%91object Object%93&Prime; header_text_shadow_horizontal_length=\u00a0\u00bbheader_text_shadow_style,%91object Object%93&Prime; header_text_shadow_vertical_length=\u00a0\u00bbheader_text_shadow_style,%91object Object%93&Prime; header_text_shadow_blur_strength=\u00a0\u00bbheader_text_shadow_style,%91object Object%93&Prime; header_2_text_shadow_horizontal_length=\u00a0\u00bbheader_2_text_shadow_style,%91object Object%93&Prime; header_2_text_shadow_vertical_length=\u00a0\u00bbheader_2_text_shadow_style,%91object Object%93&Prime; header_2_text_shadow_blur_strength=\u00a0\u00bbheader_2_text_shadow_style,%91object Object%93&Prime; header_3_text_shadow_horizontal_length=\u00a0\u00bbheader_3_text_shadow_style,%91object Object%93&Prime; header_3_text_shadow_vertical_length=\u00a0\u00bbheader_3_text_shadow_style,%91object Object%93&Prime; header_3_text_shadow_blur_strength=\u00a0\u00bbheader_3_text_shadow_style,%91object Object%93&Prime; header_4_text_shadow_horizontal_length=\u00a0\u00bbheader_4_text_shadow_style,%91object Object%93&Prime; header_4_text_shadow_vertical_length=\u00a0\u00bbheader_4_text_shadow_style,%91object Object%93&Prime; header_4_text_shadow_blur_strength=\u00a0\u00bbheader_4_text_shadow_style,%91object Object%93&Prime; header_5_text_shadow_horizontal_length=\u00a0\u00bbheader_5_text_shadow_style,%91object Object%93&Prime; header_5_text_shadow_vertical_length=\u00a0\u00bbheader_5_text_shadow_style,%91object Object%93&Prime; header_5_text_shadow_blur_strength=\u00a0\u00bbheader_5_text_shadow_style,%91object Object%93&Prime; header_6_text_shadow_horizontal_length=\u00a0\u00bbheader_6_text_shadow_style,%91object Object%93&Prime; header_6_text_shadow_vertical_length=\u00a0\u00bbheader_6_text_shadow_style,%91object Object%93&Prime; header_6_text_shadow_blur_strength=\u00a0\u00bbheader_6_text_shadow_style,%91object Object%93&Prime; z_index_tablet=\u00a0\u00bb500&Prime;]<\/p>\n<p><strong>Co-responsables: Claire Donnat-Aracil et Amandine Mussou<\/strong><\/p>\n<p>L\u2019axe de recherches Th\u00e9l\u00e8me s\u2019efforce de pr\u00e9senter une approche contemporaine d\u2019objets litt\u00e9raires et esth\u00e9tiques anciens, de l\u2019Antiquit\u00e9 aux Lumi\u00e8res, \u00e0 partir de l\u2019apport des sciences humaines. Nous travaillons \u00e0 resituer dans l\u2019histoire des temps modernes le corpus classique, et \u00e0 mesurer l\u2019importance des \u00ab\u00a0monuments\u00a0\u00bb de la litt\u00e9rature du pass\u00e9. Mais, conform\u00e9ment aux principes fondateurs du CERILAC, nous adoptons sur les \u0153uvres anciennes un point de vue actuel, inspir\u00e9 par les pr\u00e9occupations et les probl\u00e9matiques du monde d\u2019aujourd\u2019hui.<\/p>\n<p>[\/et_pb_text][\/et_pb_column][et_pb_column type=\u00a0\u00bb1_4&Prime;][\/et_pb_column][\/et_pb_row][et_pb_row][et_pb_column type=\u00a0\u00bb3_4&Prime;][et_pb_text _builder_version=\u00a0\u00bb3.22.1&Prime; module_id=\u00a0\u00bbcontenu\u00a0\u00bb text_text_shadow_horizontal_length=\u00a0\u00bbtext_text_shadow_style,%91object Object%93&Prime; text_text_shadow_vertical_length=\u00a0\u00bbtext_text_shadow_style,%91object Object%93&Prime; text_text_shadow_blur_strength=\u00a0\u00bbtext_text_shadow_style,%91object Object%93&Prime; link_text_shadow_horizontal_length=\u00a0\u00bblink_text_shadow_style,%91object Object%93&Prime; link_text_shadow_vertical_length=\u00a0\u00bblink_text_shadow_style,%91object Object%93&Prime; link_text_shadow_blur_strength=\u00a0\u00bblink_text_shadow_style,%91object Object%93&Prime; ul_text_shadow_horizontal_length=\u00a0\u00bbul_text_shadow_style,%91object Object%93&Prime; ul_text_shadow_vertical_length=\u00a0\u00bbul_text_shadow_style,%91object Object%93&Prime; ul_text_shadow_blur_strength=\u00a0\u00bbul_text_shadow_style,%91object Object%93&Prime; ol_text_shadow_horizontal_length=\u00a0\u00bbol_text_shadow_style,%91object Object%93&Prime; ol_text_shadow_vertical_length=\u00a0\u00bbol_text_shadow_style,%91object Object%93&Prime; ol_text_shadow_blur_strength=\u00a0\u00bbol_text_shadow_style,%91object Object%93&Prime; quote_text_shadow_horizontal_length=\u00a0\u00bbquote_text_shadow_style,%91object Object%93&Prime; quote_text_shadow_vertical_length=\u00a0\u00bbquote_text_shadow_style,%91object Object%93&Prime; quote_text_shadow_blur_strength=\u00a0\u00bbquote_text_shadow_style,%91object Object%93&Prime; header_text_shadow_horizontal_length=\u00a0\u00bbheader_text_shadow_style,%91object Object%93&Prime; header_text_shadow_vertical_length=\u00a0\u00bbheader_text_shadow_style,%91object Object%93&Prime; header_text_shadow_blur_strength=\u00a0\u00bbheader_text_shadow_style,%91object Object%93&Prime; header_2_text_shadow_horizontal_length=\u00a0\u00bbheader_2_text_shadow_style,%91object Object%93&Prime; header_2_text_shadow_vertical_length=\u00a0\u00bbheader_2_text_shadow_style,%91object Object%93&Prime; header_2_text_shadow_blur_strength=\u00a0\u00bbheader_2_text_shadow_style,%91object Object%93&Prime; header_3_text_shadow_horizontal_length=\u00a0\u00bbheader_3_text_shadow_style,%91object Object%93&Prime; header_3_text_shadow_vertical_length=\u00a0\u00bbheader_3_text_shadow_style,%91object Object%93&Prime; header_3_text_shadow_blur_strength=\u00a0\u00bbheader_3_text_shadow_style,%91object Object%93&Prime; header_4_text_shadow_horizontal_length=\u00a0\u00bbheader_4_text_shadow_style,%91object Object%93&Prime; header_4_text_shadow_vertical_length=\u00a0\u00bbheader_4_text_shadow_style,%91object Object%93&Prime; header_4_text_shadow_blur_strength=\u00a0\u00bbheader_4_text_shadow_style,%91object Object%93&Prime; header_5_text_shadow_horizontal_length=\u00a0\u00bbheader_5_text_shadow_style,%91object Object%93&Prime; header_5_text_shadow_vertical_length=\u00a0\u00bbheader_5_text_shadow_style,%91object Object%93&Prime; header_5_text_shadow_blur_strength=\u00a0\u00bbheader_5_text_shadow_style,%91object Object%93&Prime; header_6_text_shadow_horizontal_length=\u00a0\u00bbheader_6_text_shadow_style,%91object Object%93&Prime; header_6_text_shadow_vertical_length=\u00a0\u00bbheader_6_text_shadow_style,%91object Object%93&Prime; header_6_text_shadow_blur_strength=\u00a0\u00bbheader_6_text_shadow_style,%91object Object%93&Prime; z_index_tablet=\u00a0\u00bb500&Prime;]<\/p>\n<h3>Pr\u00e9sentation<\/h3>\n<p>Notre champ d\u2019investigation couvre l\u2019Antiquit\u00e9, l\u2019\u00e9poque m\u00e9di\u00e9vale, l\u2019humanisme de la Renaissance et l\u2019\u00e2ge classique, mais aussi le mouvement des Lumi\u00e8res.<\/p>\n<p>L\u2019axe de recherches Th\u00e9l\u00e8me est principalement anim\u00e9 par Rapha\u00ebl Cappellen, Jean-Fran\u00e7ois Cottier, Pascal Debailly, Claire Donnat-Aracil, Florence Dumora, Guiomar Hautcoeur, Chantal Liaroutzos, Emily Lombardero, Florence Lotterie, Amandine Mussou, Anne Paupert, Maxime Pierre, Jean Vignes et Lise Wajeman. Y intervient aussi Emmanuelle Valette \u00e0 titre de membre associ\u00e9e.<\/p>\n<p>Nous sommes avant tout des litt\u00e9raires, des historiens et historiennes de la litt\u00e9rature. Mais notre approche des textes anciens s\u2019ancre dans la volont\u00e9 d\u2019un dialogue pass\u00e9-pr\u00e9sent et dans une r\u00e9flexion sur les enjeux de la distance historique. C\u2019est pourquoi nous sommes soucieux d\u2019associer \u00e0 une \u00e9rudition r\u00e9fl\u00e9chie les apports de nouvelles m\u00e9thodes issues des sciences humaines\u00a0: philosophie, linguistique, psychanalyse, anthropologie, sociologie\u2026 Quel que soit notre angle d\u2019approche, nous revendiquons le point de vue de la modernit\u00e9 et une interaction f\u00e9conde entre les \u0153uvres du pass\u00e9 et les mod\u00e8les de pens\u00e9e les plus contemporains. Articul\u00e9es sur l\u2019Histoire, nos recherches visent \u00e0 l\u2019\u00e9laboration de th\u00e9ories critiques et op\u00e9ratoires.<\/p>\n<h3>Activit\u00e9s pour l\u2019ann\u00e9e 2023-2024<\/h3>\n<p>L\u2019axe Th\u00e9l\u00e8me fonctionne sur deux modes\u00a0:<\/p>\n<p>D\u2019un c\u00f4t\u00e9, des rencontres communes r\u00e9unissent les chercheurs et chercheuses ainsi que les doctorants et doctorantes de l\u2019axe : en 2024, le s\u00e9minaire sera l\u2019occasion d\u2019inviter des conf\u00e9renciers et conf\u00e9renci\u00e8res ext\u00e9rieurs \u00e0 raison d\u2019une s\u00e9ance tous les deux mois environ (<a href=\"https:\/\/wordpress-test.app.u-pariscite.fr\/cerilac\/axe-theleme-conference-de-claude-la-charite\/\">Conf\u00e9rence de janvier 2024<\/a>). Par ailleurs, une journ\u00e9e d\u2019\u00e9tudes \u00e0 destination des \u00e9tudiants et \u00e9tudiantes inscrits en doctorat ou en M2 aura lieu au mois de juin.<\/p>\n<p>D\u2019un autre c\u00f4t\u00e9, des colloques et s\u00e9minaires sont organis\u00e9s par des membres de l\u2019\u00e9quipe, soit de mani\u00e8re autonome, soit en partenariat avec d\u2019autres institutions. Fond\u00e9s sur une approche anthropologique et sociale de la litt\u00e9rature, ces travaux ont longtemps port\u00e9 sur la question des passions (<em>Peur et litt\u00e9rature<\/em>, 2007\u00a0; <em>Discours des corps<\/em>, 2017-2019\u00a0; <em>\u00c9tats d\u2019ivresse<\/em>, 2021). Ils s\u2019organisent aujourd\u2019hui autour de trois p\u00f4les\u00a0:<\/p>\n<p>&nbsp;<\/p>\n<ul>\n<li><strong><u>Enjeux du rapport au pass\u00e9 et construction de l\u2019histoire litt\u00e9raire<\/u><\/strong><\/li>\n<\/ul>\n<p>&#8211; Les 13 et 14 octobre 2023, le colloque \u00ab\u00a0<em>Litterae latinae\u00a0<\/em>: pour une histoire litt\u00e9raire de Rome\u00a0\u00bb, organis\u00e9 par <strong>Jean-Fran\u00e7ois Cottier<\/strong> et <strong>Emmanuelle Valette<\/strong> en partenariat avec William Marx, Carole Boidin et Tristan Mauffrey, interrogeait \u00e0 partir des travaux de Florence Dupont la question du litt\u00e9raire \u00e0 Rome, et plus largement le rapport des chercheurs de diff\u00e9rentes p\u00e9riodes et disciplines \u00e0 l\u2019Antiquit\u00e9 grecque et romaine.<\/p>\n<p>Le programme du colloque est consultable <a href=\"https:\/\/wordpress-test.app.u-pariscite.fr\/cerilac\/colloque-litterae-latinae-pour-une-histoire-litteraire-de-rome\/\">ici<\/a>.<\/p>\n<p>&#8211; Associ\u00e9 \u00e0 l\u2019axe Th\u00e9l\u00e8me, le s\u00e9minaire \u00ab\u00a0Antiquit\u00e9, Territoire des \u00c9carts\u00a0\u00bb explore, un jeudi par mois de 18h \u00e0 20h, notre rapport contemporain \u00e0 la notion d\u2019Antiquit\u00e9. En 2023-2024, les s\u00e9ances seront organis\u00e9es en alternance \u00e0 l\u2019universit\u00e9 Paris Cit\u00e9, \u00e0 l\u2019universit\u00e9 de Franche-Comt\u00e9 et \u00e0 l\u2019universit\u00e9 de Poitiers, et s\u2019int\u00e9resseront aux \u00ab\u00a0r\u00e9inventions de l\u2019Antiquit\u00e9\u00a0\u00bb. \u00a0<\/p>\n<p>Le programme du s\u00e9minaire est consultable <a href=\"https:\/\/labantique.hypotheses.org\/programme-du-seminaire-2023-2024\">ici<\/a>.<\/p>\n<p>&#8211; Dans le prolongement d\u2019un atelier intitul\u00e9 \u00ab\u00a0La litt\u00e9rature pour quoi faire\u00a0?\u00a0\u00bb, qui a rassembl\u00e9 douze chercheurs transatlantiques du 19 au 22 juin 2023, <strong>Lise Wajeman <\/strong>coordonne un travail de r\u00e9flexion sur les enjeux de l\u2019enseignement et de la recherche en litt\u00e9rature, qui d\u00e9borde le seul domaine des litt\u00e9ratures anciennes.<\/p>\n<p>&nbsp;<\/p>\n<ul>\n<li><strong><u>Questions de genre en litt\u00e9rature<\/u><\/strong><\/li>\n<\/ul>\n<p>&#8211; Du 15 au 17 novembre 2023 aura lieu \u00e0 Lyon le colloque-festival \u00ab\u00a0Th\u00e9\u00e2tre de femmes aux XVIe-XVIIIe si\u00e8cles\u00a0: archive, \u00e9dition, dramaturgie\u00a0\u00bb organis\u00e9 par <strong>Emily Lombardero<\/strong> en collaboration avec Isabelle Garnier, Edwige Keller-Rahb\u00e9, Justine Mangeant, Isabelle Moreau et Mich\u00e8le Rosellini.<\/p>\n<p>Plus d\u2019informations <a href=\"https:\/\/www.fabula.org\/actualites\/116825\/colloque-festival-international-theatre-de-femmes-du-xvie-au-xviiie-siecle-archive-edition-dramaturgie.html\">ici<\/a>.<\/p>\n<p>&#8211; Port\u00e9 par <strong>Anne Paupert<\/strong> en collaboration avec Sophie Albert, Sarah Delale, Rose Delestre, Yasmina Foehr-Janssens et Fabienne Pomel, le r\u00e9seau LIMA.GE (\u00ab\u00a0Litt\u00e9rature du Moyen \u00c2ge et Genre\u00a0\u00bb) organise plusieurs manifestations\u00a0:<\/p>\n<p>\u00a0\u00a0\u00a0\u00a0\u00a0\u00a0\u00a0\u00a0\u00a0\u00a0\u00a0 &#8211; un s\u00e9minaire dont la prochaine s\u00e9ance aura lieu le 13 d\u00e9cembre \u00e0 Paris Cit\u00e9\u00a0;<\/p>\n<p>\u00a0\u00a0\u00a0\u00a0\u00a0\u00a0\u00a0\u00a0\u00a0\u00a0\u00a0 &#8211; le colloque \u00ab\u00a0Les litt\u00e9ratures m\u00e9di\u00e9vales dans l\u2019atelier du genre. Enjeux \u00e9pist\u00e9mologiques, \u00e9thiques et didactiques\u00a0\u00bb, qui aura lieu \u00e0 Rennes du 13 au 15 mars 2024.<\/p>\n<p>\u00a0\u00a0\u00a0\u00a0\u00a0\u00a0\u00a0\u00a0\u00a0\u00a0\u00a0 &#8211; une journ\u00e9e d\u2019\u00e9tudes intitul\u00e9e \u00ab\u00a0Les corpus m\u00e9di\u00e9vaux dans l\u2019atelier du genre\u00a0\u00bb, qui se tiendra le 28 mai 2024 \u00e0 Sorbonne Universit\u00e9.<\/p>\n<p>Plus d\u2019informations <a href=\"https:\/\/limage.hypotheses.org\/\">ici<\/a>.<\/p>\n<p>&nbsp;<\/p>\n<ul>\n<li><strong><u>Litt\u00e9rature et arts<\/u><\/strong><\/li>\n<\/ul>\n<p>&#8211; Du 14 au 16 d\u00e9cembre 2023 se tiendra, \u00e0 l\u2019universit\u00e9 Paris Cit\u00e9 et \u00e0 l\u2019Institut d\u2019\u00c9tudes Avanc\u00e9es de Paris, le colloque \u00ab\u00a0<a href=\"https:\/\/wordpress-test.app.u-pariscite.fr\/cerilac\/colloque-les-emotions-musicales-dans-la-culture-medievale\/\">Les \u00e9motions musicales dans la culture m\u00e9di\u00e9vale\u00a0: effets de la musique sur les corps et les \u00e2mes<\/a>\u00a0\u00bb, organis\u00e9 par <strong>Amandine Mussou <\/strong>et <strong>Claire Donnat-Aracil<\/strong>.<\/p>\n<p>&#8211; Le s\u00e9minaire \u00ab\u00a0L\u2019intervalle\u00a0: objets, discours, pratiques\u00a0\u00bb, codirig\u00e9 par <strong>Florence Dumora, <\/strong>H\u00e9l\u00e8ne Campaignolle-Catel et Marianne Simon-Oikawa, r\u00e9unit \u00e0 l\u2019INHA des sp\u00e9cialistes de litt\u00e9rature et d\u2019histoire de l\u2019art.<\/p>\n<p>Plus d\u2019informations <a href=\"https:\/\/ceei.hypotheses.org\/category\/seminaires-ceei\/seminaire-2022-2023-lintervalle-objets-discours-pratiques\">ici<\/a>.<\/p>\n<p>[\/et_pb_text][\/et_pb_column][et_pb_column type=\u00a0\u00bb1_4&Prime;][\/et_pb_column][\/et_pb_row][\/et_pb_section][et_pb_section bb_built=\u00a0\u00bb1&Prime; specialty=\u00a0\u00bboff\u00a0\u00bb prev_background_color=\u00a0\u00bb#000000&Prime; _builder_version=\u00a0\u00bb3.19.11&Prime; custom_padding=\u00a0\u00bb0px||0px|\u00a0\u00bb inner_width=\u00a0\u00bbauto\u00a0\u00bb inner_max_width=\u00a0\u00bbnone\u00a0\u00bb][et_pb_row _builder_version=\u00a0\u00bb3.19.11&Prime; width=\u00a0\u00bb80%\u00a0\u00bb max_width=\u00a0\u00bb1080px\u00a0\u00bb][et_pb_column type=\u00a0\u00bb4_4&Prime;][et_pb_text admin_label=\u00a0\u00bbArticles similaires\u00a0\u00bb _builder_version=\u00a0\u00bb3.16.1&Prime;]<\/p>\n<h2><span class=\"st\">\u00c0<\/span> lire aussi<\/h2>\n<p>[\/et_pb_text][et_pb_blog _builder_version=\u00a0\u00bb3.21&Prime; posts_number=\u00a0\u00bb4&Prime; include_categories=\u00a0\u00bb38,45,14,12,11,15,1,13&Prime; show_author=\u00a0\u00bboff\u00a0\u00bb show_date=\u00a0\u00bboff\u00a0\u00bb show_pagination=\u00a0\u00bboff\u00a0\u00bb border_width_bottom_fullwidth=\u00a0\u00bb1px\u00a0\u00bb border_color_bottom_fullwidth=\u00a0\u00bbrgba(51,51,51,0.18)\u00a0\u00bb custom_padding=\u00a0\u00bb||50px|\u00a0\u00bb module_id=\u00a0\u00bbpage_type_blog\u00a0\u00bb header_level=\u00a0\u00bbh4&Prime; \/][\/et_pb_column][\/et_pb_row][\/et_pb_section]<\/p>\n","protected":false},"excerpt":{"rendered":"<div class=\"et_pb_row et_pb_row_0 et_pb_row_empty\"><\/div>\n<p> Co-responsables: Claire Donnat-Aracil et Amandine MussouL\u2019axe de recherches Th\u00e9l\u00e8me s\u2019efforce de pr\u00e9senter une approche contemporaine d\u2019objets litt\u00e9raires et esth\u00e9tiques anciens, de l\u2019Antiquit\u00e9 aux Lumi\u00e8res, \u00e0 partir de l\u2019apport des sciences humaines. Nous travaillons \u00e0 resituer dans l\u2019histoire des temps modernes le corpus classique, et \u00e0 mesurer l\u2019importance des \u00ab\u00a0monuments\u00a0\u00bb de la litt\u00e9rature du pass\u00e9.&hellip; <a class=\"continue\" href=\"https:\/\/wordpress-test.app.u-pariscite.fr\/cerilac\/axes-de-recherche\/theleme\/\">Lire la suite<span> Th\u00e9l\u00e8me &#8211; Litt\u00e9rature et sciences humaines de l\u2019Antiquit\u00e9 aux Lumi\u00e8res<\/span><\/a><\/p>\n","protected":false},"author":73,"featured_media":0,"parent":400,"menu_order":0,"comment_status":"closed","ping_status":"closed","template":"","meta":{"_et_pb_use_builder":"on","_et_pb_old_content":"","_et_gb_content_width":"","footnotes":""},"class_list":["post-739","page","type-page","status-publish","hentry"],"_links":{"self":[{"href":"https:\/\/wordpress-test.app.u-pariscite.fr\/cerilac\/wp-json\/wp\/v2\/pages\/739","targetHints":{"allow":["GET"]}}],"collection":[{"href":"https:\/\/wordpress-test.app.u-pariscite.fr\/cerilac\/wp-json\/wp\/v2\/pages"}],"about":[{"href":"https:\/\/wordpress-test.app.u-pariscite.fr\/cerilac\/wp-json\/wp\/v2\/types\/page"}],"author":[{"embeddable":true,"href":"https:\/\/wordpress-test.app.u-pariscite.fr\/cerilac\/wp-json\/wp\/v2\/users\/73"}],"replies":[{"embeddable":true,"href":"https:\/\/wordpress-test.app.u-pariscite.fr\/cerilac\/wp-json\/wp\/v2\/comments?post=739"}],"version-history":[{"count":12,"href":"https:\/\/wordpress-test.app.u-pariscite.fr\/cerilac\/wp-json\/wp\/v2\/pages\/739\/revisions"}],"predecessor-version":[{"id":4919,"href":"https:\/\/wordpress-test.app.u-pariscite.fr\/cerilac\/wp-json\/wp\/v2\/pages\/739\/revisions\/4919"}],"up":[{"embeddable":true,"href":"https:\/\/wordpress-test.app.u-pariscite.fr\/cerilac\/wp-json\/wp\/v2\/pages\/400"}],"wp:attachment":[{"href":"https:\/\/wordpress-test.app.u-pariscite.fr\/cerilac\/wp-json\/wp\/v2\/media?parent=739"}],"curies":[{"name":"wp","href":"https:\/\/api.w.org\/{rel}","templated":true}]}}