{"id":380,"date":"2020-04-02T14:32:43","date_gmt":"2020-04-02T12:32:43","guid":{"rendered":"https:\/\/wordpress-test.app.u-pariscite.fr\/cerilac\/?page_id=380"},"modified":"2024-07-11T16:11:32","modified_gmt":"2024-07-11T14:11:32","slug":"aides-et-financements","status":"publish","type":"page","link":"https:\/\/wordpress-test.app.u-pariscite.fr\/cerilac\/aides-et-financements\/","title":{"rendered":"Aides et financements"},"content":{"rendered":"<p>[et_pb_section bb_built=\u00a0\u00bb1&Prime; next_background_color=\u00a0\u00bb#000000&Prime; inner_width=\u00a0\u00bbauto\u00a0\u00bb inner_max_width=\u00a0\u00bbnone\u00a0\u00bb][et_pb_row _builder_version=\u00a0\u00bb3.21&Prime; width=\u00a0\u00bb80%\u00a0\u00bb max_width=\u00a0\u00bb1080px\u00a0\u00bb][et_pb_column type=\u00a0\u00bb4_4&Prime;][et_pb_post_title admin_label=\u00a0\u00bbTitre de la page\u00a0\u00bb _builder_version=\u00a0\u00bb3.19.11&Prime; meta=\u00a0\u00bboff\u00a0\u00bb featured_image=\u00a0\u00bboff\u00a0\u00bb \/][\/et_pb_column][\/et_pb_row][et_pb_row _builder_version=\u00a0\u00bb3.19.11&Prime; module_id=\u00a0\u00bbimage-page-type\u00a0\u00bb width=\u00a0\u00bb80%\u00a0\u00bb max_width=\u00a0\u00bb1080px\u00a0\u00bb][et_pb_column type=\u00a0\u00bb3_4&Prime;][et_pb_image admin_label=\u00a0\u00bbImage 1920 x 1080&Prime; _builder_version=\u00a0\u00bb3.22.1&Prime; src=\u00a0\u00bbhttps:\/\/wordpress-test.app.u-pariscite.fr\/cerilac\/wp-content\/uploads\/sites\/7\/2020\/02\/formations-pop-1024&#215;576.jpg\u00a0\u00bb module_id=\u00a0\u00bbimage-page\u00a0\u00bb z_index_tablet=\u00a0\u00bb500&Prime; \/][\/et_pb_column][et_pb_column type=\u00a0\u00bb1_4&Prime;][et_pb_text admin_label=\u00a0\u00bbTexte image\u00a0\u00bb _builder_version=\u00a0\u00bb3.22.1&Prime; module_id=\u00a0\u00bbtexte-image\u00a0\u00bb background_color=\u00a0\u00bbrgba(242,242,242,0)\u00a0\u00bb custom_margin=\u00a0\u00bb|-15px||\u00a0\u00bb text_text_shadow_horizontal_length=\u00a0\u00bbtext_text_shadow_style,%91object Object%93&Prime; text_text_shadow_vertical_length=\u00a0\u00bbtext_text_shadow_style,%91object Object%93&Prime; text_text_shadow_blur_strength=\u00a0\u00bbtext_text_shadow_style,%91object Object%93&Prime; link_text_shadow_horizontal_length=\u00a0\u00bblink_text_shadow_style,%91object Object%93&Prime; link_text_shadow_vertical_length=\u00a0\u00bblink_text_shadow_style,%91object Object%93&Prime; link_text_shadow_blur_strength=\u00a0\u00bblink_text_shadow_style,%91object Object%93&Prime; ul_text_shadow_horizontal_length=\u00a0\u00bbul_text_shadow_style,%91object Object%93&Prime; ul_text_shadow_vertical_length=\u00a0\u00bbul_text_shadow_style,%91object Object%93&Prime; ul_text_shadow_blur_strength=\u00a0\u00bbul_text_shadow_style,%91object Object%93&Prime; ol_text_shadow_horizontal_length=\u00a0\u00bbol_text_shadow_style,%91object Object%93&Prime; ol_text_shadow_vertical_length=\u00a0\u00bbol_text_shadow_style,%91object Object%93&Prime; ol_text_shadow_blur_strength=\u00a0\u00bbol_text_shadow_style,%91object Object%93&Prime; quote_text_shadow_horizontal_length=\u00a0\u00bbquote_text_shadow_style,%91object Object%93&Prime; quote_text_shadow_vertical_length=\u00a0\u00bbquote_text_shadow_style,%91object Object%93&Prime; quote_text_shadow_blur_strength=\u00a0\u00bbquote_text_shadow_style,%91object Object%93&Prime; header_text_shadow_horizontal_length=\u00a0\u00bbheader_text_shadow_style,%91object Object%93&Prime; header_text_shadow_vertical_length=\u00a0\u00bbheader_text_shadow_style,%91object Object%93&Prime; header_text_shadow_blur_strength=\u00a0\u00bbheader_text_shadow_style,%91object Object%93&Prime; header_2_text_shadow_horizontal_length=\u00a0\u00bbheader_2_text_shadow_style,%91object Object%93&Prime; header_2_text_shadow_vertical_length=\u00a0\u00bbheader_2_text_shadow_style,%91object Object%93&Prime; header_2_text_shadow_blur_strength=\u00a0\u00bbheader_2_text_shadow_style,%91object Object%93&Prime; header_3_text_shadow_horizontal_length=\u00a0\u00bbheader_3_text_shadow_style,%91object Object%93&Prime; header_3_text_shadow_vertical_length=\u00a0\u00bbheader_3_text_shadow_style,%91object Object%93&Prime; header_3_text_shadow_blur_strength=\u00a0\u00bbheader_3_text_shadow_style,%91object Object%93&Prime; header_4_text_shadow_horizontal_length=\u00a0\u00bbheader_4_text_shadow_style,%91object Object%93&Prime; header_4_text_shadow_vertical_length=\u00a0\u00bbheader_4_text_shadow_style,%91object Object%93&Prime; header_4_text_shadow_blur_strength=\u00a0\u00bbheader_4_text_shadow_style,%91object Object%93&Prime; header_5_text_shadow_horizontal_length=\u00a0\u00bbheader_5_text_shadow_style,%91object Object%93&Prime; header_5_text_shadow_vertical_length=\u00a0\u00bbheader_5_text_shadow_style,%91object Object%93&Prime; header_5_text_shadow_blur_strength=\u00a0\u00bbheader_5_text_shadow_style,%91object Object%93&Prime; header_6_text_shadow_horizontal_length=\u00a0\u00bbheader_6_text_shadow_style,%91object Object%93&Prime; header_6_text_shadow_vertical_length=\u00a0\u00bbheader_6_text_shadow_style,%91object Object%93&Prime; header_6_text_shadow_blur_strength=\u00a0\u00bbheader_6_text_shadow_style,%91object Object%93&Prime; z_index_tablet=\u00a0\u00bb500&Prime; \/][\/et_pb_column][\/et_pb_row][et_pb_row][et_pb_column type=\u00a0\u00bb4_4&Prime;][et_pb_text admin_label=\u00a0\u00bbl\u00c8gende\u00a0\u00bb _builder_version=\u00a0\u00bb3.22.1&Prime; module_id=\u00a0\u00bblegende\u00a0\u00bb]<\/p>\n<div class=\"page\" title=\"Page 1\">\n<div class=\"layoutArea\">\n<div class=\"column\">\n<p>\u00a9 Tous droits r\u00e9serv\u00e9s<\/p>\n<\/div>\n<\/div>\n<\/div>\n<p>[\/et_pb_text][\/et_pb_column][\/et_pb_row][et_pb_row][et_pb_column type=\u00a0\u00bb3_4&Prime;][et_pb_text _builder_version=\u00a0\u00bb3.22.1&Prime; module_id=\u00a0\u00bbcontenu\u00a0\u00bb text_text_shadow_horizontal_length=\u00a0\u00bbtext_text_shadow_style,%91object Object%93&Prime; text_text_shadow_vertical_length=\u00a0\u00bbtext_text_shadow_style,%91object Object%93&Prime; text_text_shadow_blur_strength=\u00a0\u00bbtext_text_shadow_style,%91object Object%93&Prime; link_text_shadow_horizontal_length=\u00a0\u00bblink_text_shadow_style,%91object Object%93&Prime; link_text_shadow_vertical_length=\u00a0\u00bblink_text_shadow_style,%91object Object%93&Prime; link_text_shadow_blur_strength=\u00a0\u00bblink_text_shadow_style,%91object Object%93&Prime; ul_text_shadow_horizontal_length=\u00a0\u00bbul_text_shadow_style,%91object Object%93&Prime; ul_text_shadow_vertical_length=\u00a0\u00bbul_text_shadow_style,%91object Object%93&Prime; ul_text_shadow_blur_strength=\u00a0\u00bbul_text_shadow_style,%91object Object%93&Prime; ol_text_shadow_horizontal_length=\u00a0\u00bbol_text_shadow_style,%91object Object%93&Prime; ol_text_shadow_vertical_length=\u00a0\u00bbol_text_shadow_style,%91object Object%93&Prime; ol_text_shadow_blur_strength=\u00a0\u00bbol_text_shadow_style,%91object Object%93&Prime; quote_text_shadow_horizontal_length=\u00a0\u00bbquote_text_shadow_style,%91object Object%93&Prime; quote_text_shadow_vertical_length=\u00a0\u00bbquote_text_shadow_style,%91object Object%93&Prime; quote_text_shadow_blur_strength=\u00a0\u00bbquote_text_shadow_style,%91object Object%93&Prime; header_text_shadow_horizontal_length=\u00a0\u00bbheader_text_shadow_style,%91object Object%93&Prime; header_text_shadow_vertical_length=\u00a0\u00bbheader_text_shadow_style,%91object Object%93&Prime; header_text_shadow_blur_strength=\u00a0\u00bbheader_text_shadow_style,%91object Object%93&Prime; header_2_text_shadow_horizontal_length=\u00a0\u00bbheader_2_text_shadow_style,%91object Object%93&Prime; header_2_text_shadow_vertical_length=\u00a0\u00bbheader_2_text_shadow_style,%91object Object%93&Prime; header_2_text_shadow_blur_strength=\u00a0\u00bbheader_2_text_shadow_style,%91object Object%93&Prime; header_3_text_shadow_horizontal_length=\u00a0\u00bbheader_3_text_shadow_style,%91object Object%93&Prime; header_3_text_shadow_vertical_length=\u00a0\u00bbheader_3_text_shadow_style,%91object Object%93&Prime; header_3_text_shadow_blur_strength=\u00a0\u00bbheader_3_text_shadow_style,%91object Object%93&Prime; header_4_text_shadow_horizontal_length=\u00a0\u00bbheader_4_text_shadow_style,%91object Object%93&Prime; header_4_text_shadow_vertical_length=\u00a0\u00bbheader_4_text_shadow_style,%91object Object%93&Prime; header_4_text_shadow_blur_strength=\u00a0\u00bbheader_4_text_shadow_style,%91object Object%93&Prime; header_5_text_shadow_horizontal_length=\u00a0\u00bbheader_5_text_shadow_style,%91object Object%93&Prime; header_5_text_shadow_vertical_length=\u00a0\u00bbheader_5_text_shadow_style,%91object Object%93&Prime; header_5_text_shadow_blur_strength=\u00a0\u00bbheader_5_text_shadow_style,%91object Object%93&Prime; header_6_text_shadow_horizontal_length=\u00a0\u00bbheader_6_text_shadow_style,%91object Object%93&Prime; header_6_text_shadow_vertical_length=\u00a0\u00bbheader_6_text_shadow_style,%91object Object%93&Prime; header_6_text_shadow_blur_strength=\u00a0\u00bbheader_6_text_shadow_style,%91object Object%93&Prime; z_index_tablet=\u00a0\u00bb500&Prime;]<\/p>\n<p><strong><em>Les aides et financements propos\u00e9s par le CERILAC sont \u00e0 destination exclusive des membres du laboratoire.<\/em><\/strong><\/p>\n<h3>Possibilit\u00e9s\u00a0de prises en charge<\/h3>\n<p>Le CERILAC peut prendre en charge certaines d\u00e9penses telles que l&rsquo;organisation de manifestations et rencontres scientifiques (colloques, journ\u00e9es d\u2019\u00e9tude, conf\u00e9rences des professeures et professeurs invit\u00e9s, manifestations comm\u00e9moratives), l&rsquo;aide \u00e0 publications, les abonnements \u00e0 des revues, les missions individuelles (EC et doctorants), les frais de r\u00e9unions, le gros \u00e9quipement (ex. biblioth\u00e8ques) et les frais de traduction scientifique et de transcription. Il assure \u00e9galement la prise en charge des frais li\u00e9s aux jurys de th\u00e8se et d&rsquo;HDR.\u00a0<\/p>\n<p>Ne sont pas financ\u00e9s : les frais li\u00e9s aux participations \u00e0 des jurys de th\u00e8se hors Universit\u00e9 Paris Cit\u00e9 ainsi que les frais li\u00e9s aux soutenances d\u2019HDR des membres du Cerilac soutenant hors de l&rsquo;\u00e9tablissement.<\/p>\n<p>Toutes les informations relatives aux aides et financements apport\u00e9s par le laboratoire sont d\u00e9taill\u00e9es dans le <a href=\"https:\/\/wordpress-test.app.u-pariscite.fr\/cerilac\/wp-content\/uploads\/sites\/7\/2024\/02\/Guide_CERILAC_5e-e\u0301dition.pdf\">Guide du CERILAC<\/a>.<\/p>\n<h3>Organisation<\/h3>\n<p>Le CERILAC ouvre plusieurs appels \u00e0 financement par an. Les membres et doctorants peuvent solliciter le laboratoire pour les aides suivantes :\u00a0<\/p>\n<ol>\n<li>\u00e0 publication (<a href=\"https:\/\/wordpress-test.app.u-pariscite.fr\/cerilac\/wp-content\/uploads\/sites\/7\/2024\/02\/Formulaire-AIDE-A-PUBLICATION-COLLECTIVE.docx\">Formulaire PUB COLLECTIVE <\/a>ou <a href=\"https:\/\/wordpress-test.app.u-pariscite.fr\/cerilac\/wp-content\/uploads\/sites\/7\/2024\/02\/Formulaire-AIDE-A-PUBLICATION-INDIVIDUELLE.docx\">Formulaire PUB INDIVIDUELLE<\/a>)<\/li>\n<li>\u00e0 manifestation scientifique (<a href=\"https:\/\/wordpress-test.app.u-pariscite.fr\/cerilac\/wp-content\/uploads\/sites\/7\/2024\/02\/Formulaire-FINANCEMENT-MANIFESTATION-SCIENTIFIQUE.docx\">Formulaire<\/a>)<\/li>\n<li>\u00e0 mission (<a href=\"https:\/\/wordpress-test.app.u-pariscite.fr\/cerilac\/wp-content\/uploads\/sites\/7\/2024\/02\/Formulaire-AIDE-A-FINANCEMENT-MISSION-INDIVIDUELLE.docx\">Formulaire<\/a>)<\/li>\n<li>\u00e0 mat\u00e9riel (<a href=\"https:\/\/wordpress-test.app.u-pariscite.fr\/cerilac\/wp-content\/uploads\/sites\/7\/2024\/02\/Formulaire-FINANCEMENT-MATERIEL.docx\">Formulaire <\/a>)<\/li>\n<\/ol>\n<p>Il convient de transmettre le formulaire de demande d&rsquo;aide \u00e0 Audrey Coulomp (<a href=\"mailto:cerilac@wordpress-test.app.u-pariscite.fr\">cerilac@wordpress-test.app.u-pariscite.fr<\/a>) pour \u00e9tude du dossier par le Bureau ou le Conseil.<\/p>\n<p>Un mod\u00e8le de tableau pour \u00e9tablir votre budget de manifestation scientifique est \u00e0 votre disposition (non document non demand\u00e9 pour le d\u00e9p\u00f4t du formulaire) : <a href=\"https:\/\/wordpress-test.app.u-pariscite.fr\/cerilac\/wp-content\/uploads\/sites\/7\/2024\/06\/Mode\u0300le-budget-Manifestation-scientifique.xlsx\">Mode\u0300le budget &#8211; Manifestation scientifique<\/a><\/p>\n<h3>Rappel des usages en mati\u00e8re de financement\u00a0<\/h3>\n<ul>\n<li>Colloque : 500\u20ac-2000\u20ac (argumenter la demande en fonction du nombre de membres CERILAC\u00a0 concern\u00e9s)<\/li>\n<li>Journ\u00e9e d\u2019\u00e9tude : 500\u20ac-800\u20ac (argumenter la demande si elle d\u00e9passe 500 \u20ac)<\/li>\n<li>Colloque organis\u00e9 par d\u2019autres institutions avec participation de membres CERILAC : 500\u20ac-1000\u20ac<\/li>\n<li>Aide \u00e0 publication sur devis : collective 800\u20ac-1200\u20ac, individuelle 500\u20ac-800\u20ac, publication th\u00e8se docteur 500\u20ac (selon le volume, le fait que l\u2019ouvrage soit issu d\u2019un colloque financ\u00e9 par le CERILAC, le nombre de membres de CERILAC participants, l\u2019iconographie; etc.)<\/li>\n<\/ul>\n<h3>Dates limites de d\u00e9p\u00f4t 2024-2025<\/h3>\n<p>(Calendrier des Bureaux et Conseils 2024-2025<a href=\"https:\/\/wordpress-test.app.u-pariscite.fr\/cerilac\/presentation\/le-conseil-et-le-bureau-du-cerilac\/\"> ici<\/a>)<\/p>\n<ul>\n<li>Mercredi 18 septembre 2024<\/li>\n<li>Mercredi 09 octobre 2024\u00a0<\/li>\n<li>Mercredi 06 novembre 2024<\/li>\n<li>Mercredi 22 janvier 2025<\/li>\n<li>Mercredi 05 f\u00e9vrier 2025<\/li>\n<li>Mercredi 30 avril 2025<\/li>\n<li>Mercredi 11 juin 2025<\/li>\n<\/ul>\n<p>[\/et_pb_text][\/et_pb_column][et_pb_column type=\u00a0\u00bb1_4&Prime;][\/et_pb_column][\/et_pb_row][\/et_pb_section][et_pb_section bb_built=\u00a0\u00bb1&Prime; specialty=\u00a0\u00bboff\u00a0\u00bb prev_background_color=\u00a0\u00bb#000000&Prime; _builder_version=\u00a0\u00bb3.19.11&Prime; custom_padding=\u00a0\u00bb0px||0px|\u00a0\u00bb inner_width=\u00a0\u00bbauto\u00a0\u00bb inner_max_width=\u00a0\u00bbnone\u00a0\u00bb][et_pb_row _builder_version=\u00a0\u00bb3.19.11&Prime; width=\u00a0\u00bb80%\u00a0\u00bb max_width=\u00a0\u00bb1080px\u00a0\u00bb][et_pb_column type=\u00a0\u00bb4_4&Prime;][et_pb_text admin_label=\u00a0\u00bbArticles similaires\u00a0\u00bb _builder_version=\u00a0\u00bb3.16.1&Prime;]<\/p>\n<h2><span class=\"st\">\u00c0<\/span> lire aussi<\/h2>\n<p>[\/et_pb_text][et_pb_blog _builder_version=\u00a0\u00bb3.21&Prime; posts_number=\u00a0\u00bb4&Prime; include_categories=\u00a0\u00bb38,45,14,12,11,15,1,13&Prime; show_author=\u00a0\u00bboff\u00a0\u00bb show_date=\u00a0\u00bboff\u00a0\u00bb show_pagination=\u00a0\u00bboff\u00a0\u00bb border_width_bottom_fullwidth=\u00a0\u00bb1px\u00a0\u00bb border_color_bottom_fullwidth=\u00a0\u00bbrgba(51,51,51,0.18)\u00a0\u00bb custom_padding=\u00a0\u00bb||50px|\u00a0\u00bb module_id=\u00a0\u00bbpage_type_blog\u00a0\u00bb header_level=\u00a0\u00bbh4&Prime; \/][\/et_pb_column][\/et_pb_row][\/et_pb_section]<\/p>\n","protected":false},"excerpt":{"rendered":"<div class=\"et_pb_row et_pb_row_0 et_pb_row_empty\"><\/div>\n<p> \u00a9 Tous droits r\u00e9serv\u00e9s <\/p>\n<div class=\"et_pb_row et_pb_row_1 et_pb_row_empty\"><\/div>\n<p> Les aides et financements propos\u00e9s par le CERILAC sont \u00e0 destination exclusive des membres du laboratoire.Possibilit\u00e9s\u00a0de prises en chargeLe CERILAC peut prendre en charge certaines d\u00e9penses telles que l&rsquo;organisation de manifestations et rencontres scientifiques (colloques, journ\u00e9es d\u2019\u00e9tude, conf\u00e9rences des professeures et professeurs invit\u00e9s, manifestations comm\u00e9moratives), l&rsquo;aide \u00e0 publications, les&hellip; <a class=\"continue\" href=\"https:\/\/wordpress-test.app.u-pariscite.fr\/cerilac\/aides-et-financements\/\">Lire la suite<span> Aides et financements<\/span><\/a><\/p>\n","protected":false},"author":8,"featured_media":0,"parent":0,"menu_order":0,"comment_status":"closed","ping_status":"closed","template":"","meta":{"_et_pb_use_builder":"on","_et_pb_old_content":"","_et_gb_content_width":"","footnotes":""},"class_list":["post-380","page","type-page","status-publish","hentry"],"_links":{"self":[{"href":"https:\/\/wordpress-test.app.u-pariscite.fr\/cerilac\/wp-json\/wp\/v2\/pages\/380","targetHints":{"allow":["GET"]}}],"collection":[{"href":"https:\/\/wordpress-test.app.u-pariscite.fr\/cerilac\/wp-json\/wp\/v2\/pages"}],"about":[{"href":"https:\/\/wordpress-test.app.u-pariscite.fr\/cerilac\/wp-json\/wp\/v2\/types\/page"}],"author":[{"embeddable":true,"href":"https:\/\/wordpress-test.app.u-pariscite.fr\/cerilac\/wp-json\/wp\/v2\/users\/8"}],"replies":[{"embeddable":true,"href":"https:\/\/wordpress-test.app.u-pariscite.fr\/cerilac\/wp-json\/wp\/v2\/comments?post=380"}],"version-history":[{"count":19,"href":"https:\/\/wordpress-test.app.u-pariscite.fr\/cerilac\/wp-json\/wp\/v2\/pages\/380\/revisions"}],"predecessor-version":[{"id":4932,"href":"https:\/\/wordpress-test.app.u-pariscite.fr\/cerilac\/wp-json\/wp\/v2\/pages\/380\/revisions\/4932"}],"wp:attachment":[{"href":"https:\/\/wordpress-test.app.u-pariscite.fr\/cerilac\/wp-json\/wp\/v2\/media?parent=380"}],"curies":[{"name":"wp","href":"https:\/\/api.w.org\/{rel}","templated":true}]}}